{"id":9959,"date":"2022-11-18T00:13:23","date_gmt":"2022-11-17T23:13:23","guid":{"rendered":"https:\/\/malenki.net\/product\/tamami-iinuma-piece-of-colonne\/"},"modified":"2025-06-25T17:45:17","modified_gmt":"2025-06-25T15:45:17","slug":"tamami-iinuma-piece-of-colonne","status":"publish","type":"product","link":"https:\/\/malenki.net\/de\/produkt\/tamami-iinuma-piece-of-colonne\/","title":{"rendered":"Piece of Colonne. Fragments of Waves"},"content":{"rendered":"<p>Ausgangspunkt f\u00fcr das K\u00fcnstlerbuch <em>Piece of Colonne. Fragments of Waves<\/em> von <a href=\"https:\/\/malenki.net\/de\/produkt-kategorie\/kunstler\/tamami-iinuma-de\/\" target=\"_blank\" rel=\"noopener\">Tamami Iinuma<\/a> ist ein mehrfarbiger Notizblock in Form einer Spirale (den die K\u00fcnstlerin in einem Kiosk in Leipzig gefunden hat) und ihre Frage, wie sich Ersch\u00fctterungen, genauer gesagt Erdbeben, in bildlichen Darstellungen von Architekturen visualisieren lassen. Zu einer S\u00e4ule aufgestapelt fotografierte die Autorin mehrere Papierbl\u00f6cke mit einem Makroobjektiv. Mit ihrer Kamera \u00fcber das Unendliche hinaus fokussierend, begannen die Farben, ihre Dichte und Schattierungen ineinander zu flie\u00dfen. Tamami Iinuma l\u00f6ste aus und versuchte, diesen Moment einer anschwellende Welle einzufangen. Die in diesem K\u00fcnstlerbuch aufgenommenen und zusammengestellten Fotografien wecken Gedanken an endlose Landschaften, an wogendes Meer.<\/p>\n","protected":false},"excerpt":{"rendered":"<p>Ausgangspunkt f\u00fcr das K\u00fcnstlerbuch Piece of Colonne. Fragments of Waves von Tamami Iinuma ist ein mehrfarbiger Notizblock in Form einer Spirale (den die K\u00fcnstlerin in einem Kiosk in Leipzig gefunden hat) und ihre Frage, wie sich Ersch\u00fctterungen, genauer gesagt Erdbeben, in bildlichen Darstellungen von Architekturen visualisieren lassen. Zu einer S\u00e4ule aufgestapelt fotografierte die Autorin mehrere&hellip; <a class=\"more-link\" href=\"https:\/\/malenki.net\/de\/produkt\/tamami-iinuma-piece-of-colonne\/\"><span class=\"screen-reader-text\">Piece of Colonne. Fragments of Waves<\/span> weiterlesen<\/a><\/p>\n","protected":false},"featured_media":9949,"template":"","meta":{"pgc_sgb_lightbox_settings":""},"product_brand":[],"product_cat":[3015],"product_tag":[4232,3982,4668,3971,4005],"class_list":{"0":"post-9959","1":"product","2":"type-product","3":"status-publish","4":"has-post-thumbnail","6":"product_cat-tamami-iinuma-de","7":"product_tag-abstraktion","8":"product_tag-architektur","9":"product_tag-farbe","10":"product_tag-iinuma-de","11":"product_tag-tamami-iinuma-de","12":"entry","14":"first","15":"instock","16":"shipping-taxable","17":"purchasable","18":"product-type-simple"},"yoast_head":"<!-- This site is optimized with the Yoast SEO plugin v27.2 - https:\/\/yoast.com\/product\/yoast-seo-wordpress\/ -->\n<title>malenki.net | Piece of Colonne. Fragments of Waves | Tamami Iinuma<\/title>\n<meta name=\"description\" content=\"&#039;Piece of Colonne. Fragments of Waves&#039; von Tamami Iinuma bei malenki.net\" \/>\n<meta name=\"robots\" content=\"index, follow, max-snippet:-1, max-image-preview:large, max-video-preview:-1\" \/>\n<link rel=\"canonical\" href=\"https:\/\/malenki.net\/de\/produkt\/tamami-iinuma-piece-of-colonne\/\" \/>\n<meta property=\"og:locale\" content=\"de_DE\" \/>\n<meta property=\"og:type\" content=\"article\" \/>\n<meta property=\"og:title\" content=\"malenki.net | Piece of Colonne. Fragments of Waves | Tamami Iinuma\" \/>\n<meta property=\"og:description\" content=\"&#039;Piece of Colonne. Fragments of Waves&#039; von Tamami Iinuma bei malenki.net\" \/>\n<meta property=\"og:url\" content=\"https:\/\/malenki.net\/de\/produkt\/tamami-iinuma-piece-of-colonne\/\" \/>\n<meta property=\"og:site_name\" content=\"malenki.net\" \/>\n<meta property=\"article:publisher\" content=\"https:\/\/www.facebook.com\/malenki.editionen\/\" \/>\n<meta property=\"article:modified_time\" content=\"2025-06-25T15:45:17+00:00\" \/>\n<meta property=\"og:image\" content=\"https:\/\/malenki.net\/wp-content\/uploads\/2022\/11\/piece-of-colonne-tamami-iinuma-01.jpg\" \/>\n\t<meta property=\"og:image:width\" content=\"1024\" \/>\n\t<meta property=\"og:image:height\" content=\"853\" \/>\n\t<meta property=\"og:image:type\" content=\"image\/jpeg\" \/>\n<meta name=\"twitter:card\" content=\"summary_large_image\" \/>\n<meta name=\"twitter:label1\" content=\"Gesch\u00e4tzte Lesezeit\" \/>\n\t<meta name=\"twitter:data1\" content=\"1\u00a0Minute\" \/>\n<script type=\"application\/ld+json\" class=\"yoast-schema-graph\">{\"@context\":\"https:\/\/schema.org\",\"@graph\":[{\"@type\":\"WebPage\",\"@id\":\"https:\/\/malenki.net\/de\/produkt\/tamami-iinuma-piece-of-colonne\/\",\"url\":\"https:\/\/malenki.net\/de\/produkt\/tamami-iinuma-piece-of-colonne\/\",\"name\":\"malenki.net | Piece of Colonne. Fragments of Waves | Tamami Iinuma\",\"isPartOf\":{\"@id\":\"https:\/\/malenki.net\/de\/#website\"},\"primaryImageOfPage\":{\"@id\":\"https:\/\/malenki.net\/de\/produkt\/tamami-iinuma-piece-of-colonne\/#primaryimage\"},\"image\":{\"@id\":\"https:\/\/malenki.net\/de\/produkt\/tamami-iinuma-piece-of-colonne\/#primaryimage\"},\"thumbnailUrl\":\"https:\/\/malenki.net\/wp-content\/uploads\/2022\/11\/piece-of-colonne-tamami-iinuma-01.jpg\",\"datePublished\":\"2022-11-17T23:13:23+00:00\",\"dateModified\":\"2025-06-25T15:45:17+00:00\",\"description\":\"'Piece of Colonne. Fragments of Waves' von Tamami Iinuma bei malenki.net\",\"breadcrumb\":{\"@id\":\"https:\/\/malenki.net\/de\/produkt\/tamami-iinuma-piece-of-colonne\/#breadcrumb\"},\"inLanguage\":\"de\",\"potentialAction\":[{\"@type\":\"ReadAction\",\"target\":[\"https:\/\/malenki.net\/de\/produkt\/tamami-iinuma-piece-of-colonne\/\"]}]},{\"@type\":\"ImageObject\",\"inLanguage\":\"de\",\"@id\":\"https:\/\/malenki.net\/de\/produkt\/tamami-iinuma-piece-of-colonne\/#primaryimage\",\"url\":\"https:\/\/malenki.net\/wp-content\/uploads\/2022\/11\/piece-of-colonne-tamami-iinuma-01.jpg\",\"contentUrl\":\"https:\/\/malenki.net\/wp-content\/uploads\/2022\/11\/piece-of-colonne-tamami-iinuma-01.jpg\",\"width\":1024,\"height\":853,\"caption\":\"Tamami Iinuma \u2014 Piece of Colonne. Fragments of Waves\"},{\"@type\":\"BreadcrumbList\",\"@id\":\"https:\/\/malenki.net\/de\/produkt\/tamami-iinuma-piece-of-colonne\/#breadcrumb\",\"itemListElement\":[{\"@type\":\"ListItem\",\"position\":1,\"name\":\"Home\",\"item\":\"https:\/\/malenki.net\/de\/\"},{\"@type\":\"ListItem\",\"position\":2,\"name\":\"Editionen\",\"item\":\"https:\/\/malenki.net\/de\/\"},{\"@type\":\"ListItem\",\"position\":3,\"name\":\"Piece of Colonne. Fragments of Waves\"}]},{\"@type\":\"WebSite\",\"@id\":\"https:\/\/malenki.net\/de\/#website\",\"url\":\"https:\/\/malenki.net\/de\/\",\"name\":\"malenki.net\",\"description\":\"Fotografie Editionen\",\"publisher\":{\"@id\":\"https:\/\/malenki.net\/de\/#organization\"},\"potentialAction\":[{\"@type\":\"SearchAction\",\"target\":{\"@type\":\"EntryPoint\",\"urlTemplate\":\"https:\/\/malenki.net\/de\/?s={search_term_string}\"},\"query-input\":{\"@type\":\"PropertyValueSpecification\",\"valueRequired\":true,\"valueName\":\"search_term_string\"}}],\"inLanguage\":\"de\"},{\"@type\":\"Organization\",\"@id\":\"https:\/\/malenki.net\/de\/#organization\",\"name\":\"malenki.net\",\"url\":\"https:\/\/malenki.net\/de\/\",\"logo\":{\"@type\":\"ImageObject\",\"inLanguage\":\"de\",\"@id\":\"https:\/\/malenki.net\/de\/#\/schema\/logo\/image\/\",\"url\":\"https:\/\/malenki.net\/wp-content\/uploads\/2023\/03\/malenki-logo-2019.gif\",\"contentUrl\":\"https:\/\/malenki.net\/wp-content\/uploads\/2023\/03\/malenki-logo-2019.gif\",\"width\":524,\"height\":138,\"caption\":\"malenki.net\"},\"image\":{\"@id\":\"https:\/\/malenki.net\/de\/#\/schema\/logo\/image\/\"},\"sameAs\":[\"https:\/\/www.facebook.com\/malenki.editionen\/\",\"https:\/\/www.instagram.com\/malenkinet\/\"]}]}<\/script>\n<!-- \/ Yoast SEO plugin. -->","yoast_head_json":{"title":"malenki.net | Piece of Colonne. Fragments of Waves | Tamami Iinuma","description":"'Piece of Colonne. Fragments of Waves' von Tamami Iinuma bei malenki.net","robots":{"index":"index","follow":"follow","max-snippet":"max-snippet:-1","max-image-preview":"max-image-preview:large","max-video-preview":"max-video-preview:-1"},"canonical":"https:\/\/malenki.net\/de\/produkt\/tamami-iinuma-piece-of-colonne\/","og_locale":"de_DE","og_type":"article","og_title":"malenki.net | Piece of Colonne. Fragments of Waves | Tamami Iinuma","og_description":"'Piece of Colonne. Fragments of Waves' von Tamami Iinuma bei malenki.net","og_url":"https:\/\/malenki.net\/de\/produkt\/tamami-iinuma-piece-of-colonne\/","og_site_name":"malenki.net","article_publisher":"https:\/\/www.facebook.com\/malenki.editionen\/","article_modified_time":"2025-06-25T15:45:17+00:00","og_image":[{"width":1024,"height":853,"url":"https:\/\/malenki.net\/wp-content\/uploads\/2022\/11\/piece-of-colonne-tamami-iinuma-01.jpg","type":"image\/jpeg"}],"twitter_card":"summary_large_image","twitter_misc":{"Gesch\u00e4tzte Lesezeit":"1\u00a0Minute"},"schema":{"@context":"https:\/\/schema.org","@graph":[{"@type":"WebPage","@id":"https:\/\/malenki.net\/de\/produkt\/tamami-iinuma-piece-of-colonne\/","url":"https:\/\/malenki.net\/de\/produkt\/tamami-iinuma-piece-of-colonne\/","name":"malenki.net | Piece of Colonne. Fragments of Waves | Tamami Iinuma","isPartOf":{"@id":"https:\/\/malenki.net\/de\/#website"},"primaryImageOfPage":{"@id":"https:\/\/malenki.net\/de\/produkt\/tamami-iinuma-piece-of-colonne\/#primaryimage"},"image":{"@id":"https:\/\/malenki.net\/de\/produkt\/tamami-iinuma-piece-of-colonne\/#primaryimage"},"thumbnailUrl":"https:\/\/malenki.net\/wp-content\/uploads\/2022\/11\/piece-of-colonne-tamami-iinuma-01.jpg","datePublished":"2022-11-17T23:13:23+00:00","dateModified":"2025-06-25T15:45:17+00:00","description":"'Piece of Colonne. Fragments of Waves' von Tamami Iinuma bei malenki.net","breadcrumb":{"@id":"https:\/\/malenki.net\/de\/produkt\/tamami-iinuma-piece-of-colonne\/#breadcrumb"},"inLanguage":"de","potentialAction":[{"@type":"ReadAction","target":["https:\/\/malenki.net\/de\/produkt\/tamami-iinuma-piece-of-colonne\/"]}]},{"@type":"ImageObject","inLanguage":"de","@id":"https:\/\/malenki.net\/de\/produkt\/tamami-iinuma-piece-of-colonne\/#primaryimage","url":"https:\/\/malenki.net\/wp-content\/uploads\/2022\/11\/piece-of-colonne-tamami-iinuma-01.jpg","contentUrl":"https:\/\/malenki.net\/wp-content\/uploads\/2022\/11\/piece-of-colonne-tamami-iinuma-01.jpg","width":1024,"height":853,"caption":"Tamami Iinuma \u2014 Piece of Colonne. Fragments of Waves"},{"@type":"BreadcrumbList","@id":"https:\/\/malenki.net\/de\/produkt\/tamami-iinuma-piece-of-colonne\/#breadcrumb","itemListElement":[{"@type":"ListItem","position":1,"name":"Home","item":"https:\/\/malenki.net\/de\/"},{"@type":"ListItem","position":2,"name":"Editionen","item":"https:\/\/malenki.net\/de\/"},{"@type":"ListItem","position":3,"name":"Piece of Colonne. Fragments of Waves"}]},{"@type":"WebSite","@id":"https:\/\/malenki.net\/de\/#website","url":"https:\/\/malenki.net\/de\/","name":"malenki.net","description":"Fotografie Editionen","publisher":{"@id":"https:\/\/malenki.net\/de\/#organization"},"potentialAction":[{"@type":"SearchAction","target":{"@type":"EntryPoint","urlTemplate":"https:\/\/malenki.net\/de\/?s={search_term_string}"},"query-input":{"@type":"PropertyValueSpecification","valueRequired":true,"valueName":"search_term_string"}}],"inLanguage":"de"},{"@type":"Organization","@id":"https:\/\/malenki.net\/de\/#organization","name":"malenki.net","url":"https:\/\/malenki.net\/de\/","logo":{"@type":"ImageObject","inLanguage":"de","@id":"https:\/\/malenki.net\/de\/#\/schema\/logo\/image\/","url":"https:\/\/malenki.net\/wp-content\/uploads\/2023\/03\/malenki-logo-2019.gif","contentUrl":"https:\/\/malenki.net\/wp-content\/uploads\/2023\/03\/malenki-logo-2019.gif","width":524,"height":138,"caption":"malenki.net"},"image":{"@id":"https:\/\/malenki.net\/de\/#\/schema\/logo\/image\/"},"sameAs":["https:\/\/www.facebook.com\/malenki.editionen\/","https:\/\/www.instagram.com\/malenkinet\/"]}]}},"wps_subtitle":"Tamami Iinuma","_links":{"self":[{"href":"https:\/\/malenki.net\/de\/wp-json\/wp\/v2\/product\/9959","targetHints":{"allow":["GET"]}}],"collection":[{"href":"https:\/\/malenki.net\/de\/wp-json\/wp\/v2\/product"}],"about":[{"href":"https:\/\/malenki.net\/de\/wp-json\/wp\/v2\/types\/product"}],"wp:featuredmedia":[{"embeddable":true,"href":"https:\/\/malenki.net\/de\/wp-json\/wp\/v2\/media\/9949"}],"wp:attachment":[{"href":"https:\/\/malenki.net\/de\/wp-json\/wp\/v2\/media?parent=9959"}],"wp:term":[{"taxonomy":"product_brand","embeddable":true,"href":"https:\/\/malenki.net\/de\/wp-json\/wp\/v2\/product_brand?post=9959"},{"taxonomy":"product_cat","embeddable":true,"href":"https:\/\/malenki.net\/de\/wp-json\/wp\/v2\/product_cat?post=9959"},{"taxonomy":"product_tag","embeddable":true,"href":"https:\/\/malenki.net\/de\/wp-json\/wp\/v2\/product_tag?post=9959"}],"curies":[{"name":"wp","href":"https:\/\/api.w.org\/{rel}","templated":true}]}}