{"id":9919,"date":"2022-11-17T22:28:20","date_gmt":"2022-11-17T21:28:20","guid":{"rendered":"https:\/\/malenki.net\/product\/liesbet-grupping-zomerboek\/"},"modified":"2025-10-20T19:59:35","modified_gmt":"2025-10-20T17:59:35","slug":"liesbet-grupping-zomerboek","status":"publish","type":"product","link":"https:\/\/malenki.net\/de\/produkt\/liesbet-grupping-zomerboek\/","title":{"rendered":"Zomerboek"},"content":{"rendered":"<p>zomerboek,<br \/>\nmit Fragmenten aus:<br \/>\nTao\u00efsme von Patricia der M\u00e4rtyrerin<br \/>\nZijde von Alessandro Baricco<br \/>\nLofzang op de schaduw von Junichiro Tanizaki<br \/>\nDe eerste keer dat ik mijn hoed verloor von Colette<br \/>\nDe andere kant van de natuur von Rainer Maria Rilke<br \/>\nNieuwe bloemengids von Tirion<\/p>\n<p>in entsprechender Reihenfolge.<\/p>\n<p>\u201aBlaudrucke\u2018 erstellt im Schatten des Maulbeerbaums, der Weinrebe und der Terrasse mit Stockrosen und duftendem Jasmin in der Eugeen Joorsstraat in Antwerpen, im Sommer 2020 und 2021. Abwechselnd zwischen H\u00e4ngematte und Gartenstuhl, F\u00fc\u00dfe unter und auf dem Tisch, lese ich de eerste keer dat ik mijn bed verloor von Colette . Ich dr\u00fccke das Buch zusammen, beobachte die Verschiebung des Schattens und lande in der H\u00e4ngematte in Cussangy, wo ich auf die Idee kam, dieses zomerboek zu drucken. Ich lese und gehe mit wei\u00dfen Seiten durch den Garten, atme langsam und z\u00e4hle 8 Minuten und 19 Sekunden, das ist die Zeit, die das Sonnenlicht braucht, um uns zu erreichen und das Papier zu belichten. Mit Wasser absp\u00fclen und es wird blau.<\/p>\n<p>Dies ist die Zeit der Hortensien und der unreifen Birnen.<br \/>\nLiesbet Grupping<br \/>\nAugust 2021<\/p>\n","protected":false},"excerpt":{"rendered":"<p>zomerboek, mit Fragmenten aus: Tao\u00efsme von Patricia der M\u00e4rtyrerin Zijde von Alessandro Baricco Lofzang op de schaduw von Junichiro Tanizaki De eerste keer dat ik mijn hoed verloor von Colette De andere kant van de natuur von Rainer Maria Rilke Nieuwe bloemengids von Tirion in entsprechender Reihenfolge. \u201aBlaudrucke\u2018 erstellt im Schatten des Maulbeerbaums, der Weinrebe&hellip; <a class=\"more-link\" href=\"https:\/\/malenki.net\/de\/produkt\/liesbet-grupping-zomerboek\/\"><span class=\"screen-reader-text\">Zomerboek<\/span> weiterlesen<\/a><\/p>\n","protected":false},"featured_media":10741,"template":"","meta":{"pgc_sgb_lightbox_settings":""},"product_brand":[],"product_cat":[6407],"product_tag":[4117,4066,5088,2224,4179,2241,5618,4384,5530],"class_list":{"0":"post-9919","1":"product","2":"type-product","3":"status-publish","4":"has-post-thumbnail","6":"product_cat-liesbet-grupping-de","7":"product_tag-analog-de","8":"product_tag-bild-und-text","9":"product_tag-cyanotypien","10":"product_tag-grupping-de","11":"product_tag-inkjet-de","12":"product_tag-liesbet-grupping-de","13":"product_tag-literatur","14":"product_tag-text-und-bild","15":"product_tag-zomerboek-de","16":"entry","18":"first","19":"instock","20":"shipping-taxable","21":"purchasable","22":"product-type-simple"},"yoast_head":"<!-- This site is optimized with the Yoast SEO plugin v27.2 - https:\/\/yoast.com\/product\/yoast-seo-wordpress\/ -->\n<title>malenki.net | Zomerboek | Liesbet Grupping<\/title>\n<meta name=\"description\" content=\"&#039;Zomerboek&#039; von Liesbet Grupping bei malenki.net\" \/>\n<meta name=\"robots\" content=\"index, follow, max-snippet:-1, max-image-preview:large, max-video-preview:-1\" \/>\n<link rel=\"canonical\" href=\"https:\/\/malenki.net\/de\/produkt\/liesbet-grupping-zomerboek\/\" \/>\n<meta property=\"og:locale\" content=\"de_DE\" \/>\n<meta property=\"og:type\" content=\"article\" \/>\n<meta property=\"og:title\" content=\"malenki.net | Zomerboek | Liesbet Grupping\" \/>\n<meta property=\"og:description\" content=\"&#039;Zomerboek&#039; von Liesbet Grupping bei malenki.net\" \/>\n<meta property=\"og:url\" content=\"https:\/\/malenki.net\/de\/produkt\/liesbet-grupping-zomerboek\/\" \/>\n<meta property=\"og:site_name\" content=\"malenki.net\" \/>\n<meta property=\"article:publisher\" content=\"https:\/\/www.facebook.com\/malenki.editionen\/\" \/>\n<meta property=\"article:modified_time\" content=\"2025-10-20T17:59:35+00:00\" \/>\n<meta property=\"og:image\" content=\"https:\/\/malenki.net\/wp-content\/uploads\/2022\/11\/liesbet-grupping_zomerboek_01.jpg\" \/>\n\t<meta property=\"og:image:width\" content=\"1024\" \/>\n\t<meta property=\"og:image:height\" content=\"820\" \/>\n\t<meta property=\"og:image:type\" content=\"image\/jpeg\" \/>\n<meta name=\"twitter:card\" content=\"summary_large_image\" \/>\n<meta name=\"twitter:label1\" content=\"Gesch\u00e4tzte Lesezeit\" \/>\n\t<meta name=\"twitter:data1\" content=\"1\u00a0Minute\" \/>\n<script type=\"application\/ld+json\" class=\"yoast-schema-graph\">{\"@context\":\"https:\/\/schema.org\",\"@graph\":[{\"@type\":\"WebPage\",\"@id\":\"https:\/\/malenki.net\/de\/produkt\/liesbet-grupping-zomerboek\/\",\"url\":\"https:\/\/malenki.net\/de\/produkt\/liesbet-grupping-zomerboek\/\",\"name\":\"malenki.net | Zomerboek | Liesbet Grupping\",\"isPartOf\":{\"@id\":\"https:\/\/malenki.net\/de\/#website\"},\"primaryImageOfPage\":{\"@id\":\"https:\/\/malenki.net\/de\/produkt\/liesbet-grupping-zomerboek\/#primaryimage\"},\"image\":{\"@id\":\"https:\/\/malenki.net\/de\/produkt\/liesbet-grupping-zomerboek\/#primaryimage\"},\"thumbnailUrl\":\"https:\/\/malenki.net\/wp-content\/uploads\/2022\/11\/liesbet-grupping_zomerboek_01.jpg\",\"datePublished\":\"2022-11-17T21:28:20+00:00\",\"dateModified\":\"2025-10-20T17:59:35+00:00\",\"description\":\"'Zomerboek' von Liesbet Grupping bei malenki.net\",\"breadcrumb\":{\"@id\":\"https:\/\/malenki.net\/de\/produkt\/liesbet-grupping-zomerboek\/#breadcrumb\"},\"inLanguage\":\"de\",\"potentialAction\":[{\"@type\":\"ReadAction\",\"target\":[\"https:\/\/malenki.net\/de\/produkt\/liesbet-grupping-zomerboek\/\"]}]},{\"@type\":\"ImageObject\",\"inLanguage\":\"de\",\"@id\":\"https:\/\/malenki.net\/de\/produkt\/liesbet-grupping-zomerboek\/#primaryimage\",\"url\":\"https:\/\/malenki.net\/wp-content\/uploads\/2022\/11\/liesbet-grupping_zomerboek_01.jpg\",\"contentUrl\":\"https:\/\/malenki.net\/wp-content\/uploads\/2022\/11\/liesbet-grupping_zomerboek_01.jpg\",\"width\":1024,\"height\":820,\"caption\":\"Zomerboek \u2013 Liesbet Grupping\"},{\"@type\":\"BreadcrumbList\",\"@id\":\"https:\/\/malenki.net\/de\/produkt\/liesbet-grupping-zomerboek\/#breadcrumb\",\"itemListElement\":[{\"@type\":\"ListItem\",\"position\":1,\"name\":\"Home\",\"item\":\"https:\/\/malenki.net\/de\/\"},{\"@type\":\"ListItem\",\"position\":2,\"name\":\"Editionen\",\"item\":\"https:\/\/malenki.net\/de\/\"},{\"@type\":\"ListItem\",\"position\":3,\"name\":\"Zomerboek\"}]},{\"@type\":\"WebSite\",\"@id\":\"https:\/\/malenki.net\/de\/#website\",\"url\":\"https:\/\/malenki.net\/de\/\",\"name\":\"malenki.net\",\"description\":\"Fotografie Editionen\",\"publisher\":{\"@id\":\"https:\/\/malenki.net\/de\/#organization\"},\"potentialAction\":[{\"@type\":\"SearchAction\",\"target\":{\"@type\":\"EntryPoint\",\"urlTemplate\":\"https:\/\/malenki.net\/de\/?s={search_term_string}\"},\"query-input\":{\"@type\":\"PropertyValueSpecification\",\"valueRequired\":true,\"valueName\":\"search_term_string\"}}],\"inLanguage\":\"de\"},{\"@type\":\"Organization\",\"@id\":\"https:\/\/malenki.net\/de\/#organization\",\"name\":\"malenki.net\",\"url\":\"https:\/\/malenki.net\/de\/\",\"logo\":{\"@type\":\"ImageObject\",\"inLanguage\":\"de\",\"@id\":\"https:\/\/malenki.net\/de\/#\/schema\/logo\/image\/\",\"url\":\"https:\/\/malenki.net\/wp-content\/uploads\/2023\/03\/malenki-logo-2019.gif\",\"contentUrl\":\"https:\/\/malenki.net\/wp-content\/uploads\/2023\/03\/malenki-logo-2019.gif\",\"width\":524,\"height\":138,\"caption\":\"malenki.net\"},\"image\":{\"@id\":\"https:\/\/malenki.net\/de\/#\/schema\/logo\/image\/\"},\"sameAs\":[\"https:\/\/www.facebook.com\/malenki.editionen\/\",\"https:\/\/www.instagram.com\/malenkinet\/\"]}]}<\/script>\n<!-- \/ Yoast SEO plugin. -->","yoast_head_json":{"title":"malenki.net | Zomerboek | Liesbet Grupping","description":"'Zomerboek' von Liesbet Grupping bei malenki.net","robots":{"index":"index","follow":"follow","max-snippet":"max-snippet:-1","max-image-preview":"max-image-preview:large","max-video-preview":"max-video-preview:-1"},"canonical":"https:\/\/malenki.net\/de\/produkt\/liesbet-grupping-zomerboek\/","og_locale":"de_DE","og_type":"article","og_title":"malenki.net | Zomerboek | Liesbet Grupping","og_description":"'Zomerboek' von Liesbet Grupping bei malenki.net","og_url":"https:\/\/malenki.net\/de\/produkt\/liesbet-grupping-zomerboek\/","og_site_name":"malenki.net","article_publisher":"https:\/\/www.facebook.com\/malenki.editionen\/","article_modified_time":"2025-10-20T17:59:35+00:00","og_image":[{"width":1024,"height":820,"url":"https:\/\/malenki.net\/wp-content\/uploads\/2022\/11\/liesbet-grupping_zomerboek_01.jpg","type":"image\/jpeg"}],"twitter_card":"summary_large_image","twitter_misc":{"Gesch\u00e4tzte Lesezeit":"1\u00a0Minute"},"schema":{"@context":"https:\/\/schema.org","@graph":[{"@type":"WebPage","@id":"https:\/\/malenki.net\/de\/produkt\/liesbet-grupping-zomerboek\/","url":"https:\/\/malenki.net\/de\/produkt\/liesbet-grupping-zomerboek\/","name":"malenki.net | Zomerboek | Liesbet Grupping","isPartOf":{"@id":"https:\/\/malenki.net\/de\/#website"},"primaryImageOfPage":{"@id":"https:\/\/malenki.net\/de\/produkt\/liesbet-grupping-zomerboek\/#primaryimage"},"image":{"@id":"https:\/\/malenki.net\/de\/produkt\/liesbet-grupping-zomerboek\/#primaryimage"},"thumbnailUrl":"https:\/\/malenki.net\/wp-content\/uploads\/2022\/11\/liesbet-grupping_zomerboek_01.jpg","datePublished":"2022-11-17T21:28:20+00:00","dateModified":"2025-10-20T17:59:35+00:00","description":"'Zomerboek' von Liesbet Grupping bei malenki.net","breadcrumb":{"@id":"https:\/\/malenki.net\/de\/produkt\/liesbet-grupping-zomerboek\/#breadcrumb"},"inLanguage":"de","potentialAction":[{"@type":"ReadAction","target":["https:\/\/malenki.net\/de\/produkt\/liesbet-grupping-zomerboek\/"]}]},{"@type":"ImageObject","inLanguage":"de","@id":"https:\/\/malenki.net\/de\/produkt\/liesbet-grupping-zomerboek\/#primaryimage","url":"https:\/\/malenki.net\/wp-content\/uploads\/2022\/11\/liesbet-grupping_zomerboek_01.jpg","contentUrl":"https:\/\/malenki.net\/wp-content\/uploads\/2022\/11\/liesbet-grupping_zomerboek_01.jpg","width":1024,"height":820,"caption":"Zomerboek \u2013 Liesbet Grupping"},{"@type":"BreadcrumbList","@id":"https:\/\/malenki.net\/de\/produkt\/liesbet-grupping-zomerboek\/#breadcrumb","itemListElement":[{"@type":"ListItem","position":1,"name":"Home","item":"https:\/\/malenki.net\/de\/"},{"@type":"ListItem","position":2,"name":"Editionen","item":"https:\/\/malenki.net\/de\/"},{"@type":"ListItem","position":3,"name":"Zomerboek"}]},{"@type":"WebSite","@id":"https:\/\/malenki.net\/de\/#website","url":"https:\/\/malenki.net\/de\/","name":"malenki.net","description":"Fotografie Editionen","publisher":{"@id":"https:\/\/malenki.net\/de\/#organization"},"potentialAction":[{"@type":"SearchAction","target":{"@type":"EntryPoint","urlTemplate":"https:\/\/malenki.net\/de\/?s={search_term_string}"},"query-input":{"@type":"PropertyValueSpecification","valueRequired":true,"valueName":"search_term_string"}}],"inLanguage":"de"},{"@type":"Organization","@id":"https:\/\/malenki.net\/de\/#organization","name":"malenki.net","url":"https:\/\/malenki.net\/de\/","logo":{"@type":"ImageObject","inLanguage":"de","@id":"https:\/\/malenki.net\/de\/#\/schema\/logo\/image\/","url":"https:\/\/malenki.net\/wp-content\/uploads\/2023\/03\/malenki-logo-2019.gif","contentUrl":"https:\/\/malenki.net\/wp-content\/uploads\/2023\/03\/malenki-logo-2019.gif","width":524,"height":138,"caption":"malenki.net"},"image":{"@id":"https:\/\/malenki.net\/de\/#\/schema\/logo\/image\/"},"sameAs":["https:\/\/www.facebook.com\/malenki.editionen\/","https:\/\/www.instagram.com\/malenkinet\/"]}]}},"wps_subtitle":"Liesbet Grupping","_links":{"self":[{"href":"https:\/\/malenki.net\/de\/wp-json\/wp\/v2\/product\/9919","targetHints":{"allow":["GET"]}}],"collection":[{"href":"https:\/\/malenki.net\/de\/wp-json\/wp\/v2\/product"}],"about":[{"href":"https:\/\/malenki.net\/de\/wp-json\/wp\/v2\/types\/product"}],"wp:featuredmedia":[{"embeddable":true,"href":"https:\/\/malenki.net\/de\/wp-json\/wp\/v2\/media\/10741"}],"wp:attachment":[{"href":"https:\/\/malenki.net\/de\/wp-json\/wp\/v2\/media?parent=9919"}],"wp:term":[{"taxonomy":"product_brand","embeddable":true,"href":"https:\/\/malenki.net\/de\/wp-json\/wp\/v2\/product_brand?post=9919"},{"taxonomy":"product_cat","embeddable":true,"href":"https:\/\/malenki.net\/de\/wp-json\/wp\/v2\/product_cat?post=9919"},{"taxonomy":"product_tag","embeddable":true,"href":"https:\/\/malenki.net\/de\/wp-json\/wp\/v2\/product_tag?post=9919"}],"curies":[{"name":"wp","href":"https:\/\/api.w.org\/{rel}","templated":true}]}}