{"id":9915,"date":"2023-08-03T20:29:37","date_gmt":"2023-08-03T18:29:37","guid":{"rendered":"https:\/\/malenki.net\/product\/sergej-vutuc-somehow-nothing-appears\/"},"modified":"2026-03-29T18:44:45","modified_gmt":"2026-03-29T16:44:45","slug":"sergej-vutuc-somehow-nothing-appears","status":"publish","type":"product","link":"https:\/\/malenki.net\/de\/produkt\/sergej-vutuc-somehow-nothing-appears\/","title":{"rendered":"SOMEHOW, NOTHING APPEARS TO BE HAPPENING, OVDJE OR RATHER, WENT A HOLE, CRNA RUPA"},"content":{"rendered":"<p>Ein wiederkehrendes Thema in Vutucs Arbeit ist die \u00dcbermittlung von Informationen, einschlie\u00dflich ihrer nat\u00fcrlichen Auswahl, Ver\u00e4nderung und Verformung im Laufe der Zeit. Hier werden aufgenommene Bilder \u2013 fragmentierte, kuratierte Schnitte der Realit\u00e4t \u2013 pr\u00e4sentiert, um nicht nur erforscht, sondern in ihrer Genauigkeit herausgefordert zu werden, da die Frage nach ihrer physischen Dichte mit dem vergleichbaren Gewicht von Kopien konkurriert; Vutuc paart das scheinbar statische Format von Fotokopierern, Zelluloid und Super-8-Film und dann Projektionstechniken &#8211; es spielt mit Schichten von Oberfl\u00e4chen und Transparenzen, w\u00e4hrend unterschiedliche Vibrationen ebenfalls h\u00f6rbar mitschwingen, Leben mit Maschinen durch Zelluloid und Verwirrung verschmilzt, dann werden Zweifel eingef\u00fchrt eine Dualit\u00e4t von Projektoren, die in ihren jeweiligen Ausg\u00e4ngen um G\u00fcltigkeit konkurrieren. \u2014 Aymeric Nocus<\/p>\n","protected":false},"excerpt":{"rendered":"<p>Ein wiederkehrendes Thema in Vutucs Arbeit ist die \u00dcbermittlung von Informationen, einschlie\u00dflich ihrer nat\u00fcrlichen Auswahl, Ver\u00e4nderung und Verformung im Laufe der Zeit. Hier werden aufgenommene Bilder \u2013 fragmentierte, kuratierte Schnitte der Realit\u00e4t \u2013 pr\u00e4sentiert, um nicht nur erforscht, sondern in ihrer Genauigkeit herausgefordert zu werden, da die Frage nach ihrer physischen Dichte mit dem vergleichbaren&hellip; <a class=\"more-link\" href=\"https:\/\/malenki.net\/de\/produkt\/sergej-vutuc-somehow-nothing-appears\/\"><span class=\"screen-reader-text\">SOMEHOW, NOTHING APPEARS TO BE HAPPENING, OVDJE OR RATHER, WENT A HOLE, CRNA RUPA<\/span> weiterlesen<\/a><\/p>\n","protected":false},"featured_media":10261,"template":"","meta":{"pgc_sgb_lightbox_settings":""},"product_brand":[],"product_cat":[5461],"product_tag":[1488,4757,5134,4630,5176,5076,2233,3059,5496,5750,5584,5497,3994],"class_list":{"0":"post-9915","1":"product","2":"type-product","3":"status-publish","4":"has-post-thumbnail","6":"product_cat-sergej-vutuc-de","7":"product_tag-8mm-de","8":"product_tag-archiv","9":"product_tag-frankreich","10":"product_tag-handgemacht","11":"product_tag-paris-de","12":"product_tag-performance-de","13":"product_tag-riso-de","14":"product_tag-schwarz-weiss","15":"product_tag-sergej-vutuc-de","16":"product_tag-super8-de","17":"product_tag-transformation-de","18":"product_tag-vutuc-de","19":"product_tag-zine-de","20":"entry","22":"first","23":"outofstock","24":"shipping-taxable","25":"purchasable","26":"product-type-simple"},"yoast_head":"<!-- This site is optimized with the Yoast SEO plugin v27.2 - https:\/\/yoast.com\/product\/yoast-seo-wordpress\/ -->\n<title>malenki.net | SOMEHOW, NOTHING APPEARS TO BE HAPPENING, OVDJE OR RATHER, WENT A HOLE, CRNA RUPA | Sergej Vutuc<\/title>\n<meta name=\"description\" content=\"&#039;SOMEHOW, NOTHING APPEARS TO BE HAPPENING, OVDJE OR RATHER, WENT A HOLE, CRNA RUPA&#039; - das Zine von Sergej Vutuc bei malenki.net\" \/>\n<meta name=\"robots\" content=\"index, follow, max-snippet:-1, max-image-preview:large, max-video-preview:-1\" \/>\n<link rel=\"canonical\" href=\"https:\/\/malenki.net\/de\/produkt\/sergej-vutuc-somehow-nothing-appears\/\" \/>\n<meta property=\"og:locale\" content=\"de_DE\" \/>\n<meta property=\"og:type\" content=\"article\" \/>\n<meta property=\"og:title\" content=\"malenki.net | SOMEHOW, NOTHING APPEARS TO BE HAPPENING, OVDJE OR RATHER, WENT A HOLE, CRNA RUPA | Sergej Vutuc\" \/>\n<meta property=\"og:description\" content=\"&#039;SOMEHOW, NOTHING APPEARS TO BE HAPPENING, OVDJE OR RATHER, WENT A HOLE, CRNA RUPA&#039; - das Zine von Sergej Vutuc bei malenki.net\" \/>\n<meta property=\"og:url\" content=\"https:\/\/malenki.net\/de\/produkt\/sergej-vutuc-somehow-nothing-appears\/\" \/>\n<meta property=\"og:site_name\" content=\"malenki.net\" \/>\n<meta property=\"article:publisher\" content=\"https:\/\/www.facebook.com\/malenki.editionen\/\" \/>\n<meta property=\"article:modified_time\" content=\"2026-03-29T16:44:45+00:00\" \/>\n<meta property=\"og:image\" content=\"https:\/\/malenki.net\/wp-content\/uploads\/2022\/11\/somehow-nothing-appears-sergej-vutuc-01.jpg\" \/>\n\t<meta property=\"og:image:width\" content=\"1024\" \/>\n\t<meta property=\"og:image:height\" content=\"819\" \/>\n\t<meta property=\"og:image:type\" content=\"image\/jpeg\" \/>\n<meta name=\"twitter:card\" content=\"summary_large_image\" \/>\n<meta name=\"twitter:label1\" content=\"Gesch\u00e4tzte Lesezeit\" \/>\n\t<meta name=\"twitter:data1\" content=\"1\u00a0Minute\" \/>\n<script type=\"application\/ld+json\" class=\"yoast-schema-graph\">{\"@context\":\"https:\/\/schema.org\",\"@graph\":[{\"@type\":\"WebPage\",\"@id\":\"https:\/\/malenki.net\/de\/produkt\/sergej-vutuc-somehow-nothing-appears\/\",\"url\":\"https:\/\/malenki.net\/de\/produkt\/sergej-vutuc-somehow-nothing-appears\/\",\"name\":\"malenki.net | SOMEHOW, NOTHING APPEARS TO BE HAPPENING, OVDJE OR RATHER, WENT A HOLE, CRNA RUPA | Sergej Vutuc\",\"isPartOf\":{\"@id\":\"https:\/\/malenki.net\/de\/#website\"},\"primaryImageOfPage\":{\"@id\":\"https:\/\/malenki.net\/de\/produkt\/sergej-vutuc-somehow-nothing-appears\/#primaryimage\"},\"image\":{\"@id\":\"https:\/\/malenki.net\/de\/produkt\/sergej-vutuc-somehow-nothing-appears\/#primaryimage\"},\"thumbnailUrl\":\"https:\/\/malenki.net\/wp-content\/uploads\/2022\/11\/somehow-nothing-appears-sergej-vutuc-01.jpg\",\"datePublished\":\"2023-08-03T18:29:37+00:00\",\"dateModified\":\"2026-03-29T16:44:45+00:00\",\"description\":\"'SOMEHOW, NOTHING APPEARS TO BE HAPPENING, OVDJE OR RATHER, WENT A HOLE, CRNA RUPA' - das Zine von Sergej Vutuc bei malenki.net\",\"breadcrumb\":{\"@id\":\"https:\/\/malenki.net\/de\/produkt\/sergej-vutuc-somehow-nothing-appears\/#breadcrumb\"},\"inLanguage\":\"de\",\"potentialAction\":[{\"@type\":\"ReadAction\",\"target\":[\"https:\/\/malenki.net\/de\/produkt\/sergej-vutuc-somehow-nothing-appears\/\"]}]},{\"@type\":\"ImageObject\",\"inLanguage\":\"de\",\"@id\":\"https:\/\/malenki.net\/de\/produkt\/sergej-vutuc-somehow-nothing-appears\/#primaryimage\",\"url\":\"https:\/\/malenki.net\/wp-content\/uploads\/2022\/11\/somehow-nothing-appears-sergej-vutuc-01.jpg\",\"contentUrl\":\"https:\/\/malenki.net\/wp-content\/uploads\/2022\/11\/somehow-nothing-appears-sergej-vutuc-01.jpg\",\"width\":1024,\"height\":819,\"caption\":\"SOMEHOW, NOTHING APPEARS TO BE HAPPENING, OVDJE OR RATHER, WENT A HOLE, CRNA RUPA \u2014 Sergej Vutuc\"},{\"@type\":\"BreadcrumbList\",\"@id\":\"https:\/\/malenki.net\/de\/produkt\/sergej-vutuc-somehow-nothing-appears\/#breadcrumb\",\"itemListElement\":[{\"@type\":\"ListItem\",\"position\":1,\"name\":\"Home\",\"item\":\"https:\/\/malenki.net\/de\/\"},{\"@type\":\"ListItem\",\"position\":2,\"name\":\"Editionen\",\"item\":\"https:\/\/malenki.net\/de\/\"},{\"@type\":\"ListItem\",\"position\":3,\"name\":\"SOMEHOW, NOTHING APPEARS TO BE HAPPENING, OVDJE OR RATHER, WENT A HOLE, CRNA RUPA\"}]},{\"@type\":\"WebSite\",\"@id\":\"https:\/\/malenki.net\/de\/#website\",\"url\":\"https:\/\/malenki.net\/de\/\",\"name\":\"malenki.net\",\"description\":\"Fotografie Editionen\",\"publisher\":{\"@id\":\"https:\/\/malenki.net\/de\/#organization\"},\"potentialAction\":[{\"@type\":\"SearchAction\",\"target\":{\"@type\":\"EntryPoint\",\"urlTemplate\":\"https:\/\/malenki.net\/de\/?s={search_term_string}\"},\"query-input\":{\"@type\":\"PropertyValueSpecification\",\"valueRequired\":true,\"valueName\":\"search_term_string\"}}],\"inLanguage\":\"de\"},{\"@type\":\"Organization\",\"@id\":\"https:\/\/malenki.net\/de\/#organization\",\"name\":\"malenki.net\",\"url\":\"https:\/\/malenki.net\/de\/\",\"logo\":{\"@type\":\"ImageObject\",\"inLanguage\":\"de\",\"@id\":\"https:\/\/malenki.net\/de\/#\/schema\/logo\/image\/\",\"url\":\"https:\/\/malenki.net\/wp-content\/uploads\/2023\/03\/malenki-logo-2019.gif\",\"contentUrl\":\"https:\/\/malenki.net\/wp-content\/uploads\/2023\/03\/malenki-logo-2019.gif\",\"width\":524,\"height\":138,\"caption\":\"malenki.net\"},\"image\":{\"@id\":\"https:\/\/malenki.net\/de\/#\/schema\/logo\/image\/\"},\"sameAs\":[\"https:\/\/www.facebook.com\/malenki.editionen\/\",\"https:\/\/www.instagram.com\/malenkinet\/\"]}]}<\/script>\n<!-- \/ Yoast SEO plugin. -->","yoast_head_json":{"title":"malenki.net | SOMEHOW, NOTHING APPEARS TO BE HAPPENING, OVDJE OR RATHER, WENT A HOLE, CRNA RUPA | Sergej Vutuc","description":"'SOMEHOW, NOTHING APPEARS TO BE HAPPENING, OVDJE OR RATHER, WENT A HOLE, CRNA RUPA' - das Zine von Sergej Vutuc bei malenki.net","robots":{"index":"index","follow":"follow","max-snippet":"max-snippet:-1","max-image-preview":"max-image-preview:large","max-video-preview":"max-video-preview:-1"},"canonical":"https:\/\/malenki.net\/de\/produkt\/sergej-vutuc-somehow-nothing-appears\/","og_locale":"de_DE","og_type":"article","og_title":"malenki.net | SOMEHOW, NOTHING APPEARS TO BE HAPPENING, OVDJE OR RATHER, WENT A HOLE, CRNA RUPA | Sergej Vutuc","og_description":"'SOMEHOW, NOTHING APPEARS TO BE HAPPENING, OVDJE OR RATHER, WENT A HOLE, CRNA RUPA' - das Zine von Sergej Vutuc bei malenki.net","og_url":"https:\/\/malenki.net\/de\/produkt\/sergej-vutuc-somehow-nothing-appears\/","og_site_name":"malenki.net","article_publisher":"https:\/\/www.facebook.com\/malenki.editionen\/","article_modified_time":"2026-03-29T16:44:45+00:00","og_image":[{"width":1024,"height":819,"url":"https:\/\/malenki.net\/wp-content\/uploads\/2022\/11\/somehow-nothing-appears-sergej-vutuc-01.jpg","type":"image\/jpeg"}],"twitter_card":"summary_large_image","twitter_misc":{"Gesch\u00e4tzte Lesezeit":"1\u00a0Minute"},"schema":{"@context":"https:\/\/schema.org","@graph":[{"@type":"WebPage","@id":"https:\/\/malenki.net\/de\/produkt\/sergej-vutuc-somehow-nothing-appears\/","url":"https:\/\/malenki.net\/de\/produkt\/sergej-vutuc-somehow-nothing-appears\/","name":"malenki.net | SOMEHOW, NOTHING APPEARS TO BE HAPPENING, OVDJE OR RATHER, WENT A HOLE, CRNA RUPA | Sergej Vutuc","isPartOf":{"@id":"https:\/\/malenki.net\/de\/#website"},"primaryImageOfPage":{"@id":"https:\/\/malenki.net\/de\/produkt\/sergej-vutuc-somehow-nothing-appears\/#primaryimage"},"image":{"@id":"https:\/\/malenki.net\/de\/produkt\/sergej-vutuc-somehow-nothing-appears\/#primaryimage"},"thumbnailUrl":"https:\/\/malenki.net\/wp-content\/uploads\/2022\/11\/somehow-nothing-appears-sergej-vutuc-01.jpg","datePublished":"2023-08-03T18:29:37+00:00","dateModified":"2026-03-29T16:44:45+00:00","description":"'SOMEHOW, NOTHING APPEARS TO BE HAPPENING, OVDJE OR RATHER, WENT A HOLE, CRNA RUPA' - das Zine von Sergej Vutuc bei malenki.net","breadcrumb":{"@id":"https:\/\/malenki.net\/de\/produkt\/sergej-vutuc-somehow-nothing-appears\/#breadcrumb"},"inLanguage":"de","potentialAction":[{"@type":"ReadAction","target":["https:\/\/malenki.net\/de\/produkt\/sergej-vutuc-somehow-nothing-appears\/"]}]},{"@type":"ImageObject","inLanguage":"de","@id":"https:\/\/malenki.net\/de\/produkt\/sergej-vutuc-somehow-nothing-appears\/#primaryimage","url":"https:\/\/malenki.net\/wp-content\/uploads\/2022\/11\/somehow-nothing-appears-sergej-vutuc-01.jpg","contentUrl":"https:\/\/malenki.net\/wp-content\/uploads\/2022\/11\/somehow-nothing-appears-sergej-vutuc-01.jpg","width":1024,"height":819,"caption":"SOMEHOW, NOTHING APPEARS TO BE HAPPENING, OVDJE OR RATHER, WENT A HOLE, CRNA RUPA \u2014 Sergej Vutuc"},{"@type":"BreadcrumbList","@id":"https:\/\/malenki.net\/de\/produkt\/sergej-vutuc-somehow-nothing-appears\/#breadcrumb","itemListElement":[{"@type":"ListItem","position":1,"name":"Home","item":"https:\/\/malenki.net\/de\/"},{"@type":"ListItem","position":2,"name":"Editionen","item":"https:\/\/malenki.net\/de\/"},{"@type":"ListItem","position":3,"name":"SOMEHOW, NOTHING APPEARS TO BE HAPPENING, OVDJE OR RATHER, WENT A HOLE, CRNA RUPA"}]},{"@type":"WebSite","@id":"https:\/\/malenki.net\/de\/#website","url":"https:\/\/malenki.net\/de\/","name":"malenki.net","description":"Fotografie Editionen","publisher":{"@id":"https:\/\/malenki.net\/de\/#organization"},"potentialAction":[{"@type":"SearchAction","target":{"@type":"EntryPoint","urlTemplate":"https:\/\/malenki.net\/de\/?s={search_term_string}"},"query-input":{"@type":"PropertyValueSpecification","valueRequired":true,"valueName":"search_term_string"}}],"inLanguage":"de"},{"@type":"Organization","@id":"https:\/\/malenki.net\/de\/#organization","name":"malenki.net","url":"https:\/\/malenki.net\/de\/","logo":{"@type":"ImageObject","inLanguage":"de","@id":"https:\/\/malenki.net\/de\/#\/schema\/logo\/image\/","url":"https:\/\/malenki.net\/wp-content\/uploads\/2023\/03\/malenki-logo-2019.gif","contentUrl":"https:\/\/malenki.net\/wp-content\/uploads\/2023\/03\/malenki-logo-2019.gif","width":524,"height":138,"caption":"malenki.net"},"image":{"@id":"https:\/\/malenki.net\/de\/#\/schema\/logo\/image\/"},"sameAs":["https:\/\/www.facebook.com\/malenki.editionen\/","https:\/\/www.instagram.com\/malenkinet\/"]}]}},"wps_subtitle":"Sergej Vutuc","_links":{"self":[{"href":"https:\/\/malenki.net\/de\/wp-json\/wp\/v2\/product\/9915","targetHints":{"allow":["GET"]}}],"collection":[{"href":"https:\/\/malenki.net\/de\/wp-json\/wp\/v2\/product"}],"about":[{"href":"https:\/\/malenki.net\/de\/wp-json\/wp\/v2\/types\/product"}],"wp:featuredmedia":[{"embeddable":true,"href":"https:\/\/malenki.net\/de\/wp-json\/wp\/v2\/media\/10261"}],"wp:attachment":[{"href":"https:\/\/malenki.net\/de\/wp-json\/wp\/v2\/media?parent=9915"}],"wp:term":[{"taxonomy":"product_brand","embeddable":true,"href":"https:\/\/malenki.net\/de\/wp-json\/wp\/v2\/product_brand?post=9915"},{"taxonomy":"product_cat","embeddable":true,"href":"https:\/\/malenki.net\/de\/wp-json\/wp\/v2\/product_cat?post=9915"},{"taxonomy":"product_tag","embeddable":true,"href":"https:\/\/malenki.net\/de\/wp-json\/wp\/v2\/product_tag?post=9915"}],"curies":[{"name":"wp","href":"https:\/\/api.w.org\/{rel}","templated":true}]}}