{"id":9911,"date":"2022-11-17T20:00:17","date_gmt":"2022-11-17T19:00:17","guid":{"rendered":"https:\/\/malenki.net\/product\/baerbel-praun-office-figures\/"},"modified":"2026-03-29T19:24:54","modified_gmt":"2026-03-29T17:24:54","slug":"baerbel-praun-office-figures","status":"publish","type":"product","link":"https:\/\/malenki.net\/de\/produkt\/baerbel-praun-office-figures\/","title":{"rendered":"office figures"},"content":{"rendered":"<p>Als ich 2019 in mein Atelier zog, erfuhr ich, dass das Geb\u00e4ude, vermutlich aus den 60er-Jahren in einem Hamburger Industriegebiet und einst ein Zollb\u00fcro, bald abgerissen werden sollte, um Platz f\u00fcr ein neues Wohn- und Gesch\u00e4ftsviertel zu schaffen. Der Raum selbst war klein, quadratisch und hatte an den beiden Fenstern eine Art Podest, wo ich mir den Angestellten an seinem Schreibtisch vorstellte. Der Boden war mit gelblich-braunem Linoleum ausgelegt, und abgesehen davon war der Raum leer, als ich einzog. In dieser staubigen und etwas tristen Atmosph\u00e4re entdeckte ich kleine Spuren im Raum, \u00dcberbleibsel, Geschichten von denen, die hier einst gearbeitet hatten. Kratzer an der Wand, wahrscheinlich vom Schrubben eines B\u00fcrostuhls. Nagell\u00f6cher, stellenweise noch Schrauben in der Wand. Br\u00f6ckelnder Putz an der Decke. Dies war der Ausgangspunkt der Serie \u201eB\u00fcrofiguren\u201c. Ich begann, den Raum mit geometrischen Formen, Sternenkonstellationen und abgerundeten Ecken zu f\u00fcllen \u2013 und machte damit weiter, bis ich im darauffolgenden Jahr ausziehen musste. Alle Materialien, die ich f\u00fcr diese Eingriffe im Raum verwendete, sind ausrangierte und gefundene Objekte.        <\/p>\n","protected":false},"excerpt":{"rendered":"<p>Als ich 2019 in mein Atelier zog, erfuhr ich, dass das Geb\u00e4ude, vermutlich aus den 60er-Jahren in einem Hamburger Industriegebiet und einst ein Zollb\u00fcro, bald abgerissen werden sollte, um Platz f\u00fcr ein neues Wohn- und Gesch\u00e4ftsviertel zu schaffen. Der Raum selbst war klein, quadratisch und hatte an den beiden Fenstern eine Art Podest, wo ich&hellip; <a class=\"more-link\" href=\"https:\/\/malenki.net\/de\/produkt\/baerbel-praun-office-figures\/\"><span class=\"screen-reader-text\">office figures<\/span> weiterlesen<\/a><\/p>\n","protected":false},"featured_media":10036,"template":"","meta":{"pgc_sgb_lightbox_settings":""},"product_brand":[],"product_cat":[5460],"product_tag":[5481,6167,5483,5490,5486,5482,5489,5487,5076,5485,5480,5484,5094,4961,5665,5680,5138,5584,5488],"class_list":{"0":"post-9911","1":"product","2":"type-product","3":"status-publish","4":"has-post-thumbnail","6":"product_cat-baerbel-praun","7":"product_tag-barbel-praun-de","8":"product_tag-bundesrepublik","9":"product_tag-christensen-de","10":"product_tag-hamburg-de","11":"product_tag-jir-sandel-de","12":"product_tag-jonas-georg-christensen-de","13":"product_tag-kratzer","14":"product_tag-office-figures-de","15":"product_tag-performance-de","16":"product_tag-platform-txt-de","17":"product_tag-praun-de","18":"product_tag-publishing-plattform-txt","19":"product_tag-raum","20":"product_tag-shelter-de","21":"product_tag-spiel","22":"product_tag-spielplatz","23":"product_tag-transaktion","24":"product_tag-transformation-de","25":"product_tag-uberbleibsel-de-2","26":"entry","28":"first","29":"instock","30":"shipping-taxable","31":"purchasable","32":"product-type-simple"},"yoast_head":"<!-- This site is optimized with the Yoast SEO plugin v27.2 - https:\/\/yoast.com\/product\/yoast-seo-wordpress\/ -->\n<title>malenki.net | office figures | B\u00e4rbel Praun<\/title>\n<meta name=\"description\" content=\"&#039;office figures&#039; von der K\u00fcnstlerin B\u00e4rbel Praun bei malenki.net\" \/>\n<meta name=\"robots\" content=\"index, follow, max-snippet:-1, max-image-preview:large, max-video-preview:-1\" \/>\n<link rel=\"canonical\" href=\"https:\/\/malenki.net\/de\/produkt\/baerbel-praun-office-figures\/\" \/>\n<meta property=\"og:locale\" content=\"de_DE\" \/>\n<meta property=\"og:type\" content=\"article\" \/>\n<meta property=\"og:title\" content=\"malenki.net | office figures | B\u00e4rbel Praun\" \/>\n<meta property=\"og:description\" content=\"&#039;office figures&#039; von der K\u00fcnstlerin B\u00e4rbel Praun bei malenki.net\" \/>\n<meta property=\"og:url\" content=\"https:\/\/malenki.net\/de\/produkt\/baerbel-praun-office-figures\/\" \/>\n<meta property=\"og:site_name\" content=\"malenki.net\" \/>\n<meta property=\"article:publisher\" content=\"https:\/\/www.facebook.com\/malenki.editionen\/\" \/>\n<meta property=\"article:modified_time\" content=\"2026-03-29T17:24:54+00:00\" \/>\n<meta property=\"og:image\" content=\"https:\/\/malenki.net\/wp-content\/uploads\/2022\/11\/office-figures-baerbel-praun-01.jpg\" \/>\n\t<meta property=\"og:image:width\" content=\"1024\" \/>\n\t<meta property=\"og:image:height\" content=\"819\" \/>\n\t<meta property=\"og:image:type\" content=\"image\/jpeg\" \/>\n<meta name=\"twitter:card\" content=\"summary_large_image\" \/>\n<meta name=\"twitter:label1\" content=\"Gesch\u00e4tzte Lesezeit\" \/>\n\t<meta name=\"twitter:data1\" content=\"1\u00a0Minute\" \/>\n<script type=\"application\/ld+json\" class=\"yoast-schema-graph\">{\"@context\":\"https:\/\/schema.org\",\"@graph\":[{\"@type\":\"WebPage\",\"@id\":\"https:\/\/malenki.net\/de\/produkt\/baerbel-praun-office-figures\/\",\"url\":\"https:\/\/malenki.net\/de\/produkt\/baerbel-praun-office-figures\/\",\"name\":\"malenki.net | office figures | B\u00e4rbel Praun\",\"isPartOf\":{\"@id\":\"https:\/\/malenki.net\/de\/#website\"},\"primaryImageOfPage\":{\"@id\":\"https:\/\/malenki.net\/de\/produkt\/baerbel-praun-office-figures\/#primaryimage\"},\"image\":{\"@id\":\"https:\/\/malenki.net\/de\/produkt\/baerbel-praun-office-figures\/#primaryimage\"},\"thumbnailUrl\":\"https:\/\/malenki.net\/wp-content\/uploads\/2022\/11\/office-figures-baerbel-praun-01.jpg\",\"datePublished\":\"2022-11-17T19:00:17+00:00\",\"dateModified\":\"2026-03-29T17:24:54+00:00\",\"description\":\"'office figures' von der K\u00fcnstlerin B\u00e4rbel Praun bei malenki.net\",\"breadcrumb\":{\"@id\":\"https:\/\/malenki.net\/de\/produkt\/baerbel-praun-office-figures\/#breadcrumb\"},\"inLanguage\":\"de\",\"potentialAction\":[{\"@type\":\"ReadAction\",\"target\":[\"https:\/\/malenki.net\/de\/produkt\/baerbel-praun-office-figures\/\"]}]},{\"@type\":\"ImageObject\",\"inLanguage\":\"de\",\"@id\":\"https:\/\/malenki.net\/de\/produkt\/baerbel-praun-office-figures\/#primaryimage\",\"url\":\"https:\/\/malenki.net\/wp-content\/uploads\/2022\/11\/office-figures-baerbel-praun-01.jpg\",\"contentUrl\":\"https:\/\/malenki.net\/wp-content\/uploads\/2022\/11\/office-figures-baerbel-praun-01.jpg\",\"width\":1024,\"height\":819,\"caption\":\"office figures \u2014 B\u00e4rbel Praun\"},{\"@type\":\"BreadcrumbList\",\"@id\":\"https:\/\/malenki.net\/de\/produkt\/baerbel-praun-office-figures\/#breadcrumb\",\"itemListElement\":[{\"@type\":\"ListItem\",\"position\":1,\"name\":\"Home\",\"item\":\"https:\/\/malenki.net\/de\/\"},{\"@type\":\"ListItem\",\"position\":2,\"name\":\"Editionen\",\"item\":\"https:\/\/malenki.net\/de\/\"},{\"@type\":\"ListItem\",\"position\":3,\"name\":\"office figures\"}]},{\"@type\":\"WebSite\",\"@id\":\"https:\/\/malenki.net\/de\/#website\",\"url\":\"https:\/\/malenki.net\/de\/\",\"name\":\"malenki.net\",\"description\":\"Fotografie Editionen\",\"publisher\":{\"@id\":\"https:\/\/malenki.net\/de\/#organization\"},\"potentialAction\":[{\"@type\":\"SearchAction\",\"target\":{\"@type\":\"EntryPoint\",\"urlTemplate\":\"https:\/\/malenki.net\/de\/?s={search_term_string}\"},\"query-input\":{\"@type\":\"PropertyValueSpecification\",\"valueRequired\":true,\"valueName\":\"search_term_string\"}}],\"inLanguage\":\"de\"},{\"@type\":\"Organization\",\"@id\":\"https:\/\/malenki.net\/de\/#organization\",\"name\":\"malenki.net\",\"url\":\"https:\/\/malenki.net\/de\/\",\"logo\":{\"@type\":\"ImageObject\",\"inLanguage\":\"de\",\"@id\":\"https:\/\/malenki.net\/de\/#\/schema\/logo\/image\/\",\"url\":\"https:\/\/malenki.net\/wp-content\/uploads\/2023\/03\/malenki-logo-2019.gif\",\"contentUrl\":\"https:\/\/malenki.net\/wp-content\/uploads\/2023\/03\/malenki-logo-2019.gif\",\"width\":524,\"height\":138,\"caption\":\"malenki.net\"},\"image\":{\"@id\":\"https:\/\/malenki.net\/de\/#\/schema\/logo\/image\/\"},\"sameAs\":[\"https:\/\/www.facebook.com\/malenki.editionen\/\",\"https:\/\/www.instagram.com\/malenkinet\/\"]}]}<\/script>\n<!-- \/ Yoast SEO plugin. -->","yoast_head_json":{"title":"malenki.net | office figures | B\u00e4rbel Praun","description":"'office figures' von der K\u00fcnstlerin B\u00e4rbel Praun bei malenki.net","robots":{"index":"index","follow":"follow","max-snippet":"max-snippet:-1","max-image-preview":"max-image-preview:large","max-video-preview":"max-video-preview:-1"},"canonical":"https:\/\/malenki.net\/de\/produkt\/baerbel-praun-office-figures\/","og_locale":"de_DE","og_type":"article","og_title":"malenki.net | office figures | B\u00e4rbel Praun","og_description":"'office figures' von der K\u00fcnstlerin B\u00e4rbel Praun bei malenki.net","og_url":"https:\/\/malenki.net\/de\/produkt\/baerbel-praun-office-figures\/","og_site_name":"malenki.net","article_publisher":"https:\/\/www.facebook.com\/malenki.editionen\/","article_modified_time":"2026-03-29T17:24:54+00:00","og_image":[{"width":1024,"height":819,"url":"https:\/\/malenki.net\/wp-content\/uploads\/2022\/11\/office-figures-baerbel-praun-01.jpg","type":"image\/jpeg"}],"twitter_card":"summary_large_image","twitter_misc":{"Gesch\u00e4tzte Lesezeit":"1\u00a0Minute"},"schema":{"@context":"https:\/\/schema.org","@graph":[{"@type":"WebPage","@id":"https:\/\/malenki.net\/de\/produkt\/baerbel-praun-office-figures\/","url":"https:\/\/malenki.net\/de\/produkt\/baerbel-praun-office-figures\/","name":"malenki.net | office figures | B\u00e4rbel Praun","isPartOf":{"@id":"https:\/\/malenki.net\/de\/#website"},"primaryImageOfPage":{"@id":"https:\/\/malenki.net\/de\/produkt\/baerbel-praun-office-figures\/#primaryimage"},"image":{"@id":"https:\/\/malenki.net\/de\/produkt\/baerbel-praun-office-figures\/#primaryimage"},"thumbnailUrl":"https:\/\/malenki.net\/wp-content\/uploads\/2022\/11\/office-figures-baerbel-praun-01.jpg","datePublished":"2022-11-17T19:00:17+00:00","dateModified":"2026-03-29T17:24:54+00:00","description":"'office figures' von der K\u00fcnstlerin B\u00e4rbel Praun bei malenki.net","breadcrumb":{"@id":"https:\/\/malenki.net\/de\/produkt\/baerbel-praun-office-figures\/#breadcrumb"},"inLanguage":"de","potentialAction":[{"@type":"ReadAction","target":["https:\/\/malenki.net\/de\/produkt\/baerbel-praun-office-figures\/"]}]},{"@type":"ImageObject","inLanguage":"de","@id":"https:\/\/malenki.net\/de\/produkt\/baerbel-praun-office-figures\/#primaryimage","url":"https:\/\/malenki.net\/wp-content\/uploads\/2022\/11\/office-figures-baerbel-praun-01.jpg","contentUrl":"https:\/\/malenki.net\/wp-content\/uploads\/2022\/11\/office-figures-baerbel-praun-01.jpg","width":1024,"height":819,"caption":"office figures \u2014 B\u00e4rbel Praun"},{"@type":"BreadcrumbList","@id":"https:\/\/malenki.net\/de\/produkt\/baerbel-praun-office-figures\/#breadcrumb","itemListElement":[{"@type":"ListItem","position":1,"name":"Home","item":"https:\/\/malenki.net\/de\/"},{"@type":"ListItem","position":2,"name":"Editionen","item":"https:\/\/malenki.net\/de\/"},{"@type":"ListItem","position":3,"name":"office figures"}]},{"@type":"WebSite","@id":"https:\/\/malenki.net\/de\/#website","url":"https:\/\/malenki.net\/de\/","name":"malenki.net","description":"Fotografie Editionen","publisher":{"@id":"https:\/\/malenki.net\/de\/#organization"},"potentialAction":[{"@type":"SearchAction","target":{"@type":"EntryPoint","urlTemplate":"https:\/\/malenki.net\/de\/?s={search_term_string}"},"query-input":{"@type":"PropertyValueSpecification","valueRequired":true,"valueName":"search_term_string"}}],"inLanguage":"de"},{"@type":"Organization","@id":"https:\/\/malenki.net\/de\/#organization","name":"malenki.net","url":"https:\/\/malenki.net\/de\/","logo":{"@type":"ImageObject","inLanguage":"de","@id":"https:\/\/malenki.net\/de\/#\/schema\/logo\/image\/","url":"https:\/\/malenki.net\/wp-content\/uploads\/2023\/03\/malenki-logo-2019.gif","contentUrl":"https:\/\/malenki.net\/wp-content\/uploads\/2023\/03\/malenki-logo-2019.gif","width":524,"height":138,"caption":"malenki.net"},"image":{"@id":"https:\/\/malenki.net\/de\/#\/schema\/logo\/image\/"},"sameAs":["https:\/\/www.facebook.com\/malenki.editionen\/","https:\/\/www.instagram.com\/malenkinet\/"]}]}},"wps_subtitle":"B\u00e4rbel Praun","_links":{"self":[{"href":"https:\/\/malenki.net\/de\/wp-json\/wp\/v2\/product\/9911","targetHints":{"allow":["GET"]}}],"collection":[{"href":"https:\/\/malenki.net\/de\/wp-json\/wp\/v2\/product"}],"about":[{"href":"https:\/\/malenki.net\/de\/wp-json\/wp\/v2\/types\/product"}],"wp:featuredmedia":[{"embeddable":true,"href":"https:\/\/malenki.net\/de\/wp-json\/wp\/v2\/media\/10036"}],"wp:attachment":[{"href":"https:\/\/malenki.net\/de\/wp-json\/wp\/v2\/media?parent=9911"}],"wp:term":[{"taxonomy":"product_brand","embeddable":true,"href":"https:\/\/malenki.net\/de\/wp-json\/wp\/v2\/product_brand?post=9911"},{"taxonomy":"product_cat","embeddable":true,"href":"https:\/\/malenki.net\/de\/wp-json\/wp\/v2\/product_cat?post=9911"},{"taxonomy":"product_tag","embeddable":true,"href":"https:\/\/malenki.net\/de\/wp-json\/wp\/v2\/product_tag?post=9911"}],"curies":[{"name":"wp","href":"https:\/\/api.w.org\/{rel}","templated":true}]}}