{"id":9745,"date":"2022-06-13T20:43:39","date_gmt":"2022-06-13T18:43:39","guid":{"rendered":"https:\/\/malenki.net\/product\/martina-pozzan-alberto-stievanin-1929-isle-of-palma\/"},"modified":"2026-03-29T19:25:57","modified_gmt":"2026-03-29T17:25:57","slug":"martina-pozzan-alberto-stievanin-1929-isle-of-palma","status":"publish","type":"product","link":"https:\/\/malenki.net\/de\/produkt\/martina-pozzan-alberto-stievanin-1929-isle-of-palma\/","title":{"rendered":"19 2 9: ISLE OF PALMA &#8211; recap ed."},"content":{"rendered":"<p>19 2 9: Isle of Palma ist das erste Kapitel in der Serie von isolari.<br \/>\nIsolario ist ein Zweig der Geographie, der sich der Beschreibung einzelner Inseln in Versen oder Prosa widmet, wobei nautische, chorographische und topographische Elemente kombiniert und manchmal anthropologische und mythologische Informationen bereitgestellt werden. Das Interesse an Inseln ergibt sich aus dem besonderen Charakter der Insellage, die ein Land in seiner Gesamtheit wahrnehmbar macht.<br \/>\nIn Anlehnung an diese Praxis pr\u00e4sentiert die Arbeit der Autoren Martina Pozzan und Alberto Stievanin isolari in Bildern, angereichert mit Neuigkeiten und Inhalten aus ihren pers\u00f6nlichen Reiseerlebnissen.<br \/>\nSpeziell auf der Insel Palma, vom glitzernden Prunk des Herzst\u00fccks der Stadt Palma, \u00fcbers\u00e4t mit Ansichten, die denen der gro\u00dfen kontinentalen Hauptst\u00e4dte \u00e4hneln, aber in die touristische mediterrane Umgebung versetzt, tauchen wir in die Eingeweide der Insel ein seine urspr\u00fcngliche und materielle Natur. Die Erz\u00e4hlung ist zyklisch und f\u00fchrt den Betrachter dazu, wieder in eine idyllische Vision einzutauchen, die n\u00e4her daran ist, wie die Insel f\u00fcr fr\u00fche Entdecker vielleicht ausgesehen haben k\u00f6nnte.<br \/>\nIsolari als eine Art Leitfaden f\u00fcr einen imagin\u00e4ren Tourismus, eine Einladung zu einer \u201eanderen\u201c Reise f\u00fcr den Leser.<\/p>\n","protected":false},"excerpt":{"rendered":"<p>19 2 9: Isle of Palma ist das erste Kapitel in der Serie von isolari. Isolario ist ein Zweig der Geographie, der sich der Beschreibung einzelner Inseln in Versen oder Prosa widmet, wobei nautische, chorographische und topographische Elemente kombiniert und manchmal anthropologische und mythologische Informationen bereitgestellt werden. Das Interesse an Inseln ergibt sich aus dem&hellip; <a class=\"more-link\" href=\"https:\/\/malenki.net\/de\/produkt\/martina-pozzan-alberto-stievanin-1929-isle-of-palma\/\"><span class=\"screen-reader-text\">19 2 9: ISLE OF PALMA &#8211; recap ed.<\/span> weiterlesen<\/a><\/p>\n","protected":false},"featured_media":10046,"template":"","meta":{"pgc_sgb_lightbox_settings":""},"product_brand":[],"product_cat":[5408,3544],"product_tag":[5409,5416,5414,5427,5411,5412,5423,5410,5424,3987,3546,5417,5413,5407,3545,5425,5415,6545,3994],"class_list":{"0":"post-9745","1":"product","2":"type-product","3":"status-publish","4":"has-post-thumbnail","6":"product_cat-alberto-stievanin-de","7":"product_cat-martina-pozzan-de","8":"product_tag-alberto-stievanin-de","9":"product_tag-anthropologisch","10":"product_tag-chorographisch","11":"product_tag-entdecken","12":"product_tag-geographie","13":"product_tag-insel","14":"product_tag-isle-de","15":"product_tag-isolari-de","16":"product_tag-isolario-de","17":"product_tag-landschaft","18":"product_tag-martina-pozzan-de","19":"product_tag-mythologisch","20":"product_tag-nautisch","21":"product_tag-palma-de","22":"product_tag-pozzan-de","23":"product_tag-reise","24":"product_tag-topographisch","25":"product_tag-tourismus","26":"product_tag-zine-de","27":"entry","29":"first","30":"instock","31":"shipping-taxable","32":"purchasable","33":"product-type-simple"},"yoast_head":"<!-- This site is optimized with the Yoast SEO plugin v27.2 - https:\/\/yoast.com\/product\/yoast-seo-wordpress\/ -->\n<title>malenki.net | 19 2 9: ISLE OF PALMA - recap ed. | Martina Pozzan &amp; Alberto Stievanin<\/title>\n<meta name=\"description\" content=\"1929: ISLE OF PALMA - recap ed. von Martina Pozzan &amp; Alberto Stievanin ist das erste Kapitel in der Reihe der Isolari. Die Publikation finden Sie unter malenki.net\" \/>\n<meta name=\"robots\" content=\"index, follow, max-snippet:-1, max-image-preview:large, max-video-preview:-1\" \/>\n<link rel=\"canonical\" href=\"https:\/\/malenki.net\/de\/produkt\/martina-pozzan-alberto-stievanin-1929-isle-of-palma\/\" \/>\n<meta property=\"og:locale\" content=\"de_DE\" \/>\n<meta property=\"og:type\" content=\"article\" \/>\n<meta property=\"og:title\" content=\"malenki.net | 19 2 9: ISLE OF PALMA - recap ed. | Martina Pozzan &amp; Alberto Stievanin\" \/>\n<meta property=\"og:description\" content=\"1929: ISLE OF PALMA - recap ed. von Martina Pozzan &amp; Alberto Stievanin ist das erste Kapitel in der Reihe der Isolari. Die Publikation finden Sie unter malenki.net\" \/>\n<meta property=\"og:url\" content=\"https:\/\/malenki.net\/de\/produkt\/martina-pozzan-alberto-stievanin-1929-isle-of-palma\/\" \/>\n<meta property=\"og:site_name\" content=\"malenki.net\" \/>\n<meta property=\"article:publisher\" content=\"https:\/\/www.facebook.com\/malenki.editionen\/\" \/>\n<meta property=\"article:modified_time\" content=\"2026-03-29T17:25:57+00:00\" \/>\n<meta property=\"og:image\" content=\"https:\/\/malenki.net\/wp-content\/uploads\/2022\/06\/isle-of-palma-martina-pozzan-alberto-stievanin-01.jpg\" \/>\n\t<meta property=\"og:image:width\" content=\"1024\" \/>\n\t<meta property=\"og:image:height\" content=\"819\" \/>\n\t<meta property=\"og:image:type\" content=\"image\/jpeg\" \/>\n<meta name=\"twitter:card\" content=\"summary_large_image\" \/>\n<meta name=\"twitter:label1\" content=\"Gesch\u00e4tzte Lesezeit\" \/>\n\t<meta name=\"twitter:data1\" content=\"1\u00a0Minute\" \/>\n<script type=\"application\/ld+json\" class=\"yoast-schema-graph\">{\"@context\":\"https:\/\/schema.org\",\"@graph\":[{\"@type\":\"WebPage\",\"@id\":\"https:\/\/malenki.net\/de\/produkt\/martina-pozzan-alberto-stievanin-1929-isle-of-palma\/\",\"url\":\"https:\/\/malenki.net\/de\/produkt\/martina-pozzan-alberto-stievanin-1929-isle-of-palma\/\",\"name\":\"malenki.net | 19 2 9: ISLE OF PALMA - recap ed. | Martina Pozzan &amp; Alberto Stievanin\",\"isPartOf\":{\"@id\":\"https:\/\/malenki.net\/de\/#website\"},\"primaryImageOfPage\":{\"@id\":\"https:\/\/malenki.net\/de\/produkt\/martina-pozzan-alberto-stievanin-1929-isle-of-palma\/#primaryimage\"},\"image\":{\"@id\":\"https:\/\/malenki.net\/de\/produkt\/martina-pozzan-alberto-stievanin-1929-isle-of-palma\/#primaryimage\"},\"thumbnailUrl\":\"https:\/\/malenki.net\/wp-content\/uploads\/2022\/06\/isle-of-palma-martina-pozzan-alberto-stievanin-01.jpg\",\"datePublished\":\"2022-06-13T18:43:39+00:00\",\"dateModified\":\"2026-03-29T17:25:57+00:00\",\"description\":\"1929: ISLE OF PALMA - recap ed. von Martina Pozzan & Alberto Stievanin ist das erste Kapitel in der Reihe der Isolari. Die Publikation finden Sie unter malenki.net\",\"breadcrumb\":{\"@id\":\"https:\/\/malenki.net\/de\/produkt\/martina-pozzan-alberto-stievanin-1929-isle-of-palma\/#breadcrumb\"},\"inLanguage\":\"de\",\"potentialAction\":[{\"@type\":\"ReadAction\",\"target\":[\"https:\/\/malenki.net\/de\/produkt\/martina-pozzan-alberto-stievanin-1929-isle-of-palma\/\"]}]},{\"@type\":\"ImageObject\",\"inLanguage\":\"de\",\"@id\":\"https:\/\/malenki.net\/de\/produkt\/martina-pozzan-alberto-stievanin-1929-isle-of-palma\/#primaryimage\",\"url\":\"https:\/\/malenki.net\/wp-content\/uploads\/2022\/06\/isle-of-palma-martina-pozzan-alberto-stievanin-01.jpg\",\"contentUrl\":\"https:\/\/malenki.net\/wp-content\/uploads\/2022\/06\/isle-of-palma-martina-pozzan-alberto-stievanin-01.jpg\",\"width\":1024,\"height\":819,\"caption\":\"19 2 9: ISLE OF PALMA - recap ed. \u2014 Martina Pozzan & Alberto Stievanin\"},{\"@type\":\"BreadcrumbList\",\"@id\":\"https:\/\/malenki.net\/de\/produkt\/martina-pozzan-alberto-stievanin-1929-isle-of-palma\/#breadcrumb\",\"itemListElement\":[{\"@type\":\"ListItem\",\"position\":1,\"name\":\"Home\",\"item\":\"https:\/\/malenki.net\/de\/\"},{\"@type\":\"ListItem\",\"position\":2,\"name\":\"Editionen\",\"item\":\"https:\/\/malenki.net\/de\/\"},{\"@type\":\"ListItem\",\"position\":3,\"name\":\"19 2 9: ISLE OF PALMA &#8211; recap ed.\"}]},{\"@type\":\"WebSite\",\"@id\":\"https:\/\/malenki.net\/de\/#website\",\"url\":\"https:\/\/malenki.net\/de\/\",\"name\":\"malenki.net\",\"description\":\"Fotografie Editionen\",\"publisher\":{\"@id\":\"https:\/\/malenki.net\/de\/#organization\"},\"potentialAction\":[{\"@type\":\"SearchAction\",\"target\":{\"@type\":\"EntryPoint\",\"urlTemplate\":\"https:\/\/malenki.net\/de\/?s={search_term_string}\"},\"query-input\":{\"@type\":\"PropertyValueSpecification\",\"valueRequired\":true,\"valueName\":\"search_term_string\"}}],\"inLanguage\":\"de\"},{\"@type\":\"Organization\",\"@id\":\"https:\/\/malenki.net\/de\/#organization\",\"name\":\"malenki.net\",\"url\":\"https:\/\/malenki.net\/de\/\",\"logo\":{\"@type\":\"ImageObject\",\"inLanguage\":\"de\",\"@id\":\"https:\/\/malenki.net\/de\/#\/schema\/logo\/image\/\",\"url\":\"https:\/\/malenki.net\/wp-content\/uploads\/2023\/03\/malenki-logo-2019.gif\",\"contentUrl\":\"https:\/\/malenki.net\/wp-content\/uploads\/2023\/03\/malenki-logo-2019.gif\",\"width\":524,\"height\":138,\"caption\":\"malenki.net\"},\"image\":{\"@id\":\"https:\/\/malenki.net\/de\/#\/schema\/logo\/image\/\"},\"sameAs\":[\"https:\/\/www.facebook.com\/malenki.editionen\/\",\"https:\/\/www.instagram.com\/malenkinet\/\"]}]}<\/script>\n<!-- \/ Yoast SEO plugin. -->","yoast_head_json":{"title":"malenki.net | 19 2 9: ISLE OF PALMA - recap ed. | Martina Pozzan &amp; Alberto Stievanin","description":"1929: ISLE OF PALMA - recap ed. von Martina Pozzan & Alberto Stievanin ist das erste Kapitel in der Reihe der Isolari. Die Publikation finden Sie unter malenki.net","robots":{"index":"index","follow":"follow","max-snippet":"max-snippet:-1","max-image-preview":"max-image-preview:large","max-video-preview":"max-video-preview:-1"},"canonical":"https:\/\/malenki.net\/de\/produkt\/martina-pozzan-alberto-stievanin-1929-isle-of-palma\/","og_locale":"de_DE","og_type":"article","og_title":"malenki.net | 19 2 9: ISLE OF PALMA - recap ed. | Martina Pozzan &amp; Alberto Stievanin","og_description":"1929: ISLE OF PALMA - recap ed. von Martina Pozzan & Alberto Stievanin ist das erste Kapitel in der Reihe der Isolari. Die Publikation finden Sie unter malenki.net","og_url":"https:\/\/malenki.net\/de\/produkt\/martina-pozzan-alberto-stievanin-1929-isle-of-palma\/","og_site_name":"malenki.net","article_publisher":"https:\/\/www.facebook.com\/malenki.editionen\/","article_modified_time":"2026-03-29T17:25:57+00:00","og_image":[{"width":1024,"height":819,"url":"https:\/\/malenki.net\/wp-content\/uploads\/2022\/06\/isle-of-palma-martina-pozzan-alberto-stievanin-01.jpg","type":"image\/jpeg"}],"twitter_card":"summary_large_image","twitter_misc":{"Gesch\u00e4tzte Lesezeit":"1\u00a0Minute"},"schema":{"@context":"https:\/\/schema.org","@graph":[{"@type":"WebPage","@id":"https:\/\/malenki.net\/de\/produkt\/martina-pozzan-alberto-stievanin-1929-isle-of-palma\/","url":"https:\/\/malenki.net\/de\/produkt\/martina-pozzan-alberto-stievanin-1929-isle-of-palma\/","name":"malenki.net | 19 2 9: ISLE OF PALMA - recap ed. | Martina Pozzan &amp; Alberto Stievanin","isPartOf":{"@id":"https:\/\/malenki.net\/de\/#website"},"primaryImageOfPage":{"@id":"https:\/\/malenki.net\/de\/produkt\/martina-pozzan-alberto-stievanin-1929-isle-of-palma\/#primaryimage"},"image":{"@id":"https:\/\/malenki.net\/de\/produkt\/martina-pozzan-alberto-stievanin-1929-isle-of-palma\/#primaryimage"},"thumbnailUrl":"https:\/\/malenki.net\/wp-content\/uploads\/2022\/06\/isle-of-palma-martina-pozzan-alberto-stievanin-01.jpg","datePublished":"2022-06-13T18:43:39+00:00","dateModified":"2026-03-29T17:25:57+00:00","description":"1929: ISLE OF PALMA - recap ed. von Martina Pozzan & Alberto Stievanin ist das erste Kapitel in der Reihe der Isolari. Die Publikation finden Sie unter malenki.net","breadcrumb":{"@id":"https:\/\/malenki.net\/de\/produkt\/martina-pozzan-alberto-stievanin-1929-isle-of-palma\/#breadcrumb"},"inLanguage":"de","potentialAction":[{"@type":"ReadAction","target":["https:\/\/malenki.net\/de\/produkt\/martina-pozzan-alberto-stievanin-1929-isle-of-palma\/"]}]},{"@type":"ImageObject","inLanguage":"de","@id":"https:\/\/malenki.net\/de\/produkt\/martina-pozzan-alberto-stievanin-1929-isle-of-palma\/#primaryimage","url":"https:\/\/malenki.net\/wp-content\/uploads\/2022\/06\/isle-of-palma-martina-pozzan-alberto-stievanin-01.jpg","contentUrl":"https:\/\/malenki.net\/wp-content\/uploads\/2022\/06\/isle-of-palma-martina-pozzan-alberto-stievanin-01.jpg","width":1024,"height":819,"caption":"19 2 9: ISLE OF PALMA - recap ed. \u2014 Martina Pozzan & Alberto Stievanin"},{"@type":"BreadcrumbList","@id":"https:\/\/malenki.net\/de\/produkt\/martina-pozzan-alberto-stievanin-1929-isle-of-palma\/#breadcrumb","itemListElement":[{"@type":"ListItem","position":1,"name":"Home","item":"https:\/\/malenki.net\/de\/"},{"@type":"ListItem","position":2,"name":"Editionen","item":"https:\/\/malenki.net\/de\/"},{"@type":"ListItem","position":3,"name":"19 2 9: ISLE OF PALMA &#8211; recap ed."}]},{"@type":"WebSite","@id":"https:\/\/malenki.net\/de\/#website","url":"https:\/\/malenki.net\/de\/","name":"malenki.net","description":"Fotografie Editionen","publisher":{"@id":"https:\/\/malenki.net\/de\/#organization"},"potentialAction":[{"@type":"SearchAction","target":{"@type":"EntryPoint","urlTemplate":"https:\/\/malenki.net\/de\/?s={search_term_string}"},"query-input":{"@type":"PropertyValueSpecification","valueRequired":true,"valueName":"search_term_string"}}],"inLanguage":"de"},{"@type":"Organization","@id":"https:\/\/malenki.net\/de\/#organization","name":"malenki.net","url":"https:\/\/malenki.net\/de\/","logo":{"@type":"ImageObject","inLanguage":"de","@id":"https:\/\/malenki.net\/de\/#\/schema\/logo\/image\/","url":"https:\/\/malenki.net\/wp-content\/uploads\/2023\/03\/malenki-logo-2019.gif","contentUrl":"https:\/\/malenki.net\/wp-content\/uploads\/2023\/03\/malenki-logo-2019.gif","width":524,"height":138,"caption":"malenki.net"},"image":{"@id":"https:\/\/malenki.net\/de\/#\/schema\/logo\/image\/"},"sameAs":["https:\/\/www.facebook.com\/malenki.editionen\/","https:\/\/www.instagram.com\/malenkinet\/"]}]}},"wps_subtitle":"Martina Pozzan &amp; Alberto Stievanin","_links":{"self":[{"href":"https:\/\/malenki.net\/de\/wp-json\/wp\/v2\/product\/9745","targetHints":{"allow":["GET"]}}],"collection":[{"href":"https:\/\/malenki.net\/de\/wp-json\/wp\/v2\/product"}],"about":[{"href":"https:\/\/malenki.net\/de\/wp-json\/wp\/v2\/types\/product"}],"wp:featuredmedia":[{"embeddable":true,"href":"https:\/\/malenki.net\/de\/wp-json\/wp\/v2\/media\/10046"}],"wp:attachment":[{"href":"https:\/\/malenki.net\/de\/wp-json\/wp\/v2\/media?parent=9745"}],"wp:term":[{"taxonomy":"product_brand","embeddable":true,"href":"https:\/\/malenki.net\/de\/wp-json\/wp\/v2\/product_brand?post=9745"},{"taxonomy":"product_cat","embeddable":true,"href":"https:\/\/malenki.net\/de\/wp-json\/wp\/v2\/product_cat?post=9745"},{"taxonomy":"product_tag","embeddable":true,"href":"https:\/\/malenki.net\/de\/wp-json\/wp\/v2\/product_tag?post=9745"}],"curies":[{"name":"wp","href":"https:\/\/api.w.org\/{rel}","templated":true}]}}