{"id":9737,"date":"2022-06-13T20:51:02","date_gmt":"2022-06-13T18:51:02","guid":{"rendered":"https:\/\/malenki.net\/product\/anika-schwarzlose-seeing-into-stone\/"},"modified":"2026-03-29T19:50:56","modified_gmt":"2026-03-29T17:50:56","slug":"anika-schwarzlose-seeing-into-stone","status":"publish","type":"product","link":"https:\/\/malenki.net\/de\/produkt\/anika-schwarzlose-seeing-into-stone\/","title":{"rendered":"Seeing Into Stone"},"content":{"rendered":"<p><em>Seeing into Stone<\/em> von Anika Schwarzlose beschreibt eine Technik erfahrener Steinmetze bei der Arbeit an Skulpturen: Bevor sie mit dem Bearbeiten eines Steins beginnen, betrachten sie dessen Oberfl\u00e4che, um die darunterliegende Struktur und das nat\u00fcrliche Wachstum zu erahnen. Dieses Ritual des Blicks in das Undurchsichtige beschreibt eine spirituelle Praxis.<br \/>\nGleichzeitig dient es als Metapher f\u00fcr eine besondere Art von Tunnelblick, der sich auf das Unsichtbare unter der Oberfl\u00e4che richtet. Das Buch ist eine Zeitreise durch Vergangenheit und Gegenwart, \u00fcber und unter der Erde. Landschaften, die durch Rohstoffgewinnung gepr\u00e4gt und sogar geschaffen wurden, werden in den Kontext moderner industrieller Bergbauausr\u00fcstung und historischer Gebrauchsgegenst\u00e4nde aus Gusseisen gestellt.<br \/>\nDurch die Kombination von Bildern aus ganz unterschiedlichen Archiven werden Verbindungen hergestellt, die von den komplexen Beziehungen zwischen Mensch und Mineral erz\u00e4hlen. Bilder und Texte tragen zu einer Debatte \u00fcber die Koevolution von Mineral und Mensch bei, die die Trennung zwischen Leben und Nicht-Leben neu definiert.    <\/p>\n","protected":false},"excerpt":{"rendered":"<p>Seeing into Stone von Anika Schwarzlose beschreibt eine Technik erfahrener Steinmetze bei der Arbeit an Skulpturen: Bevor sie mit dem Bearbeiten eines Steins beginnen, betrachten sie dessen Oberfl\u00e4che, um die darunterliegende Struktur und das nat\u00fcrliche Wachstum zu erahnen. Dieses Ritual des Blicks in das Undurchsichtige beschreibt eine spirituelle Praxis. Gleichzeitig dient es als Metapher f\u00fcr&hellip; <a class=\"more-link\" href=\"https:\/\/malenki.net\/de\/produkt\/anika-schwarzlose-seeing-into-stone\/\"><span class=\"screen-reader-text\">Seeing Into Stone<\/span> weiterlesen<\/a><\/p>\n","protected":false},"featured_media":9728,"template":"","meta":{"pgc_sgb_lightbox_settings":""},"product_brand":[],"product_cat":[5380],"product_tag":[5382,4757,3819,5392,5391,5393,5394,5383,5381,5130],"class_list":{"0":"post-9737","1":"product","2":"type-product","3":"status-publish","4":"has-post-thumbnail","6":"product_cat-anika-schwarzlose-de","7":"product_tag-anika-schwarzlose-de","8":"product_tag-archiv","9":"product_tag-berg","10":"product_tag-elena-solowjowa-de","11":"product_tag-felix-salut-de","12":"product_tag-monika-bakke-de","13":"product_tag-roma-publications-de","14":"product_tag-schwarzlose-de","15":"product_tag-seeing-into-stone-de","16":"product_tag-stein","17":"entry","19":"first","20":"instock","21":"shipping-taxable","22":"purchasable","23":"product-type-simple"},"yoast_head":"<!-- This site is optimized with the Yoast SEO plugin v27.2 - https:\/\/yoast.com\/product\/yoast-seo-wordpress\/ -->\n<title>malenki.net | Seeing Into Stone | Anika Schwarzlose<\/title>\n<meta name=\"description\" content=\"&#039;Seeing Into Stone&#039; vonAnika Schwarzlose bei malenki.net\" \/>\n<meta name=\"robots\" content=\"index, follow, max-snippet:-1, max-image-preview:large, max-video-preview:-1\" \/>\n<link rel=\"canonical\" href=\"https:\/\/malenki.net\/de\/produkt\/anika-schwarzlose-seeing-into-stone\/\" \/>\n<meta property=\"og:locale\" content=\"de_DE\" \/>\n<meta property=\"og:type\" content=\"article\" \/>\n<meta property=\"og:title\" content=\"malenki.net | Seeing Into Stone | Anika Schwarzlose\" \/>\n<meta property=\"og:description\" content=\"&#039;Seeing Into Stone&#039; vonAnika Schwarzlose bei malenki.net\" \/>\n<meta property=\"og:url\" content=\"https:\/\/malenki.net\/de\/produkt\/anika-schwarzlose-seeing-into-stone\/\" \/>\n<meta property=\"og:site_name\" content=\"malenki.net\" \/>\n<meta property=\"article:publisher\" content=\"https:\/\/www.facebook.com\/malenki.editionen\/\" \/>\n<meta property=\"article:modified_time\" content=\"2026-03-29T17:50:56+00:00\" \/>\n<meta property=\"og:image\" content=\"https:\/\/malenki.net\/wp-content\/uploads\/2022\/06\/anika-schwarzlose_seeing-into-stone_01.jpg\" \/>\n\t<meta property=\"og:image:width\" content=\"1024\" \/>\n\t<meta property=\"og:image:height\" content=\"819\" \/>\n\t<meta property=\"og:image:type\" content=\"image\/jpeg\" \/>\n<meta name=\"twitter:card\" content=\"summary_large_image\" \/>\n<meta name=\"twitter:label1\" content=\"Gesch\u00e4tzte Lesezeit\" \/>\n\t<meta name=\"twitter:data1\" content=\"1\u00a0Minute\" \/>\n<script type=\"application\/ld+json\" class=\"yoast-schema-graph\">{\"@context\":\"https:\/\/schema.org\",\"@graph\":[{\"@type\":\"WebPage\",\"@id\":\"https:\/\/malenki.net\/de\/produkt\/anika-schwarzlose-seeing-into-stone\/\",\"url\":\"https:\/\/malenki.net\/de\/produkt\/anika-schwarzlose-seeing-into-stone\/\",\"name\":\"malenki.net | Seeing Into Stone | Anika Schwarzlose\",\"isPartOf\":{\"@id\":\"https:\/\/malenki.net\/de\/#website\"},\"primaryImageOfPage\":{\"@id\":\"https:\/\/malenki.net\/de\/produkt\/anika-schwarzlose-seeing-into-stone\/#primaryimage\"},\"image\":{\"@id\":\"https:\/\/malenki.net\/de\/produkt\/anika-schwarzlose-seeing-into-stone\/#primaryimage\"},\"thumbnailUrl\":\"https:\/\/malenki.net\/wp-content\/uploads\/2022\/06\/anika-schwarzlose_seeing-into-stone_01.jpg\",\"datePublished\":\"2022-06-13T18:51:02+00:00\",\"dateModified\":\"2026-03-29T17:50:56+00:00\",\"description\":\"'Seeing Into Stone' vonAnika Schwarzlose bei malenki.net\",\"breadcrumb\":{\"@id\":\"https:\/\/malenki.net\/de\/produkt\/anika-schwarzlose-seeing-into-stone\/#breadcrumb\"},\"inLanguage\":\"de\",\"potentialAction\":[{\"@type\":\"ReadAction\",\"target\":[\"https:\/\/malenki.net\/de\/produkt\/anika-schwarzlose-seeing-into-stone\/\"]}]},{\"@type\":\"ImageObject\",\"inLanguage\":\"de\",\"@id\":\"https:\/\/malenki.net\/de\/produkt\/anika-schwarzlose-seeing-into-stone\/#primaryimage\",\"url\":\"https:\/\/malenki.net\/wp-content\/uploads\/2022\/06\/anika-schwarzlose_seeing-into-stone_01.jpg\",\"contentUrl\":\"https:\/\/malenki.net\/wp-content\/uploads\/2022\/06\/anika-schwarzlose_seeing-into-stone_01.jpg\",\"width\":1024,\"height\":819,\"caption\":\"Anika Schwarzlose \u2014 Seeing into stone\"},{\"@type\":\"BreadcrumbList\",\"@id\":\"https:\/\/malenki.net\/de\/produkt\/anika-schwarzlose-seeing-into-stone\/#breadcrumb\",\"itemListElement\":[{\"@type\":\"ListItem\",\"position\":1,\"name\":\"Home\",\"item\":\"https:\/\/malenki.net\/de\/\"},{\"@type\":\"ListItem\",\"position\":2,\"name\":\"Editionen\",\"item\":\"https:\/\/malenki.net\/de\/\"},{\"@type\":\"ListItem\",\"position\":3,\"name\":\"Seeing Into Stone\"}]},{\"@type\":\"WebSite\",\"@id\":\"https:\/\/malenki.net\/de\/#website\",\"url\":\"https:\/\/malenki.net\/de\/\",\"name\":\"malenki.net\",\"description\":\"Fotografie Editionen\",\"publisher\":{\"@id\":\"https:\/\/malenki.net\/de\/#organization\"},\"potentialAction\":[{\"@type\":\"SearchAction\",\"target\":{\"@type\":\"EntryPoint\",\"urlTemplate\":\"https:\/\/malenki.net\/de\/?s={search_term_string}\"},\"query-input\":{\"@type\":\"PropertyValueSpecification\",\"valueRequired\":true,\"valueName\":\"search_term_string\"}}],\"inLanguage\":\"de\"},{\"@type\":\"Organization\",\"@id\":\"https:\/\/malenki.net\/de\/#organization\",\"name\":\"malenki.net\",\"url\":\"https:\/\/malenki.net\/de\/\",\"logo\":{\"@type\":\"ImageObject\",\"inLanguage\":\"de\",\"@id\":\"https:\/\/malenki.net\/de\/#\/schema\/logo\/image\/\",\"url\":\"https:\/\/malenki.net\/wp-content\/uploads\/2023\/03\/malenki-logo-2019.gif\",\"contentUrl\":\"https:\/\/malenki.net\/wp-content\/uploads\/2023\/03\/malenki-logo-2019.gif\",\"width\":524,\"height\":138,\"caption\":\"malenki.net\"},\"image\":{\"@id\":\"https:\/\/malenki.net\/de\/#\/schema\/logo\/image\/\"},\"sameAs\":[\"https:\/\/www.facebook.com\/malenki.editionen\/\",\"https:\/\/www.instagram.com\/malenkinet\/\"]}]}<\/script>\n<!-- \/ Yoast SEO plugin. -->","yoast_head_json":{"title":"malenki.net | Seeing Into Stone | Anika Schwarzlose","description":"'Seeing Into Stone' vonAnika Schwarzlose bei malenki.net","robots":{"index":"index","follow":"follow","max-snippet":"max-snippet:-1","max-image-preview":"max-image-preview:large","max-video-preview":"max-video-preview:-1"},"canonical":"https:\/\/malenki.net\/de\/produkt\/anika-schwarzlose-seeing-into-stone\/","og_locale":"de_DE","og_type":"article","og_title":"malenki.net | Seeing Into Stone | Anika Schwarzlose","og_description":"'Seeing Into Stone' vonAnika Schwarzlose bei malenki.net","og_url":"https:\/\/malenki.net\/de\/produkt\/anika-schwarzlose-seeing-into-stone\/","og_site_name":"malenki.net","article_publisher":"https:\/\/www.facebook.com\/malenki.editionen\/","article_modified_time":"2026-03-29T17:50:56+00:00","og_image":[{"width":1024,"height":819,"url":"https:\/\/malenki.net\/wp-content\/uploads\/2022\/06\/anika-schwarzlose_seeing-into-stone_01.jpg","type":"image\/jpeg"}],"twitter_card":"summary_large_image","twitter_misc":{"Gesch\u00e4tzte Lesezeit":"1\u00a0Minute"},"schema":{"@context":"https:\/\/schema.org","@graph":[{"@type":"WebPage","@id":"https:\/\/malenki.net\/de\/produkt\/anika-schwarzlose-seeing-into-stone\/","url":"https:\/\/malenki.net\/de\/produkt\/anika-schwarzlose-seeing-into-stone\/","name":"malenki.net | Seeing Into Stone | Anika Schwarzlose","isPartOf":{"@id":"https:\/\/malenki.net\/de\/#website"},"primaryImageOfPage":{"@id":"https:\/\/malenki.net\/de\/produkt\/anika-schwarzlose-seeing-into-stone\/#primaryimage"},"image":{"@id":"https:\/\/malenki.net\/de\/produkt\/anika-schwarzlose-seeing-into-stone\/#primaryimage"},"thumbnailUrl":"https:\/\/malenki.net\/wp-content\/uploads\/2022\/06\/anika-schwarzlose_seeing-into-stone_01.jpg","datePublished":"2022-06-13T18:51:02+00:00","dateModified":"2026-03-29T17:50:56+00:00","description":"'Seeing Into Stone' vonAnika Schwarzlose bei malenki.net","breadcrumb":{"@id":"https:\/\/malenki.net\/de\/produkt\/anika-schwarzlose-seeing-into-stone\/#breadcrumb"},"inLanguage":"de","potentialAction":[{"@type":"ReadAction","target":["https:\/\/malenki.net\/de\/produkt\/anika-schwarzlose-seeing-into-stone\/"]}]},{"@type":"ImageObject","inLanguage":"de","@id":"https:\/\/malenki.net\/de\/produkt\/anika-schwarzlose-seeing-into-stone\/#primaryimage","url":"https:\/\/malenki.net\/wp-content\/uploads\/2022\/06\/anika-schwarzlose_seeing-into-stone_01.jpg","contentUrl":"https:\/\/malenki.net\/wp-content\/uploads\/2022\/06\/anika-schwarzlose_seeing-into-stone_01.jpg","width":1024,"height":819,"caption":"Anika Schwarzlose \u2014 Seeing into stone"},{"@type":"BreadcrumbList","@id":"https:\/\/malenki.net\/de\/produkt\/anika-schwarzlose-seeing-into-stone\/#breadcrumb","itemListElement":[{"@type":"ListItem","position":1,"name":"Home","item":"https:\/\/malenki.net\/de\/"},{"@type":"ListItem","position":2,"name":"Editionen","item":"https:\/\/malenki.net\/de\/"},{"@type":"ListItem","position":3,"name":"Seeing Into Stone"}]},{"@type":"WebSite","@id":"https:\/\/malenki.net\/de\/#website","url":"https:\/\/malenki.net\/de\/","name":"malenki.net","description":"Fotografie Editionen","publisher":{"@id":"https:\/\/malenki.net\/de\/#organization"},"potentialAction":[{"@type":"SearchAction","target":{"@type":"EntryPoint","urlTemplate":"https:\/\/malenki.net\/de\/?s={search_term_string}"},"query-input":{"@type":"PropertyValueSpecification","valueRequired":true,"valueName":"search_term_string"}}],"inLanguage":"de"},{"@type":"Organization","@id":"https:\/\/malenki.net\/de\/#organization","name":"malenki.net","url":"https:\/\/malenki.net\/de\/","logo":{"@type":"ImageObject","inLanguage":"de","@id":"https:\/\/malenki.net\/de\/#\/schema\/logo\/image\/","url":"https:\/\/malenki.net\/wp-content\/uploads\/2023\/03\/malenki-logo-2019.gif","contentUrl":"https:\/\/malenki.net\/wp-content\/uploads\/2023\/03\/malenki-logo-2019.gif","width":524,"height":138,"caption":"malenki.net"},"image":{"@id":"https:\/\/malenki.net\/de\/#\/schema\/logo\/image\/"},"sameAs":["https:\/\/www.facebook.com\/malenki.editionen\/","https:\/\/www.instagram.com\/malenkinet\/"]}]}},"wps_subtitle":"Anika Schwarzlose","_links":{"self":[{"href":"https:\/\/malenki.net\/de\/wp-json\/wp\/v2\/product\/9737","targetHints":{"allow":["GET"]}}],"collection":[{"href":"https:\/\/malenki.net\/de\/wp-json\/wp\/v2\/product"}],"about":[{"href":"https:\/\/malenki.net\/de\/wp-json\/wp\/v2\/types\/product"}],"wp:featuredmedia":[{"embeddable":true,"href":"https:\/\/malenki.net\/de\/wp-json\/wp\/v2\/media\/9728"}],"wp:attachment":[{"href":"https:\/\/malenki.net\/de\/wp-json\/wp\/v2\/media?parent=9737"}],"wp:term":[{"taxonomy":"product_brand","embeddable":true,"href":"https:\/\/malenki.net\/de\/wp-json\/wp\/v2\/product_brand?post=9737"},{"taxonomy":"product_cat","embeddable":true,"href":"https:\/\/malenki.net\/de\/wp-json\/wp\/v2\/product_cat?post=9737"},{"taxonomy":"product_tag","embeddable":true,"href":"https:\/\/malenki.net\/de\/wp-json\/wp\/v2\/product_tag?post=9737"}],"curies":[{"name":"wp","href":"https:\/\/api.w.org\/{rel}","templated":true}]}}