{"id":9712,"date":"2022-05-03T14:28:28","date_gmt":"2022-05-03T12:28:28","guid":{"rendered":"https:\/\/malenki.net\/product\/echos-from-the-dephts-sarah-michel\/"},"modified":"2026-03-29T19:26:09","modified_gmt":"2026-03-29T17:26:09","slug":"echos-from-the-dephts-sarah-michel","status":"publish","type":"product","link":"https:\/\/malenki.net\/de\/produkt\/echos-from-the-dephts-sarah-michel\/","title":{"rendered":"Echos from the Dephts (A true fiction)"},"content":{"rendered":"<p><em>Nichts davon ist wahr, sagte er. Ich habe jedes einzelne Wort davon erfunden!<\/em><\/p>\n<p>Am 22. April 1970, dem 100. Geburtstag Lenins, wurde der Grundstein auf der Kola-Halbinsel am Rande der UdSSR gelegt, wo das tiefste Loch der Welt gebohrt werden sollte. Wenn die wissenschaftlichen Entdeckungen dem Kunstst\u00fcck entsprechen, wird der Standort des <em>Kola Superdeep Borehole<\/em> auch eine urbane Legende hervorbringen, die sich zun\u00e4chst in den amerikanischen evangelikalen Kreisen in den fr\u00fchen 90er Jahren verbreitete und sich bis heute in der virtuellen Welt der Verschw\u00f6rer ausbreitet. Die Bilder, die sowohl den urspr\u00fcnglichen wissenschaftlichen Ansatz als auch die Legende von <em>Well to Hell<\/em> dokumentieren, gemischt im Ganzseiten- und Miniaturformat, stammen alle aus dem Internet. Die Qualit\u00e4t komprimierter Bilder \u00fcbersetzt das Durcheinander der Fakten, die Aufl\u00f6sung der Wahrheit in der Fiktion, genau wie der Chor der Texte, die so viele Fetzen alternativer Fakten auff\u00fchren.<\/p>\n","protected":false},"excerpt":{"rendered":"<p>Nichts davon ist wahr, sagte er. Ich habe jedes einzelne Wort davon erfunden! Am 22. April 1970, dem 100. Geburtstag Lenins, wurde der Grundstein auf der Kola-Halbinsel am Rande der UdSSR gelegt, wo das tiefste Loch der Welt gebohrt werden sollte. Wenn die wissenschaftlichen Entdeckungen dem Kunstst\u00fcck entsprechen, wird der Standort des Kola Superdeep Borehole&hellip; <a class=\"more-link\" href=\"https:\/\/malenki.net\/de\/produkt\/echos-from-the-dephts-sarah-michel\/\"><span class=\"screen-reader-text\">Echos from the Dephts (A true fiction)<\/span> weiterlesen<\/a><\/p>\n","protected":false},"featured_media":9703,"template":"","meta":{"pgc_sgb_lightbox_settings":""},"product_brand":[],"product_cat":[3495],"product_tag":[5319,5318,5317,3028,5316,3929,3973,1504,3496,3994],"class_list":{"0":"post-9712","1":"product","2":"type-product","3":"status-publish","4":"has-post-thumbnail","6":"product_cat-sarah-michel-de","7":"product_tag-alternative-fakten","8":"product_tag-classe-moyenne-de","9":"product_tag-classe-moyenne-editions-de","10":"product_tag-echo-de","11":"product_tag-echos-from-the-depths-de","12":"product_tag-fiktion","13":"product_tag-internet-de","14":"product_tag-michel-de","15":"product_tag-sarah-michel-de","16":"product_tag-zine-de","17":"entry","19":"first","20":"instock","21":"shipping-taxable","22":"purchasable","23":"product-type-simple"},"yoast_head":"<!-- This site is optimized with the Yoast SEO plugin v27.2 - https:\/\/yoast.com\/product\/yoast-seo-wordpress\/ -->\n<title>malenki.net | Echos from the Dephts (A true fiction) | Sarah Michel<\/title>\n<meta name=\"description\" content=\"&#039;Echos from the Dephts (A true fiction)&#039; von Sarah Michel bei malenki.net\" \/>\n<meta name=\"robots\" content=\"index, follow, max-snippet:-1, max-image-preview:large, max-video-preview:-1\" \/>\n<link rel=\"canonical\" href=\"https:\/\/malenki.net\/de\/produkt\/echos-from-the-dephts-sarah-michel\/\" \/>\n<meta property=\"og:locale\" content=\"de_DE\" \/>\n<meta property=\"og:type\" content=\"article\" \/>\n<meta property=\"og:title\" content=\"malenki.net | Echos from the Dephts (A true fiction) | Sarah Michel\" \/>\n<meta property=\"og:description\" content=\"&#039;Echos from the Dephts (A true fiction)&#039; von Sarah Michel bei malenki.net\" \/>\n<meta property=\"og:url\" content=\"https:\/\/malenki.net\/de\/produkt\/echos-from-the-dephts-sarah-michel\/\" \/>\n<meta property=\"og:site_name\" content=\"malenki.net\" \/>\n<meta property=\"article:publisher\" content=\"https:\/\/www.facebook.com\/malenki.editionen\/\" \/>\n<meta property=\"article:modified_time\" content=\"2026-03-29T17:26:09+00:00\" \/>\n<meta property=\"og:image\" content=\"https:\/\/malenki.net\/wp-content\/uploads\/2022\/05\/sarah-michel_echos-from-the-depths-01.jpg\" \/>\n\t<meta property=\"og:image:width\" content=\"1024\" \/>\n\t<meta property=\"og:image:height\" content=\"819\" \/>\n\t<meta property=\"og:image:type\" content=\"image\/jpeg\" \/>\n<meta name=\"twitter:card\" content=\"summary_large_image\" \/>\n<meta name=\"twitter:label1\" content=\"Gesch\u00e4tzte Lesezeit\" \/>\n\t<meta name=\"twitter:data1\" content=\"1\u00a0Minute\" \/>\n<script type=\"application\/ld+json\" class=\"yoast-schema-graph\">{\"@context\":\"https:\/\/schema.org\",\"@graph\":[{\"@type\":\"WebPage\",\"@id\":\"https:\/\/malenki.net\/de\/produkt\/echos-from-the-dephts-sarah-michel\/\",\"url\":\"https:\/\/malenki.net\/de\/produkt\/echos-from-the-dephts-sarah-michel\/\",\"name\":\"malenki.net | Echos from the Dephts (A true fiction) | Sarah Michel\",\"isPartOf\":{\"@id\":\"https:\/\/malenki.net\/de\/#website\"},\"primaryImageOfPage\":{\"@id\":\"https:\/\/malenki.net\/de\/produkt\/echos-from-the-dephts-sarah-michel\/#primaryimage\"},\"image\":{\"@id\":\"https:\/\/malenki.net\/de\/produkt\/echos-from-the-dephts-sarah-michel\/#primaryimage\"},\"thumbnailUrl\":\"https:\/\/malenki.net\/wp-content\/uploads\/2022\/05\/sarah-michel_echos-from-the-depths-01.jpg\",\"datePublished\":\"2022-05-03T12:28:28+00:00\",\"dateModified\":\"2026-03-29T17:26:09+00:00\",\"description\":\"'Echos from the Dephts (A true fiction)' von Sarah Michel bei malenki.net\",\"breadcrumb\":{\"@id\":\"https:\/\/malenki.net\/de\/produkt\/echos-from-the-dephts-sarah-michel\/#breadcrumb\"},\"inLanguage\":\"de\",\"potentialAction\":[{\"@type\":\"ReadAction\",\"target\":[\"https:\/\/malenki.net\/de\/produkt\/echos-from-the-dephts-sarah-michel\/\"]}]},{\"@type\":\"ImageObject\",\"inLanguage\":\"de\",\"@id\":\"https:\/\/malenki.net\/de\/produkt\/echos-from-the-dephts-sarah-michel\/#primaryimage\",\"url\":\"https:\/\/malenki.net\/wp-content\/uploads\/2022\/05\/sarah-michel_echos-from-the-depths-01.jpg\",\"contentUrl\":\"https:\/\/malenki.net\/wp-content\/uploads\/2022\/05\/sarah-michel_echos-from-the-depths-01.jpg\",\"width\":1024,\"height\":819,\"caption\":\"Sarah Michel \u2014 Echos from the Dephts (A true fiction)\"},{\"@type\":\"BreadcrumbList\",\"@id\":\"https:\/\/malenki.net\/de\/produkt\/echos-from-the-dephts-sarah-michel\/#breadcrumb\",\"itemListElement\":[{\"@type\":\"ListItem\",\"position\":1,\"name\":\"Home\",\"item\":\"https:\/\/malenki.net\/de\/\"},{\"@type\":\"ListItem\",\"position\":2,\"name\":\"Editionen\",\"item\":\"https:\/\/malenki.net\/de\/\"},{\"@type\":\"ListItem\",\"position\":3,\"name\":\"Echos from the Dephts (A true fiction)\"}]},{\"@type\":\"WebSite\",\"@id\":\"https:\/\/malenki.net\/de\/#website\",\"url\":\"https:\/\/malenki.net\/de\/\",\"name\":\"malenki.net\",\"description\":\"Fotografie Editionen\",\"publisher\":{\"@id\":\"https:\/\/malenki.net\/de\/#organization\"},\"potentialAction\":[{\"@type\":\"SearchAction\",\"target\":{\"@type\":\"EntryPoint\",\"urlTemplate\":\"https:\/\/malenki.net\/de\/?s={search_term_string}\"},\"query-input\":{\"@type\":\"PropertyValueSpecification\",\"valueRequired\":true,\"valueName\":\"search_term_string\"}}],\"inLanguage\":\"de\"},{\"@type\":\"Organization\",\"@id\":\"https:\/\/malenki.net\/de\/#organization\",\"name\":\"malenki.net\",\"url\":\"https:\/\/malenki.net\/de\/\",\"logo\":{\"@type\":\"ImageObject\",\"inLanguage\":\"de\",\"@id\":\"https:\/\/malenki.net\/de\/#\/schema\/logo\/image\/\",\"url\":\"https:\/\/malenki.net\/wp-content\/uploads\/2023\/03\/malenki-logo-2019.gif\",\"contentUrl\":\"https:\/\/malenki.net\/wp-content\/uploads\/2023\/03\/malenki-logo-2019.gif\",\"width\":524,\"height\":138,\"caption\":\"malenki.net\"},\"image\":{\"@id\":\"https:\/\/malenki.net\/de\/#\/schema\/logo\/image\/\"},\"sameAs\":[\"https:\/\/www.facebook.com\/malenki.editionen\/\",\"https:\/\/www.instagram.com\/malenkinet\/\"]}]}<\/script>\n<!-- \/ Yoast SEO plugin. -->","yoast_head_json":{"title":"malenki.net | Echos from the Dephts (A true fiction) | Sarah Michel","description":"'Echos from the Dephts (A true fiction)' von Sarah Michel bei malenki.net","robots":{"index":"index","follow":"follow","max-snippet":"max-snippet:-1","max-image-preview":"max-image-preview:large","max-video-preview":"max-video-preview:-1"},"canonical":"https:\/\/malenki.net\/de\/produkt\/echos-from-the-dephts-sarah-michel\/","og_locale":"de_DE","og_type":"article","og_title":"malenki.net | Echos from the Dephts (A true fiction) | Sarah Michel","og_description":"'Echos from the Dephts (A true fiction)' von Sarah Michel bei malenki.net","og_url":"https:\/\/malenki.net\/de\/produkt\/echos-from-the-dephts-sarah-michel\/","og_site_name":"malenki.net","article_publisher":"https:\/\/www.facebook.com\/malenki.editionen\/","article_modified_time":"2026-03-29T17:26:09+00:00","og_image":[{"width":1024,"height":819,"url":"https:\/\/malenki.net\/wp-content\/uploads\/2022\/05\/sarah-michel_echos-from-the-depths-01.jpg","type":"image\/jpeg"}],"twitter_card":"summary_large_image","twitter_misc":{"Gesch\u00e4tzte Lesezeit":"1\u00a0Minute"},"schema":{"@context":"https:\/\/schema.org","@graph":[{"@type":"WebPage","@id":"https:\/\/malenki.net\/de\/produkt\/echos-from-the-dephts-sarah-michel\/","url":"https:\/\/malenki.net\/de\/produkt\/echos-from-the-dephts-sarah-michel\/","name":"malenki.net | Echos from the Dephts (A true fiction) | Sarah Michel","isPartOf":{"@id":"https:\/\/malenki.net\/de\/#website"},"primaryImageOfPage":{"@id":"https:\/\/malenki.net\/de\/produkt\/echos-from-the-dephts-sarah-michel\/#primaryimage"},"image":{"@id":"https:\/\/malenki.net\/de\/produkt\/echos-from-the-dephts-sarah-michel\/#primaryimage"},"thumbnailUrl":"https:\/\/malenki.net\/wp-content\/uploads\/2022\/05\/sarah-michel_echos-from-the-depths-01.jpg","datePublished":"2022-05-03T12:28:28+00:00","dateModified":"2026-03-29T17:26:09+00:00","description":"'Echos from the Dephts (A true fiction)' von Sarah Michel bei malenki.net","breadcrumb":{"@id":"https:\/\/malenki.net\/de\/produkt\/echos-from-the-dephts-sarah-michel\/#breadcrumb"},"inLanguage":"de","potentialAction":[{"@type":"ReadAction","target":["https:\/\/malenki.net\/de\/produkt\/echos-from-the-dephts-sarah-michel\/"]}]},{"@type":"ImageObject","inLanguage":"de","@id":"https:\/\/malenki.net\/de\/produkt\/echos-from-the-dephts-sarah-michel\/#primaryimage","url":"https:\/\/malenki.net\/wp-content\/uploads\/2022\/05\/sarah-michel_echos-from-the-depths-01.jpg","contentUrl":"https:\/\/malenki.net\/wp-content\/uploads\/2022\/05\/sarah-michel_echos-from-the-depths-01.jpg","width":1024,"height":819,"caption":"Sarah Michel \u2014 Echos from the Dephts (A true fiction)"},{"@type":"BreadcrumbList","@id":"https:\/\/malenki.net\/de\/produkt\/echos-from-the-dephts-sarah-michel\/#breadcrumb","itemListElement":[{"@type":"ListItem","position":1,"name":"Home","item":"https:\/\/malenki.net\/de\/"},{"@type":"ListItem","position":2,"name":"Editionen","item":"https:\/\/malenki.net\/de\/"},{"@type":"ListItem","position":3,"name":"Echos from the Dephts (A true fiction)"}]},{"@type":"WebSite","@id":"https:\/\/malenki.net\/de\/#website","url":"https:\/\/malenki.net\/de\/","name":"malenki.net","description":"Fotografie Editionen","publisher":{"@id":"https:\/\/malenki.net\/de\/#organization"},"potentialAction":[{"@type":"SearchAction","target":{"@type":"EntryPoint","urlTemplate":"https:\/\/malenki.net\/de\/?s={search_term_string}"},"query-input":{"@type":"PropertyValueSpecification","valueRequired":true,"valueName":"search_term_string"}}],"inLanguage":"de"},{"@type":"Organization","@id":"https:\/\/malenki.net\/de\/#organization","name":"malenki.net","url":"https:\/\/malenki.net\/de\/","logo":{"@type":"ImageObject","inLanguage":"de","@id":"https:\/\/malenki.net\/de\/#\/schema\/logo\/image\/","url":"https:\/\/malenki.net\/wp-content\/uploads\/2023\/03\/malenki-logo-2019.gif","contentUrl":"https:\/\/malenki.net\/wp-content\/uploads\/2023\/03\/malenki-logo-2019.gif","width":524,"height":138,"caption":"malenki.net"},"image":{"@id":"https:\/\/malenki.net\/de\/#\/schema\/logo\/image\/"},"sameAs":["https:\/\/www.facebook.com\/malenki.editionen\/","https:\/\/www.instagram.com\/malenkinet\/"]}]}},"wps_subtitle":"Sarah Michel","_links":{"self":[{"href":"https:\/\/malenki.net\/de\/wp-json\/wp\/v2\/product\/9712","targetHints":{"allow":["GET"]}}],"collection":[{"href":"https:\/\/malenki.net\/de\/wp-json\/wp\/v2\/product"}],"about":[{"href":"https:\/\/malenki.net\/de\/wp-json\/wp\/v2\/types\/product"}],"wp:featuredmedia":[{"embeddable":true,"href":"https:\/\/malenki.net\/de\/wp-json\/wp\/v2\/media\/9703"}],"wp:attachment":[{"href":"https:\/\/malenki.net\/de\/wp-json\/wp\/v2\/media?parent=9712"}],"wp:term":[{"taxonomy":"product_brand","embeddable":true,"href":"https:\/\/malenki.net\/de\/wp-json\/wp\/v2\/product_brand?post=9712"},{"taxonomy":"product_cat","embeddable":true,"href":"https:\/\/malenki.net\/de\/wp-json\/wp\/v2\/product_cat?post=9712"},{"taxonomy":"product_tag","embeddable":true,"href":"https:\/\/malenki.net\/de\/wp-json\/wp\/v2\/product_tag?post=9712"}],"curies":[{"name":"wp","href":"https:\/\/api.w.org\/{rel}","templated":true}]}}