{"id":9698,"date":"2022-03-10T20:49:17","date_gmt":"2022-03-10T19:49:17","guid":{"rendered":"https:\/\/malenki.net\/product\/stuke-sieber-paris-la-ville-lumiere\/"},"modified":"2026-03-29T19:26:19","modified_gmt":"2026-03-29T17:26:19","slug":"stuke-sieber-paris-la-ville-lumiere","status":"publish","type":"product","link":"https:\/\/malenki.net\/de\/produkt\/stuke-sieber-paris-la-ville-lumiere\/","title":{"rendered":"Paris, 8 Dec 2018 \u2014 La Ville Lumi\u00e8re"},"content":{"rendered":"<p>Oliver Sieber und Katja Stuke [\u2026] sind keine feste Gr\u00f6\u00dfe in [der franz\u00f6sischn] Gesellschaft: Als Residenzk\u00fcnstler in der Cit\u00e9 internationale des arts wurden sie jedoch mit den ersten \u201eAkten\u201c der Gelbwestenbewegung konfrontiert. In diesem Sinne sind sie distanzierte Beobachter und ergreifen keine Partei und sind gleichzeitig nicht gleichg\u00fcltig: Sie beobachten, wie sich der Konflikt in das Narrativ der Stadt [Paris] einschreibt. Ihre Route folgt und kreuzt sich mit der der Akteure diesen Tages, f\u00fchrt sie entlang der Rue de Rivoli, am Louvre vorbei nach La Madeleine, weiter zum Gare Saint-Lazare, an der M\u00e9tro Li\u00e8ge vorbei zu den Galleries Lafayette, entlang des Boulevard Haussmann zum Place de la R\u00e9publique und nachts zur\u00fcck zur Bastille und zur Cit\u00e9 des Arts. Ihre Perspektiven wechseln immer wieder zwischen Stra\u00dfenrand und Stra\u00dfenmitte, verorten die Akteur*innen \u2013 inmitten des ganzen Treibens auf der Stra\u00dfe \u2013 in Relation zur Umgebung, halten sie die kleineren Vorkommnisse ebenso fest wie die gr\u00f6\u00dferen Verw\u00fcstungen, individuell Kontrollen von Passanten durch Zivilpolizisten, sowie den fl\u00e4chendeckende Einsatz der Sicherheitskr\u00e4fte. Ihre 113 Fotografien zeigen nicht mehr und nicht weniger als sechs Stunden eines Protesttages, ein Akt in diesem sozialen Drama, ein weiterer dies irae f\u00fcr die franz\u00f6sische Gesellschaft, von denen es in letzter Zeit eine F\u00fclle gab: von Anschl\u00e4gen auf Charlie Hebdo und Bataclan zum Generalstreik und den Demonstrationen gegen Polizeibrutalit\u00e4t Sie [Oliver Sieber und Katja Stuke] fangen die sichtbaren Konfigurationen eines sozialen Protests ein, dessen politische Rhetorik unklar bleibt, und sind damit ebenso beredt wie eine Darstellung der sozialen Bruchlinien innerhalb der Gesellschaft. \u2014 Eigene \u00dcbersetzung nach einem Text von Florian Ebner<\/p>\n","protected":false},"excerpt":{"rendered":"<p>Oliver Sieber und Katja Stuke [\u2026] sind keine feste Gr\u00f6\u00dfe in [der franz\u00f6sischn] Gesellschaft: Als Residenzk\u00fcnstler in der Cit\u00e9 internationale des arts wurden sie jedoch mit den ersten \u201eAkten\u201c der Gelbwestenbewegung konfrontiert. In diesem Sinne sind sie distanzierte Beobachter und ergreifen keine Partei und sind gleichzeitig nicht gleichg\u00fcltig: Sie beobachten, wie sich der Konflikt in&hellip; <a class=\"more-link\" href=\"https:\/\/malenki.net\/de\/produkt\/stuke-sieber-paris-la-ville-lumiere\/\"><span class=\"screen-reader-text\">Paris, 8 Dec 2018 \u2014 La Ville Lumi\u00e8re<\/span> weiterlesen<\/a><\/p>\n","protected":false},"featured_media":9969,"template":"","meta":{"pgc_sgb_lightbox_settings":""},"product_brand":[],"product_cat":[5296,5344],"product_tag":[5167,5168,5301,5172,5170,4865,5175,5176,5179,5575,5181,5692],"class_list":{"0":"post-9698","1":"product","2":"type-product","3":"status-publish","4":"has-post-thumbnail","6":"product_cat-katja-stuke-de-artists","7":"product_cat-oliver-sieber-de","8":"product_tag-boehm","9":"product_tag-bohm-kobayashi-de","10":"product_tag-florin-ebner-de","11":"product_tag-katja-stuke-de","12":"product_tag-kobayashi-de","13":"product_tag-offentlicher-raum","14":"product_tag-oliver-sieber-de","15":"product_tag-paris-de","16":"product_tag-sieber-de","17":"product_tag-streik-de","18":"product_tag-stuke-de","19":"product_tag-wanderung","20":"entry","22":"first","23":"instock","24":"shipping-taxable","25":"purchasable","26":"product-type-simple"},"yoast_head":"<!-- This site is optimized with the Yoast SEO plugin v27.2 - https:\/\/yoast.com\/product\/yoast-seo-wordpress\/ -->\n<title>malenki.net | Paris, 8 Dec 2018 \u2014 La Ville Lumi\u00e8re | Katja Stuke &amp; Oliver Sieber<\/title>\n<meta name=\"description\" content=\"&#039;Paris, 8 Dec 2018 \u2014 La Ville Lumi\u00e8re&#039; von Katja Stuke &amp; Oliver Sieber bei malenki.net\" \/>\n<meta name=\"robots\" content=\"index, follow, max-snippet:-1, max-image-preview:large, max-video-preview:-1\" \/>\n<link rel=\"canonical\" href=\"https:\/\/malenki.net\/de\/produkt\/stuke-sieber-paris-la-ville-lumiere\/\" \/>\n<meta property=\"og:locale\" content=\"de_DE\" \/>\n<meta property=\"og:type\" content=\"article\" \/>\n<meta property=\"og:title\" content=\"malenki.net | Paris, 8 Dec 2018 \u2014 La Ville Lumi\u00e8re | Katja Stuke &amp; Oliver Sieber\" \/>\n<meta property=\"og:description\" content=\"&#039;Paris, 8 Dec 2018 \u2014 La Ville Lumi\u00e8re&#039; von Katja Stuke &amp; Oliver Sieber bei malenki.net\" \/>\n<meta property=\"og:url\" content=\"https:\/\/malenki.net\/de\/produkt\/stuke-sieber-paris-la-ville-lumiere\/\" \/>\n<meta property=\"og:site_name\" content=\"malenki.net\" \/>\n<meta property=\"article:publisher\" content=\"https:\/\/www.facebook.com\/malenki.editionen\/\" \/>\n<meta property=\"article:modified_time\" content=\"2026-03-29T17:26:19+00:00\" \/>\n<meta property=\"og:image\" content=\"https:\/\/malenki.net\/wp-content\/uploads\/2022\/03\/paris-la-ville-lumiere-stuke-sieber-01.jpg\" \/>\n\t<meta property=\"og:image:width\" content=\"1024\" \/>\n\t<meta property=\"og:image:height\" content=\"819\" \/>\n\t<meta property=\"og:image:type\" content=\"image\/jpeg\" \/>\n<meta name=\"twitter:card\" content=\"summary_large_image\" \/>\n<meta name=\"twitter:label1\" content=\"Gesch\u00e4tzte Lesezeit\" \/>\n\t<meta name=\"twitter:data1\" content=\"1\u00a0Minute\" \/>\n<script type=\"application\/ld+json\" class=\"yoast-schema-graph\">{\"@context\":\"https:\/\/schema.org\",\"@graph\":[{\"@type\":\"WebPage\",\"@id\":\"https:\/\/malenki.net\/de\/produkt\/stuke-sieber-paris-la-ville-lumiere\/\",\"url\":\"https:\/\/malenki.net\/de\/produkt\/stuke-sieber-paris-la-ville-lumiere\/\",\"name\":\"malenki.net | Paris, 8 Dec 2018 \u2014 La Ville Lumi\u00e8re | Katja Stuke &amp; Oliver Sieber\",\"isPartOf\":{\"@id\":\"https:\/\/malenki.net\/de\/#website\"},\"primaryImageOfPage\":{\"@id\":\"https:\/\/malenki.net\/de\/produkt\/stuke-sieber-paris-la-ville-lumiere\/#primaryimage\"},\"image\":{\"@id\":\"https:\/\/malenki.net\/de\/produkt\/stuke-sieber-paris-la-ville-lumiere\/#primaryimage\"},\"thumbnailUrl\":\"https:\/\/malenki.net\/wp-content\/uploads\/2022\/03\/paris-la-ville-lumiere-stuke-sieber-01.jpg\",\"datePublished\":\"2022-03-10T19:49:17+00:00\",\"dateModified\":\"2026-03-29T17:26:19+00:00\",\"description\":\"'Paris, 8 Dec 2018 \u2014 La Ville Lumi\u00e8re' von Katja Stuke & Oliver Sieber bei malenki.net\",\"breadcrumb\":{\"@id\":\"https:\/\/malenki.net\/de\/produkt\/stuke-sieber-paris-la-ville-lumiere\/#breadcrumb\"},\"inLanguage\":\"de\",\"potentialAction\":[{\"@type\":\"ReadAction\",\"target\":[\"https:\/\/malenki.net\/de\/produkt\/stuke-sieber-paris-la-ville-lumiere\/\"]}]},{\"@type\":\"ImageObject\",\"inLanguage\":\"de\",\"@id\":\"https:\/\/malenki.net\/de\/produkt\/stuke-sieber-paris-la-ville-lumiere\/#primaryimage\",\"url\":\"https:\/\/malenki.net\/wp-content\/uploads\/2022\/03\/paris-la-ville-lumiere-stuke-sieber-01.jpg\",\"contentUrl\":\"https:\/\/malenki.net\/wp-content\/uploads\/2022\/03\/paris-la-ville-lumiere-stuke-sieber-01.jpg\",\"width\":1024,\"height\":819,\"caption\":\"Paris, 8 Dec 2018 - La Ville Lumi\u00e8re \u2014 Katja Stuke & Oliver Sieber\"},{\"@type\":\"BreadcrumbList\",\"@id\":\"https:\/\/malenki.net\/de\/produkt\/stuke-sieber-paris-la-ville-lumiere\/#breadcrumb\",\"itemListElement\":[{\"@type\":\"ListItem\",\"position\":1,\"name\":\"Home\",\"item\":\"https:\/\/malenki.net\/de\/\"},{\"@type\":\"ListItem\",\"position\":2,\"name\":\"Editionen\",\"item\":\"https:\/\/malenki.net\/de\/\"},{\"@type\":\"ListItem\",\"position\":3,\"name\":\"Paris, 8 Dec 2018 \u2014 La Ville Lumi\u00e8re\"}]},{\"@type\":\"WebSite\",\"@id\":\"https:\/\/malenki.net\/de\/#website\",\"url\":\"https:\/\/malenki.net\/de\/\",\"name\":\"malenki.net\",\"description\":\"Fotografie Editionen\",\"publisher\":{\"@id\":\"https:\/\/malenki.net\/de\/#organization\"},\"potentialAction\":[{\"@type\":\"SearchAction\",\"target\":{\"@type\":\"EntryPoint\",\"urlTemplate\":\"https:\/\/malenki.net\/de\/?s={search_term_string}\"},\"query-input\":{\"@type\":\"PropertyValueSpecification\",\"valueRequired\":true,\"valueName\":\"search_term_string\"}}],\"inLanguage\":\"de\"},{\"@type\":\"Organization\",\"@id\":\"https:\/\/malenki.net\/de\/#organization\",\"name\":\"malenki.net\",\"url\":\"https:\/\/malenki.net\/de\/\",\"logo\":{\"@type\":\"ImageObject\",\"inLanguage\":\"de\",\"@id\":\"https:\/\/malenki.net\/de\/#\/schema\/logo\/image\/\",\"url\":\"https:\/\/malenki.net\/wp-content\/uploads\/2023\/03\/malenki-logo-2019.gif\",\"contentUrl\":\"https:\/\/malenki.net\/wp-content\/uploads\/2023\/03\/malenki-logo-2019.gif\",\"width\":524,\"height\":138,\"caption\":\"malenki.net\"},\"image\":{\"@id\":\"https:\/\/malenki.net\/de\/#\/schema\/logo\/image\/\"},\"sameAs\":[\"https:\/\/www.facebook.com\/malenki.editionen\/\",\"https:\/\/www.instagram.com\/malenkinet\/\"]}]}<\/script>\n<!-- \/ Yoast SEO plugin. -->","yoast_head_json":{"title":"malenki.net | Paris, 8 Dec 2018 \u2014 La Ville Lumi\u00e8re | Katja Stuke &amp; Oliver Sieber","description":"'Paris, 8 Dec 2018 \u2014 La Ville Lumi\u00e8re' von Katja Stuke & Oliver Sieber bei malenki.net","robots":{"index":"index","follow":"follow","max-snippet":"max-snippet:-1","max-image-preview":"max-image-preview:large","max-video-preview":"max-video-preview:-1"},"canonical":"https:\/\/malenki.net\/de\/produkt\/stuke-sieber-paris-la-ville-lumiere\/","og_locale":"de_DE","og_type":"article","og_title":"malenki.net | Paris, 8 Dec 2018 \u2014 La Ville Lumi\u00e8re | Katja Stuke &amp; Oliver Sieber","og_description":"'Paris, 8 Dec 2018 \u2014 La Ville Lumi\u00e8re' von Katja Stuke & Oliver Sieber bei malenki.net","og_url":"https:\/\/malenki.net\/de\/produkt\/stuke-sieber-paris-la-ville-lumiere\/","og_site_name":"malenki.net","article_publisher":"https:\/\/www.facebook.com\/malenki.editionen\/","article_modified_time":"2026-03-29T17:26:19+00:00","og_image":[{"width":1024,"height":819,"url":"https:\/\/malenki.net\/wp-content\/uploads\/2022\/03\/paris-la-ville-lumiere-stuke-sieber-01.jpg","type":"image\/jpeg"}],"twitter_card":"summary_large_image","twitter_misc":{"Gesch\u00e4tzte Lesezeit":"1\u00a0Minute"},"schema":{"@context":"https:\/\/schema.org","@graph":[{"@type":"WebPage","@id":"https:\/\/malenki.net\/de\/produkt\/stuke-sieber-paris-la-ville-lumiere\/","url":"https:\/\/malenki.net\/de\/produkt\/stuke-sieber-paris-la-ville-lumiere\/","name":"malenki.net | Paris, 8 Dec 2018 \u2014 La Ville Lumi\u00e8re | Katja Stuke &amp; Oliver Sieber","isPartOf":{"@id":"https:\/\/malenki.net\/de\/#website"},"primaryImageOfPage":{"@id":"https:\/\/malenki.net\/de\/produkt\/stuke-sieber-paris-la-ville-lumiere\/#primaryimage"},"image":{"@id":"https:\/\/malenki.net\/de\/produkt\/stuke-sieber-paris-la-ville-lumiere\/#primaryimage"},"thumbnailUrl":"https:\/\/malenki.net\/wp-content\/uploads\/2022\/03\/paris-la-ville-lumiere-stuke-sieber-01.jpg","datePublished":"2022-03-10T19:49:17+00:00","dateModified":"2026-03-29T17:26:19+00:00","description":"'Paris, 8 Dec 2018 \u2014 La Ville Lumi\u00e8re' von Katja Stuke & Oliver Sieber bei malenki.net","breadcrumb":{"@id":"https:\/\/malenki.net\/de\/produkt\/stuke-sieber-paris-la-ville-lumiere\/#breadcrumb"},"inLanguage":"de","potentialAction":[{"@type":"ReadAction","target":["https:\/\/malenki.net\/de\/produkt\/stuke-sieber-paris-la-ville-lumiere\/"]}]},{"@type":"ImageObject","inLanguage":"de","@id":"https:\/\/malenki.net\/de\/produkt\/stuke-sieber-paris-la-ville-lumiere\/#primaryimage","url":"https:\/\/malenki.net\/wp-content\/uploads\/2022\/03\/paris-la-ville-lumiere-stuke-sieber-01.jpg","contentUrl":"https:\/\/malenki.net\/wp-content\/uploads\/2022\/03\/paris-la-ville-lumiere-stuke-sieber-01.jpg","width":1024,"height":819,"caption":"Paris, 8 Dec 2018 - La Ville Lumi\u00e8re \u2014 Katja Stuke & Oliver Sieber"},{"@type":"BreadcrumbList","@id":"https:\/\/malenki.net\/de\/produkt\/stuke-sieber-paris-la-ville-lumiere\/#breadcrumb","itemListElement":[{"@type":"ListItem","position":1,"name":"Home","item":"https:\/\/malenki.net\/de\/"},{"@type":"ListItem","position":2,"name":"Editionen","item":"https:\/\/malenki.net\/de\/"},{"@type":"ListItem","position":3,"name":"Paris, 8 Dec 2018 \u2014 La Ville Lumi\u00e8re"}]},{"@type":"WebSite","@id":"https:\/\/malenki.net\/de\/#website","url":"https:\/\/malenki.net\/de\/","name":"malenki.net","description":"Fotografie Editionen","publisher":{"@id":"https:\/\/malenki.net\/de\/#organization"},"potentialAction":[{"@type":"SearchAction","target":{"@type":"EntryPoint","urlTemplate":"https:\/\/malenki.net\/de\/?s={search_term_string}"},"query-input":{"@type":"PropertyValueSpecification","valueRequired":true,"valueName":"search_term_string"}}],"inLanguage":"de"},{"@type":"Organization","@id":"https:\/\/malenki.net\/de\/#organization","name":"malenki.net","url":"https:\/\/malenki.net\/de\/","logo":{"@type":"ImageObject","inLanguage":"de","@id":"https:\/\/malenki.net\/de\/#\/schema\/logo\/image\/","url":"https:\/\/malenki.net\/wp-content\/uploads\/2023\/03\/malenki-logo-2019.gif","contentUrl":"https:\/\/malenki.net\/wp-content\/uploads\/2023\/03\/malenki-logo-2019.gif","width":524,"height":138,"caption":"malenki.net"},"image":{"@id":"https:\/\/malenki.net\/de\/#\/schema\/logo\/image\/"},"sameAs":["https:\/\/www.facebook.com\/malenki.editionen\/","https:\/\/www.instagram.com\/malenkinet\/"]}]}},"wps_subtitle":"Katja Stuke &amp; Oliver Sieber","_links":{"self":[{"href":"https:\/\/malenki.net\/de\/wp-json\/wp\/v2\/product\/9698","targetHints":{"allow":["GET"]}}],"collection":[{"href":"https:\/\/malenki.net\/de\/wp-json\/wp\/v2\/product"}],"about":[{"href":"https:\/\/malenki.net\/de\/wp-json\/wp\/v2\/types\/product"}],"wp:featuredmedia":[{"embeddable":true,"href":"https:\/\/malenki.net\/de\/wp-json\/wp\/v2\/media\/9969"}],"wp:attachment":[{"href":"https:\/\/malenki.net\/de\/wp-json\/wp\/v2\/media?parent=9698"}],"wp:term":[{"taxonomy":"product_brand","embeddable":true,"href":"https:\/\/malenki.net\/de\/wp-json\/wp\/v2\/product_brand?post=9698"},{"taxonomy":"product_cat","embeddable":true,"href":"https:\/\/malenki.net\/de\/wp-json\/wp\/v2\/product_cat?post=9698"},{"taxonomy":"product_tag","embeddable":true,"href":"https:\/\/malenki.net\/de\/wp-json\/wp\/v2\/product_tag?post=9698"}],"curies":[{"name":"wp","href":"https:\/\/api.w.org\/{rel}","templated":true}]}}