{"id":9650,"date":"2022-03-12T14:54:56","date_gmt":"2022-03-12T13:54:56","guid":{"rendered":"https:\/\/malenki.net\/product\/hugo-janin-lombre-d-un-doute\/"},"modified":"2026-03-29T19:25:29","modified_gmt":"2026-03-29T17:25:29","slug":"hugo-janin-lombre-d-un-doute","status":"publish","type":"product","link":"https:\/\/malenki.net\/de\/produkt\/hugo-janin-lombre-d-un-doute\/","title":{"rendered":"L\u2019ombre d\u2019un doute (Shadow of a doubt)"},"content":{"rendered":"<p>Diese Sammlung ist die der ausgesetzten Zeit, \u2028eines entscheidenden Moments, in dem Zeichen bl\u00fchen \u2028an denen man zweifeln muss, die aber nicht ignoriert werden k\u00f6nnen.\u2028\u2028 &#8222;Ein Gedanke f\u00fcr dich w\u00e4hrend meiner Reise, ich kann es kaum erwarten, dir alles zu erz\u00e4hlen. Danke f\u00fcr die B\u00fccher, sie passen gut zu meinen Spazierg\u00e4ngen. Ein Foto erinnerte mich an unsere letzte Diskussion. Du wirst verstehen.&#8220;<\/p>\n<p><em>L\u2019ombre d\u2019un doute<\/em> ist eine Schwarz-Wei\u00df-Ausgabe von hundert Seiten, gedruckt Ende 2020 und limitiert auf 50 Exemplare. Diese Publikation pr\u00e4sentiert eine Sammlung von Fotografien, die zwischen 2018 und 2020 in Br\u00fcssel und insbesondere in seinen Au\u00dfenbezirken sowie bei Spazierg\u00e4ngen und Radtouren in der franz\u00f6sischen, belgischen, niederl\u00e4ndischen und luxemburgischen Landschaft von Hugo Janin aufgenommen wurden.<\/p>\n","protected":false},"excerpt":{"rendered":"<p>Diese Sammlung ist die der ausgesetzten Zeit, \u2028eines entscheidenden Moments, in dem Zeichen bl\u00fchen \u2028an denen man zweifeln muss, die aber nicht ignoriert werden k\u00f6nnen.\u2028\u2028 &#8222;Ein Gedanke f\u00fcr dich w\u00e4hrend meiner Reise, ich kann es kaum erwarten, dir alles zu erz\u00e4hlen. Danke f\u00fcr die B\u00fccher, sie passen gut zu meinen Spazierg\u00e4ngen. Ein Foto erinnerte mich&hellip; <a class=\"more-link\" href=\"https:\/\/malenki.net\/de\/produkt\/hugo-janin-lombre-d-un-doute\/\"><span class=\"screen-reader-text\">L\u2019ombre d\u2019un doute (Shadow of a doubt)<\/span> weiterlesen<\/a><\/p>\n","protected":false},"featured_media":9639,"template":"","meta":{"pgc_sgb_lightbox_settings":""},"product_brand":[],"product_cat":[5184],"product_tag":[4116,4066,5173,5174,3987,5618,3059,5182,3535,4384,5692,3994],"class_list":{"0":"post-9650","1":"product","2":"type-product","3":"status-publish","4":"has-post-thumbnail","6":"product_cat-hugo-janin-de","7":"product_tag-belgien","8":"product_tag-bild-und-text","9":"product_tag-hugo-janin-de","10":"product_tag-janin-de","11":"product_tag-landschaft","12":"product_tag-literatur","13":"product_tag-schwarz-weiss","14":"product_tag-shadow-of-a-doubt-de","15":"product_tag-siebdruck","16":"product_tag-text-und-bild","17":"product_tag-wanderung","18":"product_tag-zine-de","19":"entry","21":"first","22":"instock","23":"shipping-taxable","24":"purchasable","25":"product-type-simple"},"yoast_head":"<!-- This site is optimized with the Yoast SEO plugin v27.2 - https:\/\/yoast.com\/product\/yoast-seo-wordpress\/ -->\n<title>malenki.net | L\u2019ombre d\u2019un doute (Shadow of a doubt) | Hugo Janin<\/title>\n<meta name=\"robots\" content=\"index, follow, max-snippet:-1, max-image-preview:large, max-video-preview:-1\" \/>\n<link rel=\"canonical\" href=\"https:\/\/malenki.net\/de\/produkt\/hugo-janin-lombre-d-un-doute\/\" \/>\n<meta property=\"og:locale\" content=\"de_DE\" \/>\n<meta property=\"og:type\" content=\"article\" \/>\n<meta property=\"og:title\" content=\"malenki.net | L\u2019ombre d\u2019un doute (Shadow of a doubt) | Hugo Janin\" \/>\n<meta property=\"og:description\" content=\"Diese Sammlung ist die der ausgesetzten Zeit, \u2028eines entscheidenden Moments, in dem Zeichen bl\u00fchen \u2028an denen man zweifeln muss, die aber nicht ignoriert werden k\u00f6nnen.\u2028\u2028 &#8222;Ein Gedanke f\u00fcr dich w\u00e4hrend meiner Reise, ich kann es kaum erwarten, dir alles zu erz\u00e4hlen. Danke f\u00fcr die B\u00fccher, sie passen gut zu meinen Spazierg\u00e4ngen. Ein Foto erinnerte mich&hellip; L\u2019ombre d\u2019un doute (Shadow of a doubt) weiterlesen\" \/>\n<meta property=\"og:url\" content=\"https:\/\/malenki.net\/de\/produkt\/hugo-janin-lombre-d-un-doute\/\" \/>\n<meta property=\"og:site_name\" content=\"malenki.net\" \/>\n<meta property=\"article:publisher\" content=\"https:\/\/www.facebook.com\/malenki.editionen\/\" \/>\n<meta property=\"article:modified_time\" content=\"2026-03-29T17:25:29+00:00\" \/>\n<meta property=\"og:image\" content=\"https:\/\/malenki.net\/wp-content\/uploads\/2022\/03\/hugo-janin_l-ombre-d-un-doute_01.jpg\" \/>\n\t<meta property=\"og:image:width\" content=\"1024\" \/>\n\t<meta property=\"og:image:height\" content=\"819\" \/>\n\t<meta property=\"og:image:type\" content=\"image\/jpeg\" \/>\n<meta name=\"twitter:card\" content=\"summary_large_image\" \/>\n<meta name=\"twitter:label1\" content=\"Gesch\u00e4tzte Lesezeit\" \/>\n\t<meta name=\"twitter:data1\" content=\"1\u00a0Minute\" \/>\n<script type=\"application\/ld+json\" class=\"yoast-schema-graph\">{\"@context\":\"https:\/\/schema.org\",\"@graph\":[{\"@type\":\"WebPage\",\"@id\":\"https:\/\/malenki.net\/de\/produkt\/hugo-janin-lombre-d-un-doute\/\",\"url\":\"https:\/\/malenki.net\/de\/produkt\/hugo-janin-lombre-d-un-doute\/\",\"name\":\"malenki.net | L\u2019ombre d\u2019un doute (Shadow of a doubt) | Hugo Janin\",\"isPartOf\":{\"@id\":\"https:\/\/malenki.net\/de\/#website\"},\"primaryImageOfPage\":{\"@id\":\"https:\/\/malenki.net\/de\/produkt\/hugo-janin-lombre-d-un-doute\/#primaryimage\"},\"image\":{\"@id\":\"https:\/\/malenki.net\/de\/produkt\/hugo-janin-lombre-d-un-doute\/#primaryimage\"},\"thumbnailUrl\":\"https:\/\/malenki.net\/wp-content\/uploads\/2022\/03\/hugo-janin_l-ombre-d-un-doute_01.jpg\",\"datePublished\":\"2022-03-12T13:54:56+00:00\",\"dateModified\":\"2026-03-29T17:25:29+00:00\",\"breadcrumb\":{\"@id\":\"https:\/\/malenki.net\/de\/produkt\/hugo-janin-lombre-d-un-doute\/#breadcrumb\"},\"inLanguage\":\"de\",\"potentialAction\":[{\"@type\":\"ReadAction\",\"target\":[\"https:\/\/malenki.net\/de\/produkt\/hugo-janin-lombre-d-un-doute\/\"]}]},{\"@type\":\"ImageObject\",\"inLanguage\":\"de\",\"@id\":\"https:\/\/malenki.net\/de\/produkt\/hugo-janin-lombre-d-un-doute\/#primaryimage\",\"url\":\"https:\/\/malenki.net\/wp-content\/uploads\/2022\/03\/hugo-janin_l-ombre-d-un-doute_01.jpg\",\"contentUrl\":\"https:\/\/malenki.net\/wp-content\/uploads\/2022\/03\/hugo-janin_l-ombre-d-un-doute_01.jpg\",\"width\":1024,\"height\":819,\"caption\":\"Hugo Janin \u2014 L\u2019ombre d\u2019un doute (Shadow of a doubt)\"},{\"@type\":\"BreadcrumbList\",\"@id\":\"https:\/\/malenki.net\/de\/produkt\/hugo-janin-lombre-d-un-doute\/#breadcrumb\",\"itemListElement\":[{\"@type\":\"ListItem\",\"position\":1,\"name\":\"Home\",\"item\":\"https:\/\/malenki.net\/de\/\"},{\"@type\":\"ListItem\",\"position\":2,\"name\":\"Editionen\",\"item\":\"https:\/\/malenki.net\/de\/\"},{\"@type\":\"ListItem\",\"position\":3,\"name\":\"L\u2019ombre d\u2019un doute (Shadow of a doubt)\"}]},{\"@type\":\"WebSite\",\"@id\":\"https:\/\/malenki.net\/de\/#website\",\"url\":\"https:\/\/malenki.net\/de\/\",\"name\":\"malenki.net\",\"description\":\"Fotografie Editionen\",\"publisher\":{\"@id\":\"https:\/\/malenki.net\/de\/#organization\"},\"potentialAction\":[{\"@type\":\"SearchAction\",\"target\":{\"@type\":\"EntryPoint\",\"urlTemplate\":\"https:\/\/malenki.net\/de\/?s={search_term_string}\"},\"query-input\":{\"@type\":\"PropertyValueSpecification\",\"valueRequired\":true,\"valueName\":\"search_term_string\"}}],\"inLanguage\":\"de\"},{\"@type\":\"Organization\",\"@id\":\"https:\/\/malenki.net\/de\/#organization\",\"name\":\"malenki.net\",\"url\":\"https:\/\/malenki.net\/de\/\",\"logo\":{\"@type\":\"ImageObject\",\"inLanguage\":\"de\",\"@id\":\"https:\/\/malenki.net\/de\/#\/schema\/logo\/image\/\",\"url\":\"https:\/\/malenki.net\/wp-content\/uploads\/2023\/03\/malenki-logo-2019.gif\",\"contentUrl\":\"https:\/\/malenki.net\/wp-content\/uploads\/2023\/03\/malenki-logo-2019.gif\",\"width\":524,\"height\":138,\"caption\":\"malenki.net\"},\"image\":{\"@id\":\"https:\/\/malenki.net\/de\/#\/schema\/logo\/image\/\"},\"sameAs\":[\"https:\/\/www.facebook.com\/malenki.editionen\/\",\"https:\/\/www.instagram.com\/malenkinet\/\"]}]}<\/script>\n<!-- \/ Yoast SEO plugin. -->","yoast_head_json":{"title":"malenki.net | L\u2019ombre d\u2019un doute (Shadow of a doubt) | Hugo Janin","robots":{"index":"index","follow":"follow","max-snippet":"max-snippet:-1","max-image-preview":"max-image-preview:large","max-video-preview":"max-video-preview:-1"},"canonical":"https:\/\/malenki.net\/de\/produkt\/hugo-janin-lombre-d-un-doute\/","og_locale":"de_DE","og_type":"article","og_title":"malenki.net | L\u2019ombre d\u2019un doute (Shadow of a doubt) | Hugo Janin","og_description":"Diese Sammlung ist die der ausgesetzten Zeit, \u2028eines entscheidenden Moments, in dem Zeichen bl\u00fchen \u2028an denen man zweifeln muss, die aber nicht ignoriert werden k\u00f6nnen.\u2028\u2028 &#8222;Ein Gedanke f\u00fcr dich w\u00e4hrend meiner Reise, ich kann es kaum erwarten, dir alles zu erz\u00e4hlen. Danke f\u00fcr die B\u00fccher, sie passen gut zu meinen Spazierg\u00e4ngen. Ein Foto erinnerte mich&hellip; L\u2019ombre d\u2019un doute (Shadow of a doubt) weiterlesen","og_url":"https:\/\/malenki.net\/de\/produkt\/hugo-janin-lombre-d-un-doute\/","og_site_name":"malenki.net","article_publisher":"https:\/\/www.facebook.com\/malenki.editionen\/","article_modified_time":"2026-03-29T17:25:29+00:00","og_image":[{"width":1024,"height":819,"url":"https:\/\/malenki.net\/wp-content\/uploads\/2022\/03\/hugo-janin_l-ombre-d-un-doute_01.jpg","type":"image\/jpeg"}],"twitter_card":"summary_large_image","twitter_misc":{"Gesch\u00e4tzte Lesezeit":"1\u00a0Minute"},"schema":{"@context":"https:\/\/schema.org","@graph":[{"@type":"WebPage","@id":"https:\/\/malenki.net\/de\/produkt\/hugo-janin-lombre-d-un-doute\/","url":"https:\/\/malenki.net\/de\/produkt\/hugo-janin-lombre-d-un-doute\/","name":"malenki.net | L\u2019ombre d\u2019un doute (Shadow of a doubt) | Hugo Janin","isPartOf":{"@id":"https:\/\/malenki.net\/de\/#website"},"primaryImageOfPage":{"@id":"https:\/\/malenki.net\/de\/produkt\/hugo-janin-lombre-d-un-doute\/#primaryimage"},"image":{"@id":"https:\/\/malenki.net\/de\/produkt\/hugo-janin-lombre-d-un-doute\/#primaryimage"},"thumbnailUrl":"https:\/\/malenki.net\/wp-content\/uploads\/2022\/03\/hugo-janin_l-ombre-d-un-doute_01.jpg","datePublished":"2022-03-12T13:54:56+00:00","dateModified":"2026-03-29T17:25:29+00:00","breadcrumb":{"@id":"https:\/\/malenki.net\/de\/produkt\/hugo-janin-lombre-d-un-doute\/#breadcrumb"},"inLanguage":"de","potentialAction":[{"@type":"ReadAction","target":["https:\/\/malenki.net\/de\/produkt\/hugo-janin-lombre-d-un-doute\/"]}]},{"@type":"ImageObject","inLanguage":"de","@id":"https:\/\/malenki.net\/de\/produkt\/hugo-janin-lombre-d-un-doute\/#primaryimage","url":"https:\/\/malenki.net\/wp-content\/uploads\/2022\/03\/hugo-janin_l-ombre-d-un-doute_01.jpg","contentUrl":"https:\/\/malenki.net\/wp-content\/uploads\/2022\/03\/hugo-janin_l-ombre-d-un-doute_01.jpg","width":1024,"height":819,"caption":"Hugo Janin \u2014 L\u2019ombre d\u2019un doute (Shadow of a doubt)"},{"@type":"BreadcrumbList","@id":"https:\/\/malenki.net\/de\/produkt\/hugo-janin-lombre-d-un-doute\/#breadcrumb","itemListElement":[{"@type":"ListItem","position":1,"name":"Home","item":"https:\/\/malenki.net\/de\/"},{"@type":"ListItem","position":2,"name":"Editionen","item":"https:\/\/malenki.net\/de\/"},{"@type":"ListItem","position":3,"name":"L\u2019ombre d\u2019un doute (Shadow of a doubt)"}]},{"@type":"WebSite","@id":"https:\/\/malenki.net\/de\/#website","url":"https:\/\/malenki.net\/de\/","name":"malenki.net","description":"Fotografie Editionen","publisher":{"@id":"https:\/\/malenki.net\/de\/#organization"},"potentialAction":[{"@type":"SearchAction","target":{"@type":"EntryPoint","urlTemplate":"https:\/\/malenki.net\/de\/?s={search_term_string}"},"query-input":{"@type":"PropertyValueSpecification","valueRequired":true,"valueName":"search_term_string"}}],"inLanguage":"de"},{"@type":"Organization","@id":"https:\/\/malenki.net\/de\/#organization","name":"malenki.net","url":"https:\/\/malenki.net\/de\/","logo":{"@type":"ImageObject","inLanguage":"de","@id":"https:\/\/malenki.net\/de\/#\/schema\/logo\/image\/","url":"https:\/\/malenki.net\/wp-content\/uploads\/2023\/03\/malenki-logo-2019.gif","contentUrl":"https:\/\/malenki.net\/wp-content\/uploads\/2023\/03\/malenki-logo-2019.gif","width":524,"height":138,"caption":"malenki.net"},"image":{"@id":"https:\/\/malenki.net\/de\/#\/schema\/logo\/image\/"},"sameAs":["https:\/\/www.facebook.com\/malenki.editionen\/","https:\/\/www.instagram.com\/malenkinet\/"]}]}},"wps_subtitle":"Hugo Janin","_links":{"self":[{"href":"https:\/\/malenki.net\/de\/wp-json\/wp\/v2\/product\/9650","targetHints":{"allow":["GET"]}}],"collection":[{"href":"https:\/\/malenki.net\/de\/wp-json\/wp\/v2\/product"}],"about":[{"href":"https:\/\/malenki.net\/de\/wp-json\/wp\/v2\/types\/product"}],"wp:featuredmedia":[{"embeddable":true,"href":"https:\/\/malenki.net\/de\/wp-json\/wp\/v2\/media\/9639"}],"wp:attachment":[{"href":"https:\/\/malenki.net\/de\/wp-json\/wp\/v2\/media?parent=9650"}],"wp:term":[{"taxonomy":"product_brand","embeddable":true,"href":"https:\/\/malenki.net\/de\/wp-json\/wp\/v2\/product_brand?post=9650"},{"taxonomy":"product_cat","embeddable":true,"href":"https:\/\/malenki.net\/de\/wp-json\/wp\/v2\/product_cat?post=9650"},{"taxonomy":"product_tag","embeddable":true,"href":"https:\/\/malenki.net\/de\/wp-json\/wp\/v2\/product_tag?post=9650"}],"curies":[{"name":"wp","href":"https:\/\/api.w.org\/{rel}","templated":true}]}}