{"id":9559,"date":"2022-01-15T11:51:11","date_gmt":"2022-01-15T10:51:11","guid":{"rendered":"https:\/\/malenki.net\/product\/dries-segers-hotel-bellevue\/"},"modified":"2025-10-20T18:46:57","modified_gmt":"2025-10-20T16:46:57","slug":"dries-segers-hotel-bellevue","status":"publish","type":"product","link":"https:\/\/malenki.net\/de\/produkt\/dries-segers-hotel-bellevue\/","title":{"rendered":"Hotel Bellevue"},"content":{"rendered":"<p><em>Hotel Bellevue <\/em>von Dries Segers ist ein wundervolles kleines Fotobuch und W\u00f6rterbuch rund um Grenzb\u00e4ume, keltische historische Fakten und visuelle Spekulation. Dieses Buch ist ein Manifest f\u00fcr Liebe, Wut, das Nicht-Menschliche, den Wunsch, sich zu verbinden, ein Vorschlag und Studium zugleich.<br \/>\nGrenzb\u00e4ume sind B\u00e4ume, die an strategischen Stellen in der Landschaft gepflanzt werden. Sie machen bestimmte \u00dcberg\u00e4nge von Staats-, Gemeinschafts- und Eigentumsgrenzen sichtbar. Mehrere Verwaltungen \u00fcberwachen die Erhaltung dieser B\u00e4ume. Die Regierungen sind gesetzlich verpflichtet, sie zu erhalten, neu zu bepflanzen und zu sch\u00fctzen. In einer sich ver\u00e4ndernden geopolitischen Landschaft verlieren diese B\u00e4ume jedoch oft ihre Funktion als kulturgeschichtliche Tr\u00e4ger und gehen unidentifiziert in ihre Umwelt \u00fcber.<br \/>\nB\u00e4ume gibt es auf diesem Planeten seit 370.000.000 Jahren. Sie sind in die Unsichtbarkeit geraten, weil sie ihre Funktion in der Landschaft zugunsten eines neuen, volleren Panoramas von Symbolen und Zeichen verlieren. Stra\u00dfenbau, Landwirtschaft und Urbanisierung haben viel damit zu tun, aber auch technologischer und industrieller Fortschritt. Vor Jahrhunderten dienten einige B\u00e4ume in einer Landschaft als visuelle Elemente zur Orientierung.<\/p>\n","protected":false},"excerpt":{"rendered":"<p>Hier gehts zu einem Bl\u00e4ttervideo von <em>Hotel Bellevue<\/em> auf <a href=\"https:\/\/vimeo.com\/553952566\" target=\"_blank\" rel=\"noopener\">Vimeo<\/a>.<\/p>\n","protected":false},"featured_media":9547,"template":"","meta":{"pgc_sgb_lightbox_settings":""},"product_brand":[],"product_cat":[1835],"product_tag":[4757,5049,4116,5041,5042,1836,5044,5116,5040,5043,5048,3987,3818,1838],"class_list":{"0":"post-9559","1":"product","2":"type-product","3":"status-publish","4":"has-post-thumbnail","6":"product_cat-dries-segers-de","7":"product_tag-archiv","8":"product_tag-baum","9":"product_tag-belgien","10":"product_tag-bellevue-de","11":"product_tag-chloe-dhauwe-de","12":"product_tag-dries-segers-de","13":"product_tag-grenzbaum","14":"product_tag-grenze","15":"product_tag-hotel-bellevue-de","16":"product_tag-ine-meganck-de","17":"product_tag-keltisch","18":"product_tag-landschaft","19":"product_tag-natur","20":"product_tag-segers-de","21":"entry","23":"first","24":"instock","25":"shipping-taxable","26":"purchasable","27":"product-type-simple"},"yoast_head":"<!-- This site is optimized with the Yoast SEO plugin v27.2 - https:\/\/yoast.com\/product\/yoast-seo-wordpress\/ -->\n<title>malenki.net | Hotel Bellevue | Dries Segers<\/title>\n<meta name=\"description\" content=\"\u2018Hotel Bellevue\u2019 von Dries Segers bei malenki.net\" \/>\n<meta name=\"robots\" content=\"index, follow, max-snippet:-1, max-image-preview:large, max-video-preview:-1\" \/>\n<link rel=\"canonical\" href=\"https:\/\/malenki.net\/de\/produkt\/dries-segers-hotel-bellevue\/\" \/>\n<meta property=\"og:locale\" content=\"de_DE\" \/>\n<meta property=\"og:type\" content=\"article\" \/>\n<meta property=\"og:title\" content=\"malenki.net | Hotel Bellevue | Dries Segers\" \/>\n<meta property=\"og:description\" content=\"\u2018Hotel Bellevue\u2019 von Dries Segers bei malenki.net\" \/>\n<meta property=\"og:url\" content=\"https:\/\/malenki.net\/de\/produkt\/dries-segers-hotel-bellevue\/\" \/>\n<meta property=\"og:site_name\" content=\"malenki.net\" \/>\n<meta property=\"article:publisher\" content=\"https:\/\/www.facebook.com\/malenki.editionen\/\" \/>\n<meta property=\"article:modified_time\" content=\"2025-10-20T16:46:57+00:00\" \/>\n<meta property=\"og:image\" content=\"https:\/\/malenki.net\/wp-content\/uploads\/2022\/01\/dries-segers-hotel-bellevue-01.jpg\" \/>\n\t<meta property=\"og:image:width\" content=\"1024\" \/>\n\t<meta property=\"og:image:height\" content=\"819\" \/>\n\t<meta property=\"og:image:type\" content=\"image\/jpeg\" \/>\n<meta name=\"twitter:card\" content=\"summary_large_image\" \/>\n<meta name=\"twitter:label1\" content=\"Gesch\u00e4tzte Lesezeit\" \/>\n\t<meta name=\"twitter:data1\" content=\"1\u00a0Minute\" \/>\n<script type=\"application\/ld+json\" class=\"yoast-schema-graph\">{\"@context\":\"https:\/\/schema.org\",\"@graph\":[{\"@type\":\"WebPage\",\"@id\":\"https:\/\/malenki.net\/de\/produkt\/dries-segers-hotel-bellevue\/\",\"url\":\"https:\/\/malenki.net\/de\/produkt\/dries-segers-hotel-bellevue\/\",\"name\":\"malenki.net | Hotel Bellevue | Dries Segers\",\"isPartOf\":{\"@id\":\"https:\/\/malenki.net\/de\/#website\"},\"primaryImageOfPage\":{\"@id\":\"https:\/\/malenki.net\/de\/produkt\/dries-segers-hotel-bellevue\/#primaryimage\"},\"image\":{\"@id\":\"https:\/\/malenki.net\/de\/produkt\/dries-segers-hotel-bellevue\/#primaryimage\"},\"thumbnailUrl\":\"https:\/\/malenki.net\/wp-content\/uploads\/2022\/01\/dries-segers-hotel-bellevue-01.jpg\",\"datePublished\":\"2022-01-15T10:51:11+00:00\",\"dateModified\":\"2025-10-20T16:46:57+00:00\",\"description\":\"\u2018Hotel Bellevue\u2019 von Dries Segers bei malenki.net\",\"breadcrumb\":{\"@id\":\"https:\/\/malenki.net\/de\/produkt\/dries-segers-hotel-bellevue\/#breadcrumb\"},\"inLanguage\":\"de\",\"potentialAction\":[{\"@type\":\"ReadAction\",\"target\":[\"https:\/\/malenki.net\/de\/produkt\/dries-segers-hotel-bellevue\/\"]}]},{\"@type\":\"ImageObject\",\"inLanguage\":\"de\",\"@id\":\"https:\/\/malenki.net\/de\/produkt\/dries-segers-hotel-bellevue\/#primaryimage\",\"url\":\"https:\/\/malenki.net\/wp-content\/uploads\/2022\/01\/dries-segers-hotel-bellevue-01.jpg\",\"contentUrl\":\"https:\/\/malenki.net\/wp-content\/uploads\/2022\/01\/dries-segers-hotel-bellevue-01.jpg\",\"width\":1024,\"height\":819,\"caption\":\"Hotel Bellevue \u2014 Dries Segers\"},{\"@type\":\"BreadcrumbList\",\"@id\":\"https:\/\/malenki.net\/de\/produkt\/dries-segers-hotel-bellevue\/#breadcrumb\",\"itemListElement\":[{\"@type\":\"ListItem\",\"position\":1,\"name\":\"Home\",\"item\":\"https:\/\/malenki.net\/de\/\"},{\"@type\":\"ListItem\",\"position\":2,\"name\":\"Editionen\",\"item\":\"https:\/\/malenki.net\/de\/\"},{\"@type\":\"ListItem\",\"position\":3,\"name\":\"Hotel Bellevue\"}]},{\"@type\":\"WebSite\",\"@id\":\"https:\/\/malenki.net\/de\/#website\",\"url\":\"https:\/\/malenki.net\/de\/\",\"name\":\"malenki.net\",\"description\":\"Fotografie Editionen\",\"publisher\":{\"@id\":\"https:\/\/malenki.net\/de\/#organization\"},\"potentialAction\":[{\"@type\":\"SearchAction\",\"target\":{\"@type\":\"EntryPoint\",\"urlTemplate\":\"https:\/\/malenki.net\/de\/?s={search_term_string}\"},\"query-input\":{\"@type\":\"PropertyValueSpecification\",\"valueRequired\":true,\"valueName\":\"search_term_string\"}}],\"inLanguage\":\"de\"},{\"@type\":\"Organization\",\"@id\":\"https:\/\/malenki.net\/de\/#organization\",\"name\":\"malenki.net\",\"url\":\"https:\/\/malenki.net\/de\/\",\"logo\":{\"@type\":\"ImageObject\",\"inLanguage\":\"de\",\"@id\":\"https:\/\/malenki.net\/de\/#\/schema\/logo\/image\/\",\"url\":\"https:\/\/malenki.net\/wp-content\/uploads\/2023\/03\/malenki-logo-2019.gif\",\"contentUrl\":\"https:\/\/malenki.net\/wp-content\/uploads\/2023\/03\/malenki-logo-2019.gif\",\"width\":524,\"height\":138,\"caption\":\"malenki.net\"},\"image\":{\"@id\":\"https:\/\/malenki.net\/de\/#\/schema\/logo\/image\/\"},\"sameAs\":[\"https:\/\/www.facebook.com\/malenki.editionen\/\",\"https:\/\/www.instagram.com\/malenkinet\/\"]}]}<\/script>\n<!-- \/ Yoast SEO plugin. -->","yoast_head_json":{"title":"malenki.net | Hotel Bellevue | Dries Segers","description":"\u2018Hotel Bellevue\u2019 von Dries Segers bei malenki.net","robots":{"index":"index","follow":"follow","max-snippet":"max-snippet:-1","max-image-preview":"max-image-preview:large","max-video-preview":"max-video-preview:-1"},"canonical":"https:\/\/malenki.net\/de\/produkt\/dries-segers-hotel-bellevue\/","og_locale":"de_DE","og_type":"article","og_title":"malenki.net | Hotel Bellevue | Dries Segers","og_description":"\u2018Hotel Bellevue\u2019 von Dries Segers bei malenki.net","og_url":"https:\/\/malenki.net\/de\/produkt\/dries-segers-hotel-bellevue\/","og_site_name":"malenki.net","article_publisher":"https:\/\/www.facebook.com\/malenki.editionen\/","article_modified_time":"2025-10-20T16:46:57+00:00","og_image":[{"width":1024,"height":819,"url":"https:\/\/malenki.net\/wp-content\/uploads\/2022\/01\/dries-segers-hotel-bellevue-01.jpg","type":"image\/jpeg"}],"twitter_card":"summary_large_image","twitter_misc":{"Gesch\u00e4tzte Lesezeit":"1\u00a0Minute"},"schema":{"@context":"https:\/\/schema.org","@graph":[{"@type":"WebPage","@id":"https:\/\/malenki.net\/de\/produkt\/dries-segers-hotel-bellevue\/","url":"https:\/\/malenki.net\/de\/produkt\/dries-segers-hotel-bellevue\/","name":"malenki.net | Hotel Bellevue | Dries Segers","isPartOf":{"@id":"https:\/\/malenki.net\/de\/#website"},"primaryImageOfPage":{"@id":"https:\/\/malenki.net\/de\/produkt\/dries-segers-hotel-bellevue\/#primaryimage"},"image":{"@id":"https:\/\/malenki.net\/de\/produkt\/dries-segers-hotel-bellevue\/#primaryimage"},"thumbnailUrl":"https:\/\/malenki.net\/wp-content\/uploads\/2022\/01\/dries-segers-hotel-bellevue-01.jpg","datePublished":"2022-01-15T10:51:11+00:00","dateModified":"2025-10-20T16:46:57+00:00","description":"\u2018Hotel Bellevue\u2019 von Dries Segers bei malenki.net","breadcrumb":{"@id":"https:\/\/malenki.net\/de\/produkt\/dries-segers-hotel-bellevue\/#breadcrumb"},"inLanguage":"de","potentialAction":[{"@type":"ReadAction","target":["https:\/\/malenki.net\/de\/produkt\/dries-segers-hotel-bellevue\/"]}]},{"@type":"ImageObject","inLanguage":"de","@id":"https:\/\/malenki.net\/de\/produkt\/dries-segers-hotel-bellevue\/#primaryimage","url":"https:\/\/malenki.net\/wp-content\/uploads\/2022\/01\/dries-segers-hotel-bellevue-01.jpg","contentUrl":"https:\/\/malenki.net\/wp-content\/uploads\/2022\/01\/dries-segers-hotel-bellevue-01.jpg","width":1024,"height":819,"caption":"Hotel Bellevue \u2014 Dries Segers"},{"@type":"BreadcrumbList","@id":"https:\/\/malenki.net\/de\/produkt\/dries-segers-hotel-bellevue\/#breadcrumb","itemListElement":[{"@type":"ListItem","position":1,"name":"Home","item":"https:\/\/malenki.net\/de\/"},{"@type":"ListItem","position":2,"name":"Editionen","item":"https:\/\/malenki.net\/de\/"},{"@type":"ListItem","position":3,"name":"Hotel Bellevue"}]},{"@type":"WebSite","@id":"https:\/\/malenki.net\/de\/#website","url":"https:\/\/malenki.net\/de\/","name":"malenki.net","description":"Fotografie Editionen","publisher":{"@id":"https:\/\/malenki.net\/de\/#organization"},"potentialAction":[{"@type":"SearchAction","target":{"@type":"EntryPoint","urlTemplate":"https:\/\/malenki.net\/de\/?s={search_term_string}"},"query-input":{"@type":"PropertyValueSpecification","valueRequired":true,"valueName":"search_term_string"}}],"inLanguage":"de"},{"@type":"Organization","@id":"https:\/\/malenki.net\/de\/#organization","name":"malenki.net","url":"https:\/\/malenki.net\/de\/","logo":{"@type":"ImageObject","inLanguage":"de","@id":"https:\/\/malenki.net\/de\/#\/schema\/logo\/image\/","url":"https:\/\/malenki.net\/wp-content\/uploads\/2023\/03\/malenki-logo-2019.gif","contentUrl":"https:\/\/malenki.net\/wp-content\/uploads\/2023\/03\/malenki-logo-2019.gif","width":524,"height":138,"caption":"malenki.net"},"image":{"@id":"https:\/\/malenki.net\/de\/#\/schema\/logo\/image\/"},"sameAs":["https:\/\/www.facebook.com\/malenki.editionen\/","https:\/\/www.instagram.com\/malenkinet\/"]}]}},"wps_subtitle":"Dries Segers","_links":{"self":[{"href":"https:\/\/malenki.net\/de\/wp-json\/wp\/v2\/product\/9559","targetHints":{"allow":["GET"]}}],"collection":[{"href":"https:\/\/malenki.net\/de\/wp-json\/wp\/v2\/product"}],"about":[{"href":"https:\/\/malenki.net\/de\/wp-json\/wp\/v2\/types\/product"}],"wp:featuredmedia":[{"embeddable":true,"href":"https:\/\/malenki.net\/de\/wp-json\/wp\/v2\/media\/9547"}],"wp:attachment":[{"href":"https:\/\/malenki.net\/de\/wp-json\/wp\/v2\/media?parent=9559"}],"wp:term":[{"taxonomy":"product_brand","embeddable":true,"href":"https:\/\/malenki.net\/de\/wp-json\/wp\/v2\/product_brand?post=9559"},{"taxonomy":"product_cat","embeddable":true,"href":"https:\/\/malenki.net\/de\/wp-json\/wp\/v2\/product_cat?post=9559"},{"taxonomy":"product_tag","embeddable":true,"href":"https:\/\/malenki.net\/de\/wp-json\/wp\/v2\/product_tag?post=9559"}],"curies":[{"name":"wp","href":"https:\/\/api.w.org\/{rel}","templated":true}]}}