{"id":9531,"date":"2022-01-13T21:17:48","date_gmt":"2022-01-13T20:17:48","guid":{"rendered":"https:\/\/malenki.net\/product\/anne-penders-shelter\/"},"modified":"2026-03-29T19:25:49","modified_gmt":"2026-03-29T17:25:49","slug":"anne-penders-shelter","status":"publish","type":"product","link":"https:\/\/malenki.net\/de\/produkt\/anne-penders-shelter\/","title":{"rendered":"shelter"},"content":{"rendered":"<p><em>shelter<\/em>, ein kurzes englisches Wort mit mehreren Verzweigungen. Es erinnert an den Einsiedler, den Dichter, den Fl\u00fcchtling, den Obdachlosen, den Mittellosen; das vorbeiziehende Haus- oder Wildtier, den Wanderer ebenso wie die Metapher, die Dringlichkeit, die Notwendigkeit: zu bewohnen \/ zu denken &#8211; sich zu verbinden und zu treffen \/ zu teilen &#8211; zu transportieren? zu bewegen? zu verstecken? sich (wiederholt) niederzulassen? &#8230; zu spielen?<br \/>\nAnhand von Bildern und Texten erforscht und weist shelter grundlegende Fragen zur\u00fcck \u2013 Rhizome und Rebounds \u2013: was bauen wir? f\u00fcr wen? warum? wen sch\u00fctzen wir? wovor? wie? was ist ein Unterstand*? eine Leiter? eine Skala? &#8211; eine H\u00fclle? ein Wert? eine Zeitlichkeit? &#8211; wer wohnt wo? wie? warum? mit wem? Was bedeutet dieser Unterschlupf*, diese Leitern und Skalen f\u00fcr dich, f\u00fcr uns, f\u00fcr sie? F\u00fcr mir? K\u00f6nnte die Erinnerung (oder die Liebe?) der ultimative Zufluchtsort* sein?<\/p>\n","protected":false},"excerpt":{"rendered":"<p><em>shelter<\/em> von Anne Penders wurde mit Unterst\u00fctzung der F\u00e9d\u00e9ration Wallonie Bruxelles hergestellt.<\/p>\n","protected":false},"featured_media":9521,"template":"","meta":{"pgc_sgb_lightbox_settings":""},"product_brand":[],"product_cat":[3889],"product_tag":[3905,4066,3987,4964,5618,3818,3991,4961,4384,3994],"class_list":{"0":"post-9531","1":"product","2":"type-product","3":"status-publish","4":"has-post-thumbnail","6":"product_cat-anne-penders-de","7":"product_tag-anne-penders-de","8":"product_tag-bild-und-text","9":"product_tag-landschaft","10":"product_tag-lisa-boxus-de","11":"product_tag-literatur","12":"product_tag-natur","13":"product_tag-penders-de","14":"product_tag-shelter-de","15":"product_tag-text-und-bild","16":"product_tag-zine-de","17":"entry","19":"first","20":"instock","21":"shipping-taxable","22":"purchasable","23":"product-type-simple"},"yoast_head":"<!-- This site is optimized with the Yoast SEO plugin v27.2 - https:\/\/yoast.com\/product\/yoast-seo-wordpress\/ -->\n<title>malenki.net | shelter | Anne Penders<\/title>\n<meta name=\"description\" content=\"&#039;shelter&#039; von Anne Penders bei malenki.net\" \/>\n<meta name=\"robots\" content=\"index, follow, max-snippet:-1, max-image-preview:large, max-video-preview:-1\" \/>\n<link rel=\"canonical\" href=\"https:\/\/malenki.net\/de\/produkt\/anne-penders-shelter\/\" \/>\n<meta property=\"og:locale\" content=\"de_DE\" \/>\n<meta property=\"og:type\" content=\"article\" \/>\n<meta property=\"og:title\" content=\"malenki.net | shelter | Anne Penders\" \/>\n<meta property=\"og:description\" content=\"&#039;shelter&#039; von Anne Penders bei malenki.net\" \/>\n<meta property=\"og:url\" content=\"https:\/\/malenki.net\/de\/produkt\/anne-penders-shelter\/\" \/>\n<meta property=\"og:site_name\" content=\"malenki.net\" \/>\n<meta property=\"article:publisher\" content=\"https:\/\/www.facebook.com\/malenki.editionen\/\" \/>\n<meta property=\"article:modified_time\" content=\"2026-03-29T17:25:49+00:00\" \/>\n<meta property=\"og:image\" content=\"https:\/\/malenki.net\/wp-content\/uploads\/2022\/01\/anne-penders_shelter-01.jpg\" \/>\n\t<meta property=\"og:image:width\" content=\"1024\" \/>\n\t<meta property=\"og:image:height\" content=\"819\" \/>\n\t<meta property=\"og:image:type\" content=\"image\/jpeg\" \/>\n<meta name=\"twitter:card\" content=\"summary_large_image\" \/>\n<meta name=\"twitter:label1\" content=\"Gesch\u00e4tzte Lesezeit\" \/>\n\t<meta name=\"twitter:data1\" content=\"1\u00a0Minute\" \/>\n<script type=\"application\/ld+json\" class=\"yoast-schema-graph\">{\"@context\":\"https:\/\/schema.org\",\"@graph\":[{\"@type\":\"WebPage\",\"@id\":\"https:\/\/malenki.net\/de\/produkt\/anne-penders-shelter\/\",\"url\":\"https:\/\/malenki.net\/de\/produkt\/anne-penders-shelter\/\",\"name\":\"malenki.net | shelter | Anne Penders\",\"isPartOf\":{\"@id\":\"https:\/\/malenki.net\/de\/#website\"},\"primaryImageOfPage\":{\"@id\":\"https:\/\/malenki.net\/de\/produkt\/anne-penders-shelter\/#primaryimage\"},\"image\":{\"@id\":\"https:\/\/malenki.net\/de\/produkt\/anne-penders-shelter\/#primaryimage\"},\"thumbnailUrl\":\"https:\/\/malenki.net\/wp-content\/uploads\/2022\/01\/anne-penders_shelter-01.jpg\",\"datePublished\":\"2022-01-13T20:17:48+00:00\",\"dateModified\":\"2026-03-29T17:25:49+00:00\",\"description\":\"'shelter' von Anne Penders bei malenki.net\",\"breadcrumb\":{\"@id\":\"https:\/\/malenki.net\/de\/produkt\/anne-penders-shelter\/#breadcrumb\"},\"inLanguage\":\"de\",\"potentialAction\":[{\"@type\":\"ReadAction\",\"target\":[\"https:\/\/malenki.net\/de\/produkt\/anne-penders-shelter\/\"]}]},{\"@type\":\"ImageObject\",\"inLanguage\":\"de\",\"@id\":\"https:\/\/malenki.net\/de\/produkt\/anne-penders-shelter\/#primaryimage\",\"url\":\"https:\/\/malenki.net\/wp-content\/uploads\/2022\/01\/anne-penders_shelter-01.jpg\",\"contentUrl\":\"https:\/\/malenki.net\/wp-content\/uploads\/2022\/01\/anne-penders_shelter-01.jpg\",\"width\":1024,\"height\":819,\"caption\":\"shelter \u2014 Anne Penders\"},{\"@type\":\"BreadcrumbList\",\"@id\":\"https:\/\/malenki.net\/de\/produkt\/anne-penders-shelter\/#breadcrumb\",\"itemListElement\":[{\"@type\":\"ListItem\",\"position\":1,\"name\":\"Home\",\"item\":\"https:\/\/malenki.net\/de\/\"},{\"@type\":\"ListItem\",\"position\":2,\"name\":\"Editionen\",\"item\":\"https:\/\/malenki.net\/de\/\"},{\"@type\":\"ListItem\",\"position\":3,\"name\":\"shelter\"}]},{\"@type\":\"WebSite\",\"@id\":\"https:\/\/malenki.net\/de\/#website\",\"url\":\"https:\/\/malenki.net\/de\/\",\"name\":\"malenki.net\",\"description\":\"Fotografie Editionen\",\"publisher\":{\"@id\":\"https:\/\/malenki.net\/de\/#organization\"},\"potentialAction\":[{\"@type\":\"SearchAction\",\"target\":{\"@type\":\"EntryPoint\",\"urlTemplate\":\"https:\/\/malenki.net\/de\/?s={search_term_string}\"},\"query-input\":{\"@type\":\"PropertyValueSpecification\",\"valueRequired\":true,\"valueName\":\"search_term_string\"}}],\"inLanguage\":\"de\"},{\"@type\":\"Organization\",\"@id\":\"https:\/\/malenki.net\/de\/#organization\",\"name\":\"malenki.net\",\"url\":\"https:\/\/malenki.net\/de\/\",\"logo\":{\"@type\":\"ImageObject\",\"inLanguage\":\"de\",\"@id\":\"https:\/\/malenki.net\/de\/#\/schema\/logo\/image\/\",\"url\":\"https:\/\/malenki.net\/wp-content\/uploads\/2023\/03\/malenki-logo-2019.gif\",\"contentUrl\":\"https:\/\/malenki.net\/wp-content\/uploads\/2023\/03\/malenki-logo-2019.gif\",\"width\":524,\"height\":138,\"caption\":\"malenki.net\"},\"image\":{\"@id\":\"https:\/\/malenki.net\/de\/#\/schema\/logo\/image\/\"},\"sameAs\":[\"https:\/\/www.facebook.com\/malenki.editionen\/\",\"https:\/\/www.instagram.com\/malenkinet\/\"]}]}<\/script>\n<!-- \/ Yoast SEO plugin. -->","yoast_head_json":{"title":"malenki.net | shelter | Anne Penders","description":"'shelter' von Anne Penders bei malenki.net","robots":{"index":"index","follow":"follow","max-snippet":"max-snippet:-1","max-image-preview":"max-image-preview:large","max-video-preview":"max-video-preview:-1"},"canonical":"https:\/\/malenki.net\/de\/produkt\/anne-penders-shelter\/","og_locale":"de_DE","og_type":"article","og_title":"malenki.net | shelter | Anne Penders","og_description":"'shelter' von Anne Penders bei malenki.net","og_url":"https:\/\/malenki.net\/de\/produkt\/anne-penders-shelter\/","og_site_name":"malenki.net","article_publisher":"https:\/\/www.facebook.com\/malenki.editionen\/","article_modified_time":"2026-03-29T17:25:49+00:00","og_image":[{"width":1024,"height":819,"url":"https:\/\/malenki.net\/wp-content\/uploads\/2022\/01\/anne-penders_shelter-01.jpg","type":"image\/jpeg"}],"twitter_card":"summary_large_image","twitter_misc":{"Gesch\u00e4tzte Lesezeit":"1\u00a0Minute"},"schema":{"@context":"https:\/\/schema.org","@graph":[{"@type":"WebPage","@id":"https:\/\/malenki.net\/de\/produkt\/anne-penders-shelter\/","url":"https:\/\/malenki.net\/de\/produkt\/anne-penders-shelter\/","name":"malenki.net | shelter | Anne Penders","isPartOf":{"@id":"https:\/\/malenki.net\/de\/#website"},"primaryImageOfPage":{"@id":"https:\/\/malenki.net\/de\/produkt\/anne-penders-shelter\/#primaryimage"},"image":{"@id":"https:\/\/malenki.net\/de\/produkt\/anne-penders-shelter\/#primaryimage"},"thumbnailUrl":"https:\/\/malenki.net\/wp-content\/uploads\/2022\/01\/anne-penders_shelter-01.jpg","datePublished":"2022-01-13T20:17:48+00:00","dateModified":"2026-03-29T17:25:49+00:00","description":"'shelter' von Anne Penders bei malenki.net","breadcrumb":{"@id":"https:\/\/malenki.net\/de\/produkt\/anne-penders-shelter\/#breadcrumb"},"inLanguage":"de","potentialAction":[{"@type":"ReadAction","target":["https:\/\/malenki.net\/de\/produkt\/anne-penders-shelter\/"]}]},{"@type":"ImageObject","inLanguage":"de","@id":"https:\/\/malenki.net\/de\/produkt\/anne-penders-shelter\/#primaryimage","url":"https:\/\/malenki.net\/wp-content\/uploads\/2022\/01\/anne-penders_shelter-01.jpg","contentUrl":"https:\/\/malenki.net\/wp-content\/uploads\/2022\/01\/anne-penders_shelter-01.jpg","width":1024,"height":819,"caption":"shelter \u2014 Anne Penders"},{"@type":"BreadcrumbList","@id":"https:\/\/malenki.net\/de\/produkt\/anne-penders-shelter\/#breadcrumb","itemListElement":[{"@type":"ListItem","position":1,"name":"Home","item":"https:\/\/malenki.net\/de\/"},{"@type":"ListItem","position":2,"name":"Editionen","item":"https:\/\/malenki.net\/de\/"},{"@type":"ListItem","position":3,"name":"shelter"}]},{"@type":"WebSite","@id":"https:\/\/malenki.net\/de\/#website","url":"https:\/\/malenki.net\/de\/","name":"malenki.net","description":"Fotografie Editionen","publisher":{"@id":"https:\/\/malenki.net\/de\/#organization"},"potentialAction":[{"@type":"SearchAction","target":{"@type":"EntryPoint","urlTemplate":"https:\/\/malenki.net\/de\/?s={search_term_string}"},"query-input":{"@type":"PropertyValueSpecification","valueRequired":true,"valueName":"search_term_string"}}],"inLanguage":"de"},{"@type":"Organization","@id":"https:\/\/malenki.net\/de\/#organization","name":"malenki.net","url":"https:\/\/malenki.net\/de\/","logo":{"@type":"ImageObject","inLanguage":"de","@id":"https:\/\/malenki.net\/de\/#\/schema\/logo\/image\/","url":"https:\/\/malenki.net\/wp-content\/uploads\/2023\/03\/malenki-logo-2019.gif","contentUrl":"https:\/\/malenki.net\/wp-content\/uploads\/2023\/03\/malenki-logo-2019.gif","width":524,"height":138,"caption":"malenki.net"},"image":{"@id":"https:\/\/malenki.net\/de\/#\/schema\/logo\/image\/"},"sameAs":["https:\/\/www.facebook.com\/malenki.editionen\/","https:\/\/www.instagram.com\/malenkinet\/"]}]}},"wps_subtitle":"Anne Penders","_links":{"self":[{"href":"https:\/\/malenki.net\/de\/wp-json\/wp\/v2\/product\/9531","targetHints":{"allow":["GET"]}}],"collection":[{"href":"https:\/\/malenki.net\/de\/wp-json\/wp\/v2\/product"}],"about":[{"href":"https:\/\/malenki.net\/de\/wp-json\/wp\/v2\/types\/product"}],"wp:featuredmedia":[{"embeddable":true,"href":"https:\/\/malenki.net\/de\/wp-json\/wp\/v2\/media\/9521"}],"wp:attachment":[{"href":"https:\/\/malenki.net\/de\/wp-json\/wp\/v2\/media?parent=9531"}],"wp:term":[{"taxonomy":"product_brand","embeddable":true,"href":"https:\/\/malenki.net\/de\/wp-json\/wp\/v2\/product_brand?post=9531"},{"taxonomy":"product_cat","embeddable":true,"href":"https:\/\/malenki.net\/de\/wp-json\/wp\/v2\/product_cat?post=9531"},{"taxonomy":"product_tag","embeddable":true,"href":"https:\/\/malenki.net\/de\/wp-json\/wp\/v2\/product_tag?post=9531"}],"curies":[{"name":"wp","href":"https:\/\/api.w.org\/{rel}","templated":true}]}}