{"id":9477,"date":"2021-09-13T12:24:20","date_gmt":"2021-09-13T10:24:20","guid":{"rendered":"https:\/\/malenki.net\/product\/cytter-log-christian-doeller\/"},"modified":"2025-10-20T18:47:13","modified_gmt":"2025-10-20T16:47:13","slug":"cytter-log-christian-doeller","status":"publish","type":"product","link":"https:\/\/malenki.net\/de\/produkt\/cytter-log-christian-doeller\/","title":{"rendered":"CYTTER.log"},"content":{"rendered":"<p>Vor etwas mehr als zwei Jahren gr\u00fcndete Christian Doeller das <a href=\"https:\/\/www.cytter-datalab.com\">CYTTER.datalab<\/a> \u2013 ein spekulatives Datenlabor, in dem Menschen, Maschinen und Algorithmen an digitalen \u00dcbersetzungen von physischen Gegenst\u00e4nden arbeiten. Das K\u00fcnstlerbuch CYTTER.log ist der zugeh\u00f6rige Laborbericht. Er beinhaltet ein Archiv aller bisher \u00fcbersetzten Objekte, eine \u00dcbersicht beteiligter Prozesse, Module und Installationen, sowie Beitr\u00e4ge von Expert:innen aus den Bereichen experimentelle Informatik, Medientheorie, Philosophie und bildende Kunst.<\/p>\n","protected":false},"excerpt":{"rendered":"<p>Vor etwas mehr als zwei Jahren gr\u00fcndete Christian Doeller das CYTTER.datalab \u2013 ein spekulatives Datenlabor, in dem Menschen, Maschinen und Algorithmen an digitalen \u00dcbersetzungen von physischen Gegenst\u00e4nden arbeiten. Das K\u00fcnstlerbuch CYTTER.log ist der zugeh\u00f6rige Laborbericht. Er beinhaltet ein Archiv aller bisher \u00fcbersetzten Objekte, eine \u00dcbersicht beteiligter Prozesse, Module und Installationen, sowie Beitr\u00e4ge von Expert:innen aus&hellip; <a class=\"more-link\" href=\"https:\/\/malenki.net\/de\/produkt\/cytter-log-christian-doeller\/\"><span class=\"screen-reader-text\">CYTTER.log<\/span> weiterlesen<\/a><\/p>\n","protected":false},"featured_media":9461,"template":"","meta":{"pgc_sgb_lightbox_settings":""},"product_brand":[],"product_cat":[4937],"product_tag":[4948,4942,4941,5021,4938,4939,4940,4949,4950,5018,4943,4951],"class_list":{"0":"post-9477","1":"product","2":"type-product","3":"status-publish","4":"has-post-thumbnail","6":"product_cat-christian-doeller-de","7":"product_tag-anja-breljak-de","8":"product_tag-bureau-sandra-doeller-de","9":"product_tag-christian-doeller-de","10":"product_tag-computerwissenschaft","11":"product_tag-cytter-de","12":"product_tag-cytter-log-de","13":"product_tag-doeller-de","14":"product_tag-georg-trogemann-de","15":"product_tag-jonas-kellermeyer-de","16":"product_tag-medientheorie","17":"product_tag-sandra-doeller-de","18":"product_tag-suse-wiegand-de","19":"entry","21":"first","22":"instock","23":"shipping-taxable","24":"purchasable","25":"product-type-simple"},"yoast_head":"<!-- This site is optimized with the Yoast SEO plugin v27.2 - https:\/\/yoast.com\/product\/yoast-seo-wordpress\/ -->\n<title>malenki.net | CYTTER.log | Christian Doeller<\/title>\n<meta name=\"description\" content=\"&#039;CYTTER.log&#039; von Christian Doeller bei malenki.net\" \/>\n<meta name=\"robots\" content=\"index, follow, max-snippet:-1, max-image-preview:large, max-video-preview:-1\" \/>\n<link rel=\"canonical\" href=\"https:\/\/malenki.net\/de\/produkt\/cytter-log-christian-doeller\/\" \/>\n<meta property=\"og:locale\" content=\"de_DE\" \/>\n<meta property=\"og:type\" content=\"article\" \/>\n<meta property=\"og:title\" content=\"malenki.net | CYTTER.log | Christian Doeller\" \/>\n<meta property=\"og:description\" content=\"&#039;CYTTER.log&#039; von Christian Doeller bei malenki.net\" \/>\n<meta property=\"og:url\" content=\"https:\/\/malenki.net\/de\/produkt\/cytter-log-christian-doeller\/\" \/>\n<meta property=\"og:site_name\" content=\"malenki.net\" \/>\n<meta property=\"article:publisher\" content=\"https:\/\/www.facebook.com\/malenki.editionen\/\" \/>\n<meta property=\"article:modified_time\" content=\"2025-10-20T16:47:13+00:00\" \/>\n<meta property=\"og:image\" content=\"https:\/\/malenki.net\/wp-content\/uploads\/2021\/09\/christian-doeller-cytter-01.jpg\" \/>\n\t<meta property=\"og:image:width\" content=\"1024\" \/>\n\t<meta property=\"og:image:height\" content=\"819\" \/>\n\t<meta property=\"og:image:type\" content=\"image\/jpeg\" \/>\n<meta name=\"twitter:card\" content=\"summary_large_image\" \/>\n<script type=\"application\/ld+json\" class=\"yoast-schema-graph\">{\"@context\":\"https:\/\/schema.org\",\"@graph\":[{\"@type\":\"WebPage\",\"@id\":\"https:\/\/malenki.net\/de\/produkt\/cytter-log-christian-doeller\/\",\"url\":\"https:\/\/malenki.net\/de\/produkt\/cytter-log-christian-doeller\/\",\"name\":\"malenki.net | CYTTER.log | Christian Doeller\",\"isPartOf\":{\"@id\":\"https:\/\/malenki.net\/de\/#website\"},\"primaryImageOfPage\":{\"@id\":\"https:\/\/malenki.net\/de\/produkt\/cytter-log-christian-doeller\/#primaryimage\"},\"image\":{\"@id\":\"https:\/\/malenki.net\/de\/produkt\/cytter-log-christian-doeller\/#primaryimage\"},\"thumbnailUrl\":\"https:\/\/malenki.net\/wp-content\/uploads\/2021\/09\/christian-doeller-cytter-01.jpg\",\"datePublished\":\"2021-09-13T10:24:20+00:00\",\"dateModified\":\"2025-10-20T16:47:13+00:00\",\"description\":\"'CYTTER.log' von Christian Doeller bei malenki.net\",\"breadcrumb\":{\"@id\":\"https:\/\/malenki.net\/de\/produkt\/cytter-log-christian-doeller\/#breadcrumb\"},\"inLanguage\":\"de\",\"potentialAction\":[{\"@type\":\"ReadAction\",\"target\":[\"https:\/\/malenki.net\/de\/produkt\/cytter-log-christian-doeller\/\"]}]},{\"@type\":\"ImageObject\",\"inLanguage\":\"de\",\"@id\":\"https:\/\/malenki.net\/de\/produkt\/cytter-log-christian-doeller\/#primaryimage\",\"url\":\"https:\/\/malenki.net\/wp-content\/uploads\/2021\/09\/christian-doeller-cytter-01.jpg\",\"contentUrl\":\"https:\/\/malenki.net\/wp-content\/uploads\/2021\/09\/christian-doeller-cytter-01.jpg\",\"width\":1024,\"height\":819,\"caption\":\"CYTTER.log \u2014 Christian Doeller\"},{\"@type\":\"BreadcrumbList\",\"@id\":\"https:\/\/malenki.net\/de\/produkt\/cytter-log-christian-doeller\/#breadcrumb\",\"itemListElement\":[{\"@type\":\"ListItem\",\"position\":1,\"name\":\"Home\",\"item\":\"https:\/\/malenki.net\/de\/\"},{\"@type\":\"ListItem\",\"position\":2,\"name\":\"Editionen\",\"item\":\"https:\/\/malenki.net\/de\/\"},{\"@type\":\"ListItem\",\"position\":3,\"name\":\"CYTTER.log\"}]},{\"@type\":\"WebSite\",\"@id\":\"https:\/\/malenki.net\/de\/#website\",\"url\":\"https:\/\/malenki.net\/de\/\",\"name\":\"malenki.net\",\"description\":\"Fotografie Editionen\",\"publisher\":{\"@id\":\"https:\/\/malenki.net\/de\/#organization\"},\"potentialAction\":[{\"@type\":\"SearchAction\",\"target\":{\"@type\":\"EntryPoint\",\"urlTemplate\":\"https:\/\/malenki.net\/de\/?s={search_term_string}\"},\"query-input\":{\"@type\":\"PropertyValueSpecification\",\"valueRequired\":true,\"valueName\":\"search_term_string\"}}],\"inLanguage\":\"de\"},{\"@type\":\"Organization\",\"@id\":\"https:\/\/malenki.net\/de\/#organization\",\"name\":\"malenki.net\",\"url\":\"https:\/\/malenki.net\/de\/\",\"logo\":{\"@type\":\"ImageObject\",\"inLanguage\":\"de\",\"@id\":\"https:\/\/malenki.net\/de\/#\/schema\/logo\/image\/\",\"url\":\"https:\/\/malenki.net\/wp-content\/uploads\/2023\/03\/malenki-logo-2019.gif\",\"contentUrl\":\"https:\/\/malenki.net\/wp-content\/uploads\/2023\/03\/malenki-logo-2019.gif\",\"width\":524,\"height\":138,\"caption\":\"malenki.net\"},\"image\":{\"@id\":\"https:\/\/malenki.net\/de\/#\/schema\/logo\/image\/\"},\"sameAs\":[\"https:\/\/www.facebook.com\/malenki.editionen\/\",\"https:\/\/www.instagram.com\/malenkinet\/\"]}]}<\/script>\n<!-- \/ Yoast SEO plugin. -->","yoast_head_json":{"title":"malenki.net | CYTTER.log | Christian Doeller","description":"'CYTTER.log' von Christian Doeller bei malenki.net","robots":{"index":"index","follow":"follow","max-snippet":"max-snippet:-1","max-image-preview":"max-image-preview:large","max-video-preview":"max-video-preview:-1"},"canonical":"https:\/\/malenki.net\/de\/produkt\/cytter-log-christian-doeller\/","og_locale":"de_DE","og_type":"article","og_title":"malenki.net | CYTTER.log | Christian Doeller","og_description":"'CYTTER.log' von Christian Doeller bei malenki.net","og_url":"https:\/\/malenki.net\/de\/produkt\/cytter-log-christian-doeller\/","og_site_name":"malenki.net","article_publisher":"https:\/\/www.facebook.com\/malenki.editionen\/","article_modified_time":"2025-10-20T16:47:13+00:00","og_image":[{"width":1024,"height":819,"url":"https:\/\/malenki.net\/wp-content\/uploads\/2021\/09\/christian-doeller-cytter-01.jpg","type":"image\/jpeg"}],"twitter_card":"summary_large_image","schema":{"@context":"https:\/\/schema.org","@graph":[{"@type":"WebPage","@id":"https:\/\/malenki.net\/de\/produkt\/cytter-log-christian-doeller\/","url":"https:\/\/malenki.net\/de\/produkt\/cytter-log-christian-doeller\/","name":"malenki.net | CYTTER.log | Christian Doeller","isPartOf":{"@id":"https:\/\/malenki.net\/de\/#website"},"primaryImageOfPage":{"@id":"https:\/\/malenki.net\/de\/produkt\/cytter-log-christian-doeller\/#primaryimage"},"image":{"@id":"https:\/\/malenki.net\/de\/produkt\/cytter-log-christian-doeller\/#primaryimage"},"thumbnailUrl":"https:\/\/malenki.net\/wp-content\/uploads\/2021\/09\/christian-doeller-cytter-01.jpg","datePublished":"2021-09-13T10:24:20+00:00","dateModified":"2025-10-20T16:47:13+00:00","description":"'CYTTER.log' von Christian Doeller bei malenki.net","breadcrumb":{"@id":"https:\/\/malenki.net\/de\/produkt\/cytter-log-christian-doeller\/#breadcrumb"},"inLanguage":"de","potentialAction":[{"@type":"ReadAction","target":["https:\/\/malenki.net\/de\/produkt\/cytter-log-christian-doeller\/"]}]},{"@type":"ImageObject","inLanguage":"de","@id":"https:\/\/malenki.net\/de\/produkt\/cytter-log-christian-doeller\/#primaryimage","url":"https:\/\/malenki.net\/wp-content\/uploads\/2021\/09\/christian-doeller-cytter-01.jpg","contentUrl":"https:\/\/malenki.net\/wp-content\/uploads\/2021\/09\/christian-doeller-cytter-01.jpg","width":1024,"height":819,"caption":"CYTTER.log \u2014 Christian Doeller"},{"@type":"BreadcrumbList","@id":"https:\/\/malenki.net\/de\/produkt\/cytter-log-christian-doeller\/#breadcrumb","itemListElement":[{"@type":"ListItem","position":1,"name":"Home","item":"https:\/\/malenki.net\/de\/"},{"@type":"ListItem","position":2,"name":"Editionen","item":"https:\/\/malenki.net\/de\/"},{"@type":"ListItem","position":3,"name":"CYTTER.log"}]},{"@type":"WebSite","@id":"https:\/\/malenki.net\/de\/#website","url":"https:\/\/malenki.net\/de\/","name":"malenki.net","description":"Fotografie Editionen","publisher":{"@id":"https:\/\/malenki.net\/de\/#organization"},"potentialAction":[{"@type":"SearchAction","target":{"@type":"EntryPoint","urlTemplate":"https:\/\/malenki.net\/de\/?s={search_term_string}"},"query-input":{"@type":"PropertyValueSpecification","valueRequired":true,"valueName":"search_term_string"}}],"inLanguage":"de"},{"@type":"Organization","@id":"https:\/\/malenki.net\/de\/#organization","name":"malenki.net","url":"https:\/\/malenki.net\/de\/","logo":{"@type":"ImageObject","inLanguage":"de","@id":"https:\/\/malenki.net\/de\/#\/schema\/logo\/image\/","url":"https:\/\/malenki.net\/wp-content\/uploads\/2023\/03\/malenki-logo-2019.gif","contentUrl":"https:\/\/malenki.net\/wp-content\/uploads\/2023\/03\/malenki-logo-2019.gif","width":524,"height":138,"caption":"malenki.net"},"image":{"@id":"https:\/\/malenki.net\/de\/#\/schema\/logo\/image\/"},"sameAs":["https:\/\/www.facebook.com\/malenki.editionen\/","https:\/\/www.instagram.com\/malenkinet\/"]}]}},"wps_subtitle":"Christian Doeller","_links":{"self":[{"href":"https:\/\/malenki.net\/de\/wp-json\/wp\/v2\/product\/9477","targetHints":{"allow":["GET"]}}],"collection":[{"href":"https:\/\/malenki.net\/de\/wp-json\/wp\/v2\/product"}],"about":[{"href":"https:\/\/malenki.net\/de\/wp-json\/wp\/v2\/types\/product"}],"wp:featuredmedia":[{"embeddable":true,"href":"https:\/\/malenki.net\/de\/wp-json\/wp\/v2\/media\/9461"}],"wp:attachment":[{"href":"https:\/\/malenki.net\/de\/wp-json\/wp\/v2\/media?parent=9477"}],"wp:term":[{"taxonomy":"product_brand","embeddable":true,"href":"https:\/\/malenki.net\/de\/wp-json\/wp\/v2\/product_brand?post=9477"},{"taxonomy":"product_cat","embeddable":true,"href":"https:\/\/malenki.net\/de\/wp-json\/wp\/v2\/product_cat?post=9477"},{"taxonomy":"product_tag","embeddable":true,"href":"https:\/\/malenki.net\/de\/wp-json\/wp\/v2\/product_tag?post=9477"}],"curies":[{"name":"wp","href":"https:\/\/api.w.org\/{rel}","templated":true}]}}