{"id":9387,"date":"2021-06-13T21:40:32","date_gmt":"2021-06-13T19:40:32","guid":{"rendered":"https:\/\/malenki.net\/product\/making-divine-oliver-leu\/"},"modified":"2025-10-20T18:50:03","modified_gmt":"2025-10-20T16:50:03","slug":"making-divine-oliver-leu","status":"publish","type":"product","link":"https:\/\/malenki.net\/de\/produkt\/making-divine-oliver-leu\/","title":{"rendered":"Making Divine"},"content":{"rendered":"<p>Oliver Leu\u2019s Zine <em>Making Divine<\/em> basiert auf einer Ansichtskarte aus dem fr\u00fchen 20. Jahrhundert. Das Motiv dieser Postkarte wurde aus Anlass von Feierlichkeiten in der Milit\u00e4rkaserne von Beverloo aufgenommen. Sie zeigt die Nachstellung eines Kolonialdenkmals w\u00e4hrend eines historischen Theaterst\u00fccks, das Joseph Lippens und Henri De Bruyne gewidmet ist, zwei Milit\u00e4rs, die in den 1890er Jahren in der Force Publique des Kongo-Freistaates von K\u00f6nig Leopold II. dienten.<br \/>In <em>Making Divine<\/em> wird das Motiv der Postkarte fragmentiert wiedergegeben \u2013 die Aufmerksamkeit des Lesers wird dabei von der Apotheose der Szene auf individuelle Handlungen gelenkt \u2013 und betont Details, Gesten und die K\u00f6rpersprache derer, die gemeinschaftlich das Lippens &#8211; De Bruyne Monument darstellen. Ein Denkmal, das noch heute in der belgischen K\u00fcstenstadt Blankenberge steht.<\/p>\n","protected":false},"excerpt":{"rendered":"<p>Die Publikation <em>Making Divine<\/em> von Oliver Leu wurde w\u00e4hrend seines Aufenthaltes im Frans Masereel Centrum, Kasterlee, Belgien im M\u00e4rz 2021 realisiert.<\/p>\n","protected":false},"featured_media":9380,"template":"","meta":{"pgc_sgb_lightbox_settings":""},"product_brand":[],"product_cat":[1086],"product_tag":[4116,4900,4897,4898,4630,4126,4121,4901,4114,1111,4895,4125,4894,1113,4498,2233,3994],"class_list":{"0":"post-9387","1":"product","2":"type-product","3":"status-publish","4":"has-post-thumbnail","6":"product_cat-oliver-leu-de","7":"product_tag-belgien","8":"product_tag-blankenberge-de","9":"product_tag-erinnerungskultur-de","10":"product_tag-frans-masereel-centrum-de","11":"product_tag-handgemacht","12":"product_tag-koloniale-geschichte","13":"product_tag-kongo","14":"product_tag-konig-leopold-ii","15":"product_tag-leopold-ii-de","16":"product_tag-leu-de","17":"product_tag-militar","18":"product_tag-monument-de","19":"product_tag-nachstellung","20":"product_tag-oliver-leu-de","21":"product_tag-postkarte","22":"product_tag-riso-de","23":"product_tag-zine-de","24":"entry","26":"first","27":"instock","28":"shipping-taxable","29":"purchasable","30":"product-type-simple"},"yoast_head":"<!-- This site is optimized with the Yoast SEO plugin v27.2 - https:\/\/yoast.com\/product\/yoast-seo-wordpress\/ -->\n<title>malenki.net | Making Divine | Oliver Leu<\/title>\n<meta name=\"description\" content=\"Risographie Zine &#039;Making Divine&#039; von Oliver Leu, realisiert im Frans Masereel Centrum, Kasterlee, bei malenki,net\" \/>\n<meta name=\"robots\" content=\"index, follow, max-snippet:-1, max-image-preview:large, max-video-preview:-1\" \/>\n<link rel=\"canonical\" href=\"https:\/\/malenki.net\/de\/produkt\/making-divine-oliver-leu\/\" \/>\n<meta property=\"og:locale\" content=\"de_DE\" \/>\n<meta property=\"og:type\" content=\"article\" \/>\n<meta property=\"og:title\" content=\"malenki.net | Making Divine | Oliver Leu\" \/>\n<meta property=\"og:description\" content=\"Risographie Zine &#039;Making Divine&#039; von Oliver Leu, realisiert im Frans Masereel Centrum, Kasterlee, bei malenki,net\" \/>\n<meta property=\"og:url\" content=\"https:\/\/malenki.net\/de\/produkt\/making-divine-oliver-leu\/\" \/>\n<meta property=\"og:site_name\" content=\"malenki.net\" \/>\n<meta property=\"article:publisher\" content=\"https:\/\/www.facebook.com\/malenki.editionen\/\" \/>\n<meta property=\"article:modified_time\" content=\"2025-10-20T16:50:03+00:00\" \/>\n<meta property=\"og:image\" content=\"https:\/\/malenki.net\/wp-content\/uploads\/2021\/06\/oliver-leu-making-divine-02.jpg\" \/>\n\t<meta property=\"og:image:width\" content=\"1024\" \/>\n\t<meta property=\"og:image:height\" content=\"819\" \/>\n\t<meta property=\"og:image:type\" content=\"image\/jpeg\" \/>\n<meta name=\"twitter:card\" content=\"summary_large_image\" \/>\n<meta name=\"twitter:label1\" content=\"Gesch\u00e4tzte Lesezeit\" \/>\n\t<meta name=\"twitter:data1\" content=\"1\u00a0Minute\" \/>\n<script type=\"application\/ld+json\" class=\"yoast-schema-graph\">{\"@context\":\"https:\/\/schema.org\",\"@graph\":[{\"@type\":\"WebPage\",\"@id\":\"https:\/\/malenki.net\/de\/produkt\/making-divine-oliver-leu\/\",\"url\":\"https:\/\/malenki.net\/de\/produkt\/making-divine-oliver-leu\/\",\"name\":\"malenki.net | Making Divine | Oliver Leu\",\"isPartOf\":{\"@id\":\"https:\/\/malenki.net\/de\/#website\"},\"primaryImageOfPage\":{\"@id\":\"https:\/\/malenki.net\/de\/produkt\/making-divine-oliver-leu\/#primaryimage\"},\"image\":{\"@id\":\"https:\/\/malenki.net\/de\/produkt\/making-divine-oliver-leu\/#primaryimage\"},\"thumbnailUrl\":\"https:\/\/malenki.net\/wp-content\/uploads\/2021\/06\/oliver-leu-making-divine-02.jpg\",\"datePublished\":\"2021-06-13T19:40:32+00:00\",\"dateModified\":\"2025-10-20T16:50:03+00:00\",\"description\":\"Risographie Zine 'Making Divine' von Oliver Leu, realisiert im Frans Masereel Centrum, Kasterlee, bei malenki,net\",\"breadcrumb\":{\"@id\":\"https:\/\/malenki.net\/de\/produkt\/making-divine-oliver-leu\/#breadcrumb\"},\"inLanguage\":\"de\",\"potentialAction\":[{\"@type\":\"ReadAction\",\"target\":[\"https:\/\/malenki.net\/de\/produkt\/making-divine-oliver-leu\/\"]}]},{\"@type\":\"ImageObject\",\"inLanguage\":\"de\",\"@id\":\"https:\/\/malenki.net\/de\/produkt\/making-divine-oliver-leu\/#primaryimage\",\"url\":\"https:\/\/malenki.net\/wp-content\/uploads\/2021\/06\/oliver-leu-making-divine-02.jpg\",\"contentUrl\":\"https:\/\/malenki.net\/wp-content\/uploads\/2021\/06\/oliver-leu-making-divine-02.jpg\",\"width\":1024,\"height\":819,\"caption\":\"Making Divine \u2014 Oliver Leu\"},{\"@type\":\"BreadcrumbList\",\"@id\":\"https:\/\/malenki.net\/de\/produkt\/making-divine-oliver-leu\/#breadcrumb\",\"itemListElement\":[{\"@type\":\"ListItem\",\"position\":1,\"name\":\"Home\",\"item\":\"https:\/\/malenki.net\/de\/\"},{\"@type\":\"ListItem\",\"position\":2,\"name\":\"Editionen\",\"item\":\"https:\/\/malenki.net\/de\/\"},{\"@type\":\"ListItem\",\"position\":3,\"name\":\"Making Divine\"}]},{\"@type\":\"WebSite\",\"@id\":\"https:\/\/malenki.net\/de\/#website\",\"url\":\"https:\/\/malenki.net\/de\/\",\"name\":\"malenki.net\",\"description\":\"Fotografie Editionen\",\"publisher\":{\"@id\":\"https:\/\/malenki.net\/de\/#organization\"},\"potentialAction\":[{\"@type\":\"SearchAction\",\"target\":{\"@type\":\"EntryPoint\",\"urlTemplate\":\"https:\/\/malenki.net\/de\/?s={search_term_string}\"},\"query-input\":{\"@type\":\"PropertyValueSpecification\",\"valueRequired\":true,\"valueName\":\"search_term_string\"}}],\"inLanguage\":\"de\"},{\"@type\":\"Organization\",\"@id\":\"https:\/\/malenki.net\/de\/#organization\",\"name\":\"malenki.net\",\"url\":\"https:\/\/malenki.net\/de\/\",\"logo\":{\"@type\":\"ImageObject\",\"inLanguage\":\"de\",\"@id\":\"https:\/\/malenki.net\/de\/#\/schema\/logo\/image\/\",\"url\":\"https:\/\/malenki.net\/wp-content\/uploads\/2023\/03\/malenki-logo-2019.gif\",\"contentUrl\":\"https:\/\/malenki.net\/wp-content\/uploads\/2023\/03\/malenki-logo-2019.gif\",\"width\":524,\"height\":138,\"caption\":\"malenki.net\"},\"image\":{\"@id\":\"https:\/\/malenki.net\/de\/#\/schema\/logo\/image\/\"},\"sameAs\":[\"https:\/\/www.facebook.com\/malenki.editionen\/\",\"https:\/\/www.instagram.com\/malenkinet\/\"]}]}<\/script>\n<!-- \/ Yoast SEO plugin. -->","yoast_head_json":{"title":"malenki.net | Making Divine | Oliver Leu","description":"Risographie Zine 'Making Divine' von Oliver Leu, realisiert im Frans Masereel Centrum, Kasterlee, bei malenki,net","robots":{"index":"index","follow":"follow","max-snippet":"max-snippet:-1","max-image-preview":"max-image-preview:large","max-video-preview":"max-video-preview:-1"},"canonical":"https:\/\/malenki.net\/de\/produkt\/making-divine-oliver-leu\/","og_locale":"de_DE","og_type":"article","og_title":"malenki.net | Making Divine | Oliver Leu","og_description":"Risographie Zine 'Making Divine' von Oliver Leu, realisiert im Frans Masereel Centrum, Kasterlee, bei malenki,net","og_url":"https:\/\/malenki.net\/de\/produkt\/making-divine-oliver-leu\/","og_site_name":"malenki.net","article_publisher":"https:\/\/www.facebook.com\/malenki.editionen\/","article_modified_time":"2025-10-20T16:50:03+00:00","og_image":[{"width":1024,"height":819,"url":"https:\/\/malenki.net\/wp-content\/uploads\/2021\/06\/oliver-leu-making-divine-02.jpg","type":"image\/jpeg"}],"twitter_card":"summary_large_image","twitter_misc":{"Gesch\u00e4tzte Lesezeit":"1\u00a0Minute"},"schema":{"@context":"https:\/\/schema.org","@graph":[{"@type":"WebPage","@id":"https:\/\/malenki.net\/de\/produkt\/making-divine-oliver-leu\/","url":"https:\/\/malenki.net\/de\/produkt\/making-divine-oliver-leu\/","name":"malenki.net | Making Divine | Oliver Leu","isPartOf":{"@id":"https:\/\/malenki.net\/de\/#website"},"primaryImageOfPage":{"@id":"https:\/\/malenki.net\/de\/produkt\/making-divine-oliver-leu\/#primaryimage"},"image":{"@id":"https:\/\/malenki.net\/de\/produkt\/making-divine-oliver-leu\/#primaryimage"},"thumbnailUrl":"https:\/\/malenki.net\/wp-content\/uploads\/2021\/06\/oliver-leu-making-divine-02.jpg","datePublished":"2021-06-13T19:40:32+00:00","dateModified":"2025-10-20T16:50:03+00:00","description":"Risographie Zine 'Making Divine' von Oliver Leu, realisiert im Frans Masereel Centrum, Kasterlee, bei malenki,net","breadcrumb":{"@id":"https:\/\/malenki.net\/de\/produkt\/making-divine-oliver-leu\/#breadcrumb"},"inLanguage":"de","potentialAction":[{"@type":"ReadAction","target":["https:\/\/malenki.net\/de\/produkt\/making-divine-oliver-leu\/"]}]},{"@type":"ImageObject","inLanguage":"de","@id":"https:\/\/malenki.net\/de\/produkt\/making-divine-oliver-leu\/#primaryimage","url":"https:\/\/malenki.net\/wp-content\/uploads\/2021\/06\/oliver-leu-making-divine-02.jpg","contentUrl":"https:\/\/malenki.net\/wp-content\/uploads\/2021\/06\/oliver-leu-making-divine-02.jpg","width":1024,"height":819,"caption":"Making Divine \u2014 Oliver Leu"},{"@type":"BreadcrumbList","@id":"https:\/\/malenki.net\/de\/produkt\/making-divine-oliver-leu\/#breadcrumb","itemListElement":[{"@type":"ListItem","position":1,"name":"Home","item":"https:\/\/malenki.net\/de\/"},{"@type":"ListItem","position":2,"name":"Editionen","item":"https:\/\/malenki.net\/de\/"},{"@type":"ListItem","position":3,"name":"Making Divine"}]},{"@type":"WebSite","@id":"https:\/\/malenki.net\/de\/#website","url":"https:\/\/malenki.net\/de\/","name":"malenki.net","description":"Fotografie Editionen","publisher":{"@id":"https:\/\/malenki.net\/de\/#organization"},"potentialAction":[{"@type":"SearchAction","target":{"@type":"EntryPoint","urlTemplate":"https:\/\/malenki.net\/de\/?s={search_term_string}"},"query-input":{"@type":"PropertyValueSpecification","valueRequired":true,"valueName":"search_term_string"}}],"inLanguage":"de"},{"@type":"Organization","@id":"https:\/\/malenki.net\/de\/#organization","name":"malenki.net","url":"https:\/\/malenki.net\/de\/","logo":{"@type":"ImageObject","inLanguage":"de","@id":"https:\/\/malenki.net\/de\/#\/schema\/logo\/image\/","url":"https:\/\/malenki.net\/wp-content\/uploads\/2023\/03\/malenki-logo-2019.gif","contentUrl":"https:\/\/malenki.net\/wp-content\/uploads\/2023\/03\/malenki-logo-2019.gif","width":524,"height":138,"caption":"malenki.net"},"image":{"@id":"https:\/\/malenki.net\/de\/#\/schema\/logo\/image\/"},"sameAs":["https:\/\/www.facebook.com\/malenki.editionen\/","https:\/\/www.instagram.com\/malenkinet\/"]}]}},"wps_subtitle":"Oliver Leu","_links":{"self":[{"href":"https:\/\/malenki.net\/de\/wp-json\/wp\/v2\/product\/9387","targetHints":{"allow":["GET"]}}],"collection":[{"href":"https:\/\/malenki.net\/de\/wp-json\/wp\/v2\/product"}],"about":[{"href":"https:\/\/malenki.net\/de\/wp-json\/wp\/v2\/types\/product"}],"wp:featuredmedia":[{"embeddable":true,"href":"https:\/\/malenki.net\/de\/wp-json\/wp\/v2\/media\/9380"}],"wp:attachment":[{"href":"https:\/\/malenki.net\/de\/wp-json\/wp\/v2\/media?parent=9387"}],"wp:term":[{"taxonomy":"product_brand","embeddable":true,"href":"https:\/\/malenki.net\/de\/wp-json\/wp\/v2\/product_brand?post=9387"},{"taxonomy":"product_cat","embeddable":true,"href":"https:\/\/malenki.net\/de\/wp-json\/wp\/v2\/product_cat?post=9387"},{"taxonomy":"product_tag","embeddable":true,"href":"https:\/\/malenki.net\/de\/wp-json\/wp\/v2\/product_tag?post=9387"}],"curies":[{"name":"wp","href":"https:\/\/api.w.org\/{rel}","templated":true}]}}