{"id":9361,"date":"2021-05-25T13:48:19","date_gmt":"2021-05-25T11:48:19","guid":{"rendered":"https:\/\/malenki.net\/product\/enkel-katrin-kamrau\/"},"modified":"2024-02-04T19:03:21","modified_gmt":"2024-02-04T18:03:21","slug":"enkel-katrin-kamrau","status":"publish","type":"product","link":"https:\/\/malenki.net\/de\/produkt\/enkel-katrin-kamrau\/","title":{"rendered":"Enkel"},"content":{"rendered":"<p><em>Enkel <\/em>vereint eine Sammlung von Bilddokumenten, die Katrin Kamrau im Lieven Gevaert-Archiv in Mortsel (Belgien) in die H\u00e4nde fiel. Urspr\u00fcnglich von Mitarbeitern der Firma AGFA als Arbeitsmittel im Rahmen eines Sponsorings erstellt, sind diese Unterlagen zu einem sp\u00e4teren Zeitpunkt, durch einen (mutma\u00dflich) klandestinen Akt, in das Firmenarchiv gelangt. Diese Arbeitsmaterialien f\u00fcr Reproduktionen (mit Bildminiatur und Ma\u00dfangabe) beziehen sich auf Recherchen einer ehrenamtlichen Arbeitsgruppe zur Geschichte der feministischen Bewegung in Flandern um Denise de Weerdt (Historikerin, Pionierin der Geschlechterforschung und Mitglied des Nationale Vrouwen Raad \u2014NVR niederl\u00e4ndischsprachigen Abteilung).<br \/>\nAnl\u00e4sslich des 100-j\u00e4hrigen Bestehens des Internationalen Frauenrates (IWC) organisierten einige Mitglieder des NVR 1988 eine Wanderausstellung in Flandern unter dem Titel Vastberaden Vrouwen. Die Firma AGFA konnte als Sponsor f\u00fcr die Vervielf\u00e4ltigung geschichtlich relevanter Dokumente und Illustrationen zum belgischen Frauenstreit gewonnen werden. Zwischen fotografischer und archivarischer Praxis oszillierend, reproduziert Katrin Kamrau diese Arbeitsmittel in Form eines spiral-gebundenen Handbuches. Gleichzeitig thematisiert sie in dieser K\u00fcnstlerpublikation das Echo einer Geschichtsschreibung (Herstory) eines Wei\u00dfen Feminismus und die ihr zu Grunde liegenden Arbeitsbedingungen. \u2014 Marie L\u00e9crivain<\/p>\n","protected":false},"excerpt":{"rendered":"<p>Enkel vereint eine Sammlung von Bilddokumenten, die Katrin Kamrau im Lieven Gevaert-Archiv in Mortsel (Belgien) in die H\u00e4nde fiel. Urspr\u00fcnglich von Mitarbeitern der Firma AGFA als Arbeitsmittel im Rahmen eines Sponsorings erstellt, sind diese Unterlagen zu einem sp\u00e4teren Zeitpunkt, durch einen (mutma\u00dflich) klandestinen Akt, in das Firmenarchiv gelangt. Diese Arbeitsmaterialien f\u00fcr Reproduktionen (mit Bildminiatur und&hellip; <a class=\"more-link\" href=\"https:\/\/malenki.net\/de\/produkt\/enkel-katrin-kamrau\/\"><span class=\"screen-reader-text\">Enkel<\/span> weiterlesen<\/a><\/p>\n","protected":false},"featured_media":9298,"template":"","meta":{"pgc_sgb_lightbox_settings":""},"product_brand":[],"product_cat":[1084],"product_tag":[4116,3028,4841,4845,4846,1182,1112,4844,4843,4842,4847,5612,5575],"class_list":{"0":"post-9361","1":"product","2":"type-product","3":"status-publish","4":"has-post-thumbnail","6":"product_cat-katrin-kamrau-de","7":"product_tag-belgien","8":"product_tag-echo-de","9":"product_tag-enkel-de","10":"product_tag-gevaert-de","11":"product_tag-gevaert-archiv","12":"product_tag-kamrau-de","13":"product_tag-katrin-kamrau-de","14":"product_tag-la-houle-de","15":"product_tag-lecrivain-de","16":"product_tag-marie-lecrivain-de","17":"product_tag-mortsel-de","18":"product_tag-sisterhood-de","19":"product_tag-streik-de","20":"entry","22":"first","23":"outofstock","24":"shipping-taxable","25":"purchasable","26":"product-type-simple"},"yoast_head":"<!-- This site is optimized with the Yoast SEO plugin v27.2 - https:\/\/yoast.com\/product\/yoast-seo-wordpress\/ -->\n<title>malenki.net | Enkel | Katrin Kamrau<\/title>\n<meta name=\"robots\" content=\"index, follow, max-snippet:-1, max-image-preview:large, max-video-preview:-1\" \/>\n<link rel=\"canonical\" href=\"https:\/\/malenki.net\/de\/produkt\/enkel-katrin-kamrau\/\" \/>\n<meta property=\"og:locale\" content=\"de_DE\" \/>\n<meta property=\"og:type\" content=\"article\" \/>\n<meta property=\"og:title\" content=\"malenki.net | Enkel | Katrin Kamrau\" \/>\n<meta property=\"og:description\" content=\"Enkel vereint eine Sammlung von Bilddokumenten, die Katrin Kamrau im Lieven Gevaert-Archiv in Mortsel (Belgien) in die H\u00e4nde fiel. Urspr\u00fcnglich von Mitarbeitern der Firma AGFA als Arbeitsmittel im Rahmen eines Sponsorings erstellt, sind diese Unterlagen zu einem sp\u00e4teren Zeitpunkt, durch einen (mutma\u00dflich) klandestinen Akt, in das Firmenarchiv gelangt. Diese Arbeitsmaterialien f\u00fcr Reproduktionen (mit Bildminiatur und&hellip; Enkel weiterlesen\" \/>\n<meta property=\"og:url\" content=\"https:\/\/malenki.net\/de\/produkt\/enkel-katrin-kamrau\/\" \/>\n<meta property=\"og:site_name\" content=\"malenki.net\" \/>\n<meta property=\"article:publisher\" content=\"https:\/\/www.facebook.com\/malenki.editionen\/\" \/>\n<meta property=\"article:modified_time\" content=\"2024-02-04T18:03:21+00:00\" \/>\n<meta property=\"og:image\" content=\"https:\/\/malenki.net\/wp-content\/uploads\/2021\/01\/katrin-kamrau-enkel-01.jpg\" \/>\n\t<meta property=\"og:image:width\" content=\"1024\" \/>\n\t<meta property=\"og:image:height\" content=\"819\" \/>\n\t<meta property=\"og:image:type\" content=\"image\/jpeg\" \/>\n<meta name=\"twitter:card\" content=\"summary_large_image\" \/>\n<meta name=\"twitter:label1\" content=\"Gesch\u00e4tzte Lesezeit\" \/>\n\t<meta name=\"twitter:data1\" content=\"1\u00a0Minute\" \/>\n<script type=\"application\/ld+json\" class=\"yoast-schema-graph\">{\"@context\":\"https:\/\/schema.org\",\"@graph\":[{\"@type\":\"WebPage\",\"@id\":\"https:\/\/malenki.net\/de\/produkt\/enkel-katrin-kamrau\/\",\"url\":\"https:\/\/malenki.net\/de\/produkt\/enkel-katrin-kamrau\/\",\"name\":\"malenki.net | Enkel | Katrin Kamrau\",\"isPartOf\":{\"@id\":\"https:\/\/malenki.net\/de\/#website\"},\"primaryImageOfPage\":{\"@id\":\"https:\/\/malenki.net\/de\/produkt\/enkel-katrin-kamrau\/#primaryimage\"},\"image\":{\"@id\":\"https:\/\/malenki.net\/de\/produkt\/enkel-katrin-kamrau\/#primaryimage\"},\"thumbnailUrl\":\"https:\/\/malenki.net\/wp-content\/uploads\/2021\/01\/katrin-kamrau-enkel-01.jpg\",\"datePublished\":\"2021-05-25T11:48:19+00:00\",\"dateModified\":\"2024-02-04T18:03:21+00:00\",\"breadcrumb\":{\"@id\":\"https:\/\/malenki.net\/de\/produkt\/enkel-katrin-kamrau\/#breadcrumb\"},\"inLanguage\":\"de\",\"potentialAction\":[{\"@type\":\"ReadAction\",\"target\":[\"https:\/\/malenki.net\/de\/produkt\/enkel-katrin-kamrau\/\"]}]},{\"@type\":\"ImageObject\",\"inLanguage\":\"de\",\"@id\":\"https:\/\/malenki.net\/de\/produkt\/enkel-katrin-kamrau\/#primaryimage\",\"url\":\"https:\/\/malenki.net\/wp-content\/uploads\/2021\/01\/katrin-kamrau-enkel-01.jpg\",\"contentUrl\":\"https:\/\/malenki.net\/wp-content\/uploads\/2021\/01\/katrin-kamrau-enkel-01.jpg\",\"width\":1024,\"height\":819,\"caption\":\"Enkel \u2014 Katrin Kamrau\"},{\"@type\":\"BreadcrumbList\",\"@id\":\"https:\/\/malenki.net\/de\/produkt\/enkel-katrin-kamrau\/#breadcrumb\",\"itemListElement\":[{\"@type\":\"ListItem\",\"position\":1,\"name\":\"Home\",\"item\":\"https:\/\/malenki.net\/de\/\"},{\"@type\":\"ListItem\",\"position\":2,\"name\":\"Editionen\",\"item\":\"https:\/\/malenki.net\/de\/\"},{\"@type\":\"ListItem\",\"position\":3,\"name\":\"Enkel\"}]},{\"@type\":\"WebSite\",\"@id\":\"https:\/\/malenki.net\/de\/#website\",\"url\":\"https:\/\/malenki.net\/de\/\",\"name\":\"malenki.net\",\"description\":\"Fotografie Editionen\",\"publisher\":{\"@id\":\"https:\/\/malenki.net\/de\/#organization\"},\"potentialAction\":[{\"@type\":\"SearchAction\",\"target\":{\"@type\":\"EntryPoint\",\"urlTemplate\":\"https:\/\/malenki.net\/de\/?s={search_term_string}\"},\"query-input\":{\"@type\":\"PropertyValueSpecification\",\"valueRequired\":true,\"valueName\":\"search_term_string\"}}],\"inLanguage\":\"de\"},{\"@type\":\"Organization\",\"@id\":\"https:\/\/malenki.net\/de\/#organization\",\"name\":\"malenki.net\",\"url\":\"https:\/\/malenki.net\/de\/\",\"logo\":{\"@type\":\"ImageObject\",\"inLanguage\":\"de\",\"@id\":\"https:\/\/malenki.net\/de\/#\/schema\/logo\/image\/\",\"url\":\"https:\/\/malenki.net\/wp-content\/uploads\/2023\/03\/malenki-logo-2019.gif\",\"contentUrl\":\"https:\/\/malenki.net\/wp-content\/uploads\/2023\/03\/malenki-logo-2019.gif\",\"width\":524,\"height\":138,\"caption\":\"malenki.net\"},\"image\":{\"@id\":\"https:\/\/malenki.net\/de\/#\/schema\/logo\/image\/\"},\"sameAs\":[\"https:\/\/www.facebook.com\/malenki.editionen\/\",\"https:\/\/www.instagram.com\/malenkinet\/\"]}]}<\/script>\n<!-- \/ Yoast SEO plugin. -->","yoast_head_json":{"title":"malenki.net | Enkel | Katrin Kamrau","robots":{"index":"index","follow":"follow","max-snippet":"max-snippet:-1","max-image-preview":"max-image-preview:large","max-video-preview":"max-video-preview:-1"},"canonical":"https:\/\/malenki.net\/de\/produkt\/enkel-katrin-kamrau\/","og_locale":"de_DE","og_type":"article","og_title":"malenki.net | Enkel | Katrin Kamrau","og_description":"Enkel vereint eine Sammlung von Bilddokumenten, die Katrin Kamrau im Lieven Gevaert-Archiv in Mortsel (Belgien) in die H\u00e4nde fiel. Urspr\u00fcnglich von Mitarbeitern der Firma AGFA als Arbeitsmittel im Rahmen eines Sponsorings erstellt, sind diese Unterlagen zu einem sp\u00e4teren Zeitpunkt, durch einen (mutma\u00dflich) klandestinen Akt, in das Firmenarchiv gelangt. Diese Arbeitsmaterialien f\u00fcr Reproduktionen (mit Bildminiatur und&hellip; Enkel weiterlesen","og_url":"https:\/\/malenki.net\/de\/produkt\/enkel-katrin-kamrau\/","og_site_name":"malenki.net","article_publisher":"https:\/\/www.facebook.com\/malenki.editionen\/","article_modified_time":"2024-02-04T18:03:21+00:00","og_image":[{"width":1024,"height":819,"url":"https:\/\/malenki.net\/wp-content\/uploads\/2021\/01\/katrin-kamrau-enkel-01.jpg","type":"image\/jpeg"}],"twitter_card":"summary_large_image","twitter_misc":{"Gesch\u00e4tzte Lesezeit":"1\u00a0Minute"},"schema":{"@context":"https:\/\/schema.org","@graph":[{"@type":"WebPage","@id":"https:\/\/malenki.net\/de\/produkt\/enkel-katrin-kamrau\/","url":"https:\/\/malenki.net\/de\/produkt\/enkel-katrin-kamrau\/","name":"malenki.net | Enkel | Katrin Kamrau","isPartOf":{"@id":"https:\/\/malenki.net\/de\/#website"},"primaryImageOfPage":{"@id":"https:\/\/malenki.net\/de\/produkt\/enkel-katrin-kamrau\/#primaryimage"},"image":{"@id":"https:\/\/malenki.net\/de\/produkt\/enkel-katrin-kamrau\/#primaryimage"},"thumbnailUrl":"https:\/\/malenki.net\/wp-content\/uploads\/2021\/01\/katrin-kamrau-enkel-01.jpg","datePublished":"2021-05-25T11:48:19+00:00","dateModified":"2024-02-04T18:03:21+00:00","breadcrumb":{"@id":"https:\/\/malenki.net\/de\/produkt\/enkel-katrin-kamrau\/#breadcrumb"},"inLanguage":"de","potentialAction":[{"@type":"ReadAction","target":["https:\/\/malenki.net\/de\/produkt\/enkel-katrin-kamrau\/"]}]},{"@type":"ImageObject","inLanguage":"de","@id":"https:\/\/malenki.net\/de\/produkt\/enkel-katrin-kamrau\/#primaryimage","url":"https:\/\/malenki.net\/wp-content\/uploads\/2021\/01\/katrin-kamrau-enkel-01.jpg","contentUrl":"https:\/\/malenki.net\/wp-content\/uploads\/2021\/01\/katrin-kamrau-enkel-01.jpg","width":1024,"height":819,"caption":"Enkel \u2014 Katrin Kamrau"},{"@type":"BreadcrumbList","@id":"https:\/\/malenki.net\/de\/produkt\/enkel-katrin-kamrau\/#breadcrumb","itemListElement":[{"@type":"ListItem","position":1,"name":"Home","item":"https:\/\/malenki.net\/de\/"},{"@type":"ListItem","position":2,"name":"Editionen","item":"https:\/\/malenki.net\/de\/"},{"@type":"ListItem","position":3,"name":"Enkel"}]},{"@type":"WebSite","@id":"https:\/\/malenki.net\/de\/#website","url":"https:\/\/malenki.net\/de\/","name":"malenki.net","description":"Fotografie Editionen","publisher":{"@id":"https:\/\/malenki.net\/de\/#organization"},"potentialAction":[{"@type":"SearchAction","target":{"@type":"EntryPoint","urlTemplate":"https:\/\/malenki.net\/de\/?s={search_term_string}"},"query-input":{"@type":"PropertyValueSpecification","valueRequired":true,"valueName":"search_term_string"}}],"inLanguage":"de"},{"@type":"Organization","@id":"https:\/\/malenki.net\/de\/#organization","name":"malenki.net","url":"https:\/\/malenki.net\/de\/","logo":{"@type":"ImageObject","inLanguage":"de","@id":"https:\/\/malenki.net\/de\/#\/schema\/logo\/image\/","url":"https:\/\/malenki.net\/wp-content\/uploads\/2023\/03\/malenki-logo-2019.gif","contentUrl":"https:\/\/malenki.net\/wp-content\/uploads\/2023\/03\/malenki-logo-2019.gif","width":524,"height":138,"caption":"malenki.net"},"image":{"@id":"https:\/\/malenki.net\/de\/#\/schema\/logo\/image\/"},"sameAs":["https:\/\/www.facebook.com\/malenki.editionen\/","https:\/\/www.instagram.com\/malenkinet\/"]}]}},"wps_subtitle":"Katrin Kamrau","_links":{"self":[{"href":"https:\/\/malenki.net\/de\/wp-json\/wp\/v2\/product\/9361","targetHints":{"allow":["GET"]}}],"collection":[{"href":"https:\/\/malenki.net\/de\/wp-json\/wp\/v2\/product"}],"about":[{"href":"https:\/\/malenki.net\/de\/wp-json\/wp\/v2\/types\/product"}],"wp:featuredmedia":[{"embeddable":true,"href":"https:\/\/malenki.net\/de\/wp-json\/wp\/v2\/media\/9298"}],"wp:attachment":[{"href":"https:\/\/malenki.net\/de\/wp-json\/wp\/v2\/media?parent=9361"}],"wp:term":[{"taxonomy":"product_brand","embeddable":true,"href":"https:\/\/malenki.net\/de\/wp-json\/wp\/v2\/product_brand?post=9361"},{"taxonomy":"product_cat","embeddable":true,"href":"https:\/\/malenki.net\/de\/wp-json\/wp\/v2\/product_cat?post=9361"},{"taxonomy":"product_tag","embeddable":true,"href":"https:\/\/malenki.net\/de\/wp-json\/wp\/v2\/product_tag?post=9361"}],"curies":[{"name":"wp","href":"https:\/\/api.w.org\/{rel}","templated":true}]}}