{"id":9256,"date":"2021-02-21T15:13:05","date_gmt":"2021-02-21T14:13:05","guid":{"rendered":"https:\/\/malenki.net\/product\/the-body-will-thrive-lore-stessel\/"},"modified":"2026-03-29T20:31:31","modified_gmt":"2026-03-29T18:31:31","slug":"the-body-will-thrive-lore-stessel","status":"publish","type":"product","link":"https:\/\/malenki.net\/de\/produkt\/the-body-will-thrive-lore-stessel\/","title":{"rendered":"The Body Will Thrive"},"content":{"rendered":"<p>Das Buch versammelt meine fotografischen Untersuchungen zu Tanz und Bewegung der letzten sechs Jahre. Es kann als eine Choreografie gelesen werden, in welcher der Rhythmus des Tanzes, mit dem Umbl\u00e4ttern jeder einzelnen Seite, von der Geschwindigkeit begleitet wird. \u2014 Lore Stessel<\/p>\n<p class=\"p1\">Ob wir hoch \u00fcber schneebedeckten Bergen schweben oder tief unter der Oberfl\u00e4che des Ozeans tauchen, wo Luftblasen wundersch\u00f6n funkeln, Lore Stessels Bilder sind atemberaubend. (&#8230;) In ihren Arbeiten steckt etwas Allumfassendes, das von der Stratosph\u00e4re \u00fcber dem Globus bis zu den bezaubernden Falten auf dem R\u00fccken eines anonymen Akts reicht. (&#8230;) Lore Stessels &#8222;Bilder&#8220; (&#8230;) erzeugen etwas jenseits ihres Themas, <i>ein fragiles, bedrohtes Bild, das auch seine Gliederung und seine gleichsam im Entstehen begriffene Textur manchen kleinen Gem\u00e4lden von Seurat so nahe ist; ein unvergleichliches Bild, das uns von einer fotografischen Materie tr\u00e4umen l\u00e4\u00dft, die nicht mit der Materie dessen verschm\u00f6lze, was sein Gegenstand (objet) oder sein Subjekt (sujet) ist, und gleichzeitig von einer Kunst, in der das Licht seine eigene Metapher hervorbr\u00e4chte.\u201c (1)<\/i> &#8211; \u00fcbersetzt aus Nico Anklam, Up above the mountain, down by the sea. Painterly encounters of a photographic kind.<\/p>\n<p class=\"p1\">(1) Hubert Damisch, F\u00fcnf Anmerkungen zu einer Ph\u00e4nomenologie des fotografischen Bildes. In H. Wolf (Hrsg.), Paradigma Fotografie. Fotokritik am Ende des fotografischen Zeitalters. (D. Hornig, \u00dcbers., 139-139). Frankfurt am Main: Suhrkamp Verlag, 2002.<\/p>\n","protected":false},"excerpt":{"rendered":"<p>Publiziert mit Unterst\u00fctzung von Vlaanderen, Rossicontemporary (Brussels), Cas-Co (Leuven), STUK (Leuven), Tipi Bookshop (Brussels).<\/p>\n","protected":false},"featured_media":9237,"template":"","meta":{"pgc_sgb_lightbox_settings":""},"product_brand":[],"product_cat":[4710],"product_tag":[4724,4721,4720,4723,4734,2713,4705,4715,4714,4713,5076,4725,4717,3059,4716,4719,4718,4722],"class_list":{"0":"post-9256","1":"product","2":"type-product","3":"status-publish","4":"has-post-thumbnail","6":"product_cat-lore-stessel-de","7":"product_tag-bewegung","8":"product_tag-cas-co-de","9":"product_tag-cas-co-leuven-de","10":"product_tag-choreographie","11":"product_tag-flamische-gemeinschaft","12":"product_tag-geoffrey-brusatto-de","13":"product_tag-korper-de","14":"product_tag-lore-stessel-de","15":"product_tag-marie-pascale-gildemyn-de","16":"product_tag-nico-anklam-de","17":"product_tag-performance-de","18":"product_tag-rhytmus","19":"product_tag-rossicontemporary-de","20":"product_tag-schwarz-weiss","21":"product_tag-stessel-de","22":"product_tag-stuk-de","23":"product_tag-stuk-leuven-de","24":"product_tag-tanz","25":"entry","27":"first","28":"outofstock","29":"shipping-taxable","30":"purchasable","31":"product-type-simple"},"yoast_head":"<!-- This site is optimized with the Yoast SEO plugin v27.2 - https:\/\/yoast.com\/product\/yoast-seo-wordpress\/ -->\n<title>malenki.net | The Body Will Thrive | Lore Stessel<\/title>\n<meta name=\"description\" content=\"Das Fotobuch \u201eThe Body Will Thrive\u201c von Lore Stessel fasst die fotografischen Recherchen der K\u00fcnstlerin zum Thema Tanz und Bewegung zusammen.\" \/>\n<meta name=\"robots\" content=\"index, follow, max-snippet:-1, max-image-preview:large, max-video-preview:-1\" \/>\n<link rel=\"canonical\" href=\"https:\/\/malenki.net\/de\/produkt\/the-body-will-thrive-lore-stessel\/\" \/>\n<meta property=\"og:locale\" content=\"de_DE\" \/>\n<meta property=\"og:type\" content=\"article\" \/>\n<meta property=\"og:title\" content=\"malenki.net | The Body Will Thrive | Lore Stessel\" \/>\n<meta property=\"og:description\" content=\"Das Fotobuch \u201eThe Body Will Thrive\u201c von Lore Stessel fasst die fotografischen Recherchen der K\u00fcnstlerin zum Thema Tanz und Bewegung zusammen.\" \/>\n<meta property=\"og:url\" content=\"https:\/\/malenki.net\/de\/produkt\/the-body-will-thrive-lore-stessel\/\" \/>\n<meta property=\"og:site_name\" content=\"malenki.net\" \/>\n<meta property=\"article:publisher\" content=\"https:\/\/www.facebook.com\/malenki.editionen\/\" \/>\n<meta property=\"article:modified_time\" content=\"2026-03-29T18:31:31+00:00\" \/>\n<meta property=\"og:image\" content=\"https:\/\/malenki.net\/wp-content\/uploads\/2021\/02\/the-body-will-thrive-lore-stessel-01.jpg\" \/>\n\t<meta property=\"og:image:width\" content=\"1024\" \/>\n\t<meta property=\"og:image:height\" content=\"819\" \/>\n\t<meta property=\"og:image:type\" content=\"image\/jpeg\" \/>\n<meta name=\"twitter:card\" content=\"summary_large_image\" \/>\n<meta name=\"twitter:label1\" content=\"Gesch\u00e4tzte Lesezeit\" \/>\n\t<meta name=\"twitter:data1\" content=\"1\u00a0Minute\" \/>\n<script type=\"application\/ld+json\" class=\"yoast-schema-graph\">{\"@context\":\"https:\/\/schema.org\",\"@graph\":[{\"@type\":\"WebPage\",\"@id\":\"https:\/\/malenki.net\/de\/produkt\/the-body-will-thrive-lore-stessel\/\",\"url\":\"https:\/\/malenki.net\/de\/produkt\/the-body-will-thrive-lore-stessel\/\",\"name\":\"malenki.net | The Body Will Thrive | Lore Stessel\",\"isPartOf\":{\"@id\":\"https:\/\/malenki.net\/de\/#website\"},\"primaryImageOfPage\":{\"@id\":\"https:\/\/malenki.net\/de\/produkt\/the-body-will-thrive-lore-stessel\/#primaryimage\"},\"image\":{\"@id\":\"https:\/\/malenki.net\/de\/produkt\/the-body-will-thrive-lore-stessel\/#primaryimage\"},\"thumbnailUrl\":\"https:\/\/malenki.net\/wp-content\/uploads\/2021\/02\/the-body-will-thrive-lore-stessel-01.jpg\",\"datePublished\":\"2021-02-21T14:13:05+00:00\",\"dateModified\":\"2026-03-29T18:31:31+00:00\",\"description\":\"Das Fotobuch \u201eThe Body Will Thrive\u201c von Lore Stessel fasst die fotografischen Recherchen der K\u00fcnstlerin zum Thema Tanz und Bewegung zusammen.\",\"breadcrumb\":{\"@id\":\"https:\/\/malenki.net\/de\/produkt\/the-body-will-thrive-lore-stessel\/#breadcrumb\"},\"inLanguage\":\"de\",\"potentialAction\":[{\"@type\":\"ReadAction\",\"target\":[\"https:\/\/malenki.net\/de\/produkt\/the-body-will-thrive-lore-stessel\/\"]}]},{\"@type\":\"ImageObject\",\"inLanguage\":\"de\",\"@id\":\"https:\/\/malenki.net\/de\/produkt\/the-body-will-thrive-lore-stessel\/#primaryimage\",\"url\":\"https:\/\/malenki.net\/wp-content\/uploads\/2021\/02\/the-body-will-thrive-lore-stessel-01.jpg\",\"contentUrl\":\"https:\/\/malenki.net\/wp-content\/uploads\/2021\/02\/the-body-will-thrive-lore-stessel-01.jpg\",\"width\":1024,\"height\":819,\"caption\":\"The Body Will Thrive \u2014 Lore Stessel\"},{\"@type\":\"BreadcrumbList\",\"@id\":\"https:\/\/malenki.net\/de\/produkt\/the-body-will-thrive-lore-stessel\/#breadcrumb\",\"itemListElement\":[{\"@type\":\"ListItem\",\"position\":1,\"name\":\"Home\",\"item\":\"https:\/\/malenki.net\/de\/\"},{\"@type\":\"ListItem\",\"position\":2,\"name\":\"Editionen\",\"item\":\"https:\/\/malenki.net\/de\/\"},{\"@type\":\"ListItem\",\"position\":3,\"name\":\"The Body Will Thrive\"}]},{\"@type\":\"WebSite\",\"@id\":\"https:\/\/malenki.net\/de\/#website\",\"url\":\"https:\/\/malenki.net\/de\/\",\"name\":\"malenki.net\",\"description\":\"Fotografie Editionen\",\"publisher\":{\"@id\":\"https:\/\/malenki.net\/de\/#organization\"},\"potentialAction\":[{\"@type\":\"SearchAction\",\"target\":{\"@type\":\"EntryPoint\",\"urlTemplate\":\"https:\/\/malenki.net\/de\/?s={search_term_string}\"},\"query-input\":{\"@type\":\"PropertyValueSpecification\",\"valueRequired\":true,\"valueName\":\"search_term_string\"}}],\"inLanguage\":\"de\"},{\"@type\":\"Organization\",\"@id\":\"https:\/\/malenki.net\/de\/#organization\",\"name\":\"malenki.net\",\"url\":\"https:\/\/malenki.net\/de\/\",\"logo\":{\"@type\":\"ImageObject\",\"inLanguage\":\"de\",\"@id\":\"https:\/\/malenki.net\/de\/#\/schema\/logo\/image\/\",\"url\":\"https:\/\/malenki.net\/wp-content\/uploads\/2023\/03\/malenki-logo-2019.gif\",\"contentUrl\":\"https:\/\/malenki.net\/wp-content\/uploads\/2023\/03\/malenki-logo-2019.gif\",\"width\":524,\"height\":138,\"caption\":\"malenki.net\"},\"image\":{\"@id\":\"https:\/\/malenki.net\/de\/#\/schema\/logo\/image\/\"},\"sameAs\":[\"https:\/\/www.facebook.com\/malenki.editionen\/\",\"https:\/\/www.instagram.com\/malenkinet\/\"]}]}<\/script>\n<!-- \/ Yoast SEO plugin. -->","yoast_head_json":{"title":"malenki.net | The Body Will Thrive | Lore Stessel","description":"Das Fotobuch \u201eThe Body Will Thrive\u201c von Lore Stessel fasst die fotografischen Recherchen der K\u00fcnstlerin zum Thema Tanz und Bewegung zusammen.","robots":{"index":"index","follow":"follow","max-snippet":"max-snippet:-1","max-image-preview":"max-image-preview:large","max-video-preview":"max-video-preview:-1"},"canonical":"https:\/\/malenki.net\/de\/produkt\/the-body-will-thrive-lore-stessel\/","og_locale":"de_DE","og_type":"article","og_title":"malenki.net | The Body Will Thrive | Lore Stessel","og_description":"Das Fotobuch \u201eThe Body Will Thrive\u201c von Lore Stessel fasst die fotografischen Recherchen der K\u00fcnstlerin zum Thema Tanz und Bewegung zusammen.","og_url":"https:\/\/malenki.net\/de\/produkt\/the-body-will-thrive-lore-stessel\/","og_site_name":"malenki.net","article_publisher":"https:\/\/www.facebook.com\/malenki.editionen\/","article_modified_time":"2026-03-29T18:31:31+00:00","og_image":[{"width":1024,"height":819,"url":"https:\/\/malenki.net\/wp-content\/uploads\/2021\/02\/the-body-will-thrive-lore-stessel-01.jpg","type":"image\/jpeg"}],"twitter_card":"summary_large_image","twitter_misc":{"Gesch\u00e4tzte Lesezeit":"1\u00a0Minute"},"schema":{"@context":"https:\/\/schema.org","@graph":[{"@type":"WebPage","@id":"https:\/\/malenki.net\/de\/produkt\/the-body-will-thrive-lore-stessel\/","url":"https:\/\/malenki.net\/de\/produkt\/the-body-will-thrive-lore-stessel\/","name":"malenki.net | The Body Will Thrive | Lore Stessel","isPartOf":{"@id":"https:\/\/malenki.net\/de\/#website"},"primaryImageOfPage":{"@id":"https:\/\/malenki.net\/de\/produkt\/the-body-will-thrive-lore-stessel\/#primaryimage"},"image":{"@id":"https:\/\/malenki.net\/de\/produkt\/the-body-will-thrive-lore-stessel\/#primaryimage"},"thumbnailUrl":"https:\/\/malenki.net\/wp-content\/uploads\/2021\/02\/the-body-will-thrive-lore-stessel-01.jpg","datePublished":"2021-02-21T14:13:05+00:00","dateModified":"2026-03-29T18:31:31+00:00","description":"Das Fotobuch \u201eThe Body Will Thrive\u201c von Lore Stessel fasst die fotografischen Recherchen der K\u00fcnstlerin zum Thema Tanz und Bewegung zusammen.","breadcrumb":{"@id":"https:\/\/malenki.net\/de\/produkt\/the-body-will-thrive-lore-stessel\/#breadcrumb"},"inLanguage":"de","potentialAction":[{"@type":"ReadAction","target":["https:\/\/malenki.net\/de\/produkt\/the-body-will-thrive-lore-stessel\/"]}]},{"@type":"ImageObject","inLanguage":"de","@id":"https:\/\/malenki.net\/de\/produkt\/the-body-will-thrive-lore-stessel\/#primaryimage","url":"https:\/\/malenki.net\/wp-content\/uploads\/2021\/02\/the-body-will-thrive-lore-stessel-01.jpg","contentUrl":"https:\/\/malenki.net\/wp-content\/uploads\/2021\/02\/the-body-will-thrive-lore-stessel-01.jpg","width":1024,"height":819,"caption":"The Body Will Thrive \u2014 Lore Stessel"},{"@type":"BreadcrumbList","@id":"https:\/\/malenki.net\/de\/produkt\/the-body-will-thrive-lore-stessel\/#breadcrumb","itemListElement":[{"@type":"ListItem","position":1,"name":"Home","item":"https:\/\/malenki.net\/de\/"},{"@type":"ListItem","position":2,"name":"Editionen","item":"https:\/\/malenki.net\/de\/"},{"@type":"ListItem","position":3,"name":"The Body Will Thrive"}]},{"@type":"WebSite","@id":"https:\/\/malenki.net\/de\/#website","url":"https:\/\/malenki.net\/de\/","name":"malenki.net","description":"Fotografie Editionen","publisher":{"@id":"https:\/\/malenki.net\/de\/#organization"},"potentialAction":[{"@type":"SearchAction","target":{"@type":"EntryPoint","urlTemplate":"https:\/\/malenki.net\/de\/?s={search_term_string}"},"query-input":{"@type":"PropertyValueSpecification","valueRequired":true,"valueName":"search_term_string"}}],"inLanguage":"de"},{"@type":"Organization","@id":"https:\/\/malenki.net\/de\/#organization","name":"malenki.net","url":"https:\/\/malenki.net\/de\/","logo":{"@type":"ImageObject","inLanguage":"de","@id":"https:\/\/malenki.net\/de\/#\/schema\/logo\/image\/","url":"https:\/\/malenki.net\/wp-content\/uploads\/2023\/03\/malenki-logo-2019.gif","contentUrl":"https:\/\/malenki.net\/wp-content\/uploads\/2023\/03\/malenki-logo-2019.gif","width":524,"height":138,"caption":"malenki.net"},"image":{"@id":"https:\/\/malenki.net\/de\/#\/schema\/logo\/image\/"},"sameAs":["https:\/\/www.facebook.com\/malenki.editionen\/","https:\/\/www.instagram.com\/malenkinet\/"]}]}},"wps_subtitle":"Lore Stessel","_links":{"self":[{"href":"https:\/\/malenki.net\/de\/wp-json\/wp\/v2\/product\/9256","targetHints":{"allow":["GET"]}}],"collection":[{"href":"https:\/\/malenki.net\/de\/wp-json\/wp\/v2\/product"}],"about":[{"href":"https:\/\/malenki.net\/de\/wp-json\/wp\/v2\/types\/product"}],"wp:featuredmedia":[{"embeddable":true,"href":"https:\/\/malenki.net\/de\/wp-json\/wp\/v2\/media\/9237"}],"wp:attachment":[{"href":"https:\/\/malenki.net\/de\/wp-json\/wp\/v2\/media?parent=9256"}],"wp:term":[{"taxonomy":"product_brand","embeddable":true,"href":"https:\/\/malenki.net\/de\/wp-json\/wp\/v2\/product_brand?post=9256"},{"taxonomy":"product_cat","embeddable":true,"href":"https:\/\/malenki.net\/de\/wp-json\/wp\/v2\/product_cat?post=9256"},{"taxonomy":"product_tag","embeddable":true,"href":"https:\/\/malenki.net\/de\/wp-json\/wp\/v2\/product_tag?post=9256"}],"curies":[{"name":"wp","href":"https:\/\/api.w.org\/{rel}","templated":true}]}}