{"id":9190,"date":"2021-01-08T01:22:30","date_gmt":"2021-01-08T00:22:30","guid":{"rendered":"https:\/\/malenki.net\/product\/residual-stacks-kate-morrell\/"},"modified":"2024-02-04T19:04:50","modified_gmt":"2024-02-04T18:04:50","slug":"residual-stacks-kate-morrell","status":"publish","type":"product","link":"https:\/\/malenki.net\/de\/produkt\/residual-stacks-kate-morrell\/","title":{"rendered":"Residual Stacks"},"content":{"rendered":"<p class=\"p1\">Die dynamische Ordnung und das t\u00e4gliche Neukombination von Materialien sind Referenzen, die hier zu St\u00f6rungen bei den Benutzern f\u00fchren und zuf\u00e4llige Begegnungen erm\u00f6glichen. <i>Residual Stacks<\/i> ist ein Dokument der Arbeit, die\u00a0 Kate Morrell an f\u00fcnf Tagen und N\u00e4chten vor Ort mit Materialien aus den Schubladen des Werkstoffarchivs durchgef\u00fchrt hat. Eine Reihe konstruierter Bilder, die im Fr\u00fchsommer innerhalb einer ruhigen Woche produziert wurden, ohne Unterbrechung, um Materialien zu verarbeiten und B\u00fccher und Materialien in einem einzigen Arbeitsbereich zu sammeln.<\/p>\n<p class=\"p1\">Die \u201eStapel\u201c integrieren Objekte aus den vielen Bereichen des Archivs (Metalle, Mineralien, Textilien, Keramik, Papier usw.) und st\u00f6ren so etablierte Materialhierarchien. Die angegebenen Zugangsnummern und Elementlisten sind im Sitterwerk-Katalog aufgef\u00fchrt.<\/p>\n<p class=\"p1\">Diese Arbeit und diese Publikation wurden im Dialog mit einer Auswahl von Ausstellungskatalogen der Kunstbibliothek der Stiftung Sitterwerk ver\u00f6ffentlicht in den 1960er und 1970er Jahren erstellt. Diese schlanken, in der Schweiz entstandenen Kataloge dokumentieren, unterst\u00fctzt von<span class=\"Apple-converted-space\">\u00a0 <\/span>Schwarzwei\u00dffotografien, europ\u00e4ische Skulptur nach 1945 und den damals zeitgen\u00f6ssischen Minimalismus\u2014modernistische Skulptur und monumentale Worte in Marmor, Stahl und Bronze.<\/p>\n","protected":false},"excerpt":{"rendered":"<p>Diese Publikation wurde von Kate Morell im Sitterwerk, St.Gallen, Schweiz entwickelt. F\u00fcnf Tage und f\u00fcnf N\u00e4chte \u201edynamischer Ordnung\u201c in der Kunstbibliothek und im Werkstoffarchiv der Stiftung Sitterwerk. Unterst\u00fctzt vom Arts Council England und dem Artist&#8217;s International Development Fund des British Council. Ver\u00f6ffentlicht unter Kate Morrells Imprint <a href=\"http:\/\/pleatspress.com\/index.php\/project\/residual-stacks\/\" target=\"_blank\" rel=\"noopener\">Pleats<\/a>.<\/p>\n","protected":false},"featured_media":9178,"template":"","meta":{"pgc_sgb_lightbox_settings":""},"product_brand":[],"product_cat":[3902],"product_tag":[4757,4581,4640,4579,4580,4642,4643,4596,4641,4599,4639,4600,3994],"class_list":{"0":"post-9190","1":"product","2":"type-product","3":"status-publish","4":"has-post-thumbnail","6":"product_cat-kate-morrell-de","7":"product_tag-archiv","8":"product_tag-arts-council-england-de","9":"product_tag-british-councils-artists-international-development-fund-de","10":"product_tag-kate-morrell-de","11":"product_tag-morrell-de","12":"product_tag-pleats-de","13":"product_tag-pleatspress-de","14":"product_tag-residual-stacks-de","15":"product_tag-sitterwerk-de","16":"product_tag-sitterwerk-kunstbibliothek-de","17":"product_tag-st-gallen-de","18":"product_tag-werkstoffarchiv-de","19":"product_tag-zine-de","20":"entry","22":"first","23":"instock","24":"shipping-taxable","25":"purchasable","26":"product-type-simple"},"yoast_head":"<!-- This site is optimized with the Yoast SEO plugin v27.2 - https:\/\/yoast.com\/product\/yoast-seo-wordpress\/ -->\n<title>malenki.net | Residual Stacks | Kate Morrell<\/title>\n<meta name=\"description\" content=\"&#039;Residual Stacks&#039; von Kate Morrell bei malenki.net\" \/>\n<meta name=\"robots\" content=\"index, follow, max-snippet:-1, max-image-preview:large, max-video-preview:-1\" \/>\n<link rel=\"canonical\" href=\"https:\/\/malenki.net\/de\/produkt\/residual-stacks-kate-morrell\/\" \/>\n<meta property=\"og:locale\" content=\"de_DE\" \/>\n<meta property=\"og:type\" content=\"article\" \/>\n<meta property=\"og:title\" content=\"malenki.net | Residual Stacks | Kate Morrell\" \/>\n<meta property=\"og:description\" content=\"&#039;Residual Stacks&#039; von Kate Morrell bei malenki.net\" \/>\n<meta property=\"og:url\" content=\"https:\/\/malenki.net\/de\/produkt\/residual-stacks-kate-morrell\/\" \/>\n<meta property=\"og:site_name\" content=\"malenki.net\" \/>\n<meta property=\"article:publisher\" content=\"https:\/\/www.facebook.com\/malenki.editionen\/\" \/>\n<meta property=\"article:modified_time\" content=\"2024-02-04T18:04:50+00:00\" \/>\n<meta property=\"og:image\" content=\"https:\/\/malenki.net\/wp-content\/uploads\/2021\/01\/kate-morrell-residual-stacks-01.jpg\" \/>\n\t<meta property=\"og:image:width\" content=\"1200\" \/>\n\t<meta property=\"og:image:height\" content=\"960\" \/>\n\t<meta property=\"og:image:type\" content=\"image\/jpeg\" \/>\n<meta name=\"twitter:card\" content=\"summary_large_image\" \/>\n<meta name=\"twitter:label1\" content=\"Gesch\u00e4tzte Lesezeit\" \/>\n\t<meta name=\"twitter:data1\" content=\"1\u00a0Minute\" \/>\n<script type=\"application\/ld+json\" class=\"yoast-schema-graph\">{\"@context\":\"https:\/\/schema.org\",\"@graph\":[{\"@type\":\"WebPage\",\"@id\":\"https:\/\/malenki.net\/de\/produkt\/residual-stacks-kate-morrell\/\",\"url\":\"https:\/\/malenki.net\/de\/produkt\/residual-stacks-kate-morrell\/\",\"name\":\"malenki.net | Residual Stacks | Kate Morrell\",\"isPartOf\":{\"@id\":\"https:\/\/malenki.net\/de\/#website\"},\"primaryImageOfPage\":{\"@id\":\"https:\/\/malenki.net\/de\/produkt\/residual-stacks-kate-morrell\/#primaryimage\"},\"image\":{\"@id\":\"https:\/\/malenki.net\/de\/produkt\/residual-stacks-kate-morrell\/#primaryimage\"},\"thumbnailUrl\":\"https:\/\/malenki.net\/wp-content\/uploads\/2021\/01\/kate-morrell-residual-stacks-01.jpg\",\"datePublished\":\"2021-01-08T00:22:30+00:00\",\"dateModified\":\"2024-02-04T18:04:50+00:00\",\"description\":\"'Residual Stacks' von Kate Morrell bei malenki.net\",\"breadcrumb\":{\"@id\":\"https:\/\/malenki.net\/de\/produkt\/residual-stacks-kate-morrell\/#breadcrumb\"},\"inLanguage\":\"de\",\"potentialAction\":[{\"@type\":\"ReadAction\",\"target\":[\"https:\/\/malenki.net\/de\/produkt\/residual-stacks-kate-morrell\/\"]}]},{\"@type\":\"ImageObject\",\"inLanguage\":\"de\",\"@id\":\"https:\/\/malenki.net\/de\/produkt\/residual-stacks-kate-morrell\/#primaryimage\",\"url\":\"https:\/\/malenki.net\/wp-content\/uploads\/2021\/01\/kate-morrell-residual-stacks-01.jpg\",\"contentUrl\":\"https:\/\/malenki.net\/wp-content\/uploads\/2021\/01\/kate-morrell-residual-stacks-01.jpg\",\"width\":1200,\"height\":960,\"caption\":\"Residual Stacks \u2014 Kate Morrell\"},{\"@type\":\"BreadcrumbList\",\"@id\":\"https:\/\/malenki.net\/de\/produkt\/residual-stacks-kate-morrell\/#breadcrumb\",\"itemListElement\":[{\"@type\":\"ListItem\",\"position\":1,\"name\":\"Home\",\"item\":\"https:\/\/malenki.net\/de\/\"},{\"@type\":\"ListItem\",\"position\":2,\"name\":\"Editionen\",\"item\":\"https:\/\/malenki.net\/de\/\"},{\"@type\":\"ListItem\",\"position\":3,\"name\":\"Residual Stacks\"}]},{\"@type\":\"WebSite\",\"@id\":\"https:\/\/malenki.net\/de\/#website\",\"url\":\"https:\/\/malenki.net\/de\/\",\"name\":\"malenki.net\",\"description\":\"Fotografie Editionen\",\"publisher\":{\"@id\":\"https:\/\/malenki.net\/de\/#organization\"},\"potentialAction\":[{\"@type\":\"SearchAction\",\"target\":{\"@type\":\"EntryPoint\",\"urlTemplate\":\"https:\/\/malenki.net\/de\/?s={search_term_string}\"},\"query-input\":{\"@type\":\"PropertyValueSpecification\",\"valueRequired\":true,\"valueName\":\"search_term_string\"}}],\"inLanguage\":\"de\"},{\"@type\":\"Organization\",\"@id\":\"https:\/\/malenki.net\/de\/#organization\",\"name\":\"malenki.net\",\"url\":\"https:\/\/malenki.net\/de\/\",\"logo\":{\"@type\":\"ImageObject\",\"inLanguage\":\"de\",\"@id\":\"https:\/\/malenki.net\/de\/#\/schema\/logo\/image\/\",\"url\":\"https:\/\/malenki.net\/wp-content\/uploads\/2023\/03\/malenki-logo-2019.gif\",\"contentUrl\":\"https:\/\/malenki.net\/wp-content\/uploads\/2023\/03\/malenki-logo-2019.gif\",\"width\":524,\"height\":138,\"caption\":\"malenki.net\"},\"image\":{\"@id\":\"https:\/\/malenki.net\/de\/#\/schema\/logo\/image\/\"},\"sameAs\":[\"https:\/\/www.facebook.com\/malenki.editionen\/\",\"https:\/\/www.instagram.com\/malenkinet\/\"]}]}<\/script>\n<!-- \/ Yoast SEO plugin. -->","yoast_head_json":{"title":"malenki.net | Residual Stacks | Kate Morrell","description":"'Residual Stacks' von Kate Morrell bei malenki.net","robots":{"index":"index","follow":"follow","max-snippet":"max-snippet:-1","max-image-preview":"max-image-preview:large","max-video-preview":"max-video-preview:-1"},"canonical":"https:\/\/malenki.net\/de\/produkt\/residual-stacks-kate-morrell\/","og_locale":"de_DE","og_type":"article","og_title":"malenki.net | Residual Stacks | Kate Morrell","og_description":"'Residual Stacks' von Kate Morrell bei malenki.net","og_url":"https:\/\/malenki.net\/de\/produkt\/residual-stacks-kate-morrell\/","og_site_name":"malenki.net","article_publisher":"https:\/\/www.facebook.com\/malenki.editionen\/","article_modified_time":"2024-02-04T18:04:50+00:00","og_image":[{"width":1200,"height":960,"url":"https:\/\/malenki.net\/wp-content\/uploads\/2021\/01\/kate-morrell-residual-stacks-01.jpg","type":"image\/jpeg"}],"twitter_card":"summary_large_image","twitter_misc":{"Gesch\u00e4tzte Lesezeit":"1\u00a0Minute"},"schema":{"@context":"https:\/\/schema.org","@graph":[{"@type":"WebPage","@id":"https:\/\/malenki.net\/de\/produkt\/residual-stacks-kate-morrell\/","url":"https:\/\/malenki.net\/de\/produkt\/residual-stacks-kate-morrell\/","name":"malenki.net | Residual Stacks | Kate Morrell","isPartOf":{"@id":"https:\/\/malenki.net\/de\/#website"},"primaryImageOfPage":{"@id":"https:\/\/malenki.net\/de\/produkt\/residual-stacks-kate-morrell\/#primaryimage"},"image":{"@id":"https:\/\/malenki.net\/de\/produkt\/residual-stacks-kate-morrell\/#primaryimage"},"thumbnailUrl":"https:\/\/malenki.net\/wp-content\/uploads\/2021\/01\/kate-morrell-residual-stacks-01.jpg","datePublished":"2021-01-08T00:22:30+00:00","dateModified":"2024-02-04T18:04:50+00:00","description":"'Residual Stacks' von Kate Morrell bei malenki.net","breadcrumb":{"@id":"https:\/\/malenki.net\/de\/produkt\/residual-stacks-kate-morrell\/#breadcrumb"},"inLanguage":"de","potentialAction":[{"@type":"ReadAction","target":["https:\/\/malenki.net\/de\/produkt\/residual-stacks-kate-morrell\/"]}]},{"@type":"ImageObject","inLanguage":"de","@id":"https:\/\/malenki.net\/de\/produkt\/residual-stacks-kate-morrell\/#primaryimage","url":"https:\/\/malenki.net\/wp-content\/uploads\/2021\/01\/kate-morrell-residual-stacks-01.jpg","contentUrl":"https:\/\/malenki.net\/wp-content\/uploads\/2021\/01\/kate-morrell-residual-stacks-01.jpg","width":1200,"height":960,"caption":"Residual Stacks \u2014 Kate Morrell"},{"@type":"BreadcrumbList","@id":"https:\/\/malenki.net\/de\/produkt\/residual-stacks-kate-morrell\/#breadcrumb","itemListElement":[{"@type":"ListItem","position":1,"name":"Home","item":"https:\/\/malenki.net\/de\/"},{"@type":"ListItem","position":2,"name":"Editionen","item":"https:\/\/malenki.net\/de\/"},{"@type":"ListItem","position":3,"name":"Residual Stacks"}]},{"@type":"WebSite","@id":"https:\/\/malenki.net\/de\/#website","url":"https:\/\/malenki.net\/de\/","name":"malenki.net","description":"Fotografie Editionen","publisher":{"@id":"https:\/\/malenki.net\/de\/#organization"},"potentialAction":[{"@type":"SearchAction","target":{"@type":"EntryPoint","urlTemplate":"https:\/\/malenki.net\/de\/?s={search_term_string}"},"query-input":{"@type":"PropertyValueSpecification","valueRequired":true,"valueName":"search_term_string"}}],"inLanguage":"de"},{"@type":"Organization","@id":"https:\/\/malenki.net\/de\/#organization","name":"malenki.net","url":"https:\/\/malenki.net\/de\/","logo":{"@type":"ImageObject","inLanguage":"de","@id":"https:\/\/malenki.net\/de\/#\/schema\/logo\/image\/","url":"https:\/\/malenki.net\/wp-content\/uploads\/2023\/03\/malenki-logo-2019.gif","contentUrl":"https:\/\/malenki.net\/wp-content\/uploads\/2023\/03\/malenki-logo-2019.gif","width":524,"height":138,"caption":"malenki.net"},"image":{"@id":"https:\/\/malenki.net\/de\/#\/schema\/logo\/image\/"},"sameAs":["https:\/\/www.facebook.com\/malenki.editionen\/","https:\/\/www.instagram.com\/malenkinet\/"]}]}},"wps_subtitle":"Kate Morrell","_links":{"self":[{"href":"https:\/\/malenki.net\/de\/wp-json\/wp\/v2\/product\/9190","targetHints":{"allow":["GET"]}}],"collection":[{"href":"https:\/\/malenki.net\/de\/wp-json\/wp\/v2\/product"}],"about":[{"href":"https:\/\/malenki.net\/de\/wp-json\/wp\/v2\/types\/product"}],"wp:featuredmedia":[{"embeddable":true,"href":"https:\/\/malenki.net\/de\/wp-json\/wp\/v2\/media\/9178"}],"wp:attachment":[{"href":"https:\/\/malenki.net\/de\/wp-json\/wp\/v2\/media?parent=9190"}],"wp:term":[{"taxonomy":"product_brand","embeddable":true,"href":"https:\/\/malenki.net\/de\/wp-json\/wp\/v2\/product_brand?post=9190"},{"taxonomy":"product_cat","embeddable":true,"href":"https:\/\/malenki.net\/de\/wp-json\/wp\/v2\/product_cat?post=9190"},{"taxonomy":"product_tag","embeddable":true,"href":"https:\/\/malenki.net\/de\/wp-json\/wp\/v2\/product_tag?post=9190"}],"curies":[{"name":"wp","href":"https:\/\/api.w.org\/{rel}","templated":true}]}}