{"id":9187,"date":"2021-01-07T17:19:56","date_gmt":"2021-01-07T16:19:56","guid":{"rendered":"https:\/\/malenki.net\/product\/museum-pictorial-kate-morrell\/"},"modified":"2024-02-04T19:05:02","modified_gmt":"2024-02-04T18:05:02","slug":"museum-pictorial-kate-morrell","status":"publish","type":"product","link":"https:\/\/malenki.net\/de\/produkt\/museum-pictorial-kate-morrell\/","title":{"rendered":"Museum Pictorial"},"content":{"rendered":"<p><em>Museum Pictoral<\/em> zeigt und erweitert eine Auswahl von Bronzespiegeln, die permanent im Kendal Museum in Cumbria ausgestellt sind. In den arch\u00e4ologischen Sammlungen des Museums, gezeigt in drei separaten Vitrinen, befinden sich drei antike Spiegel: ein \u00e4gyptischer, ein keltischer und ein r\u00f6mischer. Die Spiegel bestehen aus dem gleichen Material (Bronze), unterscheiden sich jedoch in ihrem Aussehen. Ein Spiegel ist goldfarben, einer hat eine versilberte Oberfl\u00e4che und einer ist leuchtend gr\u00fcn und oxidiert. Die Bronzeschmelze entwickelte sich in der Antike unterschiedlich schnell und Beispiele f\u00fcr Bronzespiegel finden sich in vielen verschiedenen Kulturen und Zivilisationen.<\/p>\n<p><em>Bronze mirror, incised,<\/em> bietet einen selektiven \u00dcberblick \u00fcber historische Spiegel und stellt zwei Kendal-Spiegel in ihren breiteren Kontext. Hierf\u00fcr werden von Kate Morrell im Rahmen ihrer k\u00fcnstlerischen Forschung weitere bemerkenswerte Objekte des Kendal Museums mit Objekten aus diversen digitalen Onlinesammlungen kombiniert (u.a. aus der Sammlung des British Museum und des Metropolitan Museum of Art). Die vorgestellten Spiegel bestehen aus verschiedenen Materialien: Bronze, Kupfer, Gold, Silber, Obsidian, Pyrit und Glas. Das fr\u00fcheste im Bild dargestellte Beispiel stammt aus der Steinzeit.<\/p>\n","protected":false},"excerpt":{"rendered":"<p>Diese Ver\u00f6ffentlichung wurde mit Unterst\u00fctzung des Arts Council England realisiert und im Rahmen von Kate Morrells Projekt <em>Lustre <\/em>im Auftrag von Legion TV ver\u00f6ffentlicht.<\/p>\n","protected":false},"featured_media":9168,"template":"","meta":{"pgc_sgb_lightbox_settings":""},"product_brand":[],"product_cat":[3902],"product_tag":[4581,4650,4587,4579,4585,4583,4582,4651,4580,4584,4642,4643,4586,3994],"class_list":{"0":"post-9187","1":"product","2":"type-product","3":"status-publish","4":"has-post-thumbnail","6":"product_cat-kate-morrell-de","7":"product_tag-arts-council-england-de","8":"product_tag-british-museum-de","9":"product_tag-bronze-de","10":"product_tag-kate-morrell-de","11":"product_tag-kendal-museum-de","12":"product_tag-legion-tv-de","13":"product_tag-luster","14":"product_tag-metropolitan-museum-of-art-de","15":"product_tag-morrell-de","16":"product_tag-museum-pictorial-de","17":"product_tag-pleats-de","18":"product_tag-pleatspress-de","19":"product_tag-spiegel","20":"product_tag-zine-de","21":"entry","23":"first","24":"instock","25":"shipping-taxable","26":"purchasable","27":"product-type-simple"},"yoast_head":"<!-- This site is optimized with the Yoast SEO plugin v27.2 - https:\/\/yoast.com\/product\/yoast-seo-wordpress\/ -->\n<title>malenki.net | Museum Pictorial | Kate Morrell<\/title>\n<meta name=\"description\" content=\"&#039;Museum Pictorial&#039; von Kate Morrell bei malenki.net\" \/>\n<meta name=\"robots\" content=\"index, follow, max-snippet:-1, max-image-preview:large, max-video-preview:-1\" \/>\n<link rel=\"canonical\" href=\"https:\/\/malenki.net\/de\/produkt\/museum-pictorial-kate-morrell\/\" \/>\n<meta property=\"og:locale\" content=\"de_DE\" \/>\n<meta property=\"og:type\" content=\"article\" \/>\n<meta property=\"og:title\" content=\"malenki.net | Museum Pictorial | Kate Morrell\" \/>\n<meta property=\"og:description\" content=\"&#039;Museum Pictorial&#039; von Kate Morrell bei malenki.net\" \/>\n<meta property=\"og:url\" content=\"https:\/\/malenki.net\/de\/produkt\/museum-pictorial-kate-morrell\/\" \/>\n<meta property=\"og:site_name\" content=\"malenki.net\" \/>\n<meta property=\"article:publisher\" content=\"https:\/\/www.facebook.com\/malenki.editionen\/\" \/>\n<meta property=\"article:modified_time\" content=\"2024-02-04T18:05:02+00:00\" \/>\n<meta property=\"og:image\" content=\"https:\/\/malenki.net\/wp-content\/uploads\/2021\/01\/kate-morrell-museum-pictorial-01.jpg\" \/>\n\t<meta property=\"og:image:width\" content=\"1200\" \/>\n\t<meta property=\"og:image:height\" content=\"960\" \/>\n\t<meta property=\"og:image:type\" content=\"image\/jpeg\" \/>\n<meta name=\"twitter:card\" content=\"summary_large_image\" \/>\n<meta name=\"twitter:label1\" content=\"Gesch\u00e4tzte Lesezeit\" \/>\n\t<meta name=\"twitter:data1\" content=\"1\u00a0Minute\" \/>\n<script type=\"application\/ld+json\" class=\"yoast-schema-graph\">{\"@context\":\"https:\/\/schema.org\",\"@graph\":[{\"@type\":\"WebPage\",\"@id\":\"https:\/\/malenki.net\/de\/produkt\/museum-pictorial-kate-morrell\/\",\"url\":\"https:\/\/malenki.net\/de\/produkt\/museum-pictorial-kate-morrell\/\",\"name\":\"malenki.net | Museum Pictorial | Kate Morrell\",\"isPartOf\":{\"@id\":\"https:\/\/malenki.net\/de\/#website\"},\"primaryImageOfPage\":{\"@id\":\"https:\/\/malenki.net\/de\/produkt\/museum-pictorial-kate-morrell\/#primaryimage\"},\"image\":{\"@id\":\"https:\/\/malenki.net\/de\/produkt\/museum-pictorial-kate-morrell\/#primaryimage\"},\"thumbnailUrl\":\"https:\/\/malenki.net\/wp-content\/uploads\/2021\/01\/kate-morrell-museum-pictorial-01.jpg\",\"datePublished\":\"2021-01-07T16:19:56+00:00\",\"dateModified\":\"2024-02-04T18:05:02+00:00\",\"description\":\"'Museum Pictorial' von Kate Morrell bei malenki.net\",\"breadcrumb\":{\"@id\":\"https:\/\/malenki.net\/de\/produkt\/museum-pictorial-kate-morrell\/#breadcrumb\"},\"inLanguage\":\"de\",\"potentialAction\":[{\"@type\":\"ReadAction\",\"target\":[\"https:\/\/malenki.net\/de\/produkt\/museum-pictorial-kate-morrell\/\"]}]},{\"@type\":\"ImageObject\",\"inLanguage\":\"de\",\"@id\":\"https:\/\/malenki.net\/de\/produkt\/museum-pictorial-kate-morrell\/#primaryimage\",\"url\":\"https:\/\/malenki.net\/wp-content\/uploads\/2021\/01\/kate-morrell-museum-pictorial-01.jpg\",\"contentUrl\":\"https:\/\/malenki.net\/wp-content\/uploads\/2021\/01\/kate-morrell-museum-pictorial-01.jpg\",\"width\":1200,\"height\":960,\"caption\":\"Museum Pictorial \u2014 Kate Morrell\"},{\"@type\":\"BreadcrumbList\",\"@id\":\"https:\/\/malenki.net\/de\/produkt\/museum-pictorial-kate-morrell\/#breadcrumb\",\"itemListElement\":[{\"@type\":\"ListItem\",\"position\":1,\"name\":\"Home\",\"item\":\"https:\/\/malenki.net\/de\/\"},{\"@type\":\"ListItem\",\"position\":2,\"name\":\"Editionen\",\"item\":\"https:\/\/malenki.net\/de\/\"},{\"@type\":\"ListItem\",\"position\":3,\"name\":\"Museum Pictorial\"}]},{\"@type\":\"WebSite\",\"@id\":\"https:\/\/malenki.net\/de\/#website\",\"url\":\"https:\/\/malenki.net\/de\/\",\"name\":\"malenki.net\",\"description\":\"Fotografie Editionen\",\"publisher\":{\"@id\":\"https:\/\/malenki.net\/de\/#organization\"},\"potentialAction\":[{\"@type\":\"SearchAction\",\"target\":{\"@type\":\"EntryPoint\",\"urlTemplate\":\"https:\/\/malenki.net\/de\/?s={search_term_string}\"},\"query-input\":{\"@type\":\"PropertyValueSpecification\",\"valueRequired\":true,\"valueName\":\"search_term_string\"}}],\"inLanguage\":\"de\"},{\"@type\":\"Organization\",\"@id\":\"https:\/\/malenki.net\/de\/#organization\",\"name\":\"malenki.net\",\"url\":\"https:\/\/malenki.net\/de\/\",\"logo\":{\"@type\":\"ImageObject\",\"inLanguage\":\"de\",\"@id\":\"https:\/\/malenki.net\/de\/#\/schema\/logo\/image\/\",\"url\":\"https:\/\/malenki.net\/wp-content\/uploads\/2023\/03\/malenki-logo-2019.gif\",\"contentUrl\":\"https:\/\/malenki.net\/wp-content\/uploads\/2023\/03\/malenki-logo-2019.gif\",\"width\":524,\"height\":138,\"caption\":\"malenki.net\"},\"image\":{\"@id\":\"https:\/\/malenki.net\/de\/#\/schema\/logo\/image\/\"},\"sameAs\":[\"https:\/\/www.facebook.com\/malenki.editionen\/\",\"https:\/\/www.instagram.com\/malenkinet\/\"]}]}<\/script>\n<!-- \/ Yoast SEO plugin. -->","yoast_head_json":{"title":"malenki.net | Museum Pictorial | Kate Morrell","description":"'Museum Pictorial' von Kate Morrell bei malenki.net","robots":{"index":"index","follow":"follow","max-snippet":"max-snippet:-1","max-image-preview":"max-image-preview:large","max-video-preview":"max-video-preview:-1"},"canonical":"https:\/\/malenki.net\/de\/produkt\/museum-pictorial-kate-morrell\/","og_locale":"de_DE","og_type":"article","og_title":"malenki.net | Museum Pictorial | Kate Morrell","og_description":"'Museum Pictorial' von Kate Morrell bei malenki.net","og_url":"https:\/\/malenki.net\/de\/produkt\/museum-pictorial-kate-morrell\/","og_site_name":"malenki.net","article_publisher":"https:\/\/www.facebook.com\/malenki.editionen\/","article_modified_time":"2024-02-04T18:05:02+00:00","og_image":[{"width":1200,"height":960,"url":"https:\/\/malenki.net\/wp-content\/uploads\/2021\/01\/kate-morrell-museum-pictorial-01.jpg","type":"image\/jpeg"}],"twitter_card":"summary_large_image","twitter_misc":{"Gesch\u00e4tzte Lesezeit":"1\u00a0Minute"},"schema":{"@context":"https:\/\/schema.org","@graph":[{"@type":"WebPage","@id":"https:\/\/malenki.net\/de\/produkt\/museum-pictorial-kate-morrell\/","url":"https:\/\/malenki.net\/de\/produkt\/museum-pictorial-kate-morrell\/","name":"malenki.net | Museum Pictorial | Kate Morrell","isPartOf":{"@id":"https:\/\/malenki.net\/de\/#website"},"primaryImageOfPage":{"@id":"https:\/\/malenki.net\/de\/produkt\/museum-pictorial-kate-morrell\/#primaryimage"},"image":{"@id":"https:\/\/malenki.net\/de\/produkt\/museum-pictorial-kate-morrell\/#primaryimage"},"thumbnailUrl":"https:\/\/malenki.net\/wp-content\/uploads\/2021\/01\/kate-morrell-museum-pictorial-01.jpg","datePublished":"2021-01-07T16:19:56+00:00","dateModified":"2024-02-04T18:05:02+00:00","description":"'Museum Pictorial' von Kate Morrell bei malenki.net","breadcrumb":{"@id":"https:\/\/malenki.net\/de\/produkt\/museum-pictorial-kate-morrell\/#breadcrumb"},"inLanguage":"de","potentialAction":[{"@type":"ReadAction","target":["https:\/\/malenki.net\/de\/produkt\/museum-pictorial-kate-morrell\/"]}]},{"@type":"ImageObject","inLanguage":"de","@id":"https:\/\/malenki.net\/de\/produkt\/museum-pictorial-kate-morrell\/#primaryimage","url":"https:\/\/malenki.net\/wp-content\/uploads\/2021\/01\/kate-morrell-museum-pictorial-01.jpg","contentUrl":"https:\/\/malenki.net\/wp-content\/uploads\/2021\/01\/kate-morrell-museum-pictorial-01.jpg","width":1200,"height":960,"caption":"Museum Pictorial \u2014 Kate Morrell"},{"@type":"BreadcrumbList","@id":"https:\/\/malenki.net\/de\/produkt\/museum-pictorial-kate-morrell\/#breadcrumb","itemListElement":[{"@type":"ListItem","position":1,"name":"Home","item":"https:\/\/malenki.net\/de\/"},{"@type":"ListItem","position":2,"name":"Editionen","item":"https:\/\/malenki.net\/de\/"},{"@type":"ListItem","position":3,"name":"Museum Pictorial"}]},{"@type":"WebSite","@id":"https:\/\/malenki.net\/de\/#website","url":"https:\/\/malenki.net\/de\/","name":"malenki.net","description":"Fotografie Editionen","publisher":{"@id":"https:\/\/malenki.net\/de\/#organization"},"potentialAction":[{"@type":"SearchAction","target":{"@type":"EntryPoint","urlTemplate":"https:\/\/malenki.net\/de\/?s={search_term_string}"},"query-input":{"@type":"PropertyValueSpecification","valueRequired":true,"valueName":"search_term_string"}}],"inLanguage":"de"},{"@type":"Organization","@id":"https:\/\/malenki.net\/de\/#organization","name":"malenki.net","url":"https:\/\/malenki.net\/de\/","logo":{"@type":"ImageObject","inLanguage":"de","@id":"https:\/\/malenki.net\/de\/#\/schema\/logo\/image\/","url":"https:\/\/malenki.net\/wp-content\/uploads\/2023\/03\/malenki-logo-2019.gif","contentUrl":"https:\/\/malenki.net\/wp-content\/uploads\/2023\/03\/malenki-logo-2019.gif","width":524,"height":138,"caption":"malenki.net"},"image":{"@id":"https:\/\/malenki.net\/de\/#\/schema\/logo\/image\/"},"sameAs":["https:\/\/www.facebook.com\/malenki.editionen\/","https:\/\/www.instagram.com\/malenkinet\/"]}]}},"wps_subtitle":"Kate Morrell","_links":{"self":[{"href":"https:\/\/malenki.net\/de\/wp-json\/wp\/v2\/product\/9187","targetHints":{"allow":["GET"]}}],"collection":[{"href":"https:\/\/malenki.net\/de\/wp-json\/wp\/v2\/product"}],"about":[{"href":"https:\/\/malenki.net\/de\/wp-json\/wp\/v2\/types\/product"}],"wp:featuredmedia":[{"embeddable":true,"href":"https:\/\/malenki.net\/de\/wp-json\/wp\/v2\/media\/9168"}],"wp:attachment":[{"href":"https:\/\/malenki.net\/de\/wp-json\/wp\/v2\/media?parent=9187"}],"wp:term":[{"taxonomy":"product_brand","embeddable":true,"href":"https:\/\/malenki.net\/de\/wp-json\/wp\/v2\/product_brand?post=9187"},{"taxonomy":"product_cat","embeddable":true,"href":"https:\/\/malenki.net\/de\/wp-json\/wp\/v2\/product_cat?post=9187"},{"taxonomy":"product_tag","embeddable":true,"href":"https:\/\/malenki.net\/de\/wp-json\/wp\/v2\/product_tag?post=9187"}],"curies":[{"name":"wp","href":"https:\/\/api.w.org\/{rel}","templated":true}]}}