{"id":9071,"date":"2021-02-13T14:55:11","date_gmt":"2021-02-13T13:55:11","guid":{"rendered":"https:\/\/malenki.net\/product\/florian-glaubitz-chor\/"},"modified":"2026-03-29T20:31:46","modified_gmt":"2026-03-29T18:31:46","slug":"florian-glaubitz-chor","status":"publish","type":"product","link":"https:\/\/malenki.net\/de\/produkt\/florian-glaubitz-chor\/","title":{"rendered":"CHOR"},"content":{"rendered":"<p>CHOR vereint fotografische Arbeiten von Florian Glaubitz, die 2018 und 2019 auf Einladung an der Universit\u00e4t in M\u00fcnster entstanden sind. Begleitet von einem Textbeitrag von Adrian Williams und einem Interview zwischen Ursula Frohne und dem Bildautoren, verbinden sich Glaubitz\u2019 gro\u00dfformatige Nahaufnahmen zu einem sensiblen fotografischen Essay \u00fcber die wissenschaftliche Gemeinschaft am Hochschul-Campus als einen vielstimmigen, sich-in-Bewegung-wissenden Organismus.<\/p>\n<p>\u201e[Florian Gaubitz\u2019 ] Portrait zeigt die Institution als ein Amalgam von Ideen und Intentionen, geographisch miteinander verbunden, unterhalten in Strukturen &#8211; ein Konzept aus vielen Variablen Einzelteilen. &#8230; Das ist der Chor.\u201c \u2014 Adrian Williams<\/p>\n","protected":false},"excerpt":{"rendered":"<p>Herausgegeben von der Westf\u00e4lischen Wilhelms-Universit\u00e4t M\u00fcnster<\/p>\n","protected":false},"featured_media":9281,"template":"","meta":{"pgc_sgb_lightbox_settings":""},"product_brand":[],"product_cat":[4623],"product_tag":[4700,4701,4694,5602,4695,4696,4802,4698,4704,4699,4703,4742,4739],"class_list":{"0":"post-9071","1":"product","2":"type-product","3":"status-publish","4":"has-post-thumbnail","6":"product_cat-florian-glaubitz-de","7":"product_tag-adrian-williams-de","8":"product_tag-chor-de-2","9":"product_tag-chor-de","10":"product_tag-dokumentation","11":"product_tag-florian-glaubitz-de","12":"product_tag-glaubitz-de","13":"product_tag-hgb-de","14":"product_tag-kunsthochschule-mainz-de","15":"product_tag-portrait-de","16":"product_tag-teresa-rudolf-de","17":"product_tag-universitat-munster","18":"product_tag-ursula-frohne-de","19":"product_tag-westfalische-wilhelms-universitat-munster-de","20":"entry","22":"first","23":"instock","24":"shipping-taxable","25":"purchasable","26":"product-type-simple"},"yoast_head":"<!-- This site is optimized with the Yoast SEO plugin v27.2 - https:\/\/yoast.com\/product\/yoast-seo-wordpress\/ -->\n<title>malenki.net | CHOR | Florian Glaubitz<\/title>\n<meta name=\"description\" content=\"&#039;CHOR&#039; von Florian Glaubitz bei malenki.net\" \/>\n<meta name=\"robots\" content=\"index, follow, max-snippet:-1, max-image-preview:large, max-video-preview:-1\" \/>\n<link rel=\"canonical\" href=\"https:\/\/malenki.net\/de\/produkt\/florian-glaubitz-chor\/\" \/>\n<meta property=\"og:locale\" content=\"de_DE\" \/>\n<meta property=\"og:type\" content=\"article\" \/>\n<meta property=\"og:title\" content=\"malenki.net | CHOR | Florian Glaubitz\" \/>\n<meta property=\"og:description\" content=\"&#039;CHOR&#039; von Florian Glaubitz bei malenki.net\" \/>\n<meta property=\"og:url\" content=\"https:\/\/malenki.net\/de\/produkt\/florian-glaubitz-chor\/\" \/>\n<meta property=\"og:site_name\" content=\"malenki.net\" \/>\n<meta property=\"article:publisher\" content=\"https:\/\/www.facebook.com\/malenki.editionen\/\" \/>\n<meta property=\"article:modified_time\" content=\"2026-03-29T18:31:46+00:00\" \/>\n<meta property=\"og:image\" content=\"https:\/\/malenki.net\/wp-content\/uploads\/2021\/02\/florian-glaubitz-chor-06.jpg\" \/>\n\t<meta property=\"og:image:width\" content=\"1024\" \/>\n\t<meta property=\"og:image:height\" content=\"819\" \/>\n\t<meta property=\"og:image:type\" content=\"image\/jpeg\" \/>\n<meta name=\"twitter:card\" content=\"summary_large_image\" \/>\n<meta name=\"twitter:label1\" content=\"Gesch\u00e4tzte Lesezeit\" \/>\n\t<meta name=\"twitter:data1\" content=\"1\u00a0Minute\" \/>\n<script type=\"application\/ld+json\" class=\"yoast-schema-graph\">{\"@context\":\"https:\/\/schema.org\",\"@graph\":[{\"@type\":\"WebPage\",\"@id\":\"https:\/\/malenki.net\/de\/produkt\/florian-glaubitz-chor\/\",\"url\":\"https:\/\/malenki.net\/de\/produkt\/florian-glaubitz-chor\/\",\"name\":\"malenki.net | CHOR | Florian Glaubitz\",\"isPartOf\":{\"@id\":\"https:\/\/malenki.net\/de\/#website\"},\"primaryImageOfPage\":{\"@id\":\"https:\/\/malenki.net\/de\/produkt\/florian-glaubitz-chor\/#primaryimage\"},\"image\":{\"@id\":\"https:\/\/malenki.net\/de\/produkt\/florian-glaubitz-chor\/#primaryimage\"},\"thumbnailUrl\":\"https:\/\/malenki.net\/wp-content\/uploads\/2021\/02\/florian-glaubitz-chor-06.jpg\",\"datePublished\":\"2021-02-13T13:55:11+00:00\",\"dateModified\":\"2026-03-29T18:31:46+00:00\",\"description\":\"'CHOR' von Florian Glaubitz bei malenki.net\",\"breadcrumb\":{\"@id\":\"https:\/\/malenki.net\/de\/produkt\/florian-glaubitz-chor\/#breadcrumb\"},\"inLanguage\":\"de\",\"potentialAction\":[{\"@type\":\"ReadAction\",\"target\":[\"https:\/\/malenki.net\/de\/produkt\/florian-glaubitz-chor\/\"]}]},{\"@type\":\"ImageObject\",\"inLanguage\":\"de\",\"@id\":\"https:\/\/malenki.net\/de\/produkt\/florian-glaubitz-chor\/#primaryimage\",\"url\":\"https:\/\/malenki.net\/wp-content\/uploads\/2021\/02\/florian-glaubitz-chor-06.jpg\",\"contentUrl\":\"https:\/\/malenki.net\/wp-content\/uploads\/2021\/02\/florian-glaubitz-chor-06.jpg\",\"width\":1024,\"height\":819,\"caption\":\"Chor \u2014 Florian Glaubitz\"},{\"@type\":\"BreadcrumbList\",\"@id\":\"https:\/\/malenki.net\/de\/produkt\/florian-glaubitz-chor\/#breadcrumb\",\"itemListElement\":[{\"@type\":\"ListItem\",\"position\":1,\"name\":\"Home\",\"item\":\"https:\/\/malenki.net\/de\/\"},{\"@type\":\"ListItem\",\"position\":2,\"name\":\"Editionen\",\"item\":\"https:\/\/malenki.net\/de\/\"},{\"@type\":\"ListItem\",\"position\":3,\"name\":\"CHOR\"}]},{\"@type\":\"WebSite\",\"@id\":\"https:\/\/malenki.net\/de\/#website\",\"url\":\"https:\/\/malenki.net\/de\/\",\"name\":\"malenki.net\",\"description\":\"Fotografie Editionen\",\"publisher\":{\"@id\":\"https:\/\/malenki.net\/de\/#organization\"},\"potentialAction\":[{\"@type\":\"SearchAction\",\"target\":{\"@type\":\"EntryPoint\",\"urlTemplate\":\"https:\/\/malenki.net\/de\/?s={search_term_string}\"},\"query-input\":{\"@type\":\"PropertyValueSpecification\",\"valueRequired\":true,\"valueName\":\"search_term_string\"}}],\"inLanguage\":\"de\"},{\"@type\":\"Organization\",\"@id\":\"https:\/\/malenki.net\/de\/#organization\",\"name\":\"malenki.net\",\"url\":\"https:\/\/malenki.net\/de\/\",\"logo\":{\"@type\":\"ImageObject\",\"inLanguage\":\"de\",\"@id\":\"https:\/\/malenki.net\/de\/#\/schema\/logo\/image\/\",\"url\":\"https:\/\/malenki.net\/wp-content\/uploads\/2023\/03\/malenki-logo-2019.gif\",\"contentUrl\":\"https:\/\/malenki.net\/wp-content\/uploads\/2023\/03\/malenki-logo-2019.gif\",\"width\":524,\"height\":138,\"caption\":\"malenki.net\"},\"image\":{\"@id\":\"https:\/\/malenki.net\/de\/#\/schema\/logo\/image\/\"},\"sameAs\":[\"https:\/\/www.facebook.com\/malenki.editionen\/\",\"https:\/\/www.instagram.com\/malenkinet\/\"]}]}<\/script>\n<!-- \/ Yoast SEO plugin. -->","yoast_head_json":{"title":"malenki.net | CHOR | Florian Glaubitz","description":"'CHOR' von Florian Glaubitz bei malenki.net","robots":{"index":"index","follow":"follow","max-snippet":"max-snippet:-1","max-image-preview":"max-image-preview:large","max-video-preview":"max-video-preview:-1"},"canonical":"https:\/\/malenki.net\/de\/produkt\/florian-glaubitz-chor\/","og_locale":"de_DE","og_type":"article","og_title":"malenki.net | CHOR | Florian Glaubitz","og_description":"'CHOR' von Florian Glaubitz bei malenki.net","og_url":"https:\/\/malenki.net\/de\/produkt\/florian-glaubitz-chor\/","og_site_name":"malenki.net","article_publisher":"https:\/\/www.facebook.com\/malenki.editionen\/","article_modified_time":"2026-03-29T18:31:46+00:00","og_image":[{"width":1024,"height":819,"url":"https:\/\/malenki.net\/wp-content\/uploads\/2021\/02\/florian-glaubitz-chor-06.jpg","type":"image\/jpeg"}],"twitter_card":"summary_large_image","twitter_misc":{"Gesch\u00e4tzte Lesezeit":"1\u00a0Minute"},"schema":{"@context":"https:\/\/schema.org","@graph":[{"@type":"WebPage","@id":"https:\/\/malenki.net\/de\/produkt\/florian-glaubitz-chor\/","url":"https:\/\/malenki.net\/de\/produkt\/florian-glaubitz-chor\/","name":"malenki.net | CHOR | Florian Glaubitz","isPartOf":{"@id":"https:\/\/malenki.net\/de\/#website"},"primaryImageOfPage":{"@id":"https:\/\/malenki.net\/de\/produkt\/florian-glaubitz-chor\/#primaryimage"},"image":{"@id":"https:\/\/malenki.net\/de\/produkt\/florian-glaubitz-chor\/#primaryimage"},"thumbnailUrl":"https:\/\/malenki.net\/wp-content\/uploads\/2021\/02\/florian-glaubitz-chor-06.jpg","datePublished":"2021-02-13T13:55:11+00:00","dateModified":"2026-03-29T18:31:46+00:00","description":"'CHOR' von Florian Glaubitz bei malenki.net","breadcrumb":{"@id":"https:\/\/malenki.net\/de\/produkt\/florian-glaubitz-chor\/#breadcrumb"},"inLanguage":"de","potentialAction":[{"@type":"ReadAction","target":["https:\/\/malenki.net\/de\/produkt\/florian-glaubitz-chor\/"]}]},{"@type":"ImageObject","inLanguage":"de","@id":"https:\/\/malenki.net\/de\/produkt\/florian-glaubitz-chor\/#primaryimage","url":"https:\/\/malenki.net\/wp-content\/uploads\/2021\/02\/florian-glaubitz-chor-06.jpg","contentUrl":"https:\/\/malenki.net\/wp-content\/uploads\/2021\/02\/florian-glaubitz-chor-06.jpg","width":1024,"height":819,"caption":"Chor \u2014 Florian Glaubitz"},{"@type":"BreadcrumbList","@id":"https:\/\/malenki.net\/de\/produkt\/florian-glaubitz-chor\/#breadcrumb","itemListElement":[{"@type":"ListItem","position":1,"name":"Home","item":"https:\/\/malenki.net\/de\/"},{"@type":"ListItem","position":2,"name":"Editionen","item":"https:\/\/malenki.net\/de\/"},{"@type":"ListItem","position":3,"name":"CHOR"}]},{"@type":"WebSite","@id":"https:\/\/malenki.net\/de\/#website","url":"https:\/\/malenki.net\/de\/","name":"malenki.net","description":"Fotografie Editionen","publisher":{"@id":"https:\/\/malenki.net\/de\/#organization"},"potentialAction":[{"@type":"SearchAction","target":{"@type":"EntryPoint","urlTemplate":"https:\/\/malenki.net\/de\/?s={search_term_string}"},"query-input":{"@type":"PropertyValueSpecification","valueRequired":true,"valueName":"search_term_string"}}],"inLanguage":"de"},{"@type":"Organization","@id":"https:\/\/malenki.net\/de\/#organization","name":"malenki.net","url":"https:\/\/malenki.net\/de\/","logo":{"@type":"ImageObject","inLanguage":"de","@id":"https:\/\/malenki.net\/de\/#\/schema\/logo\/image\/","url":"https:\/\/malenki.net\/wp-content\/uploads\/2023\/03\/malenki-logo-2019.gif","contentUrl":"https:\/\/malenki.net\/wp-content\/uploads\/2023\/03\/malenki-logo-2019.gif","width":524,"height":138,"caption":"malenki.net"},"image":{"@id":"https:\/\/malenki.net\/de\/#\/schema\/logo\/image\/"},"sameAs":["https:\/\/www.facebook.com\/malenki.editionen\/","https:\/\/www.instagram.com\/malenkinet\/"]}]}},"wps_subtitle":"Florian Glaubitz","_links":{"self":[{"href":"https:\/\/malenki.net\/de\/wp-json\/wp\/v2\/product\/9071","targetHints":{"allow":["GET"]}}],"collection":[{"href":"https:\/\/malenki.net\/de\/wp-json\/wp\/v2\/product"}],"about":[{"href":"https:\/\/malenki.net\/de\/wp-json\/wp\/v2\/types\/product"}],"wp:featuredmedia":[{"embeddable":true,"href":"https:\/\/malenki.net\/de\/wp-json\/wp\/v2\/media\/9281"}],"wp:attachment":[{"href":"https:\/\/malenki.net\/de\/wp-json\/wp\/v2\/media?parent=9071"}],"wp:term":[{"taxonomy":"product_brand","embeddable":true,"href":"https:\/\/malenki.net\/de\/wp-json\/wp\/v2\/product_brand?post=9071"},{"taxonomy":"product_cat","embeddable":true,"href":"https:\/\/malenki.net\/de\/wp-json\/wp\/v2\/product_cat?post=9071"},{"taxonomy":"product_tag","embeddable":true,"href":"https:\/\/malenki.net\/de\/wp-json\/wp\/v2\/product_tag?post=9071"}],"curies":[{"name":"wp","href":"https:\/\/api.w.org\/{rel}","templated":true}]}}