{"id":9027,"date":"2021-01-12T14:19:36","date_gmt":"2021-01-12T13:19:36","guid":{"rendered":"https:\/\/malenki.net\/product\/de-parel-ketting-liesbet-bussche\/"},"modified":"2024-02-04T19:03:40","modified_gmt":"2024-02-04T18:03:40","slug":"de-parel-ketting-liesbet-bussche","status":"publish","type":"product","link":"https:\/\/malenki.net\/de\/produkt\/de-parel-ketting-liesbet-bussche\/","title":{"rendered":"de Parel-ketting"},"content":{"rendered":"<p>Der Name <em>De Parel<\/em> (The Pearl, La Perle, Die Perle, La Perla, Den Perlen, &#8230;), als Verweis auf einen kostbaren Besitz, wird h\u00e4ufiger als Bezeichnung f\u00fcr Gewerbebetriebe gew\u00e4hlt. Auf einem Road-Trip durch die Niederlande und Belgien fotografiert Liesbet Bussche 28 Unternehmen diesen Namens. \u00dcber Autobahnen miteinander verbunden, entsteht so St\u00fcck f\u00fcr St\u00fcck eine Kette. Liesbet\u2019s Reise endet mit dem Caf\u00e9 <em>\u2019t Slot<\/em> &#8211; (Deutsch: das Schloss, der Verschluss). <em>De Parel-ketting<\/em> ist ein drei Meter langes Postkartenleporello, \u00e4hnlich dem bekannten Souvenir f\u00fcr Touristen; ein Akkordeon aus Postkarten, eine Perlenkette.<\/p>\n","protected":false},"excerpt":{"rendered":"<p>Die Umsetzung dieser Publikation wurde durch den Mondriaan Fund unterst\u00fctzt.<\/p>\n","protected":false},"featured_media":9100,"template":"","meta":{"pgc_sgb_lightbox_settings":""},"product_brand":[],"product_cat":[3903],"product_tag":[4494,4495,5602,4492,4865,4496,4498,5180,4497],"class_list":{"0":"post-9027","1":"product","2":"type-product","3":"status-publish","4":"has-post-thumbnail","6":"product_cat-liesbet-bussche-de","7":"product_tag-bussche-de","8":"product_tag-die-perlenkette","9":"product_tag-dokumentation","10":"product_tag-liesbet-bussche-de","11":"product_tag-offentlicher-raum","12":"product_tag-perlenkette","13":"product_tag-postkarte","14":"product_tag-roadtrip-de","15":"product_tag-rob-van-leijsen-de","16":"entry","18":"first","19":"instock","20":"shipping-taxable","21":"purchasable","22":"product-type-simple"},"yoast_head":"<!-- This site is optimized with the Yoast SEO plugin v27.2 - https:\/\/yoast.com\/product\/yoast-seo-wordpress\/ -->\n<title>malenki.net | de Parel-ketting | Liesbet Bussche<\/title>\n<meta name=\"description\" content=\"&#039;de Parel-ketting&#039; von Liesbet Bussche bei malenki.net\" \/>\n<meta name=\"robots\" content=\"index, follow, max-snippet:-1, max-image-preview:large, max-video-preview:-1\" \/>\n<link rel=\"canonical\" href=\"https:\/\/malenki.net\/de\/produkt\/de-parel-ketting-liesbet-bussche\/\" \/>\n<meta property=\"og:locale\" content=\"de_DE\" \/>\n<meta property=\"og:type\" content=\"article\" \/>\n<meta property=\"og:title\" content=\"malenki.net | de Parel-ketting | Liesbet Bussche\" \/>\n<meta property=\"og:description\" content=\"&#039;de Parel-ketting&#039; von Liesbet Bussche bei malenki.net\" \/>\n<meta property=\"og:url\" content=\"https:\/\/malenki.net\/de\/produkt\/de-parel-ketting-liesbet-bussche\/\" \/>\n<meta property=\"og:site_name\" content=\"malenki.net\" \/>\n<meta property=\"article:publisher\" content=\"https:\/\/www.facebook.com\/malenki.editionen\/\" \/>\n<meta property=\"article:modified_time\" content=\"2024-02-04T18:03:40+00:00\" \/>\n<meta property=\"og:image\" content=\"https:\/\/malenki.net\/wp-content\/uploads\/2020\/10\/liesbet-bussche-de-parelketting-01.jpg\" \/>\n\t<meta property=\"og:image:width\" content=\"1200\" \/>\n\t<meta property=\"og:image:height\" content=\"960\" \/>\n\t<meta property=\"og:image:type\" content=\"image\/jpeg\" \/>\n<meta name=\"twitter:card\" content=\"summary_large_image\" \/>\n<script type=\"application\/ld+json\" class=\"yoast-schema-graph\">{\"@context\":\"https:\/\/schema.org\",\"@graph\":[{\"@type\":\"WebPage\",\"@id\":\"https:\/\/malenki.net\/de\/produkt\/de-parel-ketting-liesbet-bussche\/\",\"url\":\"https:\/\/malenki.net\/de\/produkt\/de-parel-ketting-liesbet-bussche\/\",\"name\":\"malenki.net | de Parel-ketting | Liesbet Bussche\",\"isPartOf\":{\"@id\":\"https:\/\/malenki.net\/de\/#website\"},\"primaryImageOfPage\":{\"@id\":\"https:\/\/malenki.net\/de\/produkt\/de-parel-ketting-liesbet-bussche\/#primaryimage\"},\"image\":{\"@id\":\"https:\/\/malenki.net\/de\/produkt\/de-parel-ketting-liesbet-bussche\/#primaryimage\"},\"thumbnailUrl\":\"https:\/\/malenki.net\/wp-content\/uploads\/2020\/10\/liesbet-bussche-de-parelketting-01.jpg\",\"datePublished\":\"2021-01-12T13:19:36+00:00\",\"dateModified\":\"2024-02-04T18:03:40+00:00\",\"description\":\"'de Parel-ketting' von Liesbet Bussche bei malenki.net\",\"breadcrumb\":{\"@id\":\"https:\/\/malenki.net\/de\/produkt\/de-parel-ketting-liesbet-bussche\/#breadcrumb\"},\"inLanguage\":\"de\",\"potentialAction\":[{\"@type\":\"ReadAction\",\"target\":[\"https:\/\/malenki.net\/de\/produkt\/de-parel-ketting-liesbet-bussche\/\"]}]},{\"@type\":\"ImageObject\",\"inLanguage\":\"de\",\"@id\":\"https:\/\/malenki.net\/de\/produkt\/de-parel-ketting-liesbet-bussche\/#primaryimage\",\"url\":\"https:\/\/malenki.net\/wp-content\/uploads\/2020\/10\/liesbet-bussche-de-parelketting-01.jpg\",\"contentUrl\":\"https:\/\/malenki.net\/wp-content\/uploads\/2020\/10\/liesbet-bussche-de-parelketting-01.jpg\",\"width\":1200,\"height\":960,\"caption\":\"De Parelketting \u2014 Liesbet Bussche\"},{\"@type\":\"BreadcrumbList\",\"@id\":\"https:\/\/malenki.net\/de\/produkt\/de-parel-ketting-liesbet-bussche\/#breadcrumb\",\"itemListElement\":[{\"@type\":\"ListItem\",\"position\":1,\"name\":\"Home\",\"item\":\"https:\/\/malenki.net\/de\/\"},{\"@type\":\"ListItem\",\"position\":2,\"name\":\"Editionen\",\"item\":\"https:\/\/malenki.net\/de\/\"},{\"@type\":\"ListItem\",\"position\":3,\"name\":\"de Parel-ketting\"}]},{\"@type\":\"WebSite\",\"@id\":\"https:\/\/malenki.net\/de\/#website\",\"url\":\"https:\/\/malenki.net\/de\/\",\"name\":\"malenki.net\",\"description\":\"Fotografie Editionen\",\"publisher\":{\"@id\":\"https:\/\/malenki.net\/de\/#organization\"},\"potentialAction\":[{\"@type\":\"SearchAction\",\"target\":{\"@type\":\"EntryPoint\",\"urlTemplate\":\"https:\/\/malenki.net\/de\/?s={search_term_string}\"},\"query-input\":{\"@type\":\"PropertyValueSpecification\",\"valueRequired\":true,\"valueName\":\"search_term_string\"}}],\"inLanguage\":\"de\"},{\"@type\":\"Organization\",\"@id\":\"https:\/\/malenki.net\/de\/#organization\",\"name\":\"malenki.net\",\"url\":\"https:\/\/malenki.net\/de\/\",\"logo\":{\"@type\":\"ImageObject\",\"inLanguage\":\"de\",\"@id\":\"https:\/\/malenki.net\/de\/#\/schema\/logo\/image\/\",\"url\":\"https:\/\/malenki.net\/wp-content\/uploads\/2023\/03\/malenki-logo-2019.gif\",\"contentUrl\":\"https:\/\/malenki.net\/wp-content\/uploads\/2023\/03\/malenki-logo-2019.gif\",\"width\":524,\"height\":138,\"caption\":\"malenki.net\"},\"image\":{\"@id\":\"https:\/\/malenki.net\/de\/#\/schema\/logo\/image\/\"},\"sameAs\":[\"https:\/\/www.facebook.com\/malenki.editionen\/\",\"https:\/\/www.instagram.com\/malenkinet\/\"]}]}<\/script>\n<!-- \/ Yoast SEO plugin. -->","yoast_head_json":{"title":"malenki.net | de Parel-ketting | Liesbet Bussche","description":"'de Parel-ketting' von Liesbet Bussche bei malenki.net","robots":{"index":"index","follow":"follow","max-snippet":"max-snippet:-1","max-image-preview":"max-image-preview:large","max-video-preview":"max-video-preview:-1"},"canonical":"https:\/\/malenki.net\/de\/produkt\/de-parel-ketting-liesbet-bussche\/","og_locale":"de_DE","og_type":"article","og_title":"malenki.net | de Parel-ketting | Liesbet Bussche","og_description":"'de Parel-ketting' von Liesbet Bussche bei malenki.net","og_url":"https:\/\/malenki.net\/de\/produkt\/de-parel-ketting-liesbet-bussche\/","og_site_name":"malenki.net","article_publisher":"https:\/\/www.facebook.com\/malenki.editionen\/","article_modified_time":"2024-02-04T18:03:40+00:00","og_image":[{"width":1200,"height":960,"url":"https:\/\/malenki.net\/wp-content\/uploads\/2020\/10\/liesbet-bussche-de-parelketting-01.jpg","type":"image\/jpeg"}],"twitter_card":"summary_large_image","schema":{"@context":"https:\/\/schema.org","@graph":[{"@type":"WebPage","@id":"https:\/\/malenki.net\/de\/produkt\/de-parel-ketting-liesbet-bussche\/","url":"https:\/\/malenki.net\/de\/produkt\/de-parel-ketting-liesbet-bussche\/","name":"malenki.net | de Parel-ketting | Liesbet Bussche","isPartOf":{"@id":"https:\/\/malenki.net\/de\/#website"},"primaryImageOfPage":{"@id":"https:\/\/malenki.net\/de\/produkt\/de-parel-ketting-liesbet-bussche\/#primaryimage"},"image":{"@id":"https:\/\/malenki.net\/de\/produkt\/de-parel-ketting-liesbet-bussche\/#primaryimage"},"thumbnailUrl":"https:\/\/malenki.net\/wp-content\/uploads\/2020\/10\/liesbet-bussche-de-parelketting-01.jpg","datePublished":"2021-01-12T13:19:36+00:00","dateModified":"2024-02-04T18:03:40+00:00","description":"'de Parel-ketting' von Liesbet Bussche bei malenki.net","breadcrumb":{"@id":"https:\/\/malenki.net\/de\/produkt\/de-parel-ketting-liesbet-bussche\/#breadcrumb"},"inLanguage":"de","potentialAction":[{"@type":"ReadAction","target":["https:\/\/malenki.net\/de\/produkt\/de-parel-ketting-liesbet-bussche\/"]}]},{"@type":"ImageObject","inLanguage":"de","@id":"https:\/\/malenki.net\/de\/produkt\/de-parel-ketting-liesbet-bussche\/#primaryimage","url":"https:\/\/malenki.net\/wp-content\/uploads\/2020\/10\/liesbet-bussche-de-parelketting-01.jpg","contentUrl":"https:\/\/malenki.net\/wp-content\/uploads\/2020\/10\/liesbet-bussche-de-parelketting-01.jpg","width":1200,"height":960,"caption":"De Parelketting \u2014 Liesbet Bussche"},{"@type":"BreadcrumbList","@id":"https:\/\/malenki.net\/de\/produkt\/de-parel-ketting-liesbet-bussche\/#breadcrumb","itemListElement":[{"@type":"ListItem","position":1,"name":"Home","item":"https:\/\/malenki.net\/de\/"},{"@type":"ListItem","position":2,"name":"Editionen","item":"https:\/\/malenki.net\/de\/"},{"@type":"ListItem","position":3,"name":"de Parel-ketting"}]},{"@type":"WebSite","@id":"https:\/\/malenki.net\/de\/#website","url":"https:\/\/malenki.net\/de\/","name":"malenki.net","description":"Fotografie Editionen","publisher":{"@id":"https:\/\/malenki.net\/de\/#organization"},"potentialAction":[{"@type":"SearchAction","target":{"@type":"EntryPoint","urlTemplate":"https:\/\/malenki.net\/de\/?s={search_term_string}"},"query-input":{"@type":"PropertyValueSpecification","valueRequired":true,"valueName":"search_term_string"}}],"inLanguage":"de"},{"@type":"Organization","@id":"https:\/\/malenki.net\/de\/#organization","name":"malenki.net","url":"https:\/\/malenki.net\/de\/","logo":{"@type":"ImageObject","inLanguage":"de","@id":"https:\/\/malenki.net\/de\/#\/schema\/logo\/image\/","url":"https:\/\/malenki.net\/wp-content\/uploads\/2023\/03\/malenki-logo-2019.gif","contentUrl":"https:\/\/malenki.net\/wp-content\/uploads\/2023\/03\/malenki-logo-2019.gif","width":524,"height":138,"caption":"malenki.net"},"image":{"@id":"https:\/\/malenki.net\/de\/#\/schema\/logo\/image\/"},"sameAs":["https:\/\/www.facebook.com\/malenki.editionen\/","https:\/\/www.instagram.com\/malenkinet\/"]}]}},"wps_subtitle":" Liesbet Bussche","_links":{"self":[{"href":"https:\/\/malenki.net\/de\/wp-json\/wp\/v2\/product\/9027","targetHints":{"allow":["GET"]}}],"collection":[{"href":"https:\/\/malenki.net\/de\/wp-json\/wp\/v2\/product"}],"about":[{"href":"https:\/\/malenki.net\/de\/wp-json\/wp\/v2\/types\/product"}],"wp:featuredmedia":[{"embeddable":true,"href":"https:\/\/malenki.net\/de\/wp-json\/wp\/v2\/media\/9100"}],"wp:attachment":[{"href":"https:\/\/malenki.net\/de\/wp-json\/wp\/v2\/media?parent=9027"}],"wp:term":[{"taxonomy":"product_brand","embeddable":true,"href":"https:\/\/malenki.net\/de\/wp-json\/wp\/v2\/product_brand?post=9027"},{"taxonomy":"product_cat","embeddable":true,"href":"https:\/\/malenki.net\/de\/wp-json\/wp\/v2\/product_cat?post=9027"},{"taxonomy":"product_tag","embeddable":true,"href":"https:\/\/malenki.net\/de\/wp-json\/wp\/v2\/product_tag?post=9027"}],"curies":[{"name":"wp","href":"https:\/\/api.w.org\/{rel}","templated":true}]}}