{"id":9025,"date":"2020-10-26T21:55:28","date_gmt":"2020-10-26T20:55:28","guid":{"rendered":"https:\/\/malenki.net\/product\/where-can-i-find-a-horse-in-cambodia-van-hoof\/"},"modified":"2024-02-04T19:05:15","modified_gmt":"2024-02-04T18:05:15","slug":"where-can-i-find-a-horse-in-cambodia-van-hoof","status":"publish","type":"product","link":"https:\/\/malenki.net\/de\/produkt\/where-can-i-find-a-horse-in-cambodia-van-hoof\/","title":{"rendered":"Where Can I Find A Horse in Cambodia?"},"content":{"rendered":"<p>Das goldene Zeitalter des kambodschanischen Kinos, das von 1960 bis 1975 dauerte, lebt gr\u00f6\u00dftenteils in Erinnerungen, da viele der Filme zerst\u00f6rt und Schauspieler und Regisseure kurz darauf von den Roten Khmer get\u00f6tet wurden. Diese Arbeit, die w\u00e4hrend der Reisen nach Phnom Penh zwischen 2017 und 2019 entstanden ist, interpretiert Elemente aus diesem fehlenden Archiv durch Nachstellungen und Interpretationen m\u00fcndlicher \u00dcberbleibsel. Eine Fanfiction, die im Grenzgebiet von Mythos, Geschichte und kollektiven Erinnerungen existiert.<\/p>\n<p class=\"p1\">&#8222;Ich bin umgeben von Landschaften der Erinnerung. Die Geschichten leben noch in ihren Gedanken, aber die visuelle Quelle ist nicht mehr da. Von nostalgischen Fantasien fasziniert, erschaffe ich meine eigene Fiktion, eine Fanfiction. Die Vorstellung eines anderen von der Welt eines anderen.&#8220;<\/p>\n<p class=\"p1\">Fanfiction ist eine Fiktion, die auf Charakteren oder Szenen anderer Werke basiert und von Fans des Originalwerks und nicht von dessen Sch\u00f6pfern erstellt wurde.<\/p>\n","protected":false},"excerpt":{"rendered":"<p>Das goldene Zeitalter des kambodschanischen Kinos, das von 1960 bis 1975 dauerte, lebt gr\u00f6\u00dftenteils in Erinnerungen, da viele der Filme zerst\u00f6rt und Schauspieler und Regisseure kurz darauf von den Roten Khmer get\u00f6tet wurden. Diese Arbeit, die w\u00e4hrend der Reisen nach Phnom Penh zwischen 2017 und 2019 entstanden ist, interpretiert Elemente aus diesem fehlenden Archiv durch&hellip; <a class=\"more-link\" href=\"https:\/\/malenki.net\/de\/produkt\/where-can-i-find-a-horse-in-cambodia-van-hoof\/\"><span class=\"screen-reader-text\">Where Can I Find A Horse in Cambodia?<\/span> weiterlesen<\/a><\/p>\n","protected":false},"featured_media":9057,"template":"","meta":{"pgc_sgb_lightbox_settings":""},"product_brand":[],"product_cat":[4455],"product_tag":[4549,3929,5075,4473,4524,4476,4474,4894,4525,4475,3994],"class_list":{"0":"post-9025","1":"product","2":"type-product","3":"status-publish","4":"has-post-thumbnail","6":"product_cat-viktor-van-hoof-de","7":"product_tag-asien","8":"product_tag-fiktion","9":"product_tag-filmisch","10":"product_tag-hannah-sakai-de","11":"product_tag-hoof-de","12":"product_tag-kambodscha","13":"product_tag-michelle-lin-de","14":"product_tag-nachstellung","15":"product_tag-van-hoof-de","16":"product_tag-viktor-van-hoof-de","17":"product_tag-zine-de","18":"entry","20":"first","21":"instock","22":"shipping-taxable","23":"purchasable","24":"product-type-simple"},"yoast_head":"<!-- This site is optimized with the Yoast SEO plugin v27.2 - https:\/\/yoast.com\/product\/yoast-seo-wordpress\/ -->\n<title>malenki.net | Where Can I Find A Horse in Cambodia? | Viktor van Hoof<\/title>\n<meta name=\"description\" content=\"&#039;Where Can I Find A Horse in Cambodia?&#039; von Viktor van Hoof bei malenki.net\" \/>\n<meta name=\"robots\" content=\"index, follow, max-snippet:-1, max-image-preview:large, max-video-preview:-1\" \/>\n<link rel=\"canonical\" href=\"https:\/\/malenki.net\/de\/produkt\/where-can-i-find-a-horse-in-cambodia-van-hoof\/\" \/>\n<meta property=\"og:locale\" content=\"de_DE\" \/>\n<meta property=\"og:type\" content=\"article\" \/>\n<meta property=\"og:title\" content=\"malenki.net | Where Can I Find A Horse in Cambodia? | Viktor van Hoof\" \/>\n<meta property=\"og:description\" content=\"&#039;Where Can I Find A Horse in Cambodia?&#039; von Viktor van Hoof bei malenki.net\" \/>\n<meta property=\"og:url\" content=\"https:\/\/malenki.net\/de\/produkt\/where-can-i-find-a-horse-in-cambodia-van-hoof\/\" \/>\n<meta property=\"og:site_name\" content=\"malenki.net\" \/>\n<meta property=\"article:publisher\" content=\"https:\/\/www.facebook.com\/malenki.editionen\/\" \/>\n<meta property=\"article:modified_time\" content=\"2024-02-04T18:05:15+00:00\" \/>\n<meta property=\"og:image\" content=\"https:\/\/malenki.net\/wp-content\/uploads\/2020\/12\/viktor-van-hoof-horse-cambodia-01.jpg\" \/>\n\t<meta property=\"og:image:width\" content=\"1024\" \/>\n\t<meta property=\"og:image:height\" content=\"819\" \/>\n\t<meta property=\"og:image:type\" content=\"image\/jpeg\" \/>\n<meta name=\"twitter:card\" content=\"summary_large_image\" \/>\n<meta name=\"twitter:label1\" content=\"Gesch\u00e4tzte Lesezeit\" \/>\n\t<meta name=\"twitter:data1\" content=\"1\u00a0Minute\" \/>\n<script type=\"application\/ld+json\" class=\"yoast-schema-graph\">{\"@context\":\"https:\/\/schema.org\",\"@graph\":[{\"@type\":\"WebPage\",\"@id\":\"https:\/\/malenki.net\/de\/produkt\/where-can-i-find-a-horse-in-cambodia-van-hoof\/\",\"url\":\"https:\/\/malenki.net\/de\/produkt\/where-can-i-find-a-horse-in-cambodia-van-hoof\/\",\"name\":\"malenki.net | Where Can I Find A Horse in Cambodia? | Viktor van Hoof\",\"isPartOf\":{\"@id\":\"https:\/\/malenki.net\/de\/#website\"},\"primaryImageOfPage\":{\"@id\":\"https:\/\/malenki.net\/de\/produkt\/where-can-i-find-a-horse-in-cambodia-van-hoof\/#primaryimage\"},\"image\":{\"@id\":\"https:\/\/malenki.net\/de\/produkt\/where-can-i-find-a-horse-in-cambodia-van-hoof\/#primaryimage\"},\"thumbnailUrl\":\"https:\/\/malenki.net\/wp-content\/uploads\/2020\/12\/viktor-van-hoof-horse-cambodia-01.jpg\",\"datePublished\":\"2020-10-26T20:55:28+00:00\",\"dateModified\":\"2024-02-04T18:05:15+00:00\",\"description\":\"'Where Can I Find A Horse in Cambodia?' von Viktor van Hoof bei malenki.net\",\"breadcrumb\":{\"@id\":\"https:\/\/malenki.net\/de\/produkt\/where-can-i-find-a-horse-in-cambodia-van-hoof\/#breadcrumb\"},\"inLanguage\":\"de\",\"potentialAction\":[{\"@type\":\"ReadAction\",\"target\":[\"https:\/\/malenki.net\/de\/produkt\/where-can-i-find-a-horse-in-cambodia-van-hoof\/\"]}]},{\"@type\":\"ImageObject\",\"inLanguage\":\"de\",\"@id\":\"https:\/\/malenki.net\/de\/produkt\/where-can-i-find-a-horse-in-cambodia-van-hoof\/#primaryimage\",\"url\":\"https:\/\/malenki.net\/wp-content\/uploads\/2020\/12\/viktor-van-hoof-horse-cambodia-01.jpg\",\"contentUrl\":\"https:\/\/malenki.net\/wp-content\/uploads\/2020\/12\/viktor-van-hoof-horse-cambodia-01.jpg\",\"width\":1024,\"height\":819,\"caption\":\"Where Can I Find A Horse in Cambodia? \u2014 Viktor van Hoof\"},{\"@type\":\"BreadcrumbList\",\"@id\":\"https:\/\/malenki.net\/de\/produkt\/where-can-i-find-a-horse-in-cambodia-van-hoof\/#breadcrumb\",\"itemListElement\":[{\"@type\":\"ListItem\",\"position\":1,\"name\":\"Home\",\"item\":\"https:\/\/malenki.net\/de\/\"},{\"@type\":\"ListItem\",\"position\":2,\"name\":\"Editionen\",\"item\":\"https:\/\/malenki.net\/de\/\"},{\"@type\":\"ListItem\",\"position\":3,\"name\":\"Where Can I Find A Horse in Cambodia?\"}]},{\"@type\":\"WebSite\",\"@id\":\"https:\/\/malenki.net\/de\/#website\",\"url\":\"https:\/\/malenki.net\/de\/\",\"name\":\"malenki.net\",\"description\":\"Fotografie Editionen\",\"publisher\":{\"@id\":\"https:\/\/malenki.net\/de\/#organization\"},\"potentialAction\":[{\"@type\":\"SearchAction\",\"target\":{\"@type\":\"EntryPoint\",\"urlTemplate\":\"https:\/\/malenki.net\/de\/?s={search_term_string}\"},\"query-input\":{\"@type\":\"PropertyValueSpecification\",\"valueRequired\":true,\"valueName\":\"search_term_string\"}}],\"inLanguage\":\"de\"},{\"@type\":\"Organization\",\"@id\":\"https:\/\/malenki.net\/de\/#organization\",\"name\":\"malenki.net\",\"url\":\"https:\/\/malenki.net\/de\/\",\"logo\":{\"@type\":\"ImageObject\",\"inLanguage\":\"de\",\"@id\":\"https:\/\/malenki.net\/de\/#\/schema\/logo\/image\/\",\"url\":\"https:\/\/malenki.net\/wp-content\/uploads\/2023\/03\/malenki-logo-2019.gif\",\"contentUrl\":\"https:\/\/malenki.net\/wp-content\/uploads\/2023\/03\/malenki-logo-2019.gif\",\"width\":524,\"height\":138,\"caption\":\"malenki.net\"},\"image\":{\"@id\":\"https:\/\/malenki.net\/de\/#\/schema\/logo\/image\/\"},\"sameAs\":[\"https:\/\/www.facebook.com\/malenki.editionen\/\",\"https:\/\/www.instagram.com\/malenkinet\/\"]}]}<\/script>\n<!-- \/ Yoast SEO plugin. -->","yoast_head_json":{"title":"malenki.net | Where Can I Find A Horse in Cambodia? | Viktor van Hoof","description":"'Where Can I Find A Horse in Cambodia?' von Viktor van Hoof bei malenki.net","robots":{"index":"index","follow":"follow","max-snippet":"max-snippet:-1","max-image-preview":"max-image-preview:large","max-video-preview":"max-video-preview:-1"},"canonical":"https:\/\/malenki.net\/de\/produkt\/where-can-i-find-a-horse-in-cambodia-van-hoof\/","og_locale":"de_DE","og_type":"article","og_title":"malenki.net | Where Can I Find A Horse in Cambodia? | Viktor van Hoof","og_description":"'Where Can I Find A Horse in Cambodia?' von Viktor van Hoof bei malenki.net","og_url":"https:\/\/malenki.net\/de\/produkt\/where-can-i-find-a-horse-in-cambodia-van-hoof\/","og_site_name":"malenki.net","article_publisher":"https:\/\/www.facebook.com\/malenki.editionen\/","article_modified_time":"2024-02-04T18:05:15+00:00","og_image":[{"width":1024,"height":819,"url":"https:\/\/malenki.net\/wp-content\/uploads\/2020\/12\/viktor-van-hoof-horse-cambodia-01.jpg","type":"image\/jpeg"}],"twitter_card":"summary_large_image","twitter_misc":{"Gesch\u00e4tzte Lesezeit":"1\u00a0Minute"},"schema":{"@context":"https:\/\/schema.org","@graph":[{"@type":"WebPage","@id":"https:\/\/malenki.net\/de\/produkt\/where-can-i-find-a-horse-in-cambodia-van-hoof\/","url":"https:\/\/malenki.net\/de\/produkt\/where-can-i-find-a-horse-in-cambodia-van-hoof\/","name":"malenki.net | Where Can I Find A Horse in Cambodia? | Viktor van Hoof","isPartOf":{"@id":"https:\/\/malenki.net\/de\/#website"},"primaryImageOfPage":{"@id":"https:\/\/malenki.net\/de\/produkt\/where-can-i-find-a-horse-in-cambodia-van-hoof\/#primaryimage"},"image":{"@id":"https:\/\/malenki.net\/de\/produkt\/where-can-i-find-a-horse-in-cambodia-van-hoof\/#primaryimage"},"thumbnailUrl":"https:\/\/malenki.net\/wp-content\/uploads\/2020\/12\/viktor-van-hoof-horse-cambodia-01.jpg","datePublished":"2020-10-26T20:55:28+00:00","dateModified":"2024-02-04T18:05:15+00:00","description":"'Where Can I Find A Horse in Cambodia?' von Viktor van Hoof bei malenki.net","breadcrumb":{"@id":"https:\/\/malenki.net\/de\/produkt\/where-can-i-find-a-horse-in-cambodia-van-hoof\/#breadcrumb"},"inLanguage":"de","potentialAction":[{"@type":"ReadAction","target":["https:\/\/malenki.net\/de\/produkt\/where-can-i-find-a-horse-in-cambodia-van-hoof\/"]}]},{"@type":"ImageObject","inLanguage":"de","@id":"https:\/\/malenki.net\/de\/produkt\/where-can-i-find-a-horse-in-cambodia-van-hoof\/#primaryimage","url":"https:\/\/malenki.net\/wp-content\/uploads\/2020\/12\/viktor-van-hoof-horse-cambodia-01.jpg","contentUrl":"https:\/\/malenki.net\/wp-content\/uploads\/2020\/12\/viktor-van-hoof-horse-cambodia-01.jpg","width":1024,"height":819,"caption":"Where Can I Find A Horse in Cambodia? \u2014 Viktor van Hoof"},{"@type":"BreadcrumbList","@id":"https:\/\/malenki.net\/de\/produkt\/where-can-i-find-a-horse-in-cambodia-van-hoof\/#breadcrumb","itemListElement":[{"@type":"ListItem","position":1,"name":"Home","item":"https:\/\/malenki.net\/de\/"},{"@type":"ListItem","position":2,"name":"Editionen","item":"https:\/\/malenki.net\/de\/"},{"@type":"ListItem","position":3,"name":"Where Can I Find A Horse in Cambodia?"}]},{"@type":"WebSite","@id":"https:\/\/malenki.net\/de\/#website","url":"https:\/\/malenki.net\/de\/","name":"malenki.net","description":"Fotografie Editionen","publisher":{"@id":"https:\/\/malenki.net\/de\/#organization"},"potentialAction":[{"@type":"SearchAction","target":{"@type":"EntryPoint","urlTemplate":"https:\/\/malenki.net\/de\/?s={search_term_string}"},"query-input":{"@type":"PropertyValueSpecification","valueRequired":true,"valueName":"search_term_string"}}],"inLanguage":"de"},{"@type":"Organization","@id":"https:\/\/malenki.net\/de\/#organization","name":"malenki.net","url":"https:\/\/malenki.net\/de\/","logo":{"@type":"ImageObject","inLanguage":"de","@id":"https:\/\/malenki.net\/de\/#\/schema\/logo\/image\/","url":"https:\/\/malenki.net\/wp-content\/uploads\/2023\/03\/malenki-logo-2019.gif","contentUrl":"https:\/\/malenki.net\/wp-content\/uploads\/2023\/03\/malenki-logo-2019.gif","width":524,"height":138,"caption":"malenki.net"},"image":{"@id":"https:\/\/malenki.net\/de\/#\/schema\/logo\/image\/"},"sameAs":["https:\/\/www.facebook.com\/malenki.editionen\/","https:\/\/www.instagram.com\/malenkinet\/"]}]}},"wps_subtitle":"Viktor van Hoof","_links":{"self":[{"href":"https:\/\/malenki.net\/de\/wp-json\/wp\/v2\/product\/9025","targetHints":{"allow":["GET"]}}],"collection":[{"href":"https:\/\/malenki.net\/de\/wp-json\/wp\/v2\/product"}],"about":[{"href":"https:\/\/malenki.net\/de\/wp-json\/wp\/v2\/types\/product"}],"wp:featuredmedia":[{"embeddable":true,"href":"https:\/\/malenki.net\/de\/wp-json\/wp\/v2\/media\/9057"}],"wp:attachment":[{"href":"https:\/\/malenki.net\/de\/wp-json\/wp\/v2\/media?parent=9025"}],"wp:term":[{"taxonomy":"product_brand","embeddable":true,"href":"https:\/\/malenki.net\/de\/wp-json\/wp\/v2\/product_brand?post=9025"},{"taxonomy":"product_cat","embeddable":true,"href":"https:\/\/malenki.net\/de\/wp-json\/wp\/v2\/product_cat?post=9025"},{"taxonomy":"product_tag","embeddable":true,"href":"https:\/\/malenki.net\/de\/wp-json\/wp\/v2\/product_tag?post=9025"}],"curies":[{"name":"wp","href":"https:\/\/api.w.org\/{rel}","templated":true}]}}