{"id":8808,"date":"2020-09-14T00:15:54","date_gmt":"2020-09-13T22:15:54","guid":{"rendered":"https:\/\/malenki.net\/product\/lentre-corps-laure-cottin-stefanelli\/"},"modified":"2024-02-04T19:05:21","modified_gmt":"2024-02-04T18:05:21","slug":"lentre-corps-laure-cottin-stefanelli","status":"publish","type":"product","link":"https:\/\/malenki.net\/de\/produkt\/lentre-corps-laure-cottin-stefanelli\/","title":{"rendered":"L\u2019Entre-Corps"},"content":{"rendered":"<p><em>L\u2019Entre-Corps<\/em> stellt im Gespr\u00e4ch aktuelle filmische Arbeiten von Laure Cottin Stefanelli und Peter Snowdon vor. Das zentrale Thema dieses Buches ist das Zusammenspiel zwischen dem gefilmten K\u00f6rper und dem filmenden K\u00f6rper in den kinematographischen und fotografischen Praktiken beider K\u00fcnstler. <em>L\u2019Entre-Corps<\/em> ist gleichzeitig Spur und Erweiterung dieses \u00fcber das Jahr ihrer gemeinsamen Residency in Br\u00fcssel hinweg gef\u00fchrten Dialogs. Das AiR-Programm Conversation, initiiert vom Atelier Cin\u00e9ma du GSARA und das Atelier de Production, unterst\u00fctzt Autoren, die sich auf die Herausforderungen des Dokumentarfilms, seine Schriften und Variationen konzentrieren. <\/p>\n","protected":false},"excerpt":{"rendered":"<p>Mit Text- und Bildbeitr\u00e4gen von Jennifer Teuwen, Xenia Taniko, Tramaine de Senna, R\u00e9my Bertrand, Nathalie Heller, Maria Michailidou und Athanase Vettas<\/p>\n<p>Die Publikation wurde mit Unterst\u00fctzung durch das Centre Vid\u00e9o de Bruxelles (CVB), Atelier Cin\u00e9ma Gsara und F\u00e9d\u00e9ration Wallonie-Bruxelles Arts Plastiques realisiert.<\/p>\n","protected":false},"featured_media":8799,"template":"","meta":{"pgc_sgb_lightbox_settings":""},"product_brand":[],"product_cat":[4420],"product_tag":[4443,4434,4441,4442,4444,5075,2035,4428,4705,4440,4438,4435,4439,4437,4433,4432,4436,4431,4430,4429],"class_list":{"0":"post-8808","1":"product","2":"type-product","3":"status-publish","4":"has-post-thumbnail","6":"product_cat-laure-cottin-stefanelli-de","7":"product_tag-atelier-cinema-gsara-de","8":"product_tag-athanase-vettas-de","9":"product_tag-centre-video-de-bruxelles-de","10":"product_tag-cvb-de","11":"product_tag-federation-wallonie-bruxelles-arts-plastiques-de","12":"product_tag-filmisch","13":"product_tag-geschlecht","14":"product_tag-jennifer-teuwen-de","15":"product_tag-korper-de","16":"product_tag-korper","17":"product_tag-l-entre-corps-de","18":"product_tag-laure-cottin-stefanelli-de","19":"product_tag-lentre-de","20":"product_tag-lentre-corps-de","21":"product_tag-maria-michailidou-de","22":"product_tag-nathalie-heller-de","23":"product_tag-peter-snowdon-de","24":"product_tag-remy-bertrand-de","25":"product_tag-tramaine-de-senna-de","26":"product_tag-xenia-taniko-de","27":"entry","29":"first","30":"instock","31":"shipping-taxable","32":"purchasable","33":"product-type-simple"},"yoast_head":"<!-- This site is optimized with the Yoast SEO plugin v27.2 - https:\/\/yoast.com\/product\/yoast-seo-wordpress\/ -->\n<title>malenki.net | L\u2019Entre-Corps | Laure Cottin Stefanelli &amp; Peter Snowdon<\/title>\n<meta name=\"description\" content=\"L\u2019Entre-Corps stellt im Gespr\u00e4ch aktuelle filmische Arbeiten von Laure Cottin Stefanelli und Peter Snowdon vor.\" \/>\n<meta name=\"robots\" content=\"index, follow, max-snippet:-1, max-image-preview:large, max-video-preview:-1\" \/>\n<link rel=\"canonical\" href=\"https:\/\/malenki.net\/de\/produkt\/lentre-corps-laure-cottin-stefanelli\/\" \/>\n<meta property=\"og:locale\" content=\"de_DE\" \/>\n<meta property=\"og:type\" content=\"article\" \/>\n<meta property=\"og:title\" content=\"malenki.net | L\u2019Entre-Corps | Laure Cottin Stefanelli &amp; Peter Snowdon\" \/>\n<meta property=\"og:description\" content=\"L\u2019Entre-Corps stellt im Gespr\u00e4ch aktuelle filmische Arbeiten von Laure Cottin Stefanelli und Peter Snowdon vor.\" \/>\n<meta property=\"og:url\" content=\"https:\/\/malenki.net\/de\/produkt\/lentre-corps-laure-cottin-stefanelli\/\" \/>\n<meta property=\"og:site_name\" content=\"malenki.net\" \/>\n<meta property=\"article:publisher\" content=\"https:\/\/www.facebook.com\/malenki.editionen\/\" \/>\n<meta property=\"article:modified_time\" content=\"2024-02-04T18:05:21+00:00\" \/>\n<meta property=\"og:image\" content=\"https:\/\/malenki.net\/wp-content\/uploads\/2020\/09\/laure-cottin-stefanelli-l-entre-corps-01.jpg\" \/>\n\t<meta property=\"og:image:width\" content=\"1024\" \/>\n\t<meta property=\"og:image:height\" content=\"819\" \/>\n\t<meta property=\"og:image:type\" content=\"image\/jpeg\" \/>\n<meta name=\"twitter:card\" content=\"summary_large_image\" \/>\n<script type=\"application\/ld+json\" class=\"yoast-schema-graph\">{\"@context\":\"https:\/\/schema.org\",\"@graph\":[{\"@type\":\"WebPage\",\"@id\":\"https:\/\/malenki.net\/de\/produkt\/lentre-corps-laure-cottin-stefanelli\/\",\"url\":\"https:\/\/malenki.net\/de\/produkt\/lentre-corps-laure-cottin-stefanelli\/\",\"name\":\"malenki.net | L\u2019Entre-Corps | Laure Cottin Stefanelli &amp; Peter Snowdon\",\"isPartOf\":{\"@id\":\"https:\/\/malenki.net\/de\/#website\"},\"primaryImageOfPage\":{\"@id\":\"https:\/\/malenki.net\/de\/produkt\/lentre-corps-laure-cottin-stefanelli\/#primaryimage\"},\"image\":{\"@id\":\"https:\/\/malenki.net\/de\/produkt\/lentre-corps-laure-cottin-stefanelli\/#primaryimage\"},\"thumbnailUrl\":\"https:\/\/malenki.net\/wp-content\/uploads\/2020\/09\/laure-cottin-stefanelli-l-entre-corps-01.jpg\",\"datePublished\":\"2020-09-13T22:15:54+00:00\",\"dateModified\":\"2024-02-04T18:05:21+00:00\",\"description\":\"L\u2019Entre-Corps stellt im Gespr\u00e4ch aktuelle filmische Arbeiten von Laure Cottin Stefanelli und Peter Snowdon vor.\",\"breadcrumb\":{\"@id\":\"https:\/\/malenki.net\/de\/produkt\/lentre-corps-laure-cottin-stefanelli\/#breadcrumb\"},\"inLanguage\":\"de\",\"potentialAction\":[{\"@type\":\"ReadAction\",\"target\":[\"https:\/\/malenki.net\/de\/produkt\/lentre-corps-laure-cottin-stefanelli\/\"]}]},{\"@type\":\"ImageObject\",\"inLanguage\":\"de\",\"@id\":\"https:\/\/malenki.net\/de\/produkt\/lentre-corps-laure-cottin-stefanelli\/#primaryimage\",\"url\":\"https:\/\/malenki.net\/wp-content\/uploads\/2020\/09\/laure-cottin-stefanelli-l-entre-corps-01.jpg\",\"contentUrl\":\"https:\/\/malenki.net\/wp-content\/uploads\/2020\/09\/laure-cottin-stefanelli-l-entre-corps-01.jpg\",\"width\":1024,\"height\":819,\"caption\":\"L\u2019Entre-Corps \u2014 Laure Cottin Stefanelli\"},{\"@type\":\"BreadcrumbList\",\"@id\":\"https:\/\/malenki.net\/de\/produkt\/lentre-corps-laure-cottin-stefanelli\/#breadcrumb\",\"itemListElement\":[{\"@type\":\"ListItem\",\"position\":1,\"name\":\"Home\",\"item\":\"https:\/\/malenki.net\/de\/\"},{\"@type\":\"ListItem\",\"position\":2,\"name\":\"Editionen\",\"item\":\"https:\/\/malenki.net\/de\/\"},{\"@type\":\"ListItem\",\"position\":3,\"name\":\"L\u2019Entre-Corps\"}]},{\"@type\":\"WebSite\",\"@id\":\"https:\/\/malenki.net\/de\/#website\",\"url\":\"https:\/\/malenki.net\/de\/\",\"name\":\"malenki.net\",\"description\":\"Fotografie Editionen\",\"publisher\":{\"@id\":\"https:\/\/malenki.net\/de\/#organization\"},\"potentialAction\":[{\"@type\":\"SearchAction\",\"target\":{\"@type\":\"EntryPoint\",\"urlTemplate\":\"https:\/\/malenki.net\/de\/?s={search_term_string}\"},\"query-input\":{\"@type\":\"PropertyValueSpecification\",\"valueRequired\":true,\"valueName\":\"search_term_string\"}}],\"inLanguage\":\"de\"},{\"@type\":\"Organization\",\"@id\":\"https:\/\/malenki.net\/de\/#organization\",\"name\":\"malenki.net\",\"url\":\"https:\/\/malenki.net\/de\/\",\"logo\":{\"@type\":\"ImageObject\",\"inLanguage\":\"de\",\"@id\":\"https:\/\/malenki.net\/de\/#\/schema\/logo\/image\/\",\"url\":\"https:\/\/malenki.net\/wp-content\/uploads\/2023\/03\/malenki-logo-2019.gif\",\"contentUrl\":\"https:\/\/malenki.net\/wp-content\/uploads\/2023\/03\/malenki-logo-2019.gif\",\"width\":524,\"height\":138,\"caption\":\"malenki.net\"},\"image\":{\"@id\":\"https:\/\/malenki.net\/de\/#\/schema\/logo\/image\/\"},\"sameAs\":[\"https:\/\/www.facebook.com\/malenki.editionen\/\",\"https:\/\/www.instagram.com\/malenkinet\/\"]}]}<\/script>\n<!-- \/ Yoast SEO plugin. -->","yoast_head_json":{"title":"malenki.net | L\u2019Entre-Corps | Laure Cottin Stefanelli &amp; Peter Snowdon","description":"L\u2019Entre-Corps stellt im Gespr\u00e4ch aktuelle filmische Arbeiten von Laure Cottin Stefanelli und Peter Snowdon vor.","robots":{"index":"index","follow":"follow","max-snippet":"max-snippet:-1","max-image-preview":"max-image-preview:large","max-video-preview":"max-video-preview:-1"},"canonical":"https:\/\/malenki.net\/de\/produkt\/lentre-corps-laure-cottin-stefanelli\/","og_locale":"de_DE","og_type":"article","og_title":"malenki.net | L\u2019Entre-Corps | Laure Cottin Stefanelli &amp; Peter Snowdon","og_description":"L\u2019Entre-Corps stellt im Gespr\u00e4ch aktuelle filmische Arbeiten von Laure Cottin Stefanelli und Peter Snowdon vor.","og_url":"https:\/\/malenki.net\/de\/produkt\/lentre-corps-laure-cottin-stefanelli\/","og_site_name":"malenki.net","article_publisher":"https:\/\/www.facebook.com\/malenki.editionen\/","article_modified_time":"2024-02-04T18:05:21+00:00","og_image":[{"width":1024,"height":819,"url":"https:\/\/malenki.net\/wp-content\/uploads\/2020\/09\/laure-cottin-stefanelli-l-entre-corps-01.jpg","type":"image\/jpeg"}],"twitter_card":"summary_large_image","schema":{"@context":"https:\/\/schema.org","@graph":[{"@type":"WebPage","@id":"https:\/\/malenki.net\/de\/produkt\/lentre-corps-laure-cottin-stefanelli\/","url":"https:\/\/malenki.net\/de\/produkt\/lentre-corps-laure-cottin-stefanelli\/","name":"malenki.net | L\u2019Entre-Corps | Laure Cottin Stefanelli &amp; Peter Snowdon","isPartOf":{"@id":"https:\/\/malenki.net\/de\/#website"},"primaryImageOfPage":{"@id":"https:\/\/malenki.net\/de\/produkt\/lentre-corps-laure-cottin-stefanelli\/#primaryimage"},"image":{"@id":"https:\/\/malenki.net\/de\/produkt\/lentre-corps-laure-cottin-stefanelli\/#primaryimage"},"thumbnailUrl":"https:\/\/malenki.net\/wp-content\/uploads\/2020\/09\/laure-cottin-stefanelli-l-entre-corps-01.jpg","datePublished":"2020-09-13T22:15:54+00:00","dateModified":"2024-02-04T18:05:21+00:00","description":"L\u2019Entre-Corps stellt im Gespr\u00e4ch aktuelle filmische Arbeiten von Laure Cottin Stefanelli und Peter Snowdon vor.","breadcrumb":{"@id":"https:\/\/malenki.net\/de\/produkt\/lentre-corps-laure-cottin-stefanelli\/#breadcrumb"},"inLanguage":"de","potentialAction":[{"@type":"ReadAction","target":["https:\/\/malenki.net\/de\/produkt\/lentre-corps-laure-cottin-stefanelli\/"]}]},{"@type":"ImageObject","inLanguage":"de","@id":"https:\/\/malenki.net\/de\/produkt\/lentre-corps-laure-cottin-stefanelli\/#primaryimage","url":"https:\/\/malenki.net\/wp-content\/uploads\/2020\/09\/laure-cottin-stefanelli-l-entre-corps-01.jpg","contentUrl":"https:\/\/malenki.net\/wp-content\/uploads\/2020\/09\/laure-cottin-stefanelli-l-entre-corps-01.jpg","width":1024,"height":819,"caption":"L\u2019Entre-Corps \u2014 Laure Cottin Stefanelli"},{"@type":"BreadcrumbList","@id":"https:\/\/malenki.net\/de\/produkt\/lentre-corps-laure-cottin-stefanelli\/#breadcrumb","itemListElement":[{"@type":"ListItem","position":1,"name":"Home","item":"https:\/\/malenki.net\/de\/"},{"@type":"ListItem","position":2,"name":"Editionen","item":"https:\/\/malenki.net\/de\/"},{"@type":"ListItem","position":3,"name":"L\u2019Entre-Corps"}]},{"@type":"WebSite","@id":"https:\/\/malenki.net\/de\/#website","url":"https:\/\/malenki.net\/de\/","name":"malenki.net","description":"Fotografie Editionen","publisher":{"@id":"https:\/\/malenki.net\/de\/#organization"},"potentialAction":[{"@type":"SearchAction","target":{"@type":"EntryPoint","urlTemplate":"https:\/\/malenki.net\/de\/?s={search_term_string}"},"query-input":{"@type":"PropertyValueSpecification","valueRequired":true,"valueName":"search_term_string"}}],"inLanguage":"de"},{"@type":"Organization","@id":"https:\/\/malenki.net\/de\/#organization","name":"malenki.net","url":"https:\/\/malenki.net\/de\/","logo":{"@type":"ImageObject","inLanguage":"de","@id":"https:\/\/malenki.net\/de\/#\/schema\/logo\/image\/","url":"https:\/\/malenki.net\/wp-content\/uploads\/2023\/03\/malenki-logo-2019.gif","contentUrl":"https:\/\/malenki.net\/wp-content\/uploads\/2023\/03\/malenki-logo-2019.gif","width":524,"height":138,"caption":"malenki.net"},"image":{"@id":"https:\/\/malenki.net\/de\/#\/schema\/logo\/image\/"},"sameAs":["https:\/\/www.facebook.com\/malenki.editionen\/","https:\/\/www.instagram.com\/malenkinet\/"]}]}},"wps_subtitle":"Laure Cottin Stefanelli &amp; Peter Snowdon","_links":{"self":[{"href":"https:\/\/malenki.net\/de\/wp-json\/wp\/v2\/product\/8808","targetHints":{"allow":["GET"]}}],"collection":[{"href":"https:\/\/malenki.net\/de\/wp-json\/wp\/v2\/product"}],"about":[{"href":"https:\/\/malenki.net\/de\/wp-json\/wp\/v2\/types\/product"}],"wp:featuredmedia":[{"embeddable":true,"href":"https:\/\/malenki.net\/de\/wp-json\/wp\/v2\/media\/8799"}],"wp:attachment":[{"href":"https:\/\/malenki.net\/de\/wp-json\/wp\/v2\/media?parent=8808"}],"wp:term":[{"taxonomy":"product_brand","embeddable":true,"href":"https:\/\/malenki.net\/de\/wp-json\/wp\/v2\/product_brand?post=8808"},{"taxonomy":"product_cat","embeddable":true,"href":"https:\/\/malenki.net\/de\/wp-json\/wp\/v2\/product_cat?post=8808"},{"taxonomy":"product_tag","embeddable":true,"href":"https:\/\/malenki.net\/de\/wp-json\/wp\/v2\/product_tag?post=8808"}],"curies":[{"name":"wp","href":"https:\/\/api.w.org\/{rel}","templated":true}]}}