{"id":8753,"date":"2020-10-17T09:28:11","date_gmt":"2020-10-17T07:28:11","guid":{"rendered":"https:\/\/malenki.net\/product\/to-meena-helena-schaetzle\/"},"modified":"2025-01-13T10:34:17","modified_gmt":"2025-01-13T09:34:17","slug":"to-meena-helena-schaetzle","status":"publish","type":"product","link":"https:\/\/malenki.net\/de\/produkt\/to-meena-helena-schaetzle\/","title":{"rendered":"To Meena, Chowpatty, Beach, Mumbai, India"},"content":{"rendered":"<p>\u201eMeena begegnete ich 2006 bei meinem ersten Besuch in Mumbai. Sie sprach mich an und wir machten ein Foto. Wieder zur\u00fcck in Deutschland, schickte ich ihr den Abzug: An Meena, Chowpatty Beach, Mumbai, India. Der Brief erreichte die obdachlose Familie tats\u00e4chlich. Das war der Anfang unserer engen, inzwischen 13 Jahre w\u00e4hrenden Freundschaft. Gemeinsam mit Meena, einer ungew\u00f6hnlichen Frau voll Energie und W\u00e4rme, entstand dieses Buch \u00fcber sie, uns und ihre Familie.\u201c \u2014 Helena Sch\u00e4tzle<\/p>\n<p>Ein buntes, lebendiges Buch \u00fcber eine Frau voller Lebensfreude und Liebe. Meenas Lebensgeschichte: mit Texten aus ihren Tagebuchnotizen und Fotografien von Helena Sch\u00e4tzle. Lesen Sie hier auch einen Artikel zu <em>To Meena, Chowpatty, Beach, Mumbai, India<\/em> im <a href=\"https:\/\/chrismon.evangelisch.de\/artikel\/2020\/49025\/das-leben-von-obdachlosen-am-strand-von-mumbai\" target=\"_blank\" rel=\"noopener noreferrer\">Chrismon Magazin<\/a>.<\/p>\n","protected":false},"excerpt":{"rendered":"<p><em>To Meena, Chowpatty Beach, Mumbai, India<\/em> von Helena Sch\u00e4tzle ist auch als <a href=\"https:\/\/malenki.net\/de\/product\/to-meena-chowpatty-beach-mumbai-india-copy\/\" target=\"_blank\" rel=\"noopener\">Collectors Edition<\/a> erh\u00e4ltlich.<\/p>\n","protected":false},"featured_media":9081,"template":"","meta":{"pgc_sgb_lightbox_settings":""},"product_brand":[],"product_cat":[4366],"product_tag":[4369,4549,5616,4567,4371,5602,3807,4368,4367,3042,4372,3995,4704,4370,5073,5588],"class_list":{"0":"post-8753","1":"product","2":"type-product","3":"status-publish","4":"has-post-thumbnail","6":"product_cat-helena-schatzle-de","7":"product_tag-to-meena-de","8":"product_tag-asien","9":"product_tag-relational-de","10":"product_tag-bombay-de","11":"product_tag-chowpatty-de","12":"product_tag-dokumentation","13":"product_tag-familie","14":"product_tag-helena-schaetzle-de-2","15":"product_tag-helena-schatzle-de","16":"product_tag-indien","17":"product_tag-mumbai-de-2","18":"product_tag-persoenliche-geschichte","19":"product_tag-portrait-de","20":"product_tag-strand","21":"product_tag-tulsi-amina-ansari-de","22":"product_tag-zusammenarbeit","23":"entry","25":"first","26":"outofstock","27":"shipping-taxable","28":"purchasable","29":"product-type-simple"},"yoast_head":"<!-- This site is optimized with the Yoast SEO plugin v27.2 - https:\/\/yoast.com\/product\/yoast-seo-wordpress\/ -->\n<title>malenki.net | To Meena, Chowpatty, Beach, Mumbai, India | Helena Sch\u00e4tzle<\/title>\n<meta name=\"description\" content=\"Das Fotobuch &#039;To Meena, Chowpatty Beach, Mumbai, India&#039; von Helena Sch\u00e4tzle bei malenki.net\" \/>\n<meta name=\"robots\" content=\"index, follow, max-snippet:-1, max-image-preview:large, max-video-preview:-1\" \/>\n<link rel=\"canonical\" href=\"https:\/\/malenki.net\/de\/produkt\/to-meena-helena-schaetzle\/\" \/>\n<meta property=\"og:locale\" content=\"de_DE\" \/>\n<meta property=\"og:type\" content=\"article\" \/>\n<meta property=\"og:title\" content=\"malenki.net | To Meena, Chowpatty, Beach, Mumbai, India | Helena Sch\u00e4tzle\" \/>\n<meta property=\"og:description\" content=\"Das Fotobuch &#039;To Meena, Chowpatty Beach, Mumbai, India&#039; von Helena Sch\u00e4tzle bei malenki.net\" \/>\n<meta property=\"og:url\" content=\"https:\/\/malenki.net\/de\/produkt\/to-meena-helena-schaetzle\/\" \/>\n<meta property=\"og:site_name\" content=\"malenki.net\" \/>\n<meta property=\"article:publisher\" content=\"https:\/\/www.facebook.com\/malenki.editionen\/\" \/>\n<meta property=\"article:modified_time\" content=\"2025-01-13T09:34:17+00:00\" \/>\n<meta property=\"og:image\" content=\"https:\/\/malenki.net\/wp-content\/uploads\/2020\/10\/helena-schaetzle-to-meena-01.jpg\" \/>\n\t<meta property=\"og:image:width\" content=\"1200\" \/>\n\t<meta property=\"og:image:height\" content=\"960\" \/>\n\t<meta property=\"og:image:type\" content=\"image\/jpeg\" \/>\n<meta name=\"twitter:card\" content=\"summary_large_image\" \/>\n<meta name=\"twitter:label1\" content=\"Gesch\u00e4tzte Lesezeit\" \/>\n\t<meta name=\"twitter:data1\" content=\"1\u00a0Minute\" \/>\n<script type=\"application\/ld+json\" class=\"yoast-schema-graph\">{\"@context\":\"https:\/\/schema.org\",\"@graph\":[{\"@type\":\"WebPage\",\"@id\":\"https:\/\/malenki.net\/de\/produkt\/to-meena-helena-schaetzle\/\",\"url\":\"https:\/\/malenki.net\/de\/produkt\/to-meena-helena-schaetzle\/\",\"name\":\"malenki.net | To Meena, Chowpatty, Beach, Mumbai, India | Helena Sch\u00e4tzle\",\"isPartOf\":{\"@id\":\"https:\/\/malenki.net\/de\/#website\"},\"primaryImageOfPage\":{\"@id\":\"https:\/\/malenki.net\/de\/produkt\/to-meena-helena-schaetzle\/#primaryimage\"},\"image\":{\"@id\":\"https:\/\/malenki.net\/de\/produkt\/to-meena-helena-schaetzle\/#primaryimage\"},\"thumbnailUrl\":\"https:\/\/malenki.net\/wp-content\/uploads\/2020\/10\/helena-schaetzle-to-meena-01.jpg\",\"datePublished\":\"2020-10-17T07:28:11+00:00\",\"dateModified\":\"2025-01-13T09:34:17+00:00\",\"description\":\"Das Fotobuch 'To Meena, Chowpatty Beach, Mumbai, India' von Helena Sch\u00e4tzle bei malenki.net\",\"breadcrumb\":{\"@id\":\"https:\/\/malenki.net\/de\/produkt\/to-meena-helena-schaetzle\/#breadcrumb\"},\"inLanguage\":\"de\",\"potentialAction\":[{\"@type\":\"ReadAction\",\"target\":[\"https:\/\/malenki.net\/de\/produkt\/to-meena-helena-schaetzle\/\"]}]},{\"@type\":\"ImageObject\",\"inLanguage\":\"de\",\"@id\":\"https:\/\/malenki.net\/de\/produkt\/to-meena-helena-schaetzle\/#primaryimage\",\"url\":\"https:\/\/malenki.net\/wp-content\/uploads\/2020\/10\/helena-schaetzle-to-meena-01.jpg\",\"contentUrl\":\"https:\/\/malenki.net\/wp-content\/uploads\/2020\/10\/helena-schaetzle-to-meena-01.jpg\",\"width\":1200,\"height\":960,\"caption\":\"To Meena, Chowpatty, Beach, Mumbai, India \u2014 Helena Sch\u00e4tzle\"},{\"@type\":\"BreadcrumbList\",\"@id\":\"https:\/\/malenki.net\/de\/produkt\/to-meena-helena-schaetzle\/#breadcrumb\",\"itemListElement\":[{\"@type\":\"ListItem\",\"position\":1,\"name\":\"Home\",\"item\":\"https:\/\/malenki.net\/de\/\"},{\"@type\":\"ListItem\",\"position\":2,\"name\":\"Editionen\",\"item\":\"https:\/\/malenki.net\/de\/\"},{\"@type\":\"ListItem\",\"position\":3,\"name\":\"To Meena, Chowpatty, Beach, Mumbai, India\"}]},{\"@type\":\"WebSite\",\"@id\":\"https:\/\/malenki.net\/de\/#website\",\"url\":\"https:\/\/malenki.net\/de\/\",\"name\":\"malenki.net\",\"description\":\"Fotografie Editionen\",\"publisher\":{\"@id\":\"https:\/\/malenki.net\/de\/#organization\"},\"potentialAction\":[{\"@type\":\"SearchAction\",\"target\":{\"@type\":\"EntryPoint\",\"urlTemplate\":\"https:\/\/malenki.net\/de\/?s={search_term_string}\"},\"query-input\":{\"@type\":\"PropertyValueSpecification\",\"valueRequired\":true,\"valueName\":\"search_term_string\"}}],\"inLanguage\":\"de\"},{\"@type\":\"Organization\",\"@id\":\"https:\/\/malenki.net\/de\/#organization\",\"name\":\"malenki.net\",\"url\":\"https:\/\/malenki.net\/de\/\",\"logo\":{\"@type\":\"ImageObject\",\"inLanguage\":\"de\",\"@id\":\"https:\/\/malenki.net\/de\/#\/schema\/logo\/image\/\",\"url\":\"https:\/\/malenki.net\/wp-content\/uploads\/2023\/03\/malenki-logo-2019.gif\",\"contentUrl\":\"https:\/\/malenki.net\/wp-content\/uploads\/2023\/03\/malenki-logo-2019.gif\",\"width\":524,\"height\":138,\"caption\":\"malenki.net\"},\"image\":{\"@id\":\"https:\/\/malenki.net\/de\/#\/schema\/logo\/image\/\"},\"sameAs\":[\"https:\/\/www.facebook.com\/malenki.editionen\/\",\"https:\/\/www.instagram.com\/malenkinet\/\"]}]}<\/script>\n<!-- \/ Yoast SEO plugin. -->","yoast_head_json":{"title":"malenki.net | To Meena, Chowpatty, Beach, Mumbai, India | Helena Sch\u00e4tzle","description":"Das Fotobuch 'To Meena, Chowpatty Beach, Mumbai, India' von Helena Sch\u00e4tzle bei malenki.net","robots":{"index":"index","follow":"follow","max-snippet":"max-snippet:-1","max-image-preview":"max-image-preview:large","max-video-preview":"max-video-preview:-1"},"canonical":"https:\/\/malenki.net\/de\/produkt\/to-meena-helena-schaetzle\/","og_locale":"de_DE","og_type":"article","og_title":"malenki.net | To Meena, Chowpatty, Beach, Mumbai, India | Helena Sch\u00e4tzle","og_description":"Das Fotobuch 'To Meena, Chowpatty Beach, Mumbai, India' von Helena Sch\u00e4tzle bei malenki.net","og_url":"https:\/\/malenki.net\/de\/produkt\/to-meena-helena-schaetzle\/","og_site_name":"malenki.net","article_publisher":"https:\/\/www.facebook.com\/malenki.editionen\/","article_modified_time":"2025-01-13T09:34:17+00:00","og_image":[{"width":1200,"height":960,"url":"https:\/\/malenki.net\/wp-content\/uploads\/2020\/10\/helena-schaetzle-to-meena-01.jpg","type":"image\/jpeg"}],"twitter_card":"summary_large_image","twitter_misc":{"Gesch\u00e4tzte Lesezeit":"1\u00a0Minute"},"schema":{"@context":"https:\/\/schema.org","@graph":[{"@type":"WebPage","@id":"https:\/\/malenki.net\/de\/produkt\/to-meena-helena-schaetzle\/","url":"https:\/\/malenki.net\/de\/produkt\/to-meena-helena-schaetzle\/","name":"malenki.net | To Meena, Chowpatty, Beach, Mumbai, India | Helena Sch\u00e4tzle","isPartOf":{"@id":"https:\/\/malenki.net\/de\/#website"},"primaryImageOfPage":{"@id":"https:\/\/malenki.net\/de\/produkt\/to-meena-helena-schaetzle\/#primaryimage"},"image":{"@id":"https:\/\/malenki.net\/de\/produkt\/to-meena-helena-schaetzle\/#primaryimage"},"thumbnailUrl":"https:\/\/malenki.net\/wp-content\/uploads\/2020\/10\/helena-schaetzle-to-meena-01.jpg","datePublished":"2020-10-17T07:28:11+00:00","dateModified":"2025-01-13T09:34:17+00:00","description":"Das Fotobuch 'To Meena, Chowpatty Beach, Mumbai, India' von Helena Sch\u00e4tzle bei malenki.net","breadcrumb":{"@id":"https:\/\/malenki.net\/de\/produkt\/to-meena-helena-schaetzle\/#breadcrumb"},"inLanguage":"de","potentialAction":[{"@type":"ReadAction","target":["https:\/\/malenki.net\/de\/produkt\/to-meena-helena-schaetzle\/"]}]},{"@type":"ImageObject","inLanguage":"de","@id":"https:\/\/malenki.net\/de\/produkt\/to-meena-helena-schaetzle\/#primaryimage","url":"https:\/\/malenki.net\/wp-content\/uploads\/2020\/10\/helena-schaetzle-to-meena-01.jpg","contentUrl":"https:\/\/malenki.net\/wp-content\/uploads\/2020\/10\/helena-schaetzle-to-meena-01.jpg","width":1200,"height":960,"caption":"To Meena, Chowpatty, Beach, Mumbai, India \u2014 Helena Sch\u00e4tzle"},{"@type":"BreadcrumbList","@id":"https:\/\/malenki.net\/de\/produkt\/to-meena-helena-schaetzle\/#breadcrumb","itemListElement":[{"@type":"ListItem","position":1,"name":"Home","item":"https:\/\/malenki.net\/de\/"},{"@type":"ListItem","position":2,"name":"Editionen","item":"https:\/\/malenki.net\/de\/"},{"@type":"ListItem","position":3,"name":"To Meena, Chowpatty, Beach, Mumbai, India"}]},{"@type":"WebSite","@id":"https:\/\/malenki.net\/de\/#website","url":"https:\/\/malenki.net\/de\/","name":"malenki.net","description":"Fotografie Editionen","publisher":{"@id":"https:\/\/malenki.net\/de\/#organization"},"potentialAction":[{"@type":"SearchAction","target":{"@type":"EntryPoint","urlTemplate":"https:\/\/malenki.net\/de\/?s={search_term_string}"},"query-input":{"@type":"PropertyValueSpecification","valueRequired":true,"valueName":"search_term_string"}}],"inLanguage":"de"},{"@type":"Organization","@id":"https:\/\/malenki.net\/de\/#organization","name":"malenki.net","url":"https:\/\/malenki.net\/de\/","logo":{"@type":"ImageObject","inLanguage":"de","@id":"https:\/\/malenki.net\/de\/#\/schema\/logo\/image\/","url":"https:\/\/malenki.net\/wp-content\/uploads\/2023\/03\/malenki-logo-2019.gif","contentUrl":"https:\/\/malenki.net\/wp-content\/uploads\/2023\/03\/malenki-logo-2019.gif","width":524,"height":138,"caption":"malenki.net"},"image":{"@id":"https:\/\/malenki.net\/de\/#\/schema\/logo\/image\/"},"sameAs":["https:\/\/www.facebook.com\/malenki.editionen\/","https:\/\/www.instagram.com\/malenkinet\/"]}]}},"wps_subtitle":"Helena Sch\u00e4tzle","_links":{"self":[{"href":"https:\/\/malenki.net\/de\/wp-json\/wp\/v2\/product\/8753","targetHints":{"allow":["GET"]}}],"collection":[{"href":"https:\/\/malenki.net\/de\/wp-json\/wp\/v2\/product"}],"about":[{"href":"https:\/\/malenki.net\/de\/wp-json\/wp\/v2\/types\/product"}],"wp:featuredmedia":[{"embeddable":true,"href":"https:\/\/malenki.net\/de\/wp-json\/wp\/v2\/media\/9081"}],"wp:attachment":[{"href":"https:\/\/malenki.net\/de\/wp-json\/wp\/v2\/media?parent=8753"}],"wp:term":[{"taxonomy":"product_brand","embeddable":true,"href":"https:\/\/malenki.net\/de\/wp-json\/wp\/v2\/product_brand?post=8753"},{"taxonomy":"product_cat","embeddable":true,"href":"https:\/\/malenki.net\/de\/wp-json\/wp\/v2\/product_cat?post=8753"},{"taxonomy":"product_tag","embeddable":true,"href":"https:\/\/malenki.net\/de\/wp-json\/wp\/v2\/product_tag?post=8753"}],"curies":[{"name":"wp","href":"https:\/\/api.w.org\/{rel}","templated":true}]}}