{"id":8752,"date":"2021-01-30T13:56:06","date_gmt":"2021-01-30T12:56:06","guid":{"rendered":"https:\/\/malenki.net\/product\/katern-voor-bleu-blue-blau-melyna-liesbet-grupping\/"},"modified":"2025-10-20T20:17:47","modified_gmt":"2025-10-20T18:17:47","slug":"katern-voor-bleu-blue-blau-melyna-liesbet-grupping","status":"publish","type":"product","link":"https:\/\/malenki.net\/de\/produkt\/katern-voor-bleu-blue-blau-melyna-liesbet-grupping\/","title":{"rendered":"katern voor &#8218;bleu, blue, blau, melyna&#8216;"},"content":{"rendered":"<p>Die Welt ist blau an ihren R\u00e4ndern und in ihren Tiefen. Dieses Blau ist das Licht, das verloren ging. Licht am blauen Ende des Spektrums legt nicht die gesamte Strecke von der Sonne zu uns zur\u00fcck. Es verteilt sich in den Molek\u00fclen der Luft, es streut sich im Wasser. Wasser ist farblos, seichtes Wasser scheint die Farbe dessen zu haben, was darunter liegt, doch tiefes Wasser ist voll von diesem gestreuten Licht. Je reiner das Wasser, desto tiefer das Blau. Der Himmel ist aus demselben Grund blau, doch das Blau am Horizont, das Blau des Landes, das sich im Himmel aufzul\u00f6sen scheint, ist ein tieferes, vertr\u00e4umteres, melancholisches Blau, das Blau an den entferntesten Orten, von denen man kilometerweit sieht, das Blau der Ferne. Dieses Licht, das uns nicht ber\u00fchrt, nicht die gesamte Strecke zur\u00fccklegt, das Licht, das verloren geht, schenkt uns die Sch\u00f6nheit der Welt, von der so viel in der Farbe Blau liegt.\u201c<\/p>\n<p>Rebecca Solnit, A field guide to getting lost, London: Canongate. 2002. S. 29.<\/p>\n","protected":false},"excerpt":{"rendered":"<p>Die Welt ist blau an ihren R\u00e4ndern und in ihren Tiefen. Dieses Blau ist das Licht, das verloren ging. Licht am blauen Ende des Spektrums legt nicht die gesamte Strecke von der Sonne zu uns zur\u00fcck. Es verteilt sich in den Molek\u00fclen der Luft, es streut sich im Wasser. Wasser ist farblos, seichtes Wasser scheint die Farbe dessen zu haben, was darunter liegt, doch tiefes Wasser ist voll von diesem gestreuten Licht. Je reiner das Wasser, desto tiefer das Blau. Der Himmel ist aus demselben Grund blau, doch das Blau am Horizont, das Blau des Landes, das sich im Himmel aufzul\u00f6sen scheint, ist ein tieferes, vertr\u00e4umteres, melancholisches Blau, das Blau an den entferntesten Orten, von denen man kilometerweit sieht, das Blau der Ferne. Dieses Licht, das uns nicht ber\u00fchrt, nicht die gesamte Strecke zur\u00fccklegt, das Licht, das verloren geht, schenkt uns die Sch\u00f6nheit der Welt, von der so viel in der Farbe Blau liegt.\u201c<\/p>\n<p>Rebecca Solnit, A field guide to getting lost, London: Canongate. 2002. S. 29.<\/p>\n","protected":false},"featured_media":7244,"template":"","meta":{"pgc_sgb_lightbox_settings":""},"product_brand":[],"product_cat":[6407],"product_tag":[4232,3984,4668,2224,4630,4179,4364,4365,2241,4010],"class_list":{"0":"post-8752","1":"product","2":"type-product","3":"status-publish","4":"has-post-thumbnail","6":"product_cat-liesbet-grupping-de","7":"product_tag-abstraktion","8":"product_tag-blau-de-2","9":"product_tag-farbe","10":"product_tag-grupping-de","11":"product_tag-handgemacht","12":"product_tag-inkjet-de","13":"product_tag-katern-de","14":"product_tag-katern-voor-bleu-de","15":"product_tag-liesbet-grupping-de","16":"product_tag-melyna-de","17":"entry","19":"first","20":"instock","21":"shipping-taxable","22":"purchasable","23":"product-type-simple"},"yoast_head":"<!-- This site is optimized with the Yoast SEO plugin v27.2 - https:\/\/yoast.com\/product\/yoast-seo-wordpress\/ -->\n<title>malenki.net | katern voor &#039;bleu, blue, blau, melyna&#039; | Liesbet Grupping<\/title>\n<meta name=\"description\" content=\"katern voor &#039;bleu, blue, blau, melyna&#039; von Liesbet Grupping bei malenki.net\" \/>\n<meta name=\"robots\" content=\"index, follow, max-snippet:-1, max-image-preview:large, max-video-preview:-1\" \/>\n<link rel=\"canonical\" href=\"https:\/\/malenki.net\/de\/produkt\/katern-voor-bleu-blue-blau-melyna-liesbet-grupping\/\" \/>\n<meta property=\"og:locale\" content=\"de_DE\" \/>\n<meta property=\"og:type\" content=\"article\" \/>\n<meta property=\"og:title\" content=\"malenki.net | katern voor &#039;bleu, blue, blau, melyna&#039; | Liesbet Grupping\" \/>\n<meta property=\"og:description\" content=\"katern voor &#039;bleu, blue, blau, melyna&#039; von Liesbet Grupping bei malenki.net\" \/>\n<meta property=\"og:url\" content=\"https:\/\/malenki.net\/de\/produkt\/katern-voor-bleu-blue-blau-melyna-liesbet-grupping\/\" \/>\n<meta property=\"og:site_name\" content=\"malenki.net\" \/>\n<meta property=\"article:publisher\" content=\"https:\/\/www.facebook.com\/malenki.editionen\/\" \/>\n<meta property=\"article:modified_time\" content=\"2025-10-20T18:17:47+00:00\" \/>\n<meta property=\"og:image\" content=\"https:\/\/malenki.net\/wp-content\/uploads\/2020\/02\/liesbet-grupping-katern-voor-bleu-01.jpg\" \/>\n\t<meta property=\"og:image:width\" content=\"1024\" \/>\n\t<meta property=\"og:image:height\" content=\"819\" \/>\n\t<meta property=\"og:image:type\" content=\"image\/jpeg\" \/>\n<meta name=\"twitter:card\" content=\"summary_large_image\" \/>\n<meta name=\"twitter:label1\" content=\"Gesch\u00e4tzte Lesezeit\" \/>\n\t<meta name=\"twitter:data1\" content=\"1\u00a0Minute\" \/>\n<script type=\"application\/ld+json\" class=\"yoast-schema-graph\">{\"@context\":\"https:\/\/schema.org\",\"@graph\":[{\"@type\":\"WebPage\",\"@id\":\"https:\/\/malenki.net\/de\/produkt\/katern-voor-bleu-blue-blau-melyna-liesbet-grupping\/\",\"url\":\"https:\/\/malenki.net\/de\/produkt\/katern-voor-bleu-blue-blau-melyna-liesbet-grupping\/\",\"name\":\"malenki.net | katern voor 'bleu, blue, blau, melyna' | Liesbet Grupping\",\"isPartOf\":{\"@id\":\"https:\/\/malenki.net\/de\/#website\"},\"primaryImageOfPage\":{\"@id\":\"https:\/\/malenki.net\/de\/produkt\/katern-voor-bleu-blue-blau-melyna-liesbet-grupping\/#primaryimage\"},\"image\":{\"@id\":\"https:\/\/malenki.net\/de\/produkt\/katern-voor-bleu-blue-blau-melyna-liesbet-grupping\/#primaryimage\"},\"thumbnailUrl\":\"https:\/\/malenki.net\/wp-content\/uploads\/2020\/02\/liesbet-grupping-katern-voor-bleu-01.jpg\",\"datePublished\":\"2021-01-30T12:56:06+00:00\",\"dateModified\":\"2025-10-20T18:17:47+00:00\",\"description\":\"katern voor 'bleu, blue, blau, melyna' von Liesbet Grupping bei malenki.net\",\"breadcrumb\":{\"@id\":\"https:\/\/malenki.net\/de\/produkt\/katern-voor-bleu-blue-blau-melyna-liesbet-grupping\/#breadcrumb\"},\"inLanguage\":\"de\",\"potentialAction\":[{\"@type\":\"ReadAction\",\"target\":[\"https:\/\/malenki.net\/de\/produkt\/katern-voor-bleu-blue-blau-melyna-liesbet-grupping\/\"]}]},{\"@type\":\"ImageObject\",\"inLanguage\":\"de\",\"@id\":\"https:\/\/malenki.net\/de\/produkt\/katern-voor-bleu-blue-blau-melyna-liesbet-grupping\/#primaryimage\",\"url\":\"https:\/\/malenki.net\/wp-content\/uploads\/2020\/02\/liesbet-grupping-katern-voor-bleu-01.jpg\",\"contentUrl\":\"https:\/\/malenki.net\/wp-content\/uploads\/2020\/02\/liesbet-grupping-katern-voor-bleu-01.jpg\",\"width\":1024,\"height\":819,\"caption\":\"Katern voor 'bleu, blue. blau, melyna' \u2014 Liesbet Grupping\"},{\"@type\":\"BreadcrumbList\",\"@id\":\"https:\/\/malenki.net\/de\/produkt\/katern-voor-bleu-blue-blau-melyna-liesbet-grupping\/#breadcrumb\",\"itemListElement\":[{\"@type\":\"ListItem\",\"position\":1,\"name\":\"Home\",\"item\":\"https:\/\/malenki.net\/de\/\"},{\"@type\":\"ListItem\",\"position\":2,\"name\":\"Editionen\",\"item\":\"https:\/\/malenki.net\/de\/\"},{\"@type\":\"ListItem\",\"position\":3,\"name\":\"katern voor &#8218;bleu, blue, blau, melyna&#8216;\"}]},{\"@type\":\"WebSite\",\"@id\":\"https:\/\/malenki.net\/de\/#website\",\"url\":\"https:\/\/malenki.net\/de\/\",\"name\":\"malenki.net\",\"description\":\"Fotografie Editionen\",\"publisher\":{\"@id\":\"https:\/\/malenki.net\/de\/#organization\"},\"potentialAction\":[{\"@type\":\"SearchAction\",\"target\":{\"@type\":\"EntryPoint\",\"urlTemplate\":\"https:\/\/malenki.net\/de\/?s={search_term_string}\"},\"query-input\":{\"@type\":\"PropertyValueSpecification\",\"valueRequired\":true,\"valueName\":\"search_term_string\"}}],\"inLanguage\":\"de\"},{\"@type\":\"Organization\",\"@id\":\"https:\/\/malenki.net\/de\/#organization\",\"name\":\"malenki.net\",\"url\":\"https:\/\/malenki.net\/de\/\",\"logo\":{\"@type\":\"ImageObject\",\"inLanguage\":\"de\",\"@id\":\"https:\/\/malenki.net\/de\/#\/schema\/logo\/image\/\",\"url\":\"https:\/\/malenki.net\/wp-content\/uploads\/2023\/03\/malenki-logo-2019.gif\",\"contentUrl\":\"https:\/\/malenki.net\/wp-content\/uploads\/2023\/03\/malenki-logo-2019.gif\",\"width\":524,\"height\":138,\"caption\":\"malenki.net\"},\"image\":{\"@id\":\"https:\/\/malenki.net\/de\/#\/schema\/logo\/image\/\"},\"sameAs\":[\"https:\/\/www.facebook.com\/malenki.editionen\/\",\"https:\/\/www.instagram.com\/malenkinet\/\"]}]}<\/script>\n<!-- \/ Yoast SEO plugin. -->","yoast_head_json":{"title":"malenki.net | katern voor 'bleu, blue, blau, melyna' | Liesbet Grupping","description":"katern voor 'bleu, blue, blau, melyna' von Liesbet Grupping bei malenki.net","robots":{"index":"index","follow":"follow","max-snippet":"max-snippet:-1","max-image-preview":"max-image-preview:large","max-video-preview":"max-video-preview:-1"},"canonical":"https:\/\/malenki.net\/de\/produkt\/katern-voor-bleu-blue-blau-melyna-liesbet-grupping\/","og_locale":"de_DE","og_type":"article","og_title":"malenki.net | katern voor 'bleu, blue, blau, melyna' | Liesbet Grupping","og_description":"katern voor 'bleu, blue, blau, melyna' von Liesbet Grupping bei malenki.net","og_url":"https:\/\/malenki.net\/de\/produkt\/katern-voor-bleu-blue-blau-melyna-liesbet-grupping\/","og_site_name":"malenki.net","article_publisher":"https:\/\/www.facebook.com\/malenki.editionen\/","article_modified_time":"2025-10-20T18:17:47+00:00","og_image":[{"width":1024,"height":819,"url":"https:\/\/malenki.net\/wp-content\/uploads\/2020\/02\/liesbet-grupping-katern-voor-bleu-01.jpg","type":"image\/jpeg"}],"twitter_card":"summary_large_image","twitter_misc":{"Gesch\u00e4tzte Lesezeit":"1\u00a0Minute"},"schema":{"@context":"https:\/\/schema.org","@graph":[{"@type":"WebPage","@id":"https:\/\/malenki.net\/de\/produkt\/katern-voor-bleu-blue-blau-melyna-liesbet-grupping\/","url":"https:\/\/malenki.net\/de\/produkt\/katern-voor-bleu-blue-blau-melyna-liesbet-grupping\/","name":"malenki.net | katern voor 'bleu, blue, blau, melyna' | Liesbet Grupping","isPartOf":{"@id":"https:\/\/malenki.net\/de\/#website"},"primaryImageOfPage":{"@id":"https:\/\/malenki.net\/de\/produkt\/katern-voor-bleu-blue-blau-melyna-liesbet-grupping\/#primaryimage"},"image":{"@id":"https:\/\/malenki.net\/de\/produkt\/katern-voor-bleu-blue-blau-melyna-liesbet-grupping\/#primaryimage"},"thumbnailUrl":"https:\/\/malenki.net\/wp-content\/uploads\/2020\/02\/liesbet-grupping-katern-voor-bleu-01.jpg","datePublished":"2021-01-30T12:56:06+00:00","dateModified":"2025-10-20T18:17:47+00:00","description":"katern voor 'bleu, blue, blau, melyna' von Liesbet Grupping bei malenki.net","breadcrumb":{"@id":"https:\/\/malenki.net\/de\/produkt\/katern-voor-bleu-blue-blau-melyna-liesbet-grupping\/#breadcrumb"},"inLanguage":"de","potentialAction":[{"@type":"ReadAction","target":["https:\/\/malenki.net\/de\/produkt\/katern-voor-bleu-blue-blau-melyna-liesbet-grupping\/"]}]},{"@type":"ImageObject","inLanguage":"de","@id":"https:\/\/malenki.net\/de\/produkt\/katern-voor-bleu-blue-blau-melyna-liesbet-grupping\/#primaryimage","url":"https:\/\/malenki.net\/wp-content\/uploads\/2020\/02\/liesbet-grupping-katern-voor-bleu-01.jpg","contentUrl":"https:\/\/malenki.net\/wp-content\/uploads\/2020\/02\/liesbet-grupping-katern-voor-bleu-01.jpg","width":1024,"height":819,"caption":"Katern voor 'bleu, blue. blau, melyna' \u2014 Liesbet Grupping"},{"@type":"BreadcrumbList","@id":"https:\/\/malenki.net\/de\/produkt\/katern-voor-bleu-blue-blau-melyna-liesbet-grupping\/#breadcrumb","itemListElement":[{"@type":"ListItem","position":1,"name":"Home","item":"https:\/\/malenki.net\/de\/"},{"@type":"ListItem","position":2,"name":"Editionen","item":"https:\/\/malenki.net\/de\/"},{"@type":"ListItem","position":3,"name":"katern voor &#8218;bleu, blue, blau, melyna&#8216;"}]},{"@type":"WebSite","@id":"https:\/\/malenki.net\/de\/#website","url":"https:\/\/malenki.net\/de\/","name":"malenki.net","description":"Fotografie Editionen","publisher":{"@id":"https:\/\/malenki.net\/de\/#organization"},"potentialAction":[{"@type":"SearchAction","target":{"@type":"EntryPoint","urlTemplate":"https:\/\/malenki.net\/de\/?s={search_term_string}"},"query-input":{"@type":"PropertyValueSpecification","valueRequired":true,"valueName":"search_term_string"}}],"inLanguage":"de"},{"@type":"Organization","@id":"https:\/\/malenki.net\/de\/#organization","name":"malenki.net","url":"https:\/\/malenki.net\/de\/","logo":{"@type":"ImageObject","inLanguage":"de","@id":"https:\/\/malenki.net\/de\/#\/schema\/logo\/image\/","url":"https:\/\/malenki.net\/wp-content\/uploads\/2023\/03\/malenki-logo-2019.gif","contentUrl":"https:\/\/malenki.net\/wp-content\/uploads\/2023\/03\/malenki-logo-2019.gif","width":524,"height":138,"caption":"malenki.net"},"image":{"@id":"https:\/\/malenki.net\/de\/#\/schema\/logo\/image\/"},"sameAs":["https:\/\/www.facebook.com\/malenki.editionen\/","https:\/\/www.instagram.com\/malenkinet\/"]}]}},"wps_subtitle":"Liesbet Grupping","_links":{"self":[{"href":"https:\/\/malenki.net\/de\/wp-json\/wp\/v2\/product\/8752","targetHints":{"allow":["GET"]}}],"collection":[{"href":"https:\/\/malenki.net\/de\/wp-json\/wp\/v2\/product"}],"about":[{"href":"https:\/\/malenki.net\/de\/wp-json\/wp\/v2\/types\/product"}],"wp:featuredmedia":[{"embeddable":true,"href":"https:\/\/malenki.net\/de\/wp-json\/wp\/v2\/media\/7244"}],"wp:attachment":[{"href":"https:\/\/malenki.net\/de\/wp-json\/wp\/v2\/media?parent=8752"}],"wp:term":[{"taxonomy":"product_brand","embeddable":true,"href":"https:\/\/malenki.net\/de\/wp-json\/wp\/v2\/product_brand?post=8752"},{"taxonomy":"product_cat","embeddable":true,"href":"https:\/\/malenki.net\/de\/wp-json\/wp\/v2\/product_cat?post=8752"},{"taxonomy":"product_tag","embeddable":true,"href":"https:\/\/malenki.net\/de\/wp-json\/wp\/v2\/product_tag?post=8752"}],"curies":[{"name":"wp","href":"https:\/\/api.w.org\/{rel}","templated":true}]}}