{"id":7278,"date":"2020-03-25T21:41:28","date_gmt":"2020-03-25T20:41:28","guid":{"rendered":"https:\/\/malenki.net\/?post_type=product&#038;p=7278"},"modified":"2025-01-13T10:22:45","modified_gmt":"2025-01-13T09:22:45","slug":"youth-kathi-seemann-collectors-edition","status":"publish","type":"product","link":"https:\/\/malenki.net\/de\/produkt\/youth-kathi-seemann-collectors-edition\/","title":{"rendered":"YOUTH \u2013 Collectors Edition"},"content":{"rendered":"<p>YOUTH setzt sich fotografisch und sprachlich mit den Strukturen des l\u00e4ndlichen Zusammenlebens in Deutschland auseinander. Im Fokus steht dabei die Dorfjugend, die ihren Lebensmittelpunkt in der Region hat, aber auch mit der Entscheidung konfrontiert ist, das Landleben f\u00fcr ein st\u00e4dtisches zur\u00fcckzulassen. Gefragt wird nach Identifikation und Vernetzung, nach Team-Play und Gruppendynamik in den lokalen Cliquen, Burschenschaften und Vereinen. Welche Rolle spielen Jugendkultur und Mode, und welche Rolle spielen \u201eHeimat\u201c und Tradition in Zeiten eines wachsenden Rechtspopulismus und der Landverherrlichung? Den fotografischen Teil des Buches begleitet der Essay <em>Idealisierte Bilder des Landlebens: Zwischen Rechtsideologie und Alltagsromantik<\/em> von Yasmin El Sayed, sowie ein Essay und Interview mit Kathi Seemann zu ihrer\u00a0 fotografischen Arbeit.<\/p>\n","protected":false},"excerpt":{"rendered":"<p>Buch mit Print auf Canson Papier<\/p>\n","protected":false},"featured_media":9209,"template":"","meta":{"pgc_sgb_lightbox_settings":""},"product_brand":[],"product_cat":[3516],"product_tag":[5632,5602,5586,6189,3852,3854,3850,5104,3987,4704,2156,3851],"class_list":{"0":"post-7278","1":"product","2":"type-product","3":"status-publish","4":"has-post-thumbnail","6":"product_cat-kathi-seemann-de","7":"product_tag-abzug","8":"product_tag-dokumentation","9":"product_tag-gemeinschaft","10":"product_tag-hessen","11":"product_tag-jugend","12":"product_tag-jugendlicher","13":"product_tag-kathi-seemann-de","14":"product_tag-landlich","15":"product_tag-landschaft","16":"product_tag-portrait-de","17":"product_tag-sammlerausgabe","18":"product_tag-seemann-de","19":"entry","21":"first","22":"outofstock","23":"shipping-taxable","24":"purchasable","25":"product-type-simple"},"yoast_head":"<!-- This site is optimized with the Yoast SEO plugin v27.2 - https:\/\/yoast.com\/product\/yoast-seo-wordpress\/ -->\n<title>malenki.net | YOUTH \u2013 Collectors Edition | Kathi Seemann<\/title>\n<meta name=\"description\" content=\"&#039;Youth&#039; von Kathi Seemann bei malenki.net\" \/>\n<meta name=\"robots\" content=\"index, follow, max-snippet:-1, max-image-preview:large, max-video-preview:-1\" \/>\n<link rel=\"canonical\" href=\"https:\/\/malenki.net\/de\/produkt\/youth-kathi-seemann-collectors-edition\/\" \/>\n<meta property=\"og:locale\" content=\"de_DE\" \/>\n<meta property=\"og:type\" content=\"article\" \/>\n<meta property=\"og:title\" content=\"malenki.net | YOUTH \u2013 Collectors Edition | Kathi Seemann\" \/>\n<meta property=\"og:description\" content=\"&#039;Youth&#039; von Kathi Seemann bei malenki.net\" \/>\n<meta property=\"og:url\" content=\"https:\/\/malenki.net\/de\/produkt\/youth-kathi-seemann-collectors-edition\/\" \/>\n<meta property=\"og:site_name\" content=\"malenki.net\" \/>\n<meta property=\"article:publisher\" content=\"https:\/\/www.facebook.com\/malenki.editionen\/\" \/>\n<meta property=\"article:modified_time\" content=\"2025-01-13T09:22:45+00:00\" \/>\n<meta property=\"og:image\" content=\"https:\/\/malenki.net\/wp-content\/uploads\/2020\/03\/kathi-seemann-edition-youth-06.jpg\" \/>\n\t<meta property=\"og:image:width\" content=\"1024\" \/>\n\t<meta property=\"og:image:height\" content=\"819\" \/>\n\t<meta property=\"og:image:type\" content=\"image\/jpeg\" \/>\n<meta name=\"twitter:card\" content=\"summary_large_image\" \/>\n<meta name=\"twitter:label1\" content=\"Gesch\u00e4tzte Lesezeit\" \/>\n\t<meta name=\"twitter:data1\" content=\"1\u00a0Minute\" \/>\n<script type=\"application\/ld+json\" class=\"yoast-schema-graph\">{\"@context\":\"https:\/\/schema.org\",\"@graph\":[{\"@type\":\"WebPage\",\"@id\":\"https:\/\/malenki.net\/de\/produkt\/youth-kathi-seemann-collectors-edition\/\",\"url\":\"https:\/\/malenki.net\/de\/produkt\/youth-kathi-seemann-collectors-edition\/\",\"name\":\"malenki.net | YOUTH \u2013 Collectors Edition | Kathi Seemann\",\"isPartOf\":{\"@id\":\"https:\/\/malenki.net\/de\/#website\"},\"primaryImageOfPage\":{\"@id\":\"https:\/\/malenki.net\/de\/produkt\/youth-kathi-seemann-collectors-edition\/#primaryimage\"},\"image\":{\"@id\":\"https:\/\/malenki.net\/de\/produkt\/youth-kathi-seemann-collectors-edition\/#primaryimage\"},\"thumbnailUrl\":\"https:\/\/malenki.net\/wp-content\/uploads\/2020\/03\/kathi-seemann-edition-youth-06.jpg\",\"datePublished\":\"2020-03-25T20:41:28+00:00\",\"dateModified\":\"2025-01-13T09:22:45+00:00\",\"description\":\"'Youth' von Kathi Seemann bei malenki.net\",\"breadcrumb\":{\"@id\":\"https:\/\/malenki.net\/de\/produkt\/youth-kathi-seemann-collectors-edition\/#breadcrumb\"},\"inLanguage\":\"de\",\"potentialAction\":[{\"@type\":\"ReadAction\",\"target\":[\"https:\/\/malenki.net\/de\/produkt\/youth-kathi-seemann-collectors-edition\/\"]}]},{\"@type\":\"ImageObject\",\"inLanguage\":\"de\",\"@id\":\"https:\/\/malenki.net\/de\/produkt\/youth-kathi-seemann-collectors-edition\/#primaryimage\",\"url\":\"https:\/\/malenki.net\/wp-content\/uploads\/2020\/03\/kathi-seemann-edition-youth-06.jpg\",\"contentUrl\":\"https:\/\/malenki.net\/wp-content\/uploads\/2020\/03\/kathi-seemann-edition-youth-06.jpg\",\"width\":1024,\"height\":819,\"caption\":\"Youth Collectors Edition \u2014 Kathi Seemann\"},{\"@type\":\"BreadcrumbList\",\"@id\":\"https:\/\/malenki.net\/de\/produkt\/youth-kathi-seemann-collectors-edition\/#breadcrumb\",\"itemListElement\":[{\"@type\":\"ListItem\",\"position\":1,\"name\":\"Home\",\"item\":\"https:\/\/malenki.net\/de\/\"},{\"@type\":\"ListItem\",\"position\":2,\"name\":\"Editionen\",\"item\":\"https:\/\/malenki.net\/de\/\"},{\"@type\":\"ListItem\",\"position\":3,\"name\":\"YOUTH \u2013 Collectors Edition\"}]},{\"@type\":\"WebSite\",\"@id\":\"https:\/\/malenki.net\/de\/#website\",\"url\":\"https:\/\/malenki.net\/de\/\",\"name\":\"malenki.net\",\"description\":\"Fotografie Editionen\",\"publisher\":{\"@id\":\"https:\/\/malenki.net\/de\/#organization\"},\"potentialAction\":[{\"@type\":\"SearchAction\",\"target\":{\"@type\":\"EntryPoint\",\"urlTemplate\":\"https:\/\/malenki.net\/de\/?s={search_term_string}\"},\"query-input\":{\"@type\":\"PropertyValueSpecification\",\"valueRequired\":true,\"valueName\":\"search_term_string\"}}],\"inLanguage\":\"de\"},{\"@type\":\"Organization\",\"@id\":\"https:\/\/malenki.net\/de\/#organization\",\"name\":\"malenki.net\",\"url\":\"https:\/\/malenki.net\/de\/\",\"logo\":{\"@type\":\"ImageObject\",\"inLanguage\":\"de\",\"@id\":\"https:\/\/malenki.net\/de\/#\/schema\/logo\/image\/\",\"url\":\"https:\/\/malenki.net\/wp-content\/uploads\/2023\/03\/malenki-logo-2019.gif\",\"contentUrl\":\"https:\/\/malenki.net\/wp-content\/uploads\/2023\/03\/malenki-logo-2019.gif\",\"width\":524,\"height\":138,\"caption\":\"malenki.net\"},\"image\":{\"@id\":\"https:\/\/malenki.net\/de\/#\/schema\/logo\/image\/\"},\"sameAs\":[\"https:\/\/www.facebook.com\/malenki.editionen\/\",\"https:\/\/www.instagram.com\/malenkinet\/\"]}]}<\/script>\n<!-- \/ Yoast SEO plugin. -->","yoast_head_json":{"title":"malenki.net | YOUTH \u2013 Collectors Edition | Kathi Seemann","description":"'Youth' von Kathi Seemann bei malenki.net","robots":{"index":"index","follow":"follow","max-snippet":"max-snippet:-1","max-image-preview":"max-image-preview:large","max-video-preview":"max-video-preview:-1"},"canonical":"https:\/\/malenki.net\/de\/produkt\/youth-kathi-seemann-collectors-edition\/","og_locale":"de_DE","og_type":"article","og_title":"malenki.net | YOUTH \u2013 Collectors Edition | Kathi Seemann","og_description":"'Youth' von Kathi Seemann bei malenki.net","og_url":"https:\/\/malenki.net\/de\/produkt\/youth-kathi-seemann-collectors-edition\/","og_site_name":"malenki.net","article_publisher":"https:\/\/www.facebook.com\/malenki.editionen\/","article_modified_time":"2025-01-13T09:22:45+00:00","og_image":[{"width":1024,"height":819,"url":"https:\/\/malenki.net\/wp-content\/uploads\/2020\/03\/kathi-seemann-edition-youth-06.jpg","type":"image\/jpeg"}],"twitter_card":"summary_large_image","twitter_misc":{"Gesch\u00e4tzte Lesezeit":"1\u00a0Minute"},"schema":{"@context":"https:\/\/schema.org","@graph":[{"@type":"WebPage","@id":"https:\/\/malenki.net\/de\/produkt\/youth-kathi-seemann-collectors-edition\/","url":"https:\/\/malenki.net\/de\/produkt\/youth-kathi-seemann-collectors-edition\/","name":"malenki.net | YOUTH \u2013 Collectors Edition | Kathi Seemann","isPartOf":{"@id":"https:\/\/malenki.net\/de\/#website"},"primaryImageOfPage":{"@id":"https:\/\/malenki.net\/de\/produkt\/youth-kathi-seemann-collectors-edition\/#primaryimage"},"image":{"@id":"https:\/\/malenki.net\/de\/produkt\/youth-kathi-seemann-collectors-edition\/#primaryimage"},"thumbnailUrl":"https:\/\/malenki.net\/wp-content\/uploads\/2020\/03\/kathi-seemann-edition-youth-06.jpg","datePublished":"2020-03-25T20:41:28+00:00","dateModified":"2025-01-13T09:22:45+00:00","description":"'Youth' von Kathi Seemann bei malenki.net","breadcrumb":{"@id":"https:\/\/malenki.net\/de\/produkt\/youth-kathi-seemann-collectors-edition\/#breadcrumb"},"inLanguage":"de","potentialAction":[{"@type":"ReadAction","target":["https:\/\/malenki.net\/de\/produkt\/youth-kathi-seemann-collectors-edition\/"]}]},{"@type":"ImageObject","inLanguage":"de","@id":"https:\/\/malenki.net\/de\/produkt\/youth-kathi-seemann-collectors-edition\/#primaryimage","url":"https:\/\/malenki.net\/wp-content\/uploads\/2020\/03\/kathi-seemann-edition-youth-06.jpg","contentUrl":"https:\/\/malenki.net\/wp-content\/uploads\/2020\/03\/kathi-seemann-edition-youth-06.jpg","width":1024,"height":819,"caption":"Youth Collectors Edition \u2014 Kathi Seemann"},{"@type":"BreadcrumbList","@id":"https:\/\/malenki.net\/de\/produkt\/youth-kathi-seemann-collectors-edition\/#breadcrumb","itemListElement":[{"@type":"ListItem","position":1,"name":"Home","item":"https:\/\/malenki.net\/de\/"},{"@type":"ListItem","position":2,"name":"Editionen","item":"https:\/\/malenki.net\/de\/"},{"@type":"ListItem","position":3,"name":"YOUTH \u2013 Collectors Edition"}]},{"@type":"WebSite","@id":"https:\/\/malenki.net\/de\/#website","url":"https:\/\/malenki.net\/de\/","name":"malenki.net","description":"Fotografie Editionen","publisher":{"@id":"https:\/\/malenki.net\/de\/#organization"},"potentialAction":[{"@type":"SearchAction","target":{"@type":"EntryPoint","urlTemplate":"https:\/\/malenki.net\/de\/?s={search_term_string}"},"query-input":{"@type":"PropertyValueSpecification","valueRequired":true,"valueName":"search_term_string"}}],"inLanguage":"de"},{"@type":"Organization","@id":"https:\/\/malenki.net\/de\/#organization","name":"malenki.net","url":"https:\/\/malenki.net\/de\/","logo":{"@type":"ImageObject","inLanguage":"de","@id":"https:\/\/malenki.net\/de\/#\/schema\/logo\/image\/","url":"https:\/\/malenki.net\/wp-content\/uploads\/2023\/03\/malenki-logo-2019.gif","contentUrl":"https:\/\/malenki.net\/wp-content\/uploads\/2023\/03\/malenki-logo-2019.gif","width":524,"height":138,"caption":"malenki.net"},"image":{"@id":"https:\/\/malenki.net\/de\/#\/schema\/logo\/image\/"},"sameAs":["https:\/\/www.facebook.com\/malenki.editionen\/","https:\/\/www.instagram.com\/malenkinet\/"]}]}},"wps_subtitle":"Kathi Seemann","_links":{"self":[{"href":"https:\/\/malenki.net\/de\/wp-json\/wp\/v2\/product\/7278","targetHints":{"allow":["GET"]}}],"collection":[{"href":"https:\/\/malenki.net\/de\/wp-json\/wp\/v2\/product"}],"about":[{"href":"https:\/\/malenki.net\/de\/wp-json\/wp\/v2\/types\/product"}],"wp:featuredmedia":[{"embeddable":true,"href":"https:\/\/malenki.net\/de\/wp-json\/wp\/v2\/media\/9209"}],"wp:attachment":[{"href":"https:\/\/malenki.net\/de\/wp-json\/wp\/v2\/media?parent=7278"}],"wp:term":[{"taxonomy":"product_brand","embeddable":true,"href":"https:\/\/malenki.net\/de\/wp-json\/wp\/v2\/product_brand?post=7278"},{"taxonomy":"product_cat","embeddable":true,"href":"https:\/\/malenki.net\/de\/wp-json\/wp\/v2\/product_cat?post=7278"},{"taxonomy":"product_tag","embeddable":true,"href":"https:\/\/malenki.net\/de\/wp-json\/wp\/v2\/product_tag?post=7278"}],"curies":[{"name":"wp","href":"https:\/\/api.w.org\/{rel}","templated":true}]}}