{"id":7242,"date":"2020-03-31T18:38:30","date_gmt":"2020-03-31T16:38:30","guid":{"rendered":"https:\/\/malenki.net\/product\/heidemarie-von-wedel-cut-1\/"},"modified":"2025-01-13T10:22:24","modified_gmt":"2025-01-13T09:22:24","slug":"cut-1-heidemarie-von-wedel","status":"publish","type":"product","link":"https:\/\/malenki.net\/de\/produkt\/cut-1-heidemarie-von-wedel\/","title":{"rendered":"CUT #1"},"content":{"rendered":"<p><em>Cut#1<\/em> erweitert die das Verfahren der Bildmontage durch die Verwendung von d\u00fcnnem Papier um eine zus\u00e4tzliche Ebene: Jedes montierte bzw. gedruckte Bild hinterl\u00e4sst seine Spur als durchscheinender Schatten auf der folgenden Seite. Jede Seitenansicht ist Teil einer weiteren Ansicht, jede Bildmontage Teil einer weiteren Bildkonstellation, die sich aus Fragmenten zusammensetzt und Leerfl\u00e4chen mit einbezieht. Sehen und nicht mehr Sehen, Erkennen und nicht mehr Erkennen erzeugen ein offenes Feld der Wahrnehmung.<\/p>\n","protected":false},"excerpt":{"rendered":"<p>Cut#1 erweitert die das Verfahren der Bildmontage durch die Verwendung von d\u00fcnnem Papier um eine zus\u00e4tzliche Ebene: Jedes montierte bzw. gedruckte Bild hinterl\u00e4sst seine Spur als durchscheinender Schatten auf der folgenden Seite. Jede Seitenansicht ist Teil einer weiteren Ansicht, jede Bildmontage Teil einer weiteren Bildkonstellation, die sich aus Fragmenten zusammensetzt und Leerfl\u00e4chen mit einbezieht. Sehen&hellip; <a class=\"more-link\" href=\"https:\/\/malenki.net\/de\/produkt\/cut-1-heidemarie-von-wedel\/\"><span class=\"screen-reader-text\">CUT #1<\/span> weiterlesen<\/a><\/p>\n","protected":false},"featured_media":7255,"template":"","meta":{"pgc_sgb_lightbox_settings":""},"product_brand":[],"product_cat":[3018],"product_tag":[4232,3952,3021,3960,3944,3964,3951,3961,3050,3994],"class_list":{"0":"post-7242","1":"product","2":"type-product","3":"status-publish","4":"has-post-thumbnail","6":"product_cat-heidemarie-von-wedel-de","7":"product_tag-abstraktion","8":"product_tag-cut1-de","9":"product_tag-heidemarie-von-wedel-de","10":"product_tag-montage-de","11":"product_tag-schnitt","12":"product_tag-und-eins-de","13":"product_tag-von-wedel-de","14":"product_tag-wahrnehmung","15":"product_tag-wedel-de","16":"product_tag-zine-de","17":"entry","19":"first","20":"instock","21":"shipping-taxable","22":"purchasable","23":"product-type-simple"},"yoast_head":"<!-- This site is optimized with the Yoast SEO plugin v27.2 - https:\/\/yoast.com\/product\/yoast-seo-wordpress\/ -->\n<title>malenki.net | CUT #1 | Heidemarie von Wedel<\/title>\n<meta name=\"description\" content=\"&#039;CUT #1&#039; von Heidemarie von Wedel bei malenki.net\" \/>\n<meta name=\"robots\" content=\"index, follow, max-snippet:-1, max-image-preview:large, max-video-preview:-1\" \/>\n<link rel=\"canonical\" href=\"https:\/\/malenki.net\/de\/produkt\/cut-1-heidemarie-von-wedel\/\" \/>\n<meta property=\"og:locale\" content=\"de_DE\" \/>\n<meta property=\"og:type\" content=\"article\" \/>\n<meta property=\"og:title\" content=\"malenki.net | CUT #1 | Heidemarie von Wedel\" \/>\n<meta property=\"og:description\" content=\"&#039;CUT #1&#039; von Heidemarie von Wedel bei malenki.net\" \/>\n<meta property=\"og:url\" content=\"https:\/\/malenki.net\/de\/produkt\/cut-1-heidemarie-von-wedel\/\" \/>\n<meta property=\"og:site_name\" content=\"malenki.net\" \/>\n<meta property=\"article:publisher\" content=\"https:\/\/www.facebook.com\/malenki.editionen\/\" \/>\n<meta property=\"article:modified_time\" content=\"2025-01-13T09:22:24+00:00\" \/>\n<meta property=\"og:image\" content=\"https:\/\/malenki.net\/wp-content\/uploads\/2016\/07\/heidemarie-von-wedel-cut1-01.jpg\" \/>\n\t<meta property=\"og:image:width\" content=\"1024\" \/>\n\t<meta property=\"og:image:height\" content=\"819\" \/>\n\t<meta property=\"og:image:type\" content=\"image\/jpeg\" \/>\n<meta name=\"twitter:card\" content=\"summary_large_image\" \/>\n<script type=\"application\/ld+json\" class=\"yoast-schema-graph\">{\"@context\":\"https:\/\/schema.org\",\"@graph\":[{\"@type\":\"WebPage\",\"@id\":\"https:\/\/malenki.net\/de\/produkt\/cut-1-heidemarie-von-wedel\/\",\"url\":\"https:\/\/malenki.net\/de\/produkt\/cut-1-heidemarie-von-wedel\/\",\"name\":\"malenki.net | CUT #1 | Heidemarie von Wedel\",\"isPartOf\":{\"@id\":\"https:\/\/malenki.net\/de\/#website\"},\"primaryImageOfPage\":{\"@id\":\"https:\/\/malenki.net\/de\/produkt\/cut-1-heidemarie-von-wedel\/#primaryimage\"},\"image\":{\"@id\":\"https:\/\/malenki.net\/de\/produkt\/cut-1-heidemarie-von-wedel\/#primaryimage\"},\"thumbnailUrl\":\"https:\/\/malenki.net\/wp-content\/uploads\/2016\/07\/heidemarie-von-wedel-cut1-01.jpg\",\"datePublished\":\"2020-03-31T16:38:30+00:00\",\"dateModified\":\"2025-01-13T09:22:24+00:00\",\"description\":\"'CUT #1' von Heidemarie von Wedel bei malenki.net\",\"breadcrumb\":{\"@id\":\"https:\/\/malenki.net\/de\/produkt\/cut-1-heidemarie-von-wedel\/#breadcrumb\"},\"inLanguage\":\"de\",\"potentialAction\":[{\"@type\":\"ReadAction\",\"target\":[\"https:\/\/malenki.net\/de\/produkt\/cut-1-heidemarie-von-wedel\/\"]}]},{\"@type\":\"ImageObject\",\"inLanguage\":\"de\",\"@id\":\"https:\/\/malenki.net\/de\/produkt\/cut-1-heidemarie-von-wedel\/#primaryimage\",\"url\":\"https:\/\/malenki.net\/wp-content\/uploads\/2016\/07\/heidemarie-von-wedel-cut1-01.jpg\",\"contentUrl\":\"https:\/\/malenki.net\/wp-content\/uploads\/2016\/07\/heidemarie-von-wedel-cut1-01.jpg\",\"width\":1024,\"height\":819,\"caption\":\"CUT #1 \u2014 Heidemarie von Wedel\"},{\"@type\":\"BreadcrumbList\",\"@id\":\"https:\/\/malenki.net\/de\/produkt\/cut-1-heidemarie-von-wedel\/#breadcrumb\",\"itemListElement\":[{\"@type\":\"ListItem\",\"position\":1,\"name\":\"Home\",\"item\":\"https:\/\/malenki.net\/de\/\"},{\"@type\":\"ListItem\",\"position\":2,\"name\":\"Editionen\",\"item\":\"https:\/\/malenki.net\/de\/\"},{\"@type\":\"ListItem\",\"position\":3,\"name\":\"CUT #1\"}]},{\"@type\":\"WebSite\",\"@id\":\"https:\/\/malenki.net\/de\/#website\",\"url\":\"https:\/\/malenki.net\/de\/\",\"name\":\"malenki.net\",\"description\":\"Fotografie Editionen\",\"publisher\":{\"@id\":\"https:\/\/malenki.net\/de\/#organization\"},\"potentialAction\":[{\"@type\":\"SearchAction\",\"target\":{\"@type\":\"EntryPoint\",\"urlTemplate\":\"https:\/\/malenki.net\/de\/?s={search_term_string}\"},\"query-input\":{\"@type\":\"PropertyValueSpecification\",\"valueRequired\":true,\"valueName\":\"search_term_string\"}}],\"inLanguage\":\"de\"},{\"@type\":\"Organization\",\"@id\":\"https:\/\/malenki.net\/de\/#organization\",\"name\":\"malenki.net\",\"url\":\"https:\/\/malenki.net\/de\/\",\"logo\":{\"@type\":\"ImageObject\",\"inLanguage\":\"de\",\"@id\":\"https:\/\/malenki.net\/de\/#\/schema\/logo\/image\/\",\"url\":\"https:\/\/malenki.net\/wp-content\/uploads\/2023\/03\/malenki-logo-2019.gif\",\"contentUrl\":\"https:\/\/malenki.net\/wp-content\/uploads\/2023\/03\/malenki-logo-2019.gif\",\"width\":524,\"height\":138,\"caption\":\"malenki.net\"},\"image\":{\"@id\":\"https:\/\/malenki.net\/de\/#\/schema\/logo\/image\/\"},\"sameAs\":[\"https:\/\/www.facebook.com\/malenki.editionen\/\",\"https:\/\/www.instagram.com\/malenkinet\/\"]}]}<\/script>\n<!-- \/ Yoast SEO plugin. -->","yoast_head_json":{"title":"malenki.net | CUT #1 | Heidemarie von Wedel","description":"'CUT #1' von Heidemarie von Wedel bei malenki.net","robots":{"index":"index","follow":"follow","max-snippet":"max-snippet:-1","max-image-preview":"max-image-preview:large","max-video-preview":"max-video-preview:-1"},"canonical":"https:\/\/malenki.net\/de\/produkt\/cut-1-heidemarie-von-wedel\/","og_locale":"de_DE","og_type":"article","og_title":"malenki.net | CUT #1 | Heidemarie von Wedel","og_description":"'CUT #1' von Heidemarie von Wedel bei malenki.net","og_url":"https:\/\/malenki.net\/de\/produkt\/cut-1-heidemarie-von-wedel\/","og_site_name":"malenki.net","article_publisher":"https:\/\/www.facebook.com\/malenki.editionen\/","article_modified_time":"2025-01-13T09:22:24+00:00","og_image":[{"width":1024,"height":819,"url":"https:\/\/malenki.net\/wp-content\/uploads\/2016\/07\/heidemarie-von-wedel-cut1-01.jpg","type":"image\/jpeg"}],"twitter_card":"summary_large_image","schema":{"@context":"https:\/\/schema.org","@graph":[{"@type":"WebPage","@id":"https:\/\/malenki.net\/de\/produkt\/cut-1-heidemarie-von-wedel\/","url":"https:\/\/malenki.net\/de\/produkt\/cut-1-heidemarie-von-wedel\/","name":"malenki.net | CUT #1 | Heidemarie von Wedel","isPartOf":{"@id":"https:\/\/malenki.net\/de\/#website"},"primaryImageOfPage":{"@id":"https:\/\/malenki.net\/de\/produkt\/cut-1-heidemarie-von-wedel\/#primaryimage"},"image":{"@id":"https:\/\/malenki.net\/de\/produkt\/cut-1-heidemarie-von-wedel\/#primaryimage"},"thumbnailUrl":"https:\/\/malenki.net\/wp-content\/uploads\/2016\/07\/heidemarie-von-wedel-cut1-01.jpg","datePublished":"2020-03-31T16:38:30+00:00","dateModified":"2025-01-13T09:22:24+00:00","description":"'CUT #1' von Heidemarie von Wedel bei malenki.net","breadcrumb":{"@id":"https:\/\/malenki.net\/de\/produkt\/cut-1-heidemarie-von-wedel\/#breadcrumb"},"inLanguage":"de","potentialAction":[{"@type":"ReadAction","target":["https:\/\/malenki.net\/de\/produkt\/cut-1-heidemarie-von-wedel\/"]}]},{"@type":"ImageObject","inLanguage":"de","@id":"https:\/\/malenki.net\/de\/produkt\/cut-1-heidemarie-von-wedel\/#primaryimage","url":"https:\/\/malenki.net\/wp-content\/uploads\/2016\/07\/heidemarie-von-wedel-cut1-01.jpg","contentUrl":"https:\/\/malenki.net\/wp-content\/uploads\/2016\/07\/heidemarie-von-wedel-cut1-01.jpg","width":1024,"height":819,"caption":"CUT #1 \u2014 Heidemarie von Wedel"},{"@type":"BreadcrumbList","@id":"https:\/\/malenki.net\/de\/produkt\/cut-1-heidemarie-von-wedel\/#breadcrumb","itemListElement":[{"@type":"ListItem","position":1,"name":"Home","item":"https:\/\/malenki.net\/de\/"},{"@type":"ListItem","position":2,"name":"Editionen","item":"https:\/\/malenki.net\/de\/"},{"@type":"ListItem","position":3,"name":"CUT #1"}]},{"@type":"WebSite","@id":"https:\/\/malenki.net\/de\/#website","url":"https:\/\/malenki.net\/de\/","name":"malenki.net","description":"Fotografie Editionen","publisher":{"@id":"https:\/\/malenki.net\/de\/#organization"},"potentialAction":[{"@type":"SearchAction","target":{"@type":"EntryPoint","urlTemplate":"https:\/\/malenki.net\/de\/?s={search_term_string}"},"query-input":{"@type":"PropertyValueSpecification","valueRequired":true,"valueName":"search_term_string"}}],"inLanguage":"de"},{"@type":"Organization","@id":"https:\/\/malenki.net\/de\/#organization","name":"malenki.net","url":"https:\/\/malenki.net\/de\/","logo":{"@type":"ImageObject","inLanguage":"de","@id":"https:\/\/malenki.net\/de\/#\/schema\/logo\/image\/","url":"https:\/\/malenki.net\/wp-content\/uploads\/2023\/03\/malenki-logo-2019.gif","contentUrl":"https:\/\/malenki.net\/wp-content\/uploads\/2023\/03\/malenki-logo-2019.gif","width":524,"height":138,"caption":"malenki.net"},"image":{"@id":"https:\/\/malenki.net\/de\/#\/schema\/logo\/image\/"},"sameAs":["https:\/\/www.facebook.com\/malenki.editionen\/","https:\/\/www.instagram.com\/malenkinet\/"]}]}},"wps_subtitle":"Heidemarie von Wedel","_links":{"self":[{"href":"https:\/\/malenki.net\/de\/wp-json\/wp\/v2\/product\/7242","targetHints":{"allow":["GET"]}}],"collection":[{"href":"https:\/\/malenki.net\/de\/wp-json\/wp\/v2\/product"}],"about":[{"href":"https:\/\/malenki.net\/de\/wp-json\/wp\/v2\/types\/product"}],"wp:featuredmedia":[{"embeddable":true,"href":"https:\/\/malenki.net\/de\/wp-json\/wp\/v2\/media\/7255"}],"wp:attachment":[{"href":"https:\/\/malenki.net\/de\/wp-json\/wp\/v2\/media?parent=7242"}],"wp:term":[{"taxonomy":"product_brand","embeddable":true,"href":"https:\/\/malenki.net\/de\/wp-json\/wp\/v2\/product_brand?post=7242"},{"taxonomy":"product_cat","embeddable":true,"href":"https:\/\/malenki.net\/de\/wp-json\/wp\/v2\/product_cat?post=7242"},{"taxonomy":"product_tag","embeddable":true,"href":"https:\/\/malenki.net\/de\/wp-json\/wp\/v2\/product_tag?post=7242"}],"curies":[{"name":"wp","href":"https:\/\/api.w.org\/{rel}","templated":true}]}}