{"id":7240,"date":"2020-03-27T14:20:08","date_gmt":"2020-03-27T13:20:08","guid":{"rendered":"https:\/\/malenki.net\/product\/luise-schroder-die-vergessene-mobilisierung\/"},"modified":"2024-02-04T19:05:29","modified_gmt":"2024-02-04T18:05:29","slug":"luise-schroeder-die-vergessene-mobilisierung","status":"publish","type":"product","link":"https:\/\/malenki.net\/de\/produkt\/luise-schroeder-die-vergessene-mobilisierung\/","title":{"rendered":"Die vergessene Mobilisierung"},"content":{"rendered":"<p><em>Die vergessene Mobilisierung<\/em> thematisiert das Verh\u00e4ltnis von Geschichtsschreibung, Gender und Stadtraum am konkreten Beispiel der Lutherstadt Wittenberg. Dabei besch\u00e4ftigt sich die K\u00fcnstlerin mit m\u00f6glichen alternativen Narrativen innerhalb der vorhandenen Geschichtsschreibung und dem darin angelegten utopischen Potential. Anhand eines fiktiven historischen Szenarios: <em>Dem Generalstreik der Frauen Wittenbergs am 4. Mai 1987<\/em> fragt Luise Schr\u00f6der nach dem, \u201ewas h\u00e4tte sein k\u00f6nnen\u201c. Die f\u00fcr den \u00f6ffentlichen Raum konzipierte Gedenktafel erinnert zum einen an dieses fiktive historische Ereignis und stellt gleichzeitig die Bedingungen von Geschichtsschreibung und historischen Narrativen zur Diskussion. Der eigens f\u00fcr die Tafel entwickelte Schriftentwurf <em>Friedlaender<\/em> von Reymund Schr\u00f6der ist dabei eine Hommage an die j\u00fcdische Schriftgestalterin Elisabeth Friedl\u00e4nder, die in den 1930iger Jahren in Deutschland wirkte. Das zweiseitige Plakat gibt Auskunft \u00fcber die Gr\u00fcnde und den Ablauf des Streiks. Als Installation wird <em>Die vergessene Mobilisierung <\/em>durch ein Video erg\u00e4nzt, das Vorschl\u00e4ge von Wittenberger_innen zu der Frage pr\u00e4sentiert, welche Frauen Wittenbergs auf m\u00f6glichen Gedenktafeln in der Stadt Erw\u00e4hnung finden sollten. Diese \u00f6ffentliche Umfrage wurde im Vorfeld der Arbeit durch die K\u00fcnstlerin vor Ort durchgef\u00fchrt.<\/p>\n","protected":false},"excerpt":{"rendered":"<p>Diese Arbeit entstand in Kooperation mit der Politikwissenschaftlerin Sabine Merkel, der Gestalterin Anika Rosen und dem Schriftgestalter Reymund Schr\u00f6der.<\/p>\n","protected":false},"featured_media":7231,"template":"","meta":{"pgc_sgb_lightbox_settings":""},"product_brand":[],"product_cat":[3273],"product_tag":[3935,3940,3929,3928,4802,3277,3924,3925,4865,5643,5559,3276,5612,5124,5575,3923],"class_list":{"0":"post-7240","1":"product","2":"type-product","3":"status-publish","4":"has-post-thumbnail","6":"product_cat-luise-schroeder-de","7":"product_tag-deutsche-demokratische-republik","8":"product_tag-die-vergessene-mobilisierung-de","9":"product_tag-fiktion","10":"product_tag-geschichte","11":"product_tag-hgb-de","12":"product_tag-luise-schroeder-de","13":"product_tag-lutherstadt-de","14":"product_tag-lutherstadt-wittenberg-de","15":"product_tag-offentlicher-raum","16":"product_tag-ostlich","17":"product_tag-poster-de","18":"product_tag-schroeder-de","19":"product_tag-sisterhood-de","20":"product_tag-sozialistisch","21":"product_tag-streik-de","22":"product_tag-wittenberg-de","23":"entry","25":"first","26":"outofstock","27":"shipping-taxable","28":"purchasable","29":"product-type-simple"},"yoast_head":"<!-- This site is optimized with the Yoast SEO plugin v27.2 - https:\/\/yoast.com\/product\/yoast-seo-wordpress\/ -->\n<title>malenki.net | Die vergessene Mobilisierung | Luise Schr\u00f6der<\/title>\n<meta name=\"description\" content=\"&#039;Die vergessene Mobilisierung&#039; von Luise Schr\u00f6der bei malenki.net\" \/>\n<meta name=\"robots\" content=\"index, follow, max-snippet:-1, max-image-preview:large, max-video-preview:-1\" \/>\n<link rel=\"canonical\" href=\"https:\/\/malenki.net\/de\/produkt\/luise-schroeder-die-vergessene-mobilisierung\/\" \/>\n<meta property=\"og:locale\" content=\"de_DE\" \/>\n<meta property=\"og:type\" content=\"article\" \/>\n<meta property=\"og:title\" content=\"malenki.net | Die vergessene Mobilisierung | Luise Schr\u00f6der\" \/>\n<meta property=\"og:description\" content=\"&#039;Die vergessene Mobilisierung&#039; von Luise Schr\u00f6der bei malenki.net\" \/>\n<meta property=\"og:url\" content=\"https:\/\/malenki.net\/de\/produkt\/luise-schroeder-die-vergessene-mobilisierung\/\" \/>\n<meta property=\"og:site_name\" content=\"malenki.net\" \/>\n<meta property=\"article:publisher\" content=\"https:\/\/www.facebook.com\/malenki.editionen\/\" \/>\n<meta property=\"article:modified_time\" content=\"2024-02-04T18:05:29+00:00\" \/>\n<meta property=\"og:image\" content=\"https:\/\/malenki.net\/wp-content\/uploads\/2017\/12\/luise-schroeder-die-vergessene-mobilisierung-01.jpg\" \/>\n\t<meta property=\"og:image:width\" content=\"1024\" \/>\n\t<meta property=\"og:image:height\" content=\"819\" \/>\n\t<meta property=\"og:image:type\" content=\"image\/jpeg\" \/>\n<meta name=\"twitter:card\" content=\"summary_large_image\" \/>\n<meta name=\"twitter:label1\" content=\"Gesch\u00e4tzte Lesezeit\" \/>\n\t<meta name=\"twitter:data1\" content=\"1\u00a0Minute\" \/>\n<script type=\"application\/ld+json\" class=\"yoast-schema-graph\">{\"@context\":\"https:\/\/schema.org\",\"@graph\":[{\"@type\":\"WebPage\",\"@id\":\"https:\/\/malenki.net\/de\/produkt\/luise-schroeder-die-vergessene-mobilisierung\/\",\"url\":\"https:\/\/malenki.net\/de\/produkt\/luise-schroeder-die-vergessene-mobilisierung\/\",\"name\":\"malenki.net | Die vergessene Mobilisierung | Luise Schr\u00f6der\",\"isPartOf\":{\"@id\":\"https:\/\/malenki.net\/de\/#website\"},\"primaryImageOfPage\":{\"@id\":\"https:\/\/malenki.net\/de\/produkt\/luise-schroeder-die-vergessene-mobilisierung\/#primaryimage\"},\"image\":{\"@id\":\"https:\/\/malenki.net\/de\/produkt\/luise-schroeder-die-vergessene-mobilisierung\/#primaryimage\"},\"thumbnailUrl\":\"https:\/\/malenki.net\/wp-content\/uploads\/2017\/12\/luise-schroeder-die-vergessene-mobilisierung-01.jpg\",\"datePublished\":\"2020-03-27T13:20:08+00:00\",\"dateModified\":\"2024-02-04T18:05:29+00:00\",\"description\":\"'Die vergessene Mobilisierung' von Luise Schr\u00f6der bei malenki.net\",\"breadcrumb\":{\"@id\":\"https:\/\/malenki.net\/de\/produkt\/luise-schroeder-die-vergessene-mobilisierung\/#breadcrumb\"},\"inLanguage\":\"de\",\"potentialAction\":[{\"@type\":\"ReadAction\",\"target\":[\"https:\/\/malenki.net\/de\/produkt\/luise-schroeder-die-vergessene-mobilisierung\/\"]}]},{\"@type\":\"ImageObject\",\"inLanguage\":\"de\",\"@id\":\"https:\/\/malenki.net\/de\/produkt\/luise-schroeder-die-vergessene-mobilisierung\/#primaryimage\",\"url\":\"https:\/\/malenki.net\/wp-content\/uploads\/2017\/12\/luise-schroeder-die-vergessene-mobilisierung-01.jpg\",\"contentUrl\":\"https:\/\/malenki.net\/wp-content\/uploads\/2017\/12\/luise-schroeder-die-vergessene-mobilisierung-01.jpg\",\"width\":1024,\"height\":819,\"caption\":\"Die vergessene Mobilisierung \u2014 Luise Schr\u00f6der\"},{\"@type\":\"BreadcrumbList\",\"@id\":\"https:\/\/malenki.net\/de\/produkt\/luise-schroeder-die-vergessene-mobilisierung\/#breadcrumb\",\"itemListElement\":[{\"@type\":\"ListItem\",\"position\":1,\"name\":\"Home\",\"item\":\"https:\/\/malenki.net\/de\/\"},{\"@type\":\"ListItem\",\"position\":2,\"name\":\"Editionen\",\"item\":\"https:\/\/malenki.net\/de\/\"},{\"@type\":\"ListItem\",\"position\":3,\"name\":\"Die vergessene Mobilisierung\"}]},{\"@type\":\"WebSite\",\"@id\":\"https:\/\/malenki.net\/de\/#website\",\"url\":\"https:\/\/malenki.net\/de\/\",\"name\":\"malenki.net\",\"description\":\"Fotografie Editionen\",\"publisher\":{\"@id\":\"https:\/\/malenki.net\/de\/#organization\"},\"potentialAction\":[{\"@type\":\"SearchAction\",\"target\":{\"@type\":\"EntryPoint\",\"urlTemplate\":\"https:\/\/malenki.net\/de\/?s={search_term_string}\"},\"query-input\":{\"@type\":\"PropertyValueSpecification\",\"valueRequired\":true,\"valueName\":\"search_term_string\"}}],\"inLanguage\":\"de\"},{\"@type\":\"Organization\",\"@id\":\"https:\/\/malenki.net\/de\/#organization\",\"name\":\"malenki.net\",\"url\":\"https:\/\/malenki.net\/de\/\",\"logo\":{\"@type\":\"ImageObject\",\"inLanguage\":\"de\",\"@id\":\"https:\/\/malenki.net\/de\/#\/schema\/logo\/image\/\",\"url\":\"https:\/\/malenki.net\/wp-content\/uploads\/2023\/03\/malenki-logo-2019.gif\",\"contentUrl\":\"https:\/\/malenki.net\/wp-content\/uploads\/2023\/03\/malenki-logo-2019.gif\",\"width\":524,\"height\":138,\"caption\":\"malenki.net\"},\"image\":{\"@id\":\"https:\/\/malenki.net\/de\/#\/schema\/logo\/image\/\"},\"sameAs\":[\"https:\/\/www.facebook.com\/malenki.editionen\/\",\"https:\/\/www.instagram.com\/malenkinet\/\"]}]}<\/script>\n<!-- \/ Yoast SEO plugin. -->","yoast_head_json":{"title":"malenki.net | Die vergessene Mobilisierung | Luise Schr\u00f6der","description":"'Die vergessene Mobilisierung' von Luise Schr\u00f6der bei malenki.net","robots":{"index":"index","follow":"follow","max-snippet":"max-snippet:-1","max-image-preview":"max-image-preview:large","max-video-preview":"max-video-preview:-1"},"canonical":"https:\/\/malenki.net\/de\/produkt\/luise-schroeder-die-vergessene-mobilisierung\/","og_locale":"de_DE","og_type":"article","og_title":"malenki.net | Die vergessene Mobilisierung | Luise Schr\u00f6der","og_description":"'Die vergessene Mobilisierung' von Luise Schr\u00f6der bei malenki.net","og_url":"https:\/\/malenki.net\/de\/produkt\/luise-schroeder-die-vergessene-mobilisierung\/","og_site_name":"malenki.net","article_publisher":"https:\/\/www.facebook.com\/malenki.editionen\/","article_modified_time":"2024-02-04T18:05:29+00:00","og_image":[{"width":1024,"height":819,"url":"https:\/\/malenki.net\/wp-content\/uploads\/2017\/12\/luise-schroeder-die-vergessene-mobilisierung-01.jpg","type":"image\/jpeg"}],"twitter_card":"summary_large_image","twitter_misc":{"Gesch\u00e4tzte Lesezeit":"1\u00a0Minute"},"schema":{"@context":"https:\/\/schema.org","@graph":[{"@type":"WebPage","@id":"https:\/\/malenki.net\/de\/produkt\/luise-schroeder-die-vergessene-mobilisierung\/","url":"https:\/\/malenki.net\/de\/produkt\/luise-schroeder-die-vergessene-mobilisierung\/","name":"malenki.net | Die vergessene Mobilisierung | Luise Schr\u00f6der","isPartOf":{"@id":"https:\/\/malenki.net\/de\/#website"},"primaryImageOfPage":{"@id":"https:\/\/malenki.net\/de\/produkt\/luise-schroeder-die-vergessene-mobilisierung\/#primaryimage"},"image":{"@id":"https:\/\/malenki.net\/de\/produkt\/luise-schroeder-die-vergessene-mobilisierung\/#primaryimage"},"thumbnailUrl":"https:\/\/malenki.net\/wp-content\/uploads\/2017\/12\/luise-schroeder-die-vergessene-mobilisierung-01.jpg","datePublished":"2020-03-27T13:20:08+00:00","dateModified":"2024-02-04T18:05:29+00:00","description":"'Die vergessene Mobilisierung' von Luise Schr\u00f6der bei malenki.net","breadcrumb":{"@id":"https:\/\/malenki.net\/de\/produkt\/luise-schroeder-die-vergessene-mobilisierung\/#breadcrumb"},"inLanguage":"de","potentialAction":[{"@type":"ReadAction","target":["https:\/\/malenki.net\/de\/produkt\/luise-schroeder-die-vergessene-mobilisierung\/"]}]},{"@type":"ImageObject","inLanguage":"de","@id":"https:\/\/malenki.net\/de\/produkt\/luise-schroeder-die-vergessene-mobilisierung\/#primaryimage","url":"https:\/\/malenki.net\/wp-content\/uploads\/2017\/12\/luise-schroeder-die-vergessene-mobilisierung-01.jpg","contentUrl":"https:\/\/malenki.net\/wp-content\/uploads\/2017\/12\/luise-schroeder-die-vergessene-mobilisierung-01.jpg","width":1024,"height":819,"caption":"Die vergessene Mobilisierung \u2014 Luise Schr\u00f6der"},{"@type":"BreadcrumbList","@id":"https:\/\/malenki.net\/de\/produkt\/luise-schroeder-die-vergessene-mobilisierung\/#breadcrumb","itemListElement":[{"@type":"ListItem","position":1,"name":"Home","item":"https:\/\/malenki.net\/de\/"},{"@type":"ListItem","position":2,"name":"Editionen","item":"https:\/\/malenki.net\/de\/"},{"@type":"ListItem","position":3,"name":"Die vergessene Mobilisierung"}]},{"@type":"WebSite","@id":"https:\/\/malenki.net\/de\/#website","url":"https:\/\/malenki.net\/de\/","name":"malenki.net","description":"Fotografie Editionen","publisher":{"@id":"https:\/\/malenki.net\/de\/#organization"},"potentialAction":[{"@type":"SearchAction","target":{"@type":"EntryPoint","urlTemplate":"https:\/\/malenki.net\/de\/?s={search_term_string}"},"query-input":{"@type":"PropertyValueSpecification","valueRequired":true,"valueName":"search_term_string"}}],"inLanguage":"de"},{"@type":"Organization","@id":"https:\/\/malenki.net\/de\/#organization","name":"malenki.net","url":"https:\/\/malenki.net\/de\/","logo":{"@type":"ImageObject","inLanguage":"de","@id":"https:\/\/malenki.net\/de\/#\/schema\/logo\/image\/","url":"https:\/\/malenki.net\/wp-content\/uploads\/2023\/03\/malenki-logo-2019.gif","contentUrl":"https:\/\/malenki.net\/wp-content\/uploads\/2023\/03\/malenki-logo-2019.gif","width":524,"height":138,"caption":"malenki.net"},"image":{"@id":"https:\/\/malenki.net\/de\/#\/schema\/logo\/image\/"},"sameAs":["https:\/\/www.facebook.com\/malenki.editionen\/","https:\/\/www.instagram.com\/malenkinet\/"]}]}},"wps_subtitle":"Luise Schr\u00f6der","_links":{"self":[{"href":"https:\/\/malenki.net\/de\/wp-json\/wp\/v2\/product\/7240","targetHints":{"allow":["GET"]}}],"collection":[{"href":"https:\/\/malenki.net\/de\/wp-json\/wp\/v2\/product"}],"about":[{"href":"https:\/\/malenki.net\/de\/wp-json\/wp\/v2\/types\/product"}],"wp:featuredmedia":[{"embeddable":true,"href":"https:\/\/malenki.net\/de\/wp-json\/wp\/v2\/media\/7231"}],"wp:attachment":[{"href":"https:\/\/malenki.net\/de\/wp-json\/wp\/v2\/media?parent=7240"}],"wp:term":[{"taxonomy":"product_brand","embeddable":true,"href":"https:\/\/malenki.net\/de\/wp-json\/wp\/v2\/product_brand?post=7240"},{"taxonomy":"product_cat","embeddable":true,"href":"https:\/\/malenki.net\/de\/wp-json\/wp\/v2\/product_cat?post=7240"},{"taxonomy":"product_tag","embeddable":true,"href":"https:\/\/malenki.net\/de\/wp-json\/wp\/v2\/product_tag?post=7240"}],"curies":[{"name":"wp","href":"https:\/\/api.w.org\/{rel}","templated":true}]}}