{"id":7227,"date":"2020-10-14T12:16:35","date_gmt":"2020-10-14T10:16:35","guid":{"rendered":"https:\/\/malenki.net\/product\/toyen-sentrum-line-bohmer-lokken\/"},"modified":"2025-01-13T10:22:00","modified_gmt":"2025-01-13T09:22:00","slug":"toyen-sentrum-line-bohmer-lokken","status":"publish","type":"product","link":"https:\/\/malenki.net\/de\/produkt\/toyen-sentrum-line-bohmer-lokken\/","title":{"rendered":"T\u00f8yen sentrum"},"content":{"rendered":"<p>Line B. L\u00f8kken \u00fcber <em>T\u00f8yen sentrum<\/em>:<br \/>\nRegelm\u00e4\u00dfig habe ich diese Festung aus rotem Backstein mit seinen hohen T\u00fcrmen aufgesucht, die \u00fcber den teilweise eingefassten Platz zu schweben scheinen. Und trotz seiner architektonischen Offenheit f\u00fchlt man sich eingesperrt. Ich w\u00fcrde nicht behaupten, dass wir Freunde geworden sind, dieser Ort und ich, aber man k\u00f6nnte sagen, dass wir Bekanntschaft geschlossen haben. Vertraute und unbekannte Gesichter erscheinen und wie andere Au\u00dfenr\u00e4umen f\u00fcllt und leert sich dieser Ort entsprechend der Temperatur.<\/p>\n<p>Ich kenne jeden Winkel und jede Ecke. Ich habe die Gegend mit meinem einseitigen Blick durchk\u00e4mmt. Nicht so sehr mit dem Wunsch etwas offen zu legen, eher mit dem Wunsch zu begreifen und zu verstehen, um ein Gef\u00fchl der Zugeh\u00f6rigkeitsgef\u00fchl zu versp\u00fcren. Trotzdem, schaffen wir es nicht ganz das gegenseitige Vertrauen zu gewinnen. Es ist, als ob der Ort seine Geheimnisse bewahren m\u00f6chte, als ob ich nicht nahe genug herankomme.<\/p>\n","protected":false},"excerpt":{"rendered":"<p>Line B. L\u00f8kken \u00fcber T\u00f8yen sentrum: Regelm\u00e4\u00dfig habe ich diese Festung aus rotem Backstein mit seinen hohen T\u00fcrmen aufgesucht, die \u00fcber den teilweise eingefassten Platz zu schweben scheinen. Und trotz seiner architektonischen Offenheit f\u00fchlt man sich eingesperrt. Ich w\u00fcrde nicht behaupten, dass wir Freunde geworden sind, dieser Ort und ich, aber man k\u00f6nnte sagen, dass&hellip; <a class=\"more-link\" href=\"https:\/\/malenki.net\/de\/produkt\/toyen-sentrum-line-bohmer-lokken\/\"><span class=\"screen-reader-text\">T\u00f8yen sentrum<\/span> weiterlesen<\/a><\/p>\n","protected":false},"featured_media":9121,"template":"","meta":{"pgc_sgb_lightbox_settings":""},"product_brand":[],"product_cat":[3880],"product_tag":[3982,5602,3881,4551,3989,5082,4704,3059,5081,3888,3882],"class_list":{"0":"post-7227","1":"product","2":"type-product","3":"status-publish","4":"has-post-thumbnail","6":"product_cat-line-bohmer-lokken-de","7":"product_tag-architektur","8":"product_tag-dokumentation","9":"product_tag-line-bohmer-lokken-de","10":"product_tag-line-lokken-de","11":"product_tag-modernismus","12":"product_tag-norwegen","13":"product_tag-portrait-de","14":"product_tag-schwarz-weiss","15":"product_tag-stadtlandschaft","16":"product_tag-toyen-de","17":"product_tag-toyen-zentrum","18":"entry","20":"first","21":"instock","22":"shipping-taxable","23":"purchasable","24":"product-type-simple"},"yoast_head":"<!-- This site is optimized with the Yoast SEO plugin v27.2 - https:\/\/yoast.com\/product\/yoast-seo-wordpress\/ -->\n<title>malenki.net | T\u00f8yen sentrum | Line B\u00f8hmer L\u00f8kken<\/title>\n<meta name=\"description\" content=\"&#039;T\u00f8yen sentrum&#039; von Line B\u00f8hmer L\u00f8kken bei malenki.net\" \/>\n<meta name=\"robots\" content=\"index, follow, max-snippet:-1, max-image-preview:large, max-video-preview:-1\" \/>\n<link rel=\"canonical\" href=\"https:\/\/malenki.net\/de\/produkt\/toyen-sentrum-line-bohmer-lokken\/\" \/>\n<meta property=\"og:locale\" content=\"de_DE\" \/>\n<meta property=\"og:type\" content=\"article\" \/>\n<meta property=\"og:title\" content=\"malenki.net | T\u00f8yen sentrum | Line B\u00f8hmer L\u00f8kken\" \/>\n<meta property=\"og:description\" content=\"&#039;T\u00f8yen sentrum&#039; von Line B\u00f8hmer L\u00f8kken bei malenki.net\" \/>\n<meta property=\"og:url\" content=\"https:\/\/malenki.net\/de\/produkt\/toyen-sentrum-line-bohmer-lokken\/\" \/>\n<meta property=\"og:site_name\" content=\"malenki.net\" \/>\n<meta property=\"article:publisher\" content=\"https:\/\/www.facebook.com\/malenki.editionen\/\" \/>\n<meta property=\"article:modified_time\" content=\"2025-01-13T09:22:00+00:00\" \/>\n<meta property=\"og:image\" content=\"https:\/\/malenki.net\/wp-content\/uploads\/2021\/01\/line-bohmer-lokken-toyen-sentrum-01.jpg\" \/>\n\t<meta property=\"og:image:width\" content=\"1200\" \/>\n\t<meta property=\"og:image:height\" content=\"960\" \/>\n\t<meta property=\"og:image:type\" content=\"image\/jpeg\" \/>\n<meta name=\"twitter:card\" content=\"summary_large_image\" \/>\n<meta name=\"twitter:label1\" content=\"Gesch\u00e4tzte Lesezeit\" \/>\n\t<meta name=\"twitter:data1\" content=\"1\u00a0Minute\" \/>\n<script type=\"application\/ld+json\" class=\"yoast-schema-graph\">{\"@context\":\"https:\/\/schema.org\",\"@graph\":[{\"@type\":\"WebPage\",\"@id\":\"https:\/\/malenki.net\/de\/produkt\/toyen-sentrum-line-bohmer-lokken\/\",\"url\":\"https:\/\/malenki.net\/de\/produkt\/toyen-sentrum-line-bohmer-lokken\/\",\"name\":\"malenki.net | T\u00f8yen sentrum | Line B\u00f8hmer L\u00f8kken\",\"isPartOf\":{\"@id\":\"https:\/\/malenki.net\/de\/#website\"},\"primaryImageOfPage\":{\"@id\":\"https:\/\/malenki.net\/de\/produkt\/toyen-sentrum-line-bohmer-lokken\/#primaryimage\"},\"image\":{\"@id\":\"https:\/\/malenki.net\/de\/produkt\/toyen-sentrum-line-bohmer-lokken\/#primaryimage\"},\"thumbnailUrl\":\"https:\/\/malenki.net\/wp-content\/uploads\/2021\/01\/line-bohmer-lokken-toyen-sentrum-01.jpg\",\"datePublished\":\"2020-10-14T10:16:35+00:00\",\"dateModified\":\"2025-01-13T09:22:00+00:00\",\"description\":\"'T\u00f8yen sentrum' von Line B\u00f8hmer L\u00f8kken bei malenki.net\",\"breadcrumb\":{\"@id\":\"https:\/\/malenki.net\/de\/produkt\/toyen-sentrum-line-bohmer-lokken\/#breadcrumb\"},\"inLanguage\":\"de\",\"potentialAction\":[{\"@type\":\"ReadAction\",\"target\":[\"https:\/\/malenki.net\/de\/produkt\/toyen-sentrum-line-bohmer-lokken\/\"]}]},{\"@type\":\"ImageObject\",\"inLanguage\":\"de\",\"@id\":\"https:\/\/malenki.net\/de\/produkt\/toyen-sentrum-line-bohmer-lokken\/#primaryimage\",\"url\":\"https:\/\/malenki.net\/wp-content\/uploads\/2021\/01\/line-bohmer-lokken-toyen-sentrum-01.jpg\",\"contentUrl\":\"https:\/\/malenki.net\/wp-content\/uploads\/2021\/01\/line-bohmer-lokken-toyen-sentrum-01.jpg\",\"width\":1200,\"height\":960,\"caption\":\"T\u00f8yen Sentrum \u2014 Line B\u00f8hmer L\u00f8kken\"},{\"@type\":\"BreadcrumbList\",\"@id\":\"https:\/\/malenki.net\/de\/produkt\/toyen-sentrum-line-bohmer-lokken\/#breadcrumb\",\"itemListElement\":[{\"@type\":\"ListItem\",\"position\":1,\"name\":\"Home\",\"item\":\"https:\/\/malenki.net\/de\/\"},{\"@type\":\"ListItem\",\"position\":2,\"name\":\"Editionen\",\"item\":\"https:\/\/malenki.net\/de\/\"},{\"@type\":\"ListItem\",\"position\":3,\"name\":\"T\u00f8yen sentrum\"}]},{\"@type\":\"WebSite\",\"@id\":\"https:\/\/malenki.net\/de\/#website\",\"url\":\"https:\/\/malenki.net\/de\/\",\"name\":\"malenki.net\",\"description\":\"Fotografie Editionen\",\"publisher\":{\"@id\":\"https:\/\/malenki.net\/de\/#organization\"},\"potentialAction\":[{\"@type\":\"SearchAction\",\"target\":{\"@type\":\"EntryPoint\",\"urlTemplate\":\"https:\/\/malenki.net\/de\/?s={search_term_string}\"},\"query-input\":{\"@type\":\"PropertyValueSpecification\",\"valueRequired\":true,\"valueName\":\"search_term_string\"}}],\"inLanguage\":\"de\"},{\"@type\":\"Organization\",\"@id\":\"https:\/\/malenki.net\/de\/#organization\",\"name\":\"malenki.net\",\"url\":\"https:\/\/malenki.net\/de\/\",\"logo\":{\"@type\":\"ImageObject\",\"inLanguage\":\"de\",\"@id\":\"https:\/\/malenki.net\/de\/#\/schema\/logo\/image\/\",\"url\":\"https:\/\/malenki.net\/wp-content\/uploads\/2023\/03\/malenki-logo-2019.gif\",\"contentUrl\":\"https:\/\/malenki.net\/wp-content\/uploads\/2023\/03\/malenki-logo-2019.gif\",\"width\":524,\"height\":138,\"caption\":\"malenki.net\"},\"image\":{\"@id\":\"https:\/\/malenki.net\/de\/#\/schema\/logo\/image\/\"},\"sameAs\":[\"https:\/\/www.facebook.com\/malenki.editionen\/\",\"https:\/\/www.instagram.com\/malenkinet\/\"]}]}<\/script>\n<!-- \/ Yoast SEO plugin. -->","yoast_head_json":{"title":"malenki.net | T\u00f8yen sentrum | Line B\u00f8hmer L\u00f8kken","description":"'T\u00f8yen sentrum' von Line B\u00f8hmer L\u00f8kken bei malenki.net","robots":{"index":"index","follow":"follow","max-snippet":"max-snippet:-1","max-image-preview":"max-image-preview:large","max-video-preview":"max-video-preview:-1"},"canonical":"https:\/\/malenki.net\/de\/produkt\/toyen-sentrum-line-bohmer-lokken\/","og_locale":"de_DE","og_type":"article","og_title":"malenki.net | T\u00f8yen sentrum | Line B\u00f8hmer L\u00f8kken","og_description":"'T\u00f8yen sentrum' von Line B\u00f8hmer L\u00f8kken bei malenki.net","og_url":"https:\/\/malenki.net\/de\/produkt\/toyen-sentrum-line-bohmer-lokken\/","og_site_name":"malenki.net","article_publisher":"https:\/\/www.facebook.com\/malenki.editionen\/","article_modified_time":"2025-01-13T09:22:00+00:00","og_image":[{"width":1200,"height":960,"url":"https:\/\/malenki.net\/wp-content\/uploads\/2021\/01\/line-bohmer-lokken-toyen-sentrum-01.jpg","type":"image\/jpeg"}],"twitter_card":"summary_large_image","twitter_misc":{"Gesch\u00e4tzte Lesezeit":"1\u00a0Minute"},"schema":{"@context":"https:\/\/schema.org","@graph":[{"@type":"WebPage","@id":"https:\/\/malenki.net\/de\/produkt\/toyen-sentrum-line-bohmer-lokken\/","url":"https:\/\/malenki.net\/de\/produkt\/toyen-sentrum-line-bohmer-lokken\/","name":"malenki.net | T\u00f8yen sentrum | Line B\u00f8hmer L\u00f8kken","isPartOf":{"@id":"https:\/\/malenki.net\/de\/#website"},"primaryImageOfPage":{"@id":"https:\/\/malenki.net\/de\/produkt\/toyen-sentrum-line-bohmer-lokken\/#primaryimage"},"image":{"@id":"https:\/\/malenki.net\/de\/produkt\/toyen-sentrum-line-bohmer-lokken\/#primaryimage"},"thumbnailUrl":"https:\/\/malenki.net\/wp-content\/uploads\/2021\/01\/line-bohmer-lokken-toyen-sentrum-01.jpg","datePublished":"2020-10-14T10:16:35+00:00","dateModified":"2025-01-13T09:22:00+00:00","description":"'T\u00f8yen sentrum' von Line B\u00f8hmer L\u00f8kken bei malenki.net","breadcrumb":{"@id":"https:\/\/malenki.net\/de\/produkt\/toyen-sentrum-line-bohmer-lokken\/#breadcrumb"},"inLanguage":"de","potentialAction":[{"@type":"ReadAction","target":["https:\/\/malenki.net\/de\/produkt\/toyen-sentrum-line-bohmer-lokken\/"]}]},{"@type":"ImageObject","inLanguage":"de","@id":"https:\/\/malenki.net\/de\/produkt\/toyen-sentrum-line-bohmer-lokken\/#primaryimage","url":"https:\/\/malenki.net\/wp-content\/uploads\/2021\/01\/line-bohmer-lokken-toyen-sentrum-01.jpg","contentUrl":"https:\/\/malenki.net\/wp-content\/uploads\/2021\/01\/line-bohmer-lokken-toyen-sentrum-01.jpg","width":1200,"height":960,"caption":"T\u00f8yen Sentrum \u2014 Line B\u00f8hmer L\u00f8kken"},{"@type":"BreadcrumbList","@id":"https:\/\/malenki.net\/de\/produkt\/toyen-sentrum-line-bohmer-lokken\/#breadcrumb","itemListElement":[{"@type":"ListItem","position":1,"name":"Home","item":"https:\/\/malenki.net\/de\/"},{"@type":"ListItem","position":2,"name":"Editionen","item":"https:\/\/malenki.net\/de\/"},{"@type":"ListItem","position":3,"name":"T\u00f8yen sentrum"}]},{"@type":"WebSite","@id":"https:\/\/malenki.net\/de\/#website","url":"https:\/\/malenki.net\/de\/","name":"malenki.net","description":"Fotografie Editionen","publisher":{"@id":"https:\/\/malenki.net\/de\/#organization"},"potentialAction":[{"@type":"SearchAction","target":{"@type":"EntryPoint","urlTemplate":"https:\/\/malenki.net\/de\/?s={search_term_string}"},"query-input":{"@type":"PropertyValueSpecification","valueRequired":true,"valueName":"search_term_string"}}],"inLanguage":"de"},{"@type":"Organization","@id":"https:\/\/malenki.net\/de\/#organization","name":"malenki.net","url":"https:\/\/malenki.net\/de\/","logo":{"@type":"ImageObject","inLanguage":"de","@id":"https:\/\/malenki.net\/de\/#\/schema\/logo\/image\/","url":"https:\/\/malenki.net\/wp-content\/uploads\/2023\/03\/malenki-logo-2019.gif","contentUrl":"https:\/\/malenki.net\/wp-content\/uploads\/2023\/03\/malenki-logo-2019.gif","width":524,"height":138,"caption":"malenki.net"},"image":{"@id":"https:\/\/malenki.net\/de\/#\/schema\/logo\/image\/"},"sameAs":["https:\/\/www.facebook.com\/malenki.editionen\/","https:\/\/www.instagram.com\/malenkinet\/"]}]}},"wps_subtitle":"Line B\u00f8hmer L\u00f8kken","_links":{"self":[{"href":"https:\/\/malenki.net\/de\/wp-json\/wp\/v2\/product\/7227","targetHints":{"allow":["GET"]}}],"collection":[{"href":"https:\/\/malenki.net\/de\/wp-json\/wp\/v2\/product"}],"about":[{"href":"https:\/\/malenki.net\/de\/wp-json\/wp\/v2\/types\/product"}],"wp:featuredmedia":[{"embeddable":true,"href":"https:\/\/malenki.net\/de\/wp-json\/wp\/v2\/media\/9121"}],"wp:attachment":[{"href":"https:\/\/malenki.net\/de\/wp-json\/wp\/v2\/media?parent=7227"}],"wp:term":[{"taxonomy":"product_brand","embeddable":true,"href":"https:\/\/malenki.net\/de\/wp-json\/wp\/v2\/product_brand?post=7227"},{"taxonomy":"product_cat","embeddable":true,"href":"https:\/\/malenki.net\/de\/wp-json\/wp\/v2\/product_cat?post=7227"},{"taxonomy":"product_tag","embeddable":true,"href":"https:\/\/malenki.net\/de\/wp-json\/wp\/v2\/product_tag?post=7227"}],"curies":[{"name":"wp","href":"https:\/\/api.w.org\/{rel}","templated":true}]}}