{"id":7214,"date":"2019-11-26T23:06:41","date_gmt":"2019-11-26T22:06:41","guid":{"rendered":"https:\/\/malenki.net\/product\/ce-quil-reste-benedicte-blondeau\/"},"modified":"2025-01-13T10:24:04","modified_gmt":"2025-01-13T09:24:04","slug":"ce-quil-reste-benedicte-blondeau","status":"publish","type":"product","link":"https:\/\/malenki.net\/de\/produkt\/ce-quil-reste-benedicte-blondeau\/","title":{"rendered":"Ce qu&#8217;il reste"},"content":{"rendered":"","protected":false},"excerpt":{"rendered":"","protected":false},"featured_media":7180,"template":"","meta":{"pgc_sgb_lightbox_settings":""},"product_brand":[],"product_cat":[3816],"product_tag":[3634,3819,3635,3817,3825,3823,3832,3831,3822,3818,5630,3821,3535,3830,3994],"class_list":{"0":"post-7214","1":"product","2":"type-product","3":"status-publish","4":"has-post-thumbnail","6":"product_cat-benedicte-blondeau-de","7":"product_tag-benedicte-blondeau-de","8":"product_tag-berg","9":"product_tag-blondeau-de","10":"product_tag-ce-quil-reste-de","11":"product_tag-dunkel","12":"product_tag-licht","13":"product_tag-lissabon-de","14":"product_tag-lissabon","15":"product_tag-meer","16":"product_tag-natur","17":"product_tag-poetisch","18":"product_tag-qualle","19":"product_tag-siebdruck","20":"product_tag-xyzbooks-de","21":"product_tag-zine-de","22":"entry","24":"first","25":"outofstock","26":"shipping-taxable","27":"purchasable","28":"product-type-simple"},"yoast_head":"<!-- This site is optimized with the Yoast SEO plugin v27.2 - https:\/\/yoast.com\/product\/yoast-seo-wordpress\/ -->\n<title>malenki.net | Ce qu&#039;il reste | B\u00e9n\u00e9dicte Blondeau<\/title>\n<meta name=\"description\" content=\"&#039;Ce qu&#039;il reste&#039; von B\u00e9n\u00e9dicte Blondeau bei malenki.net\" \/>\n<meta name=\"robots\" content=\"index, follow, max-snippet:-1, max-image-preview:large, max-video-preview:-1\" \/>\n<link rel=\"canonical\" href=\"https:\/\/malenki.net\/de\/produkt\/ce-quil-reste-benedicte-blondeau\/\" \/>\n<meta property=\"og:locale\" content=\"de_DE\" \/>\n<meta property=\"og:type\" content=\"article\" \/>\n<meta property=\"og:title\" content=\"malenki.net | Ce qu&#039;il reste | B\u00e9n\u00e9dicte Blondeau\" \/>\n<meta property=\"og:description\" content=\"&#039;Ce qu&#039;il reste&#039; von B\u00e9n\u00e9dicte Blondeau bei malenki.net\" \/>\n<meta property=\"og:url\" content=\"https:\/\/malenki.net\/de\/produkt\/ce-quil-reste-benedicte-blondeau\/\" \/>\n<meta property=\"og:site_name\" content=\"malenki.net\" \/>\n<meta property=\"article:publisher\" content=\"https:\/\/www.facebook.com\/malenki.editionen\/\" \/>\n<meta property=\"article:modified_time\" content=\"2025-01-13T09:24:04+00:00\" \/>\n<meta property=\"og:image\" content=\"https:\/\/malenki.net\/wp-content\/uploads\/2019\/11\/benedicte-blondeau-ce-qu-il-reste-01.jpg\" \/>\n\t<meta property=\"og:image:width\" content=\"1024\" \/>\n\t<meta property=\"og:image:height\" content=\"819\" \/>\n\t<meta property=\"og:image:type\" content=\"image\/jpeg\" \/>\n<meta name=\"twitter:card\" content=\"summary_large_image\" \/>\n<script type=\"application\/ld+json\" class=\"yoast-schema-graph\">{\"@context\":\"https:\/\/schema.org\",\"@graph\":[{\"@type\":\"WebPage\",\"@id\":\"https:\/\/malenki.net\/de\/produkt\/ce-quil-reste-benedicte-blondeau\/\",\"url\":\"https:\/\/malenki.net\/de\/produkt\/ce-quil-reste-benedicte-blondeau\/\",\"name\":\"malenki.net | Ce qu'il reste | B\u00e9n\u00e9dicte Blondeau\",\"isPartOf\":{\"@id\":\"https:\/\/malenki.net\/de\/#website\"},\"primaryImageOfPage\":{\"@id\":\"https:\/\/malenki.net\/de\/produkt\/ce-quil-reste-benedicte-blondeau\/#primaryimage\"},\"image\":{\"@id\":\"https:\/\/malenki.net\/de\/produkt\/ce-quil-reste-benedicte-blondeau\/#primaryimage\"},\"thumbnailUrl\":\"https:\/\/malenki.net\/wp-content\/uploads\/2019\/11\/benedicte-blondeau-ce-qu-il-reste-01.jpg\",\"datePublished\":\"2019-11-26T22:06:41+00:00\",\"dateModified\":\"2025-01-13T09:24:04+00:00\",\"description\":\"'Ce qu'il reste' von B\u00e9n\u00e9dicte Blondeau bei malenki.net\",\"breadcrumb\":{\"@id\":\"https:\/\/malenki.net\/de\/produkt\/ce-quil-reste-benedicte-blondeau\/#breadcrumb\"},\"inLanguage\":\"de\",\"potentialAction\":[{\"@type\":\"ReadAction\",\"target\":[\"https:\/\/malenki.net\/de\/produkt\/ce-quil-reste-benedicte-blondeau\/\"]}]},{\"@type\":\"ImageObject\",\"inLanguage\":\"de\",\"@id\":\"https:\/\/malenki.net\/de\/produkt\/ce-quil-reste-benedicte-blondeau\/#primaryimage\",\"url\":\"https:\/\/malenki.net\/wp-content\/uploads\/2019\/11\/benedicte-blondeau-ce-qu-il-reste-01.jpg\",\"contentUrl\":\"https:\/\/malenki.net\/wp-content\/uploads\/2019\/11\/benedicte-blondeau-ce-qu-il-reste-01.jpg\",\"width\":1024,\"height\":819,\"caption\":\"Ce qu'il reste \u2014 Benedicte Blondeau\"},{\"@type\":\"BreadcrumbList\",\"@id\":\"https:\/\/malenki.net\/de\/produkt\/ce-quil-reste-benedicte-blondeau\/#breadcrumb\",\"itemListElement\":[{\"@type\":\"ListItem\",\"position\":1,\"name\":\"Home\",\"item\":\"https:\/\/malenki.net\/de\/\"},{\"@type\":\"ListItem\",\"position\":2,\"name\":\"Editionen\",\"item\":\"https:\/\/malenki.net\/de\/\"},{\"@type\":\"ListItem\",\"position\":3,\"name\":\"Ce qu&#8217;il reste\"}]},{\"@type\":\"WebSite\",\"@id\":\"https:\/\/malenki.net\/de\/#website\",\"url\":\"https:\/\/malenki.net\/de\/\",\"name\":\"malenki.net\",\"description\":\"Fotografie Editionen\",\"publisher\":{\"@id\":\"https:\/\/malenki.net\/de\/#organization\"},\"potentialAction\":[{\"@type\":\"SearchAction\",\"target\":{\"@type\":\"EntryPoint\",\"urlTemplate\":\"https:\/\/malenki.net\/de\/?s={search_term_string}\"},\"query-input\":{\"@type\":\"PropertyValueSpecification\",\"valueRequired\":true,\"valueName\":\"search_term_string\"}}],\"inLanguage\":\"de\"},{\"@type\":\"Organization\",\"@id\":\"https:\/\/malenki.net\/de\/#organization\",\"name\":\"malenki.net\",\"url\":\"https:\/\/malenki.net\/de\/\",\"logo\":{\"@type\":\"ImageObject\",\"inLanguage\":\"de\",\"@id\":\"https:\/\/malenki.net\/de\/#\/schema\/logo\/image\/\",\"url\":\"https:\/\/malenki.net\/wp-content\/uploads\/2023\/03\/malenki-logo-2019.gif\",\"contentUrl\":\"https:\/\/malenki.net\/wp-content\/uploads\/2023\/03\/malenki-logo-2019.gif\",\"width\":524,\"height\":138,\"caption\":\"malenki.net\"},\"image\":{\"@id\":\"https:\/\/malenki.net\/de\/#\/schema\/logo\/image\/\"},\"sameAs\":[\"https:\/\/www.facebook.com\/malenki.editionen\/\",\"https:\/\/www.instagram.com\/malenkinet\/\"]}]}<\/script>\n<!-- \/ Yoast SEO plugin. -->","yoast_head_json":{"title":"malenki.net | Ce qu'il reste | B\u00e9n\u00e9dicte Blondeau","description":"'Ce qu'il reste' von B\u00e9n\u00e9dicte Blondeau bei malenki.net","robots":{"index":"index","follow":"follow","max-snippet":"max-snippet:-1","max-image-preview":"max-image-preview:large","max-video-preview":"max-video-preview:-1"},"canonical":"https:\/\/malenki.net\/de\/produkt\/ce-quil-reste-benedicte-blondeau\/","og_locale":"de_DE","og_type":"article","og_title":"malenki.net | Ce qu'il reste | B\u00e9n\u00e9dicte Blondeau","og_description":"'Ce qu'il reste' von B\u00e9n\u00e9dicte Blondeau bei malenki.net","og_url":"https:\/\/malenki.net\/de\/produkt\/ce-quil-reste-benedicte-blondeau\/","og_site_name":"malenki.net","article_publisher":"https:\/\/www.facebook.com\/malenki.editionen\/","article_modified_time":"2025-01-13T09:24:04+00:00","og_image":[{"width":1024,"height":819,"url":"https:\/\/malenki.net\/wp-content\/uploads\/2019\/11\/benedicte-blondeau-ce-qu-il-reste-01.jpg","type":"image\/jpeg"}],"twitter_card":"summary_large_image","schema":{"@context":"https:\/\/schema.org","@graph":[{"@type":"WebPage","@id":"https:\/\/malenki.net\/de\/produkt\/ce-quil-reste-benedicte-blondeau\/","url":"https:\/\/malenki.net\/de\/produkt\/ce-quil-reste-benedicte-blondeau\/","name":"malenki.net | Ce qu'il reste | B\u00e9n\u00e9dicte Blondeau","isPartOf":{"@id":"https:\/\/malenki.net\/de\/#website"},"primaryImageOfPage":{"@id":"https:\/\/malenki.net\/de\/produkt\/ce-quil-reste-benedicte-blondeau\/#primaryimage"},"image":{"@id":"https:\/\/malenki.net\/de\/produkt\/ce-quil-reste-benedicte-blondeau\/#primaryimage"},"thumbnailUrl":"https:\/\/malenki.net\/wp-content\/uploads\/2019\/11\/benedicte-blondeau-ce-qu-il-reste-01.jpg","datePublished":"2019-11-26T22:06:41+00:00","dateModified":"2025-01-13T09:24:04+00:00","description":"'Ce qu'il reste' von B\u00e9n\u00e9dicte Blondeau bei malenki.net","breadcrumb":{"@id":"https:\/\/malenki.net\/de\/produkt\/ce-quil-reste-benedicte-blondeau\/#breadcrumb"},"inLanguage":"de","potentialAction":[{"@type":"ReadAction","target":["https:\/\/malenki.net\/de\/produkt\/ce-quil-reste-benedicte-blondeau\/"]}]},{"@type":"ImageObject","inLanguage":"de","@id":"https:\/\/malenki.net\/de\/produkt\/ce-quil-reste-benedicte-blondeau\/#primaryimage","url":"https:\/\/malenki.net\/wp-content\/uploads\/2019\/11\/benedicte-blondeau-ce-qu-il-reste-01.jpg","contentUrl":"https:\/\/malenki.net\/wp-content\/uploads\/2019\/11\/benedicte-blondeau-ce-qu-il-reste-01.jpg","width":1024,"height":819,"caption":"Ce qu'il reste \u2014 Benedicte Blondeau"},{"@type":"BreadcrumbList","@id":"https:\/\/malenki.net\/de\/produkt\/ce-quil-reste-benedicte-blondeau\/#breadcrumb","itemListElement":[{"@type":"ListItem","position":1,"name":"Home","item":"https:\/\/malenki.net\/de\/"},{"@type":"ListItem","position":2,"name":"Editionen","item":"https:\/\/malenki.net\/de\/"},{"@type":"ListItem","position":3,"name":"Ce qu&#8217;il reste"}]},{"@type":"WebSite","@id":"https:\/\/malenki.net\/de\/#website","url":"https:\/\/malenki.net\/de\/","name":"malenki.net","description":"Fotografie Editionen","publisher":{"@id":"https:\/\/malenki.net\/de\/#organization"},"potentialAction":[{"@type":"SearchAction","target":{"@type":"EntryPoint","urlTemplate":"https:\/\/malenki.net\/de\/?s={search_term_string}"},"query-input":{"@type":"PropertyValueSpecification","valueRequired":true,"valueName":"search_term_string"}}],"inLanguage":"de"},{"@type":"Organization","@id":"https:\/\/malenki.net\/de\/#organization","name":"malenki.net","url":"https:\/\/malenki.net\/de\/","logo":{"@type":"ImageObject","inLanguage":"de","@id":"https:\/\/malenki.net\/de\/#\/schema\/logo\/image\/","url":"https:\/\/malenki.net\/wp-content\/uploads\/2023\/03\/malenki-logo-2019.gif","contentUrl":"https:\/\/malenki.net\/wp-content\/uploads\/2023\/03\/malenki-logo-2019.gif","width":524,"height":138,"caption":"malenki.net"},"image":{"@id":"https:\/\/malenki.net\/de\/#\/schema\/logo\/image\/"},"sameAs":["https:\/\/www.facebook.com\/malenki.editionen\/","https:\/\/www.instagram.com\/malenkinet\/"]}]}},"wps_subtitle":"B\u00e9n\u00e9dicte Blondeau","_links":{"self":[{"href":"https:\/\/malenki.net\/de\/wp-json\/wp\/v2\/product\/7214","targetHints":{"allow":["GET"]}}],"collection":[{"href":"https:\/\/malenki.net\/de\/wp-json\/wp\/v2\/product"}],"about":[{"href":"https:\/\/malenki.net\/de\/wp-json\/wp\/v2\/types\/product"}],"wp:featuredmedia":[{"embeddable":true,"href":"https:\/\/malenki.net\/de\/wp-json\/wp\/v2\/media\/7180"}],"wp:attachment":[{"href":"https:\/\/malenki.net\/de\/wp-json\/wp\/v2\/media?parent=7214"}],"wp:term":[{"taxonomy":"product_brand","embeddable":true,"href":"https:\/\/malenki.net\/de\/wp-json\/wp\/v2\/product_brand?post=7214"},{"taxonomy":"product_cat","embeddable":true,"href":"https:\/\/malenki.net\/de\/wp-json\/wp\/v2\/product_cat?post=7214"},{"taxonomy":"product_tag","embeddable":true,"href":"https:\/\/malenki.net\/de\/wp-json\/wp\/v2\/product_tag?post=7214"}],"curies":[{"name":"wp","href":"https:\/\/api.w.org\/{rel}","templated":true}]}}