{"id":7213,"date":"2020-02-03T14:43:34","date_gmt":"2020-02-03T13:43:34","guid":{"rendered":"https:\/\/malenki.net\/product\/looking-for-my-japanese-family-julie-marie-duro\/"},"modified":"2025-04-19T08:59:59","modified_gmt":"2025-04-19T06:59:59","slug":"looking-for-my-japanese-family-julie-marie-duro","status":"publish","type":"product","link":"https:\/\/malenki.net\/de\/produkt\/looking-for-my-japanese-family-julie-marie-duro\/","title":{"rendered":"Looking for my Japanese family"},"content":{"rendered":"<p>Wir waren in einem Zug in Japan, als mir meine Mutter von meinem Gro\u00dfvater erz\u00e4hlte. Er starb bevor ich ihn kennenlernen konnte. Sie erkl\u00e4rte mir, er habe einen Sohn mit einer japanischen Frau, sie kenne weder sein genaues Alter noch seinen Namen. So begann ich die Gesichter 40-j\u00e4hriger M\u00e4nner zu beobachten, die Japanische und Europ\u00e4ische Merkmale aufwiesen. Eine zunehmend st\u00e4rker werdende Stimme in meinem Kopf sagte: \u201eDas k\u00f6nnte er sein!\u201c Seit diesem Tag frage ich mich wer mein Onkel ist. Wie sieht er aus? Welches Leben f\u00fchrt er? Vor drei Jahren entschloss ich mich nach ihm zu suchen.<br \/>\n<em>Looking for my Japanese Family<\/em> ist die Chronik dieser Suche, bei der Realit\u00e4t manchmal zur Fiktion wird, und wo eine neue Erz\u00e4hlung ein Teil der Familiengeschichte wird. \u2014 Julie-Marie Duro<\/p>\n","protected":false},"excerpt":{"rendered":"<p>Wir waren in einem Zug in Japan, als mir meine Mutter von meinem Gro\u00dfvater erz\u00e4hlte. Er starb bevor ich ihn kennenlernen konnte. Sie erkl\u00e4rte mir, er habe einen Sohn mit einer japanischen Frau, sie kenne weder sein genaues Alter noch seinen Namen. So begann ich die Gesichter 40-j\u00e4hriger M\u00e4nner zu beobachten, die Japanische und Europ\u00e4ische&hellip; <a class=\"more-link\" href=\"https:\/\/malenki.net\/de\/produkt\/looking-for-my-japanese-family-julie-marie-duro\/\"><span class=\"screen-reader-text\">Looking for my Japanese family<\/span> weiterlesen<\/a><\/p>\n","protected":false},"featured_media":7191,"template":"","meta":{"pgc_sgb_lightbox_settings":""},"product_brand":[],"product_cat":[3798],"product_tag":[4549,3799,3807,3797,3800,3801,3995],"class_list":{"0":"post-7213","1":"product","2":"type-product","3":"status-publish","4":"has-post-thumbnail","6":"product_cat-julie-marie-duro-de","7":"product_tag-asien","8":"product_tag-duro-de","9":"product_tag-familie","10":"product_tag-japan-de","11":"product_tag-julie-duro-de","12":"product_tag-julie-marie-duro-de","13":"product_tag-persoenliche-geschichte","14":"entry","16":"first","17":"instock","18":"shipping-taxable","19":"purchasable","20":"product-type-simple"},"yoast_head":"<!-- This site is optimized with the Yoast SEO plugin v27.2 - https:\/\/yoast.com\/product\/yoast-seo-wordpress\/ -->\n<title>malenki.net | Looking for my Japanese family | Julie-Marie Duro<\/title>\n<meta name=\"description\" content=\"The photobook &#039;Looking for my Japanese family&#039; von Julie-Marie Duro bei malenki.net\" \/>\n<meta name=\"robots\" content=\"index, follow, max-snippet:-1, max-image-preview:large, max-video-preview:-1\" \/>\n<link rel=\"canonical\" href=\"https:\/\/malenki.net\/de\/produkt\/looking-for-my-japanese-family-julie-marie-duro\/\" \/>\n<meta property=\"og:locale\" content=\"de_DE\" \/>\n<meta property=\"og:type\" content=\"article\" \/>\n<meta property=\"og:title\" content=\"malenki.net | Looking for my Japanese family | Julie-Marie Duro\" \/>\n<meta property=\"og:description\" content=\"The photobook &#039;Looking for my Japanese family&#039; von Julie-Marie Duro bei malenki.net\" \/>\n<meta property=\"og:url\" content=\"https:\/\/malenki.net\/de\/produkt\/looking-for-my-japanese-family-julie-marie-duro\/\" \/>\n<meta property=\"og:site_name\" content=\"malenki.net\" \/>\n<meta property=\"article:publisher\" content=\"https:\/\/www.facebook.com\/malenki.editionen\/\" \/>\n<meta property=\"article:modified_time\" content=\"2025-04-19T06:59:59+00:00\" \/>\n<meta property=\"og:image\" content=\"https:\/\/malenki.net\/wp-content\/uploads\/2019\/12\/julie-marie-duro-looking-for-my-japanese-family-01.jpg\" \/>\n\t<meta property=\"og:image:width\" content=\"1024\" \/>\n\t<meta property=\"og:image:height\" content=\"819\" \/>\n\t<meta property=\"og:image:type\" content=\"image\/jpeg\" \/>\n<meta name=\"twitter:card\" content=\"summary_large_image\" \/>\n<meta name=\"twitter:label1\" content=\"Gesch\u00e4tzte Lesezeit\" \/>\n\t<meta name=\"twitter:data1\" content=\"1\u00a0Minute\" \/>\n<script type=\"application\/ld+json\" class=\"yoast-schema-graph\">{\"@context\":\"https:\/\/schema.org\",\"@graph\":[{\"@type\":\"WebPage\",\"@id\":\"https:\/\/malenki.net\/de\/produkt\/looking-for-my-japanese-family-julie-marie-duro\/\",\"url\":\"https:\/\/malenki.net\/de\/produkt\/looking-for-my-japanese-family-julie-marie-duro\/\",\"name\":\"malenki.net | Looking for my Japanese family | Julie-Marie Duro\",\"isPartOf\":{\"@id\":\"https:\/\/malenki.net\/de\/#website\"},\"primaryImageOfPage\":{\"@id\":\"https:\/\/malenki.net\/de\/produkt\/looking-for-my-japanese-family-julie-marie-duro\/#primaryimage\"},\"image\":{\"@id\":\"https:\/\/malenki.net\/de\/produkt\/looking-for-my-japanese-family-julie-marie-duro\/#primaryimage\"},\"thumbnailUrl\":\"https:\/\/malenki.net\/wp-content\/uploads\/2019\/12\/julie-marie-duro-looking-for-my-japanese-family-01.jpg\",\"datePublished\":\"2020-02-03T13:43:34+00:00\",\"dateModified\":\"2025-04-19T06:59:59+00:00\",\"description\":\"The photobook 'Looking for my Japanese family' von Julie-Marie Duro bei malenki.net\",\"breadcrumb\":{\"@id\":\"https:\/\/malenki.net\/de\/produkt\/looking-for-my-japanese-family-julie-marie-duro\/#breadcrumb\"},\"inLanguage\":\"de\",\"potentialAction\":[{\"@type\":\"ReadAction\",\"target\":[\"https:\/\/malenki.net\/de\/produkt\/looking-for-my-japanese-family-julie-marie-duro\/\"]}]},{\"@type\":\"ImageObject\",\"inLanguage\":\"de\",\"@id\":\"https:\/\/malenki.net\/de\/produkt\/looking-for-my-japanese-family-julie-marie-duro\/#primaryimage\",\"url\":\"https:\/\/malenki.net\/wp-content\/uploads\/2019\/12\/julie-marie-duro-looking-for-my-japanese-family-01.jpg\",\"contentUrl\":\"https:\/\/malenki.net\/wp-content\/uploads\/2019\/12\/julie-marie-duro-looking-for-my-japanese-family-01.jpg\",\"width\":1024,\"height\":819,\"caption\":\"Looking for my Japanese family \u2014 Julie-Marie Duro\"},{\"@type\":\"BreadcrumbList\",\"@id\":\"https:\/\/malenki.net\/de\/produkt\/looking-for-my-japanese-family-julie-marie-duro\/#breadcrumb\",\"itemListElement\":[{\"@type\":\"ListItem\",\"position\":1,\"name\":\"Home\",\"item\":\"https:\/\/malenki.net\/de\/\"},{\"@type\":\"ListItem\",\"position\":2,\"name\":\"Editionen\",\"item\":\"https:\/\/malenki.net\/de\/\"},{\"@type\":\"ListItem\",\"position\":3,\"name\":\"Looking for my Japanese family\"}]},{\"@type\":\"WebSite\",\"@id\":\"https:\/\/malenki.net\/de\/#website\",\"url\":\"https:\/\/malenki.net\/de\/\",\"name\":\"malenki.net\",\"description\":\"Fotografie Editionen\",\"publisher\":{\"@id\":\"https:\/\/malenki.net\/de\/#organization\"},\"potentialAction\":[{\"@type\":\"SearchAction\",\"target\":{\"@type\":\"EntryPoint\",\"urlTemplate\":\"https:\/\/malenki.net\/de\/?s={search_term_string}\"},\"query-input\":{\"@type\":\"PropertyValueSpecification\",\"valueRequired\":true,\"valueName\":\"search_term_string\"}}],\"inLanguage\":\"de\"},{\"@type\":\"Organization\",\"@id\":\"https:\/\/malenki.net\/de\/#organization\",\"name\":\"malenki.net\",\"url\":\"https:\/\/malenki.net\/de\/\",\"logo\":{\"@type\":\"ImageObject\",\"inLanguage\":\"de\",\"@id\":\"https:\/\/malenki.net\/de\/#\/schema\/logo\/image\/\",\"url\":\"https:\/\/malenki.net\/wp-content\/uploads\/2023\/03\/malenki-logo-2019.gif\",\"contentUrl\":\"https:\/\/malenki.net\/wp-content\/uploads\/2023\/03\/malenki-logo-2019.gif\",\"width\":524,\"height\":138,\"caption\":\"malenki.net\"},\"image\":{\"@id\":\"https:\/\/malenki.net\/de\/#\/schema\/logo\/image\/\"},\"sameAs\":[\"https:\/\/www.facebook.com\/malenki.editionen\/\",\"https:\/\/www.instagram.com\/malenkinet\/\"]}]}<\/script>\n<!-- \/ Yoast SEO plugin. -->","yoast_head_json":{"title":"malenki.net | Looking for my Japanese family | Julie-Marie Duro","description":"The photobook 'Looking for my Japanese family' von Julie-Marie Duro bei malenki.net","robots":{"index":"index","follow":"follow","max-snippet":"max-snippet:-1","max-image-preview":"max-image-preview:large","max-video-preview":"max-video-preview:-1"},"canonical":"https:\/\/malenki.net\/de\/produkt\/looking-for-my-japanese-family-julie-marie-duro\/","og_locale":"de_DE","og_type":"article","og_title":"malenki.net | Looking for my Japanese family | Julie-Marie Duro","og_description":"The photobook 'Looking for my Japanese family' von Julie-Marie Duro bei malenki.net","og_url":"https:\/\/malenki.net\/de\/produkt\/looking-for-my-japanese-family-julie-marie-duro\/","og_site_name":"malenki.net","article_publisher":"https:\/\/www.facebook.com\/malenki.editionen\/","article_modified_time":"2025-04-19T06:59:59+00:00","og_image":[{"width":1024,"height":819,"url":"https:\/\/malenki.net\/wp-content\/uploads\/2019\/12\/julie-marie-duro-looking-for-my-japanese-family-01.jpg","type":"image\/jpeg"}],"twitter_card":"summary_large_image","twitter_misc":{"Gesch\u00e4tzte Lesezeit":"1\u00a0Minute"},"schema":{"@context":"https:\/\/schema.org","@graph":[{"@type":"WebPage","@id":"https:\/\/malenki.net\/de\/produkt\/looking-for-my-japanese-family-julie-marie-duro\/","url":"https:\/\/malenki.net\/de\/produkt\/looking-for-my-japanese-family-julie-marie-duro\/","name":"malenki.net | Looking for my Japanese family | Julie-Marie Duro","isPartOf":{"@id":"https:\/\/malenki.net\/de\/#website"},"primaryImageOfPage":{"@id":"https:\/\/malenki.net\/de\/produkt\/looking-for-my-japanese-family-julie-marie-duro\/#primaryimage"},"image":{"@id":"https:\/\/malenki.net\/de\/produkt\/looking-for-my-japanese-family-julie-marie-duro\/#primaryimage"},"thumbnailUrl":"https:\/\/malenki.net\/wp-content\/uploads\/2019\/12\/julie-marie-duro-looking-for-my-japanese-family-01.jpg","datePublished":"2020-02-03T13:43:34+00:00","dateModified":"2025-04-19T06:59:59+00:00","description":"The photobook 'Looking for my Japanese family' von Julie-Marie Duro bei malenki.net","breadcrumb":{"@id":"https:\/\/malenki.net\/de\/produkt\/looking-for-my-japanese-family-julie-marie-duro\/#breadcrumb"},"inLanguage":"de","potentialAction":[{"@type":"ReadAction","target":["https:\/\/malenki.net\/de\/produkt\/looking-for-my-japanese-family-julie-marie-duro\/"]}]},{"@type":"ImageObject","inLanguage":"de","@id":"https:\/\/malenki.net\/de\/produkt\/looking-for-my-japanese-family-julie-marie-duro\/#primaryimage","url":"https:\/\/malenki.net\/wp-content\/uploads\/2019\/12\/julie-marie-duro-looking-for-my-japanese-family-01.jpg","contentUrl":"https:\/\/malenki.net\/wp-content\/uploads\/2019\/12\/julie-marie-duro-looking-for-my-japanese-family-01.jpg","width":1024,"height":819,"caption":"Looking for my Japanese family \u2014 Julie-Marie Duro"},{"@type":"BreadcrumbList","@id":"https:\/\/malenki.net\/de\/produkt\/looking-for-my-japanese-family-julie-marie-duro\/#breadcrumb","itemListElement":[{"@type":"ListItem","position":1,"name":"Home","item":"https:\/\/malenki.net\/de\/"},{"@type":"ListItem","position":2,"name":"Editionen","item":"https:\/\/malenki.net\/de\/"},{"@type":"ListItem","position":3,"name":"Looking for my Japanese family"}]},{"@type":"WebSite","@id":"https:\/\/malenki.net\/de\/#website","url":"https:\/\/malenki.net\/de\/","name":"malenki.net","description":"Fotografie Editionen","publisher":{"@id":"https:\/\/malenki.net\/de\/#organization"},"potentialAction":[{"@type":"SearchAction","target":{"@type":"EntryPoint","urlTemplate":"https:\/\/malenki.net\/de\/?s={search_term_string}"},"query-input":{"@type":"PropertyValueSpecification","valueRequired":true,"valueName":"search_term_string"}}],"inLanguage":"de"},{"@type":"Organization","@id":"https:\/\/malenki.net\/de\/#organization","name":"malenki.net","url":"https:\/\/malenki.net\/de\/","logo":{"@type":"ImageObject","inLanguage":"de","@id":"https:\/\/malenki.net\/de\/#\/schema\/logo\/image\/","url":"https:\/\/malenki.net\/wp-content\/uploads\/2023\/03\/malenki-logo-2019.gif","contentUrl":"https:\/\/malenki.net\/wp-content\/uploads\/2023\/03\/malenki-logo-2019.gif","width":524,"height":138,"caption":"malenki.net"},"image":{"@id":"https:\/\/malenki.net\/de\/#\/schema\/logo\/image\/"},"sameAs":["https:\/\/www.facebook.com\/malenki.editionen\/","https:\/\/www.instagram.com\/malenkinet\/"]}]}},"wps_subtitle":"Julie-Marie Duro","_links":{"self":[{"href":"https:\/\/malenki.net\/de\/wp-json\/wp\/v2\/product\/7213","targetHints":{"allow":["GET"]}}],"collection":[{"href":"https:\/\/malenki.net\/de\/wp-json\/wp\/v2\/product"}],"about":[{"href":"https:\/\/malenki.net\/de\/wp-json\/wp\/v2\/types\/product"}],"wp:featuredmedia":[{"embeddable":true,"href":"https:\/\/malenki.net\/de\/wp-json\/wp\/v2\/media\/7191"}],"wp:attachment":[{"href":"https:\/\/malenki.net\/de\/wp-json\/wp\/v2\/media?parent=7213"}],"wp:term":[{"taxonomy":"product_brand","embeddable":true,"href":"https:\/\/malenki.net\/de\/wp-json\/wp\/v2\/product_brand?post=7213"},{"taxonomy":"product_cat","embeddable":true,"href":"https:\/\/malenki.net\/de\/wp-json\/wp\/v2\/product_cat?post=7213"},{"taxonomy":"product_tag","embeddable":true,"href":"https:\/\/malenki.net\/de\/wp-json\/wp\/v2\/product_tag?post=7213"}],"curies":[{"name":"wp","href":"https:\/\/api.w.org\/{rel}","templated":true}]}}