{"id":7090,"date":"2018-12-18T22:25:04","date_gmt":"2018-12-18T21:25:04","guid":{"rendered":"https:\/\/malenki.net\/product\/paul-koncewicz-paul-pawel\/"},"modified":"2024-02-04T19:08:46","modified_gmt":"2024-02-04T18:08:46","slug":"paul-koncewicz-paul-pawel","status":"publish","type":"product","link":"https:\/\/malenki.net\/de\/produkt\/paul-koncewicz-paul-pawel\/","title":{"rendered":"Paul \/ Pawe\u0142"},"content":{"rendered":"<p>Ausgehend von eigenen Fotografien sowie Sch\u00e4tzen aus Familienalben geht Paul Koncewicz in <em>PAUL\/PAWE\u0141<\/em> auf die Suche nach seinen famili\u00e4ren Bindungen und gibt uns einen ungesch\u00f6nten, sensiblen und einf\u00fchlsamen Einblick in den Alltag seines binationalen Familienkreises.<\/p>\n<p><em>Die Wochenzeitung DIE ZEIT schreibt zu<\/em> PAUL\/PAWE\u0141:<br \/>\n&#8222;Der Fotograf Paul Koncewicz nimmt den aus der Psychologie stammenden Begriff &#8222;Familienaufstellung&#8220; w\u00f6rtlich, indem er mit <em>PAUL\/PAWE\u0141<\/em>\u00a0seine Biografie aufarbeitet: Als Scheidungskind zog er mit seiner Mutter nach Deutschland, w\u00e4hrend sein Vater in Polen blieb.<br \/>\nKoncewicz traf als Student seinen leiblichen Vater sp\u00e4ter wieder und begann, ihn sowohl alleine als auch sich selber zusammen mit ihm fotografisch zu portr\u00e4tieren, so wie er es bereits mit seiner Familie in Deutschland tat; sein Bildarchiv einer konstruierten Familiengeschichte w\u00e4chst seitdem stetig.<br \/>\nDurch das nachtr\u00e4gliche Darstellen von vermeintlich allt\u00e4glichen Szenen famili\u00e4rer Interaktion geht Koncewicz auf die Suche nach seiner Kindheit, welche ihm trotz aller Br\u00fcche als imagin\u00e4rer Schauplatz f\u00fcr Ankn\u00fcpfungspunkte dient.&#8220;<\/p>\n<p>Eine starke Publikation \u2013 ein starkes Familienportr\u00e4t, das Erstaunliches offenbart: Zwei getrennte und gleichzeitig vereinte Familien, unterschiedlich und doch \u00e4hnlich.<\/p>\n","protected":false},"excerpt":{"rendered":"<p>Ausgehend von eigenen Fotografien sowie Sch\u00e4tzen aus Familienalben geht Paul Koncewicz in PAUL\/PAWE\u0141 auf die Suche nach seinen famili\u00e4ren Bindungen und gibt uns einen ungesch\u00f6nten, sensiblen und einf\u00fchlsamen Einblick in den Alltag seines binationalen Familienkreises. Die Wochenzeitung DIE ZEIT schreibt zu PAUL\/PAWE\u0141: &#8222;Der Fotograf Paul Koncewicz nimmt den aus der Psychologie stammenden Begriff &#8222;Familienaufstellung&#8220; w\u00f6rtlich,&hellip; <a class=\"more-link\" href=\"https:\/\/malenki.net\/de\/produkt\/paul-koncewicz-paul-pawel\/\"><span class=\"screen-reader-text\">Paul \/ Pawe\u0142<\/span> weiterlesen<\/a><\/p>\n","protected":false},"featured_media":6319,"template":"","meta":{"pgc_sgb_lightbox_settings":""},"product_brand":[],"product_cat":[3708],"product_tag":[5616,3807,3713,1804,4856,5643,3712,3714,3711,3995,4704,1801],"class_list":{"0":"post-7090","1":"product","2":"type-product","3":"status-publish","4":"has-post-thumbnail","6":"product_cat-paul-koncewicz-de","7":"product_tag-relational-de","8":"product_tag-familie","9":"product_tag-koncewicz-de","10":"product_tag-lindhorst-emme-de","11":"product_tag-migration-de","12":"product_tag-ostlich","13":"product_tag-paul-de","14":"product_tag-paul-koncewicz-de","15":"product_tag-paul-pawel-de","16":"product_tag-persoenliche-geschichte","17":"product_tag-portrait-de","18":"product_tag-sven-lindhorst-emme-de","19":"entry","21":"first","22":"instock","23":"shipping-taxable","24":"purchasable","25":"product-type-simple"},"yoast_head":"<!-- This site is optimized with the Yoast SEO plugin v27.2 - https:\/\/yoast.com\/product\/yoast-seo-wordpress\/ -->\n<title>malenki.net | Paul \/ Pawe\u0142 | Paul Koncewicz<\/title>\n<meta name=\"description\" content=\"&#039;Paul \/ Pawe\u0142&#039; von Paul Koncewicz bei malenki.net\" \/>\n<meta name=\"robots\" content=\"index, follow, max-snippet:-1, max-image-preview:large, max-video-preview:-1\" \/>\n<link rel=\"canonical\" href=\"https:\/\/malenki.net\/de\/produkt\/paul-koncewicz-paul-pawel\/\" \/>\n<meta property=\"og:locale\" content=\"de_DE\" \/>\n<meta property=\"og:type\" content=\"article\" \/>\n<meta property=\"og:title\" content=\"malenki.net | Paul \/ Pawe\u0142 | Paul Koncewicz\" \/>\n<meta property=\"og:description\" content=\"&#039;Paul \/ Pawe\u0142&#039; von Paul Koncewicz bei malenki.net\" \/>\n<meta property=\"og:url\" content=\"https:\/\/malenki.net\/de\/produkt\/paul-koncewicz-paul-pawel\/\" \/>\n<meta property=\"og:site_name\" content=\"malenki.net\" \/>\n<meta property=\"article:publisher\" content=\"https:\/\/www.facebook.com\/malenki.editionen\/\" \/>\n<meta property=\"article:modified_time\" content=\"2024-02-04T18:08:46+00:00\" \/>\n<meta property=\"og:image\" content=\"https:\/\/malenki.net\/wp-content\/uploads\/2018\/12\/paul-koncewicz-paul-pawel-01.jpg\" \/>\n\t<meta property=\"og:image:width\" content=\"1024\" \/>\n\t<meta property=\"og:image:height\" content=\"819\" \/>\n\t<meta property=\"og:image:type\" content=\"image\/jpeg\" \/>\n<meta name=\"twitter:card\" content=\"summary_large_image\" \/>\n<meta name=\"twitter:label1\" content=\"Gesch\u00e4tzte Lesezeit\" \/>\n\t<meta name=\"twitter:data1\" content=\"1\u00a0Minute\" \/>\n<script type=\"application\/ld+json\" class=\"yoast-schema-graph\">{\"@context\":\"https:\/\/schema.org\",\"@graph\":[{\"@type\":\"WebPage\",\"@id\":\"https:\/\/malenki.net\/de\/produkt\/paul-koncewicz-paul-pawel\/\",\"url\":\"https:\/\/malenki.net\/de\/produkt\/paul-koncewicz-paul-pawel\/\",\"name\":\"malenki.net | Paul \/ Pawe\u0142 | Paul Koncewicz\",\"isPartOf\":{\"@id\":\"https:\/\/malenki.net\/de\/#website\"},\"primaryImageOfPage\":{\"@id\":\"https:\/\/malenki.net\/de\/produkt\/paul-koncewicz-paul-pawel\/#primaryimage\"},\"image\":{\"@id\":\"https:\/\/malenki.net\/de\/produkt\/paul-koncewicz-paul-pawel\/#primaryimage\"},\"thumbnailUrl\":\"https:\/\/malenki.net\/wp-content\/uploads\/2018\/12\/paul-koncewicz-paul-pawel-01.jpg\",\"datePublished\":\"2018-12-18T21:25:04+00:00\",\"dateModified\":\"2024-02-04T18:08:46+00:00\",\"description\":\"'Paul \/ Pawe\u0142' von Paul Koncewicz bei malenki.net\",\"breadcrumb\":{\"@id\":\"https:\/\/malenki.net\/de\/produkt\/paul-koncewicz-paul-pawel\/#breadcrumb\"},\"inLanguage\":\"de\",\"potentialAction\":[{\"@type\":\"ReadAction\",\"target\":[\"https:\/\/malenki.net\/de\/produkt\/paul-koncewicz-paul-pawel\/\"]}]},{\"@type\":\"ImageObject\",\"inLanguage\":\"de\",\"@id\":\"https:\/\/malenki.net\/de\/produkt\/paul-koncewicz-paul-pawel\/#primaryimage\",\"url\":\"https:\/\/malenki.net\/wp-content\/uploads\/2018\/12\/paul-koncewicz-paul-pawel-01.jpg\",\"contentUrl\":\"https:\/\/malenki.net\/wp-content\/uploads\/2018\/12\/paul-koncewicz-paul-pawel-01.jpg\",\"width\":1024,\"height\":819,\"caption\":\"Paul \/ Pawe\u0142 \u2014 Paul Koncewicz\"},{\"@type\":\"BreadcrumbList\",\"@id\":\"https:\/\/malenki.net\/de\/produkt\/paul-koncewicz-paul-pawel\/#breadcrumb\",\"itemListElement\":[{\"@type\":\"ListItem\",\"position\":1,\"name\":\"Home\",\"item\":\"https:\/\/malenki.net\/de\/\"},{\"@type\":\"ListItem\",\"position\":2,\"name\":\"Editionen\",\"item\":\"https:\/\/malenki.net\/de\/\"},{\"@type\":\"ListItem\",\"position\":3,\"name\":\"Paul \/ Pawe\u0142\"}]},{\"@type\":\"WebSite\",\"@id\":\"https:\/\/malenki.net\/de\/#website\",\"url\":\"https:\/\/malenki.net\/de\/\",\"name\":\"malenki.net\",\"description\":\"Fotografie Editionen\",\"publisher\":{\"@id\":\"https:\/\/malenki.net\/de\/#organization\"},\"potentialAction\":[{\"@type\":\"SearchAction\",\"target\":{\"@type\":\"EntryPoint\",\"urlTemplate\":\"https:\/\/malenki.net\/de\/?s={search_term_string}\"},\"query-input\":{\"@type\":\"PropertyValueSpecification\",\"valueRequired\":true,\"valueName\":\"search_term_string\"}}],\"inLanguage\":\"de\"},{\"@type\":\"Organization\",\"@id\":\"https:\/\/malenki.net\/de\/#organization\",\"name\":\"malenki.net\",\"url\":\"https:\/\/malenki.net\/de\/\",\"logo\":{\"@type\":\"ImageObject\",\"inLanguage\":\"de\",\"@id\":\"https:\/\/malenki.net\/de\/#\/schema\/logo\/image\/\",\"url\":\"https:\/\/malenki.net\/wp-content\/uploads\/2023\/03\/malenki-logo-2019.gif\",\"contentUrl\":\"https:\/\/malenki.net\/wp-content\/uploads\/2023\/03\/malenki-logo-2019.gif\",\"width\":524,\"height\":138,\"caption\":\"malenki.net\"},\"image\":{\"@id\":\"https:\/\/malenki.net\/de\/#\/schema\/logo\/image\/\"},\"sameAs\":[\"https:\/\/www.facebook.com\/malenki.editionen\/\",\"https:\/\/www.instagram.com\/malenkinet\/\"]}]}<\/script>\n<!-- \/ Yoast SEO plugin. -->","yoast_head_json":{"title":"malenki.net | Paul \/ Pawe\u0142 | Paul Koncewicz","description":"'Paul \/ Pawe\u0142' von Paul Koncewicz bei malenki.net","robots":{"index":"index","follow":"follow","max-snippet":"max-snippet:-1","max-image-preview":"max-image-preview:large","max-video-preview":"max-video-preview:-1"},"canonical":"https:\/\/malenki.net\/de\/produkt\/paul-koncewicz-paul-pawel\/","og_locale":"de_DE","og_type":"article","og_title":"malenki.net | Paul \/ Pawe\u0142 | Paul Koncewicz","og_description":"'Paul \/ Pawe\u0142' von Paul Koncewicz bei malenki.net","og_url":"https:\/\/malenki.net\/de\/produkt\/paul-koncewicz-paul-pawel\/","og_site_name":"malenki.net","article_publisher":"https:\/\/www.facebook.com\/malenki.editionen\/","article_modified_time":"2024-02-04T18:08:46+00:00","og_image":[{"width":1024,"height":819,"url":"https:\/\/malenki.net\/wp-content\/uploads\/2018\/12\/paul-koncewicz-paul-pawel-01.jpg","type":"image\/jpeg"}],"twitter_card":"summary_large_image","twitter_misc":{"Gesch\u00e4tzte Lesezeit":"1\u00a0Minute"},"schema":{"@context":"https:\/\/schema.org","@graph":[{"@type":"WebPage","@id":"https:\/\/malenki.net\/de\/produkt\/paul-koncewicz-paul-pawel\/","url":"https:\/\/malenki.net\/de\/produkt\/paul-koncewicz-paul-pawel\/","name":"malenki.net | Paul \/ Pawe\u0142 | Paul Koncewicz","isPartOf":{"@id":"https:\/\/malenki.net\/de\/#website"},"primaryImageOfPage":{"@id":"https:\/\/malenki.net\/de\/produkt\/paul-koncewicz-paul-pawel\/#primaryimage"},"image":{"@id":"https:\/\/malenki.net\/de\/produkt\/paul-koncewicz-paul-pawel\/#primaryimage"},"thumbnailUrl":"https:\/\/malenki.net\/wp-content\/uploads\/2018\/12\/paul-koncewicz-paul-pawel-01.jpg","datePublished":"2018-12-18T21:25:04+00:00","dateModified":"2024-02-04T18:08:46+00:00","description":"'Paul \/ Pawe\u0142' von Paul Koncewicz bei malenki.net","breadcrumb":{"@id":"https:\/\/malenki.net\/de\/produkt\/paul-koncewicz-paul-pawel\/#breadcrumb"},"inLanguage":"de","potentialAction":[{"@type":"ReadAction","target":["https:\/\/malenki.net\/de\/produkt\/paul-koncewicz-paul-pawel\/"]}]},{"@type":"ImageObject","inLanguage":"de","@id":"https:\/\/malenki.net\/de\/produkt\/paul-koncewicz-paul-pawel\/#primaryimage","url":"https:\/\/malenki.net\/wp-content\/uploads\/2018\/12\/paul-koncewicz-paul-pawel-01.jpg","contentUrl":"https:\/\/malenki.net\/wp-content\/uploads\/2018\/12\/paul-koncewicz-paul-pawel-01.jpg","width":1024,"height":819,"caption":"Paul \/ Pawe\u0142 \u2014 Paul Koncewicz"},{"@type":"BreadcrumbList","@id":"https:\/\/malenki.net\/de\/produkt\/paul-koncewicz-paul-pawel\/#breadcrumb","itemListElement":[{"@type":"ListItem","position":1,"name":"Home","item":"https:\/\/malenki.net\/de\/"},{"@type":"ListItem","position":2,"name":"Editionen","item":"https:\/\/malenki.net\/de\/"},{"@type":"ListItem","position":3,"name":"Paul \/ Pawe\u0142"}]},{"@type":"WebSite","@id":"https:\/\/malenki.net\/de\/#website","url":"https:\/\/malenki.net\/de\/","name":"malenki.net","description":"Fotografie Editionen","publisher":{"@id":"https:\/\/malenki.net\/de\/#organization"},"potentialAction":[{"@type":"SearchAction","target":{"@type":"EntryPoint","urlTemplate":"https:\/\/malenki.net\/de\/?s={search_term_string}"},"query-input":{"@type":"PropertyValueSpecification","valueRequired":true,"valueName":"search_term_string"}}],"inLanguage":"de"},{"@type":"Organization","@id":"https:\/\/malenki.net\/de\/#organization","name":"malenki.net","url":"https:\/\/malenki.net\/de\/","logo":{"@type":"ImageObject","inLanguage":"de","@id":"https:\/\/malenki.net\/de\/#\/schema\/logo\/image\/","url":"https:\/\/malenki.net\/wp-content\/uploads\/2023\/03\/malenki-logo-2019.gif","contentUrl":"https:\/\/malenki.net\/wp-content\/uploads\/2023\/03\/malenki-logo-2019.gif","width":524,"height":138,"caption":"malenki.net"},"image":{"@id":"https:\/\/malenki.net\/de\/#\/schema\/logo\/image\/"},"sameAs":["https:\/\/www.facebook.com\/malenki.editionen\/","https:\/\/www.instagram.com\/malenkinet\/"]}]}},"wps_subtitle":"Paul Koncewicz","_links":{"self":[{"href":"https:\/\/malenki.net\/de\/wp-json\/wp\/v2\/product\/7090","targetHints":{"allow":["GET"]}}],"collection":[{"href":"https:\/\/malenki.net\/de\/wp-json\/wp\/v2\/product"}],"about":[{"href":"https:\/\/malenki.net\/de\/wp-json\/wp\/v2\/types\/product"}],"wp:featuredmedia":[{"embeddable":true,"href":"https:\/\/malenki.net\/de\/wp-json\/wp\/v2\/media\/6319"}],"wp:attachment":[{"href":"https:\/\/malenki.net\/de\/wp-json\/wp\/v2\/media?parent=7090"}],"wp:term":[{"taxonomy":"product_brand","embeddable":true,"href":"https:\/\/malenki.net\/de\/wp-json\/wp\/v2\/product_brand?post=7090"},{"taxonomy":"product_cat","embeddable":true,"href":"https:\/\/malenki.net\/de\/wp-json\/wp\/v2\/product_cat?post=7090"},{"taxonomy":"product_tag","embeddable":true,"href":"https:\/\/malenki.net\/de\/wp-json\/wp\/v2\/product_tag?post=7090"}],"curies":[{"name":"wp","href":"https:\/\/api.w.org\/{rel}","templated":true}]}}