{"id":6773,"date":"2018-12-03T13:27:39","date_gmt":"2018-12-03T12:27:39","guid":{"rendered":"https:\/\/malenki.net\/product\/daniel-wagener-mind-matter\/"},"modified":"2024-02-04T19:08:54","modified_gmt":"2024-02-04T18:08:54","slug":"daniel-wagener-mind-matter","status":"publish","type":"product","link":"https:\/\/malenki.net\/de\/produkt\/daniel-wagener-mind-matter\/","title":{"rendered":"Mind Matter"},"content":{"rendered":"<p>Daniel Wageners Fotografie ist fl\u00e4chig, inszeniert und urban. Er konzentriert sich auf Objekte und Stadtlandschaften, die ihm vertraut und transgressiv erscheinen. Er dokumentiert Spuren, die Menschen versehentlich hinterlassen haben und die absurde Normalit\u00e4t des Alltags. Wageners Fotografien zeigen in satten Prim\u00e4rfarben allt\u00e4gliche Szenen, die neue Zug\u00e4nge zur Realit\u00e4t er\u00f6ffnen.<\/p>\n","protected":false},"excerpt":{"rendered":"<p>Daniel Wageners Fotografie ist fl\u00e4chig, inszeniert und urban. Er konzentriert sich auf Objekte und Stadtlandschaften, die ihm vertraut und transgressiv erscheinen. Er dokumentiert Spuren, die Menschen versehentlich hinterlassen haben und die absurde Normalit\u00e4t des Alltags. Wageners Fotografien zeigen in satten Prim\u00e4rfarben allt\u00e4gliche Szenen, die neue Zug\u00e4nge zur Realit\u00e4t er\u00f6ffnen.<\/p>\n","protected":false},"featured_media":8839,"template":"","meta":{"pgc_sgb_lightbox_settings":""},"product_brand":[],"product_cat":[3537],"product_tag":[3869,3664,3539,3868,3541,2233,3540],"class_list":{"0":"post-6773","1":"product","2":"type-product","3":"status-publish","4":"has-post-thumbnail","6":"product_cat-daniel-wagenr","7":"product_tag-alltaglich","8":"product_tag-booksken-de","9":"product_tag-daniel-wagener-de","10":"product_tag-iscp-de","11":"product_tag-mind-matter-de","12":"product_tag-riso-de","13":"product_tag-wagener-de","14":"entry","16":"first","17":"instock","18":"shipping-taxable","19":"purchasable","20":"product-type-simple"},"yoast_head":"<!-- This site is optimized with the Yoast SEO plugin v27.2 - https:\/\/yoast.com\/product\/yoast-seo-wordpress\/ -->\n<title>malenki.net | Mind Matter | Daniel Wagener<\/title>\n<meta name=\"description\" content=\"&#039;Mind Matter&#039; von Daniel Wagner bei malenki.net\" \/>\n<meta name=\"robots\" content=\"index, follow, max-snippet:-1, max-image-preview:large, max-video-preview:-1\" \/>\n<link rel=\"canonical\" href=\"https:\/\/malenki.net\/de\/produkt\/daniel-wagener-mind-matter\/\" \/>\n<meta property=\"og:locale\" content=\"de_DE\" \/>\n<meta property=\"og:type\" content=\"article\" \/>\n<meta property=\"og:title\" content=\"malenki.net | Mind Matter | Daniel Wagener\" \/>\n<meta property=\"og:description\" content=\"&#039;Mind Matter&#039; von Daniel Wagner bei malenki.net\" \/>\n<meta property=\"og:url\" content=\"https:\/\/malenki.net\/de\/produkt\/daniel-wagener-mind-matter\/\" \/>\n<meta property=\"og:site_name\" content=\"malenki.net\" \/>\n<meta property=\"article:publisher\" content=\"https:\/\/www.facebook.com\/malenki.editionen\/\" \/>\n<meta property=\"article:modified_time\" content=\"2024-02-04T18:08:54+00:00\" \/>\n<meta property=\"og:image\" content=\"https:\/\/malenki.net\/wp-content\/uploads\/2018\/12\/daniel-wagener-mind-matter-01.jpg\" \/>\n\t<meta property=\"og:image:width\" content=\"1024\" \/>\n\t<meta property=\"og:image:height\" content=\"819\" \/>\n\t<meta property=\"og:image:type\" content=\"image\/jpeg\" \/>\n<meta name=\"twitter:card\" content=\"summary_large_image\" \/>\n<script type=\"application\/ld+json\" class=\"yoast-schema-graph\">{\"@context\":\"https:\/\/schema.org\",\"@graph\":[{\"@type\":\"WebPage\",\"@id\":\"https:\/\/malenki.net\/de\/produkt\/daniel-wagener-mind-matter\/\",\"url\":\"https:\/\/malenki.net\/de\/produkt\/daniel-wagener-mind-matter\/\",\"name\":\"malenki.net | Mind Matter | Daniel Wagener\",\"isPartOf\":{\"@id\":\"https:\/\/malenki.net\/de\/#website\"},\"primaryImageOfPage\":{\"@id\":\"https:\/\/malenki.net\/de\/produkt\/daniel-wagener-mind-matter\/#primaryimage\"},\"image\":{\"@id\":\"https:\/\/malenki.net\/de\/produkt\/daniel-wagener-mind-matter\/#primaryimage\"},\"thumbnailUrl\":\"https:\/\/malenki.net\/wp-content\/uploads\/2018\/12\/daniel-wagener-mind-matter-01.jpg\",\"datePublished\":\"2018-12-03T12:27:39+00:00\",\"dateModified\":\"2024-02-04T18:08:54+00:00\",\"description\":\"'Mind Matter' von Daniel Wagner bei malenki.net\",\"breadcrumb\":{\"@id\":\"https:\/\/malenki.net\/de\/produkt\/daniel-wagener-mind-matter\/#breadcrumb\"},\"inLanguage\":\"de\",\"potentialAction\":[{\"@type\":\"ReadAction\",\"target\":[\"https:\/\/malenki.net\/de\/produkt\/daniel-wagener-mind-matter\/\"]}]},{\"@type\":\"ImageObject\",\"inLanguage\":\"de\",\"@id\":\"https:\/\/malenki.net\/de\/produkt\/daniel-wagener-mind-matter\/#primaryimage\",\"url\":\"https:\/\/malenki.net\/wp-content\/uploads\/2018\/12\/daniel-wagener-mind-matter-01.jpg\",\"contentUrl\":\"https:\/\/malenki.net\/wp-content\/uploads\/2018\/12\/daniel-wagener-mind-matter-01.jpg\",\"width\":1024,\"height\":819,\"caption\":\"Mind Matter \u2014 Daniel Wagener\"},{\"@type\":\"BreadcrumbList\",\"@id\":\"https:\/\/malenki.net\/de\/produkt\/daniel-wagener-mind-matter\/#breadcrumb\",\"itemListElement\":[{\"@type\":\"ListItem\",\"position\":1,\"name\":\"Home\",\"item\":\"https:\/\/malenki.net\/de\/\"},{\"@type\":\"ListItem\",\"position\":2,\"name\":\"Editionen\",\"item\":\"https:\/\/malenki.net\/de\/\"},{\"@type\":\"ListItem\",\"position\":3,\"name\":\"Mind Matter\"}]},{\"@type\":\"WebSite\",\"@id\":\"https:\/\/malenki.net\/de\/#website\",\"url\":\"https:\/\/malenki.net\/de\/\",\"name\":\"malenki.net\",\"description\":\"Fotografie Editionen\",\"publisher\":{\"@id\":\"https:\/\/malenki.net\/de\/#organization\"},\"potentialAction\":[{\"@type\":\"SearchAction\",\"target\":{\"@type\":\"EntryPoint\",\"urlTemplate\":\"https:\/\/malenki.net\/de\/?s={search_term_string}\"},\"query-input\":{\"@type\":\"PropertyValueSpecification\",\"valueRequired\":true,\"valueName\":\"search_term_string\"}}],\"inLanguage\":\"de\"},{\"@type\":\"Organization\",\"@id\":\"https:\/\/malenki.net\/de\/#organization\",\"name\":\"malenki.net\",\"url\":\"https:\/\/malenki.net\/de\/\",\"logo\":{\"@type\":\"ImageObject\",\"inLanguage\":\"de\",\"@id\":\"https:\/\/malenki.net\/de\/#\/schema\/logo\/image\/\",\"url\":\"https:\/\/malenki.net\/wp-content\/uploads\/2023\/03\/malenki-logo-2019.gif\",\"contentUrl\":\"https:\/\/malenki.net\/wp-content\/uploads\/2023\/03\/malenki-logo-2019.gif\",\"width\":524,\"height\":138,\"caption\":\"malenki.net\"},\"image\":{\"@id\":\"https:\/\/malenki.net\/de\/#\/schema\/logo\/image\/\"},\"sameAs\":[\"https:\/\/www.facebook.com\/malenki.editionen\/\",\"https:\/\/www.instagram.com\/malenkinet\/\"]}]}<\/script>\n<!-- \/ Yoast SEO plugin. -->","yoast_head_json":{"title":"malenki.net | Mind Matter | Daniel Wagener","description":"'Mind Matter' von Daniel Wagner bei malenki.net","robots":{"index":"index","follow":"follow","max-snippet":"max-snippet:-1","max-image-preview":"max-image-preview:large","max-video-preview":"max-video-preview:-1"},"canonical":"https:\/\/malenki.net\/de\/produkt\/daniel-wagener-mind-matter\/","og_locale":"de_DE","og_type":"article","og_title":"malenki.net | Mind Matter | Daniel Wagener","og_description":"'Mind Matter' von Daniel Wagner bei malenki.net","og_url":"https:\/\/malenki.net\/de\/produkt\/daniel-wagener-mind-matter\/","og_site_name":"malenki.net","article_publisher":"https:\/\/www.facebook.com\/malenki.editionen\/","article_modified_time":"2024-02-04T18:08:54+00:00","og_image":[{"width":1024,"height":819,"url":"https:\/\/malenki.net\/wp-content\/uploads\/2018\/12\/daniel-wagener-mind-matter-01.jpg","type":"image\/jpeg"}],"twitter_card":"summary_large_image","schema":{"@context":"https:\/\/schema.org","@graph":[{"@type":"WebPage","@id":"https:\/\/malenki.net\/de\/produkt\/daniel-wagener-mind-matter\/","url":"https:\/\/malenki.net\/de\/produkt\/daniel-wagener-mind-matter\/","name":"malenki.net | Mind Matter | Daniel Wagener","isPartOf":{"@id":"https:\/\/malenki.net\/de\/#website"},"primaryImageOfPage":{"@id":"https:\/\/malenki.net\/de\/produkt\/daniel-wagener-mind-matter\/#primaryimage"},"image":{"@id":"https:\/\/malenki.net\/de\/produkt\/daniel-wagener-mind-matter\/#primaryimage"},"thumbnailUrl":"https:\/\/malenki.net\/wp-content\/uploads\/2018\/12\/daniel-wagener-mind-matter-01.jpg","datePublished":"2018-12-03T12:27:39+00:00","dateModified":"2024-02-04T18:08:54+00:00","description":"'Mind Matter' von Daniel Wagner bei malenki.net","breadcrumb":{"@id":"https:\/\/malenki.net\/de\/produkt\/daniel-wagener-mind-matter\/#breadcrumb"},"inLanguage":"de","potentialAction":[{"@type":"ReadAction","target":["https:\/\/malenki.net\/de\/produkt\/daniel-wagener-mind-matter\/"]}]},{"@type":"ImageObject","inLanguage":"de","@id":"https:\/\/malenki.net\/de\/produkt\/daniel-wagener-mind-matter\/#primaryimage","url":"https:\/\/malenki.net\/wp-content\/uploads\/2018\/12\/daniel-wagener-mind-matter-01.jpg","contentUrl":"https:\/\/malenki.net\/wp-content\/uploads\/2018\/12\/daniel-wagener-mind-matter-01.jpg","width":1024,"height":819,"caption":"Mind Matter \u2014 Daniel Wagener"},{"@type":"BreadcrumbList","@id":"https:\/\/malenki.net\/de\/produkt\/daniel-wagener-mind-matter\/#breadcrumb","itemListElement":[{"@type":"ListItem","position":1,"name":"Home","item":"https:\/\/malenki.net\/de\/"},{"@type":"ListItem","position":2,"name":"Editionen","item":"https:\/\/malenki.net\/de\/"},{"@type":"ListItem","position":3,"name":"Mind Matter"}]},{"@type":"WebSite","@id":"https:\/\/malenki.net\/de\/#website","url":"https:\/\/malenki.net\/de\/","name":"malenki.net","description":"Fotografie Editionen","publisher":{"@id":"https:\/\/malenki.net\/de\/#organization"},"potentialAction":[{"@type":"SearchAction","target":{"@type":"EntryPoint","urlTemplate":"https:\/\/malenki.net\/de\/?s={search_term_string}"},"query-input":{"@type":"PropertyValueSpecification","valueRequired":true,"valueName":"search_term_string"}}],"inLanguage":"de"},{"@type":"Organization","@id":"https:\/\/malenki.net\/de\/#organization","name":"malenki.net","url":"https:\/\/malenki.net\/de\/","logo":{"@type":"ImageObject","inLanguage":"de","@id":"https:\/\/malenki.net\/de\/#\/schema\/logo\/image\/","url":"https:\/\/malenki.net\/wp-content\/uploads\/2023\/03\/malenki-logo-2019.gif","contentUrl":"https:\/\/malenki.net\/wp-content\/uploads\/2023\/03\/malenki-logo-2019.gif","width":524,"height":138,"caption":"malenki.net"},"image":{"@id":"https:\/\/malenki.net\/de\/#\/schema\/logo\/image\/"},"sameAs":["https:\/\/www.facebook.com\/malenki.editionen\/","https:\/\/www.instagram.com\/malenkinet\/"]}]}},"wps_subtitle":"Daniel Wagener","_links":{"self":[{"href":"https:\/\/malenki.net\/de\/wp-json\/wp\/v2\/product\/6773","targetHints":{"allow":["GET"]}}],"collection":[{"href":"https:\/\/malenki.net\/de\/wp-json\/wp\/v2\/product"}],"about":[{"href":"https:\/\/malenki.net\/de\/wp-json\/wp\/v2\/types\/product"}],"wp:featuredmedia":[{"embeddable":true,"href":"https:\/\/malenki.net\/de\/wp-json\/wp\/v2\/media\/8839"}],"wp:attachment":[{"href":"https:\/\/malenki.net\/de\/wp-json\/wp\/v2\/media?parent=6773"}],"wp:term":[{"taxonomy":"product_brand","embeddable":true,"href":"https:\/\/malenki.net\/de\/wp-json\/wp\/v2\/product_brand?post=6773"},{"taxonomy":"product_cat","embeddable":true,"href":"https:\/\/malenki.net\/de\/wp-json\/wp\/v2\/product_cat?post=6773"},{"taxonomy":"product_tag","embeddable":true,"href":"https:\/\/malenki.net\/de\/wp-json\/wp\/v2\/product_tag?post=6773"}],"curies":[{"name":"wp","href":"https:\/\/api.w.org\/{rel}","templated":true}]}}