{"id":6729,"date":"2018-11-07T20:57:51","date_gmt":"2018-11-07T19:57:51","guid":{"rendered":"https:\/\/malenki.net\/?post_type=product&#038;p=6729\/"},"modified":"2024-02-04T19:08:59","modified_gmt":"2024-02-04T18:08:59","slug":"siska-vandecasteele-forain-kaffers-en-boerin","status":"publish","type":"product","link":"https:\/\/malenki.net\/de\/produkt\/siska-vandecasteele-forain-kaffers-en-boerin\/","title":{"rendered":"Forain, Kaffers en Boerin"},"content":{"rendered":"<p>Drei Jahre lang folgt Siska Vandecasteele Johnny, der sein ganzes Leben lang Kaufmann war. Johnny gibt dem Fotografen einen Einblick in die sonst geschlossene Welt der Jahrm\u00e4rkte. Er \u00f6ffnet ihr die T\u00fcren seines Hauses und seines Wohnwagens. Er f\u00fchrt sie abwechselnd in die Irre und bringt sie zum Nachdenken.<\/p>\n<p>Dieses Buch beschreibt die Geschichte von Johnny in Wort und Bild. Ein typisch atypischer Schausteller. Siska Vandecasteele skizziert eine Welt im verschwindet. Eine Welt, die auf den ersten Blick anders zu sein scheint, aber sich letztendlich von der ihrer Besucher gar nicht so sehr unterscheidet.<\/p>\n","protected":false},"excerpt":{"rendered":"<p>2 Publikationen mit siebbedruckter H\u00fclle, M\u00fcnze<\/p>\n","protected":false},"featured_media":8859,"template":"","meta":{"pgc_sgb_lightbox_settings":""},"product_brand":[],"product_cat":[3504],"product_tag":[3869,3511,4116,5602,5586,4446,5582,4704,3510,3508,3509,3994],"class_list":{"0":"post-6729","1":"product","2":"type-product","3":"status-publish","4":"has-post-thumbnail","6":"product_cat-siska-vandecasteele-de","7":"product_tag-alltaglich","8":"product_tag-baeuerin","9":"product_tag-belgien","10":"product_tag-dokumentation","11":"product_tag-gemeinschaft","12":"product_tag-kaffers-de","13":"product_tag-patriarchat","14":"product_tag-portrait-de","15":"product_tag-schausteller","16":"product_tag-siska-vandecasteele-de","17":"product_tag-vandecasteele-de","18":"product_tag-zine-de","19":"entry","21":"first","22":"instock","23":"shipping-taxable","24":"purchasable","25":"product-type-simple"},"yoast_head":"<!-- This site is optimized with the Yoast SEO plugin v27.2 - https:\/\/yoast.com\/product\/yoast-seo-wordpress\/ -->\n<title>malenki.net | Forain, Kaffers en Boerin | Siska Vandecasteele<\/title>\n<meta name=\"description\" content=\"Forain, Kaffers en Boerin von Siska Vandecasteele bei malenki.net\" \/>\n<meta name=\"robots\" content=\"index, follow, max-snippet:-1, max-image-preview:large, max-video-preview:-1\" \/>\n<link rel=\"canonical\" href=\"https:\/\/malenki.net\/de\/produkt\/siska-vandecasteele-forain-kaffers-en-boerin\/\" \/>\n<meta property=\"og:locale\" content=\"de_DE\" \/>\n<meta property=\"og:type\" content=\"article\" \/>\n<meta property=\"og:title\" content=\"malenki.net | Forain, Kaffers en Boerin | Siska Vandecasteele\" \/>\n<meta property=\"og:description\" content=\"Forain, Kaffers en Boerin von Siska Vandecasteele bei malenki.net\" \/>\n<meta property=\"og:url\" content=\"https:\/\/malenki.net\/de\/produkt\/siska-vandecasteele-forain-kaffers-en-boerin\/\" \/>\n<meta property=\"og:site_name\" content=\"malenki.net\" \/>\n<meta property=\"article:publisher\" content=\"https:\/\/www.facebook.com\/malenki.editionen\/\" \/>\n<meta property=\"article:modified_time\" content=\"2024-02-04T18:08:59+00:00\" \/>\n<meta property=\"og:image\" content=\"https:\/\/malenki.net\/wp-content\/uploads\/2018\/11\/siska-vandecasteele-forain-kaffers-boerin-01.jpg\" \/>\n\t<meta property=\"og:image:width\" content=\"1024\" \/>\n\t<meta property=\"og:image:height\" content=\"819\" \/>\n\t<meta property=\"og:image:type\" content=\"image\/jpeg\" \/>\n<meta name=\"twitter:card\" content=\"summary_large_image\" \/>\n<script type=\"application\/ld+json\" class=\"yoast-schema-graph\">{\"@context\":\"https:\/\/schema.org\",\"@graph\":[{\"@type\":\"WebPage\",\"@id\":\"https:\/\/malenki.net\/de\/produkt\/siska-vandecasteele-forain-kaffers-en-boerin\/\",\"url\":\"https:\/\/malenki.net\/de\/produkt\/siska-vandecasteele-forain-kaffers-en-boerin\/\",\"name\":\"malenki.net | Forain, Kaffers en Boerin | Siska Vandecasteele\",\"isPartOf\":{\"@id\":\"https:\/\/malenki.net\/de\/#website\"},\"primaryImageOfPage\":{\"@id\":\"https:\/\/malenki.net\/de\/produkt\/siska-vandecasteele-forain-kaffers-en-boerin\/#primaryimage\"},\"image\":{\"@id\":\"https:\/\/malenki.net\/de\/produkt\/siska-vandecasteele-forain-kaffers-en-boerin\/#primaryimage\"},\"thumbnailUrl\":\"https:\/\/malenki.net\/wp-content\/uploads\/2018\/11\/siska-vandecasteele-forain-kaffers-boerin-01.jpg\",\"datePublished\":\"2018-11-07T19:57:51+00:00\",\"dateModified\":\"2024-02-04T18:08:59+00:00\",\"description\":\"Forain, Kaffers en Boerin von Siska Vandecasteele bei malenki.net\",\"breadcrumb\":{\"@id\":\"https:\/\/malenki.net\/de\/produkt\/siska-vandecasteele-forain-kaffers-en-boerin\/#breadcrumb\"},\"inLanguage\":\"de\",\"potentialAction\":[{\"@type\":\"ReadAction\",\"target\":[\"https:\/\/malenki.net\/de\/produkt\/siska-vandecasteele-forain-kaffers-en-boerin\/\"]}]},{\"@type\":\"ImageObject\",\"inLanguage\":\"de\",\"@id\":\"https:\/\/malenki.net\/de\/produkt\/siska-vandecasteele-forain-kaffers-en-boerin\/#primaryimage\",\"url\":\"https:\/\/malenki.net\/wp-content\/uploads\/2018\/11\/siska-vandecasteele-forain-kaffers-boerin-01.jpg\",\"contentUrl\":\"https:\/\/malenki.net\/wp-content\/uploads\/2018\/11\/siska-vandecasteele-forain-kaffers-boerin-01.jpg\",\"width\":1024,\"height\":819,\"caption\":\"Forain, Kaffers en Boerin \u2014 Siska Vandecasteele\"},{\"@type\":\"BreadcrumbList\",\"@id\":\"https:\/\/malenki.net\/de\/produkt\/siska-vandecasteele-forain-kaffers-en-boerin\/#breadcrumb\",\"itemListElement\":[{\"@type\":\"ListItem\",\"position\":1,\"name\":\"Home\",\"item\":\"https:\/\/malenki.net\/de\/\"},{\"@type\":\"ListItem\",\"position\":2,\"name\":\"Editionen\",\"item\":\"https:\/\/malenki.net\/de\/\"},{\"@type\":\"ListItem\",\"position\":3,\"name\":\"Forain, Kaffers en Boerin\"}]},{\"@type\":\"WebSite\",\"@id\":\"https:\/\/malenki.net\/de\/#website\",\"url\":\"https:\/\/malenki.net\/de\/\",\"name\":\"malenki.net\",\"description\":\"Fotografie Editionen\",\"publisher\":{\"@id\":\"https:\/\/malenki.net\/de\/#organization\"},\"potentialAction\":[{\"@type\":\"SearchAction\",\"target\":{\"@type\":\"EntryPoint\",\"urlTemplate\":\"https:\/\/malenki.net\/de\/?s={search_term_string}\"},\"query-input\":{\"@type\":\"PropertyValueSpecification\",\"valueRequired\":true,\"valueName\":\"search_term_string\"}}],\"inLanguage\":\"de\"},{\"@type\":\"Organization\",\"@id\":\"https:\/\/malenki.net\/de\/#organization\",\"name\":\"malenki.net\",\"url\":\"https:\/\/malenki.net\/de\/\",\"logo\":{\"@type\":\"ImageObject\",\"inLanguage\":\"de\",\"@id\":\"https:\/\/malenki.net\/de\/#\/schema\/logo\/image\/\",\"url\":\"https:\/\/malenki.net\/wp-content\/uploads\/2023\/03\/malenki-logo-2019.gif\",\"contentUrl\":\"https:\/\/malenki.net\/wp-content\/uploads\/2023\/03\/malenki-logo-2019.gif\",\"width\":524,\"height\":138,\"caption\":\"malenki.net\"},\"image\":{\"@id\":\"https:\/\/malenki.net\/de\/#\/schema\/logo\/image\/\"},\"sameAs\":[\"https:\/\/www.facebook.com\/malenki.editionen\/\",\"https:\/\/www.instagram.com\/malenkinet\/\"]}]}<\/script>\n<!-- \/ Yoast SEO plugin. -->","yoast_head_json":{"title":"malenki.net | Forain, Kaffers en Boerin | Siska Vandecasteele","description":"Forain, Kaffers en Boerin von Siska Vandecasteele bei malenki.net","robots":{"index":"index","follow":"follow","max-snippet":"max-snippet:-1","max-image-preview":"max-image-preview:large","max-video-preview":"max-video-preview:-1"},"canonical":"https:\/\/malenki.net\/de\/produkt\/siska-vandecasteele-forain-kaffers-en-boerin\/","og_locale":"de_DE","og_type":"article","og_title":"malenki.net | Forain, Kaffers en Boerin | Siska Vandecasteele","og_description":"Forain, Kaffers en Boerin von Siska Vandecasteele bei malenki.net","og_url":"https:\/\/malenki.net\/de\/produkt\/siska-vandecasteele-forain-kaffers-en-boerin\/","og_site_name":"malenki.net","article_publisher":"https:\/\/www.facebook.com\/malenki.editionen\/","article_modified_time":"2024-02-04T18:08:59+00:00","og_image":[{"width":1024,"height":819,"url":"https:\/\/malenki.net\/wp-content\/uploads\/2018\/11\/siska-vandecasteele-forain-kaffers-boerin-01.jpg","type":"image\/jpeg"}],"twitter_card":"summary_large_image","schema":{"@context":"https:\/\/schema.org","@graph":[{"@type":"WebPage","@id":"https:\/\/malenki.net\/de\/produkt\/siska-vandecasteele-forain-kaffers-en-boerin\/","url":"https:\/\/malenki.net\/de\/produkt\/siska-vandecasteele-forain-kaffers-en-boerin\/","name":"malenki.net | Forain, Kaffers en Boerin | Siska Vandecasteele","isPartOf":{"@id":"https:\/\/malenki.net\/de\/#website"},"primaryImageOfPage":{"@id":"https:\/\/malenki.net\/de\/produkt\/siska-vandecasteele-forain-kaffers-en-boerin\/#primaryimage"},"image":{"@id":"https:\/\/malenki.net\/de\/produkt\/siska-vandecasteele-forain-kaffers-en-boerin\/#primaryimage"},"thumbnailUrl":"https:\/\/malenki.net\/wp-content\/uploads\/2018\/11\/siska-vandecasteele-forain-kaffers-boerin-01.jpg","datePublished":"2018-11-07T19:57:51+00:00","dateModified":"2024-02-04T18:08:59+00:00","description":"Forain, Kaffers en Boerin von Siska Vandecasteele bei malenki.net","breadcrumb":{"@id":"https:\/\/malenki.net\/de\/produkt\/siska-vandecasteele-forain-kaffers-en-boerin\/#breadcrumb"},"inLanguage":"de","potentialAction":[{"@type":"ReadAction","target":["https:\/\/malenki.net\/de\/produkt\/siska-vandecasteele-forain-kaffers-en-boerin\/"]}]},{"@type":"ImageObject","inLanguage":"de","@id":"https:\/\/malenki.net\/de\/produkt\/siska-vandecasteele-forain-kaffers-en-boerin\/#primaryimage","url":"https:\/\/malenki.net\/wp-content\/uploads\/2018\/11\/siska-vandecasteele-forain-kaffers-boerin-01.jpg","contentUrl":"https:\/\/malenki.net\/wp-content\/uploads\/2018\/11\/siska-vandecasteele-forain-kaffers-boerin-01.jpg","width":1024,"height":819,"caption":"Forain, Kaffers en Boerin \u2014 Siska Vandecasteele"},{"@type":"BreadcrumbList","@id":"https:\/\/malenki.net\/de\/produkt\/siska-vandecasteele-forain-kaffers-en-boerin\/#breadcrumb","itemListElement":[{"@type":"ListItem","position":1,"name":"Home","item":"https:\/\/malenki.net\/de\/"},{"@type":"ListItem","position":2,"name":"Editionen","item":"https:\/\/malenki.net\/de\/"},{"@type":"ListItem","position":3,"name":"Forain, Kaffers en Boerin"}]},{"@type":"WebSite","@id":"https:\/\/malenki.net\/de\/#website","url":"https:\/\/malenki.net\/de\/","name":"malenki.net","description":"Fotografie Editionen","publisher":{"@id":"https:\/\/malenki.net\/de\/#organization"},"potentialAction":[{"@type":"SearchAction","target":{"@type":"EntryPoint","urlTemplate":"https:\/\/malenki.net\/de\/?s={search_term_string}"},"query-input":{"@type":"PropertyValueSpecification","valueRequired":true,"valueName":"search_term_string"}}],"inLanguage":"de"},{"@type":"Organization","@id":"https:\/\/malenki.net\/de\/#organization","name":"malenki.net","url":"https:\/\/malenki.net\/de\/","logo":{"@type":"ImageObject","inLanguage":"de","@id":"https:\/\/malenki.net\/de\/#\/schema\/logo\/image\/","url":"https:\/\/malenki.net\/wp-content\/uploads\/2023\/03\/malenki-logo-2019.gif","contentUrl":"https:\/\/malenki.net\/wp-content\/uploads\/2023\/03\/malenki-logo-2019.gif","width":524,"height":138,"caption":"malenki.net"},"image":{"@id":"https:\/\/malenki.net\/de\/#\/schema\/logo\/image\/"},"sameAs":["https:\/\/www.facebook.com\/malenki.editionen\/","https:\/\/www.instagram.com\/malenkinet\/"]}]}},"wps_subtitle":"Siska Vandecasteele","_links":{"self":[{"href":"https:\/\/malenki.net\/de\/wp-json\/wp\/v2\/product\/6729","targetHints":{"allow":["GET"]}}],"collection":[{"href":"https:\/\/malenki.net\/de\/wp-json\/wp\/v2\/product"}],"about":[{"href":"https:\/\/malenki.net\/de\/wp-json\/wp\/v2\/types\/product"}],"wp:featuredmedia":[{"embeddable":true,"href":"https:\/\/malenki.net\/de\/wp-json\/wp\/v2\/media\/8859"}],"wp:attachment":[{"href":"https:\/\/malenki.net\/de\/wp-json\/wp\/v2\/media?parent=6729"}],"wp:term":[{"taxonomy":"product_brand","embeddable":true,"href":"https:\/\/malenki.net\/de\/wp-json\/wp\/v2\/product_brand?post=6729"},{"taxonomy":"product_cat","embeddable":true,"href":"https:\/\/malenki.net\/de\/wp-json\/wp\/v2\/product_cat?post=6729"},{"taxonomy":"product_tag","embeddable":true,"href":"https:\/\/malenki.net\/de\/wp-json\/wp\/v2\/product_tag?post=6729"}],"curies":[{"name":"wp","href":"https:\/\/api.w.org\/{rel}","templated":true}]}}