{"id":6696,"date":"2018-12-03T15:10:03","date_gmt":"2018-12-03T14:10:03","guid":{"rendered":"https:\/\/malenki.net\/product\/sarah-michel-comme-la-proue-dun-navire\/"},"modified":"2024-02-04T19:08:48","modified_gmt":"2024-02-04T18:08:48","slug":"sarah-michel-comme-la-proue-dun-navire","status":"publish","type":"product","link":"https:\/\/malenki.net\/de\/produkt\/sarah-michel-comme-la-proue-dun-navire\/","title":{"rendered":"Comme la proue d\u2019un navire"},"content":{"rendered":"<p><em>Comme la proue d\u2019un navire<\/em> ist eine Bildersammlung, Schnappsch\u00fcsse, die durch methodische Recherche im Internet gesammelt und zu einem Archiv vereint wurden. Die Ergebnisse sind nicht unbedingt umfassend und entsprechen dem Eintrag &#8222;Pyramide\u201c in eine Suchmaschine zu einem bestimmten Zeitpunkt. Die Kunst des Sammelns wird als ein Weg verstanden, das Verstreute zu vereinen, ein Inventar vom Inventar zu erstellen, aber auch als Willen, die fl\u00fcchtige und virtuelle Natur dieser Fotografien abzuwehren. <em>Comme la proue d\u2019un navire<\/em> als Buch ist auch eine Studie \u00fcber Form und unendliche architektonische Deklination, zu denen es auf der ganzen Welt Anlass gegeben hat. Durch die Vielfalt der Nutzungen, Stile und Kontexte wird die Faszination f\u00fcr diese einfache geometrische Form und deren symbolische Ausdehnung sichtbar; die wiederkehrende Affinit\u00e4t f\u00fcr die Figur der Pyramide als soziale oder spirituelle Erhebung. Die Betonung auf sie, ob visuell oder literarisch, oszilliert zwischen Romantik, Kitsch, Gr\u00f6\u00dfenwahn und Esoterik \u2014 mit allgegenw\u00e4rtigem Filigranismus, die Beharrlichkeit der Antike.<\/p>\n","protected":false},"excerpt":{"rendered":"<p>Comme la proue d\u2019un navire ist eine Bildersammlung, Schnappsch\u00fcsse, die durch methodische Recherche im Internet gesammelt und zu einem Archiv vereint wurden. Die Ergebnisse sind nicht unbedingt umfassend und entsprechen dem Eintrag &#8222;Pyramide\u201c in eine Suchmaschine zu einem bestimmten Zeitpunkt. Die Kunst des Sammelns wird als ein Weg verstanden, das Verstreute zu vereinen, ein Inventar&hellip; <a class=\"more-link\" href=\"https:\/\/malenki.net\/de\/produkt\/sarah-michel-comme-la-proue-dun-navire\/\"><span class=\"screen-reader-text\">Comme la proue d\u2019un navire<\/span> weiterlesen<\/a><\/p>\n","protected":false},"featured_media":6297,"template":"","meta":{"pgc_sgb_lightbox_settings":""},"product_brand":[],"product_cat":[3495],"product_tag":[3982,2789,3497,3906,3988,3973,1504,3992,2233,3496,3994],"class_list":{"0":"post-6696","1":"product","2":"type-product","3":"status-publish","4":"has-post-thumbnail","6":"product_cat-sarah-michel-de","7":"product_tag-architektur","8":"product_tag-chez-rosi-de","9":"product_tag-comme-la-proue-dun-navire-de","10":"product_tag-filigranes-editions-de","11":"product_tag-indekeuken-editions-de","12":"product_tag-internet-de","13":"product_tag-michel-de","14":"product_tag-pyramide","15":"product_tag-riso-de","16":"product_tag-sarah-michel-de","17":"product_tag-zine-de","18":"entry","20":"first","21":"instock","22":"shipping-taxable","23":"purchasable","24":"product-type-simple"},"yoast_head":"<!-- This site is optimized with the Yoast SEO plugin v27.2 - https:\/\/yoast.com\/product\/yoast-seo-wordpress\/ -->\n<title>malenki.net | Comme la proue d\u2019un navire | Sarah Michel<\/title>\n<meta name=\"description\" content=\"&#039;Comme la proue d\u2019un navire&#039; by Sarah Michel at malenki.net\" \/>\n<meta name=\"robots\" content=\"index, follow, max-snippet:-1, max-image-preview:large, max-video-preview:-1\" \/>\n<link rel=\"canonical\" href=\"https:\/\/malenki.net\/de\/produkt\/sarah-michel-comme-la-proue-dun-navire\/\" \/>\n<meta property=\"og:locale\" content=\"de_DE\" \/>\n<meta property=\"og:type\" content=\"article\" \/>\n<meta property=\"og:title\" content=\"malenki.net | Comme la proue d\u2019un navire | Sarah Michel\" \/>\n<meta property=\"og:description\" content=\"&#039;Comme la proue d\u2019un navire&#039; by Sarah Michel at malenki.net\" \/>\n<meta property=\"og:url\" content=\"https:\/\/malenki.net\/de\/produkt\/sarah-michel-comme-la-proue-dun-navire\/\" \/>\n<meta property=\"og:site_name\" content=\"malenki.net\" \/>\n<meta property=\"article:publisher\" content=\"https:\/\/www.facebook.com\/malenki.editionen\/\" \/>\n<meta property=\"article:modified_time\" content=\"2024-02-04T18:08:48+00:00\" \/>\n<meta property=\"og:image\" content=\"https:\/\/malenki.net\/wp-content\/uploads\/2018\/12\/sarah-michel-comme-la-proue-dun-navire-01.jpg\" \/>\n\t<meta property=\"og:image:width\" content=\"1024\" \/>\n\t<meta property=\"og:image:height\" content=\"819\" \/>\n\t<meta property=\"og:image:type\" content=\"image\/jpeg\" \/>\n<meta name=\"twitter:card\" content=\"summary_large_image\" \/>\n<meta name=\"twitter:label1\" content=\"Gesch\u00e4tzte Lesezeit\" \/>\n\t<meta name=\"twitter:data1\" content=\"1\u00a0Minute\" \/>\n<script type=\"application\/ld+json\" class=\"yoast-schema-graph\">{\"@context\":\"https:\/\/schema.org\",\"@graph\":[{\"@type\":\"WebPage\",\"@id\":\"https:\/\/malenki.net\/de\/produkt\/sarah-michel-comme-la-proue-dun-navire\/\",\"url\":\"https:\/\/malenki.net\/de\/produkt\/sarah-michel-comme-la-proue-dun-navire\/\",\"name\":\"malenki.net | Comme la proue d\u2019un navire | Sarah Michel\",\"isPartOf\":{\"@id\":\"https:\/\/malenki.net\/de\/#website\"},\"primaryImageOfPage\":{\"@id\":\"https:\/\/malenki.net\/de\/produkt\/sarah-michel-comme-la-proue-dun-navire\/#primaryimage\"},\"image\":{\"@id\":\"https:\/\/malenki.net\/de\/produkt\/sarah-michel-comme-la-proue-dun-navire\/#primaryimage\"},\"thumbnailUrl\":\"https:\/\/malenki.net\/wp-content\/uploads\/2018\/12\/sarah-michel-comme-la-proue-dun-navire-01.jpg\",\"datePublished\":\"2018-12-03T14:10:03+00:00\",\"dateModified\":\"2024-02-04T18:08:48+00:00\",\"description\":\"'Comme la proue d\u2019un navire' by Sarah Michel at malenki.net\",\"breadcrumb\":{\"@id\":\"https:\/\/malenki.net\/de\/produkt\/sarah-michel-comme-la-proue-dun-navire\/#breadcrumb\"},\"inLanguage\":\"de\",\"potentialAction\":[{\"@type\":\"ReadAction\",\"target\":[\"https:\/\/malenki.net\/de\/produkt\/sarah-michel-comme-la-proue-dun-navire\/\"]}]},{\"@type\":\"ImageObject\",\"inLanguage\":\"de\",\"@id\":\"https:\/\/malenki.net\/de\/produkt\/sarah-michel-comme-la-proue-dun-navire\/#primaryimage\",\"url\":\"https:\/\/malenki.net\/wp-content\/uploads\/2018\/12\/sarah-michel-comme-la-proue-dun-navire-01.jpg\",\"contentUrl\":\"https:\/\/malenki.net\/wp-content\/uploads\/2018\/12\/sarah-michel-comme-la-proue-dun-navire-01.jpg\",\"width\":1024,\"height\":819,\"caption\":\"Comme la proue d\u2019un navire \u2014 Sarah Michel\"},{\"@type\":\"BreadcrumbList\",\"@id\":\"https:\/\/malenki.net\/de\/produkt\/sarah-michel-comme-la-proue-dun-navire\/#breadcrumb\",\"itemListElement\":[{\"@type\":\"ListItem\",\"position\":1,\"name\":\"Home\",\"item\":\"https:\/\/malenki.net\/de\/\"},{\"@type\":\"ListItem\",\"position\":2,\"name\":\"Editionen\",\"item\":\"https:\/\/malenki.net\/de\/\"},{\"@type\":\"ListItem\",\"position\":3,\"name\":\"Comme la proue d\u2019un navire\"}]},{\"@type\":\"WebSite\",\"@id\":\"https:\/\/malenki.net\/de\/#website\",\"url\":\"https:\/\/malenki.net\/de\/\",\"name\":\"malenki.net\",\"description\":\"Fotografie Editionen\",\"publisher\":{\"@id\":\"https:\/\/malenki.net\/de\/#organization\"},\"potentialAction\":[{\"@type\":\"SearchAction\",\"target\":{\"@type\":\"EntryPoint\",\"urlTemplate\":\"https:\/\/malenki.net\/de\/?s={search_term_string}\"},\"query-input\":{\"@type\":\"PropertyValueSpecification\",\"valueRequired\":true,\"valueName\":\"search_term_string\"}}],\"inLanguage\":\"de\"},{\"@type\":\"Organization\",\"@id\":\"https:\/\/malenki.net\/de\/#organization\",\"name\":\"malenki.net\",\"url\":\"https:\/\/malenki.net\/de\/\",\"logo\":{\"@type\":\"ImageObject\",\"inLanguage\":\"de\",\"@id\":\"https:\/\/malenki.net\/de\/#\/schema\/logo\/image\/\",\"url\":\"https:\/\/malenki.net\/wp-content\/uploads\/2023\/03\/malenki-logo-2019.gif\",\"contentUrl\":\"https:\/\/malenki.net\/wp-content\/uploads\/2023\/03\/malenki-logo-2019.gif\",\"width\":524,\"height\":138,\"caption\":\"malenki.net\"},\"image\":{\"@id\":\"https:\/\/malenki.net\/de\/#\/schema\/logo\/image\/\"},\"sameAs\":[\"https:\/\/www.facebook.com\/malenki.editionen\/\",\"https:\/\/www.instagram.com\/malenkinet\/\"]}]}<\/script>\n<!-- \/ Yoast SEO plugin. -->","yoast_head_json":{"title":"malenki.net | Comme la proue d\u2019un navire | Sarah Michel","description":"'Comme la proue d\u2019un navire' by Sarah Michel at malenki.net","robots":{"index":"index","follow":"follow","max-snippet":"max-snippet:-1","max-image-preview":"max-image-preview:large","max-video-preview":"max-video-preview:-1"},"canonical":"https:\/\/malenki.net\/de\/produkt\/sarah-michel-comme-la-proue-dun-navire\/","og_locale":"de_DE","og_type":"article","og_title":"malenki.net | Comme la proue d\u2019un navire | Sarah Michel","og_description":"'Comme la proue d\u2019un navire' by Sarah Michel at malenki.net","og_url":"https:\/\/malenki.net\/de\/produkt\/sarah-michel-comme-la-proue-dun-navire\/","og_site_name":"malenki.net","article_publisher":"https:\/\/www.facebook.com\/malenki.editionen\/","article_modified_time":"2024-02-04T18:08:48+00:00","og_image":[{"width":1024,"height":819,"url":"https:\/\/malenki.net\/wp-content\/uploads\/2018\/12\/sarah-michel-comme-la-proue-dun-navire-01.jpg","type":"image\/jpeg"}],"twitter_card":"summary_large_image","twitter_misc":{"Gesch\u00e4tzte Lesezeit":"1\u00a0Minute"},"schema":{"@context":"https:\/\/schema.org","@graph":[{"@type":"WebPage","@id":"https:\/\/malenki.net\/de\/produkt\/sarah-michel-comme-la-proue-dun-navire\/","url":"https:\/\/malenki.net\/de\/produkt\/sarah-michel-comme-la-proue-dun-navire\/","name":"malenki.net | Comme la proue d\u2019un navire | Sarah Michel","isPartOf":{"@id":"https:\/\/malenki.net\/de\/#website"},"primaryImageOfPage":{"@id":"https:\/\/malenki.net\/de\/produkt\/sarah-michel-comme-la-proue-dun-navire\/#primaryimage"},"image":{"@id":"https:\/\/malenki.net\/de\/produkt\/sarah-michel-comme-la-proue-dun-navire\/#primaryimage"},"thumbnailUrl":"https:\/\/malenki.net\/wp-content\/uploads\/2018\/12\/sarah-michel-comme-la-proue-dun-navire-01.jpg","datePublished":"2018-12-03T14:10:03+00:00","dateModified":"2024-02-04T18:08:48+00:00","description":"'Comme la proue d\u2019un navire' by Sarah Michel at malenki.net","breadcrumb":{"@id":"https:\/\/malenki.net\/de\/produkt\/sarah-michel-comme-la-proue-dun-navire\/#breadcrumb"},"inLanguage":"de","potentialAction":[{"@type":"ReadAction","target":["https:\/\/malenki.net\/de\/produkt\/sarah-michel-comme-la-proue-dun-navire\/"]}]},{"@type":"ImageObject","inLanguage":"de","@id":"https:\/\/malenki.net\/de\/produkt\/sarah-michel-comme-la-proue-dun-navire\/#primaryimage","url":"https:\/\/malenki.net\/wp-content\/uploads\/2018\/12\/sarah-michel-comme-la-proue-dun-navire-01.jpg","contentUrl":"https:\/\/malenki.net\/wp-content\/uploads\/2018\/12\/sarah-michel-comme-la-proue-dun-navire-01.jpg","width":1024,"height":819,"caption":"Comme la proue d\u2019un navire \u2014 Sarah Michel"},{"@type":"BreadcrumbList","@id":"https:\/\/malenki.net\/de\/produkt\/sarah-michel-comme-la-proue-dun-navire\/#breadcrumb","itemListElement":[{"@type":"ListItem","position":1,"name":"Home","item":"https:\/\/malenki.net\/de\/"},{"@type":"ListItem","position":2,"name":"Editionen","item":"https:\/\/malenki.net\/de\/"},{"@type":"ListItem","position":3,"name":"Comme la proue d\u2019un navire"}]},{"@type":"WebSite","@id":"https:\/\/malenki.net\/de\/#website","url":"https:\/\/malenki.net\/de\/","name":"malenki.net","description":"Fotografie Editionen","publisher":{"@id":"https:\/\/malenki.net\/de\/#organization"},"potentialAction":[{"@type":"SearchAction","target":{"@type":"EntryPoint","urlTemplate":"https:\/\/malenki.net\/de\/?s={search_term_string}"},"query-input":{"@type":"PropertyValueSpecification","valueRequired":true,"valueName":"search_term_string"}}],"inLanguage":"de"},{"@type":"Organization","@id":"https:\/\/malenki.net\/de\/#organization","name":"malenki.net","url":"https:\/\/malenki.net\/de\/","logo":{"@type":"ImageObject","inLanguage":"de","@id":"https:\/\/malenki.net\/de\/#\/schema\/logo\/image\/","url":"https:\/\/malenki.net\/wp-content\/uploads\/2023\/03\/malenki-logo-2019.gif","contentUrl":"https:\/\/malenki.net\/wp-content\/uploads\/2023\/03\/malenki-logo-2019.gif","width":524,"height":138,"caption":"malenki.net"},"image":{"@id":"https:\/\/malenki.net\/de\/#\/schema\/logo\/image\/"},"sameAs":["https:\/\/www.facebook.com\/malenki.editionen\/","https:\/\/www.instagram.com\/malenkinet\/"]}]}},"wps_subtitle":"Sarah Michel","_links":{"self":[{"href":"https:\/\/malenki.net\/de\/wp-json\/wp\/v2\/product\/6696","targetHints":{"allow":["GET"]}}],"collection":[{"href":"https:\/\/malenki.net\/de\/wp-json\/wp\/v2\/product"}],"about":[{"href":"https:\/\/malenki.net\/de\/wp-json\/wp\/v2\/types\/product"}],"wp:featuredmedia":[{"embeddable":true,"href":"https:\/\/malenki.net\/de\/wp-json\/wp\/v2\/media\/6297"}],"wp:attachment":[{"href":"https:\/\/malenki.net\/de\/wp-json\/wp\/v2\/media?parent=6696"}],"wp:term":[{"taxonomy":"product_brand","embeddable":true,"href":"https:\/\/malenki.net\/de\/wp-json\/wp\/v2\/product_brand?post=6696"},{"taxonomy":"product_cat","embeddable":true,"href":"https:\/\/malenki.net\/de\/wp-json\/wp\/v2\/product_cat?post=6696"},{"taxonomy":"product_tag","embeddable":true,"href":"https:\/\/malenki.net\/de\/wp-json\/wp\/v2\/product_tag?post=6696"}],"curies":[{"name":"wp","href":"https:\/\/api.w.org\/{rel}","templated":true}]}}