{"id":6461,"date":"2019-06-28T09:55:06","date_gmt":"2019-06-28T07:55:06","guid":{"rendered":"https:\/\/malenki.net\/product\/errors-and-residuals-a-nest-sarah-van-marcke\/"},"modified":"2024-02-04T19:06:03","modified_gmt":"2024-02-04T18:06:03","slug":"errors-and-residuals-a-nest-sarah-van-marcke","status":"publish","type":"product","link":"https:\/\/malenki.net\/de\/produkt\/errors-and-residuals-a-nest-sarah-van-marcke\/","title":{"rendered":"Errors And Residuals &#8211; a nest"},"content":{"rendered":"<p><i>Errors And Residuals<\/i>\u00a0ist eine laufende Reihe kleiner K\u00fcnstlerpublikationen von Sarah Van Marcke in denen sie das Archiv von Ignace D.K. untersucht, einem Mann, den sie im Leben nie gekannt hat. Ignace starb im Jahr 2013, einige Monate bevor ihre Eltern in das Haus in den W\u00e4ldern einzogen, in dem er lebte. In diesem Haus entdeckte Van Marcke Ignaces Universum: perfekt organisiert, geordnet und orchestriert. Alles, was zur\u00fcckgelassen wurde, wurde mit Grund zur\u00fcckgelassen. Ignace D.K. stellte sicher, dass auch nach seinem Tod alles so bleiben w\u00fcrde, wie er es f\u00fcr richtig hielt. Van Marcke nutzt das Archiv, um \u00fcber unseren Drang zur Kontrolle und \u00fcber diejenigen Strategien zu sprechen, die wir entwickeln, um uns vor dem Zufall der Existenz zu sch\u00fctzen.<\/p>\n<p class=\"p1\">In dem Teil mit dem Titel <em>a nest<\/em> konzentriert sich Van Marcke auf die quadratische architektonische Form von Vogelh\u00e4uschen als Metapher f\u00fcr die Kontrolle, die der Mensch der Natur aufzwingt. V\u00f6gel werden in eine scheinbar perfekte Umgebung eingeladen, in der Themen wie Komfort, Sicherheit, Schutz und Wetterbest\u00e4ndigkeit weitgehend ber\u00fccksichtigt werden und eine Umgebung geschaffen wird, f\u00fcr die Produktion von perfekt quadratischer Nester. Mit einer Kombination aus wissenschaftlicher Pr\u00e4zision und scheinbar ritueller Gesten, zerlegt Van Marcke alle Vogelh\u00e4uschen von Ignace um deren Nester freizulegen.<\/p>\n","protected":false},"excerpt":{"rendered":"<p>Mit Unterst\u00fctzung der Research-Unit Intermedia Luca School of Arts, Br\u00fcssel und CCHA Hasselt.<\/p>\n","protected":false},"featured_media":6414,"template":"","meta":{"pgc_sgb_lightbox_settings":""},"product_brand":[],"product_cat":[3402],"product_tag":[3869,4757,4116,3431,3408,3403,3430,3407,3406,5634,3994],"class_list":{"0":"post-6461","1":"product","2":"type-product","3":"status-publish","4":"has-post-thumbnail","6":"product_cat-sarah-van-marcke-de","7":"product_tag-alltaglich","8":"product_tag-archiv","9":"product_tag-belgien","10":"product_tag-ein-nest","11":"product_tag-errors-and-residuals-de","12":"product_tag-marcke-de","13":"product_tag-nest-de","14":"product_tag-sarah-van-marcke-de","15":"product_tag-van-marcke-de","16":"product_tag-welmer-keesmaat-de","17":"product_tag-zine-de","18":"entry","20":"first","21":"instock","22":"shipping-taxable","23":"purchasable","24":"product-type-simple"},"yoast_head":"<!-- This site is optimized with the Yoast SEO plugin v27.2 - https:\/\/yoast.com\/product\/yoast-seo-wordpress\/ -->\n<title>malenki.net | Errors And Residuals - a nest | Sarah van Marcke<\/title>\n<meta name=\"description\" content=\"&#039;Errors And Residuals&#039; von Sarah van Marcke bei malenki.net\" \/>\n<meta name=\"robots\" content=\"index, follow, max-snippet:-1, max-image-preview:large, max-video-preview:-1\" \/>\n<link rel=\"canonical\" href=\"https:\/\/malenki.net\/de\/produkt\/errors-and-residuals-a-nest-sarah-van-marcke\/\" \/>\n<meta property=\"og:locale\" content=\"de_DE\" \/>\n<meta property=\"og:type\" content=\"article\" \/>\n<meta property=\"og:title\" content=\"Errors And Residuals - a nest von Sarah van Marcke\" \/>\n<meta property=\"og:description\" content=\"&#039;Errors And Residuals&#039; von Sarah van Marcke bei malenki.net\" \/>\n<meta property=\"og:url\" content=\"https:\/\/malenki.net\/de\/produkt\/errors-and-residuals-a-nest-sarah-van-marcke\/\" \/>\n<meta property=\"og:site_name\" content=\"malenki.net\" \/>\n<meta property=\"article:publisher\" content=\"https:\/\/www.facebook.com\/malenki.editionen\/\" \/>\n<meta property=\"article:modified_time\" content=\"2024-02-04T18:06:03+00:00\" \/>\n<meta property=\"og:image\" content=\"https:\/\/malenki.net\/wp-content\/uploads\/2019\/06\/sarah-van-marcke-a-nest-01.jpg\" \/>\n\t<meta property=\"og:image:width\" content=\"1024\" \/>\n\t<meta property=\"og:image:height\" content=\"819\" \/>\n\t<meta property=\"og:image:type\" content=\"image\/jpeg\" \/>\n<meta name=\"twitter:card\" content=\"summary_large_image\" \/>\n<meta name=\"twitter:label1\" content=\"Gesch\u00e4tzte Lesezeit\" \/>\n\t<meta name=\"twitter:data1\" content=\"1\u00a0Minute\" \/>\n<script type=\"application\/ld+json\" class=\"yoast-schema-graph\">{\"@context\":\"https:\/\/schema.org\",\"@graph\":[{\"@type\":\"WebPage\",\"@id\":\"https:\/\/malenki.net\/de\/produkt\/errors-and-residuals-a-nest-sarah-van-marcke\/\",\"url\":\"https:\/\/malenki.net\/de\/produkt\/errors-and-residuals-a-nest-sarah-van-marcke\/\",\"name\":\"malenki.net | Errors And Residuals - a nest | Sarah van Marcke\",\"isPartOf\":{\"@id\":\"https:\/\/malenki.net\/de\/#website\"},\"primaryImageOfPage\":{\"@id\":\"https:\/\/malenki.net\/de\/produkt\/errors-and-residuals-a-nest-sarah-van-marcke\/#primaryimage\"},\"image\":{\"@id\":\"https:\/\/malenki.net\/de\/produkt\/errors-and-residuals-a-nest-sarah-van-marcke\/#primaryimage\"},\"thumbnailUrl\":\"https:\/\/malenki.net\/wp-content\/uploads\/2019\/06\/sarah-van-marcke-a-nest-01.jpg\",\"datePublished\":\"2019-06-28T07:55:06+00:00\",\"dateModified\":\"2024-02-04T18:06:03+00:00\",\"description\":\"'Errors And Residuals' von Sarah van Marcke bei malenki.net\",\"breadcrumb\":{\"@id\":\"https:\/\/malenki.net\/de\/produkt\/errors-and-residuals-a-nest-sarah-van-marcke\/#breadcrumb\"},\"inLanguage\":\"de\",\"potentialAction\":[{\"@type\":\"ReadAction\",\"target\":[\"https:\/\/malenki.net\/de\/produkt\/errors-and-residuals-a-nest-sarah-van-marcke\/\"]}]},{\"@type\":\"ImageObject\",\"inLanguage\":\"de\",\"@id\":\"https:\/\/malenki.net\/de\/produkt\/errors-and-residuals-a-nest-sarah-van-marcke\/#primaryimage\",\"url\":\"https:\/\/malenki.net\/wp-content\/uploads\/2019\/06\/sarah-van-marcke-a-nest-01.jpg\",\"contentUrl\":\"https:\/\/malenki.net\/wp-content\/uploads\/2019\/06\/sarah-van-marcke-a-nest-01.jpg\",\"width\":1024,\"height\":819,\"caption\":\"Errors and Residuals - a nest \u2014 Sarah van Marcke\"},{\"@type\":\"BreadcrumbList\",\"@id\":\"https:\/\/malenki.net\/de\/produkt\/errors-and-residuals-a-nest-sarah-van-marcke\/#breadcrumb\",\"itemListElement\":[{\"@type\":\"ListItem\",\"position\":1,\"name\":\"Home\",\"item\":\"https:\/\/malenki.net\/de\/\"},{\"@type\":\"ListItem\",\"position\":2,\"name\":\"Editionen\",\"item\":\"https:\/\/malenki.net\/de\/\"},{\"@type\":\"ListItem\",\"position\":3,\"name\":\"Errors And Residuals &#8211; a nest\"}]},{\"@type\":\"WebSite\",\"@id\":\"https:\/\/malenki.net\/de\/#website\",\"url\":\"https:\/\/malenki.net\/de\/\",\"name\":\"malenki.net\",\"description\":\"Fotografie Editionen\",\"publisher\":{\"@id\":\"https:\/\/malenki.net\/de\/#organization\"},\"potentialAction\":[{\"@type\":\"SearchAction\",\"target\":{\"@type\":\"EntryPoint\",\"urlTemplate\":\"https:\/\/malenki.net\/de\/?s={search_term_string}\"},\"query-input\":{\"@type\":\"PropertyValueSpecification\",\"valueRequired\":true,\"valueName\":\"search_term_string\"}}],\"inLanguage\":\"de\"},{\"@type\":\"Organization\",\"@id\":\"https:\/\/malenki.net\/de\/#organization\",\"name\":\"malenki.net\",\"url\":\"https:\/\/malenki.net\/de\/\",\"logo\":{\"@type\":\"ImageObject\",\"inLanguage\":\"de\",\"@id\":\"https:\/\/malenki.net\/de\/#\/schema\/logo\/image\/\",\"url\":\"https:\/\/malenki.net\/wp-content\/uploads\/2023\/03\/malenki-logo-2019.gif\",\"contentUrl\":\"https:\/\/malenki.net\/wp-content\/uploads\/2023\/03\/malenki-logo-2019.gif\",\"width\":524,\"height\":138,\"caption\":\"malenki.net\"},\"image\":{\"@id\":\"https:\/\/malenki.net\/de\/#\/schema\/logo\/image\/\"},\"sameAs\":[\"https:\/\/www.facebook.com\/malenki.editionen\/\",\"https:\/\/www.instagram.com\/malenkinet\/\"]}]}<\/script>\n<!-- \/ Yoast SEO plugin. -->","yoast_head_json":{"title":"malenki.net | Errors And Residuals - a nest | Sarah van Marcke","description":"'Errors And Residuals' von Sarah van Marcke bei malenki.net","robots":{"index":"index","follow":"follow","max-snippet":"max-snippet:-1","max-image-preview":"max-image-preview:large","max-video-preview":"max-video-preview:-1"},"canonical":"https:\/\/malenki.net\/de\/produkt\/errors-and-residuals-a-nest-sarah-van-marcke\/","og_locale":"de_DE","og_type":"article","og_title":"Errors And Residuals - a nest von Sarah van Marcke","og_description":"'Errors And Residuals' von Sarah van Marcke bei malenki.net","og_url":"https:\/\/malenki.net\/de\/produkt\/errors-and-residuals-a-nest-sarah-van-marcke\/","og_site_name":"malenki.net","article_publisher":"https:\/\/www.facebook.com\/malenki.editionen\/","article_modified_time":"2024-02-04T18:06:03+00:00","og_image":[{"width":1024,"height":819,"url":"https:\/\/malenki.net\/wp-content\/uploads\/2019\/06\/sarah-van-marcke-a-nest-01.jpg","type":"image\/jpeg"}],"twitter_card":"summary_large_image","twitter_misc":{"Gesch\u00e4tzte Lesezeit":"1\u00a0Minute"},"schema":{"@context":"https:\/\/schema.org","@graph":[{"@type":"WebPage","@id":"https:\/\/malenki.net\/de\/produkt\/errors-and-residuals-a-nest-sarah-van-marcke\/","url":"https:\/\/malenki.net\/de\/produkt\/errors-and-residuals-a-nest-sarah-van-marcke\/","name":"malenki.net | Errors And Residuals - a nest | Sarah van Marcke","isPartOf":{"@id":"https:\/\/malenki.net\/de\/#website"},"primaryImageOfPage":{"@id":"https:\/\/malenki.net\/de\/produkt\/errors-and-residuals-a-nest-sarah-van-marcke\/#primaryimage"},"image":{"@id":"https:\/\/malenki.net\/de\/produkt\/errors-and-residuals-a-nest-sarah-van-marcke\/#primaryimage"},"thumbnailUrl":"https:\/\/malenki.net\/wp-content\/uploads\/2019\/06\/sarah-van-marcke-a-nest-01.jpg","datePublished":"2019-06-28T07:55:06+00:00","dateModified":"2024-02-04T18:06:03+00:00","description":"'Errors And Residuals' von Sarah van Marcke bei malenki.net","breadcrumb":{"@id":"https:\/\/malenki.net\/de\/produkt\/errors-and-residuals-a-nest-sarah-van-marcke\/#breadcrumb"},"inLanguage":"de","potentialAction":[{"@type":"ReadAction","target":["https:\/\/malenki.net\/de\/produkt\/errors-and-residuals-a-nest-sarah-van-marcke\/"]}]},{"@type":"ImageObject","inLanguage":"de","@id":"https:\/\/malenki.net\/de\/produkt\/errors-and-residuals-a-nest-sarah-van-marcke\/#primaryimage","url":"https:\/\/malenki.net\/wp-content\/uploads\/2019\/06\/sarah-van-marcke-a-nest-01.jpg","contentUrl":"https:\/\/malenki.net\/wp-content\/uploads\/2019\/06\/sarah-van-marcke-a-nest-01.jpg","width":1024,"height":819,"caption":"Errors and Residuals - a nest \u2014 Sarah van Marcke"},{"@type":"BreadcrumbList","@id":"https:\/\/malenki.net\/de\/produkt\/errors-and-residuals-a-nest-sarah-van-marcke\/#breadcrumb","itemListElement":[{"@type":"ListItem","position":1,"name":"Home","item":"https:\/\/malenki.net\/de\/"},{"@type":"ListItem","position":2,"name":"Editionen","item":"https:\/\/malenki.net\/de\/"},{"@type":"ListItem","position":3,"name":"Errors And Residuals &#8211; a nest"}]},{"@type":"WebSite","@id":"https:\/\/malenki.net\/de\/#website","url":"https:\/\/malenki.net\/de\/","name":"malenki.net","description":"Fotografie Editionen","publisher":{"@id":"https:\/\/malenki.net\/de\/#organization"},"potentialAction":[{"@type":"SearchAction","target":{"@type":"EntryPoint","urlTemplate":"https:\/\/malenki.net\/de\/?s={search_term_string}"},"query-input":{"@type":"PropertyValueSpecification","valueRequired":true,"valueName":"search_term_string"}}],"inLanguage":"de"},{"@type":"Organization","@id":"https:\/\/malenki.net\/de\/#organization","name":"malenki.net","url":"https:\/\/malenki.net\/de\/","logo":{"@type":"ImageObject","inLanguage":"de","@id":"https:\/\/malenki.net\/de\/#\/schema\/logo\/image\/","url":"https:\/\/malenki.net\/wp-content\/uploads\/2023\/03\/malenki-logo-2019.gif","contentUrl":"https:\/\/malenki.net\/wp-content\/uploads\/2023\/03\/malenki-logo-2019.gif","width":524,"height":138,"caption":"malenki.net"},"image":{"@id":"https:\/\/malenki.net\/de\/#\/schema\/logo\/image\/"},"sameAs":["https:\/\/www.facebook.com\/malenki.editionen\/","https:\/\/www.instagram.com\/malenkinet\/"]}]}},"wps_subtitle":"Sarah van Marcke","_links":{"self":[{"href":"https:\/\/malenki.net\/de\/wp-json\/wp\/v2\/product\/6461","targetHints":{"allow":["GET"]}}],"collection":[{"href":"https:\/\/malenki.net\/de\/wp-json\/wp\/v2\/product"}],"about":[{"href":"https:\/\/malenki.net\/de\/wp-json\/wp\/v2\/types\/product"}],"wp:featuredmedia":[{"embeddable":true,"href":"https:\/\/malenki.net\/de\/wp-json\/wp\/v2\/media\/6414"}],"wp:attachment":[{"href":"https:\/\/malenki.net\/de\/wp-json\/wp\/v2\/media?parent=6461"}],"wp:term":[{"taxonomy":"product_brand","embeddable":true,"href":"https:\/\/malenki.net\/de\/wp-json\/wp\/v2\/product_brand?post=6461"},{"taxonomy":"product_cat","embeddable":true,"href":"https:\/\/malenki.net\/de\/wp-json\/wp\/v2\/product_cat?post=6461"},{"taxonomy":"product_tag","embeddable":true,"href":"https:\/\/malenki.net\/de\/wp-json\/wp\/v2\/product_tag?post=6461"}],"curies":[{"name":"wp","href":"https:\/\/api.w.org\/{rel}","templated":true}]}}