{"id":6339,"date":"2019-06-01T23:46:21","date_gmt":"2019-06-01T21:46:21","guid":{"rendered":"https:\/\/malenki.net\/?post_type=product&#038;p=6339\/"},"modified":"2025-01-14T12:32:10","modified_gmt":"2025-01-14T11:32:10","slug":"katrin-kamrau-das-objekt-2","status":"publish","type":"product","link":"https:\/\/malenki.net\/de\/produkt\/katrin-kamrau-das-objekt-2\/","title":{"rendered":"Das Objekt"},"content":{"rendered":"<p>Die Publikationsreihe DAS OBJEKT ist eine kritische und subjektive Reflexion von Ikons und Symbolen, die in Fototechnikb\u00fcchern verwendet werden, um Fotografen und Fotografieinteressierten optische Gesetze zu veranschaulichen. Die 40 Abbildungen in diesem K\u00fcnstlerbuch stammen aus Handb\u00fcchern, die zwischen 1928 und 2003 in Deutschland (Weimarer Republik, Nationalsozialistische Diktatur, DDR, BRD) ver\u00f6ffentlicht wurden. Durch eine chronologische Anordnung und das Losl\u00f6sen dieser Motive aus ihrem origin\u00e4ren Funktionskontext, werden in ihnen sozial-gesellschaftliche Entwicklungen, Ideologien und Ideale sichtbar &#8211; visualisiert von den jeweiligen Bildautoren &#8211; adressiert an eine von ihnen imaginierte Leserschaft. Entwicklungen auf dem Gebiet der Drucktechnologie sowie des industriellen Buchdrucks resonieren in ihrer Gestalt.<\/p>\n","protected":false},"excerpt":{"rendered":"<p>Schauen sie sich ein Bl\u00e4tter-Video von <a href=\"https:\/\/vimeo.com\/447849294\" target=\"_blank\" rel=\"noopener\">DAS OBJEKT auf Vimeo an.<\/a><\/p>\n","protected":false},"featured_media":6341,"template":"","meta":{"pgc_sgb_lightbox_settings":""},"product_brand":[],"product_cat":[1084],"product_tag":[1491,4782,1182,1112,3424,5018,5086],"class_list":{"0":"post-6339","1":"product","2":"type-product","3":"status-publish","4":"has-post-thumbnail","6":"product_cat-katrin-kamrau-de","7":"product_tag-das-objekt-de","8":"product_tag-dear-reader-de","9":"product_tag-kamrau-de","10":"product_tag-katrin-kamrau-de","11":"product_tag-malbuch","12":"product_tag-medientheorie","13":"product_tag-uber-fotografie","14":"entry","16":"first","17":"instock","18":"shipping-taxable","19":"purchasable","20":"product-type-simple"},"yoast_head":"<!-- This site is optimized with the Yoast SEO plugin v27.2 - https:\/\/yoast.com\/product\/yoast-seo-wordpress\/ -->\n<title>malenki.net | Das Objekt | Katrin Kamrau<\/title>\n<meta name=\"description\" content=\"&#039;Das Objekt&#039; von Katrin Kamrau bei malenki.net\" \/>\n<meta name=\"robots\" content=\"index, follow, max-snippet:-1, max-image-preview:large, max-video-preview:-1\" \/>\n<link rel=\"canonical\" href=\"https:\/\/malenki.net\/de\/produkt\/katrin-kamrau-das-objekt-2\/\" \/>\n<meta property=\"og:locale\" content=\"de_DE\" \/>\n<meta property=\"og:type\" content=\"article\" \/>\n<meta property=\"og:title\" content=\"&#039;Das Objekt&#039; (2019) von Katrin Kamrau bei malenki.net\" \/>\n<meta property=\"og:description\" content=\"&#039;Das Objekt&#039; von Katrin Kamrau bei malenki.net\" \/>\n<meta property=\"og:url\" content=\"https:\/\/malenki.net\/de\/produkt\/katrin-kamrau-das-objekt-2\/\" \/>\n<meta property=\"og:site_name\" content=\"malenki.net\" \/>\n<meta property=\"article:publisher\" content=\"https:\/\/www.facebook.com\/malenki.editionen\/\" \/>\n<meta property=\"article:modified_time\" content=\"2025-01-14T11:32:10+00:00\" \/>\n<meta property=\"og:image\" content=\"https:\/\/malenki.net\/wp-content\/uploads\/2019\/06\/katrin-kamrau-das-objekt-2-01.jpg\" \/>\n\t<meta property=\"og:image:width\" content=\"1024\" \/>\n\t<meta property=\"og:image:height\" content=\"819\" \/>\n\t<meta property=\"og:image:type\" content=\"image\/jpeg\" \/>\n<meta name=\"twitter:card\" content=\"summary_large_image\" \/>\n<meta name=\"twitter:title\" content=\"&#039;Das Objekt&#039; (2019) von Katrin Kamrau bei malenki.net\" \/>\n<meta name=\"twitter:label1\" content=\"Gesch\u00e4tzte Lesezeit\" \/>\n\t<meta name=\"twitter:data1\" content=\"1\u00a0Minute\" \/>\n<script type=\"application\/ld+json\" class=\"yoast-schema-graph\">{\"@context\":\"https:\/\/schema.org\",\"@graph\":[{\"@type\":\"WebPage\",\"@id\":\"https:\/\/malenki.net\/de\/produkt\/katrin-kamrau-das-objekt-2\/\",\"url\":\"https:\/\/malenki.net\/de\/produkt\/katrin-kamrau-das-objekt-2\/\",\"name\":\"malenki.net | Das Objekt | Katrin Kamrau\",\"isPartOf\":{\"@id\":\"https:\/\/malenki.net\/de\/#website\"},\"primaryImageOfPage\":{\"@id\":\"https:\/\/malenki.net\/de\/produkt\/katrin-kamrau-das-objekt-2\/#primaryimage\"},\"image\":{\"@id\":\"https:\/\/malenki.net\/de\/produkt\/katrin-kamrau-das-objekt-2\/#primaryimage\"},\"thumbnailUrl\":\"https:\/\/malenki.net\/wp-content\/uploads\/2019\/06\/katrin-kamrau-das-objekt-2-01.jpg\",\"datePublished\":\"2019-06-01T21:46:21+00:00\",\"dateModified\":\"2025-01-14T11:32:10+00:00\",\"description\":\"'Das Objekt' von Katrin Kamrau bei malenki.net\",\"breadcrumb\":{\"@id\":\"https:\/\/malenki.net\/de\/produkt\/katrin-kamrau-das-objekt-2\/#breadcrumb\"},\"inLanguage\":\"de\",\"potentialAction\":[{\"@type\":\"ReadAction\",\"target\":[\"https:\/\/malenki.net\/de\/produkt\/katrin-kamrau-das-objekt-2\/\"]}]},{\"@type\":\"ImageObject\",\"inLanguage\":\"de\",\"@id\":\"https:\/\/malenki.net\/de\/produkt\/katrin-kamrau-das-objekt-2\/#primaryimage\",\"url\":\"https:\/\/malenki.net\/wp-content\/uploads\/2019\/06\/katrin-kamrau-das-objekt-2-01.jpg\",\"contentUrl\":\"https:\/\/malenki.net\/wp-content\/uploads\/2019\/06\/katrin-kamrau-das-objekt-2-01.jpg\",\"width\":1024,\"height\":819,\"caption\":\"Das Objekt 2 \u2014 Katrin Kamrau\"},{\"@type\":\"BreadcrumbList\",\"@id\":\"https:\/\/malenki.net\/de\/produkt\/katrin-kamrau-das-objekt-2\/#breadcrumb\",\"itemListElement\":[{\"@type\":\"ListItem\",\"position\":1,\"name\":\"Home\",\"item\":\"https:\/\/malenki.net\/de\/\"},{\"@type\":\"ListItem\",\"position\":2,\"name\":\"Editionen\",\"item\":\"https:\/\/malenki.net\/de\/\"},{\"@type\":\"ListItem\",\"position\":3,\"name\":\"Das Objekt\"}]},{\"@type\":\"WebSite\",\"@id\":\"https:\/\/malenki.net\/de\/#website\",\"url\":\"https:\/\/malenki.net\/de\/\",\"name\":\"malenki.net\",\"description\":\"Fotografie Editionen\",\"publisher\":{\"@id\":\"https:\/\/malenki.net\/de\/#organization\"},\"potentialAction\":[{\"@type\":\"SearchAction\",\"target\":{\"@type\":\"EntryPoint\",\"urlTemplate\":\"https:\/\/malenki.net\/de\/?s={search_term_string}\"},\"query-input\":{\"@type\":\"PropertyValueSpecification\",\"valueRequired\":true,\"valueName\":\"search_term_string\"}}],\"inLanguage\":\"de\"},{\"@type\":\"Organization\",\"@id\":\"https:\/\/malenki.net\/de\/#organization\",\"name\":\"malenki.net\",\"url\":\"https:\/\/malenki.net\/de\/\",\"logo\":{\"@type\":\"ImageObject\",\"inLanguage\":\"de\",\"@id\":\"https:\/\/malenki.net\/de\/#\/schema\/logo\/image\/\",\"url\":\"https:\/\/malenki.net\/wp-content\/uploads\/2023\/03\/malenki-logo-2019.gif\",\"contentUrl\":\"https:\/\/malenki.net\/wp-content\/uploads\/2023\/03\/malenki-logo-2019.gif\",\"width\":524,\"height\":138,\"caption\":\"malenki.net\"},\"image\":{\"@id\":\"https:\/\/malenki.net\/de\/#\/schema\/logo\/image\/\"},\"sameAs\":[\"https:\/\/www.facebook.com\/malenki.editionen\/\",\"https:\/\/www.instagram.com\/malenkinet\/\"]}]}<\/script>\n<!-- \/ Yoast SEO plugin. -->","yoast_head_json":{"title":"malenki.net | Das Objekt | Katrin Kamrau","description":"'Das Objekt' von Katrin Kamrau bei malenki.net","robots":{"index":"index","follow":"follow","max-snippet":"max-snippet:-1","max-image-preview":"max-image-preview:large","max-video-preview":"max-video-preview:-1"},"canonical":"https:\/\/malenki.net\/de\/produkt\/katrin-kamrau-das-objekt-2\/","og_locale":"de_DE","og_type":"article","og_title":"'Das Objekt' (2019) von Katrin Kamrau bei malenki.net","og_description":"'Das Objekt' von Katrin Kamrau bei malenki.net","og_url":"https:\/\/malenki.net\/de\/produkt\/katrin-kamrau-das-objekt-2\/","og_site_name":"malenki.net","article_publisher":"https:\/\/www.facebook.com\/malenki.editionen\/","article_modified_time":"2025-01-14T11:32:10+00:00","og_image":[{"width":1024,"height":819,"url":"https:\/\/malenki.net\/wp-content\/uploads\/2019\/06\/katrin-kamrau-das-objekt-2-01.jpg","type":"image\/jpeg"}],"twitter_card":"summary_large_image","twitter_title":"'Das Objekt' (2019) von Katrin Kamrau bei malenki.net","twitter_misc":{"Gesch\u00e4tzte Lesezeit":"1\u00a0Minute"},"schema":{"@context":"https:\/\/schema.org","@graph":[{"@type":"WebPage","@id":"https:\/\/malenki.net\/de\/produkt\/katrin-kamrau-das-objekt-2\/","url":"https:\/\/malenki.net\/de\/produkt\/katrin-kamrau-das-objekt-2\/","name":"malenki.net | Das Objekt | Katrin Kamrau","isPartOf":{"@id":"https:\/\/malenki.net\/de\/#website"},"primaryImageOfPage":{"@id":"https:\/\/malenki.net\/de\/produkt\/katrin-kamrau-das-objekt-2\/#primaryimage"},"image":{"@id":"https:\/\/malenki.net\/de\/produkt\/katrin-kamrau-das-objekt-2\/#primaryimage"},"thumbnailUrl":"https:\/\/malenki.net\/wp-content\/uploads\/2019\/06\/katrin-kamrau-das-objekt-2-01.jpg","datePublished":"2019-06-01T21:46:21+00:00","dateModified":"2025-01-14T11:32:10+00:00","description":"'Das Objekt' von Katrin Kamrau bei malenki.net","breadcrumb":{"@id":"https:\/\/malenki.net\/de\/produkt\/katrin-kamrau-das-objekt-2\/#breadcrumb"},"inLanguage":"de","potentialAction":[{"@type":"ReadAction","target":["https:\/\/malenki.net\/de\/produkt\/katrin-kamrau-das-objekt-2\/"]}]},{"@type":"ImageObject","inLanguage":"de","@id":"https:\/\/malenki.net\/de\/produkt\/katrin-kamrau-das-objekt-2\/#primaryimage","url":"https:\/\/malenki.net\/wp-content\/uploads\/2019\/06\/katrin-kamrau-das-objekt-2-01.jpg","contentUrl":"https:\/\/malenki.net\/wp-content\/uploads\/2019\/06\/katrin-kamrau-das-objekt-2-01.jpg","width":1024,"height":819,"caption":"Das Objekt 2 \u2014 Katrin Kamrau"},{"@type":"BreadcrumbList","@id":"https:\/\/malenki.net\/de\/produkt\/katrin-kamrau-das-objekt-2\/#breadcrumb","itemListElement":[{"@type":"ListItem","position":1,"name":"Home","item":"https:\/\/malenki.net\/de\/"},{"@type":"ListItem","position":2,"name":"Editionen","item":"https:\/\/malenki.net\/de\/"},{"@type":"ListItem","position":3,"name":"Das Objekt"}]},{"@type":"WebSite","@id":"https:\/\/malenki.net\/de\/#website","url":"https:\/\/malenki.net\/de\/","name":"malenki.net","description":"Fotografie Editionen","publisher":{"@id":"https:\/\/malenki.net\/de\/#organization"},"potentialAction":[{"@type":"SearchAction","target":{"@type":"EntryPoint","urlTemplate":"https:\/\/malenki.net\/de\/?s={search_term_string}"},"query-input":{"@type":"PropertyValueSpecification","valueRequired":true,"valueName":"search_term_string"}}],"inLanguage":"de"},{"@type":"Organization","@id":"https:\/\/malenki.net\/de\/#organization","name":"malenki.net","url":"https:\/\/malenki.net\/de\/","logo":{"@type":"ImageObject","inLanguage":"de","@id":"https:\/\/malenki.net\/de\/#\/schema\/logo\/image\/","url":"https:\/\/malenki.net\/wp-content\/uploads\/2023\/03\/malenki-logo-2019.gif","contentUrl":"https:\/\/malenki.net\/wp-content\/uploads\/2023\/03\/malenki-logo-2019.gif","width":524,"height":138,"caption":"malenki.net"},"image":{"@id":"https:\/\/malenki.net\/de\/#\/schema\/logo\/image\/"},"sameAs":["https:\/\/www.facebook.com\/malenki.editionen\/","https:\/\/www.instagram.com\/malenkinet\/"]}]}},"wps_subtitle":"Katrin Kamrau","_links":{"self":[{"href":"https:\/\/malenki.net\/de\/wp-json\/wp\/v2\/product\/6339","targetHints":{"allow":["GET"]}}],"collection":[{"href":"https:\/\/malenki.net\/de\/wp-json\/wp\/v2\/product"}],"about":[{"href":"https:\/\/malenki.net\/de\/wp-json\/wp\/v2\/types\/product"}],"wp:featuredmedia":[{"embeddable":true,"href":"https:\/\/malenki.net\/de\/wp-json\/wp\/v2\/media\/6341"}],"wp:attachment":[{"href":"https:\/\/malenki.net\/de\/wp-json\/wp\/v2\/media?parent=6339"}],"wp:term":[{"taxonomy":"product_brand","embeddable":true,"href":"https:\/\/malenki.net\/de\/wp-json\/wp\/v2\/product_brand?post=6339"},{"taxonomy":"product_cat","embeddable":true,"href":"https:\/\/malenki.net\/de\/wp-json\/wp\/v2\/product_cat?post=6339"},{"taxonomy":"product_tag","embeddable":true,"href":"https:\/\/malenki.net\/de\/wp-json\/wp\/v2\/product_tag?post=6339"}],"curies":[{"name":"wp","href":"https:\/\/api.w.org\/{rel}","templated":true}]}}