{"id":6259,"date":"2018-12-21T22:08:12","date_gmt":"2018-12-21T21:08:12","guid":{"rendered":"https:\/\/malenki.net\/product\/matthieu-litt-tidal-horizon\/"},"modified":"2024-12-12T14:53:45","modified_gmt":"2024-12-12T13:53:45","slug":"matthieu-litt-tidal-horizon","status":"publish","type":"product","link":"https:\/\/malenki.net\/de\/produkt\/matthieu-litt-tidal-horizon\/","title":{"rendered":"Tidal Horizon"},"content":{"rendered":"<p>(&#8230;) Unser Bewusstsein f\u00fcr Kreisl\u00e4ufe in der Natur, wie die der Jahreszeiten und der Gezeiten, ist uralt, aber die Art und Weise, wie wir diese Zyklen negativ beeinflussen (obwohl in einigen Kreisen umstritten) ist eine schwer zu ignorierende neuere<br \/>\nEntwicklung, die zunehmend sichtbar wird. Wie bereits im Titel verdeutlicht, ist Matthieu Litts Tidal Horizon in erster Linie die Betrachtung eines bestimmten zyklischen Prozesses, dem zwischen Mensch und Natur. In seinem photografischen Ansatz verzichtet Litt jedoch auf einen dokumentarischen Ansatz zugunsten eines verfeinerten visuellen und metaphorischen Bildvokabulars, das uns neue M\u00f6glichkeiten bietet, diese Zyklen zu sehen, sowie neue M\u00f6glichkeiten, dar\u00fcber nachzudenken, welcher unser Platz in den nat\u00fcrlichen Ordnung der Dinge letztendlich sein k\u00f6nnte.Die Zirkularit\u00e4t als Muster wird sowohl in der Struktur des Buches sichtbar, als auch in Bezug Matthieu Litts Bildwahl: Motive, die ein Wiederauftreten und ein Abschlie\u00dfen wachrufen. Sie weisen jedochauch auf eine Art St\u00f6rung hin, die die Stabilit\u00e4t dieser nat\u00fcrlichen Muster m\u00f6glicherweise in Frage stellt. \u2014 Darren Campion<\/p>\n","protected":false},"excerpt":{"rendered":"<p>(&#8230;) Unser Bewusstsein f\u00fcr Kreisl\u00e4ufe in der Natur, wie die der Jahreszeiten und der Gezeiten, ist uralt, aber die Art und Weise, wie wir diese Zyklen negativ beeinflussen (obwohl in einigen Kreisen umstritten) ist eine schwer zu ignorierende neuere Entwicklung, die zunehmend sichtbar wird. Wie bereits im Titel verdeutlicht, ist Matthieu Litts Tidal Horizon in&hellip; <a class=\"more-link\" href=\"https:\/\/malenki.net\/de\/produkt\/matthieu-litt-tidal-horizon\/\"><span class=\"screen-reader-text\">Tidal Horizon<\/span> weiterlesen<\/a><\/p>\n","protected":false},"featured_media":6247,"template":"","meta":{"pgc_sgb_lightbox_settings":""},"product_brand":[],"product_cat":[2809],"product_tag":[3300,2720,2728,3822,3299,3298],"class_list":{"0":"post-6259","1":"product","2":"type-product","3":"status-publish","4":"has-post-thumbnail","6":"product_cat-matthieu-litt-de","7":"product_tag-horizont","8":"product_tag-litt-de","9":"product_tag-matthieu-litt-de","10":"product_tag-meer","11":"product_tag-tidal-de","12":"product_tag-tidal-horizon-de","13":"entry","15":"first","16":"instock","17":"shipping-taxable","18":"purchasable","19":"product-type-simple"},"yoast_head":"<!-- This site is optimized with the Yoast SEO plugin v27.2 - https:\/\/yoast.com\/product\/yoast-seo-wordpress\/ -->\n<title>malenki.net | Tidal Horizon | Matthieu Litt<\/title>\n<meta name=\"description\" content=\"&#039;Tidal Horizon&#039; von Matthieu Litt bei malenki.net\" \/>\n<meta name=\"robots\" content=\"index, follow, max-snippet:-1, max-image-preview:large, max-video-preview:-1\" \/>\n<link rel=\"canonical\" href=\"https:\/\/malenki.net\/de\/produkt\/matthieu-litt-tidal-horizon\/\" \/>\n<meta property=\"og:locale\" content=\"de_DE\" \/>\n<meta property=\"og:type\" content=\"article\" \/>\n<meta property=\"og:title\" content=\"malenki.net | Tidal Horizon | Matthieu Litt\" \/>\n<meta property=\"og:description\" content=\"&#039;Tidal Horizon&#039; von Matthieu Litt bei malenki.net\" \/>\n<meta property=\"og:url\" content=\"https:\/\/malenki.net\/de\/produkt\/matthieu-litt-tidal-horizon\/\" \/>\n<meta property=\"og:site_name\" content=\"malenki.net\" \/>\n<meta property=\"article:publisher\" content=\"https:\/\/www.facebook.com\/malenki.editionen\/\" \/>\n<meta property=\"article:modified_time\" content=\"2024-12-12T13:53:45+00:00\" \/>\n<meta property=\"og:image\" content=\"https:\/\/malenki.net\/wp-content\/uploads\/2019\/05\/matthieu-litt-tidal-horizon-01.jpg\" \/>\n\t<meta property=\"og:image:width\" content=\"1024\" \/>\n\t<meta property=\"og:image:height\" content=\"819\" \/>\n\t<meta property=\"og:image:type\" content=\"image\/jpeg\" \/>\n<meta name=\"twitter:card\" content=\"summary_large_image\" \/>\n<meta name=\"twitter:label1\" content=\"Gesch\u00e4tzte Lesezeit\" \/>\n\t<meta name=\"twitter:data1\" content=\"1\u00a0Minute\" \/>\n<script type=\"application\/ld+json\" class=\"yoast-schema-graph\">{\"@context\":\"https:\/\/schema.org\",\"@graph\":[{\"@type\":\"WebPage\",\"@id\":\"https:\/\/malenki.net\/de\/produkt\/matthieu-litt-tidal-horizon\/\",\"url\":\"https:\/\/malenki.net\/de\/produkt\/matthieu-litt-tidal-horizon\/\",\"name\":\"malenki.net | Tidal Horizon | Matthieu Litt\",\"isPartOf\":{\"@id\":\"https:\/\/malenki.net\/de\/#website\"},\"primaryImageOfPage\":{\"@id\":\"https:\/\/malenki.net\/de\/produkt\/matthieu-litt-tidal-horizon\/#primaryimage\"},\"image\":{\"@id\":\"https:\/\/malenki.net\/de\/produkt\/matthieu-litt-tidal-horizon\/#primaryimage\"},\"thumbnailUrl\":\"https:\/\/malenki.net\/wp-content\/uploads\/2019\/05\/matthieu-litt-tidal-horizon-01.jpg\",\"datePublished\":\"2018-12-21T21:08:12+00:00\",\"dateModified\":\"2024-12-12T13:53:45+00:00\",\"description\":\"'Tidal Horizon' von Matthieu Litt bei malenki.net\",\"breadcrumb\":{\"@id\":\"https:\/\/malenki.net\/de\/produkt\/matthieu-litt-tidal-horizon\/#breadcrumb\"},\"inLanguage\":\"de\",\"potentialAction\":[{\"@type\":\"ReadAction\",\"target\":[\"https:\/\/malenki.net\/de\/produkt\/matthieu-litt-tidal-horizon\/\"]}]},{\"@type\":\"ImageObject\",\"inLanguage\":\"de\",\"@id\":\"https:\/\/malenki.net\/de\/produkt\/matthieu-litt-tidal-horizon\/#primaryimage\",\"url\":\"https:\/\/malenki.net\/wp-content\/uploads\/2019\/05\/matthieu-litt-tidal-horizon-01.jpg\",\"contentUrl\":\"https:\/\/malenki.net\/wp-content\/uploads\/2019\/05\/matthieu-litt-tidal-horizon-01.jpg\",\"width\":1024,\"height\":819,\"caption\":\"Tidal Horizon \u2014 Matthieu Litt\"},{\"@type\":\"BreadcrumbList\",\"@id\":\"https:\/\/malenki.net\/de\/produkt\/matthieu-litt-tidal-horizon\/#breadcrumb\",\"itemListElement\":[{\"@type\":\"ListItem\",\"position\":1,\"name\":\"Home\",\"item\":\"https:\/\/malenki.net\/de\/\"},{\"@type\":\"ListItem\",\"position\":2,\"name\":\"Editionen\",\"item\":\"https:\/\/malenki.net\/de\/\"},{\"@type\":\"ListItem\",\"position\":3,\"name\":\"Tidal Horizon\"}]},{\"@type\":\"WebSite\",\"@id\":\"https:\/\/malenki.net\/de\/#website\",\"url\":\"https:\/\/malenki.net\/de\/\",\"name\":\"malenki.net\",\"description\":\"Fotografie Editionen\",\"publisher\":{\"@id\":\"https:\/\/malenki.net\/de\/#organization\"},\"potentialAction\":[{\"@type\":\"SearchAction\",\"target\":{\"@type\":\"EntryPoint\",\"urlTemplate\":\"https:\/\/malenki.net\/de\/?s={search_term_string}\"},\"query-input\":{\"@type\":\"PropertyValueSpecification\",\"valueRequired\":true,\"valueName\":\"search_term_string\"}}],\"inLanguage\":\"de\"},{\"@type\":\"Organization\",\"@id\":\"https:\/\/malenki.net\/de\/#organization\",\"name\":\"malenki.net\",\"url\":\"https:\/\/malenki.net\/de\/\",\"logo\":{\"@type\":\"ImageObject\",\"inLanguage\":\"de\",\"@id\":\"https:\/\/malenki.net\/de\/#\/schema\/logo\/image\/\",\"url\":\"https:\/\/malenki.net\/wp-content\/uploads\/2023\/03\/malenki-logo-2019.gif\",\"contentUrl\":\"https:\/\/malenki.net\/wp-content\/uploads\/2023\/03\/malenki-logo-2019.gif\",\"width\":524,\"height\":138,\"caption\":\"malenki.net\"},\"image\":{\"@id\":\"https:\/\/malenki.net\/de\/#\/schema\/logo\/image\/\"},\"sameAs\":[\"https:\/\/www.facebook.com\/malenki.editionen\/\",\"https:\/\/www.instagram.com\/malenkinet\/\"]}]}<\/script>\n<!-- \/ Yoast SEO plugin. -->","yoast_head_json":{"title":"malenki.net | Tidal Horizon | Matthieu Litt","description":"'Tidal Horizon' von Matthieu Litt bei malenki.net","robots":{"index":"index","follow":"follow","max-snippet":"max-snippet:-1","max-image-preview":"max-image-preview:large","max-video-preview":"max-video-preview:-1"},"canonical":"https:\/\/malenki.net\/de\/produkt\/matthieu-litt-tidal-horizon\/","og_locale":"de_DE","og_type":"article","og_title":"malenki.net | Tidal Horizon | Matthieu Litt","og_description":"'Tidal Horizon' von Matthieu Litt bei malenki.net","og_url":"https:\/\/malenki.net\/de\/produkt\/matthieu-litt-tidal-horizon\/","og_site_name":"malenki.net","article_publisher":"https:\/\/www.facebook.com\/malenki.editionen\/","article_modified_time":"2024-12-12T13:53:45+00:00","og_image":[{"width":1024,"height":819,"url":"https:\/\/malenki.net\/wp-content\/uploads\/2019\/05\/matthieu-litt-tidal-horizon-01.jpg","type":"image\/jpeg"}],"twitter_card":"summary_large_image","twitter_misc":{"Gesch\u00e4tzte Lesezeit":"1\u00a0Minute"},"schema":{"@context":"https:\/\/schema.org","@graph":[{"@type":"WebPage","@id":"https:\/\/malenki.net\/de\/produkt\/matthieu-litt-tidal-horizon\/","url":"https:\/\/malenki.net\/de\/produkt\/matthieu-litt-tidal-horizon\/","name":"malenki.net | Tidal Horizon | Matthieu Litt","isPartOf":{"@id":"https:\/\/malenki.net\/de\/#website"},"primaryImageOfPage":{"@id":"https:\/\/malenki.net\/de\/produkt\/matthieu-litt-tidal-horizon\/#primaryimage"},"image":{"@id":"https:\/\/malenki.net\/de\/produkt\/matthieu-litt-tidal-horizon\/#primaryimage"},"thumbnailUrl":"https:\/\/malenki.net\/wp-content\/uploads\/2019\/05\/matthieu-litt-tidal-horizon-01.jpg","datePublished":"2018-12-21T21:08:12+00:00","dateModified":"2024-12-12T13:53:45+00:00","description":"'Tidal Horizon' von Matthieu Litt bei malenki.net","breadcrumb":{"@id":"https:\/\/malenki.net\/de\/produkt\/matthieu-litt-tidal-horizon\/#breadcrumb"},"inLanguage":"de","potentialAction":[{"@type":"ReadAction","target":["https:\/\/malenki.net\/de\/produkt\/matthieu-litt-tidal-horizon\/"]}]},{"@type":"ImageObject","inLanguage":"de","@id":"https:\/\/malenki.net\/de\/produkt\/matthieu-litt-tidal-horizon\/#primaryimage","url":"https:\/\/malenki.net\/wp-content\/uploads\/2019\/05\/matthieu-litt-tidal-horizon-01.jpg","contentUrl":"https:\/\/malenki.net\/wp-content\/uploads\/2019\/05\/matthieu-litt-tidal-horizon-01.jpg","width":1024,"height":819,"caption":"Tidal Horizon \u2014 Matthieu Litt"},{"@type":"BreadcrumbList","@id":"https:\/\/malenki.net\/de\/produkt\/matthieu-litt-tidal-horizon\/#breadcrumb","itemListElement":[{"@type":"ListItem","position":1,"name":"Home","item":"https:\/\/malenki.net\/de\/"},{"@type":"ListItem","position":2,"name":"Editionen","item":"https:\/\/malenki.net\/de\/"},{"@type":"ListItem","position":3,"name":"Tidal Horizon"}]},{"@type":"WebSite","@id":"https:\/\/malenki.net\/de\/#website","url":"https:\/\/malenki.net\/de\/","name":"malenki.net","description":"Fotografie Editionen","publisher":{"@id":"https:\/\/malenki.net\/de\/#organization"},"potentialAction":[{"@type":"SearchAction","target":{"@type":"EntryPoint","urlTemplate":"https:\/\/malenki.net\/de\/?s={search_term_string}"},"query-input":{"@type":"PropertyValueSpecification","valueRequired":true,"valueName":"search_term_string"}}],"inLanguage":"de"},{"@type":"Organization","@id":"https:\/\/malenki.net\/de\/#organization","name":"malenki.net","url":"https:\/\/malenki.net\/de\/","logo":{"@type":"ImageObject","inLanguage":"de","@id":"https:\/\/malenki.net\/de\/#\/schema\/logo\/image\/","url":"https:\/\/malenki.net\/wp-content\/uploads\/2023\/03\/malenki-logo-2019.gif","contentUrl":"https:\/\/malenki.net\/wp-content\/uploads\/2023\/03\/malenki-logo-2019.gif","width":524,"height":138,"caption":"malenki.net"},"image":{"@id":"https:\/\/malenki.net\/de\/#\/schema\/logo\/image\/"},"sameAs":["https:\/\/www.facebook.com\/malenki.editionen\/","https:\/\/www.instagram.com\/malenkinet\/"]}]}},"wps_subtitle":"Matthieu Litt","_links":{"self":[{"href":"https:\/\/malenki.net\/de\/wp-json\/wp\/v2\/product\/6259","targetHints":{"allow":["GET"]}}],"collection":[{"href":"https:\/\/malenki.net\/de\/wp-json\/wp\/v2\/product"}],"about":[{"href":"https:\/\/malenki.net\/de\/wp-json\/wp\/v2\/types\/product"}],"wp:featuredmedia":[{"embeddable":true,"href":"https:\/\/malenki.net\/de\/wp-json\/wp\/v2\/media\/6247"}],"wp:attachment":[{"href":"https:\/\/malenki.net\/de\/wp-json\/wp\/v2\/media?parent=6259"}],"wp:term":[{"taxonomy":"product_brand","embeddable":true,"href":"https:\/\/malenki.net\/de\/wp-json\/wp\/v2\/product_brand?post=6259"},{"taxonomy":"product_cat","embeddable":true,"href":"https:\/\/malenki.net\/de\/wp-json\/wp\/v2\/product_cat?post=6259"},{"taxonomy":"product_tag","embeddable":true,"href":"https:\/\/malenki.net\/de\/wp-json\/wp\/v2\/product_tag?post=6259"}],"curies":[{"name":"wp","href":"https:\/\/api.w.org\/{rel}","templated":true}]}}