{"id":6213,"date":"2013-11-18T12:44:24","date_gmt":"2013-11-18T11:44:24","guid":{"rendered":"https:\/\/malenki.net\/product\/luise-schroeder-die-historische-front\/"},"modified":"2024-02-04T19:12:55","modified_gmt":"2024-02-04T18:12:55","slug":"luise-schroeder-die-historische-front","status":"publish","type":"product","link":"https:\/\/malenki.net\/de\/produkt\/luise-schroeder-die-historische-front\/","title":{"rendered":"Die Historische Front"},"content":{"rendered":"<p>Die Installation <em>Die historische Front<\/em> besch\u00e4ftigt sich mit dem von Vincenc Makovsk\u00fd geschaffenen Monument <em>Der Sieg der Roten Armee \u00fcber den Faschismus<\/em>, welches am 26. April 1955 auf dem M\u00e4hrischen Platz, im Zentrum Brnos, Tschechien, eingeweiht wurde. Die Arbeit thematisiert die tempor\u00e4re Abwesenheit der Skulptur zum Zwecke der Restaurierung, ihren Ortswechsel und die gegenw\u00e4rtige Umgestaltung des urspr\u00fcnglichen Standortes. Die Auseinandersetzung mit den unterschiedlichen Transformationszust\u00e4nden erm\u00f6glicht es den gegenw\u00e4rtigen Umgang mit sozialistischen Denkm\u00e4lern und Monumenten zu hinterfragen und gleichzeitig Konstruktionslogiken geschichtlicher Narrative offenzulegen. \u2014 www.luiseschroeder.org<\/p>\n","protected":false},"excerpt":{"rendered":"<p>Die Installation Die historische Front besch\u00e4ftigt sich mit dem von Vincenc Makovsk\u00fd geschaffenen Monument Der Sieg der Roten Armee \u00fcber den Faschismus, welches am 26. April 1955 auf dem M\u00e4hrischen Platz, im Zentrum Brnos, Tschechien, eingeweiht wurde. Die Arbeit thematisiert die tempor\u00e4re Abwesenheit der Skulptur zum Zwecke der Restaurierung, ihren Ortswechsel und die gegenw\u00e4rtige Umgestaltung&hellip; <a class=\"more-link\" href=\"https:\/\/malenki.net\/de\/produkt\/luise-schroeder-die-historische-front\/\"><span class=\"screen-reader-text\">Die Historische Front<\/span> weiterlesen<\/a><\/p>\n","protected":false},"featured_media":6204,"template":"","meta":{"pgc_sgb_lightbox_settings":""},"product_brand":[],"product_cat":[3273],"product_tag":[3274,3275,4802,3277,4125,4865,5643,3276,5124,3994],"class_list":{"0":"post-6213","1":"product","2":"type-product","3":"status-publish","4":"has-post-thumbnail","6":"product_cat-luise-schroeder-de","7":"product_tag-die-historische-front-de","8":"product_tag-front-de","9":"product_tag-hgb-de","10":"product_tag-luise-schroeder-de","11":"product_tag-monument-de","12":"product_tag-offentlicher-raum","13":"product_tag-ostlich","14":"product_tag-schroeder-de","15":"product_tag-sozialistisch","16":"product_tag-zine-de","17":"entry","19":"first","20":"outofstock","21":"shipping-taxable","22":"purchasable","23":"product-type-simple"},"yoast_head":"<!-- This site is optimized with the Yoast SEO plugin v27.2 - https:\/\/yoast.com\/product\/yoast-seo-wordpress\/ -->\n<title>malenki.net | Die Historische Front | Luise Schr\u00f6der<\/title>\n<meta name=\"description\" content=\"&#039;Die Historische Front&#039; von Luise Schr\u00f6der bei malenki.net\" \/>\n<meta name=\"robots\" content=\"index, follow, max-snippet:-1, max-image-preview:large, max-video-preview:-1\" \/>\n<link rel=\"canonical\" href=\"https:\/\/malenki.net\/de\/produkt\/luise-schroeder-die-historische-front\/\" \/>\n<meta property=\"og:locale\" content=\"de_DE\" \/>\n<meta property=\"og:type\" content=\"article\" \/>\n<meta property=\"og:title\" content=\"malenki.net | Die Historische Front | Luise Schr\u00f6der\" \/>\n<meta property=\"og:description\" content=\"&#039;Die Historische Front&#039; von Luise Schr\u00f6der bei malenki.net\" \/>\n<meta property=\"og:url\" content=\"https:\/\/malenki.net\/de\/produkt\/luise-schroeder-die-historische-front\/\" \/>\n<meta property=\"og:site_name\" content=\"malenki.net\" \/>\n<meta property=\"article:publisher\" content=\"https:\/\/www.facebook.com\/malenki.editionen\/\" \/>\n<meta property=\"article:modified_time\" content=\"2024-02-04T18:12:55+00:00\" \/>\n<meta property=\"og:image\" content=\"https:\/\/malenki.net\/wp-content\/uploads\/2018\/10\/luise-schroeder-historische-front-01.jpg\" \/>\n\t<meta property=\"og:image:width\" content=\"1024\" \/>\n\t<meta property=\"og:image:height\" content=\"819\" \/>\n\t<meta property=\"og:image:type\" content=\"image\/jpeg\" \/>\n<meta name=\"twitter:card\" content=\"summary_large_image\" \/>\n<script type=\"application\/ld+json\" class=\"yoast-schema-graph\">{\"@context\":\"https:\/\/schema.org\",\"@graph\":[{\"@type\":\"WebPage\",\"@id\":\"https:\/\/malenki.net\/de\/produkt\/luise-schroeder-die-historische-front\/\",\"url\":\"https:\/\/malenki.net\/de\/produkt\/luise-schroeder-die-historische-front\/\",\"name\":\"malenki.net | Die Historische Front | Luise Schr\u00f6der\",\"isPartOf\":{\"@id\":\"https:\/\/malenki.net\/de\/#website\"},\"primaryImageOfPage\":{\"@id\":\"https:\/\/malenki.net\/de\/produkt\/luise-schroeder-die-historische-front\/#primaryimage\"},\"image\":{\"@id\":\"https:\/\/malenki.net\/de\/produkt\/luise-schroeder-die-historische-front\/#primaryimage\"},\"thumbnailUrl\":\"https:\/\/malenki.net\/wp-content\/uploads\/2018\/10\/luise-schroeder-historische-front-01.jpg\",\"datePublished\":\"2013-11-18T11:44:24+00:00\",\"dateModified\":\"2024-02-04T18:12:55+00:00\",\"description\":\"'Die Historische Front' von Luise Schr\u00f6der bei malenki.net\",\"breadcrumb\":{\"@id\":\"https:\/\/malenki.net\/de\/produkt\/luise-schroeder-die-historische-front\/#breadcrumb\"},\"inLanguage\":\"de\",\"potentialAction\":[{\"@type\":\"ReadAction\",\"target\":[\"https:\/\/malenki.net\/de\/produkt\/luise-schroeder-die-historische-front\/\"]}]},{\"@type\":\"ImageObject\",\"inLanguage\":\"de\",\"@id\":\"https:\/\/malenki.net\/de\/produkt\/luise-schroeder-die-historische-front\/#primaryimage\",\"url\":\"https:\/\/malenki.net\/wp-content\/uploads\/2018\/10\/luise-schroeder-historische-front-01.jpg\",\"contentUrl\":\"https:\/\/malenki.net\/wp-content\/uploads\/2018\/10\/luise-schroeder-historische-front-01.jpg\",\"width\":1024,\"height\":819,\"caption\":\"Die Historische Front \u2014 Luise Schr\u00f6der\"},{\"@type\":\"BreadcrumbList\",\"@id\":\"https:\/\/malenki.net\/de\/produkt\/luise-schroeder-die-historische-front\/#breadcrumb\",\"itemListElement\":[{\"@type\":\"ListItem\",\"position\":1,\"name\":\"Home\",\"item\":\"https:\/\/malenki.net\/de\/\"},{\"@type\":\"ListItem\",\"position\":2,\"name\":\"Editionen\",\"item\":\"https:\/\/malenki.net\/de\/\"},{\"@type\":\"ListItem\",\"position\":3,\"name\":\"Die Historische Front\"}]},{\"@type\":\"WebSite\",\"@id\":\"https:\/\/malenki.net\/de\/#website\",\"url\":\"https:\/\/malenki.net\/de\/\",\"name\":\"malenki.net\",\"description\":\"Fotografie Editionen\",\"publisher\":{\"@id\":\"https:\/\/malenki.net\/de\/#organization\"},\"potentialAction\":[{\"@type\":\"SearchAction\",\"target\":{\"@type\":\"EntryPoint\",\"urlTemplate\":\"https:\/\/malenki.net\/de\/?s={search_term_string}\"},\"query-input\":{\"@type\":\"PropertyValueSpecification\",\"valueRequired\":true,\"valueName\":\"search_term_string\"}}],\"inLanguage\":\"de\"},{\"@type\":\"Organization\",\"@id\":\"https:\/\/malenki.net\/de\/#organization\",\"name\":\"malenki.net\",\"url\":\"https:\/\/malenki.net\/de\/\",\"logo\":{\"@type\":\"ImageObject\",\"inLanguage\":\"de\",\"@id\":\"https:\/\/malenki.net\/de\/#\/schema\/logo\/image\/\",\"url\":\"https:\/\/malenki.net\/wp-content\/uploads\/2023\/03\/malenki-logo-2019.gif\",\"contentUrl\":\"https:\/\/malenki.net\/wp-content\/uploads\/2023\/03\/malenki-logo-2019.gif\",\"width\":524,\"height\":138,\"caption\":\"malenki.net\"},\"image\":{\"@id\":\"https:\/\/malenki.net\/de\/#\/schema\/logo\/image\/\"},\"sameAs\":[\"https:\/\/www.facebook.com\/malenki.editionen\/\",\"https:\/\/www.instagram.com\/malenkinet\/\"]}]}<\/script>\n<!-- \/ Yoast SEO plugin. -->","yoast_head_json":{"title":"malenki.net | Die Historische Front | Luise Schr\u00f6der","description":"'Die Historische Front' von Luise Schr\u00f6der bei malenki.net","robots":{"index":"index","follow":"follow","max-snippet":"max-snippet:-1","max-image-preview":"max-image-preview:large","max-video-preview":"max-video-preview:-1"},"canonical":"https:\/\/malenki.net\/de\/produkt\/luise-schroeder-die-historische-front\/","og_locale":"de_DE","og_type":"article","og_title":"malenki.net | Die Historische Front | Luise Schr\u00f6der","og_description":"'Die Historische Front' von Luise Schr\u00f6der bei malenki.net","og_url":"https:\/\/malenki.net\/de\/produkt\/luise-schroeder-die-historische-front\/","og_site_name":"malenki.net","article_publisher":"https:\/\/www.facebook.com\/malenki.editionen\/","article_modified_time":"2024-02-04T18:12:55+00:00","og_image":[{"width":1024,"height":819,"url":"https:\/\/malenki.net\/wp-content\/uploads\/2018\/10\/luise-schroeder-historische-front-01.jpg","type":"image\/jpeg"}],"twitter_card":"summary_large_image","schema":{"@context":"https:\/\/schema.org","@graph":[{"@type":"WebPage","@id":"https:\/\/malenki.net\/de\/produkt\/luise-schroeder-die-historische-front\/","url":"https:\/\/malenki.net\/de\/produkt\/luise-schroeder-die-historische-front\/","name":"malenki.net | Die Historische Front | Luise Schr\u00f6der","isPartOf":{"@id":"https:\/\/malenki.net\/de\/#website"},"primaryImageOfPage":{"@id":"https:\/\/malenki.net\/de\/produkt\/luise-schroeder-die-historische-front\/#primaryimage"},"image":{"@id":"https:\/\/malenki.net\/de\/produkt\/luise-schroeder-die-historische-front\/#primaryimage"},"thumbnailUrl":"https:\/\/malenki.net\/wp-content\/uploads\/2018\/10\/luise-schroeder-historische-front-01.jpg","datePublished":"2013-11-18T11:44:24+00:00","dateModified":"2024-02-04T18:12:55+00:00","description":"'Die Historische Front' von Luise Schr\u00f6der bei malenki.net","breadcrumb":{"@id":"https:\/\/malenki.net\/de\/produkt\/luise-schroeder-die-historische-front\/#breadcrumb"},"inLanguage":"de","potentialAction":[{"@type":"ReadAction","target":["https:\/\/malenki.net\/de\/produkt\/luise-schroeder-die-historische-front\/"]}]},{"@type":"ImageObject","inLanguage":"de","@id":"https:\/\/malenki.net\/de\/produkt\/luise-schroeder-die-historische-front\/#primaryimage","url":"https:\/\/malenki.net\/wp-content\/uploads\/2018\/10\/luise-schroeder-historische-front-01.jpg","contentUrl":"https:\/\/malenki.net\/wp-content\/uploads\/2018\/10\/luise-schroeder-historische-front-01.jpg","width":1024,"height":819,"caption":"Die Historische Front \u2014 Luise Schr\u00f6der"},{"@type":"BreadcrumbList","@id":"https:\/\/malenki.net\/de\/produkt\/luise-schroeder-die-historische-front\/#breadcrumb","itemListElement":[{"@type":"ListItem","position":1,"name":"Home","item":"https:\/\/malenki.net\/de\/"},{"@type":"ListItem","position":2,"name":"Editionen","item":"https:\/\/malenki.net\/de\/"},{"@type":"ListItem","position":3,"name":"Die Historische Front"}]},{"@type":"WebSite","@id":"https:\/\/malenki.net\/de\/#website","url":"https:\/\/malenki.net\/de\/","name":"malenki.net","description":"Fotografie Editionen","publisher":{"@id":"https:\/\/malenki.net\/de\/#organization"},"potentialAction":[{"@type":"SearchAction","target":{"@type":"EntryPoint","urlTemplate":"https:\/\/malenki.net\/de\/?s={search_term_string}"},"query-input":{"@type":"PropertyValueSpecification","valueRequired":true,"valueName":"search_term_string"}}],"inLanguage":"de"},{"@type":"Organization","@id":"https:\/\/malenki.net\/de\/#organization","name":"malenki.net","url":"https:\/\/malenki.net\/de\/","logo":{"@type":"ImageObject","inLanguage":"de","@id":"https:\/\/malenki.net\/de\/#\/schema\/logo\/image\/","url":"https:\/\/malenki.net\/wp-content\/uploads\/2023\/03\/malenki-logo-2019.gif","contentUrl":"https:\/\/malenki.net\/wp-content\/uploads\/2023\/03\/malenki-logo-2019.gif","width":524,"height":138,"caption":"malenki.net"},"image":{"@id":"https:\/\/malenki.net\/de\/#\/schema\/logo\/image\/"},"sameAs":["https:\/\/www.facebook.com\/malenki.editionen\/","https:\/\/www.instagram.com\/malenkinet\/"]}]}},"wps_subtitle":"Luise Schr\u00f6der","_links":{"self":[{"href":"https:\/\/malenki.net\/de\/wp-json\/wp\/v2\/product\/6213","targetHints":{"allow":["GET"]}}],"collection":[{"href":"https:\/\/malenki.net\/de\/wp-json\/wp\/v2\/product"}],"about":[{"href":"https:\/\/malenki.net\/de\/wp-json\/wp\/v2\/types\/product"}],"wp:featuredmedia":[{"embeddable":true,"href":"https:\/\/malenki.net\/de\/wp-json\/wp\/v2\/media\/6204"}],"wp:attachment":[{"href":"https:\/\/malenki.net\/de\/wp-json\/wp\/v2\/media?parent=6213"}],"wp:term":[{"taxonomy":"product_brand","embeddable":true,"href":"https:\/\/malenki.net\/de\/wp-json\/wp\/v2\/product_brand?post=6213"},{"taxonomy":"product_cat","embeddable":true,"href":"https:\/\/malenki.net\/de\/wp-json\/wp\/v2\/product_cat?post=6213"},{"taxonomy":"product_tag","embeddable":true,"href":"https:\/\/malenki.net\/de\/wp-json\/wp\/v2\/product_tag?post=6213"}],"curies":[{"name":"wp","href":"https:\/\/api.w.org\/{rel}","templated":true}]}}