{"id":6184,"date":"2021-07-14T15:37:20","date_gmt":"2021-07-14T13:37:20","guid":{"rendered":"https:\/\/malenki.net\/product\/en-route-babs-decruyenaere\/"},"modified":"2025-10-20T18:48:54","modified_gmt":"2025-10-20T16:48:54","slug":"en-route-babs-decruyenaere","status":"publish","type":"product","link":"https:\/\/malenki.net\/de\/produkt\/en-route-babs-decruyenaere\/","title":{"rendered":"En Route"},"content":{"rendered":"<p>Diese K\u00fcnstlerpublikation besteht aus winzigen Lochkamerabildern, die Babs Cruyenaere w\u00e4hrend mehrerer Spazierg\u00e4nge durch den Hafen von Antwerpen, Belgien, gemacht hat.<\/p>\n","protected":false},"excerpt":{"rendered":"<p>Leinenbezogene Box mit handgefertigten Abz\u00fcgen von Babs Decruyenaere. Auflage von 10 Exemplaren, nummeriert und signiert<\/p>\n","protected":false},"featured_media":5793,"template":"","meta":{"pgc_sgb_lightbox_settings":""},"product_brand":[],"product_cat":[2214],"product_tag":[4117,2228,2227,2226,3825,5637,3261,3059,4119,5692],"class_list":{"0":"post-6184","1":"product","2":"type-product","3":"status-publish","4":"has-post-thumbnail","6":"product_cat-babs-decruyenaere-de","7":"product_tag-analog-de","8":"product_tag-babs-decruyenaere-de","9":"product_tag-barbara-decruyenaere-de","10":"product_tag-decruyenaere-de","11":"product_tag-dunkel","12":"product_tag-loseblattsammlung","13":"product_tag-pinhole-de","14":"product_tag-schwarz-weiss","15":"product_tag-silver-gelatine-de","16":"product_tag-wanderung","17":"entry","19":"first","20":"instock","21":"shipping-taxable","22":"purchasable","23":"product-type-simple"},"yoast_head":"<!-- This site is optimized with the Yoast SEO plugin v27.2 - https:\/\/yoast.com\/product\/yoast-seo-wordpress\/ -->\n<title>malenki.net | En Route | Babs Decruyenaere<\/title>\n<meta name=\"description\" content=\"Lochkamera Fotoedition &#039;En Route&#039; von Babs Decruyenaere bei malenki.net\" \/>\n<meta name=\"robots\" content=\"index, follow, max-snippet:-1, max-image-preview:large, max-video-preview:-1\" \/>\n<link rel=\"canonical\" href=\"https:\/\/malenki.net\/de\/produkt\/en-route-babs-decruyenaere\/\" \/>\n<meta property=\"og:locale\" content=\"de_DE\" \/>\n<meta property=\"og:type\" content=\"article\" \/>\n<meta property=\"og:title\" content=\"malenki.net | En Route | Babs Decruyenaere\" \/>\n<meta property=\"og:description\" content=\"Lochkamera Fotoedition &#039;En Route&#039; von Babs Decruyenaere bei malenki.net\" \/>\n<meta property=\"og:url\" content=\"https:\/\/malenki.net\/de\/produkt\/en-route-babs-decruyenaere\/\" \/>\n<meta property=\"og:site_name\" content=\"malenki.net\" \/>\n<meta property=\"article:publisher\" content=\"https:\/\/www.facebook.com\/malenki.editionen\/\" \/>\n<meta property=\"article:modified_time\" content=\"2025-10-20T16:48:54+00:00\" \/>\n<meta property=\"og:image\" content=\"https:\/\/malenki.net\/wp-content\/uploads\/2018\/07\/babs-decruyenaere-en-route-04.jpg\" \/>\n\t<meta property=\"og:image:width\" content=\"1024\" \/>\n\t<meta property=\"og:image:height\" content=\"819\" \/>\n\t<meta property=\"og:image:type\" content=\"image\/jpeg\" \/>\n<meta name=\"twitter:card\" content=\"summary_large_image\" \/>\n<script type=\"application\/ld+json\" class=\"yoast-schema-graph\">{\"@context\":\"https:\/\/schema.org\",\"@graph\":[{\"@type\":\"WebPage\",\"@id\":\"https:\/\/malenki.net\/de\/produkt\/en-route-babs-decruyenaere\/\",\"url\":\"https:\/\/malenki.net\/de\/produkt\/en-route-babs-decruyenaere\/\",\"name\":\"malenki.net | En Route | Babs Decruyenaere\",\"isPartOf\":{\"@id\":\"https:\/\/malenki.net\/de\/#website\"},\"primaryImageOfPage\":{\"@id\":\"https:\/\/malenki.net\/de\/produkt\/en-route-babs-decruyenaere\/#primaryimage\"},\"image\":{\"@id\":\"https:\/\/malenki.net\/de\/produkt\/en-route-babs-decruyenaere\/#primaryimage\"},\"thumbnailUrl\":\"https:\/\/malenki.net\/wp-content\/uploads\/2018\/07\/babs-decruyenaere-en-route-04.jpg\",\"datePublished\":\"2021-07-14T13:37:20+00:00\",\"dateModified\":\"2025-10-20T16:48:54+00:00\",\"description\":\"Lochkamera Fotoedition 'En Route' von Babs Decruyenaere bei malenki.net\",\"breadcrumb\":{\"@id\":\"https:\/\/malenki.net\/de\/produkt\/en-route-babs-decruyenaere\/#breadcrumb\"},\"inLanguage\":\"de\",\"potentialAction\":[{\"@type\":\"ReadAction\",\"target\":[\"https:\/\/malenki.net\/de\/produkt\/en-route-babs-decruyenaere\/\"]}]},{\"@type\":\"ImageObject\",\"inLanguage\":\"de\",\"@id\":\"https:\/\/malenki.net\/de\/produkt\/en-route-babs-decruyenaere\/#primaryimage\",\"url\":\"https:\/\/malenki.net\/wp-content\/uploads\/2018\/07\/babs-decruyenaere-en-route-04.jpg\",\"contentUrl\":\"https:\/\/malenki.net\/wp-content\/uploads\/2018\/07\/babs-decruyenaere-en-route-04.jpg\",\"width\":1024,\"height\":819,\"caption\":\"En Route \u2014 Babs Decruyenaere\"},{\"@type\":\"BreadcrumbList\",\"@id\":\"https:\/\/malenki.net\/de\/produkt\/en-route-babs-decruyenaere\/#breadcrumb\",\"itemListElement\":[{\"@type\":\"ListItem\",\"position\":1,\"name\":\"Home\",\"item\":\"https:\/\/malenki.net\/de\/\"},{\"@type\":\"ListItem\",\"position\":2,\"name\":\"Editionen\",\"item\":\"https:\/\/malenki.net\/de\/\"},{\"@type\":\"ListItem\",\"position\":3,\"name\":\"En Route\"}]},{\"@type\":\"WebSite\",\"@id\":\"https:\/\/malenki.net\/de\/#website\",\"url\":\"https:\/\/malenki.net\/de\/\",\"name\":\"malenki.net\",\"description\":\"Fotografie Editionen\",\"publisher\":{\"@id\":\"https:\/\/malenki.net\/de\/#organization\"},\"potentialAction\":[{\"@type\":\"SearchAction\",\"target\":{\"@type\":\"EntryPoint\",\"urlTemplate\":\"https:\/\/malenki.net\/de\/?s={search_term_string}\"},\"query-input\":{\"@type\":\"PropertyValueSpecification\",\"valueRequired\":true,\"valueName\":\"search_term_string\"}}],\"inLanguage\":\"de\"},{\"@type\":\"Organization\",\"@id\":\"https:\/\/malenki.net\/de\/#organization\",\"name\":\"malenki.net\",\"url\":\"https:\/\/malenki.net\/de\/\",\"logo\":{\"@type\":\"ImageObject\",\"inLanguage\":\"de\",\"@id\":\"https:\/\/malenki.net\/de\/#\/schema\/logo\/image\/\",\"url\":\"https:\/\/malenki.net\/wp-content\/uploads\/2023\/03\/malenki-logo-2019.gif\",\"contentUrl\":\"https:\/\/malenki.net\/wp-content\/uploads\/2023\/03\/malenki-logo-2019.gif\",\"width\":524,\"height\":138,\"caption\":\"malenki.net\"},\"image\":{\"@id\":\"https:\/\/malenki.net\/de\/#\/schema\/logo\/image\/\"},\"sameAs\":[\"https:\/\/www.facebook.com\/malenki.editionen\/\",\"https:\/\/www.instagram.com\/malenkinet\/\"]}]}<\/script>\n<!-- \/ Yoast SEO plugin. -->","yoast_head_json":{"title":"malenki.net | En Route | Babs Decruyenaere","description":"Lochkamera Fotoedition 'En Route' von Babs Decruyenaere bei malenki.net","robots":{"index":"index","follow":"follow","max-snippet":"max-snippet:-1","max-image-preview":"max-image-preview:large","max-video-preview":"max-video-preview:-1"},"canonical":"https:\/\/malenki.net\/de\/produkt\/en-route-babs-decruyenaere\/","og_locale":"de_DE","og_type":"article","og_title":"malenki.net | En Route | Babs Decruyenaere","og_description":"Lochkamera Fotoedition 'En Route' von Babs Decruyenaere bei malenki.net","og_url":"https:\/\/malenki.net\/de\/produkt\/en-route-babs-decruyenaere\/","og_site_name":"malenki.net","article_publisher":"https:\/\/www.facebook.com\/malenki.editionen\/","article_modified_time":"2025-10-20T16:48:54+00:00","og_image":[{"width":1024,"height":819,"url":"https:\/\/malenki.net\/wp-content\/uploads\/2018\/07\/babs-decruyenaere-en-route-04.jpg","type":"image\/jpeg"}],"twitter_card":"summary_large_image","schema":{"@context":"https:\/\/schema.org","@graph":[{"@type":"WebPage","@id":"https:\/\/malenki.net\/de\/produkt\/en-route-babs-decruyenaere\/","url":"https:\/\/malenki.net\/de\/produkt\/en-route-babs-decruyenaere\/","name":"malenki.net | En Route | Babs Decruyenaere","isPartOf":{"@id":"https:\/\/malenki.net\/de\/#website"},"primaryImageOfPage":{"@id":"https:\/\/malenki.net\/de\/produkt\/en-route-babs-decruyenaere\/#primaryimage"},"image":{"@id":"https:\/\/malenki.net\/de\/produkt\/en-route-babs-decruyenaere\/#primaryimage"},"thumbnailUrl":"https:\/\/malenki.net\/wp-content\/uploads\/2018\/07\/babs-decruyenaere-en-route-04.jpg","datePublished":"2021-07-14T13:37:20+00:00","dateModified":"2025-10-20T16:48:54+00:00","description":"Lochkamera Fotoedition 'En Route' von Babs Decruyenaere bei malenki.net","breadcrumb":{"@id":"https:\/\/malenki.net\/de\/produkt\/en-route-babs-decruyenaere\/#breadcrumb"},"inLanguage":"de","potentialAction":[{"@type":"ReadAction","target":["https:\/\/malenki.net\/de\/produkt\/en-route-babs-decruyenaere\/"]}]},{"@type":"ImageObject","inLanguage":"de","@id":"https:\/\/malenki.net\/de\/produkt\/en-route-babs-decruyenaere\/#primaryimage","url":"https:\/\/malenki.net\/wp-content\/uploads\/2018\/07\/babs-decruyenaere-en-route-04.jpg","contentUrl":"https:\/\/malenki.net\/wp-content\/uploads\/2018\/07\/babs-decruyenaere-en-route-04.jpg","width":1024,"height":819,"caption":"En Route \u2014 Babs Decruyenaere"},{"@type":"BreadcrumbList","@id":"https:\/\/malenki.net\/de\/produkt\/en-route-babs-decruyenaere\/#breadcrumb","itemListElement":[{"@type":"ListItem","position":1,"name":"Home","item":"https:\/\/malenki.net\/de\/"},{"@type":"ListItem","position":2,"name":"Editionen","item":"https:\/\/malenki.net\/de\/"},{"@type":"ListItem","position":3,"name":"En Route"}]},{"@type":"WebSite","@id":"https:\/\/malenki.net\/de\/#website","url":"https:\/\/malenki.net\/de\/","name":"malenki.net","description":"Fotografie Editionen","publisher":{"@id":"https:\/\/malenki.net\/de\/#organization"},"potentialAction":[{"@type":"SearchAction","target":{"@type":"EntryPoint","urlTemplate":"https:\/\/malenki.net\/de\/?s={search_term_string}"},"query-input":{"@type":"PropertyValueSpecification","valueRequired":true,"valueName":"search_term_string"}}],"inLanguage":"de"},{"@type":"Organization","@id":"https:\/\/malenki.net\/de\/#organization","name":"malenki.net","url":"https:\/\/malenki.net\/de\/","logo":{"@type":"ImageObject","inLanguage":"de","@id":"https:\/\/malenki.net\/de\/#\/schema\/logo\/image\/","url":"https:\/\/malenki.net\/wp-content\/uploads\/2023\/03\/malenki-logo-2019.gif","contentUrl":"https:\/\/malenki.net\/wp-content\/uploads\/2023\/03\/malenki-logo-2019.gif","width":524,"height":138,"caption":"malenki.net"},"image":{"@id":"https:\/\/malenki.net\/de\/#\/schema\/logo\/image\/"},"sameAs":["https:\/\/www.facebook.com\/malenki.editionen\/","https:\/\/www.instagram.com\/malenkinet\/"]}]}},"wps_subtitle":"Babs Decruyenaere","_links":{"self":[{"href":"https:\/\/malenki.net\/de\/wp-json\/wp\/v2\/product\/6184","targetHints":{"allow":["GET"]}}],"collection":[{"href":"https:\/\/malenki.net\/de\/wp-json\/wp\/v2\/product"}],"about":[{"href":"https:\/\/malenki.net\/de\/wp-json\/wp\/v2\/types\/product"}],"wp:featuredmedia":[{"embeddable":true,"href":"https:\/\/malenki.net\/de\/wp-json\/wp\/v2\/media\/5793"}],"wp:attachment":[{"href":"https:\/\/malenki.net\/de\/wp-json\/wp\/v2\/media?parent=6184"}],"wp:term":[{"taxonomy":"product_brand","embeddable":true,"href":"https:\/\/malenki.net\/de\/wp-json\/wp\/v2\/product_brand?post=6184"},{"taxonomy":"product_cat","embeddable":true,"href":"https:\/\/malenki.net\/de\/wp-json\/wp\/v2\/product_cat?post=6184"},{"taxonomy":"product_tag","embeddable":true,"href":"https:\/\/malenki.net\/de\/wp-json\/wp\/v2\/product_tag?post=6184"}],"curies":[{"name":"wp","href":"https:\/\/api.w.org\/{rel}","templated":true}]}}