{"id":4699,"date":"2016-11-22T11:04:01","date_gmt":"2016-11-22T10:04:01","guid":{"rendered":"https:\/\/malenki.net\/?post_type=product&#038;p=4699\/"},"modified":"2024-02-04T19:11:51","modified_gmt":"2024-02-04T18:11:51","slug":"confined-space-laura-padgett","status":"publish","type":"product","link":"https:\/\/malenki.net\/de\/produkt\/confined-space-laura-padgett\/","title":{"rendered":"Confined Space"},"content":{"rendered":"<p>Die Bildstudien von <a href=\"http:\/\/lpadgett.net\" target=\"_blank\" rel=\"noopener noreferrer\">Laura J. Padgett<\/a> sind w\u00e4hrend mehrerer Reisen durch den Libanon entstanden. Sie erz\u00e4hlen eine Geschichte, die einen bestimmten Eindruck des Ortes und der Menschen im Libanon verk\u00f6rpert. F\u00fcr sich genommen m\u00f6gen sie fl\u00fcchtig erscheinen, abstrakt oder deplatziert. Als Ganzes betrachtet k\u00f6nnte die Serie nicht an einem anderen Ort entstanden sein. \u2014 B\u00fccher &amp; Hefte Verlag, Leipzig<\/p>\n","protected":false},"excerpt":{"rendered":"<p>Die Bildstudien von Laura J. Padgett sind w\u00e4hrend mehrerer Reisen durch den Libanon entstanden. Sie erz\u00e4hlen eine Geschichte, die einen bestimmten Eindruck des Ortes und der Menschen im Libanon verk\u00f6rpert. F\u00fcr sich genommen m\u00f6gen sie fl\u00fcchtig erscheinen, abstrakt oder deplatziert. Als Ganzes betrachtet k\u00f6nnte die Serie nicht an einem anderen Ort entstanden sein. \u2014 B\u00fccher&hellip; <a class=\"more-link\" href=\"https:\/\/malenki.net\/de\/produkt\/confined-space-laura-padgett\/\"><span class=\"screen-reader-text\">Confined Space<\/span> weiterlesen<\/a><\/p>\n","protected":false},"featured_media":4686,"template":"","meta":{"pgc_sgb_lightbox_settings":""},"product_brand":[],"product_cat":[2762],"product_tag":[3869,3982,2705,2721,2716,2715,5641,3989,2727,5094,5081,5522,3994],"class_list":{"0":"post-4699","1":"product","2":"type-product","3":"status-publish","4":"has-post-thumbnail","6":"product_cat-laura-j-padgett","7":"product_tag-alltaglich","8":"product_tag-architektur","9":"product_tag-confined-space-de","10":"product_tag-gregory-buchakjian-de","11":"product_tag-laura-j-padgett-de","12":"product_tag-laura-padgett-de","13":"product_tag-libanon-de","14":"product_tag-modernismus","15":"product_tag-padgett-de","16":"product_tag-raum","17":"product_tag-stadtlandschaft","18":"product_tag-urbaner-raum","19":"product_tag-zine-de","20":"entry","22":"first","23":"instock","24":"shipping-taxable","25":"purchasable","26":"product-type-simple"},"yoast_head":"<!-- This site is optimized with the Yoast SEO plugin v27.2 - https:\/\/yoast.com\/product\/yoast-seo-wordpress\/ -->\n<title>malenki.net | Confined Space | Laura J. Padgett<\/title>\n<meta name=\"description\" content=\"&#039;Confined Space&#039; von Laura J. Padgett bei malenki.net\" \/>\n<meta name=\"robots\" content=\"index, follow, max-snippet:-1, max-image-preview:large, max-video-preview:-1\" \/>\n<link rel=\"canonical\" href=\"https:\/\/malenki.net\/de\/produkt\/confined-space-laura-padgett\/\" \/>\n<meta property=\"og:locale\" content=\"de_DE\" \/>\n<meta property=\"og:type\" content=\"article\" \/>\n<meta property=\"og:title\" content=\"malenki.net | Confined Space | Laura J. Padgett\" \/>\n<meta property=\"og:description\" content=\"&#039;Confined Space&#039; von Laura J. Padgett bei malenki.net\" \/>\n<meta property=\"og:url\" content=\"https:\/\/malenki.net\/de\/produkt\/confined-space-laura-padgett\/\" \/>\n<meta property=\"og:site_name\" content=\"malenki.net\" \/>\n<meta property=\"article:publisher\" content=\"https:\/\/www.facebook.com\/malenki.editionen\/\" \/>\n<meta property=\"article:modified_time\" content=\"2024-02-04T18:11:51+00:00\" \/>\n<meta property=\"og:image\" content=\"https:\/\/malenki.net\/wp-content\/uploads\/2016\/11\/laura-padgett-confined-space-01.jpg\" \/>\n<meta name=\"twitter:card\" content=\"summary_large_image\" \/>\n<script type=\"application\/ld+json\" class=\"yoast-schema-graph\">{\"@context\":\"https:\/\/schema.org\",\"@graph\":[{\"@type\":\"WebPage\",\"@id\":\"https:\/\/malenki.net\/de\/produkt\/confined-space-laura-padgett\/\",\"url\":\"https:\/\/malenki.net\/de\/produkt\/confined-space-laura-padgett\/\",\"name\":\"malenki.net | Confined Space | Laura J. Padgett\",\"isPartOf\":{\"@id\":\"https:\/\/malenki.net\/de\/#website\"},\"primaryImageOfPage\":{\"@id\":\"https:\/\/malenki.net\/de\/produkt\/confined-space-laura-padgett\/#primaryimage\"},\"image\":{\"@id\":\"https:\/\/malenki.net\/de\/produkt\/confined-space-laura-padgett\/#primaryimage\"},\"thumbnailUrl\":\"https:\/\/malenki.net\/wp-content\/uploads\/2016\/11\/laura-padgett-confined-space-01.jpg\",\"datePublished\":\"2016-11-22T10:04:01+00:00\",\"dateModified\":\"2024-02-04T18:11:51+00:00\",\"description\":\"'Confined Space' von Laura J. Padgett bei malenki.net\",\"breadcrumb\":{\"@id\":\"https:\/\/malenki.net\/de\/produkt\/confined-space-laura-padgett\/#breadcrumb\"},\"inLanguage\":\"de\",\"potentialAction\":[{\"@type\":\"ReadAction\",\"target\":[\"https:\/\/malenki.net\/de\/produkt\/confined-space-laura-padgett\/\"]}]},{\"@type\":\"ImageObject\",\"inLanguage\":\"de\",\"@id\":\"https:\/\/malenki.net\/de\/produkt\/confined-space-laura-padgett\/#primaryimage\",\"url\":\"https:\/\/malenki.net\/wp-content\/uploads\/2016\/11\/laura-padgett-confined-space-01.jpg\",\"contentUrl\":\"https:\/\/malenki.net\/wp-content\/uploads\/2016\/11\/laura-padgett-confined-space-01.jpg\",\"width\":1024,\"height\":819,\"caption\":\"Confined Space \u2014 Laura J. Padgett\"},{\"@type\":\"BreadcrumbList\",\"@id\":\"https:\/\/malenki.net\/de\/produkt\/confined-space-laura-padgett\/#breadcrumb\",\"itemListElement\":[{\"@type\":\"ListItem\",\"position\":1,\"name\":\"Home\",\"item\":\"https:\/\/malenki.net\/de\/\"},{\"@type\":\"ListItem\",\"position\":2,\"name\":\"Editionen\",\"item\":\"https:\/\/malenki.net\/de\/\"},{\"@type\":\"ListItem\",\"position\":3,\"name\":\"Confined Space\"}]},{\"@type\":\"WebSite\",\"@id\":\"https:\/\/malenki.net\/de\/#website\",\"url\":\"https:\/\/malenki.net\/de\/\",\"name\":\"malenki.net\",\"description\":\"Fotografie Editionen\",\"publisher\":{\"@id\":\"https:\/\/malenki.net\/de\/#organization\"},\"potentialAction\":[{\"@type\":\"SearchAction\",\"target\":{\"@type\":\"EntryPoint\",\"urlTemplate\":\"https:\/\/malenki.net\/de\/?s={search_term_string}\"},\"query-input\":{\"@type\":\"PropertyValueSpecification\",\"valueRequired\":true,\"valueName\":\"search_term_string\"}}],\"inLanguage\":\"de\"},{\"@type\":\"Organization\",\"@id\":\"https:\/\/malenki.net\/de\/#organization\",\"name\":\"malenki.net\",\"url\":\"https:\/\/malenki.net\/de\/\",\"logo\":{\"@type\":\"ImageObject\",\"inLanguage\":\"de\",\"@id\":\"https:\/\/malenki.net\/de\/#\/schema\/logo\/image\/\",\"url\":\"https:\/\/malenki.net\/wp-content\/uploads\/2023\/03\/malenki-logo-2019.gif\",\"contentUrl\":\"https:\/\/malenki.net\/wp-content\/uploads\/2023\/03\/malenki-logo-2019.gif\",\"width\":524,\"height\":138,\"caption\":\"malenki.net\"},\"image\":{\"@id\":\"https:\/\/malenki.net\/de\/#\/schema\/logo\/image\/\"},\"sameAs\":[\"https:\/\/www.facebook.com\/malenki.editionen\/\",\"https:\/\/www.instagram.com\/malenkinet\/\"]}]}<\/script>\n<!-- \/ Yoast SEO plugin. -->","yoast_head_json":{"title":"malenki.net | Confined Space | Laura J. Padgett","description":"'Confined Space' von Laura J. Padgett bei malenki.net","robots":{"index":"index","follow":"follow","max-snippet":"max-snippet:-1","max-image-preview":"max-image-preview:large","max-video-preview":"max-video-preview:-1"},"canonical":"https:\/\/malenki.net\/de\/produkt\/confined-space-laura-padgett\/","og_locale":"de_DE","og_type":"article","og_title":"malenki.net | Confined Space | Laura J. Padgett","og_description":"'Confined Space' von Laura J. Padgett bei malenki.net","og_url":"https:\/\/malenki.net\/de\/produkt\/confined-space-laura-padgett\/","og_site_name":"malenki.net","article_publisher":"https:\/\/www.facebook.com\/malenki.editionen\/","article_modified_time":"2024-02-04T18:11:51+00:00","og_image":[{"url":"https:\/\/malenki.net\/wp-content\/uploads\/2016\/11\/laura-padgett-confined-space-01.jpg","type":"","width":"","height":""}],"twitter_card":"summary_large_image","schema":{"@context":"https:\/\/schema.org","@graph":[{"@type":"WebPage","@id":"https:\/\/malenki.net\/de\/produkt\/confined-space-laura-padgett\/","url":"https:\/\/malenki.net\/de\/produkt\/confined-space-laura-padgett\/","name":"malenki.net | Confined Space | Laura J. Padgett","isPartOf":{"@id":"https:\/\/malenki.net\/de\/#website"},"primaryImageOfPage":{"@id":"https:\/\/malenki.net\/de\/produkt\/confined-space-laura-padgett\/#primaryimage"},"image":{"@id":"https:\/\/malenki.net\/de\/produkt\/confined-space-laura-padgett\/#primaryimage"},"thumbnailUrl":"https:\/\/malenki.net\/wp-content\/uploads\/2016\/11\/laura-padgett-confined-space-01.jpg","datePublished":"2016-11-22T10:04:01+00:00","dateModified":"2024-02-04T18:11:51+00:00","description":"'Confined Space' von Laura J. Padgett bei malenki.net","breadcrumb":{"@id":"https:\/\/malenki.net\/de\/produkt\/confined-space-laura-padgett\/#breadcrumb"},"inLanguage":"de","potentialAction":[{"@type":"ReadAction","target":["https:\/\/malenki.net\/de\/produkt\/confined-space-laura-padgett\/"]}]},{"@type":"ImageObject","inLanguage":"de","@id":"https:\/\/malenki.net\/de\/produkt\/confined-space-laura-padgett\/#primaryimage","url":"https:\/\/malenki.net\/wp-content\/uploads\/2016\/11\/laura-padgett-confined-space-01.jpg","contentUrl":"https:\/\/malenki.net\/wp-content\/uploads\/2016\/11\/laura-padgett-confined-space-01.jpg","width":1024,"height":819,"caption":"Confined Space \u2014 Laura J. Padgett"},{"@type":"BreadcrumbList","@id":"https:\/\/malenki.net\/de\/produkt\/confined-space-laura-padgett\/#breadcrumb","itemListElement":[{"@type":"ListItem","position":1,"name":"Home","item":"https:\/\/malenki.net\/de\/"},{"@type":"ListItem","position":2,"name":"Editionen","item":"https:\/\/malenki.net\/de\/"},{"@type":"ListItem","position":3,"name":"Confined Space"}]},{"@type":"WebSite","@id":"https:\/\/malenki.net\/de\/#website","url":"https:\/\/malenki.net\/de\/","name":"malenki.net","description":"Fotografie Editionen","publisher":{"@id":"https:\/\/malenki.net\/de\/#organization"},"potentialAction":[{"@type":"SearchAction","target":{"@type":"EntryPoint","urlTemplate":"https:\/\/malenki.net\/de\/?s={search_term_string}"},"query-input":{"@type":"PropertyValueSpecification","valueRequired":true,"valueName":"search_term_string"}}],"inLanguage":"de"},{"@type":"Organization","@id":"https:\/\/malenki.net\/de\/#organization","name":"malenki.net","url":"https:\/\/malenki.net\/de\/","logo":{"@type":"ImageObject","inLanguage":"de","@id":"https:\/\/malenki.net\/de\/#\/schema\/logo\/image\/","url":"https:\/\/malenki.net\/wp-content\/uploads\/2023\/03\/malenki-logo-2019.gif","contentUrl":"https:\/\/malenki.net\/wp-content\/uploads\/2023\/03\/malenki-logo-2019.gif","width":524,"height":138,"caption":"malenki.net"},"image":{"@id":"https:\/\/malenki.net\/de\/#\/schema\/logo\/image\/"},"sameAs":["https:\/\/www.facebook.com\/malenki.editionen\/","https:\/\/www.instagram.com\/malenkinet\/"]}]}},"wps_subtitle":"Laura J. Padgett","_links":{"self":[{"href":"https:\/\/malenki.net\/de\/wp-json\/wp\/v2\/product\/4699","targetHints":{"allow":["GET"]}}],"collection":[{"href":"https:\/\/malenki.net\/de\/wp-json\/wp\/v2\/product"}],"about":[{"href":"https:\/\/malenki.net\/de\/wp-json\/wp\/v2\/types\/product"}],"wp:featuredmedia":[{"embeddable":true,"href":"https:\/\/malenki.net\/de\/wp-json\/wp\/v2\/media\/4686"}],"wp:attachment":[{"href":"https:\/\/malenki.net\/de\/wp-json\/wp\/v2\/media?parent=4699"}],"wp:term":[{"taxonomy":"product_brand","embeddable":true,"href":"https:\/\/malenki.net\/de\/wp-json\/wp\/v2\/product_brand?post=4699"},{"taxonomy":"product_cat","embeddable":true,"href":"https:\/\/malenki.net\/de\/wp-json\/wp\/v2\/product_cat?post=4699"},{"taxonomy":"product_tag","embeddable":true,"href":"https:\/\/malenki.net\/de\/wp-json\/wp\/v2\/product_tag?post=4699"}],"curies":[{"name":"wp","href":"https:\/\/api.w.org\/{rel}","templated":true}]}}