{"id":4265,"date":"2016-12-07T11:52:34","date_gmt":"2016-12-07T10:52:34","guid":{"rendered":"https:\/\/malenki.net\/product\/spektrum-2\/"},"modified":"2024-04-02T21:44:46","modified_gmt":"2024-04-02T19:44:46","slug":"katrin-kamrau-spektrum","status":"publish","type":"product","link":"https:\/\/malenki.net\/de\/produkt\/katrin-kamrau-spektrum\/","title":{"rendered":"SPEKTRUM*"},"content":{"rendered":"<p class=\"p1\">SPEKTRUM * ist sowohl eine K\u00fcnstlerpublikation als auch ein Katalog. SPEKTRUM * verwendet eine offene, partizipative Struktur, um eine Beziehung zwischen Ver\u00f6ffentlichung, Leser und Produzent zu f\u00f6rdern. Durch Reproduktionen von Kunstwerken, Interviews und (Ausstellungs-)Texte sowie Ausstellungsansichten k\u00f6nnen Leser in SPEKTRUM * eintauchen, um gemeinsam mit Katrin Kamrau \u00fcber Prozesse der fotografischen Bildproduktion und der Bildwahrnehmung in westlichen Gesellschaften nachzudenken. Fortsetzung folgt.<\/p>\n","protected":false},"excerpt":{"rendered":"<p>SPEKTRUM * ist sowohl eine K\u00fcnstlerpublikation als auch ein Katalog. SPEKTRUM * verwendet eine offene, partizipative Struktur, um eine Beziehung zwischen Ver\u00f6ffentlichung, Leser und Produzent zu f\u00f6rdern. Durch Reproduktionen von Kunstwerken, Interviews und (Ausstellungs-)Texte sowie Ausstellungsansichten k\u00f6nnen Leser in SPEKTRUM * eintauchen, um gemeinsam mit Katrin Kamrau \u00fcber Prozesse der fotografischen Bildproduktion und der Bildwahrnehmung&hellip; <a class=\"more-link\" href=\"https:\/\/malenki.net\/de\/produkt\/katrin-kamrau-spektrum\/\"><span class=\"screen-reader-text\">SPEKTRUM*<\/span> weiterlesen<\/a><\/p>\n","protected":false},"featured_media":4331,"template":"","meta":{"pgc_sgb_lightbox_settings":""},"product_brand":[],"product_cat":[1084],"product_tag":[4770,4771,4772,4774,1182,1112,5637,4773,5018,3535,2380,4769,5086,3961,4768,4777],"class_list":{"0":"post-4265","1":"product","2":"type-product","3":"status-publish","4":"has-post-thumbnail","6":"product_cat-katrin-kamrau-de","7":"product_tag-anna-zika-de","8":"product_tag-fabian-knierim-de","9":"product_tag-friederike-fast-de","10":"product_tag-juliane-schickedanz-de","11":"product_tag-kamrau-de","12":"product_tag-katrin-kamrau-de","13":"product_tag-loseblattsammlung","14":"product_tag-maite-vissault-de","15":"product_tag-medientheorie","16":"product_tag-siebdruck","17":"product_tag-spektrum-de","18":"product_tag-thomas-thiel-de","19":"product_tag-uber-fotografie","20":"product_tag-wahrnehmung","21":"product_tag-ward-heirwegh-de","22":"product_tag-westliche-gesellschaft","23":"entry","25":"first","26":"instock","27":"shipping-taxable","28":"purchasable","29":"product-type-simple"},"yoast_head":"<!-- This site is optimized with the Yoast SEO plugin v27.2 - https:\/\/yoast.com\/product\/yoast-seo-wordpress\/ -->\n<title>malenki.net | SPEKTRUM* | Katrin Kamrau<\/title>\n<meta name=\"description\" content=\"SPEKTRUM* von Katrin Kamrau bei malenki.net\" \/>\n<meta name=\"robots\" content=\"index, follow, max-snippet:-1, max-image-preview:large, max-video-preview:-1\" \/>\n<link rel=\"canonical\" href=\"https:\/\/malenki.net\/de\/produkt\/katrin-kamrau-spektrum\/\" \/>\n<meta property=\"og:locale\" content=\"de_DE\" \/>\n<meta property=\"og:type\" content=\"article\" \/>\n<meta property=\"og:title\" content=\"malenki.net | SPEKTRUM* | Katrin Kamrau\" \/>\n<meta property=\"og:description\" content=\"SPEKTRUM* von Katrin Kamrau bei malenki.net\" \/>\n<meta property=\"og:url\" content=\"https:\/\/malenki.net\/de\/produkt\/katrin-kamrau-spektrum\/\" \/>\n<meta property=\"og:site_name\" content=\"malenki.net\" \/>\n<meta property=\"article:publisher\" content=\"https:\/\/www.facebook.com\/malenki.editionen\/\" \/>\n<meta property=\"article:modified_time\" content=\"2024-04-02T19:44:46+00:00\" \/>\n<meta property=\"og:image\" content=\"https:\/\/malenki.net\/wp-content\/uploads\/2016\/12\/spektrum-katrin-kamrau-10.jpg\" \/>\n\t<meta property=\"og:image:width\" content=\"1024\" \/>\n\t<meta property=\"og:image:height\" content=\"819\" \/>\n\t<meta property=\"og:image:type\" content=\"image\/jpeg\" \/>\n<meta name=\"twitter:card\" content=\"summary_large_image\" \/>\n<script type=\"application\/ld+json\" class=\"yoast-schema-graph\">{\"@context\":\"https:\/\/schema.org\",\"@graph\":[{\"@type\":\"WebPage\",\"@id\":\"https:\/\/malenki.net\/de\/produkt\/katrin-kamrau-spektrum\/\",\"url\":\"https:\/\/malenki.net\/de\/produkt\/katrin-kamrau-spektrum\/\",\"name\":\"malenki.net | SPEKTRUM* | Katrin Kamrau\",\"isPartOf\":{\"@id\":\"https:\/\/malenki.net\/de\/#website\"},\"primaryImageOfPage\":{\"@id\":\"https:\/\/malenki.net\/de\/produkt\/katrin-kamrau-spektrum\/#primaryimage\"},\"image\":{\"@id\":\"https:\/\/malenki.net\/de\/produkt\/katrin-kamrau-spektrum\/#primaryimage\"},\"thumbnailUrl\":\"https:\/\/malenki.net\/wp-content\/uploads\/2016\/12\/spektrum-katrin-kamrau-10.jpg\",\"datePublished\":\"2016-12-07T10:52:34+00:00\",\"dateModified\":\"2024-04-02T19:44:46+00:00\",\"description\":\"SPEKTRUM* von Katrin Kamrau bei malenki.net\",\"breadcrumb\":{\"@id\":\"https:\/\/malenki.net\/de\/produkt\/katrin-kamrau-spektrum\/#breadcrumb\"},\"inLanguage\":\"de\",\"potentialAction\":[{\"@type\":\"ReadAction\",\"target\":[\"https:\/\/malenki.net\/de\/produkt\/katrin-kamrau-spektrum\/\"]}]},{\"@type\":\"ImageObject\",\"inLanguage\":\"de\",\"@id\":\"https:\/\/malenki.net\/de\/produkt\/katrin-kamrau-spektrum\/#primaryimage\",\"url\":\"https:\/\/malenki.net\/wp-content\/uploads\/2016\/12\/spektrum-katrin-kamrau-10.jpg\",\"contentUrl\":\"https:\/\/malenki.net\/wp-content\/uploads\/2016\/12\/spektrum-katrin-kamrau-10.jpg\",\"width\":1024,\"height\":819,\"caption\":\"SPEKTRUM* \u2014 Katrin Kamrau\"},{\"@type\":\"BreadcrumbList\",\"@id\":\"https:\/\/malenki.net\/de\/produkt\/katrin-kamrau-spektrum\/#breadcrumb\",\"itemListElement\":[{\"@type\":\"ListItem\",\"position\":1,\"name\":\"Home\",\"item\":\"https:\/\/malenki.net\/de\/\"},{\"@type\":\"ListItem\",\"position\":2,\"name\":\"Editionen\",\"item\":\"https:\/\/malenki.net\/de\/\"},{\"@type\":\"ListItem\",\"position\":3,\"name\":\"SPEKTRUM*\"}]},{\"@type\":\"WebSite\",\"@id\":\"https:\/\/malenki.net\/de\/#website\",\"url\":\"https:\/\/malenki.net\/de\/\",\"name\":\"malenki.net\",\"description\":\"Fotografie Editionen\",\"publisher\":{\"@id\":\"https:\/\/malenki.net\/de\/#organization\"},\"potentialAction\":[{\"@type\":\"SearchAction\",\"target\":{\"@type\":\"EntryPoint\",\"urlTemplate\":\"https:\/\/malenki.net\/de\/?s={search_term_string}\"},\"query-input\":{\"@type\":\"PropertyValueSpecification\",\"valueRequired\":true,\"valueName\":\"search_term_string\"}}],\"inLanguage\":\"de\"},{\"@type\":\"Organization\",\"@id\":\"https:\/\/malenki.net\/de\/#organization\",\"name\":\"malenki.net\",\"url\":\"https:\/\/malenki.net\/de\/\",\"logo\":{\"@type\":\"ImageObject\",\"inLanguage\":\"de\",\"@id\":\"https:\/\/malenki.net\/de\/#\/schema\/logo\/image\/\",\"url\":\"https:\/\/malenki.net\/wp-content\/uploads\/2023\/03\/malenki-logo-2019.gif\",\"contentUrl\":\"https:\/\/malenki.net\/wp-content\/uploads\/2023\/03\/malenki-logo-2019.gif\",\"width\":524,\"height\":138,\"caption\":\"malenki.net\"},\"image\":{\"@id\":\"https:\/\/malenki.net\/de\/#\/schema\/logo\/image\/\"},\"sameAs\":[\"https:\/\/www.facebook.com\/malenki.editionen\/\",\"https:\/\/www.instagram.com\/malenkinet\/\"]}]}<\/script>\n<!-- \/ Yoast SEO plugin. -->","yoast_head_json":{"title":"malenki.net | SPEKTRUM* | Katrin Kamrau","description":"SPEKTRUM* von Katrin Kamrau bei malenki.net","robots":{"index":"index","follow":"follow","max-snippet":"max-snippet:-1","max-image-preview":"max-image-preview:large","max-video-preview":"max-video-preview:-1"},"canonical":"https:\/\/malenki.net\/de\/produkt\/katrin-kamrau-spektrum\/","og_locale":"de_DE","og_type":"article","og_title":"malenki.net | SPEKTRUM* | Katrin Kamrau","og_description":"SPEKTRUM* von Katrin Kamrau bei malenki.net","og_url":"https:\/\/malenki.net\/de\/produkt\/katrin-kamrau-spektrum\/","og_site_name":"malenki.net","article_publisher":"https:\/\/www.facebook.com\/malenki.editionen\/","article_modified_time":"2024-04-02T19:44:46+00:00","og_image":[{"width":1024,"height":819,"url":"https:\/\/malenki.net\/wp-content\/uploads\/2016\/12\/spektrum-katrin-kamrau-10.jpg","type":"image\/jpeg"}],"twitter_card":"summary_large_image","schema":{"@context":"https:\/\/schema.org","@graph":[{"@type":"WebPage","@id":"https:\/\/malenki.net\/de\/produkt\/katrin-kamrau-spektrum\/","url":"https:\/\/malenki.net\/de\/produkt\/katrin-kamrau-spektrum\/","name":"malenki.net | SPEKTRUM* | Katrin Kamrau","isPartOf":{"@id":"https:\/\/malenki.net\/de\/#website"},"primaryImageOfPage":{"@id":"https:\/\/malenki.net\/de\/produkt\/katrin-kamrau-spektrum\/#primaryimage"},"image":{"@id":"https:\/\/malenki.net\/de\/produkt\/katrin-kamrau-spektrum\/#primaryimage"},"thumbnailUrl":"https:\/\/malenki.net\/wp-content\/uploads\/2016\/12\/spektrum-katrin-kamrau-10.jpg","datePublished":"2016-12-07T10:52:34+00:00","dateModified":"2024-04-02T19:44:46+00:00","description":"SPEKTRUM* von Katrin Kamrau bei malenki.net","breadcrumb":{"@id":"https:\/\/malenki.net\/de\/produkt\/katrin-kamrau-spektrum\/#breadcrumb"},"inLanguage":"de","potentialAction":[{"@type":"ReadAction","target":["https:\/\/malenki.net\/de\/produkt\/katrin-kamrau-spektrum\/"]}]},{"@type":"ImageObject","inLanguage":"de","@id":"https:\/\/malenki.net\/de\/produkt\/katrin-kamrau-spektrum\/#primaryimage","url":"https:\/\/malenki.net\/wp-content\/uploads\/2016\/12\/spektrum-katrin-kamrau-10.jpg","contentUrl":"https:\/\/malenki.net\/wp-content\/uploads\/2016\/12\/spektrum-katrin-kamrau-10.jpg","width":1024,"height":819,"caption":"SPEKTRUM* \u2014 Katrin Kamrau"},{"@type":"BreadcrumbList","@id":"https:\/\/malenki.net\/de\/produkt\/katrin-kamrau-spektrum\/#breadcrumb","itemListElement":[{"@type":"ListItem","position":1,"name":"Home","item":"https:\/\/malenki.net\/de\/"},{"@type":"ListItem","position":2,"name":"Editionen","item":"https:\/\/malenki.net\/de\/"},{"@type":"ListItem","position":3,"name":"SPEKTRUM*"}]},{"@type":"WebSite","@id":"https:\/\/malenki.net\/de\/#website","url":"https:\/\/malenki.net\/de\/","name":"malenki.net","description":"Fotografie Editionen","publisher":{"@id":"https:\/\/malenki.net\/de\/#organization"},"potentialAction":[{"@type":"SearchAction","target":{"@type":"EntryPoint","urlTemplate":"https:\/\/malenki.net\/de\/?s={search_term_string}"},"query-input":{"@type":"PropertyValueSpecification","valueRequired":true,"valueName":"search_term_string"}}],"inLanguage":"de"},{"@type":"Organization","@id":"https:\/\/malenki.net\/de\/#organization","name":"malenki.net","url":"https:\/\/malenki.net\/de\/","logo":{"@type":"ImageObject","inLanguage":"de","@id":"https:\/\/malenki.net\/de\/#\/schema\/logo\/image\/","url":"https:\/\/malenki.net\/wp-content\/uploads\/2023\/03\/malenki-logo-2019.gif","contentUrl":"https:\/\/malenki.net\/wp-content\/uploads\/2023\/03\/malenki-logo-2019.gif","width":524,"height":138,"caption":"malenki.net"},"image":{"@id":"https:\/\/malenki.net\/de\/#\/schema\/logo\/image\/"},"sameAs":["https:\/\/www.facebook.com\/malenki.editionen\/","https:\/\/www.instagram.com\/malenkinet\/"]}]}},"wps_subtitle":"Katrin Kamrau","_links":{"self":[{"href":"https:\/\/malenki.net\/de\/wp-json\/wp\/v2\/product\/4265","targetHints":{"allow":["GET"]}}],"collection":[{"href":"https:\/\/malenki.net\/de\/wp-json\/wp\/v2\/product"}],"about":[{"href":"https:\/\/malenki.net\/de\/wp-json\/wp\/v2\/types\/product"}],"wp:featuredmedia":[{"embeddable":true,"href":"https:\/\/malenki.net\/de\/wp-json\/wp\/v2\/media\/4331"}],"wp:attachment":[{"href":"https:\/\/malenki.net\/de\/wp-json\/wp\/v2\/media?parent=4265"}],"wp:term":[{"taxonomy":"product_brand","embeddable":true,"href":"https:\/\/malenki.net\/de\/wp-json\/wp\/v2\/product_brand?post=4265"},{"taxonomy":"product_cat","embeddable":true,"href":"https:\/\/malenki.net\/de\/wp-json\/wp\/v2\/product_cat?post=4265"},{"taxonomy":"product_tag","embeddable":true,"href":"https:\/\/malenki.net\/de\/wp-json\/wp\/v2\/product_tag?post=4265"}],"curies":[{"name":"wp","href":"https:\/\/api.w.org\/{rel}","templated":true}]}}