{"id":3822,"date":"2015-11-21T03:40:34","date_gmt":"2015-11-21T02:40:34","guid":{"rendered":"https:\/\/malenki.net\/de\/product\/iris-1-above-the-clouds-stephanie-lagarde\/"},"modified":"2024-02-04T19:12:12","modified_gmt":"2024-02-04T18:12:12","slug":"iris-1-above-the-clouds-stephanie-lagarde","status":"publish","type":"product","link":"https:\/\/malenki.net\/de\/produkt\/iris-1-above-the-clouds-stephanie-lagarde\/","title":{"rendered":"IRIS Number 1: Above the clouds"},"content":{"rendered":"<div class=\"\">Eine Publikationsreihe mit Gedichten erstellt aus verschiedenen Bezeichnungen der Schwertlilie, eine der am st\u00e4rksten gez\u00fcchteten Zierpflanzen in den westlichen L\u00e4ndern. Jedes Buch entspricht einem Gedicht und enth\u00e4lt Bilder der Irisplanzen, deren Name f\u00fcr den Aufbau des Gedichtes verwendet wurden.<\/div>\n<div class=\"\"><\/div>\n","protected":false},"excerpt":{"rendered":"<p>Serie von drei B\u00fcchern in einer Auflage von jeweils 75 Exemplaren<br \/>\nTriton-Risografien in siebbedruckter PVC-H\u00fclle<br \/>\ngedruckt im Charles Nypels Lab, Jan van Eyck Akademie<\/p>\n","protected":false},"featured_media":5406,"template":"","meta":{"pgc_sgb_lightbox_settings":""},"product_brand":[],"product_cat":[2218],"product_tag":[2382,4066,4668,5620,3973,2222,2220,5618,5089,2233,3535,2235,4740],"class_list":{"0":"post-3822","1":"product","2":"type-product","3":"status-publish","4":"has-post-thumbnail","6":"product_cat-stephanie-lagarde-de","7":"product_tag-above-the-clouds-de","8":"product_tag-bild-und-text","9":"product_tag-farbe","10":"product_tag-gedicht","11":"product_tag-internet-de","12":"product_tag-iris-de","13":"product_tag-lagarde-de","14":"product_tag-literatur","15":"product_tag-pflanze","16":"product_tag-riso-de","17":"product_tag-siebdruck","18":"product_tag-stephanie-lagarde-de","19":"product_tag-van-eyck-de","20":"entry","22":"first","23":"instock","24":"shipping-taxable","25":"purchasable","26":"product-type-simple"},"yoast_head":"<!-- This site is optimized with the Yoast SEO plugin v27.2 - https:\/\/yoast.com\/product\/yoast-seo-wordpress\/ -->\n<title>malenki.net | IRIS Number 1: Above the clouds | St\u00e9phanie Lagarde<\/title>\n<meta name=\"description\" content=\"&#039;IRIS Number 1: Above the clouds&#039; von St\u00e9phanie Lagarde bei malenki.net\" \/>\n<meta name=\"robots\" content=\"index, follow, max-snippet:-1, max-image-preview:large, max-video-preview:-1\" \/>\n<link rel=\"canonical\" href=\"https:\/\/malenki.net\/de\/produkt\/iris-1-above-the-clouds-stephanie-lagarde\/\" \/>\n<meta property=\"og:locale\" content=\"de_DE\" \/>\n<meta property=\"og:type\" content=\"article\" \/>\n<meta property=\"og:title\" content=\"malenki.net | IRIS Number 1: Above the clouds | St\u00e9phanie Lagarde\" \/>\n<meta property=\"og:description\" content=\"&#039;IRIS Number 1: Above the clouds&#039; von St\u00e9phanie Lagarde bei malenki.net\" \/>\n<meta property=\"og:url\" content=\"https:\/\/malenki.net\/de\/produkt\/iris-1-above-the-clouds-stephanie-lagarde\/\" \/>\n<meta property=\"og:site_name\" content=\"malenki.net\" \/>\n<meta property=\"article:publisher\" content=\"https:\/\/www.facebook.com\/malenki.editionen\/\" \/>\n<meta property=\"article:modified_time\" content=\"2024-02-04T18:12:12+00:00\" \/>\n<meta property=\"og:image\" content=\"https:\/\/malenki.net\/wp-content\/uploads\/2015\/11\/stephanie-lagarde-iris-above-the-clouds-01.jpg\" \/>\n\t<meta property=\"og:image:width\" content=\"1024\" \/>\n\t<meta property=\"og:image:height\" content=\"819\" \/>\n\t<meta property=\"og:image:type\" content=\"image\/jpeg\" \/>\n<meta name=\"twitter:card\" content=\"summary_large_image\" \/>\n<script type=\"application\/ld+json\" class=\"yoast-schema-graph\">{\"@context\":\"https:\/\/schema.org\",\"@graph\":[{\"@type\":\"WebPage\",\"@id\":\"https:\/\/malenki.net\/de\/produkt\/iris-1-above-the-clouds-stephanie-lagarde\/\",\"url\":\"https:\/\/malenki.net\/de\/produkt\/iris-1-above-the-clouds-stephanie-lagarde\/\",\"name\":\"malenki.net | IRIS Number 1: Above the clouds | St\u00e9phanie Lagarde\",\"isPartOf\":{\"@id\":\"https:\/\/malenki.net\/de\/#website\"},\"primaryImageOfPage\":{\"@id\":\"https:\/\/malenki.net\/de\/produkt\/iris-1-above-the-clouds-stephanie-lagarde\/#primaryimage\"},\"image\":{\"@id\":\"https:\/\/malenki.net\/de\/produkt\/iris-1-above-the-clouds-stephanie-lagarde\/#primaryimage\"},\"thumbnailUrl\":\"https:\/\/malenki.net\/wp-content\/uploads\/2015\/11\/stephanie-lagarde-iris-above-the-clouds-01.jpg\",\"datePublished\":\"2015-11-21T02:40:34+00:00\",\"dateModified\":\"2024-02-04T18:12:12+00:00\",\"description\":\"'IRIS Number 1: Above the clouds' von St\u00e9phanie Lagarde bei malenki.net\",\"breadcrumb\":{\"@id\":\"https:\/\/malenki.net\/de\/produkt\/iris-1-above-the-clouds-stephanie-lagarde\/#breadcrumb\"},\"inLanguage\":\"de\",\"potentialAction\":[{\"@type\":\"ReadAction\",\"target\":[\"https:\/\/malenki.net\/de\/produkt\/iris-1-above-the-clouds-stephanie-lagarde\/\"]}]},{\"@type\":\"ImageObject\",\"inLanguage\":\"de\",\"@id\":\"https:\/\/malenki.net\/de\/produkt\/iris-1-above-the-clouds-stephanie-lagarde\/#primaryimage\",\"url\":\"https:\/\/malenki.net\/wp-content\/uploads\/2015\/11\/stephanie-lagarde-iris-above-the-clouds-01.jpg\",\"contentUrl\":\"https:\/\/malenki.net\/wp-content\/uploads\/2015\/11\/stephanie-lagarde-iris-above-the-clouds-01.jpg\",\"width\":1024,\"height\":819,\"caption\":\"St\u00e9phanie Lagarde \u2014 IRIS Number 1: Above the clouds\"},{\"@type\":\"BreadcrumbList\",\"@id\":\"https:\/\/malenki.net\/de\/produkt\/iris-1-above-the-clouds-stephanie-lagarde\/#breadcrumb\",\"itemListElement\":[{\"@type\":\"ListItem\",\"position\":1,\"name\":\"Home\",\"item\":\"https:\/\/malenki.net\/de\/\"},{\"@type\":\"ListItem\",\"position\":2,\"name\":\"Editionen\",\"item\":\"https:\/\/malenki.net\/de\/\"},{\"@type\":\"ListItem\",\"position\":3,\"name\":\"IRIS Number 1: Above the clouds\"}]},{\"@type\":\"WebSite\",\"@id\":\"https:\/\/malenki.net\/de\/#website\",\"url\":\"https:\/\/malenki.net\/de\/\",\"name\":\"malenki.net\",\"description\":\"Fotografie Editionen\",\"publisher\":{\"@id\":\"https:\/\/malenki.net\/de\/#organization\"},\"potentialAction\":[{\"@type\":\"SearchAction\",\"target\":{\"@type\":\"EntryPoint\",\"urlTemplate\":\"https:\/\/malenki.net\/de\/?s={search_term_string}\"},\"query-input\":{\"@type\":\"PropertyValueSpecification\",\"valueRequired\":true,\"valueName\":\"search_term_string\"}}],\"inLanguage\":\"de\"},{\"@type\":\"Organization\",\"@id\":\"https:\/\/malenki.net\/de\/#organization\",\"name\":\"malenki.net\",\"url\":\"https:\/\/malenki.net\/de\/\",\"logo\":{\"@type\":\"ImageObject\",\"inLanguage\":\"de\",\"@id\":\"https:\/\/malenki.net\/de\/#\/schema\/logo\/image\/\",\"url\":\"https:\/\/malenki.net\/wp-content\/uploads\/2023\/03\/malenki-logo-2019.gif\",\"contentUrl\":\"https:\/\/malenki.net\/wp-content\/uploads\/2023\/03\/malenki-logo-2019.gif\",\"width\":524,\"height\":138,\"caption\":\"malenki.net\"},\"image\":{\"@id\":\"https:\/\/malenki.net\/de\/#\/schema\/logo\/image\/\"},\"sameAs\":[\"https:\/\/www.facebook.com\/malenki.editionen\/\",\"https:\/\/www.instagram.com\/malenkinet\/\"]}]}<\/script>\n<!-- \/ Yoast SEO plugin. -->","yoast_head_json":{"title":"malenki.net | IRIS Number 1: Above the clouds | St\u00e9phanie Lagarde","description":"'IRIS Number 1: Above the clouds' von St\u00e9phanie Lagarde bei malenki.net","robots":{"index":"index","follow":"follow","max-snippet":"max-snippet:-1","max-image-preview":"max-image-preview:large","max-video-preview":"max-video-preview:-1"},"canonical":"https:\/\/malenki.net\/de\/produkt\/iris-1-above-the-clouds-stephanie-lagarde\/","og_locale":"de_DE","og_type":"article","og_title":"malenki.net | IRIS Number 1: Above the clouds | St\u00e9phanie Lagarde","og_description":"'IRIS Number 1: Above the clouds' von St\u00e9phanie Lagarde bei malenki.net","og_url":"https:\/\/malenki.net\/de\/produkt\/iris-1-above-the-clouds-stephanie-lagarde\/","og_site_name":"malenki.net","article_publisher":"https:\/\/www.facebook.com\/malenki.editionen\/","article_modified_time":"2024-02-04T18:12:12+00:00","og_image":[{"width":1024,"height":819,"url":"https:\/\/malenki.net\/wp-content\/uploads\/2015\/11\/stephanie-lagarde-iris-above-the-clouds-01.jpg","type":"image\/jpeg"}],"twitter_card":"summary_large_image","schema":{"@context":"https:\/\/schema.org","@graph":[{"@type":"WebPage","@id":"https:\/\/malenki.net\/de\/produkt\/iris-1-above-the-clouds-stephanie-lagarde\/","url":"https:\/\/malenki.net\/de\/produkt\/iris-1-above-the-clouds-stephanie-lagarde\/","name":"malenki.net | IRIS Number 1: Above the clouds | St\u00e9phanie Lagarde","isPartOf":{"@id":"https:\/\/malenki.net\/de\/#website"},"primaryImageOfPage":{"@id":"https:\/\/malenki.net\/de\/produkt\/iris-1-above-the-clouds-stephanie-lagarde\/#primaryimage"},"image":{"@id":"https:\/\/malenki.net\/de\/produkt\/iris-1-above-the-clouds-stephanie-lagarde\/#primaryimage"},"thumbnailUrl":"https:\/\/malenki.net\/wp-content\/uploads\/2015\/11\/stephanie-lagarde-iris-above-the-clouds-01.jpg","datePublished":"2015-11-21T02:40:34+00:00","dateModified":"2024-02-04T18:12:12+00:00","description":"'IRIS Number 1: Above the clouds' von St\u00e9phanie Lagarde bei malenki.net","breadcrumb":{"@id":"https:\/\/malenki.net\/de\/produkt\/iris-1-above-the-clouds-stephanie-lagarde\/#breadcrumb"},"inLanguage":"de","potentialAction":[{"@type":"ReadAction","target":["https:\/\/malenki.net\/de\/produkt\/iris-1-above-the-clouds-stephanie-lagarde\/"]}]},{"@type":"ImageObject","inLanguage":"de","@id":"https:\/\/malenki.net\/de\/produkt\/iris-1-above-the-clouds-stephanie-lagarde\/#primaryimage","url":"https:\/\/malenki.net\/wp-content\/uploads\/2015\/11\/stephanie-lagarde-iris-above-the-clouds-01.jpg","contentUrl":"https:\/\/malenki.net\/wp-content\/uploads\/2015\/11\/stephanie-lagarde-iris-above-the-clouds-01.jpg","width":1024,"height":819,"caption":"St\u00e9phanie Lagarde \u2014 IRIS Number 1: Above the clouds"},{"@type":"BreadcrumbList","@id":"https:\/\/malenki.net\/de\/produkt\/iris-1-above-the-clouds-stephanie-lagarde\/#breadcrumb","itemListElement":[{"@type":"ListItem","position":1,"name":"Home","item":"https:\/\/malenki.net\/de\/"},{"@type":"ListItem","position":2,"name":"Editionen","item":"https:\/\/malenki.net\/de\/"},{"@type":"ListItem","position":3,"name":"IRIS Number 1: Above the clouds"}]},{"@type":"WebSite","@id":"https:\/\/malenki.net\/de\/#website","url":"https:\/\/malenki.net\/de\/","name":"malenki.net","description":"Fotografie Editionen","publisher":{"@id":"https:\/\/malenki.net\/de\/#organization"},"potentialAction":[{"@type":"SearchAction","target":{"@type":"EntryPoint","urlTemplate":"https:\/\/malenki.net\/de\/?s={search_term_string}"},"query-input":{"@type":"PropertyValueSpecification","valueRequired":true,"valueName":"search_term_string"}}],"inLanguage":"de"},{"@type":"Organization","@id":"https:\/\/malenki.net\/de\/#organization","name":"malenki.net","url":"https:\/\/malenki.net\/de\/","logo":{"@type":"ImageObject","inLanguage":"de","@id":"https:\/\/malenki.net\/de\/#\/schema\/logo\/image\/","url":"https:\/\/malenki.net\/wp-content\/uploads\/2023\/03\/malenki-logo-2019.gif","contentUrl":"https:\/\/malenki.net\/wp-content\/uploads\/2023\/03\/malenki-logo-2019.gif","width":524,"height":138,"caption":"malenki.net"},"image":{"@id":"https:\/\/malenki.net\/de\/#\/schema\/logo\/image\/"},"sameAs":["https:\/\/www.facebook.com\/malenki.editionen\/","https:\/\/www.instagram.com\/malenkinet\/"]}]}},"wps_subtitle":"St\u00e9phanie Lagarde","_links":{"self":[{"href":"https:\/\/malenki.net\/de\/wp-json\/wp\/v2\/product\/3822","targetHints":{"allow":["GET"]}}],"collection":[{"href":"https:\/\/malenki.net\/de\/wp-json\/wp\/v2\/product"}],"about":[{"href":"https:\/\/malenki.net\/de\/wp-json\/wp\/v2\/types\/product"}],"wp:featuredmedia":[{"embeddable":true,"href":"https:\/\/malenki.net\/de\/wp-json\/wp\/v2\/media\/5406"}],"wp:attachment":[{"href":"https:\/\/malenki.net\/de\/wp-json\/wp\/v2\/media?parent=3822"}],"wp:term":[{"taxonomy":"product_brand","embeddable":true,"href":"https:\/\/malenki.net\/de\/wp-json\/wp\/v2\/product_brand?post=3822"},{"taxonomy":"product_cat","embeddable":true,"href":"https:\/\/malenki.net\/de\/wp-json\/wp\/v2\/product_cat?post=3822"},{"taxonomy":"product_tag","embeddable":true,"href":"https:\/\/malenki.net\/de\/wp-json\/wp\/v2\/product_tag?post=3822"}],"curies":[{"name":"wp","href":"https:\/\/api.w.org\/{rel}","templated":true}]}}