{"id":3719,"date":"2016-11-22T12:56:30","date_gmt":"2016-11-22T11:56:30","guid":{"rendered":"https:\/\/malenki.net\/de\/product\/sediment-uta-neumann\/"},"modified":"2024-02-04T19:10:15","modified_gmt":"2024-02-04T18:10:15","slug":"sediment-uta-neumann","status":"publish","type":"product","link":"https:\/\/malenki.net\/de\/produkt\/sediment-uta-neumann\/","title":{"rendered":"Sediment"},"content":{"rendered":"<p>Gestrandete Pl\u00e4tze und andere Landschaften<\/p>\n<p>Die Bedeutung einer Landschaft ist vielschichtig und nicht in erster Linie ein (Natur-)Ereignis mit einer bestimmten Dimension und Ausdehnung. Eine Landschaft kann sich auch ganz versteckt in einer Steinritze oder einer stillen Raumecke ereignen und sich dabei \u00fcber das Gesehene beispielsweise als eine h\u00f6rbare Landschaft ausbreiten. Ich denke Landschaften als R\u00e4ume, Objekte und K\u00f6rper, als Ger\u00e4usche und Ger\u00fcche, Gedanken und (sensorische) Empfindungen. Meine Erfahrungen von Landschaften versuche ich in meine k\u00fcnstlerische Arbeit zu \u00fcbersetzen, die, im besten Fall, erneut an den \u2013 meinen oder fremden \u2013 Erfahrungen teilhaben l\u00e4sst. \u2014 Uta Neumann<\/p>\n","protected":false},"excerpt":{"rendered":"<p>Gestrandete Pl\u00e4tze und andere Landschaften Die Bedeutung einer Landschaft ist vielschichtig und nicht in erster Linie ein (Natur-)Ereignis mit einer bestimmten Dimension und Ausdehnung. Eine Landschaft kann sich auch ganz versteckt in einer Steinritze oder einer stillen Raumecke ereignen und sich dabei \u00fcber das Gesehene beispielsweise als eine h\u00f6rbare Landschaft ausbreiten. Ich denke Landschaften als&hellip; <a class=\"more-link\" href=\"https:\/\/malenki.net\/de\/produkt\/sediment-uta-neumann\/\"><span class=\"screen-reader-text\">Sediment<\/span> weiterlesen<\/a><\/p>\n","protected":false},"featured_media":3768,"template":"","meta":{"pgc_sgb_lightbox_settings":""},"product_brand":[],"product_cat":[2219],"product_tag":[5632,3987,3818,2242,5094,2234,5121,2237,3994],"class_list":{"0":"post-3719","1":"product","2":"type-product","3":"status-publish","4":"has-post-thumbnail","6":"product_cat-uta-neumann-de","7":"product_tag-abzug","8":"product_tag-landschaft","9":"product_tag-natur","10":"product_tag-neumann-de","11":"product_tag-raum","12":"product_tag-sediment-de","13":"product_tag-szenerie","14":"product_tag-uta-neumann-de","15":"product_tag-zine-de","16":"entry","18":"first","19":"instock","20":"shipping-taxable","21":"purchasable","22":"product-type-simple"},"yoast_head":"<!-- This site is optimized with the Yoast SEO plugin v27.2 - https:\/\/yoast.com\/product\/yoast-seo-wordpress\/ -->\n<title>malenki.net | Sediment | Uta Neumann<\/title>\n<meta name=\"description\" content=\"&#039;Sediment&#039; von Uta Neumann bei malenki.net\" \/>\n<meta name=\"robots\" content=\"index, follow, max-snippet:-1, max-image-preview:large, max-video-preview:-1\" \/>\n<link rel=\"canonical\" href=\"https:\/\/malenki.net\/de\/produkt\/sediment-uta-neumann\/\" \/>\n<meta property=\"og:locale\" content=\"de_DE\" \/>\n<meta property=\"og:type\" content=\"article\" \/>\n<meta property=\"og:title\" content=\"malenki.net | Sediment | Uta Neumann\" \/>\n<meta property=\"og:description\" content=\"&#039;Sediment&#039; von Uta Neumann bei malenki.net\" \/>\n<meta property=\"og:url\" content=\"https:\/\/malenki.net\/de\/produkt\/sediment-uta-neumann\/\" \/>\n<meta property=\"og:site_name\" content=\"malenki.net\" \/>\n<meta property=\"article:publisher\" content=\"https:\/\/www.facebook.com\/malenki.editionen\/\" \/>\n<meta property=\"article:modified_time\" content=\"2024-02-04T18:10:15+00:00\" \/>\n<meta property=\"og:image\" content=\"https:\/\/malenki.net\/wp-content\/uploads\/2016\/11\/uta-neumann-sediment-01.jpg\" \/>\n\t<meta property=\"og:image:width\" content=\"1024\" \/>\n\t<meta property=\"og:image:height\" content=\"819\" \/>\n\t<meta property=\"og:image:type\" content=\"image\/jpeg\" \/>\n<meta name=\"twitter:card\" content=\"summary_large_image\" \/>\n<meta name=\"twitter:label1\" content=\"Gesch\u00e4tzte Lesezeit\" \/>\n\t<meta name=\"twitter:data1\" content=\"1\u00a0Minute\" \/>\n<script type=\"application\/ld+json\" class=\"yoast-schema-graph\">{\"@context\":\"https:\/\/schema.org\",\"@graph\":[{\"@type\":\"WebPage\",\"@id\":\"https:\/\/malenki.net\/de\/produkt\/sediment-uta-neumann\/\",\"url\":\"https:\/\/malenki.net\/de\/produkt\/sediment-uta-neumann\/\",\"name\":\"malenki.net | Sediment | Uta Neumann\",\"isPartOf\":{\"@id\":\"https:\/\/malenki.net\/de\/#website\"},\"primaryImageOfPage\":{\"@id\":\"https:\/\/malenki.net\/de\/produkt\/sediment-uta-neumann\/#primaryimage\"},\"image\":{\"@id\":\"https:\/\/malenki.net\/de\/produkt\/sediment-uta-neumann\/#primaryimage\"},\"thumbnailUrl\":\"https:\/\/malenki.net\/wp-content\/uploads\/2016\/11\/uta-neumann-sediment-01.jpg\",\"datePublished\":\"2016-11-22T11:56:30+00:00\",\"dateModified\":\"2024-02-04T18:10:15+00:00\",\"description\":\"'Sediment' von Uta Neumann bei malenki.net\",\"breadcrumb\":{\"@id\":\"https:\/\/malenki.net\/de\/produkt\/sediment-uta-neumann\/#breadcrumb\"},\"inLanguage\":\"de\",\"potentialAction\":[{\"@type\":\"ReadAction\",\"target\":[\"https:\/\/malenki.net\/de\/produkt\/sediment-uta-neumann\/\"]}]},{\"@type\":\"ImageObject\",\"inLanguage\":\"de\",\"@id\":\"https:\/\/malenki.net\/de\/produkt\/sediment-uta-neumann\/#primaryimage\",\"url\":\"https:\/\/malenki.net\/wp-content\/uploads\/2016\/11\/uta-neumann-sediment-01.jpg\",\"contentUrl\":\"https:\/\/malenki.net\/wp-content\/uploads\/2016\/11\/uta-neumann-sediment-01.jpg\",\"width\":1024,\"height\":819,\"caption\":\"Sediment \u2014 Uta Neumann\"},{\"@type\":\"BreadcrumbList\",\"@id\":\"https:\/\/malenki.net\/de\/produkt\/sediment-uta-neumann\/#breadcrumb\",\"itemListElement\":[{\"@type\":\"ListItem\",\"position\":1,\"name\":\"Home\",\"item\":\"https:\/\/malenki.net\/de\/\"},{\"@type\":\"ListItem\",\"position\":2,\"name\":\"Editionen\",\"item\":\"https:\/\/malenki.net\/de\/\"},{\"@type\":\"ListItem\",\"position\":3,\"name\":\"Sediment\"}]},{\"@type\":\"WebSite\",\"@id\":\"https:\/\/malenki.net\/de\/#website\",\"url\":\"https:\/\/malenki.net\/de\/\",\"name\":\"malenki.net\",\"description\":\"Fotografie Editionen\",\"publisher\":{\"@id\":\"https:\/\/malenki.net\/de\/#organization\"},\"potentialAction\":[{\"@type\":\"SearchAction\",\"target\":{\"@type\":\"EntryPoint\",\"urlTemplate\":\"https:\/\/malenki.net\/de\/?s={search_term_string}\"},\"query-input\":{\"@type\":\"PropertyValueSpecification\",\"valueRequired\":true,\"valueName\":\"search_term_string\"}}],\"inLanguage\":\"de\"},{\"@type\":\"Organization\",\"@id\":\"https:\/\/malenki.net\/de\/#organization\",\"name\":\"malenki.net\",\"url\":\"https:\/\/malenki.net\/de\/\",\"logo\":{\"@type\":\"ImageObject\",\"inLanguage\":\"de\",\"@id\":\"https:\/\/malenki.net\/de\/#\/schema\/logo\/image\/\",\"url\":\"https:\/\/malenki.net\/wp-content\/uploads\/2023\/03\/malenki-logo-2019.gif\",\"contentUrl\":\"https:\/\/malenki.net\/wp-content\/uploads\/2023\/03\/malenki-logo-2019.gif\",\"width\":524,\"height\":138,\"caption\":\"malenki.net\"},\"image\":{\"@id\":\"https:\/\/malenki.net\/de\/#\/schema\/logo\/image\/\"},\"sameAs\":[\"https:\/\/www.facebook.com\/malenki.editionen\/\",\"https:\/\/www.instagram.com\/malenkinet\/\"]}]}<\/script>\n<!-- \/ Yoast SEO plugin. -->","yoast_head_json":{"title":"malenki.net | Sediment | Uta Neumann","description":"'Sediment' von Uta Neumann bei malenki.net","robots":{"index":"index","follow":"follow","max-snippet":"max-snippet:-1","max-image-preview":"max-image-preview:large","max-video-preview":"max-video-preview:-1"},"canonical":"https:\/\/malenki.net\/de\/produkt\/sediment-uta-neumann\/","og_locale":"de_DE","og_type":"article","og_title":"malenki.net | Sediment | Uta Neumann","og_description":"'Sediment' von Uta Neumann bei malenki.net","og_url":"https:\/\/malenki.net\/de\/produkt\/sediment-uta-neumann\/","og_site_name":"malenki.net","article_publisher":"https:\/\/www.facebook.com\/malenki.editionen\/","article_modified_time":"2024-02-04T18:10:15+00:00","og_image":[{"width":1024,"height":819,"url":"https:\/\/malenki.net\/wp-content\/uploads\/2016\/11\/uta-neumann-sediment-01.jpg","type":"image\/jpeg"}],"twitter_card":"summary_large_image","twitter_misc":{"Gesch\u00e4tzte Lesezeit":"1\u00a0Minute"},"schema":{"@context":"https:\/\/schema.org","@graph":[{"@type":"WebPage","@id":"https:\/\/malenki.net\/de\/produkt\/sediment-uta-neumann\/","url":"https:\/\/malenki.net\/de\/produkt\/sediment-uta-neumann\/","name":"malenki.net | Sediment | Uta Neumann","isPartOf":{"@id":"https:\/\/malenki.net\/de\/#website"},"primaryImageOfPage":{"@id":"https:\/\/malenki.net\/de\/produkt\/sediment-uta-neumann\/#primaryimage"},"image":{"@id":"https:\/\/malenki.net\/de\/produkt\/sediment-uta-neumann\/#primaryimage"},"thumbnailUrl":"https:\/\/malenki.net\/wp-content\/uploads\/2016\/11\/uta-neumann-sediment-01.jpg","datePublished":"2016-11-22T11:56:30+00:00","dateModified":"2024-02-04T18:10:15+00:00","description":"'Sediment' von Uta Neumann bei malenki.net","breadcrumb":{"@id":"https:\/\/malenki.net\/de\/produkt\/sediment-uta-neumann\/#breadcrumb"},"inLanguage":"de","potentialAction":[{"@type":"ReadAction","target":["https:\/\/malenki.net\/de\/produkt\/sediment-uta-neumann\/"]}]},{"@type":"ImageObject","inLanguage":"de","@id":"https:\/\/malenki.net\/de\/produkt\/sediment-uta-neumann\/#primaryimage","url":"https:\/\/malenki.net\/wp-content\/uploads\/2016\/11\/uta-neumann-sediment-01.jpg","contentUrl":"https:\/\/malenki.net\/wp-content\/uploads\/2016\/11\/uta-neumann-sediment-01.jpg","width":1024,"height":819,"caption":"Sediment \u2014 Uta Neumann"},{"@type":"BreadcrumbList","@id":"https:\/\/malenki.net\/de\/produkt\/sediment-uta-neumann\/#breadcrumb","itemListElement":[{"@type":"ListItem","position":1,"name":"Home","item":"https:\/\/malenki.net\/de\/"},{"@type":"ListItem","position":2,"name":"Editionen","item":"https:\/\/malenki.net\/de\/"},{"@type":"ListItem","position":3,"name":"Sediment"}]},{"@type":"WebSite","@id":"https:\/\/malenki.net\/de\/#website","url":"https:\/\/malenki.net\/de\/","name":"malenki.net","description":"Fotografie Editionen","publisher":{"@id":"https:\/\/malenki.net\/de\/#organization"},"potentialAction":[{"@type":"SearchAction","target":{"@type":"EntryPoint","urlTemplate":"https:\/\/malenki.net\/de\/?s={search_term_string}"},"query-input":{"@type":"PropertyValueSpecification","valueRequired":true,"valueName":"search_term_string"}}],"inLanguage":"de"},{"@type":"Organization","@id":"https:\/\/malenki.net\/de\/#organization","name":"malenki.net","url":"https:\/\/malenki.net\/de\/","logo":{"@type":"ImageObject","inLanguage":"de","@id":"https:\/\/malenki.net\/de\/#\/schema\/logo\/image\/","url":"https:\/\/malenki.net\/wp-content\/uploads\/2023\/03\/malenki-logo-2019.gif","contentUrl":"https:\/\/malenki.net\/wp-content\/uploads\/2023\/03\/malenki-logo-2019.gif","width":524,"height":138,"caption":"malenki.net"},"image":{"@id":"https:\/\/malenki.net\/de\/#\/schema\/logo\/image\/"},"sameAs":["https:\/\/www.facebook.com\/malenki.editionen\/","https:\/\/www.instagram.com\/malenkinet\/"]}]}},"wps_subtitle":"Uta Neumann","_links":{"self":[{"href":"https:\/\/malenki.net\/de\/wp-json\/wp\/v2\/product\/3719","targetHints":{"allow":["GET"]}}],"collection":[{"href":"https:\/\/malenki.net\/de\/wp-json\/wp\/v2\/product"}],"about":[{"href":"https:\/\/malenki.net\/de\/wp-json\/wp\/v2\/types\/product"}],"wp:featuredmedia":[{"embeddable":true,"href":"https:\/\/malenki.net\/de\/wp-json\/wp\/v2\/media\/3768"}],"wp:attachment":[{"href":"https:\/\/malenki.net\/de\/wp-json\/wp\/v2\/media?parent=3719"}],"wp:term":[{"taxonomy":"product_brand","embeddable":true,"href":"https:\/\/malenki.net\/de\/wp-json\/wp\/v2\/product_brand?post=3719"},{"taxonomy":"product_cat","embeddable":true,"href":"https:\/\/malenki.net\/de\/wp-json\/wp\/v2\/product_cat?post=3719"},{"taxonomy":"product_tag","embeddable":true,"href":"https:\/\/malenki.net\/de\/wp-json\/wp\/v2\/product_tag?post=3719"}],"curies":[{"name":"wp","href":"https:\/\/api.w.org\/{rel}","templated":true}]}}