{"id":3556,"date":"2013-06-30T13:46:30","date_gmt":"2013-06-30T11:46:30","guid":{"rendered":"http:\/\/malenki.net\/wordpress\/product\/dead-cities\/"},"modified":"2025-01-13T11:36:54","modified_gmt":"2025-01-13T10:36:54","slug":"guillaume-greff-dead-cities","status":"publish","type":"product","link":"https:\/\/malenki.net\/de\/produkt\/guillaume-greff-dead-cities\/","title":{"rendered":"Dead Cities"},"content":{"rendered":"<p>\u201eNeutralisieren\u201c ist ein Wort, das h\u00e4ufig verwendet wird, um die Aktion von Streitkr\u00e4ften zu beschreiben, die ihren Gegner in einem Konflikt besiegen. Doch diese Aktion \u2013 ob in einem tats\u00e4chlichen Krieg oder im Rahmen irgendeiner Form der Unterdr\u00fcckung \u2013 kann \u00fcberall stattfinden: Ihr Grundprinzip beinhaltet ein polymorphes und sich ver\u00e4nderndes Operationsgebiet, das sowohl de jure als auch de facto unbegrenzt ist. Es entstand jedoch die Idee, dass dieses Theater wiederkehrende Formen hatte und dass es daher eine Art ideale Szene der Neutralisierung und der Aus\u00fcbung von Gewalt geben musste. Daraus ergibt sich, dass man zu Trainingszwecken ein r\u00e4umliches Modell bauen konnte, das in der Lage war, die Kulisse oder das Dekor der am h\u00e4ufigsten durchgef\u00fchrten Aktionen effektiv zu reproduzieren. W\u00e4hrend fr\u00fcher die Landschaft und unbebaute Gebiete \u2013 gr\u00f6\u00dftenteils \u2013 diese Aufgabe erf\u00fcllten, hat die Allgegenwart der st\u00e4dtischen Realit\u00e4t (auch in modernen Konflikten) zur Schaffung von St\u00e4dten oder Stadtfragmenten gef\u00fchrt, die wie lebensgro\u00dfe Modelle des Operationsgebiets sind: die ideale Stadt, k\u00f6nnte man sagen, aus der Perspektive der Polizei oder der Armee.<\/p>\n","protected":false},"excerpt":{"rendered":"<p><em>Dead Cities<\/em> von Guillaume Greff ist auch als <a href=\"https:\/\/malenki.net\/de\/product\/dead-cities-edition-guillaume-greff\/\">Collectors Edition<\/a> mit beiliegendem Inkjet Print erh\u00e4ltlich.<\/p>\n","protected":false},"featured_media":4130,"template":"","meta":{"pgc_sgb_lightbox_settings":""},"product_brand":[],"product_cat":[2052],"product_tag":[3982,2036,2053,5602,5134,2056,2055,2157,4895,5081],"class_list":{"0":"post-3556","1":"product","2":"type-product","3":"status-publish","4":"has-post-thumbnail","6":"product_cat-guillaume-greff-de","7":"product_tag-architektur","8":"product_tag-ausverkauft","9":"product_tag-dead-cities-de","10":"product_tag-dokumentation","11":"product_tag-frankreich","12":"product_tag-greff-de","13":"product_tag-guillaume-greff-de","14":"product_tag-kaiserin-editions-de","15":"product_tag-militar","16":"product_tag-stadtlandschaft","17":"entry","19":"first","20":"outofstock","21":"shipping-taxable","22":"purchasable","23":"product-type-simple"},"yoast_head":"<!-- This site is optimized with the Yoast SEO plugin v27.2 - https:\/\/yoast.com\/product\/yoast-seo-wordpress\/ -->\n<title>malenki.net | Dead Cities | Guillaume Greff<\/title>\n<meta name=\"description\" content=\"&#039;Dead Cities&#039; von Guillaume Greff bei malenki.net\" \/>\n<meta name=\"robots\" content=\"index, follow, max-snippet:-1, max-image-preview:large, max-video-preview:-1\" \/>\n<link rel=\"canonical\" href=\"https:\/\/malenki.net\/de\/produkt\/guillaume-greff-dead-cities\/\" \/>\n<meta property=\"og:locale\" content=\"de_DE\" \/>\n<meta property=\"og:type\" content=\"article\" \/>\n<meta property=\"og:title\" content=\"malenki.net | Dead Cities | Guillaume Greff\" \/>\n<meta property=\"og:description\" content=\"&#039;Dead Cities&#039; von Guillaume Greff bei malenki.net\" \/>\n<meta property=\"og:url\" content=\"https:\/\/malenki.net\/de\/produkt\/guillaume-greff-dead-cities\/\" \/>\n<meta property=\"og:site_name\" content=\"malenki.net\" \/>\n<meta property=\"article:publisher\" content=\"https:\/\/www.facebook.com\/malenki.editionen\/\" \/>\n<meta property=\"article:modified_time\" content=\"2025-01-13T10:36:54+00:00\" \/>\n<meta property=\"og:image\" content=\"https:\/\/malenki.net\/wp-content\/uploads\/2013\/06\/guillaume-greff-dead-cities-01.jpg\" \/>\n\t<meta property=\"og:image:width\" content=\"1024\" \/>\n\t<meta property=\"og:image:height\" content=\"819\" \/>\n\t<meta property=\"og:image:type\" content=\"image\/jpeg\" \/>\n<meta name=\"twitter:card\" content=\"summary_large_image\" \/>\n<meta name=\"twitter:label1\" content=\"Gesch\u00e4tzte Lesezeit\" \/>\n\t<meta name=\"twitter:data1\" content=\"1\u00a0Minute\" \/>\n<script type=\"application\/ld+json\" class=\"yoast-schema-graph\">{\"@context\":\"https:\/\/schema.org\",\"@graph\":[{\"@type\":\"WebPage\",\"@id\":\"https:\/\/malenki.net\/de\/produkt\/guillaume-greff-dead-cities\/\",\"url\":\"https:\/\/malenki.net\/de\/produkt\/guillaume-greff-dead-cities\/\",\"name\":\"malenki.net | Dead Cities | Guillaume Greff\",\"isPartOf\":{\"@id\":\"https:\/\/malenki.net\/de\/#website\"},\"primaryImageOfPage\":{\"@id\":\"https:\/\/malenki.net\/de\/produkt\/guillaume-greff-dead-cities\/#primaryimage\"},\"image\":{\"@id\":\"https:\/\/malenki.net\/de\/produkt\/guillaume-greff-dead-cities\/#primaryimage\"},\"thumbnailUrl\":\"https:\/\/malenki.net\/wp-content\/uploads\/2013\/06\/guillaume-greff-dead-cities-01.jpg\",\"datePublished\":\"2013-06-30T11:46:30+00:00\",\"dateModified\":\"2025-01-13T10:36:54+00:00\",\"description\":\"'Dead Cities' von Guillaume Greff bei malenki.net\",\"breadcrumb\":{\"@id\":\"https:\/\/malenki.net\/de\/produkt\/guillaume-greff-dead-cities\/#breadcrumb\"},\"inLanguage\":\"de\",\"potentialAction\":[{\"@type\":\"ReadAction\",\"target\":[\"https:\/\/malenki.net\/de\/produkt\/guillaume-greff-dead-cities\/\"]}]},{\"@type\":\"ImageObject\",\"inLanguage\":\"de\",\"@id\":\"https:\/\/malenki.net\/de\/produkt\/guillaume-greff-dead-cities\/#primaryimage\",\"url\":\"https:\/\/malenki.net\/wp-content\/uploads\/2013\/06\/guillaume-greff-dead-cities-01.jpg\",\"contentUrl\":\"https:\/\/malenki.net\/wp-content\/uploads\/2013\/06\/guillaume-greff-dead-cities-01.jpg\",\"width\":1024,\"height\":819,\"caption\":\"Dead Cities \u2014 Guillaume Greff\"},{\"@type\":\"BreadcrumbList\",\"@id\":\"https:\/\/malenki.net\/de\/produkt\/guillaume-greff-dead-cities\/#breadcrumb\",\"itemListElement\":[{\"@type\":\"ListItem\",\"position\":1,\"name\":\"Home\",\"item\":\"https:\/\/malenki.net\/de\/\"},{\"@type\":\"ListItem\",\"position\":2,\"name\":\"Editionen\",\"item\":\"https:\/\/malenki.net\/de\/\"},{\"@type\":\"ListItem\",\"position\":3,\"name\":\"Dead Cities\"}]},{\"@type\":\"WebSite\",\"@id\":\"https:\/\/malenki.net\/de\/#website\",\"url\":\"https:\/\/malenki.net\/de\/\",\"name\":\"malenki.net\",\"description\":\"Fotografie Editionen\",\"publisher\":{\"@id\":\"https:\/\/malenki.net\/de\/#organization\"},\"potentialAction\":[{\"@type\":\"SearchAction\",\"target\":{\"@type\":\"EntryPoint\",\"urlTemplate\":\"https:\/\/malenki.net\/de\/?s={search_term_string}\"},\"query-input\":{\"@type\":\"PropertyValueSpecification\",\"valueRequired\":true,\"valueName\":\"search_term_string\"}}],\"inLanguage\":\"de\"},{\"@type\":\"Organization\",\"@id\":\"https:\/\/malenki.net\/de\/#organization\",\"name\":\"malenki.net\",\"url\":\"https:\/\/malenki.net\/de\/\",\"logo\":{\"@type\":\"ImageObject\",\"inLanguage\":\"de\",\"@id\":\"https:\/\/malenki.net\/de\/#\/schema\/logo\/image\/\",\"url\":\"https:\/\/malenki.net\/wp-content\/uploads\/2023\/03\/malenki-logo-2019.gif\",\"contentUrl\":\"https:\/\/malenki.net\/wp-content\/uploads\/2023\/03\/malenki-logo-2019.gif\",\"width\":524,\"height\":138,\"caption\":\"malenki.net\"},\"image\":{\"@id\":\"https:\/\/malenki.net\/de\/#\/schema\/logo\/image\/\"},\"sameAs\":[\"https:\/\/www.facebook.com\/malenki.editionen\/\",\"https:\/\/www.instagram.com\/malenkinet\/\"]}]}<\/script>\n<!-- \/ Yoast SEO plugin. -->","yoast_head_json":{"title":"malenki.net | Dead Cities | Guillaume Greff","description":"'Dead Cities' von Guillaume Greff bei malenki.net","robots":{"index":"index","follow":"follow","max-snippet":"max-snippet:-1","max-image-preview":"max-image-preview:large","max-video-preview":"max-video-preview:-1"},"canonical":"https:\/\/malenki.net\/de\/produkt\/guillaume-greff-dead-cities\/","og_locale":"de_DE","og_type":"article","og_title":"malenki.net | Dead Cities | Guillaume Greff","og_description":"'Dead Cities' von Guillaume Greff bei malenki.net","og_url":"https:\/\/malenki.net\/de\/produkt\/guillaume-greff-dead-cities\/","og_site_name":"malenki.net","article_publisher":"https:\/\/www.facebook.com\/malenki.editionen\/","article_modified_time":"2025-01-13T10:36:54+00:00","og_image":[{"width":1024,"height":819,"url":"https:\/\/malenki.net\/wp-content\/uploads\/2013\/06\/guillaume-greff-dead-cities-01.jpg","type":"image\/jpeg"}],"twitter_card":"summary_large_image","twitter_misc":{"Gesch\u00e4tzte Lesezeit":"1\u00a0Minute"},"schema":{"@context":"https:\/\/schema.org","@graph":[{"@type":"WebPage","@id":"https:\/\/malenki.net\/de\/produkt\/guillaume-greff-dead-cities\/","url":"https:\/\/malenki.net\/de\/produkt\/guillaume-greff-dead-cities\/","name":"malenki.net | Dead Cities | Guillaume Greff","isPartOf":{"@id":"https:\/\/malenki.net\/de\/#website"},"primaryImageOfPage":{"@id":"https:\/\/malenki.net\/de\/produkt\/guillaume-greff-dead-cities\/#primaryimage"},"image":{"@id":"https:\/\/malenki.net\/de\/produkt\/guillaume-greff-dead-cities\/#primaryimage"},"thumbnailUrl":"https:\/\/malenki.net\/wp-content\/uploads\/2013\/06\/guillaume-greff-dead-cities-01.jpg","datePublished":"2013-06-30T11:46:30+00:00","dateModified":"2025-01-13T10:36:54+00:00","description":"'Dead Cities' von Guillaume Greff bei malenki.net","breadcrumb":{"@id":"https:\/\/malenki.net\/de\/produkt\/guillaume-greff-dead-cities\/#breadcrumb"},"inLanguage":"de","potentialAction":[{"@type":"ReadAction","target":["https:\/\/malenki.net\/de\/produkt\/guillaume-greff-dead-cities\/"]}]},{"@type":"ImageObject","inLanguage":"de","@id":"https:\/\/malenki.net\/de\/produkt\/guillaume-greff-dead-cities\/#primaryimage","url":"https:\/\/malenki.net\/wp-content\/uploads\/2013\/06\/guillaume-greff-dead-cities-01.jpg","contentUrl":"https:\/\/malenki.net\/wp-content\/uploads\/2013\/06\/guillaume-greff-dead-cities-01.jpg","width":1024,"height":819,"caption":"Dead Cities \u2014 Guillaume Greff"},{"@type":"BreadcrumbList","@id":"https:\/\/malenki.net\/de\/produkt\/guillaume-greff-dead-cities\/#breadcrumb","itemListElement":[{"@type":"ListItem","position":1,"name":"Home","item":"https:\/\/malenki.net\/de\/"},{"@type":"ListItem","position":2,"name":"Editionen","item":"https:\/\/malenki.net\/de\/"},{"@type":"ListItem","position":3,"name":"Dead Cities"}]},{"@type":"WebSite","@id":"https:\/\/malenki.net\/de\/#website","url":"https:\/\/malenki.net\/de\/","name":"malenki.net","description":"Fotografie Editionen","publisher":{"@id":"https:\/\/malenki.net\/de\/#organization"},"potentialAction":[{"@type":"SearchAction","target":{"@type":"EntryPoint","urlTemplate":"https:\/\/malenki.net\/de\/?s={search_term_string}"},"query-input":{"@type":"PropertyValueSpecification","valueRequired":true,"valueName":"search_term_string"}}],"inLanguage":"de"},{"@type":"Organization","@id":"https:\/\/malenki.net\/de\/#organization","name":"malenki.net","url":"https:\/\/malenki.net\/de\/","logo":{"@type":"ImageObject","inLanguage":"de","@id":"https:\/\/malenki.net\/de\/#\/schema\/logo\/image\/","url":"https:\/\/malenki.net\/wp-content\/uploads\/2023\/03\/malenki-logo-2019.gif","contentUrl":"https:\/\/malenki.net\/wp-content\/uploads\/2023\/03\/malenki-logo-2019.gif","width":524,"height":138,"caption":"malenki.net"},"image":{"@id":"https:\/\/malenki.net\/de\/#\/schema\/logo\/image\/"},"sameAs":["https:\/\/www.facebook.com\/malenki.editionen\/","https:\/\/www.instagram.com\/malenkinet\/"]}]}},"wps_subtitle":"Guillaume Greff","_links":{"self":[{"href":"https:\/\/malenki.net\/de\/wp-json\/wp\/v2\/product\/3556","targetHints":{"allow":["GET"]}}],"collection":[{"href":"https:\/\/malenki.net\/de\/wp-json\/wp\/v2\/product"}],"about":[{"href":"https:\/\/malenki.net\/de\/wp-json\/wp\/v2\/types\/product"}],"wp:featuredmedia":[{"embeddable":true,"href":"https:\/\/malenki.net\/de\/wp-json\/wp\/v2\/media\/4130"}],"wp:attachment":[{"href":"https:\/\/malenki.net\/de\/wp-json\/wp\/v2\/media?parent=3556"}],"wp:term":[{"taxonomy":"product_brand","embeddable":true,"href":"https:\/\/malenki.net\/de\/wp-json\/wp\/v2\/product_brand?post=3556"},{"taxonomy":"product_cat","embeddable":true,"href":"https:\/\/malenki.net\/de\/wp-json\/wp\/v2\/product_cat?post=3556"},{"taxonomy":"product_tag","embeddable":true,"href":"https:\/\/malenki.net\/de\/wp-json\/wp\/v2\/product_tag?post=3556"}],"curies":[{"name":"wp","href":"https:\/\/api.w.org\/{rel}","templated":true}]}}