{"id":3454,"date":"2013-11-03T19:56:56","date_gmt":"2013-11-03T18:56:56","guid":{"rendered":"http:\/\/malenki.net\/wordpress\/product\/zweimal-belichtet\/"},"modified":"2025-02-15T18:13:50","modified_gmt":"2025-02-15T17:13:50","slug":"aglaia-konrad-zweimal-belichtet","status":"publish","type":"product","link":"https:\/\/malenki.net\/de\/produkt\/aglaia-konrad-zweimal-belichtet\/","title":{"rendered":"Zweimal Belichtet"},"content":{"rendered":"<p><em>Zweimal Belichtet<\/em> von Aglaia Konrad ist eine Publikation \u00fcber (eine) unbewusste Fotografie(-Praxis), in der zwei Extreme aufeinandertreffen. Filmstreifen, die mehr oder weniger zuf\u00e4llig oder aus Versehen unter zuf\u00e4lligen Umst\u00e4nden zweimal belichtet werden, f\u00fchren zu einem unbeabsichtigten Ergebnis.<\/p>\n<p>Die Anerkennung dieser unbeabsichtigten Praxis in einer Publikation spiegelt ein unbekanntes, blindes Vertrauen in das Medium der Fotografie wider, als ob Fotograf und Fotokamera sozusagen beide in die andere Richtung schauen, als ob die Fotografie unabh\u00e4ngig voneinander agiert. Ein Muss f\u00fcr alle, die im Reich des Esperanto (der Hoffnung) nach einer Bildsprache suchen.<\/p>\n","protected":false},"excerpt":{"rendered":"<p>Zweimal Belichtet von Aglaia Konrad ist eine Publikation \u00fcber (eine) unbewusste Fotografie(-Praxis), in der zwei Extreme aufeinandertreffen. Filmstreifen, die mehr oder weniger zuf\u00e4llig oder aus Versehen unter zuf\u00e4lligen Umst\u00e4nden zweimal belichtet werden, f\u00fchren zu einem unbeabsichtigten Ergebnis. Die Anerkennung dieser unbeabsichtigten Praxis in einer Publikation spiegelt ein unbekanntes, blindes Vertrauen in das Medium der Fotografie&hellip; <a class=\"more-link\" href=\"https:\/\/malenki.net\/de\/produkt\/aglaia-konrad-zweimal-belichtet\/\"><span class=\"screen-reader-text\">Zweimal Belichtet<\/span> weiterlesen<\/a><\/p>\n","protected":false},"featured_media":5740,"template":"","meta":{"pgc_sgb_lightbox_settings":""},"product_brand":[],"product_cat":[1929],"product_tag":[1933,3982,5129,1934,4865,5081,5692,3994,1948],"class_list":{"0":"post-3454","1":"product","2":"type-product","3":"status-publish","4":"has-post-thumbnail","6":"product_cat-aglaia-konrad-de","7":"product_tag-aglaia-konrad-de","8":"product_tag-architektur","9":"product_tag-doppelbelichtung","10":"product_tag-konrad-de","11":"product_tag-offentlicher-raum","12":"product_tag-stadtlandschaft","13":"product_tag-wanderung","14":"product_tag-zine-de","15":"product_tag-zweimal-belichtet-de","16":"product_shipping_class-fragil-groser-als-240-x-320-mm","17":"entry","19":"first","20":"instock","21":"shipping-taxable","22":"purchasable","23":"product-type-simple"},"yoast_head":"<!-- This site is optimized with the Yoast SEO plugin v27.2 - https:\/\/yoast.com\/product\/yoast-seo-wordpress\/ -->\n<title>malenki.net | Zweimal Belichtet | Aglaia Konrad<\/title>\n<meta name=\"description\" content=\"&#039;Zweimal Belichtet&#039; von Aglaia Konrad bei malenki.net\" \/>\n<meta name=\"robots\" content=\"index, follow, max-snippet:-1, max-image-preview:large, max-video-preview:-1\" \/>\n<link rel=\"canonical\" href=\"https:\/\/malenki.net\/de\/produkt\/aglaia-konrad-zweimal-belichtet\/\" \/>\n<meta property=\"og:locale\" content=\"de_DE\" \/>\n<meta property=\"og:type\" content=\"article\" \/>\n<meta property=\"og:title\" content=\"malenki.net | Zweimal Belichtet | Aglaia Konrad\" \/>\n<meta property=\"og:description\" content=\"&#039;Zweimal Belichtet&#039; von Aglaia Konrad bei malenki.net\" \/>\n<meta property=\"og:url\" content=\"https:\/\/malenki.net\/de\/produkt\/aglaia-konrad-zweimal-belichtet\/\" \/>\n<meta property=\"og:site_name\" content=\"malenki.net\" \/>\n<meta property=\"article:publisher\" content=\"https:\/\/www.facebook.com\/malenki.editionen\/\" \/>\n<meta property=\"article:modified_time\" content=\"2025-02-15T17:13:50+00:00\" \/>\n<meta property=\"og:image\" content=\"https:\/\/malenki.net\/wp-content\/uploads\/2013\/11\/aglaia-konrad-zweimal-belichtet-01.jpg\" \/>\n\t<meta property=\"og:image:width\" content=\"1024\" \/>\n\t<meta property=\"og:image:height\" content=\"819\" \/>\n\t<meta property=\"og:image:type\" content=\"image\/jpeg\" \/>\n<meta name=\"twitter:card\" content=\"summary_large_image\" \/>\n<script type=\"application\/ld+json\" class=\"yoast-schema-graph\">{\"@context\":\"https:\/\/schema.org\",\"@graph\":[{\"@type\":\"WebPage\",\"@id\":\"https:\/\/malenki.net\/de\/produkt\/aglaia-konrad-zweimal-belichtet\/\",\"url\":\"https:\/\/malenki.net\/de\/produkt\/aglaia-konrad-zweimal-belichtet\/\",\"name\":\"malenki.net | Zweimal Belichtet | Aglaia Konrad\",\"isPartOf\":{\"@id\":\"https:\/\/malenki.net\/de\/#website\"},\"primaryImageOfPage\":{\"@id\":\"https:\/\/malenki.net\/de\/produkt\/aglaia-konrad-zweimal-belichtet\/#primaryimage\"},\"image\":{\"@id\":\"https:\/\/malenki.net\/de\/produkt\/aglaia-konrad-zweimal-belichtet\/#primaryimage\"},\"thumbnailUrl\":\"https:\/\/malenki.net\/wp-content\/uploads\/2013\/11\/aglaia-konrad-zweimal-belichtet-01.jpg\",\"datePublished\":\"2013-11-03T18:56:56+00:00\",\"dateModified\":\"2025-02-15T17:13:50+00:00\",\"description\":\"'Zweimal Belichtet' von Aglaia Konrad bei malenki.net\",\"breadcrumb\":{\"@id\":\"https:\/\/malenki.net\/de\/produkt\/aglaia-konrad-zweimal-belichtet\/#breadcrumb\"},\"inLanguage\":\"de\",\"potentialAction\":[{\"@type\":\"ReadAction\",\"target\":[\"https:\/\/malenki.net\/de\/produkt\/aglaia-konrad-zweimal-belichtet\/\"]}]},{\"@type\":\"ImageObject\",\"inLanguage\":\"de\",\"@id\":\"https:\/\/malenki.net\/de\/produkt\/aglaia-konrad-zweimal-belichtet\/#primaryimage\",\"url\":\"https:\/\/malenki.net\/wp-content\/uploads\/2013\/11\/aglaia-konrad-zweimal-belichtet-01.jpg\",\"contentUrl\":\"https:\/\/malenki.net\/wp-content\/uploads\/2013\/11\/aglaia-konrad-zweimal-belichtet-01.jpg\",\"width\":1024,\"height\":819,\"caption\":\"Aglaia Konrad \u2014 Zweimal Belichtet\"},{\"@type\":\"BreadcrumbList\",\"@id\":\"https:\/\/malenki.net\/de\/produkt\/aglaia-konrad-zweimal-belichtet\/#breadcrumb\",\"itemListElement\":[{\"@type\":\"ListItem\",\"position\":1,\"name\":\"Home\",\"item\":\"https:\/\/malenki.net\/de\/\"},{\"@type\":\"ListItem\",\"position\":2,\"name\":\"Editionen\",\"item\":\"https:\/\/malenki.net\/de\/\"},{\"@type\":\"ListItem\",\"position\":3,\"name\":\"Zweimal Belichtet\"}]},{\"@type\":\"WebSite\",\"@id\":\"https:\/\/malenki.net\/de\/#website\",\"url\":\"https:\/\/malenki.net\/de\/\",\"name\":\"malenki.net\",\"description\":\"Fotografie Editionen\",\"publisher\":{\"@id\":\"https:\/\/malenki.net\/de\/#organization\"},\"potentialAction\":[{\"@type\":\"SearchAction\",\"target\":{\"@type\":\"EntryPoint\",\"urlTemplate\":\"https:\/\/malenki.net\/de\/?s={search_term_string}\"},\"query-input\":{\"@type\":\"PropertyValueSpecification\",\"valueRequired\":true,\"valueName\":\"search_term_string\"}}],\"inLanguage\":\"de\"},{\"@type\":\"Organization\",\"@id\":\"https:\/\/malenki.net\/de\/#organization\",\"name\":\"malenki.net\",\"url\":\"https:\/\/malenki.net\/de\/\",\"logo\":{\"@type\":\"ImageObject\",\"inLanguage\":\"de\",\"@id\":\"https:\/\/malenki.net\/de\/#\/schema\/logo\/image\/\",\"url\":\"https:\/\/malenki.net\/wp-content\/uploads\/2023\/03\/malenki-logo-2019.gif\",\"contentUrl\":\"https:\/\/malenki.net\/wp-content\/uploads\/2023\/03\/malenki-logo-2019.gif\",\"width\":524,\"height\":138,\"caption\":\"malenki.net\"},\"image\":{\"@id\":\"https:\/\/malenki.net\/de\/#\/schema\/logo\/image\/\"},\"sameAs\":[\"https:\/\/www.facebook.com\/malenki.editionen\/\",\"https:\/\/www.instagram.com\/malenkinet\/\"]}]}<\/script>\n<!-- \/ Yoast SEO plugin. -->","yoast_head_json":{"title":"malenki.net | Zweimal Belichtet | Aglaia Konrad","description":"'Zweimal Belichtet' von Aglaia Konrad bei malenki.net","robots":{"index":"index","follow":"follow","max-snippet":"max-snippet:-1","max-image-preview":"max-image-preview:large","max-video-preview":"max-video-preview:-1"},"canonical":"https:\/\/malenki.net\/de\/produkt\/aglaia-konrad-zweimal-belichtet\/","og_locale":"de_DE","og_type":"article","og_title":"malenki.net | Zweimal Belichtet | Aglaia Konrad","og_description":"'Zweimal Belichtet' von Aglaia Konrad bei malenki.net","og_url":"https:\/\/malenki.net\/de\/produkt\/aglaia-konrad-zweimal-belichtet\/","og_site_name":"malenki.net","article_publisher":"https:\/\/www.facebook.com\/malenki.editionen\/","article_modified_time":"2025-02-15T17:13:50+00:00","og_image":[{"width":1024,"height":819,"url":"https:\/\/malenki.net\/wp-content\/uploads\/2013\/11\/aglaia-konrad-zweimal-belichtet-01.jpg","type":"image\/jpeg"}],"twitter_card":"summary_large_image","schema":{"@context":"https:\/\/schema.org","@graph":[{"@type":"WebPage","@id":"https:\/\/malenki.net\/de\/produkt\/aglaia-konrad-zweimal-belichtet\/","url":"https:\/\/malenki.net\/de\/produkt\/aglaia-konrad-zweimal-belichtet\/","name":"malenki.net | Zweimal Belichtet | Aglaia Konrad","isPartOf":{"@id":"https:\/\/malenki.net\/de\/#website"},"primaryImageOfPage":{"@id":"https:\/\/malenki.net\/de\/produkt\/aglaia-konrad-zweimal-belichtet\/#primaryimage"},"image":{"@id":"https:\/\/malenki.net\/de\/produkt\/aglaia-konrad-zweimal-belichtet\/#primaryimage"},"thumbnailUrl":"https:\/\/malenki.net\/wp-content\/uploads\/2013\/11\/aglaia-konrad-zweimal-belichtet-01.jpg","datePublished":"2013-11-03T18:56:56+00:00","dateModified":"2025-02-15T17:13:50+00:00","description":"'Zweimal Belichtet' von Aglaia Konrad bei malenki.net","breadcrumb":{"@id":"https:\/\/malenki.net\/de\/produkt\/aglaia-konrad-zweimal-belichtet\/#breadcrumb"},"inLanguage":"de","potentialAction":[{"@type":"ReadAction","target":["https:\/\/malenki.net\/de\/produkt\/aglaia-konrad-zweimal-belichtet\/"]}]},{"@type":"ImageObject","inLanguage":"de","@id":"https:\/\/malenki.net\/de\/produkt\/aglaia-konrad-zweimal-belichtet\/#primaryimage","url":"https:\/\/malenki.net\/wp-content\/uploads\/2013\/11\/aglaia-konrad-zweimal-belichtet-01.jpg","contentUrl":"https:\/\/malenki.net\/wp-content\/uploads\/2013\/11\/aglaia-konrad-zweimal-belichtet-01.jpg","width":1024,"height":819,"caption":"Aglaia Konrad \u2014 Zweimal Belichtet"},{"@type":"BreadcrumbList","@id":"https:\/\/malenki.net\/de\/produkt\/aglaia-konrad-zweimal-belichtet\/#breadcrumb","itemListElement":[{"@type":"ListItem","position":1,"name":"Home","item":"https:\/\/malenki.net\/de\/"},{"@type":"ListItem","position":2,"name":"Editionen","item":"https:\/\/malenki.net\/de\/"},{"@type":"ListItem","position":3,"name":"Zweimal Belichtet"}]},{"@type":"WebSite","@id":"https:\/\/malenki.net\/de\/#website","url":"https:\/\/malenki.net\/de\/","name":"malenki.net","description":"Fotografie Editionen","publisher":{"@id":"https:\/\/malenki.net\/de\/#organization"},"potentialAction":[{"@type":"SearchAction","target":{"@type":"EntryPoint","urlTemplate":"https:\/\/malenki.net\/de\/?s={search_term_string}"},"query-input":{"@type":"PropertyValueSpecification","valueRequired":true,"valueName":"search_term_string"}}],"inLanguage":"de"},{"@type":"Organization","@id":"https:\/\/malenki.net\/de\/#organization","name":"malenki.net","url":"https:\/\/malenki.net\/de\/","logo":{"@type":"ImageObject","inLanguage":"de","@id":"https:\/\/malenki.net\/de\/#\/schema\/logo\/image\/","url":"https:\/\/malenki.net\/wp-content\/uploads\/2023\/03\/malenki-logo-2019.gif","contentUrl":"https:\/\/malenki.net\/wp-content\/uploads\/2023\/03\/malenki-logo-2019.gif","width":524,"height":138,"caption":"malenki.net"},"image":{"@id":"https:\/\/malenki.net\/de\/#\/schema\/logo\/image\/"},"sameAs":["https:\/\/www.facebook.com\/malenki.editionen\/","https:\/\/www.instagram.com\/malenkinet\/"]}]}},"wps_subtitle":"Aglaia Konrad","_links":{"self":[{"href":"https:\/\/malenki.net\/de\/wp-json\/wp\/v2\/product\/3454","targetHints":{"allow":["GET"]}}],"collection":[{"href":"https:\/\/malenki.net\/de\/wp-json\/wp\/v2\/product"}],"about":[{"href":"https:\/\/malenki.net\/de\/wp-json\/wp\/v2\/types\/product"}],"wp:featuredmedia":[{"embeddable":true,"href":"https:\/\/malenki.net\/de\/wp-json\/wp\/v2\/media\/5740"}],"wp:attachment":[{"href":"https:\/\/malenki.net\/de\/wp-json\/wp\/v2\/media?parent=3454"}],"wp:term":[{"taxonomy":"product_brand","embeddable":true,"href":"https:\/\/malenki.net\/de\/wp-json\/wp\/v2\/product_brand?post=3454"},{"taxonomy":"product_cat","embeddable":true,"href":"https:\/\/malenki.net\/de\/wp-json\/wp\/v2\/product_cat?post=3454"},{"taxonomy":"product_tag","embeddable":true,"href":"https:\/\/malenki.net\/de\/wp-json\/wp\/v2\/product_tag?post=3454"}],"curies":[{"name":"wp","href":"https:\/\/api.w.org\/{rel}","templated":true}]}}