{"id":3088,"date":"2008-07-10T20:02:07","date_gmt":"2008-07-10T18:02:07","guid":{"rendered":""},"modified":"2025-01-13T11:11:25","modified_gmt":"2025-01-13T10:11:25","slug":"christian-tiefensee-refugium-collectors-edition","status":"publish","type":"product","link":"https:\/\/malenki.net\/de\/produkt\/christian-tiefensee-refugium-collectors-edition\/","title":{"rendered":"Refugium &#8211; Collectors Edition"},"content":{"rendered":"<p>Mit der Arbeit <em>Refugium<\/em> begibt sich Christian Tiefensee unter die Existenzialisten. In einer Mischung aus Eigen- und Fremdmaterial thematisiert Tiefensee die Kapitulation des Einzelnen vor seinen zeitlichen, r\u00e4umlichen und geistigen Grenzen.<\/p>\n<p>&#8222;Der Mensch f\u00fchlt sich in dem momentanen Refugium gefangen und sucht st\u00e4ndig neue, bessere Orte und Zust\u00e4nde. Er glaubt sie zu finden im Raum (Reisen, andere Orte), in der Erinnerung (Vergangenheit) und der (oftmals utopisch gedachten) Zukunft, in der Beziehung zu anderen Menschen, in Leidenschaft und suchtartigem Verhalten, Befriedigung durch Handeln oder Konsumieren. Dies alles schafft Ablenkung von sich selbst und der Gegenwart. Der bewegliche, erschaffende Geist des Menschen verbraucht seine Kraft, indem er \u00c4ngste und Reue produziert.&#8220;<\/p>\n","protected":false},"excerpt":{"rendered":"<p>Nr. 1 &#8211; 44 von Refugium erscheinen als Collectors Edition mit einem von 44 motivisch verschiedenen analogen, vom K\u00fcnstler angefertigten C-Prints.<\/p>\n","protected":false},"featured_media":4016,"template":"","meta":{"pgc_sgb_lightbox_settings":""},"product_brand":[],"product_cat":[1090],"product_tag":[5632,1810,4066,6167,1106,5143,5094,1518,2156,4384,1525],"class_list":{"0":"post-3088","1":"product","2":"type-product","3":"status-publish","4":"has-post-thumbnail","6":"product_cat-christian-tiefensee-de","7":"product_tag-abzug","8":"product_tag-andreas-toepfer-de","9":"product_tag-bild-und-text","10":"product_tag-bundesrepublik","11":"product_tag-christian-tiefensee-de","12":"product_tag-gefundenes-material","13":"product_tag-raum","14":"product_tag-refugium-de","15":"product_tag-sammlerausgabe","16":"product_tag-text-und-bild","17":"product_tag-tiefensee-de","18":"entry","20":"first","21":"instock","22":"shipping-taxable","23":"purchasable","24":"product-type-variable","25":"has-default-attributes"},"yoast_head":"<!-- This site is optimized with the Yoast SEO plugin v27.2 - https:\/\/yoast.com\/product\/yoast-seo-wordpress\/ -->\n<title>malenki.net | Refugium - Collectors Edition | Christian Tiefensee<\/title>\n<meta name=\"description\" content=\"Die Collectors Edition von &#039;Refugium&#039; von Christina Tiefensee\" \/>\n<meta name=\"robots\" content=\"index, follow, max-snippet:-1, max-image-preview:large, max-video-preview:-1\" \/>\n<link rel=\"canonical\" href=\"https:\/\/malenki.net\/de\/produkt\/christian-tiefensee-refugium-collectors-edition\/\" \/>\n<meta property=\"og:locale\" content=\"de_DE\" \/>\n<meta property=\"og:type\" content=\"article\" \/>\n<meta property=\"og:title\" content=\"malenki.net | Refugium - Collectors Edition | Christian Tiefensee\" \/>\n<meta property=\"og:description\" content=\"Die Collectors Edition von &#039;Refugium&#039; von Christina Tiefensee\" \/>\n<meta property=\"og:url\" content=\"https:\/\/malenki.net\/de\/produkt\/christian-tiefensee-refugium-collectors-edition\/\" \/>\n<meta property=\"og:site_name\" content=\"malenki.net\" \/>\n<meta property=\"article:publisher\" content=\"https:\/\/www.facebook.com\/malenki.editionen\/\" \/>\n<meta property=\"article:modified_time\" content=\"2025-01-13T10:11:25+00:00\" \/>\n<meta property=\"og:image\" content=\"https:\/\/malenki.net\/wp-content\/uploads\/2008\/07\/christian-tiefensee-refugium-edition-01.jpg\" \/>\n\t<meta property=\"og:image:width\" content=\"1024\" \/>\n\t<meta property=\"og:image:height\" content=\"819\" \/>\n\t<meta property=\"og:image:type\" content=\"image\/jpeg\" \/>\n<meta name=\"twitter:card\" content=\"summary_large_image\" \/>\n<meta name=\"twitter:label1\" content=\"Gesch\u00e4tzte Lesezeit\" \/>\n\t<meta name=\"twitter:data1\" content=\"1\u00a0Minute\" \/>\n<script type=\"application\/ld+json\" class=\"yoast-schema-graph\">{\"@context\":\"https:\/\/schema.org\",\"@graph\":[{\"@type\":\"WebPage\",\"@id\":\"https:\/\/malenki.net\/de\/produkt\/christian-tiefensee-refugium-collectors-edition\/\",\"url\":\"https:\/\/malenki.net\/de\/produkt\/christian-tiefensee-refugium-collectors-edition\/\",\"name\":\"malenki.net | Refugium - Collectors Edition | Christian Tiefensee\",\"isPartOf\":{\"@id\":\"https:\/\/malenki.net\/de\/#website\"},\"primaryImageOfPage\":{\"@id\":\"https:\/\/malenki.net\/de\/produkt\/christian-tiefensee-refugium-collectors-edition\/#primaryimage\"},\"image\":{\"@id\":\"https:\/\/malenki.net\/de\/produkt\/christian-tiefensee-refugium-collectors-edition\/#primaryimage\"},\"thumbnailUrl\":\"https:\/\/malenki.net\/wp-content\/uploads\/2008\/07\/christian-tiefensee-refugium-edition-01.jpg\",\"datePublished\":\"2008-07-10T18:02:07+00:00\",\"dateModified\":\"2025-01-13T10:11:25+00:00\",\"description\":\"Die Collectors Edition von 'Refugium' von Christina Tiefensee\",\"breadcrumb\":{\"@id\":\"https:\/\/malenki.net\/de\/produkt\/christian-tiefensee-refugium-collectors-edition\/#breadcrumb\"},\"inLanguage\":\"de\",\"potentialAction\":[{\"@type\":\"ReadAction\",\"target\":[\"https:\/\/malenki.net\/de\/produkt\/christian-tiefensee-refugium-collectors-edition\/\"]}]},{\"@type\":\"ImageObject\",\"inLanguage\":\"de\",\"@id\":\"https:\/\/malenki.net\/de\/produkt\/christian-tiefensee-refugium-collectors-edition\/#primaryimage\",\"url\":\"https:\/\/malenki.net\/wp-content\/uploads\/2008\/07\/christian-tiefensee-refugium-edition-01.jpg\",\"contentUrl\":\"https:\/\/malenki.net\/wp-content\/uploads\/2008\/07\/christian-tiefensee-refugium-edition-01.jpg\",\"width\":1024,\"height\":819,\"caption\":\"Refugium - Collectors Edition \u2014 Christian Tiefensee\"},{\"@type\":\"BreadcrumbList\",\"@id\":\"https:\/\/malenki.net\/de\/produkt\/christian-tiefensee-refugium-collectors-edition\/#breadcrumb\",\"itemListElement\":[{\"@type\":\"ListItem\",\"position\":1,\"name\":\"Home\",\"item\":\"https:\/\/malenki.net\/de\/\"},{\"@type\":\"ListItem\",\"position\":2,\"name\":\"Editionen\",\"item\":\"https:\/\/malenki.net\/de\/\"},{\"@type\":\"ListItem\",\"position\":3,\"name\":\"Refugium &#8211; Collectors Edition\"}]},{\"@type\":\"WebSite\",\"@id\":\"https:\/\/malenki.net\/de\/#website\",\"url\":\"https:\/\/malenki.net\/de\/\",\"name\":\"malenki.net\",\"description\":\"Fotografie Editionen\",\"publisher\":{\"@id\":\"https:\/\/malenki.net\/de\/#organization\"},\"potentialAction\":[{\"@type\":\"SearchAction\",\"target\":{\"@type\":\"EntryPoint\",\"urlTemplate\":\"https:\/\/malenki.net\/de\/?s={search_term_string}\"},\"query-input\":{\"@type\":\"PropertyValueSpecification\",\"valueRequired\":true,\"valueName\":\"search_term_string\"}}],\"inLanguage\":\"de\"},{\"@type\":\"Organization\",\"@id\":\"https:\/\/malenki.net\/de\/#organization\",\"name\":\"malenki.net\",\"url\":\"https:\/\/malenki.net\/de\/\",\"logo\":{\"@type\":\"ImageObject\",\"inLanguage\":\"de\",\"@id\":\"https:\/\/malenki.net\/de\/#\/schema\/logo\/image\/\",\"url\":\"https:\/\/malenki.net\/wp-content\/uploads\/2023\/03\/malenki-logo-2019.gif\",\"contentUrl\":\"https:\/\/malenki.net\/wp-content\/uploads\/2023\/03\/malenki-logo-2019.gif\",\"width\":524,\"height\":138,\"caption\":\"malenki.net\"},\"image\":{\"@id\":\"https:\/\/malenki.net\/de\/#\/schema\/logo\/image\/\"},\"sameAs\":[\"https:\/\/www.facebook.com\/malenki.editionen\/\",\"https:\/\/www.instagram.com\/malenkinet\/\"]}]}<\/script>\n<!-- \/ Yoast SEO plugin. -->","yoast_head_json":{"title":"malenki.net | Refugium - Collectors Edition | Christian Tiefensee","description":"Die Collectors Edition von 'Refugium' von Christina Tiefensee","robots":{"index":"index","follow":"follow","max-snippet":"max-snippet:-1","max-image-preview":"max-image-preview:large","max-video-preview":"max-video-preview:-1"},"canonical":"https:\/\/malenki.net\/de\/produkt\/christian-tiefensee-refugium-collectors-edition\/","og_locale":"de_DE","og_type":"article","og_title":"malenki.net | Refugium - Collectors Edition | Christian Tiefensee","og_description":"Die Collectors Edition von 'Refugium' von Christina Tiefensee","og_url":"https:\/\/malenki.net\/de\/produkt\/christian-tiefensee-refugium-collectors-edition\/","og_site_name":"malenki.net","article_publisher":"https:\/\/www.facebook.com\/malenki.editionen\/","article_modified_time":"2025-01-13T10:11:25+00:00","og_image":[{"width":1024,"height":819,"url":"https:\/\/malenki.net\/wp-content\/uploads\/2008\/07\/christian-tiefensee-refugium-edition-01.jpg","type":"image\/jpeg"}],"twitter_card":"summary_large_image","twitter_misc":{"Gesch\u00e4tzte Lesezeit":"1\u00a0Minute"},"schema":{"@context":"https:\/\/schema.org","@graph":[{"@type":"WebPage","@id":"https:\/\/malenki.net\/de\/produkt\/christian-tiefensee-refugium-collectors-edition\/","url":"https:\/\/malenki.net\/de\/produkt\/christian-tiefensee-refugium-collectors-edition\/","name":"malenki.net | Refugium - Collectors Edition | Christian Tiefensee","isPartOf":{"@id":"https:\/\/malenki.net\/de\/#website"},"primaryImageOfPage":{"@id":"https:\/\/malenki.net\/de\/produkt\/christian-tiefensee-refugium-collectors-edition\/#primaryimage"},"image":{"@id":"https:\/\/malenki.net\/de\/produkt\/christian-tiefensee-refugium-collectors-edition\/#primaryimage"},"thumbnailUrl":"https:\/\/malenki.net\/wp-content\/uploads\/2008\/07\/christian-tiefensee-refugium-edition-01.jpg","datePublished":"2008-07-10T18:02:07+00:00","dateModified":"2025-01-13T10:11:25+00:00","description":"Die Collectors Edition von 'Refugium' von Christina Tiefensee","breadcrumb":{"@id":"https:\/\/malenki.net\/de\/produkt\/christian-tiefensee-refugium-collectors-edition\/#breadcrumb"},"inLanguage":"de","potentialAction":[{"@type":"ReadAction","target":["https:\/\/malenki.net\/de\/produkt\/christian-tiefensee-refugium-collectors-edition\/"]}]},{"@type":"ImageObject","inLanguage":"de","@id":"https:\/\/malenki.net\/de\/produkt\/christian-tiefensee-refugium-collectors-edition\/#primaryimage","url":"https:\/\/malenki.net\/wp-content\/uploads\/2008\/07\/christian-tiefensee-refugium-edition-01.jpg","contentUrl":"https:\/\/malenki.net\/wp-content\/uploads\/2008\/07\/christian-tiefensee-refugium-edition-01.jpg","width":1024,"height":819,"caption":"Refugium - Collectors Edition \u2014 Christian Tiefensee"},{"@type":"BreadcrumbList","@id":"https:\/\/malenki.net\/de\/produkt\/christian-tiefensee-refugium-collectors-edition\/#breadcrumb","itemListElement":[{"@type":"ListItem","position":1,"name":"Home","item":"https:\/\/malenki.net\/de\/"},{"@type":"ListItem","position":2,"name":"Editionen","item":"https:\/\/malenki.net\/de\/"},{"@type":"ListItem","position":3,"name":"Refugium &#8211; Collectors Edition"}]},{"@type":"WebSite","@id":"https:\/\/malenki.net\/de\/#website","url":"https:\/\/malenki.net\/de\/","name":"malenki.net","description":"Fotografie Editionen","publisher":{"@id":"https:\/\/malenki.net\/de\/#organization"},"potentialAction":[{"@type":"SearchAction","target":{"@type":"EntryPoint","urlTemplate":"https:\/\/malenki.net\/de\/?s={search_term_string}"},"query-input":{"@type":"PropertyValueSpecification","valueRequired":true,"valueName":"search_term_string"}}],"inLanguage":"de"},{"@type":"Organization","@id":"https:\/\/malenki.net\/de\/#organization","name":"malenki.net","url":"https:\/\/malenki.net\/de\/","logo":{"@type":"ImageObject","inLanguage":"de","@id":"https:\/\/malenki.net\/de\/#\/schema\/logo\/image\/","url":"https:\/\/malenki.net\/wp-content\/uploads\/2023\/03\/malenki-logo-2019.gif","contentUrl":"https:\/\/malenki.net\/wp-content\/uploads\/2023\/03\/malenki-logo-2019.gif","width":524,"height":138,"caption":"malenki.net"},"image":{"@id":"https:\/\/malenki.net\/de\/#\/schema\/logo\/image\/"},"sameAs":["https:\/\/www.facebook.com\/malenki.editionen\/","https:\/\/www.instagram.com\/malenkinet\/"]}]}},"wps_subtitle":"Christian Tiefensee","_links":{"self":[{"href":"https:\/\/malenki.net\/de\/wp-json\/wp\/v2\/product\/3088","targetHints":{"allow":["GET"]}}],"collection":[{"href":"https:\/\/malenki.net\/de\/wp-json\/wp\/v2\/product"}],"about":[{"href":"https:\/\/malenki.net\/de\/wp-json\/wp\/v2\/types\/product"}],"wp:featuredmedia":[{"embeddable":true,"href":"https:\/\/malenki.net\/de\/wp-json\/wp\/v2\/media\/4016"}],"wp:attachment":[{"href":"https:\/\/malenki.net\/de\/wp-json\/wp\/v2\/media?parent=3088"}],"wp:term":[{"taxonomy":"product_brand","embeddable":true,"href":"https:\/\/malenki.net\/de\/wp-json\/wp\/v2\/product_brand?post=3088"},{"taxonomy":"product_cat","embeddable":true,"href":"https:\/\/malenki.net\/de\/wp-json\/wp\/v2\/product_cat?post=3088"},{"taxonomy":"product_tag","embeddable":true,"href":"https:\/\/malenki.net\/de\/wp-json\/wp\/v2\/product_tag?post=3088"}],"curies":[{"name":"wp","href":"https:\/\/api.w.org\/{rel}","templated":true}]}}