{"id":2988,"date":"2010-08-24T17:16:45","date_gmt":"2010-08-24T15:16:45","guid":{"rendered":"http:\/\/malenki.net\/wordpress\/editions\/huit-degres-ressentis-2\/"},"modified":"2024-12-12T14:05:43","modified_gmt":"2024-12-12T13:05:43","slug":"jezabel-baudo-huit-degres-ressentis","status":"publish","type":"product","link":"https:\/\/malenki.net\/de\/produkt\/jezabel-baudo-huit-degres-ressentis\/","title":{"rendered":"Huit Degr\u00e9s Ressentis"},"content":{"rendered":"<p>Zentrale Themen in Jezabel Baudo\u2019s Arbeiten sind Erinnerung und Identit\u00e4t. In Gef\u00fchlte Acht Grad begegnet sie Bruchst\u00fccken ihrer Vergangenheit, begibt sich auf die Suche nach dem eigenen Ursprung und der Balance zwischen Vertrautheit und Fremde. Ihre Bilder, Schriftst\u00fccke und Objekte sind ein Versuch die Verg\u00e4nglichkeit zu konservieren und spiegeln eine Geschichte vom Erinnern, Suchen, Finden, Nichtfinden und Loslassen.<br \/>\nDie Vielseitigkeit ihrer Objekt-Bild-Text-Arbeit spiegelt sich auch in Baudo\u2019s auf 15+5 Exemplaren limitierten und signierten Mappenedition wieder. Diese besteht aus zwei Heften: W\u00e4hrend sich das erste Heft ganz dem erz\u00e4hlerischen Zusammenspiel zwischen Texten, Objekten und Bildern widmet, zeigt das zweite Heft Gef\u00fchlte Acht Grad als sublime Rauminstallation.<\/p>\n","protected":false},"excerpt":{"rendered":"<p>Zentrale Themen in Jezabel Baudo\u2019s Arbeiten sind Erinnerung und Identit\u00e4t. In Gef\u00fchlte Acht Grad begegnet sie Bruchst\u00fccken ihrer Vergangenheit, begibt sich auf die Suche nach dem eigenen Ursprung und der Balance zwischen Vertrautheit und Fremde. Ihre Bilder, Schriftst\u00fccke und Objekte sind ein Versuch die Verg\u00e4nglichkeit zu konservieren und spiegeln eine Geschichte vom Erinnern, Suchen, Finden,&hellip; <a class=\"more-link\" href=\"https:\/\/malenki.net\/de\/produkt\/jezabel-baudo-huit-degres-ressentis\/\"><span class=\"screen-reader-text\">Huit Degr\u00e9s Ressentis<\/span> weiterlesen<\/a><\/p>\n","protected":false},"featured_media":4018,"template":"","meta":{"pgc_sgb_lightbox_settings":""},"product_brand":[],"product_cat":[1080],"product_tag":[5632,4117,1331,4066,1501,1109,3987,3818,5630,4384],"class_list":{"0":"post-2988","1":"product","2":"type-product","3":"status-publish","4":"has-post-thumbnail","6":"product_cat-jezabel-baudo-de","7":"product_tag-abzug","8":"product_tag-analog-de","9":"product_tag-baudo-de","10":"product_tag-bild-und-text","11":"product_tag-huit-degres-ressentis-de","12":"product_tag-jezabel-baudo-de","13":"product_tag-landschaft","14":"product_tag-natur","15":"product_tag-poetisch","16":"product_tag-text-und-bild","17":"entry","19":"first","20":"outofstock","21":"shipping-taxable","22":"purchasable","23":"product-type-simple"},"yoast_head":"<!-- This site is optimized with the Yoast SEO plugin v27.2 - https:\/\/yoast.com\/product\/yoast-seo-wordpress\/ -->\n<title>malenki.net | Huit Degr\u00e9s Ressentis | Jezabel Baudo<\/title>\n<meta name=\"description\" content=\"Mit der Edition &#039;Huit Degr\u00e9s Ressentis&#039; begegnet Jezabel Baudo Bruchst\u00fccken ihrer Vergangenheit und begibt sich auf die Suche nach dem eigenen Ursprung und der Balance zwischen Vertrautheit und Fremde.\" \/>\n<meta name=\"robots\" content=\"index, follow, max-snippet:-1, max-image-preview:large, max-video-preview:-1\" \/>\n<link rel=\"canonical\" href=\"https:\/\/malenki.net\/de\/produkt\/jezabel-baudo-huit-degres-ressentis\/\" \/>\n<meta property=\"og:locale\" content=\"de_DE\" \/>\n<meta property=\"og:type\" content=\"article\" \/>\n<meta property=\"og:title\" content=\"malenki.net | Huit Degr\u00e9s Ressentis | Jezabel Baudo\" \/>\n<meta property=\"og:description\" content=\"Mit der Edition &#039;Huit Degr\u00e9s Ressentis&#039; begegnet Jezabel Baudo Bruchst\u00fccken ihrer Vergangenheit und begibt sich auf die Suche nach dem eigenen Ursprung und der Balance zwischen Vertrautheit und Fremde.\" \/>\n<meta property=\"og:url\" content=\"https:\/\/malenki.net\/de\/produkt\/jezabel-baudo-huit-degres-ressentis\/\" \/>\n<meta property=\"og:site_name\" content=\"malenki.net\" \/>\n<meta property=\"article:publisher\" content=\"https:\/\/www.facebook.com\/malenki.editionen\/\" \/>\n<meta property=\"article:modified_time\" content=\"2024-12-12T13:05:43+00:00\" \/>\n<meta property=\"og:image\" content=\"https:\/\/malenki.net\/wp-content\/uploads\/2010\/08\/jezabel-baudo-huit-degres-ressentis-01.jpg\" \/>\n\t<meta property=\"og:image:width\" content=\"1024\" \/>\n\t<meta property=\"og:image:height\" content=\"819\" \/>\n\t<meta property=\"og:image:type\" content=\"image\/jpeg\" \/>\n<meta name=\"twitter:card\" content=\"summary_large_image\" \/>\n<meta name=\"twitter:label1\" content=\"Gesch\u00e4tzte Lesezeit\" \/>\n\t<meta name=\"twitter:data1\" content=\"1\u00a0Minute\" \/>\n<script type=\"application\/ld+json\" class=\"yoast-schema-graph\">{\"@context\":\"https:\/\/schema.org\",\"@graph\":[{\"@type\":\"WebPage\",\"@id\":\"https:\/\/malenki.net\/de\/produkt\/jezabel-baudo-huit-degres-ressentis\/\",\"url\":\"https:\/\/malenki.net\/de\/produkt\/jezabel-baudo-huit-degres-ressentis\/\",\"name\":\"malenki.net | Huit Degr\u00e9s Ressentis | Jezabel Baudo\",\"isPartOf\":{\"@id\":\"https:\/\/malenki.net\/de\/#website\"},\"primaryImageOfPage\":{\"@id\":\"https:\/\/malenki.net\/de\/produkt\/jezabel-baudo-huit-degres-ressentis\/#primaryimage\"},\"image\":{\"@id\":\"https:\/\/malenki.net\/de\/produkt\/jezabel-baudo-huit-degres-ressentis\/#primaryimage\"},\"thumbnailUrl\":\"https:\/\/malenki.net\/wp-content\/uploads\/2010\/08\/jezabel-baudo-huit-degres-ressentis-01.jpg\",\"datePublished\":\"2010-08-24T15:16:45+00:00\",\"dateModified\":\"2024-12-12T13:05:43+00:00\",\"description\":\"Mit der Edition 'Huit Degr\u00e9s Ressentis' begegnet Jezabel Baudo Bruchst\u00fccken ihrer Vergangenheit und begibt sich auf die Suche nach dem eigenen Ursprung und der Balance zwischen Vertrautheit und Fremde.\",\"breadcrumb\":{\"@id\":\"https:\/\/malenki.net\/de\/produkt\/jezabel-baudo-huit-degres-ressentis\/#breadcrumb\"},\"inLanguage\":\"de\",\"potentialAction\":[{\"@type\":\"ReadAction\",\"target\":[\"https:\/\/malenki.net\/de\/produkt\/jezabel-baudo-huit-degres-ressentis\/\"]}]},{\"@type\":\"ImageObject\",\"inLanguage\":\"de\",\"@id\":\"https:\/\/malenki.net\/de\/produkt\/jezabel-baudo-huit-degres-ressentis\/#primaryimage\",\"url\":\"https:\/\/malenki.net\/wp-content\/uploads\/2010\/08\/jezabel-baudo-huit-degres-ressentis-01.jpg\",\"contentUrl\":\"https:\/\/malenki.net\/wp-content\/uploads\/2010\/08\/jezabel-baudo-huit-degres-ressentis-01.jpg\",\"width\":1024,\"height\":819,\"caption\":\"Huit Degres Ressentis \u2014 Jezabel Baudo\"},{\"@type\":\"BreadcrumbList\",\"@id\":\"https:\/\/malenki.net\/de\/produkt\/jezabel-baudo-huit-degres-ressentis\/#breadcrumb\",\"itemListElement\":[{\"@type\":\"ListItem\",\"position\":1,\"name\":\"Home\",\"item\":\"https:\/\/malenki.net\/de\/\"},{\"@type\":\"ListItem\",\"position\":2,\"name\":\"Editionen\",\"item\":\"https:\/\/malenki.net\/de\/\"},{\"@type\":\"ListItem\",\"position\":3,\"name\":\"Huit Degr\u00e9s Ressentis\"}]},{\"@type\":\"WebSite\",\"@id\":\"https:\/\/malenki.net\/de\/#website\",\"url\":\"https:\/\/malenki.net\/de\/\",\"name\":\"malenki.net\",\"description\":\"Fotografie Editionen\",\"publisher\":{\"@id\":\"https:\/\/malenki.net\/de\/#organization\"},\"potentialAction\":[{\"@type\":\"SearchAction\",\"target\":{\"@type\":\"EntryPoint\",\"urlTemplate\":\"https:\/\/malenki.net\/de\/?s={search_term_string}\"},\"query-input\":{\"@type\":\"PropertyValueSpecification\",\"valueRequired\":true,\"valueName\":\"search_term_string\"}}],\"inLanguage\":\"de\"},{\"@type\":\"Organization\",\"@id\":\"https:\/\/malenki.net\/de\/#organization\",\"name\":\"malenki.net\",\"url\":\"https:\/\/malenki.net\/de\/\",\"logo\":{\"@type\":\"ImageObject\",\"inLanguage\":\"de\",\"@id\":\"https:\/\/malenki.net\/de\/#\/schema\/logo\/image\/\",\"url\":\"https:\/\/malenki.net\/wp-content\/uploads\/2023\/03\/malenki-logo-2019.gif\",\"contentUrl\":\"https:\/\/malenki.net\/wp-content\/uploads\/2023\/03\/malenki-logo-2019.gif\",\"width\":524,\"height\":138,\"caption\":\"malenki.net\"},\"image\":{\"@id\":\"https:\/\/malenki.net\/de\/#\/schema\/logo\/image\/\"},\"sameAs\":[\"https:\/\/www.facebook.com\/malenki.editionen\/\",\"https:\/\/www.instagram.com\/malenkinet\/\"]}]}<\/script>\n<!-- \/ Yoast SEO plugin. -->","yoast_head_json":{"title":"malenki.net | Huit Degr\u00e9s Ressentis | Jezabel Baudo","description":"Mit der Edition 'Huit Degr\u00e9s Ressentis' begegnet Jezabel Baudo Bruchst\u00fccken ihrer Vergangenheit und begibt sich auf die Suche nach dem eigenen Ursprung und der Balance zwischen Vertrautheit und Fremde.","robots":{"index":"index","follow":"follow","max-snippet":"max-snippet:-1","max-image-preview":"max-image-preview:large","max-video-preview":"max-video-preview:-1"},"canonical":"https:\/\/malenki.net\/de\/produkt\/jezabel-baudo-huit-degres-ressentis\/","og_locale":"de_DE","og_type":"article","og_title":"malenki.net | Huit Degr\u00e9s Ressentis | Jezabel Baudo","og_description":"Mit der Edition 'Huit Degr\u00e9s Ressentis' begegnet Jezabel Baudo Bruchst\u00fccken ihrer Vergangenheit und begibt sich auf die Suche nach dem eigenen Ursprung und der Balance zwischen Vertrautheit und Fremde.","og_url":"https:\/\/malenki.net\/de\/produkt\/jezabel-baudo-huit-degres-ressentis\/","og_site_name":"malenki.net","article_publisher":"https:\/\/www.facebook.com\/malenki.editionen\/","article_modified_time":"2024-12-12T13:05:43+00:00","og_image":[{"width":1024,"height":819,"url":"https:\/\/malenki.net\/wp-content\/uploads\/2010\/08\/jezabel-baudo-huit-degres-ressentis-01.jpg","type":"image\/jpeg"}],"twitter_card":"summary_large_image","twitter_misc":{"Gesch\u00e4tzte Lesezeit":"1\u00a0Minute"},"schema":{"@context":"https:\/\/schema.org","@graph":[{"@type":"WebPage","@id":"https:\/\/malenki.net\/de\/produkt\/jezabel-baudo-huit-degres-ressentis\/","url":"https:\/\/malenki.net\/de\/produkt\/jezabel-baudo-huit-degres-ressentis\/","name":"malenki.net | Huit Degr\u00e9s Ressentis | Jezabel Baudo","isPartOf":{"@id":"https:\/\/malenki.net\/de\/#website"},"primaryImageOfPage":{"@id":"https:\/\/malenki.net\/de\/produkt\/jezabel-baudo-huit-degres-ressentis\/#primaryimage"},"image":{"@id":"https:\/\/malenki.net\/de\/produkt\/jezabel-baudo-huit-degres-ressentis\/#primaryimage"},"thumbnailUrl":"https:\/\/malenki.net\/wp-content\/uploads\/2010\/08\/jezabel-baudo-huit-degres-ressentis-01.jpg","datePublished":"2010-08-24T15:16:45+00:00","dateModified":"2024-12-12T13:05:43+00:00","description":"Mit der Edition 'Huit Degr\u00e9s Ressentis' begegnet Jezabel Baudo Bruchst\u00fccken ihrer Vergangenheit und begibt sich auf die Suche nach dem eigenen Ursprung und der Balance zwischen Vertrautheit und Fremde.","breadcrumb":{"@id":"https:\/\/malenki.net\/de\/produkt\/jezabel-baudo-huit-degres-ressentis\/#breadcrumb"},"inLanguage":"de","potentialAction":[{"@type":"ReadAction","target":["https:\/\/malenki.net\/de\/produkt\/jezabel-baudo-huit-degres-ressentis\/"]}]},{"@type":"ImageObject","inLanguage":"de","@id":"https:\/\/malenki.net\/de\/produkt\/jezabel-baudo-huit-degres-ressentis\/#primaryimage","url":"https:\/\/malenki.net\/wp-content\/uploads\/2010\/08\/jezabel-baudo-huit-degres-ressentis-01.jpg","contentUrl":"https:\/\/malenki.net\/wp-content\/uploads\/2010\/08\/jezabel-baudo-huit-degres-ressentis-01.jpg","width":1024,"height":819,"caption":"Huit Degres Ressentis \u2014 Jezabel Baudo"},{"@type":"BreadcrumbList","@id":"https:\/\/malenki.net\/de\/produkt\/jezabel-baudo-huit-degres-ressentis\/#breadcrumb","itemListElement":[{"@type":"ListItem","position":1,"name":"Home","item":"https:\/\/malenki.net\/de\/"},{"@type":"ListItem","position":2,"name":"Editionen","item":"https:\/\/malenki.net\/de\/"},{"@type":"ListItem","position":3,"name":"Huit Degr\u00e9s Ressentis"}]},{"@type":"WebSite","@id":"https:\/\/malenki.net\/de\/#website","url":"https:\/\/malenki.net\/de\/","name":"malenki.net","description":"Fotografie Editionen","publisher":{"@id":"https:\/\/malenki.net\/de\/#organization"},"potentialAction":[{"@type":"SearchAction","target":{"@type":"EntryPoint","urlTemplate":"https:\/\/malenki.net\/de\/?s={search_term_string}"},"query-input":{"@type":"PropertyValueSpecification","valueRequired":true,"valueName":"search_term_string"}}],"inLanguage":"de"},{"@type":"Organization","@id":"https:\/\/malenki.net\/de\/#organization","name":"malenki.net","url":"https:\/\/malenki.net\/de\/","logo":{"@type":"ImageObject","inLanguage":"de","@id":"https:\/\/malenki.net\/de\/#\/schema\/logo\/image\/","url":"https:\/\/malenki.net\/wp-content\/uploads\/2023\/03\/malenki-logo-2019.gif","contentUrl":"https:\/\/malenki.net\/wp-content\/uploads\/2023\/03\/malenki-logo-2019.gif","width":524,"height":138,"caption":"malenki.net"},"image":{"@id":"https:\/\/malenki.net\/de\/#\/schema\/logo\/image\/"},"sameAs":["https:\/\/www.facebook.com\/malenki.editionen\/","https:\/\/www.instagram.com\/malenkinet\/"]}]}},"wps_subtitle":"Jezabel Baudo","_links":{"self":[{"href":"https:\/\/malenki.net\/de\/wp-json\/wp\/v2\/product\/2988","targetHints":{"allow":["GET"]}}],"collection":[{"href":"https:\/\/malenki.net\/de\/wp-json\/wp\/v2\/product"}],"about":[{"href":"https:\/\/malenki.net\/de\/wp-json\/wp\/v2\/types\/product"}],"wp:featuredmedia":[{"embeddable":true,"href":"https:\/\/malenki.net\/de\/wp-json\/wp\/v2\/media\/4018"}],"wp:attachment":[{"href":"https:\/\/malenki.net\/de\/wp-json\/wp\/v2\/media?parent=2988"}],"wp:term":[{"taxonomy":"product_brand","embeddable":true,"href":"https:\/\/malenki.net\/de\/wp-json\/wp\/v2\/product_brand?post=2988"},{"taxonomy":"product_cat","embeddable":true,"href":"https:\/\/malenki.net\/de\/wp-json\/wp\/v2\/product_cat?post=2988"},{"taxonomy":"product_tag","embeddable":true,"href":"https:\/\/malenki.net\/de\/wp-json\/wp\/v2\/product_tag?post=2988"}],"curies":[{"name":"wp","href":"https:\/\/api.w.org\/{rel}","templated":true}]}}