{"id":2984,"date":"2012-05-12T16:22:35","date_gmt":"2012-05-12T14:22:35","guid":{"rendered":"http:\/\/malenki.net\/wordpress\/editions\/inventory-2\/"},"modified":"2022-03-12T18:52:21","modified_gmt":"2022-03-12T17:52:21","slug":"inventory","status":"publish","type":"product","link":"https:\/\/malenki.net\/de\/produkt\/inventory\/","title":{"rendered":"Inventory"},"content":{"rendered":"<p>Paula Winklers in kleiner Auflage erschienene Edition <em>Inventory<\/em> spiegelt die Faszination der K\u00fcnstlerin f\u00fcr zwischen den Geschlechtern changierende K\u00f6rper wieder. Im Rahmen ihrer Arbeit skizziert sie das Geschlecht als performatives Modell, bei dem \u00bbm\u00e4nnlich\u00ab und \u00bbweiblich\u00ab als Aneignung und Wiederholung von Verhaltensweisen verstanden werden.<\/p>\n<p>Das mit offener Klebebindung gestaltete Buch bietet die M\u00f6glichkeit zur intimen Auseinandersetzung mit den intensiven Portraits, welche sich jeglicher Kategorisierung entziehen.<\/p>\n","protected":false},"excerpt":{"rendered":"<p>Paula Winklers in kleiner Auflage erschienene Edition Inventory spiegelt die Faszination der K\u00fcnstlerin f\u00fcr zwischen den Geschlechtern changierende K\u00f6rper wieder. Im Rahmen ihrer Arbeit skizziert sie das Geschlecht als performatives Modell, bei dem \u00bbm\u00e4nnlich\u00ab und \u00bbweiblich\u00ab als Aneignung und Wiederholung von Verhaltensweisen verstanden werden. Das mit offener Klebebindung gestaltete Buch bietet die M\u00f6glichkeit zur intimen&hellip; <a class=\"more-link\" href=\"https:\/\/malenki.net\/de\/produkt\/inventory\/\"><span class=\"screen-reader-text\">Inventory<\/span> weiterlesen<\/a><\/p>\n","protected":false},"featured_media":2350,"template":"","meta":{"pgc_sgb_lightbox_settings":""},"product_brand":[],"product_cat":[1087],"product_tag":[2036,2035,1500,1119,4704,1116],"class_list":{"0":"post-2984","1":"product","2":"type-product","3":"status-publish","4":"has-post-thumbnail","6":"product_cat-paula-winkler-de","7":"product_tag-ausverkauft","8":"product_tag-geschlecht","9":"product_tag-inventory-de","10":"product_tag-paula-winkler-de","11":"product_tag-portrait-de","12":"product_tag-winkler-de","13":"entry","15":"first","16":"outofstock","17":"shipping-taxable","18":"purchasable","19":"product-type-simple"},"yoast_head":"<!-- This site is optimized with the Yoast SEO plugin v27.2 - https:\/\/yoast.com\/product\/yoast-seo-wordpress\/ -->\n<title>malenki.net | Inventory | Paula Winkler<\/title>\n<meta name=\"description\" content=\"Die in kleiner Auflage erschienene Edition &#039;Inventory&#039; von Paula Winkler spiegelt die Faszination der K\u00fcnstlerin f\u00fcr zwischen den Geschlechtern changierende K\u00f6rper wieder.\" \/>\n<meta name=\"robots\" content=\"index, follow, max-snippet:-1, max-image-preview:large, max-video-preview:-1\" \/>\n<link rel=\"canonical\" href=\"https:\/\/malenki.net\/de\/produkt\/inventory\/\" \/>\n<meta property=\"og:locale\" content=\"de_DE\" \/>\n<meta property=\"og:type\" content=\"article\" \/>\n<meta property=\"og:title\" content=\"malenki.net | Inventory | Paula Winkler\" \/>\n<meta property=\"og:description\" content=\"Die in kleiner Auflage erschienene Edition &#039;Inventory&#039; von Paula Winkler spiegelt die Faszination der K\u00fcnstlerin f\u00fcr zwischen den Geschlechtern changierende K\u00f6rper wieder.\" \/>\n<meta property=\"og:url\" content=\"https:\/\/malenki.net\/de\/produkt\/inventory\/\" \/>\n<meta property=\"og:site_name\" content=\"malenki.net\" \/>\n<meta property=\"article:publisher\" content=\"https:\/\/www.facebook.com\/malenki.editionen\/\" \/>\n<meta property=\"article:modified_time\" content=\"2022-03-12T17:52:21+00:00\" \/>\n<meta property=\"og:image\" content=\"https:\/\/malenki.net\/wp-content\/uploads\/2013\/01\/paula_winkler_inventory01.jpg\" \/>\n\t<meta property=\"og:image:width\" content=\"800\" \/>\n\t<meta property=\"og:image:height\" content=\"640\" \/>\n\t<meta property=\"og:image:type\" content=\"image\/jpeg\" \/>\n<meta name=\"twitter:card\" content=\"summary_large_image\" \/>\n<script type=\"application\/ld+json\" class=\"yoast-schema-graph\">{\"@context\":\"https:\/\/schema.org\",\"@graph\":[{\"@type\":\"WebPage\",\"@id\":\"https:\/\/malenki.net\/de\/produkt\/inventory\/\",\"url\":\"https:\/\/malenki.net\/de\/produkt\/inventory\/\",\"name\":\"malenki.net | Inventory | Paula Winkler\",\"isPartOf\":{\"@id\":\"https:\/\/malenki.net\/de\/#website\"},\"primaryImageOfPage\":{\"@id\":\"https:\/\/malenki.net\/de\/produkt\/inventory\/#primaryimage\"},\"image\":{\"@id\":\"https:\/\/malenki.net\/de\/produkt\/inventory\/#primaryimage\"},\"thumbnailUrl\":\"https:\/\/malenki.net\/wp-content\/uploads\/2013\/01\/paula_winkler_inventory01.jpg\",\"datePublished\":\"2012-05-12T14:22:35+00:00\",\"dateModified\":\"2022-03-12T17:52:21+00:00\",\"description\":\"Die in kleiner Auflage erschienene Edition 'Inventory' von Paula Winkler spiegelt die Faszination der K\u00fcnstlerin f\u00fcr zwischen den Geschlechtern changierende K\u00f6rper wieder.\",\"breadcrumb\":{\"@id\":\"https:\/\/malenki.net\/de\/produkt\/inventory\/#breadcrumb\"},\"inLanguage\":\"de\",\"potentialAction\":[{\"@type\":\"ReadAction\",\"target\":[\"https:\/\/malenki.net\/de\/produkt\/inventory\/\"]}]},{\"@type\":\"ImageObject\",\"inLanguage\":\"de\",\"@id\":\"https:\/\/malenki.net\/de\/produkt\/inventory\/#primaryimage\",\"url\":\"https:\/\/malenki.net\/wp-content\/uploads\/2013\/01\/paula_winkler_inventory01.jpg\",\"contentUrl\":\"https:\/\/malenki.net\/wp-content\/uploads\/2013\/01\/paula_winkler_inventory01.jpg\",\"width\":800,\"height\":640,\"caption\":\"Inventory - Paula Winkler\"},{\"@type\":\"BreadcrumbList\",\"@id\":\"https:\/\/malenki.net\/de\/produkt\/inventory\/#breadcrumb\",\"itemListElement\":[{\"@type\":\"ListItem\",\"position\":1,\"name\":\"Home\",\"item\":\"https:\/\/malenki.net\/de\/\"},{\"@type\":\"ListItem\",\"position\":2,\"name\":\"Editionen\",\"item\":\"https:\/\/malenki.net\/de\/\"},{\"@type\":\"ListItem\",\"position\":3,\"name\":\"Inventory\"}]},{\"@type\":\"WebSite\",\"@id\":\"https:\/\/malenki.net\/de\/#website\",\"url\":\"https:\/\/malenki.net\/de\/\",\"name\":\"malenki.net\",\"description\":\"Fotografie Editionen\",\"publisher\":{\"@id\":\"https:\/\/malenki.net\/de\/#organization\"},\"potentialAction\":[{\"@type\":\"SearchAction\",\"target\":{\"@type\":\"EntryPoint\",\"urlTemplate\":\"https:\/\/malenki.net\/de\/?s={search_term_string}\"},\"query-input\":{\"@type\":\"PropertyValueSpecification\",\"valueRequired\":true,\"valueName\":\"search_term_string\"}}],\"inLanguage\":\"de\"},{\"@type\":\"Organization\",\"@id\":\"https:\/\/malenki.net\/de\/#organization\",\"name\":\"malenki.net\",\"url\":\"https:\/\/malenki.net\/de\/\",\"logo\":{\"@type\":\"ImageObject\",\"inLanguage\":\"de\",\"@id\":\"https:\/\/malenki.net\/de\/#\/schema\/logo\/image\/\",\"url\":\"https:\/\/malenki.net\/wp-content\/uploads\/2023\/03\/malenki-logo-2019.gif\",\"contentUrl\":\"https:\/\/malenki.net\/wp-content\/uploads\/2023\/03\/malenki-logo-2019.gif\",\"width\":524,\"height\":138,\"caption\":\"malenki.net\"},\"image\":{\"@id\":\"https:\/\/malenki.net\/de\/#\/schema\/logo\/image\/\"},\"sameAs\":[\"https:\/\/www.facebook.com\/malenki.editionen\/\",\"https:\/\/www.instagram.com\/malenkinet\/\"]}]}<\/script>\n<!-- \/ Yoast SEO plugin. -->","yoast_head_json":{"title":"malenki.net | Inventory | Paula Winkler","description":"Die in kleiner Auflage erschienene Edition 'Inventory' von Paula Winkler spiegelt die Faszination der K\u00fcnstlerin f\u00fcr zwischen den Geschlechtern changierende K\u00f6rper wieder.","robots":{"index":"index","follow":"follow","max-snippet":"max-snippet:-1","max-image-preview":"max-image-preview:large","max-video-preview":"max-video-preview:-1"},"canonical":"https:\/\/malenki.net\/de\/produkt\/inventory\/","og_locale":"de_DE","og_type":"article","og_title":"malenki.net | Inventory | Paula Winkler","og_description":"Die in kleiner Auflage erschienene Edition 'Inventory' von Paula Winkler spiegelt die Faszination der K\u00fcnstlerin f\u00fcr zwischen den Geschlechtern changierende K\u00f6rper wieder.","og_url":"https:\/\/malenki.net\/de\/produkt\/inventory\/","og_site_name":"malenki.net","article_publisher":"https:\/\/www.facebook.com\/malenki.editionen\/","article_modified_time":"2022-03-12T17:52:21+00:00","og_image":[{"width":800,"height":640,"url":"https:\/\/malenki.net\/wp-content\/uploads\/2013\/01\/paula_winkler_inventory01.jpg","type":"image\/jpeg"}],"twitter_card":"summary_large_image","schema":{"@context":"https:\/\/schema.org","@graph":[{"@type":"WebPage","@id":"https:\/\/malenki.net\/de\/produkt\/inventory\/","url":"https:\/\/malenki.net\/de\/produkt\/inventory\/","name":"malenki.net | Inventory | Paula Winkler","isPartOf":{"@id":"https:\/\/malenki.net\/de\/#website"},"primaryImageOfPage":{"@id":"https:\/\/malenki.net\/de\/produkt\/inventory\/#primaryimage"},"image":{"@id":"https:\/\/malenki.net\/de\/produkt\/inventory\/#primaryimage"},"thumbnailUrl":"https:\/\/malenki.net\/wp-content\/uploads\/2013\/01\/paula_winkler_inventory01.jpg","datePublished":"2012-05-12T14:22:35+00:00","dateModified":"2022-03-12T17:52:21+00:00","description":"Die in kleiner Auflage erschienene Edition 'Inventory' von Paula Winkler spiegelt die Faszination der K\u00fcnstlerin f\u00fcr zwischen den Geschlechtern changierende K\u00f6rper wieder.","breadcrumb":{"@id":"https:\/\/malenki.net\/de\/produkt\/inventory\/#breadcrumb"},"inLanguage":"de","potentialAction":[{"@type":"ReadAction","target":["https:\/\/malenki.net\/de\/produkt\/inventory\/"]}]},{"@type":"ImageObject","inLanguage":"de","@id":"https:\/\/malenki.net\/de\/produkt\/inventory\/#primaryimage","url":"https:\/\/malenki.net\/wp-content\/uploads\/2013\/01\/paula_winkler_inventory01.jpg","contentUrl":"https:\/\/malenki.net\/wp-content\/uploads\/2013\/01\/paula_winkler_inventory01.jpg","width":800,"height":640,"caption":"Inventory - Paula Winkler"},{"@type":"BreadcrumbList","@id":"https:\/\/malenki.net\/de\/produkt\/inventory\/#breadcrumb","itemListElement":[{"@type":"ListItem","position":1,"name":"Home","item":"https:\/\/malenki.net\/de\/"},{"@type":"ListItem","position":2,"name":"Editionen","item":"https:\/\/malenki.net\/de\/"},{"@type":"ListItem","position":3,"name":"Inventory"}]},{"@type":"WebSite","@id":"https:\/\/malenki.net\/de\/#website","url":"https:\/\/malenki.net\/de\/","name":"malenki.net","description":"Fotografie Editionen","publisher":{"@id":"https:\/\/malenki.net\/de\/#organization"},"potentialAction":[{"@type":"SearchAction","target":{"@type":"EntryPoint","urlTemplate":"https:\/\/malenki.net\/de\/?s={search_term_string}"},"query-input":{"@type":"PropertyValueSpecification","valueRequired":true,"valueName":"search_term_string"}}],"inLanguage":"de"},{"@type":"Organization","@id":"https:\/\/malenki.net\/de\/#organization","name":"malenki.net","url":"https:\/\/malenki.net\/de\/","logo":{"@type":"ImageObject","inLanguage":"de","@id":"https:\/\/malenki.net\/de\/#\/schema\/logo\/image\/","url":"https:\/\/malenki.net\/wp-content\/uploads\/2023\/03\/malenki-logo-2019.gif","contentUrl":"https:\/\/malenki.net\/wp-content\/uploads\/2023\/03\/malenki-logo-2019.gif","width":524,"height":138,"caption":"malenki.net"},"image":{"@id":"https:\/\/malenki.net\/de\/#\/schema\/logo\/image\/"},"sameAs":["https:\/\/www.facebook.com\/malenki.editionen\/","https:\/\/www.instagram.com\/malenkinet\/"]}]}},"wps_subtitle":"Paula Winkler","_links":{"self":[{"href":"https:\/\/malenki.net\/de\/wp-json\/wp\/v2\/product\/2984","targetHints":{"allow":["GET"]}}],"collection":[{"href":"https:\/\/malenki.net\/de\/wp-json\/wp\/v2\/product"}],"about":[{"href":"https:\/\/malenki.net\/de\/wp-json\/wp\/v2\/types\/product"}],"wp:featuredmedia":[{"embeddable":true,"href":"https:\/\/malenki.net\/de\/wp-json\/wp\/v2\/media\/2350"}],"wp:attachment":[{"href":"https:\/\/malenki.net\/de\/wp-json\/wp\/v2\/media?parent=2984"}],"wp:term":[{"taxonomy":"product_brand","embeddable":true,"href":"https:\/\/malenki.net\/de\/wp-json\/wp\/v2\/product_brand?post=2984"},{"taxonomy":"product_cat","embeddable":true,"href":"https:\/\/malenki.net\/de\/wp-json\/wp\/v2\/product_cat?post=2984"},{"taxonomy":"product_tag","embeddable":true,"href":"https:\/\/malenki.net\/de\/wp-json\/wp\/v2\/product_tag?post=2984"}],"curies":[{"name":"wp","href":"https:\/\/api.w.org\/{rel}","templated":true}]}}