{"id":2983,"date":"2013-07-24T16:09:17","date_gmt":"2013-07-24T14:09:17","guid":{"rendered":"http:\/\/malenki.net\/wordpress\/editions\/guffaw-2\/"},"modified":"2025-01-14T12:35:09","modified_gmt":"2025-01-14T11:35:09","slug":"lotte-reimann-guffaw","status":"publish","type":"product","link":"https:\/\/malenki.net\/de\/produkt\/lotte-reimann-guffaw\/","title":{"rendered":"Guffaw"},"content":{"rendered":"<p>Lotte Reimanns Arbeit <em>Guffaw<\/em> besteht aus einer Serie von Fotografien und Texten; Schnappsch\u00fcsse die an eine raue Umgebung einer deutschen Industriestadt erinnern. Die Protagonistin, ein taffes, jungenhaftes M\u00e4dchen, findet sich in mehreren Fotografien wieder. Die Texte sind intim, \u00e4hnlich einem Tagebucheintrag, und geben Einblicke in ein zerr\u00fcttetes Familienleben, aufkeimende Sexualit\u00e4t und jugendliche Rebellion. Aus den sp\u00e4rlichen und fragmentarischen Informationen konstruiert man leicht eine Biographie, deren fehlende Elemente durch imaginierte Geschichten ersetzt werden. Die Bilder wirken wie aus einer vergangenen Zeit, was dabei positiv zu ihrer R\u00e4tselhaftigkeit beitr\u00e4gt: Wer ist diese junge Frau? Ist sie ein Star, einen anonyme Ikone oder k\u00f6nnte sie eine Freundin sein?<\/p>\n","protected":false},"excerpt":{"rendered":"<p>Lotte Reimanns Arbeit Guffaw besteht aus einer Serie von Fotografien und Texten; Schnappsch\u00fcsse die an eine raue Umgebung einer deutschen Industriestadt erinnern. Die Protagonistin, ein taffes, jungenhaftes M\u00e4dchen, findet sich in mehreren Fotografien wieder. Die Texte sind intim, \u00e4hnlich einem Tagebucheintrag, und geben Einblicke in ein zerr\u00fcttetes Familienleben, aufkeimende Sexualit\u00e4t und jugendliche Rebellion. Aus den&hellip; <a class=\"more-link\" href=\"https:\/\/malenki.net\/de\/produkt\/lotte-reimann-guffaw\/\"><span class=\"screen-reader-text\">Guffaw<\/span> weiterlesen<\/a><\/p>\n","protected":false},"featured_media":2308,"template":"","meta":{"pgc_sgb_lightbox_settings":""},"product_brand":[],"product_cat":[1085],"product_tag":[1510,1115,1517,2233],"class_list":{"0":"post-2983","1":"product","2":"type-product","3":"status-publish","4":"has-post-thumbnail","6":"product_cat-lotte-reimann-de","7":"product_tag-guffaw-de","8":"product_tag-lotte-reimann-de","9":"product_tag-reimann-de","10":"product_tag-riso-de","11":"entry","13":"first","14":"instock","15":"shipping-taxable","16":"purchasable","17":"product-type-simple"},"yoast_head":"<!-- This site is optimized with the Yoast SEO plugin v27.2 - https:\/\/yoast.com\/product\/yoast-seo-wordpress\/ -->\n<title>malenki.net | Guffaw | Lotte Reimann<\/title>\n<meta name=\"description\" content=\"Die Arbeit &#039;Guffaw&#039; von Lotte Reimann besteht aus einer Serie von Fotografien und Texten\" \/>\n<meta name=\"robots\" content=\"index, follow, max-snippet:-1, max-image-preview:large, max-video-preview:-1\" \/>\n<link rel=\"canonical\" href=\"https:\/\/malenki.net\/de\/produkt\/lotte-reimann-guffaw\/\" \/>\n<meta property=\"og:locale\" content=\"de_DE\" \/>\n<meta property=\"og:type\" content=\"article\" \/>\n<meta property=\"og:title\" content=\"malenki.net | Guffaw | Lotte Reimann\" \/>\n<meta property=\"og:description\" content=\"Die Arbeit &#039;Guffaw&#039; von Lotte Reimann besteht aus einer Serie von Fotografien und Texten\" \/>\n<meta property=\"og:url\" content=\"https:\/\/malenki.net\/de\/produkt\/lotte-reimann-guffaw\/\" \/>\n<meta property=\"og:site_name\" content=\"malenki.net\" \/>\n<meta property=\"article:publisher\" content=\"https:\/\/www.facebook.com\/malenki.editionen\/\" \/>\n<meta property=\"article:modified_time\" content=\"2025-01-14T11:35:09+00:00\" \/>\n<meta property=\"og:image\" content=\"https:\/\/malenki.net\/wp-content\/uploads\/2013\/10\/01LoRei_Guffaw.jpg\" \/>\n\t<meta property=\"og:image:width\" content=\"800\" \/>\n\t<meta property=\"og:image:height\" content=\"640\" \/>\n\t<meta property=\"og:image:type\" content=\"image\/jpeg\" \/>\n<meta name=\"twitter:card\" content=\"summary_large_image\" \/>\n<meta name=\"twitter:label1\" content=\"Gesch\u00e4tzte Lesezeit\" \/>\n\t<meta name=\"twitter:data1\" content=\"1\u00a0Minute\" \/>\n<script type=\"application\/ld+json\" class=\"yoast-schema-graph\">{\"@context\":\"https:\/\/schema.org\",\"@graph\":[{\"@type\":\"WebPage\",\"@id\":\"https:\/\/malenki.net\/de\/produkt\/lotte-reimann-guffaw\/\",\"url\":\"https:\/\/malenki.net\/de\/produkt\/lotte-reimann-guffaw\/\",\"name\":\"malenki.net | Guffaw | Lotte Reimann\",\"isPartOf\":{\"@id\":\"https:\/\/malenki.net\/de\/#website\"},\"primaryImageOfPage\":{\"@id\":\"https:\/\/malenki.net\/de\/produkt\/lotte-reimann-guffaw\/#primaryimage\"},\"image\":{\"@id\":\"https:\/\/malenki.net\/de\/produkt\/lotte-reimann-guffaw\/#primaryimage\"},\"thumbnailUrl\":\"https:\/\/malenki.net\/wp-content\/uploads\/2013\/10\/01LoRei_Guffaw.jpg\",\"datePublished\":\"2013-07-24T14:09:17+00:00\",\"dateModified\":\"2025-01-14T11:35:09+00:00\",\"description\":\"Die Arbeit 'Guffaw' von Lotte Reimann besteht aus einer Serie von Fotografien und Texten\",\"breadcrumb\":{\"@id\":\"https:\/\/malenki.net\/de\/produkt\/lotte-reimann-guffaw\/#breadcrumb\"},\"inLanguage\":\"de\",\"potentialAction\":[{\"@type\":\"ReadAction\",\"target\":[\"https:\/\/malenki.net\/de\/produkt\/lotte-reimann-guffaw\/\"]}]},{\"@type\":\"ImageObject\",\"inLanguage\":\"de\",\"@id\":\"https:\/\/malenki.net\/de\/produkt\/lotte-reimann-guffaw\/#primaryimage\",\"url\":\"https:\/\/malenki.net\/wp-content\/uploads\/2013\/10\/01LoRei_Guffaw.jpg\",\"contentUrl\":\"https:\/\/malenki.net\/wp-content\/uploads\/2013\/10\/01LoRei_Guffaw.jpg\",\"width\":800,\"height\":640,\"caption\":\"Guffaw - Lotte Reimann\"},{\"@type\":\"BreadcrumbList\",\"@id\":\"https:\/\/malenki.net\/de\/produkt\/lotte-reimann-guffaw\/#breadcrumb\",\"itemListElement\":[{\"@type\":\"ListItem\",\"position\":1,\"name\":\"Home\",\"item\":\"https:\/\/malenki.net\/de\/\"},{\"@type\":\"ListItem\",\"position\":2,\"name\":\"Editionen\",\"item\":\"https:\/\/malenki.net\/de\/\"},{\"@type\":\"ListItem\",\"position\":3,\"name\":\"Guffaw\"}]},{\"@type\":\"WebSite\",\"@id\":\"https:\/\/malenki.net\/de\/#website\",\"url\":\"https:\/\/malenki.net\/de\/\",\"name\":\"malenki.net\",\"description\":\"Fotografie Editionen\",\"publisher\":{\"@id\":\"https:\/\/malenki.net\/de\/#organization\"},\"potentialAction\":[{\"@type\":\"SearchAction\",\"target\":{\"@type\":\"EntryPoint\",\"urlTemplate\":\"https:\/\/malenki.net\/de\/?s={search_term_string}\"},\"query-input\":{\"@type\":\"PropertyValueSpecification\",\"valueRequired\":true,\"valueName\":\"search_term_string\"}}],\"inLanguage\":\"de\"},{\"@type\":\"Organization\",\"@id\":\"https:\/\/malenki.net\/de\/#organization\",\"name\":\"malenki.net\",\"url\":\"https:\/\/malenki.net\/de\/\",\"logo\":{\"@type\":\"ImageObject\",\"inLanguage\":\"de\",\"@id\":\"https:\/\/malenki.net\/de\/#\/schema\/logo\/image\/\",\"url\":\"https:\/\/malenki.net\/wp-content\/uploads\/2023\/03\/malenki-logo-2019.gif\",\"contentUrl\":\"https:\/\/malenki.net\/wp-content\/uploads\/2023\/03\/malenki-logo-2019.gif\",\"width\":524,\"height\":138,\"caption\":\"malenki.net\"},\"image\":{\"@id\":\"https:\/\/malenki.net\/de\/#\/schema\/logo\/image\/\"},\"sameAs\":[\"https:\/\/www.facebook.com\/malenki.editionen\/\",\"https:\/\/www.instagram.com\/malenkinet\/\"]}]}<\/script>\n<!-- \/ Yoast SEO plugin. -->","yoast_head_json":{"title":"malenki.net | Guffaw | Lotte Reimann","description":"Die Arbeit 'Guffaw' von Lotte Reimann besteht aus einer Serie von Fotografien und Texten","robots":{"index":"index","follow":"follow","max-snippet":"max-snippet:-1","max-image-preview":"max-image-preview:large","max-video-preview":"max-video-preview:-1"},"canonical":"https:\/\/malenki.net\/de\/produkt\/lotte-reimann-guffaw\/","og_locale":"de_DE","og_type":"article","og_title":"malenki.net | Guffaw | Lotte Reimann","og_description":"Die Arbeit 'Guffaw' von Lotte Reimann besteht aus einer Serie von Fotografien und Texten","og_url":"https:\/\/malenki.net\/de\/produkt\/lotte-reimann-guffaw\/","og_site_name":"malenki.net","article_publisher":"https:\/\/www.facebook.com\/malenki.editionen\/","article_modified_time":"2025-01-14T11:35:09+00:00","og_image":[{"width":800,"height":640,"url":"https:\/\/malenki.net\/wp-content\/uploads\/2013\/10\/01LoRei_Guffaw.jpg","type":"image\/jpeg"}],"twitter_card":"summary_large_image","twitter_misc":{"Gesch\u00e4tzte Lesezeit":"1\u00a0Minute"},"schema":{"@context":"https:\/\/schema.org","@graph":[{"@type":"WebPage","@id":"https:\/\/malenki.net\/de\/produkt\/lotte-reimann-guffaw\/","url":"https:\/\/malenki.net\/de\/produkt\/lotte-reimann-guffaw\/","name":"malenki.net | Guffaw | Lotte Reimann","isPartOf":{"@id":"https:\/\/malenki.net\/de\/#website"},"primaryImageOfPage":{"@id":"https:\/\/malenki.net\/de\/produkt\/lotte-reimann-guffaw\/#primaryimage"},"image":{"@id":"https:\/\/malenki.net\/de\/produkt\/lotte-reimann-guffaw\/#primaryimage"},"thumbnailUrl":"https:\/\/malenki.net\/wp-content\/uploads\/2013\/10\/01LoRei_Guffaw.jpg","datePublished":"2013-07-24T14:09:17+00:00","dateModified":"2025-01-14T11:35:09+00:00","description":"Die Arbeit 'Guffaw' von Lotte Reimann besteht aus einer Serie von Fotografien und Texten","breadcrumb":{"@id":"https:\/\/malenki.net\/de\/produkt\/lotte-reimann-guffaw\/#breadcrumb"},"inLanguage":"de","potentialAction":[{"@type":"ReadAction","target":["https:\/\/malenki.net\/de\/produkt\/lotte-reimann-guffaw\/"]}]},{"@type":"ImageObject","inLanguage":"de","@id":"https:\/\/malenki.net\/de\/produkt\/lotte-reimann-guffaw\/#primaryimage","url":"https:\/\/malenki.net\/wp-content\/uploads\/2013\/10\/01LoRei_Guffaw.jpg","contentUrl":"https:\/\/malenki.net\/wp-content\/uploads\/2013\/10\/01LoRei_Guffaw.jpg","width":800,"height":640,"caption":"Guffaw - Lotte Reimann"},{"@type":"BreadcrumbList","@id":"https:\/\/malenki.net\/de\/produkt\/lotte-reimann-guffaw\/#breadcrumb","itemListElement":[{"@type":"ListItem","position":1,"name":"Home","item":"https:\/\/malenki.net\/de\/"},{"@type":"ListItem","position":2,"name":"Editionen","item":"https:\/\/malenki.net\/de\/"},{"@type":"ListItem","position":3,"name":"Guffaw"}]},{"@type":"WebSite","@id":"https:\/\/malenki.net\/de\/#website","url":"https:\/\/malenki.net\/de\/","name":"malenki.net","description":"Fotografie Editionen","publisher":{"@id":"https:\/\/malenki.net\/de\/#organization"},"potentialAction":[{"@type":"SearchAction","target":{"@type":"EntryPoint","urlTemplate":"https:\/\/malenki.net\/de\/?s={search_term_string}"},"query-input":{"@type":"PropertyValueSpecification","valueRequired":true,"valueName":"search_term_string"}}],"inLanguage":"de"},{"@type":"Organization","@id":"https:\/\/malenki.net\/de\/#organization","name":"malenki.net","url":"https:\/\/malenki.net\/de\/","logo":{"@type":"ImageObject","inLanguage":"de","@id":"https:\/\/malenki.net\/de\/#\/schema\/logo\/image\/","url":"https:\/\/malenki.net\/wp-content\/uploads\/2023\/03\/malenki-logo-2019.gif","contentUrl":"https:\/\/malenki.net\/wp-content\/uploads\/2023\/03\/malenki-logo-2019.gif","width":524,"height":138,"caption":"malenki.net"},"image":{"@id":"https:\/\/malenki.net\/de\/#\/schema\/logo\/image\/"},"sameAs":["https:\/\/www.facebook.com\/malenki.editionen\/","https:\/\/www.instagram.com\/malenkinet\/"]}]}},"wps_subtitle":"Lotte Reimann","_links":{"self":[{"href":"https:\/\/malenki.net\/de\/wp-json\/wp\/v2\/product\/2983","targetHints":{"allow":["GET"]}}],"collection":[{"href":"https:\/\/malenki.net\/de\/wp-json\/wp\/v2\/product"}],"about":[{"href":"https:\/\/malenki.net\/de\/wp-json\/wp\/v2\/types\/product"}],"wp:featuredmedia":[{"embeddable":true,"href":"https:\/\/malenki.net\/de\/wp-json\/wp\/v2\/media\/2308"}],"wp:attachment":[{"href":"https:\/\/malenki.net\/de\/wp-json\/wp\/v2\/media?parent=2983"}],"wp:term":[{"taxonomy":"product_brand","embeddable":true,"href":"https:\/\/malenki.net\/de\/wp-json\/wp\/v2\/product_brand?post=2983"},{"taxonomy":"product_cat","embeddable":true,"href":"https:\/\/malenki.net\/de\/wp-json\/wp\/v2\/product_cat?post=2983"},{"taxonomy":"product_tag","embeddable":true,"href":"https:\/\/malenki.net\/de\/wp-json\/wp\/v2\/product_tag?post=2983"}],"curies":[{"name":"wp","href":"https:\/\/api.w.org\/{rel}","templated":true}]}}