{"id":2979,"date":"2011-07-24T11:08:25","date_gmt":"2011-07-24T09:08:25","guid":{"rendered":"http:\/\/malenki.net\/wordpress\/editions\/memories-and-how-to-get-them-2\/"},"modified":"2024-02-04T19:14:17","modified_gmt":"2024-02-04T18:14:17","slug":"robert-schlotter-memories-and-how-to-get-them","status":"publish","type":"product","link":"https:\/\/malenki.net\/de\/produkt\/robert-schlotter-memories-and-how-to-get-them\/","title":{"rendered":"Memories and how to get them"},"content":{"rendered":"<p>Mit <em>Memories and how to get them<\/em> folgt Robert Schlotter einer\u00a0Betrachtung der Erinnerung bzw. des autobiographischen Ged\u00e4chtnisses als ein Konstrukt vager, latenter, sich \u00fcberlagernder Bilder.<br \/>\nAusgangsmaterial f\u00fcr Schlotters Arbeit sind gefundene Super8-Amateurfilme, welche er aus der laufenden Projektion heraus reproduziert.<\/p>\n","protected":false},"excerpt":{"rendered":"<p>Mit Memories and how to get them folgt Robert Schlotter einer\u00a0Betrachtung der Erinnerung bzw. des autobiographischen Ged\u00e4chtnisses als ein Konstrukt vager, latenter, sich \u00fcberlagernder Bilder. Ausgangsmaterial f\u00fcr Schlotters Arbeit sind gefundene Super8-Amateurfilme, welche er aus der laufenden Projektion heraus reproduziert.<\/p>\n","protected":false},"featured_media":2401,"template":"","meta":{"pgc_sgb_lightbox_settings":""},"product_brand":[],"product_cat":[1088],"product_tag":[1488,5632,5146,5075,4380,4630,4179,5637,1505,4180,1120,1117,3059],"class_list":{"0":"post-2979","1":"product","2":"type-product","3":"status-publish","4":"has-post-thumbnail","6":"product_cat-robert-schlotter-de","7":"product_tag-8mm-de","8":"product_tag-abzug","9":"product_tag-amateurfilme","10":"product_tag-filmisch","11":"product_tag-filmstill-de","12":"product_tag-handgemacht","13":"product_tag-inkjet-de","14":"product_tag-loseblattsammlung","15":"product_tag-memories-and-how-to-get-them-de","16":"product_tag-pigment-de","17":"product_tag-robert-schlotter-de","18":"product_tag-schlotter-de","19":"product_tag-schwarz-weiss","20":"entry","22":"first","23":"instock","24":"shipping-taxable","25":"purchasable","26":"product-type-simple"},"yoast_head":"<!-- This site is optimized with the Yoast SEO plugin v27.2 - https:\/\/yoast.com\/product\/yoast-seo-wordpress\/ -->\n<title>malenki.net | Memories and how to get them | Robert Schlotter<\/title>\n<meta name=\"robots\" content=\"index, follow, max-snippet:-1, max-image-preview:large, max-video-preview:-1\" \/>\n<link rel=\"canonical\" href=\"https:\/\/malenki.net\/de\/produkt\/robert-schlotter-memories-and-how-to-get-them\/\" \/>\n<meta property=\"og:locale\" content=\"de_DE\" \/>\n<meta property=\"og:type\" content=\"article\" \/>\n<meta property=\"og:title\" content=\"malenki.net | Memories and how to get them | Robert Schlotter\" \/>\n<meta property=\"og:description\" content=\"Mit Memories and how to get them folgt Robert Schlotter einer\u00a0Betrachtung der Erinnerung bzw. des autobiographischen Ged\u00e4chtnisses als ein Konstrukt vager, latenter, sich \u00fcberlagernder Bilder. Ausgangsmaterial f\u00fcr Schlotters Arbeit sind gefundene Super8-Amateurfilme, welche er aus der laufenden Projektion heraus reproduziert.\" \/>\n<meta property=\"og:url\" content=\"https:\/\/malenki.net\/de\/produkt\/robert-schlotter-memories-and-how-to-get-them\/\" \/>\n<meta property=\"og:site_name\" content=\"malenki.net\" \/>\n<meta property=\"article:publisher\" content=\"https:\/\/www.facebook.com\/malenki.editionen\/\" \/>\n<meta property=\"article:modified_time\" content=\"2024-02-04T18:14:17+00:00\" \/>\n<meta property=\"og:image\" content=\"https:\/\/malenki.net\/wp-content\/uploads\/2012\/12\/memories-and-how-to-get-them-schlotter-1.jpg\" \/>\n\t<meta property=\"og:image:width\" content=\"800\" \/>\n\t<meta property=\"og:image:height\" content=\"640\" \/>\n\t<meta property=\"og:image:type\" content=\"image\/jpeg\" \/>\n<meta name=\"twitter:card\" content=\"summary_large_image\" \/>\n<script type=\"application\/ld+json\" class=\"yoast-schema-graph\">{\"@context\":\"https:\/\/schema.org\",\"@graph\":[{\"@type\":\"WebPage\",\"@id\":\"https:\/\/malenki.net\/de\/produkt\/robert-schlotter-memories-and-how-to-get-them\/\",\"url\":\"https:\/\/malenki.net\/de\/produkt\/robert-schlotter-memories-and-how-to-get-them\/\",\"name\":\"malenki.net | Memories and how to get them | Robert Schlotter\",\"isPartOf\":{\"@id\":\"https:\/\/malenki.net\/de\/#website\"},\"primaryImageOfPage\":{\"@id\":\"https:\/\/malenki.net\/de\/produkt\/robert-schlotter-memories-and-how-to-get-them\/#primaryimage\"},\"image\":{\"@id\":\"https:\/\/malenki.net\/de\/produkt\/robert-schlotter-memories-and-how-to-get-them\/#primaryimage\"},\"thumbnailUrl\":\"https:\/\/malenki.net\/wp-content\/uploads\/2012\/12\/memories-and-how-to-get-them-schlotter-1.jpg\",\"datePublished\":\"2011-07-24T09:08:25+00:00\",\"dateModified\":\"2024-02-04T18:14:17+00:00\",\"breadcrumb\":{\"@id\":\"https:\/\/malenki.net\/de\/produkt\/robert-schlotter-memories-and-how-to-get-them\/#breadcrumb\"},\"inLanguage\":\"de\",\"potentialAction\":[{\"@type\":\"ReadAction\",\"target\":[\"https:\/\/malenki.net\/de\/produkt\/robert-schlotter-memories-and-how-to-get-them\/\"]}]},{\"@type\":\"ImageObject\",\"inLanguage\":\"de\",\"@id\":\"https:\/\/malenki.net\/de\/produkt\/robert-schlotter-memories-and-how-to-get-them\/#primaryimage\",\"url\":\"https:\/\/malenki.net\/wp-content\/uploads\/2012\/12\/memories-and-how-to-get-them-schlotter-1.jpg\",\"contentUrl\":\"https:\/\/malenki.net\/wp-content\/uploads\/2012\/12\/memories-and-how-to-get-them-schlotter-1.jpg\",\"width\":800,\"height\":640,\"caption\":\"Memories and how to get them \u2014 Robert Schlotter\"},{\"@type\":\"BreadcrumbList\",\"@id\":\"https:\/\/malenki.net\/de\/produkt\/robert-schlotter-memories-and-how-to-get-them\/#breadcrumb\",\"itemListElement\":[{\"@type\":\"ListItem\",\"position\":1,\"name\":\"Home\",\"item\":\"https:\/\/malenki.net\/de\/\"},{\"@type\":\"ListItem\",\"position\":2,\"name\":\"Editionen\",\"item\":\"https:\/\/malenki.net\/de\/\"},{\"@type\":\"ListItem\",\"position\":3,\"name\":\"Memories and how to get them\"}]},{\"@type\":\"WebSite\",\"@id\":\"https:\/\/malenki.net\/de\/#website\",\"url\":\"https:\/\/malenki.net\/de\/\",\"name\":\"malenki.net\",\"description\":\"Fotografie Editionen\",\"publisher\":{\"@id\":\"https:\/\/malenki.net\/de\/#organization\"},\"potentialAction\":[{\"@type\":\"SearchAction\",\"target\":{\"@type\":\"EntryPoint\",\"urlTemplate\":\"https:\/\/malenki.net\/de\/?s={search_term_string}\"},\"query-input\":{\"@type\":\"PropertyValueSpecification\",\"valueRequired\":true,\"valueName\":\"search_term_string\"}}],\"inLanguage\":\"de\"},{\"@type\":\"Organization\",\"@id\":\"https:\/\/malenki.net\/de\/#organization\",\"name\":\"malenki.net\",\"url\":\"https:\/\/malenki.net\/de\/\",\"logo\":{\"@type\":\"ImageObject\",\"inLanguage\":\"de\",\"@id\":\"https:\/\/malenki.net\/de\/#\/schema\/logo\/image\/\",\"url\":\"https:\/\/malenki.net\/wp-content\/uploads\/2023\/03\/malenki-logo-2019.gif\",\"contentUrl\":\"https:\/\/malenki.net\/wp-content\/uploads\/2023\/03\/malenki-logo-2019.gif\",\"width\":524,\"height\":138,\"caption\":\"malenki.net\"},\"image\":{\"@id\":\"https:\/\/malenki.net\/de\/#\/schema\/logo\/image\/\"},\"sameAs\":[\"https:\/\/www.facebook.com\/malenki.editionen\/\",\"https:\/\/www.instagram.com\/malenkinet\/\"]}]}<\/script>\n<!-- \/ Yoast SEO plugin. -->","yoast_head_json":{"title":"malenki.net | Memories and how to get them | Robert Schlotter","robots":{"index":"index","follow":"follow","max-snippet":"max-snippet:-1","max-image-preview":"max-image-preview:large","max-video-preview":"max-video-preview:-1"},"canonical":"https:\/\/malenki.net\/de\/produkt\/robert-schlotter-memories-and-how-to-get-them\/","og_locale":"de_DE","og_type":"article","og_title":"malenki.net | Memories and how to get them | Robert Schlotter","og_description":"Mit Memories and how to get them folgt Robert Schlotter einer\u00a0Betrachtung der Erinnerung bzw. des autobiographischen Ged\u00e4chtnisses als ein Konstrukt vager, latenter, sich \u00fcberlagernder Bilder. Ausgangsmaterial f\u00fcr Schlotters Arbeit sind gefundene Super8-Amateurfilme, welche er aus der laufenden Projektion heraus reproduziert.","og_url":"https:\/\/malenki.net\/de\/produkt\/robert-schlotter-memories-and-how-to-get-them\/","og_site_name":"malenki.net","article_publisher":"https:\/\/www.facebook.com\/malenki.editionen\/","article_modified_time":"2024-02-04T18:14:17+00:00","og_image":[{"width":800,"height":640,"url":"https:\/\/malenki.net\/wp-content\/uploads\/2012\/12\/memories-and-how-to-get-them-schlotter-1.jpg","type":"image\/jpeg"}],"twitter_card":"summary_large_image","schema":{"@context":"https:\/\/schema.org","@graph":[{"@type":"WebPage","@id":"https:\/\/malenki.net\/de\/produkt\/robert-schlotter-memories-and-how-to-get-them\/","url":"https:\/\/malenki.net\/de\/produkt\/robert-schlotter-memories-and-how-to-get-them\/","name":"malenki.net | Memories and how to get them | Robert Schlotter","isPartOf":{"@id":"https:\/\/malenki.net\/de\/#website"},"primaryImageOfPage":{"@id":"https:\/\/malenki.net\/de\/produkt\/robert-schlotter-memories-and-how-to-get-them\/#primaryimage"},"image":{"@id":"https:\/\/malenki.net\/de\/produkt\/robert-schlotter-memories-and-how-to-get-them\/#primaryimage"},"thumbnailUrl":"https:\/\/malenki.net\/wp-content\/uploads\/2012\/12\/memories-and-how-to-get-them-schlotter-1.jpg","datePublished":"2011-07-24T09:08:25+00:00","dateModified":"2024-02-04T18:14:17+00:00","breadcrumb":{"@id":"https:\/\/malenki.net\/de\/produkt\/robert-schlotter-memories-and-how-to-get-them\/#breadcrumb"},"inLanguage":"de","potentialAction":[{"@type":"ReadAction","target":["https:\/\/malenki.net\/de\/produkt\/robert-schlotter-memories-and-how-to-get-them\/"]}]},{"@type":"ImageObject","inLanguage":"de","@id":"https:\/\/malenki.net\/de\/produkt\/robert-schlotter-memories-and-how-to-get-them\/#primaryimage","url":"https:\/\/malenki.net\/wp-content\/uploads\/2012\/12\/memories-and-how-to-get-them-schlotter-1.jpg","contentUrl":"https:\/\/malenki.net\/wp-content\/uploads\/2012\/12\/memories-and-how-to-get-them-schlotter-1.jpg","width":800,"height":640,"caption":"Memories and how to get them \u2014 Robert Schlotter"},{"@type":"BreadcrumbList","@id":"https:\/\/malenki.net\/de\/produkt\/robert-schlotter-memories-and-how-to-get-them\/#breadcrumb","itemListElement":[{"@type":"ListItem","position":1,"name":"Home","item":"https:\/\/malenki.net\/de\/"},{"@type":"ListItem","position":2,"name":"Editionen","item":"https:\/\/malenki.net\/de\/"},{"@type":"ListItem","position":3,"name":"Memories and how to get them"}]},{"@type":"WebSite","@id":"https:\/\/malenki.net\/de\/#website","url":"https:\/\/malenki.net\/de\/","name":"malenki.net","description":"Fotografie Editionen","publisher":{"@id":"https:\/\/malenki.net\/de\/#organization"},"potentialAction":[{"@type":"SearchAction","target":{"@type":"EntryPoint","urlTemplate":"https:\/\/malenki.net\/de\/?s={search_term_string}"},"query-input":{"@type":"PropertyValueSpecification","valueRequired":true,"valueName":"search_term_string"}}],"inLanguage":"de"},{"@type":"Organization","@id":"https:\/\/malenki.net\/de\/#organization","name":"malenki.net","url":"https:\/\/malenki.net\/de\/","logo":{"@type":"ImageObject","inLanguage":"de","@id":"https:\/\/malenki.net\/de\/#\/schema\/logo\/image\/","url":"https:\/\/malenki.net\/wp-content\/uploads\/2023\/03\/malenki-logo-2019.gif","contentUrl":"https:\/\/malenki.net\/wp-content\/uploads\/2023\/03\/malenki-logo-2019.gif","width":524,"height":138,"caption":"malenki.net"},"image":{"@id":"https:\/\/malenki.net\/de\/#\/schema\/logo\/image\/"},"sameAs":["https:\/\/www.facebook.com\/malenki.editionen\/","https:\/\/www.instagram.com\/malenkinet\/"]}]}},"wps_subtitle":"Robert Schlotter","_links":{"self":[{"href":"https:\/\/malenki.net\/de\/wp-json\/wp\/v2\/product\/2979","targetHints":{"allow":["GET"]}}],"collection":[{"href":"https:\/\/malenki.net\/de\/wp-json\/wp\/v2\/product"}],"about":[{"href":"https:\/\/malenki.net\/de\/wp-json\/wp\/v2\/types\/product"}],"wp:featuredmedia":[{"embeddable":true,"href":"https:\/\/malenki.net\/de\/wp-json\/wp\/v2\/media\/2401"}],"wp:attachment":[{"href":"https:\/\/malenki.net\/de\/wp-json\/wp\/v2\/media?parent=2979"}],"wp:term":[{"taxonomy":"product_brand","embeddable":true,"href":"https:\/\/malenki.net\/de\/wp-json\/wp\/v2\/product_brand?post=2979"},{"taxonomy":"product_cat","embeddable":true,"href":"https:\/\/malenki.net\/de\/wp-json\/wp\/v2\/product_cat?post=2979"},{"taxonomy":"product_tag","embeddable":true,"href":"https:\/\/malenki.net\/de\/wp-json\/wp\/v2\/product_tag?post=2979"}],"curies":[{"name":"wp","href":"https:\/\/api.w.org\/{rel}","templated":true}]}}