{"id":11996,"date":"2025-12-27T15:52:14","date_gmt":"2025-12-27T14:52:14","guid":{"rendered":"https:\/\/malenki.net\/?post_type=product&#038;p=11996"},"modified":"2026-03-29T18:37:52","modified_gmt":"2026-03-29T16:37:52","slug":"dear-clark-edition-copy","status":"publish","type":"product","link":"https:\/\/malenki.net\/de\/produkt\/dear-clark-edition-copy\/","title":{"rendered":"Dear Clark,"},"content":{"rendered":"<p>Christian Karl, ein eher unscheinbarer, kaum beeindruckender Mann. Die Namen, die er sich gab, waren sch\u00f6ner, klangvoller: Christopher Crowe, Clark Rockefeller. Er schuf seine eigene Realit\u00e4t, und alle fielen darauf herein. Mit jedem neuen Namen lie\u00df er sein fr\u00fcheres Leben hinter sich. Als h\u00e4tte es nie existiert. Fast spurlos.     <\/p>\n<p>Die Vergangenheit ausl\u00f6schen, eine neue Identit\u00e4t erschaffen, jemand anderes werden; nicht irgendwer, sondern ein Rockefeller. Das alte, l\u00e4ngst vergrabene Ich war einst Christian Karl Gerhartsreiter aus Bayern. Doch er verschwand vor langer Zeit auf einer Reise von Deutschland in die USA. Seine Initialen gingen in einer Reihe angenommener Namen verloren; seine Haut nahm eine Handvoll Decknamen an, alle mit einem pomp\u00f6sen und luxuri\u00f6sen Lebensstil. 2008, nach drei Jahrzehnten falscher Identit\u00e4ten, brach die L\u00fcge zusammen und mit ihr der Mann. Christian Karl Gerhartsreiter, alias Christopher Crowe, Clark Rockefeller, um nur einige zu nennen; f\u00fcr viele ein Betr\u00fcger, ein Schwindler, ein Gauner; f\u00fcr andere ein begabter Geschichtenerz\u00e4hler, ein Mann mit geschliffenem Akzent, der es wagte, zu sein, was immer er wollte.     <\/p>\n<p><a href=\"https:\/\/malenki.net\/de\/produkt-kategorie\/kuenstlerinnen\/sara-lena-maierhofer-de\/\">Sara-Lena Maierhofer<\/a> entdeckte Clark 2008 in einem Zeitungsartikel. Fasziniert von dem Mann mit den vielen Gesichtern, beschloss sie, Kontakt zu ihm aufzunehmen. Nachdem Clark ein Treffen verweigerte, beschloss sie, ihn aus der Ferne zu beobachten und anhand der vorhandenen forensischen Beweise \u2013 Zeitungsausschnitte, Fotos, sogar Clarks fr\u00fchkindliche Zeichnungen und ihre Briefe an ihn \u2013 ihre eigene kriminalistische Untersuchung durchzuf\u00fchren. Doch Maierhofer wollte noch mehr. Um die vielen Schichten seiner L\u00fcgen zu durchdringen und zum Kern seiner Pers\u00f6nlichkeit vorzudringen, w\u00e4hlte sie den Weg der Fiktion und folgte Clarks Beispiel. Sie imaginierte ihn in einer Welt der Klone und Doppelg\u00e4nger, einer Welt, in der die Grenzen zwischen Wahrheit und L\u00fcge angesichts der starren Grenzen des Bildes verschwimmen.     <\/p>\n","protected":false},"excerpt":{"rendered":"<p>Artist book in English language with three fold-out pages and eleven tip-ins. Hardcover with changeant cloth binding and silkscreen printing. <\/p>\n","protected":false},"featured_media":3884,"template":"","meta":{"pgc_sgb_lightbox_settings":""},"product_brand":[],"product_cat":[1089],"product_tag":[1786,1784,6668,3929,4383,1804,1114,6670,3995,1118,4389,1801],"class_list":{"0":"post-11996","1":"product","2":"type-product","3":"status-publish","4":"has-post-thumbnail","6":"product_cat-sara-lena-maierhofer-de","7":"product_tag-clark-de","8":"product_tag-dear-clark-de","9":"product_tag-drittel-books","10":"product_tag-fiktion","11":"product_tag-geschichte-de","12":"product_tag-lindhorst-emme-de","13":"product_tag-maierhofer-de","14":"product_tag-natasha-christia","15":"product_tag-persoenliche-geschichte","16":"product_tag-sara-lena-maierhofer-de","17":"product_tag-storytelling-de","18":"product_tag-sven-lindhorst-emme-de","19":"entry","21":"first","22":"instock","23":"shipping-taxable","24":"purchasable","25":"product-type-simple"},"yoast_head":"<!-- This site is optimized with the Yoast SEO plugin v27.2 - https:\/\/yoast.com\/product\/yoast-seo-wordpress\/ -->\n<title>malenki.net | Dear Clark, | Sara-Lena Maierhofer<\/title>\n<meta name=\"description\" content=\"First edition of &#039;Dear Clark,&#039; by Sara-Lena Maierhofer at malenki.net\" \/>\n<meta name=\"robots\" content=\"index, follow, max-snippet:-1, max-image-preview:large, max-video-preview:-1\" \/>\n<link rel=\"canonical\" href=\"https:\/\/malenki.net\/de\/produkt\/dear-clark-edition-copy\/\" \/>\n<meta property=\"og:locale\" content=\"de_DE\" \/>\n<meta property=\"og:type\" content=\"article\" \/>\n<meta property=\"og:title\" content=\"malenki.net | Dear Clark, | Sara-Lena Maierhofer\" \/>\n<meta property=\"og:description\" content=\"First edition of &#039;Dear Clark,&#039; by Sara-Lena Maierhofer at malenki.net\" \/>\n<meta property=\"og:url\" content=\"https:\/\/malenki.net\/de\/produkt\/dear-clark-edition-copy\/\" \/>\n<meta property=\"og:site_name\" content=\"malenki.net\" \/>\n<meta property=\"article:publisher\" content=\"https:\/\/www.facebook.com\/malenki.editionen\/\" \/>\n<meta property=\"article:modified_time\" content=\"2026-03-29T16:37:52+00:00\" \/>\n<meta property=\"og:image\" content=\"https:\/\/malenki.net\/wp-content\/uploads\/2013\/09\/sara-lena-maierhofer-dear-clark-01.jpg\" \/>\n\t<meta property=\"og:image:width\" content=\"1024\" \/>\n\t<meta property=\"og:image:height\" content=\"819\" \/>\n\t<meta property=\"og:image:type\" content=\"image\/jpeg\" \/>\n<meta name=\"twitter:card\" content=\"summary_large_image\" \/>\n<meta name=\"twitter:label1\" content=\"Gesch\u00e4tzte Lesezeit\" \/>\n\t<meta name=\"twitter:data1\" content=\"2\u00a0Minuten\" \/>\n<script type=\"application\/ld+json\" class=\"yoast-schema-graph\">{\"@context\":\"https:\/\/schema.org\",\"@graph\":[{\"@type\":\"WebPage\",\"@id\":\"https:\/\/malenki.net\/de\/produkt\/dear-clark-edition-copy\/\",\"url\":\"https:\/\/malenki.net\/de\/produkt\/dear-clark-edition-copy\/\",\"name\":\"malenki.net | Dear Clark, | Sara-Lena Maierhofer\",\"isPartOf\":{\"@id\":\"https:\/\/malenki.net\/de\/#website\"},\"primaryImageOfPage\":{\"@id\":\"https:\/\/malenki.net\/de\/produkt\/dear-clark-edition-copy\/#primaryimage\"},\"image\":{\"@id\":\"https:\/\/malenki.net\/de\/produkt\/dear-clark-edition-copy\/#primaryimage\"},\"thumbnailUrl\":\"https:\/\/malenki.net\/wp-content\/uploads\/2013\/09\/sara-lena-maierhofer-dear-clark-01.jpg\",\"datePublished\":\"2025-12-27T14:52:14+00:00\",\"dateModified\":\"2026-03-29T16:37:52+00:00\",\"description\":\"First edition of 'Dear Clark,' by Sara-Lena Maierhofer at malenki.net\",\"breadcrumb\":{\"@id\":\"https:\/\/malenki.net\/de\/produkt\/dear-clark-edition-copy\/#breadcrumb\"},\"inLanguage\":\"de\",\"potentialAction\":[{\"@type\":\"ReadAction\",\"target\":[\"https:\/\/malenki.net\/de\/produkt\/dear-clark-edition-copy\/\"]}]},{\"@type\":\"ImageObject\",\"inLanguage\":\"de\",\"@id\":\"https:\/\/malenki.net\/de\/produkt\/dear-clark-edition-copy\/#primaryimage\",\"url\":\"https:\/\/malenki.net\/wp-content\/uploads\/2013\/09\/sara-lena-maierhofer-dear-clark-01.jpg\",\"contentUrl\":\"https:\/\/malenki.net\/wp-content\/uploads\/2013\/09\/sara-lena-maierhofer-dear-clark-01.jpg\",\"width\":1024,\"height\":819,\"caption\":\"Dear Clark, \u2014 Sara-Lena Maierhofer\"},{\"@type\":\"BreadcrumbList\",\"@id\":\"https:\/\/malenki.net\/de\/produkt\/dear-clark-edition-copy\/#breadcrumb\",\"itemListElement\":[{\"@type\":\"ListItem\",\"position\":1,\"name\":\"Home\",\"item\":\"https:\/\/malenki.net\/de\/\"},{\"@type\":\"ListItem\",\"position\":2,\"name\":\"Editionen\",\"item\":\"https:\/\/malenki.net\/de\/\"},{\"@type\":\"ListItem\",\"position\":3,\"name\":\"Dear Clark,\"}]},{\"@type\":\"WebSite\",\"@id\":\"https:\/\/malenki.net\/de\/#website\",\"url\":\"https:\/\/malenki.net\/de\/\",\"name\":\"malenki.net\",\"description\":\"Fotografie Editionen\",\"publisher\":{\"@id\":\"https:\/\/malenki.net\/de\/#organization\"},\"potentialAction\":[{\"@type\":\"SearchAction\",\"target\":{\"@type\":\"EntryPoint\",\"urlTemplate\":\"https:\/\/malenki.net\/de\/?s={search_term_string}\"},\"query-input\":{\"@type\":\"PropertyValueSpecification\",\"valueRequired\":true,\"valueName\":\"search_term_string\"}}],\"inLanguage\":\"de\"},{\"@type\":\"Organization\",\"@id\":\"https:\/\/malenki.net\/de\/#organization\",\"name\":\"malenki.net\",\"url\":\"https:\/\/malenki.net\/de\/\",\"logo\":{\"@type\":\"ImageObject\",\"inLanguage\":\"de\",\"@id\":\"https:\/\/malenki.net\/de\/#\/schema\/logo\/image\/\",\"url\":\"https:\/\/malenki.net\/wp-content\/uploads\/2023\/03\/malenki-logo-2019.gif\",\"contentUrl\":\"https:\/\/malenki.net\/wp-content\/uploads\/2023\/03\/malenki-logo-2019.gif\",\"width\":524,\"height\":138,\"caption\":\"malenki.net\"},\"image\":{\"@id\":\"https:\/\/malenki.net\/de\/#\/schema\/logo\/image\/\"},\"sameAs\":[\"https:\/\/www.facebook.com\/malenki.editionen\/\",\"https:\/\/www.instagram.com\/malenkinet\/\"]}]}<\/script>\n<!-- \/ Yoast SEO plugin. -->","yoast_head_json":{"title":"malenki.net | Dear Clark, | Sara-Lena Maierhofer","description":"First edition of 'Dear Clark,' by Sara-Lena Maierhofer at malenki.net","robots":{"index":"index","follow":"follow","max-snippet":"max-snippet:-1","max-image-preview":"max-image-preview:large","max-video-preview":"max-video-preview:-1"},"canonical":"https:\/\/malenki.net\/de\/produkt\/dear-clark-edition-copy\/","og_locale":"de_DE","og_type":"article","og_title":"malenki.net | Dear Clark, | Sara-Lena Maierhofer","og_description":"First edition of 'Dear Clark,' by Sara-Lena Maierhofer at malenki.net","og_url":"https:\/\/malenki.net\/de\/produkt\/dear-clark-edition-copy\/","og_site_name":"malenki.net","article_publisher":"https:\/\/www.facebook.com\/malenki.editionen\/","article_modified_time":"2026-03-29T16:37:52+00:00","og_image":[{"width":1024,"height":819,"url":"https:\/\/malenki.net\/wp-content\/uploads\/2013\/09\/sara-lena-maierhofer-dear-clark-01.jpg","type":"image\/jpeg"}],"twitter_card":"summary_large_image","twitter_misc":{"Gesch\u00e4tzte Lesezeit":"2\u00a0Minuten"},"schema":{"@context":"https:\/\/schema.org","@graph":[{"@type":"WebPage","@id":"https:\/\/malenki.net\/de\/produkt\/dear-clark-edition-copy\/","url":"https:\/\/malenki.net\/de\/produkt\/dear-clark-edition-copy\/","name":"malenki.net | Dear Clark, | Sara-Lena Maierhofer","isPartOf":{"@id":"https:\/\/malenki.net\/de\/#website"},"primaryImageOfPage":{"@id":"https:\/\/malenki.net\/de\/produkt\/dear-clark-edition-copy\/#primaryimage"},"image":{"@id":"https:\/\/malenki.net\/de\/produkt\/dear-clark-edition-copy\/#primaryimage"},"thumbnailUrl":"https:\/\/malenki.net\/wp-content\/uploads\/2013\/09\/sara-lena-maierhofer-dear-clark-01.jpg","datePublished":"2025-12-27T14:52:14+00:00","dateModified":"2026-03-29T16:37:52+00:00","description":"First edition of 'Dear Clark,' by Sara-Lena Maierhofer at malenki.net","breadcrumb":{"@id":"https:\/\/malenki.net\/de\/produkt\/dear-clark-edition-copy\/#breadcrumb"},"inLanguage":"de","potentialAction":[{"@type":"ReadAction","target":["https:\/\/malenki.net\/de\/produkt\/dear-clark-edition-copy\/"]}]},{"@type":"ImageObject","inLanguage":"de","@id":"https:\/\/malenki.net\/de\/produkt\/dear-clark-edition-copy\/#primaryimage","url":"https:\/\/malenki.net\/wp-content\/uploads\/2013\/09\/sara-lena-maierhofer-dear-clark-01.jpg","contentUrl":"https:\/\/malenki.net\/wp-content\/uploads\/2013\/09\/sara-lena-maierhofer-dear-clark-01.jpg","width":1024,"height":819,"caption":"Dear Clark, \u2014 Sara-Lena Maierhofer"},{"@type":"BreadcrumbList","@id":"https:\/\/malenki.net\/de\/produkt\/dear-clark-edition-copy\/#breadcrumb","itemListElement":[{"@type":"ListItem","position":1,"name":"Home","item":"https:\/\/malenki.net\/de\/"},{"@type":"ListItem","position":2,"name":"Editionen","item":"https:\/\/malenki.net\/de\/"},{"@type":"ListItem","position":3,"name":"Dear Clark,"}]},{"@type":"WebSite","@id":"https:\/\/malenki.net\/de\/#website","url":"https:\/\/malenki.net\/de\/","name":"malenki.net","description":"Fotografie Editionen","publisher":{"@id":"https:\/\/malenki.net\/de\/#organization"},"potentialAction":[{"@type":"SearchAction","target":{"@type":"EntryPoint","urlTemplate":"https:\/\/malenki.net\/de\/?s={search_term_string}"},"query-input":{"@type":"PropertyValueSpecification","valueRequired":true,"valueName":"search_term_string"}}],"inLanguage":"de"},{"@type":"Organization","@id":"https:\/\/malenki.net\/de\/#organization","name":"malenki.net","url":"https:\/\/malenki.net\/de\/","logo":{"@type":"ImageObject","inLanguage":"de","@id":"https:\/\/malenki.net\/de\/#\/schema\/logo\/image\/","url":"https:\/\/malenki.net\/wp-content\/uploads\/2023\/03\/malenki-logo-2019.gif","contentUrl":"https:\/\/malenki.net\/wp-content\/uploads\/2023\/03\/malenki-logo-2019.gif","width":524,"height":138,"caption":"malenki.net"},"image":{"@id":"https:\/\/malenki.net\/de\/#\/schema\/logo\/image\/"},"sameAs":["https:\/\/www.facebook.com\/malenki.editionen\/","https:\/\/www.instagram.com\/malenkinet\/"]}]}},"wps_subtitle":"Sara-Lena Maierhofer","_links":{"self":[{"href":"https:\/\/malenki.net\/de\/wp-json\/wp\/v2\/product\/11996","targetHints":{"allow":["GET"]}}],"collection":[{"href":"https:\/\/malenki.net\/de\/wp-json\/wp\/v2\/product"}],"about":[{"href":"https:\/\/malenki.net\/de\/wp-json\/wp\/v2\/types\/product"}],"wp:featuredmedia":[{"embeddable":true,"href":"https:\/\/malenki.net\/de\/wp-json\/wp\/v2\/media\/3884"}],"wp:attachment":[{"href":"https:\/\/malenki.net\/de\/wp-json\/wp\/v2\/media?parent=11996"}],"wp:term":[{"taxonomy":"product_brand","embeddable":true,"href":"https:\/\/malenki.net\/de\/wp-json\/wp\/v2\/product_brand?post=11996"},{"taxonomy":"product_cat","embeddable":true,"href":"https:\/\/malenki.net\/de\/wp-json\/wp\/v2\/product_cat?post=11996"},{"taxonomy":"product_tag","embeddable":true,"href":"https:\/\/malenki.net\/de\/wp-json\/wp\/v2\/product_tag?post=11996"}],"curies":[{"name":"wp","href":"https:\/\/api.w.org\/{rel}","templated":true}]}}